{"id":23542,"date":"2025-04-13T17:39:57","date_gmt":"2025-04-13T17:39:57","guid":{"rendered":"https:\/\/onderzoekschemicals.com\/?post_type=product&#038;p=23542"},"modified":"2025-10-19T15:41:30","modified_gmt":"2025-10-19T15:41:30","slug":"4-ho-mipt-fumarate-2","status":"publish","type":"product","link":"https:\/\/onderzoekschemicals.com\/pt\/shop\/mipt\/4-ho-mipt-fumarate-2\/","title":{"rendered":"Fumarato de MiPT (N-metil-N-isopropiltriptamina)"},"content":{"rendered":"<h1><strong><span dir=\"auto\" style=\"vertical-align: inherit;\"><span dir=\"auto\" style=\"vertical-align: inherit;\">Fumarato de MiPT \u2013 N-metil-N-isopropiltriptamina, subst\u00e2ncia de pesquisa com pureza verificada por HPLC<\/span><\/span><\/strong><\/h1>\n<p data-start=\"3772\" data-end=\"3958\"><strong data-start=\"3772\" data-end=\"3822\">Fumarato de MiPT (N-Metil-N-Isopropiltriptamina)<\/strong> \u00e9 um <strong data-start=\"3830\" data-end=\"3872\">composto de pesquisa de alta pureza<\/strong>, desenvolvido para <strong data-start=\"3890\" data-end=\"3955\">pesquisa neurocient\u00edfica, farmacol\u00f3gica e anal\u00edtica<\/strong>. 4-ho-mipt fumarato<\/p>\n<p data-start=\"3960\" data-end=\"4167\">O MiPT pertence ao <strong data-start=\"3980\" data-end=\"4000\">classe de triptamina<\/strong>, relacionado a <strong data-start=\"4014\" data-end=\"4021\">DMT<\/strong> e <strong data-start=\"4025\" data-end=\"4032\">DE<\/strong>, e \u00e9 frequentemente investigado em conex\u00e3o com <strong data-start=\"4074\" data-end=\"4118\">receptores de serotonina (5-HT2A e 5-HT1A)<\/strong> e <strong data-start=\"4122\" data-end=\"4164\">rela\u00e7\u00f5es estrutura-atividade (SAR)<\/strong>.<\/p>\n<p data-start=\"4169\" data-end=\"4359\">O <strong data-start=\"4172\" data-end=\"4192\">forma de sal de fumarato<\/strong> ofertas <strong data-start=\"4199\" data-end=\"4253\">melhor estabilidade, solubilidade e facilidade de uso<\/strong>, o que \u00e9 essencial para pesquisas precisas e de longo prazo em condi\u00e7\u00f5es controladas de laborat\u00f3rio.<\/p>\n<blockquote data-start=\"4361\" data-end=\"4512\">\n<p data-start=\"4363\" data-end=\"4512\">\u26a0\ufe0f <strong data-start=\"4366\" data-end=\"4377\">OBS:<\/strong> Este produto \u00e9 <strong data-start=\"4393\" data-end=\"4448\">destinado apenas \u00e0 pesquisa cient\u00edfica<\/strong> e <strong data-start=\"4452\" data-end=\"4509\">n\u00e3o \u00e9 adequado para consumo humano ou animal<\/strong>.<\/p>\n<\/blockquote>\n<hr data-start=\"4514\" data-end=\"4517\" \/>\n<h3 data-start=\"4519\" data-end=\"4550\"><strong data-start=\"4523\" data-end=\"4550\">Principais caracter\u00edsticas<\/strong><\/h3>\n<ul data-start=\"4551\" data-end=\"4977\">\n<li data-start=\"4551\" data-end=\"4646\">\n<p data-start=\"4553\" data-end=\"4646\"><strong data-start=\"4553\" data-end=\"4579\">Alta Pureza (\u226599%)<\/strong> \u2013 Testado em laborat\u00f3rio para identidade e composi\u00e7\u00e3o qu\u00edmica.<\/p>\n<\/li>\n<li data-start=\"4647\" data-end=\"4726\">\n<p data-start=\"4649\" data-end=\"4726\"><strong data-start=\"4649\" data-end=\"4678\">Forma de sal de fumarato est\u00e1vel<\/strong> \u2013 Aumenta a vida \u00fatil e a estabilidade de armazenamento.<\/p>\n<\/li>\n<li data-start=\"4727\" data-end=\"4814\">\n<p data-start=\"4729\" data-end=\"4814\"><strong data-start=\"4729\" data-end=\"4768\">Padr\u00e3o de Pesquisa Farmacol\u00f3gica<\/strong> \u2013 Adequado para pesquisa de receptores e SAR.<\/p>\n<\/li>\n<li data-start=\"4815\" data-end=\"4888\">\n<p data-start=\"4817\" data-end=\"4888\"><strong data-start=\"4817\" data-end=\"4842\">Produ\u00e7\u00e3o semelhante a GMP<\/strong> \u2013 Qualidade e confiabilidade consistentes.<\/p>\n<\/li>\n<li data-start=\"4889\" data-end=\"4977\">\n<p data-start=\"4891\" data-end=\"4977\"><strong data-start=\"4891\" data-end=\"4913\">Embalagem Segura<\/strong> \u2013 Embalado hermeticamente e \u00e0 prova de luz para m\u00e1xima prote\u00e7\u00e3o.<\/p>\n<\/li>\n<\/ul>\n<hr data-start=\"4979\" data-end=\"4982\" \/>\n<h3 data-start=\"4984\" data-end=\"5001\"><strong data-start=\"4988\" data-end=\"5001\">Vantagens<\/strong><\/h3>\n<ul data-start=\"5002\" data-end=\"5287\">\n<li data-start=\"5002\" data-end=\"5082\">\n<p data-start=\"5004\" data-end=\"5082\">Suportes <strong data-start=\"5016\" data-end=\"5079\">pesquisa sobre receptores de serotonina e an\u00e1logos de triptamina<\/strong>.<\/p>\n<\/li>\n<li data-start=\"5083\" data-end=\"5159\">\n<p data-start=\"5085\" data-end=\"5159\"><strong data-start=\"5085\" data-end=\"5130\">Resultados precisos e reproduz\u00edveis<\/strong> em testes de laborat\u00f3rio. 4-ho-mipt fumarato<\/p>\n<\/li>\n<li data-start=\"5160\" data-end=\"5215\">\n<p data-start=\"5162\" data-end=\"5215\"><strong data-start=\"5162\" data-end=\"5188\">Estabilidade melhorada<\/strong> e maior prazo de validade.<\/p>\n<\/li>\n<li data-start=\"5216\" data-end=\"5287\">\n<p data-start=\"5218\" data-end=\"5287\">Ideal para <strong data-start=\"5230\" data-end=\"5284\">pesquisa acad\u00eamica, farmacol\u00f3gica e anal\u00edtica<\/strong>.<\/p>\n<\/li>\n<\/ul>\n<hr data-start=\"5289\" data-end=\"5292\" \/>\n<h3 data-start=\"5294\" data-end=\"5309\"><strong data-start=\"5298\" data-end=\"5309\">Uso<\/strong><\/h3>\n<ul data-start=\"5310\" data-end=\"5581\">\n<li data-start=\"5310\" data-end=\"5380\">\n<p data-start=\"5312\" data-end=\"5380\">Somente para ser usado por <strong data-start=\"5337\" data-end=\"5377\">pessoal de laborat\u00f3rio qualificado<\/strong>.<\/p>\n<\/li>\n<li data-start=\"5381\" data-end=\"5457\">\n<p data-start=\"5383\" data-end=\"5457\">Use adequado <strong data-start=\"5401\" data-end=\"5425\">equipamento de prote\u00e7\u00e3o<\/strong> (luvas, \u00f3culos de prote\u00e7\u00e3o, jaleco).<\/p>\n<\/li>\n<li data-start=\"5458\" data-end=\"5522\">\n<p data-start=\"5460\" data-end=\"5522\">Economize em um <strong data-start=\"5475\" data-end=\"5509\">local fresco, seco e escuro<\/strong> (15\u201325\u00b0C).<\/p>\n<\/li>\n<li data-start=\"5523\" data-end=\"5581\">\n<p data-start=\"5525\" data-end=\"5581\">N\u00e3o \u00e9 adequado para consumo humano ou animal.<\/p>\n<\/li>\n<\/ul>\n<hr data-start=\"5583\" data-end=\"5586\" \/>\n<h3 data-start=\"5588\" data-end=\"5623\"><strong data-start=\"5592\" data-end=\"5623\">Perguntas Frequentes (FAQ&#039;s)<\/strong><\/h3>\n<p data-start=\"5625\" data-end=\"5811\"><strong data-start=\"5625\" data-end=\"5670\">1. Para que \u00e9 usado o Fumarato de MiPT?<\/strong><br data-start=\"5670\" data-end=\"5673\" \/>O fumarato de MiPT \u00e9 usado em <strong data-start=\"5705\" data-end=\"5758\">pesquisa neurocient\u00edfica e farmacol\u00f3gica<\/strong> aos an\u00e1logos da triptamina e aos receptores de serotonina.<\/p>\n<p data-start=\"5813\" data-end=\"5989\"><strong data-start=\"5813\" data-end=\"5867\">2. O Fumarato de MiPT \u00e9 seguro para uso humano?<\/strong><br data-start=\"5867\" data-end=\"5870\" \/>N\u00e3o. Este produto \u00e9 <strong data-start=\"5890\" data-end=\"5939\">destinado apenas para fins de pesquisa<\/strong> e n\u00e3o aprovado para consumo humano.<\/p>\n<p data-start=\"5991\" data-end=\"6165\"><strong data-start=\"5991\" data-end=\"6036\">3. Como o Fumarato de MiPT deve ser armazenado?<\/strong><br data-start=\"6036\" data-end=\"6039\" \/>Armazene em um <strong data-start=\"6054\" data-end=\"6084\">embalagem bem fechada<\/strong> em temperatura ambiente (15\u201325\u00b0C), protegido da umidade, calor e luz direta.<\/p>","protected":false},"excerpt":{"rendered":"<h3><span dir=\"auto\" style=\"vertical-align: inherit;\"><span dir=\"auto\" style=\"vertical-align: inherit;\">MiPT fumarate properties<\/span><\/span><\/h3>\n<p><strong><span dir=\"auto\" style=\"vertical-align: inherit;\"><span dir=\"auto\" style=\"vertical-align: inherit;\">Synonym:<\/span><\/span><\/strong><span dir=\"auto\" style=\"vertical-align: inherit;\"><span dir=\"auto\" style=\"vertical-align: inherit;\"> N-methyl-N-isopropyltryptamine fumarate <\/span><\/span><br \/>\n<strong><span dir=\"auto\" style=\"vertical-align: inherit;\"><span dir=\"auto\" style=\"vertical-align: inherit;\">CAS Number:<\/span><\/span><\/strong><span dir=\"auto\" style=\"vertical-align: inherit;\"><span dir=\"auto\" style=\"vertical-align: inherit;\"> 96096-52-5 <\/span><\/span><br \/>\n<strong><span dir=\"auto\" style=\"vertical-align: inherit;\"><span dir=\"auto\" style=\"vertical-align: inherit;\">Formula:<\/span><\/span><\/strong><span dir=\"auto\" style=\"vertical-align: inherit;\"><span dir=\"auto\" style=\"vertical-align: inherit;\"> 3-[2-(methyl(isopropyl)amino)ethyl]-1H-indole fumarate <\/span><\/span><br \/>\n<strong><span dir=\"auto\" style=\"vertical-align: inherit;\"><span dir=\"auto\" style=\"vertical-align: inherit;\">Molar mass:<\/span><\/span><\/strong><span dir=\"auto\" style=\"vertical-align: inherit;\"><span dir=\"auto\" style=\"vertical-align: inherit;\"> 332.4 g\/mol <\/span><\/span><br \/>\n<strong><span dir=\"auto\" style=\"vertical-align: inherit;\"><span dir=\"auto\" style=\"vertical-align: inherit;\">Purity:<\/span><\/span><\/strong><span dir=\"auto\" style=\"vertical-align: inherit;\"><span dir=\"auto\" style=\"vertical-align: inherit;\"> &gt;97%<\/span><\/span><\/p>\n","protected":false},"featured_media":20442,"comment_status":"closed","ping_status":"closed","template":"","meta":[],"product_brand":[],"product_cat":[507,381],"product_tag":[1156,1157,326],"class_list":{"0":"post-23542","1":"product","2":"type-product","3":"status-publish","4":"has-post-thumbnail","6":"product_cat-mipt","7":"product_cat-tryptamines","8":"product_tag-4-ho-mipt-fumarate","9":"product_tag-4-ho-mipt-fumarate-kopen","10":"product_tag-nl","12":"first","13":"instock","14":"taxable","15":"shipping-taxable","16":"purchasable","17":"product-type-variable"},"_links":{"self":[{"href":"https:\/\/onderzoekschemicals.com\/pt\/wp-json\/wp\/v2\/product\/23542","targetHints":{"allow":["GET"]}}],"collection":[{"href":"https:\/\/onderzoekschemicals.com\/pt\/wp-json\/wp\/v2\/product"}],"about":[{"href":"https:\/\/onderzoekschemicals.com\/pt\/wp-json\/wp\/v2\/types\/product"}],"replies":[{"embeddable":true,"href":"https:\/\/onderzoekschemicals.com\/pt\/wp-json\/wp\/v2\/comments?post=23542"}],"version-history":[{"count":4,"href":"https:\/\/onderzoekschemicals.com\/pt\/wp-json\/wp\/v2\/product\/23542\/revisions"}],"predecessor-version":[{"id":28019,"href":"https:\/\/onderzoekschemicals.com\/pt\/wp-json\/wp\/v2\/product\/23542\/revisions\/28019"}],"wp:featuredmedia":[{"embeddable":true,"href":"https:\/\/onderzoekschemicals.com\/pt\/wp-json\/wp\/v2\/media\/20442"}],"wp:attachment":[{"href":"https:\/\/onderzoekschemicals.com\/pt\/wp-json\/wp\/v2\/media?parent=23542"}],"wp:term":[{"taxonomy":"product_brand","embeddable":true,"href":"https:\/\/onderzoekschemicals.com\/pt\/wp-json\/wp\/v2\/product_brand?post=23542"},{"taxonomy":"product_cat","embeddable":true,"href":"https:\/\/onderzoekschemicals.com\/pt\/wp-json\/wp\/v2\/product_cat?post=23542"},{"taxonomy":"product_tag","embeddable":true,"href":"https:\/\/onderzoekschemicals.com\/pt\/wp-json\/wp\/v2\/product_tag?post=23542"}],"curies":[{"name":"wp","href":"https:\/\/api.w.org\/{rel}","templated":true}]}}