{"id":23141,"date":"2025-04-13T17:39:14","date_gmt":"2025-04-13T17:39:14","guid":{"rendered":"https:\/\/onderzoekschemicals.com\/?post_type=product&#038;p=23141"},"modified":"2025-11-28T21:07:08","modified_gmt":"2025-11-28T21:07:08","slug":"noopept-puur","status":"publish","type":"product","link":"https:\/\/onderzoekschemicals.com\/pt\/shop\/noopept\/noopept-puur\/","title":{"rendered":"Noopept Puro"},"content":{"rendered":"<h1><strong><span dir=\"auto\" style=\"vertical-align: inherit;\"><span dir=\"auto\" style=\"vertical-align: inherit;\">Noopept Pure \u2013 Nootr\u00f3pico Avan\u00e7ado para Pesquisa Cient\u00edfica<\/span><\/span><\/strong><\/h1>\n<h2><strong><span dir=\"auto\" style=\"vertical-align: inherit;\"><span dir=\"auto\" style=\"vertical-align: inherit;\">Introdu\u00e7\u00e3o ao Noopept<\/span><\/span><\/strong><\/h2>\n<p><span dir=\"auto\" style=\"vertical-align: inherit;\"><span dir=\"auto\" style=\"vertical-align: inherit;\">Noopept (\u00e9ster et\u00edlico de N-fenilacetil-L-prolilglicina) \u00e9 um nootr\u00f3pico sint\u00e9tico semelhante a um pept\u00eddeo, pertencente \u00e0 fam\u00edlia dos racetams. Esta forma altamente purificada foi desenvolvida para pesquisas sobre aprimoramento cognitivo e processos neuroprotetores. <\/span><\/span><a title=\"1cP-LSD 150 MCG Art Blotters\" href=\"https:\/\/onderzoekschemicals.com\/pt\/shop\/lysergamides\/1cp-lsd\/\" target=\"_blank\" rel=\"noopener\"><span dir=\"auto\" style=\"vertical-align: inherit;\"><span dir=\"auto\" style=\"vertical-align: inherit;\">1cP-LSD 150 MCG Art Blotters<\/span><\/span><\/a><\/p>\n<h2><strong><span dir=\"auto\" style=\"vertical-align: inherit;\"><span dir=\"auto\" style=\"vertical-align: inherit;\">Caracter\u00edsticas de qualidade<\/span><\/span><\/strong><\/h2>\n<ul>\n<li><strong><span dir=\"auto\" style=\"vertical-align: inherit;\"><span dir=\"auto\" style=\"vertical-align: inherit;\">Pureza<\/span><\/span><\/strong><span dir=\"auto\" style=\"vertical-align: inherit;\"><span dir=\"auto\" style=\"vertical-align: inherit;\"> : \u226599% (verificado por HPLC)<\/span><\/span><\/li>\n<li><strong><span dir=\"auto\" style=\"vertical-align: inherit;\"><span dir=\"auto\" style=\"vertical-align: inherit;\">Estrutura cristalina<\/span><\/span><\/strong><span dir=\"auto\" style=\"vertical-align: inherit;\"><span dir=\"auto\" style=\"vertical-align: inherit;\"> Est\u00e1vel quando armazenado corretamente.<\/span><\/span><\/li>\n<li><strong><span dir=\"auto\" style=\"vertical-align: inherit;\"><span dir=\"auto\" style=\"vertical-align: inherit;\">Amplamente aplic\u00e1vel<\/span><\/span><\/strong><span dir=\"auto\" style=\"vertical-align: inherit;\"><span dir=\"auto\" style=\"vertical-align: inherit;\"> Sol\u00favel em \u00e1gua e solventes org\u00e2nicos.<\/span><\/span><\/li>\n<li><strong><span dir=\"auto\" style=\"vertical-align: inherit;\"><span dir=\"auto\" style=\"vertical-align: inherit;\">Entrada em lote<\/span><\/span><\/strong><span dir=\"auto\" style=\"vertical-align: inherit;\"><span dir=\"auto\" style=\"vertical-align: inherit;\"> C\u00f3digo de qualidade validado por produ\u00e7\u00e3o.<\/span><\/span><\/li>\n<\/ul>\n<h2><strong><span dir=\"auto\" style=\"vertical-align: inherit;\"><span dir=\"auto\" style=\"vertical-align: inherit;\">Propriedades Farmacol\u00f3gicas<\/span><\/span><\/strong><\/h2>\n<ul>\n<li><strong><span dir=\"auto\" style=\"vertical-align: inherit;\"><span dir=\"auto\" style=\"vertical-align: inherit;\">Neuroprotetor<\/span><\/span><\/strong><span dir=\"auto\" style=\"vertical-align: inherit;\"><span dir=\"auto\" style=\"vertical-align: inherit;\"> Aumento da resist\u00eancia ao estresse oxidativo<\/span><\/span><\/li>\n<li><strong><span dir=\"auto\" style=\"vertical-align: inherit;\"><span dir=\"auto\" style=\"vertical-align: inherit;\">Estimula\u00e7\u00e3o Cognitiva<\/span><\/span><\/strong><span dir=\"auto\" style=\"vertical-align: inherit;\"><span dir=\"auto\" style=\"vertical-align: inherit;\"> Melhoria dos processos de aprendizagem e memoriza\u00e7\u00e3o<\/span><\/span><\/li>\n<li><strong><span dir=\"auto\" style=\"vertical-align: inherit;\"><span dir=\"auto\" style=\"vertical-align: inherit;\">Neurotr\u00f3fico<\/span><\/span><\/strong><span dir=\"auto\" style=\"vertical-align: inherit;\"><span dir=\"auto\" style=\"vertical-align: inherit;\"> Estimula\u00e7\u00e3o da express\u00e3o de NGF e BDNF<\/span><\/span><\/li>\n<li><strong><span dir=\"auto\" style=\"vertical-align: inherit;\"><span dir=\"auto\" style=\"vertical-align: inherit;\">Eficaz em baixas doses<\/span><\/span><\/strong><span dir=\"auto\" style=\"vertical-align: inherit;\"><span dir=\"auto\" style=\"vertical-align: inherit;\"> : Faixa nanomolar. <\/span><\/span><a title=\"Pellets de O-DSMT 50 mg\" href=\"https:\/\/onderzoekschemicals.com\/pt\/shop\/pellets\/o-dsmt-50mg-pellets\/\" target=\"_blank\" rel=\"noopener\"><span dir=\"auto\" style=\"vertical-align: inherit;\"><span dir=\"auto\" style=\"vertical-align: inherit;\">Pellets de O-DSMT 50 mg<\/span><\/span><\/a><\/li>\n<\/ul>\n<h2><strong><span dir=\"auto\" style=\"vertical-align: inherit;\"><span dir=\"auto\" style=\"vertical-align: inherit;\">Aplica\u00e7\u00f5es de pesquisa<\/span><\/span><\/strong><\/h2>\n<ol>\n<li><strong><span dir=\"auto\" style=\"vertical-align: inherit;\"><span dir=\"auto\" style=\"vertical-align: inherit;\">pesquisa neuroqu\u00edmica<\/span><\/span><\/strong>\n<ul>\n<li><span dir=\"auto\" style=\"vertical-align: inherit;\"><span dir=\"auto\" style=\"vertical-align: inherit;\">Modula\u00e7\u00e3o dos receptores de glutamato<\/span><\/span><\/li>\n<li><span dir=\"auto\" style=\"vertical-align: inherit;\"><span dir=\"auto\" style=\"vertical-align: inherit;\">Transmiss\u00e3o dependente de acetilcolina<\/span><\/span><\/li>\n<li><span dir=\"auto\" style=\"vertical-align: inherit;\"><span dir=\"auto\" style=\"vertical-align: inherit;\">Neuroplasticidade<\/span><\/span><\/li>\n<\/ul>\n<\/li>\n<li><strong><span dir=\"auto\" style=\"vertical-align: inherit;\"><span dir=\"auto\" style=\"vertical-align: inherit;\">Neuroci\u00eancia comportamental<\/span><\/span><\/strong>\n<ul>\n<li><span dir=\"auto\" style=\"vertical-align: inherit;\"><span dir=\"auto\" style=\"vertical-align: inherit;\">Testes de mem\u00f3ria e aprendizagem<\/span><\/span><\/li>\n<li><span dir=\"auto\" style=\"vertical-align: inherit;\"><span dir=\"auto\" style=\"vertical-align: inherit;\">Flexibilidade cognitiva<\/span><\/span><\/li>\n<\/ul>\n<\/li>\n<li><strong><span dir=\"auto\" style=\"vertical-align: inherit;\"><span dir=\"auto\" style=\"vertical-align: inherit;\">Neuroprote\u00e7\u00e3o<\/span><\/span><\/strong>\n<ul>\n<li><span dir=\"auto\" style=\"vertical-align: inherit;\"><span dir=\"auto\" style=\"vertical-align: inherit;\">Modelos de isquemia e reperfus\u00e3o<\/span><\/span><\/li>\n<li><span dir=\"auto\" style=\"vertical-align: inherit;\"><span dir=\"auto\" style=\"vertical-align: inherit;\">Processos degenerativos<\/span><\/span><\/li>\n<\/ul>\n<\/li>\n<\/ol>\n<h2><strong><span dir=\"auto\" style=\"vertical-align: inherit;\"><span dir=\"auto\" style=\"vertical-align: inherit;\">Especifica\u00e7\u00f5es t\u00e9cnicas <\/span><\/span><\/strong><strong><span dir=\"auto\" style=\"vertical-align: inherit;\"><span dir=\"auto\" style=\"vertical-align: inherit;\">Noopept Puro<\/span><\/span><\/strong><\/h2>\n<ul>\n<li><span dir=\"auto\" style=\"vertical-align: inherit;\"><span dir=\"auto\" style=\"vertical-align: inherit;\">F\u00f3rmula molecular: C17H22N2O4<\/span><\/span><\/li>\n<li><span dir=\"auto\" style=\"vertical-align: inherit;\"><span dir=\"auto\" style=\"vertical-align: inherit;\">Peso molecular: 318,37 g\/mol<\/span><\/span><\/li>\n<li><span dir=\"auto\" style=\"vertical-align: inherit;\"><span dir=\"auto\" style=\"vertical-align: inherit;\">Forma: p\u00f3 cristalino branco<\/span><\/span><\/li>\n<li><span dir=\"auto\" style=\"vertical-align: inherit;\"><span dir=\"auto\" style=\"vertical-align: inherit;\">Solubilidade: 50 mg\/ml (em \u00e1gua)<\/span><\/span><\/li>\n<li><span dir=\"auto\" style=\"vertical-align: inherit;\"><span dir=\"auto\" style=\"vertical-align: inherit;\">Ponto de fus\u00e3o: 202\u2013205\u00b0C<\/span><\/span><\/li>\n<li><span dir=\"auto\" style=\"vertical-align: inherit;\"><span dir=\"auto\" style=\"vertical-align: inherit;\">pH (solu\u00e7\u00e3o 1%): 6,0\u20137,0<\/span><\/span><\/li>\n<\/ul>\n<h2><strong><span dir=\"auto\" style=\"vertical-align: inherit;\"><span dir=\"auto\" style=\"vertical-align: inherit;\">Dosagem de pesquisa<\/span><\/span><\/strong><\/h2>\n<p><em><span dir=\"auto\" style=\"vertical-align: inherit;\"><span dir=\"auto\" style=\"vertical-align: inherit;\">Apenas para fins de pesquisa:<\/span><\/span><\/em><\/p>\n<ul>\n<li><strong><span dir=\"auto\" style=\"vertical-align: inherit;\"><span dir=\"auto\" style=\"vertical-align: inherit;\">Em vitro<\/span><\/span><\/strong><span dir=\"auto\" style=\"vertical-align: inherit;\"><span dir=\"auto\" style=\"vertical-align: inherit;\"> : 0,1\u201310 \u03bcM<\/span><\/span><\/li>\n<li><strong><span dir=\"auto\" style=\"vertical-align: inherit;\"><span dir=\"auto\" style=\"vertical-align: inherit;\">Pr\u00e9-cl\u00ednico in vivo<\/span><\/span><\/strong><span dir=\"auto\" style=\"vertical-align: inherit;\"><span dir=\"auto\" style=\"vertical-align: inherit;\"> : 0,1\u20131,0 mg\/kg<\/span><\/span><\/li>\n<li><strong><span dir=\"auto\" style=\"vertical-align: inherit;\"><span dir=\"auto\" style=\"vertical-align: inherit;\">Estudos comportamentais<\/span><\/span><\/strong><span dir=\"auto\" style=\"vertical-align: inherit;\"><span dir=\"auto\" style=\"vertical-align: inherit;\"> : 0,3\u20133,0 mg\/kg<\/span><\/span><\/li>\n<\/ul>\n<h2><strong><span dir=\"auto\" style=\"vertical-align: inherit;\"><span dir=\"auto\" style=\"vertical-align: inherit;\">Armazenamento e seguran\u00e7a<\/span><\/span><\/strong><\/h2>\n<ul>\n<li><span dir=\"auto\" style=\"vertical-align: inherit;\"><span dir=\"auto\" style=\"vertical-align: inherit;\">Armazenamento: local fresco, seco e escuro (\u226425\u00b0C)<\/span><\/span><\/li>\n<li><span dir=\"auto\" style=\"vertical-align: inherit;\"><span dir=\"auto\" style=\"vertical-align: inherit;\">Validade: 36 meses<\/span><\/span><\/li>\n<li><span dir=\"auto\" style=\"vertical-align: inherit;\"><span dir=\"auto\" style=\"vertical-align: inherit;\">Compat\u00edvel com solu\u00e7\u00f5es tamp\u00e3o padr\u00e3o de laborat\u00f3rio.<\/span><\/span><\/li>\n<li><span dir=\"auto\" style=\"vertical-align: inherit;\"><span dir=\"auto\" style=\"vertical-align: inherit;\">Utilizar de acordo com as diretrizes padr\u00e3o de seguran\u00e7a laboratorial.<\/span><\/span><\/li>\n<\/ul>\n<h2><strong><span dir=\"auto\" style=\"vertical-align: inherit;\"><span dir=\"auto\" style=\"vertical-align: inherit;\">Documenta\u00e7\u00e3o com Entrega <\/span><\/span><\/strong><strong><span dir=\"auto\" style=\"vertical-align: inherit;\"><span dir=\"auto\" style=\"vertical-align: inherit;\">Noopept Puro<\/span><\/span><\/strong><\/h2>\n<ul>\n<li><span dir=\"auto\" style=\"vertical-align: inherit;\"><span dir=\"auto\" style=\"vertical-align: inherit;\">COA (certificado anal\u00edtico)<\/span><\/span><\/li>\n<li><span dir=\"auto\" style=\"vertical-align: inherit;\"><span dir=\"auto\" style=\"vertical-align: inherit;\">Ficha de Dados de Seguran\u00e7a (FDS)<\/span><\/span><\/li>\n<li><span dir=\"auto\" style=\"vertical-align: inherit;\"><span dir=\"auto\" style=\"vertical-align: inherit;\">Ficha t\u00e9cnica<\/span><\/span><\/li>\n<li><span dir=\"auto\" style=\"vertical-align: inherit;\"><span dir=\"auto\" style=\"vertical-align: inherit;\">Dados de refer\u00eancia: HPLC, MS<\/span><\/span><\/li>\n<\/ul>\n<p><em><span dir=\"auto\" style=\"vertical-align: inherit;\"><span dir=\"auto\" style=\"vertical-align: inherit;\">Para uso exclusivo em pesquisa cient\u00edfica autorizada. N\u00e3o destinado ao consumo humano ou animal. <\/span><\/span><a title=\"1V-LSD 150 MCG Blotters\" href=\"https:\/\/onderzoekschemicals.com\/pt\/shop\/lysergamides\/1vlsd\/\" target=\"_blank\" rel=\"noopener\"><span dir=\"auto\" style=\"vertical-align: inherit;\"><span dir=\"auto\" style=\"vertical-align: inherit;\">1V-LSD 150 MCG Blotters<\/span><\/span><\/a><\/em><\/p>","protected":false},"excerpt":{"rendered":"<h2><span style=\"vertical-align: inherit;\"><span style=\"vertical-align: inherit;\"><span dir=\"auto\" style=\"vertical-align: inherit;\"><span dir=\"auto\" style=\"vertical-align: inherit;\">Propriedades do Noopept<\/span><\/span><\/span><\/span><\/h2>\n<p><strong><span style=\"vertical-align: inherit;\"><span style=\"vertical-align: inherit;\"><span dir=\"auto\" style=\"vertical-align: inherit;\"><span dir=\"auto\" style=\"vertical-align: inherit;\">Sin\u00f4nimo<\/span><\/span><\/span><\/span><\/strong><span style=\"vertical-align: inherit;\"><span style=\"vertical-align: inherit;\"><span dir=\"auto\" style=\"vertical-align: inherit;\"><span dir=\"auto\" style=\"vertical-align: inherit;\"> : \u00c9ster et\u00edlico de N-fenilacetil-Lprolilglicina. <\/span><\/span><\/span><\/span><br \/>\n<strong><span style=\"vertical-align: inherit;\"><span style=\"vertical-align: inherit;\"><span dir=\"auto\" style=\"vertical-align: inherit;\"><span dir=\"auto\" style=\"vertical-align: inherit;\">CAS<\/span><\/span><\/span><\/span><\/strong><span style=\"vertical-align: inherit;\"><span style=\"vertical-align: inherit;\"><span dir=\"auto\" style=\"vertical-align: inherit;\"><span dir=\"auto\" style=\"vertical-align: inherit;\"> N\u00famero: 157115-85-0 <\/span><\/span><\/span><\/span><br \/>\n<strong><span style=\"vertical-align: inherit;\"><span style=\"vertical-align: inherit;\"><span dir=\"auto\" style=\"vertical-align: inherit;\"><span dir=\"auto\" style=\"vertical-align: inherit;\">F\u00f3rmula<\/span><\/span><\/span><\/span><\/strong><span style=\"vertical-align: inherit;\"><span style=\"vertical-align: inherit;\"><span dir=\"auto\" style=\"vertical-align: inherit;\"><span dir=\"auto\" style=\"vertical-align: inherit;\"> : C17H22N2O4 <\/span><\/span><\/span><\/span><br \/>\n<strong><span style=\"vertical-align: inherit;\"><span style=\"vertical-align: inherit;\"><span dir=\"auto\" style=\"vertical-align: inherit;\"><span dir=\"auto\" style=\"vertical-align: inherit;\">Massa molar<\/span><\/span><\/span><\/span><\/strong><span style=\"vertical-align: inherit;\"><span style=\"vertical-align: inherit;\"><span dir=\"auto\" style=\"vertical-align: inherit;\"><span dir=\"auto\" style=\"vertical-align: inherit;\"> : 318,4 g\/mol <\/span><\/span><\/span><\/span><br \/>\n<strong><span style=\"vertical-align: inherit;\"><span style=\"vertical-align: inherit;\"><span dir=\"auto\" style=\"vertical-align: inherit;\"><span dir=\"auto\" style=\"vertical-align: inherit;\">Pureza<\/span><\/span><\/span><\/span><\/strong><span style=\"vertical-align: inherit;\"><span style=\"vertical-align: inherit;\"><span dir=\"auto\" style=\"vertical-align: inherit;\"><span dir=\"auto\" style=\"vertical-align: inherit;\"> : \u226599,3%<\/span><\/span><\/span><\/span><\/p>","protected":false},"featured_media":29387,"comment_status":"closed","ping_status":"closed","template":"","meta":[],"product_brand":[82],"product_cat":[481,330],"product_tag":[326,1216],"class_list":{"0":"post-23141","1":"product","2":"type-product","3":"status-publish","4":"has-post-thumbnail","6":"product_brand-research-chemical","7":"product_cat-noopept","8":"product_cat-nootropics","9":"product_tag-nl","10":"product_tag-noopept-puur","12":"first","13":"instock","14":"taxable","15":"shipping-taxable","16":"purchasable","17":"product-type-variable"},"_links":{"self":[{"href":"https:\/\/onderzoekschemicals.com\/pt\/wp-json\/wp\/v2\/product\/23141","targetHints":{"allow":["GET"]}}],"collection":[{"href":"https:\/\/onderzoekschemicals.com\/pt\/wp-json\/wp\/v2\/product"}],"about":[{"href":"https:\/\/onderzoekschemicals.com\/pt\/wp-json\/wp\/v2\/types\/product"}],"replies":[{"embeddable":true,"href":"https:\/\/onderzoekschemicals.com\/pt\/wp-json\/wp\/v2\/comments?post=23141"}],"version-history":[{"count":6,"href":"https:\/\/onderzoekschemicals.com\/pt\/wp-json\/wp\/v2\/product\/23141\/revisions"}],"predecessor-version":[{"id":28763,"href":"https:\/\/onderzoekschemicals.com\/pt\/wp-json\/wp\/v2\/product\/23141\/revisions\/28763"}],"wp:featuredmedia":[{"embeddable":true,"href":"https:\/\/onderzoekschemicals.com\/pt\/wp-json\/wp\/v2\/media\/29387"}],"wp:attachment":[{"href":"https:\/\/onderzoekschemicals.com\/pt\/wp-json\/wp\/v2\/media?parent=23141"}],"wp:term":[{"taxonomy":"product_brand","embeddable":true,"href":"https:\/\/onderzoekschemicals.com\/pt\/wp-json\/wp\/v2\/product_brand?post=23141"},{"taxonomy":"product_cat","embeddable":true,"href":"https:\/\/onderzoekschemicals.com\/pt\/wp-json\/wp\/v2\/product_cat?post=23141"},{"taxonomy":"product_tag","embeddable":true,"href":"https:\/\/onderzoekschemicals.com\/pt\/wp-json\/wp\/v2\/product_tag?post=23141"}],"curies":[{"name":"wp","href":"https:\/\/api.w.org\/{rel}","templated":true}]}}