{"id":27220,"date":"2025-08-14T11:24:18","date_gmt":"2025-08-14T11:24:18","guid":{"rendered":"https:\/\/onderzoekschemicals.com\/?page_id=27220"},"modified":"2025-10-11T17:55:59","modified_gmt":"2025-10-11T17:55:59","slug":"bestellen-en-levering-2","status":"publish","type":"page","link":"https:\/\/onderzoekschemicals.com\/pt\/bestellen-en-levering-2\/","title":{"rendered":"Encomenda e entrega"},"content":{"rendered":"<p><strong>Informa\u00e7\u00f5es do pedido<\/strong><br>Ap\u00f3s fazer um pedido atrav\u00e9s do nosso site, voc\u00ea receber\u00e1 imediatamente um e-mail de confirma\u00e7\u00e3o. Isso pode acabar na sua caixa de spam, ent\u00e3o verifique se n\u00e3o recebeu uma confirma\u00e7\u00e3o na sua caixa de entrada. No e-mail de confirma\u00e7\u00e3o, voc\u00ea encontrar\u00e1 o n\u00famero do seu pedido, que pode ser usado para rastrear o status do seu pedido. Assim que seu pedido for enviado, voc\u00ea receber\u00e1 um n\u00famero de rastreamento por e-mail. Observe que esse processo pode demorar um pouco mais durante o fim de semana. Caso voc\u00ea n\u00e3o tenha recebido um n\u00famero de rastreamento ap\u00f3s um dia \u00fatil, entre em contato com nosso atendimento ao cliente pelo WhatsApp no dia 06.<\/p>\n\n\n\n<p><strong>M\u00e9todos de envio<\/strong><br>Oferecemos v\u00e1rias op\u00e7\u00f5es de envio, incluindo encomendas postais e postagem em caixa de correio.<\/p>\n\n\n\n<p><strong>Encomenda postal<\/strong><\/p>\n\n\n\n<ol class=\"wp-block-list\">\n<li>Sem franquia: a onderzoekschemicals.com \u00e9 respons\u00e1vel se o seu pacote n\u00e3o for entregue de acordo com o rastreamento.<\/li>\n\n\n\n<li>Entrega em um ponto de coleta: Voc\u00ea pode optar por receber seu pedido em um ponto de coleta.<\/li>\n\n\n\n<li>Rastreamento e localiza\u00e7\u00e3o: sempre dispon\u00edvel.<\/li>\n\n\n\n<li>Entrega \u00e0s segundas-feiras: as encomendas postais tamb\u00e9m s\u00e3o entregues \u00e0s segundas-feiras.<\/li>\n\n\n\n<li>Os pedidos feitos antes das 19h30 ser\u00e3o enviados no mesmo dia \u00fatil.<\/li>\n<\/ol>\n\n\n\n<p>Aten\u00e7\u00e3o: voc\u00ea deve estar em casa para receber sua encomenda. Se voc\u00ea n\u00e3o estiver em casa, poder\u00e1 retirar seu pacote no ponto de coleta mais pr\u00f3ximo. Garantimos a entrega no ponto de coleta; Depois disso, voc\u00ea ser\u00e1 respons\u00e1vel por retirar seu pedido.<\/p>\n\n\n\n<p><strong>Caixa de correio<\/strong><\/p>\n\n\n\n<ol class=\"wp-block-list\">\n<li>Por sua conta e risco: o onderzoekschemicals.com n\u00e3o pode ser responsabilizado por quaisquer problemas com correspond\u00eancias em caixa de correio.<\/li>\n\n\n\n<li>Nenhuma op\u00e7\u00e3o para pontos de coleta.<\/li>\n\n\n\n<li>Rastreamento limitado: a primeira digitaliza\u00e7\u00e3o \u00e9 sempre realizada corretamente, para que voc\u00ea tenha certeza de que enviamos a carta.<\/li>\n\n\n\n<li>N\u00e3o fazemos entregas aos domingos e segundas-feiras.<\/li>\n\n\n\n<li>Os pedidos feitos antes das 17h ser\u00e3o enviados no mesmo dia \u00fatil.<\/li>\n<\/ol>\n\n\n\n<p>Vantagem: Voc\u00ea n\u00e3o precisa estar em casa para receber sua encomenda.<\/p>\n\n\n\n<p><strong>Informa\u00e7\u00f5es de envio<\/strong><\/p>\n\n\n\n<ul class=\"wp-block-list\">\n<li><strong>Encomenda postal:<\/strong>&nbsp;Os pedidos via encomenda postal s\u00e3o enviados todos os dias \u00fateis \u00e0s 19h30.<\/li>\n\n\n\n<li><strong>Caixa de correio:<\/strong>&nbsp;Os pedidos enviados via correio tipo caixa de correio s\u00e3o enviados todos os dias \u00fateis \u00e0s 17h.<\/li>\n<\/ul>\n\n\n\n<p><strong>Pre\u00e7os<\/strong><\/p>\n\n\n\n<ul class=\"wp-block-list\">\n<li>Entrega via encomenda postal: 6,95 \u20ac<\/li>\n\n\n\n<li>Entrega via correio de caixa de correio: \u20ac 3,95<\/li>\n<\/ul>\n\n\n\n<p><strong>Embalagem discreta<\/strong><br>Todos os pedidos s\u00e3o embalados discretamente. As \u00fanicas informa\u00e7\u00f5es na parte externa s\u00e3o o seu endere\u00e7o e o nosso endere\u00e7o de retorno. O endere\u00e7o de retorno \u00e9 um n\u00famero de caixa postal (dispon\u00edvel no atendimento ao cliente), n\u00e3o o logotipo do onderzoekschemicals.com.<br><\/p>\n\n\n\n<p><strong>N\u00f3s enviamos pedidos somente para os seguintes pa\u00edses:<br><em>(somente continente, sem ilhas)<\/em><\/strong><\/p>\n\n\n\n<ul class=\"wp-block-list\">\n<li>Pa\u00edses Baixos<\/li>\n\n\n\n<li>B\u00e9lgica<\/li>\n\n\n\n<li>Bulg\u00e1ria<\/li>\n\n\n\n<li>Est\u00f4nia<\/li>\n\n\n\n<li>Fran\u00e7a<\/li>\n\n\n\n<li>Gr\u00e9cia<\/li>\n\n\n\n<li>Hungria<\/li>\n\n\n\n<li>Irlanda<\/li>\n\n\n\n<li>It\u00e1lia<\/li>\n\n\n\n<li>Cro\u00e1cia<\/li>\n\n\n\n<li>Let\u00f4nia<\/li>\n\n\n\n<li>Litu\u00e2nia<\/li>\n\n\n\n<li>Luxemburgo<\/li>\n\n\n\n<li>\u00c1ustria<\/li>\n\n\n\n<li>Pol\u00f4nia<\/li>\n\n\n\n<li>Portugal<\/li>\n\n\n\n<li>Rom\u00eania<\/li>\n\n\n\n<li>Eslov\u00eania<\/li>\n\n\n\n<li>Eslov\u00e1quia<\/li>\n\n\n\n<li>Rep\u00fablica Tcheca<\/li>\n\n\n\n<li>China<\/li>\n\n\n\n<li>Dinamarca<\/li>\n\n\n\n<li>Alemanha&nbsp;<em>(Em breve ser\u00e1 aprovado: 1D-LSD \/ NB-5-MeO-DALT Oxalato \/ NB-5-MeO-MiPT Oxalato)<\/em><\/li>\n\n\n\n<li>Finl\u00e2ndia<\/li>\n\n\n\n<li>Gr\u00e3-Bretanha<\/li>\n\n\n\n<li>Noruega<\/li>\n\n\n\n<li>Espanha<\/li>\n\n\n\n<li>Estados Unidos<\/li>\n\n\n\n<li>Cor\u00e9ia do Sul<\/li>\n\n\n\n<li>Su\u00e9cia<\/li>\n\n\n\n<li>Su\u00ed\u00e7a<\/li>\n<\/ul>\n\n\n\n<p><strong>Isen\u00e7\u00e3o de responsabilidade<\/strong><\/p>\n\n\n\n<p>Como cliente do onderzoekschemicals.com, voc\u00ea \u00e9 respons\u00e1vel por fornecer um endere\u00e7o de entrega correto dentro dos pa\u00edses permitidos. Voc\u00ea \u00e9 respons\u00e1vel por verificar, em seu pr\u00f3prio pa\u00eds, se o produto que voc\u00ea encomenda \u00e9 permitido.<\/p>\n\n\n\n<p><strong>Devolu\u00e7\u00f5es<\/strong><br>Voc\u00ea pode usar a caixa postal que colocamos em cada remessa para devolver seu(s) produto(s), se necess\u00e1rio. Dentro de 2 semanas ap\u00f3s o recebimento, voc\u00ea pode devolver produtos fechados para obter reembolso total ou troca.<\/p>\n\n\n\n<p><strong>Embalagem<\/strong><br>Embalamos os produtos em sacos com cores e conte\u00fados diferentes:<\/p>\n\n\n\n<ul class=\"wp-block-list\">\n<li>Bolsa de prata: 1 item<\/li>\n\n\n\n<li>Bolsa de ouro: 2 itens<\/li>\n\n\n\n<li>Bolsa roxa: 5 itens<\/li>\n\n\n\n<li>Sacola azul: 10 itens<\/li>\n\n\n\n<li>Bolsa preta: 25 itens<\/li>\n<\/ul>\n\n\n\n<p><strong>M\u00e9todos de Pagamento<\/strong><br>No momento, h\u00e1 um problema com o iDEAL, mas voc\u00ea ainda pode pagar via transfer\u00eancia banc\u00e1ria. Transfira o valor da compra para nossa conta e informe os primeiros d\u00edgitos do n\u00famero do seu pedido como descri\u00e7\u00e3o.<\/p>","protected":false},"excerpt":{"rendered":"<p>Informa\u00e7\u00f5es do pedidoAp\u00f3s fazer um pedido em nosso site, voc\u00ea receber\u00e1 imediatamente um e-mail de confirma\u00e7\u00e3o. Isso pode estar na sua caixa de spam<\/p>","protected":false},"author":1,"featured_media":0,"parent":0,"menu_order":0,"comment_status":"closed","ping_status":"closed","template":"","meta":{"footnotes":""},"class_list":["post-27220","page","type-page","status-publish","hentry"],"_links":{"self":[{"href":"https:\/\/onderzoekschemicals.com\/pt\/wp-json\/wp\/v2\/pages\/27220","targetHints":{"allow":["GET"]}}],"collection":[{"href":"https:\/\/onderzoekschemicals.com\/pt\/wp-json\/wp\/v2\/pages"}],"about":[{"href":"https:\/\/onderzoekschemicals.com\/pt\/wp-json\/wp\/v2\/types\/page"}],"author":[{"embeddable":true,"href":"https:\/\/onderzoekschemicals.com\/pt\/wp-json\/wp\/v2\/users\/1"}],"replies":[{"embeddable":true,"href":"https:\/\/onderzoekschemicals.com\/pt\/wp-json\/wp\/v2\/comments?post=27220"}],"version-history":[{"count":2,"href":"https:\/\/onderzoekschemicals.com\/pt\/wp-json\/wp\/v2\/pages\/27220\/revisions"}],"predecessor-version":[{"id":27725,"href":"https:\/\/onderzoekschemicals.com\/pt\/wp-json\/wp\/v2\/pages\/27220\/revisions\/27725"}],"wp:attachment":[{"href":"https:\/\/onderzoekschemicals.com\/pt\/wp-json\/wp\/v2\/media?parent=27220"}],"curies":[{"name":"wp","href":"https:\/\/api.w.org\/{rel}","templated":true}]}}