{"id":24626,"date":"2025-10-20T17:42:17","date_gmt":"2025-10-20T17:42:17","guid":{"rendered":"https:\/\/onderzoekschemicals.com\/?post_type=product&#038;p=24626"},"modified":"2025-11-28T04:33:54","modified_gmt":"2025-11-28T04:33:54","slug":"2cmc-kopen","status":"publish","type":"product","link":"https:\/\/onderzoekschemicals.com\/pl\/shop\/2-cmc-pellets\/2-cmc-kopen\/2cmc-kopen\/","title":{"rendered":"2-CMC (2-chlorometokatynon)"},"content":{"rendered":"<h3 data-start=\"3977\" data-end=\"3998\"><strong data-start=\"3981\" data-end=\"3996\"><span dir=\"auto\" style=\"vertical-align: inherit;\"><span dir=\"auto\" style=\"vertical-align: inherit;\">Wst\u0119p<\/span><\/span><\/strong><\/h3>\n<p data-start=\"3999\" data-end=\"4365\"><strong data-start=\"3999\" data-end=\"4032\"><span dir=\"auto\" style=\"vertical-align: inherit;\"><span dir=\"auto\" style=\"vertical-align: inherit;\">2-CMC (2-chlorometokatynon)<\/span><\/span><\/strong><span dir=\"auto\" style=\"vertical-align: inherit;\"><span dir=\"auto\" style=\"vertical-align: inherit;\"> Jest syntetycznym katynonem nale\u017c\u0105cym do rodziny \u03b2-ketoamfetamin i strukturalnie spokrewnionym z 3-CMC i 4-CMC. Jest ceniony w badaniach naukowych ze wzgl\u0119du na swoje <\/span><\/span><strong data-start=\"4210\" data-end=\"4234\"><span dir=\"auto\" style=\"vertical-align: inherit;\"><span dir=\"auto\" style=\"vertical-align: inherit;\">profil stymuluj\u0105cy<\/span><\/span><\/strong><span dir=\"auto\" style=\"vertical-align: inherit;\"><span dir=\"auto\" style=\"vertical-align: inherit;\"> , dzi\u0119ki czemu nadaje si\u0119 do bada\u0144 transporter\u00f3w dopaminy i serotoniny, szlak\u00f3w metabolicznych i aktywno\u015bci neurochemicznej. Kup 2cmc<\/span><\/span><\/p>\n<p data-start=\"4367\" data-end=\"4664\"><span dir=\"auto\" style=\"vertical-align: inherit;\"><span dir=\"auto\" style=\"vertical-align: inherit;\">Ka\u017cda partia <\/span><\/span><strong data-start=\"4378\" data-end=\"4387\"><span dir=\"auto\" style=\"vertical-align: inherit;\"><span dir=\"auto\" style=\"vertical-align: inherit;\">2-CMC<\/span><\/span><\/strong><span dir=\"auto\" style=\"vertical-align: inherit;\"><span dir=\"auto\" style=\"vertical-align: inherit;\"> jest dostarczany jako <\/span><\/span><strong data-start=\"4411\" data-end=\"4442\"><span dir=\"auto\" style=\"vertical-align: inherit;\"><span dir=\"auto\" style=\"vertical-align: inherit;\">wysokiej jako\u015bci substancja chemiczna do bada\u0144<\/span><\/span><\/strong><span dir=\"auto\" style=\"vertical-align: inherit;\"><span dir=\"auto\" style=\"vertical-align: inherit;\"> i jest przeznaczony wy\u0142\u0105cznie do <\/span><\/span><strong data-start=\"4474\" data-end=\"4512\"><span dir=\"auto\" style=\"vertical-align: inherit;\"><span dir=\"auto\" style=\"vertical-align: inherit;\">badania analityczne i kryminalistyczne<\/span><\/span><\/strong><span dir=\"auto\" style=\"vertical-align: inherit;\"><span dir=\"auto\" style=\"vertical-align: inherit;\"> , <\/span><\/span><strong data-start=\"4514\" data-end=\"4549\"><span dir=\"auto\" style=\"vertical-align: inherit;\"><span dir=\"auto\" style=\"vertical-align: inherit;\">nie do spo\u017cycia przez ludzi<\/span><\/span><\/strong><span dir=\"auto\" style=\"vertical-align: inherit;\"><span dir=\"auto\" style=\"vertical-align: inherit;\"> Dla badaczy <\/span><\/span><strong data-start=\"4573\" data-end=\"4595\"><span dir=\"auto\" style=\"vertical-align: inherit;\"><span dir=\"auto\" style=\"vertical-align: inherit;\">chc\u0119 kupi\u0107 2-CMC<\/span><\/span><\/strong><span dir=\"auto\" style=\"vertical-align: inherit;\"><span dir=\"auto\" style=\"vertical-align: inherit;\"> , produkt ten idealnie nadaje si\u0119 do analiz por\u00f3wnawczych i referencyjnych.<\/span><\/span><\/p>\n<hr data-start=\"4666\" data-end=\"4669\" \/>\n<h3 data-start=\"4671\" data-end=\"4702\"><strong data-start=\"4675\" data-end=\"4702\"><span dir=\"auto\" style=\"vertical-align: inherit;\"><span dir=\"auto\" style=\"vertical-align: inherit;\">G\u0142\u00f3wne cechy<\/span><\/span><\/strong><\/h3>\n<ul data-start=\"4704\" data-end=\"5057\">\n<li data-start=\"4704\" data-end=\"4757\">\n<p data-start=\"4706\" data-end=\"4757\"><strong data-start=\"4706\" data-end=\"4725\"><span dir=\"auto\" style=\"vertical-align: inherit;\"><span dir=\"auto\" style=\"vertical-align: inherit;\">Nazwa chemiczna:<\/span><\/span><\/strong><span dir=\"auto\" style=\"vertical-align: inherit;\"><span dir=\"auto\" style=\"vertical-align: inherit;\"> 2-Chlorometakatynon (2-CMC)<\/span><\/span><\/p>\n<\/li>\n<li data-start=\"4758\" data-end=\"4795\">\n<p data-start=\"4760\" data-end=\"4795\"><strong data-start=\"4760\" data-end=\"4782\"><span dir=\"auto\" style=\"vertical-align: inherit;\"><span dir=\"auto\" style=\"vertical-align: inherit;\">Wz\u00f3r chemiczny:<\/span><\/span><\/strong><span dir=\"auto\" style=\"vertical-align: inherit;\"><span dir=\"auto\" style=\"vertical-align: inherit;\"> C\u2081\u2080H\u2081\u2082ClNO<\/span><\/span><\/p>\n<\/li>\n<li data-start=\"4796\" data-end=\"4836\">\n<p data-start=\"4798\" data-end=\"4836\"><strong data-start=\"4798\" data-end=\"4821\"><span dir=\"auto\" style=\"vertical-align: inherit;\"><span dir=\"auto\" style=\"vertical-align: inherit;\">Masa cz\u0105steczkowa:<\/span><\/span><\/strong><span dir=\"auto\" style=\"vertical-align: inherit;\"><span dir=\"auto\" style=\"vertical-align: inherit;\"> 197,66 g\/mol<\/span><\/span><\/p>\n<\/li>\n<li data-start=\"4837\" data-end=\"4879\">\n<p data-start=\"4839\" data-end=\"4879\"><strong data-start=\"4839\" data-end=\"4854\"><span dir=\"auto\" style=\"vertical-align: inherit;\"><span dir=\"auto\" style=\"vertical-align: inherit;\">Numer CAS:<\/span><\/span><\/strong><span dir=\"auto\" style=\"vertical-align: inherit;\"><span dir=\"auto\" style=\"vertical-align: inherit;\"> \u2014 (analog badawczy)<\/span><\/span><\/p>\n<\/li>\n<li data-start=\"4880\" data-end=\"4928\">\n<p data-start=\"4882\" data-end=\"4928\"><strong data-start=\"4882\" data-end=\"4897\"><span dir=\"auto\" style=\"vertical-align: inherit;\"><span dir=\"auto\" style=\"vertical-align: inherit;\">Czysto\u015b\u0107:<\/span><\/span><\/strong><span dir=\"auto\" style=\"vertical-align: inherit;\"><span dir=\"auto\" style=\"vertical-align: inherit;\"> \u2265 98 % (testowane laboratoryjnie)<\/span><\/span><\/p>\n<\/li>\n<li data-start=\"4929\" data-end=\"4995\">\n<p data-start=\"4931\" data-end=\"4995\"><strong data-start=\"4931\" data-end=\"4940\"><span dir=\"auto\" style=\"vertical-align: inherit;\"><span dir=\"auto\" style=\"vertical-align: inherit;\">Formularz:<\/span><\/span><\/strong><span dir=\"auto\" style=\"vertical-align: inherit;\"><span dir=\"auto\" style=\"vertical-align: inherit;\"> Krystaliczny proszek, stabilny i \u0142atwy w obs\u0142udze<\/span><\/span><\/p>\n<\/li>\n<li data-start=\"4996\" data-end=\"5057\">\n<p data-start=\"4998\" data-end=\"5057\"><strong data-start=\"4998\" data-end=\"5010\"><span dir=\"auto\" style=\"vertical-align: inherit;\"><span dir=\"auto\" style=\"vertical-align: inherit;\">U\u017cywa\u0107:<\/span><\/span><\/strong><span dir=\"auto\" style=\"vertical-align: inherit;\"><span dir=\"auto\" style=\"vertical-align: inherit;\"> Tylko do cel\u00f3w analitycznych i bada\u0144 chemicznych, kup 2cmc<\/span><\/span><\/p>\n<\/li>\n<\/ul>\n<hr data-start=\"5059\" data-end=\"5062\" \/>\n<h3 data-start=\"5064\" data-end=\"5081\"><strong data-start=\"5068\" data-end=\"5081\"><span dir=\"auto\" style=\"vertical-align: inherit;\"><span dir=\"auto\" style=\"vertical-align: inherit;\">Zalety<\/span><\/span><\/strong><\/h3>\n<ul data-start=\"5083\" data-end=\"5664\">\n<li data-start=\"5083\" data-end=\"5174\">\n<p data-start=\"5085\" data-end=\"5174\"><strong data-start=\"5085\" data-end=\"5110\"><span dir=\"auto\" style=\"vertical-align: inherit;\"><span dir=\"auto\" style=\"vertical-align: inherit;\">Badania analityczne:<\/span><\/span><\/strong><span dir=\"auto\" style=\"vertical-align: inherit;\"><span dir=\"auto\" style=\"vertical-align: inherit;\"> Nadaje si\u0119 do chromatografii, spektrometrii i testowania odczynnik\u00f3w.<\/span><\/span><\/p>\n<\/li>\n<li data-start=\"5175\" data-end=\"5295\">\n<p data-start=\"5177\" data-end=\"5295\"><strong data-start=\"5177\" data-end=\"5204\"><span dir=\"auto\" style=\"vertical-align: inherit;\"><span dir=\"auto\" style=\"vertical-align: inherit;\">Wgl\u0105d farmakologiczny:<\/span><\/span><\/strong><span dir=\"auto\" style=\"vertical-align: inherit;\"><span dir=\"auto\" style=\"vertical-align: inherit;\"> Pomaga w badaniu interakcji transporter\u00f3w monoamin i analog\u00f3w stymuluj\u0105cych.<\/span><\/span><\/p>\n<\/li>\n<li data-start=\"5296\" data-end=\"5434\">\n<p data-start=\"5298\" data-end=\"5434\"><strong data-start=\"5298\" data-end=\"5327\"><span dir=\"auto\" style=\"vertical-align: inherit;\"><span dir=\"auto\" style=\"vertical-align: inherit;\">Por\u00f3wnanie strukturalne:<\/span><\/span><\/strong><span dir=\"auto\" style=\"vertical-align: inherit;\"><span dir=\"auto\" style=\"vertical-align: inherit;\"> Przydatne w badaniach zale\u017cno\u015bci struktura-aktywno\u015b\u0107 (SAR) z innymi katynonami, takimi jak 3-CMC lub 4-CMC.<\/span><\/span><\/p>\n<\/li>\n<li data-start=\"5435\" data-end=\"5540\">\n<p data-start=\"5437\" data-end=\"5540\"><strong data-start=\"5437\" data-end=\"5463\"><span dir=\"auto\" style=\"vertical-align: inherit;\"><span dir=\"auto\" style=\"vertical-align: inherit;\">Sta\u0142a jako\u015b\u0107:<\/span><\/span><\/strong><span dir=\"auto\" style=\"vertical-align: inherit;\"><span dir=\"auto\" style=\"vertical-align: inherit;\"> Wyprodukowano w warunkach laboratoryjnych w celu uzyskania powtarzalnych wynik\u00f3w.<\/span><\/span><\/p>\n<\/li>\n<li data-start=\"5541\" data-end=\"5664\">\n<p data-start=\"5543\" data-end=\"5664\"><strong data-start=\"5543\" data-end=\"5565\"><span dir=\"auto\" style=\"vertical-align: inherit;\"><span dir=\"auto\" style=\"vertical-align: inherit;\">Warto\u015b\u0107 edukacyjna:<\/span><\/span><\/strong><span dir=\"auto\" style=\"vertical-align: inherit;\"><span dir=\"auto\" style=\"vertical-align: inherit;\"> Nadaje si\u0119 do program\u00f3w kszta\u0142cenia w zakresie toksykologii i kryminalistyki w plac\u00f3wkach badawczych.<\/span><\/span><\/p>\n<\/li>\n<\/ul>\n<hr data-start=\"5666\" data-end=\"5669\" \/>\n<h3 data-start=\"5671\" data-end=\"5723\"><strong data-start=\"5675\" data-end=\"5721\"><span dir=\"auto\" style=\"vertical-align: inherit;\"><span dir=\"auto\" style=\"vertical-align: inherit;\">U\u017cyj (tylko do cel\u00f3w badawczych)<\/span><\/span><\/strong><\/h3>\n<blockquote data-start=\"5725\" data-end=\"5887\">\n<p data-start=\"5727\" data-end=\"5887\">\u26a0\ufe0f <strong data-start=\"5730\" data-end=\"5741\"><span dir=\"auto\" style=\"vertical-align: inherit;\"><span dir=\"auto\" style=\"vertical-align: inherit;\">Uwaga:<\/span><\/span><\/strong><span dir=\"auto\" style=\"vertical-align: inherit;\"><span dir=\"auto\" style=\"vertical-align: inherit;\"> 2-CMC jest przeznaczony wy\u0142\u0105cznie do u\u017cytku przez wykwalifikowany personel laboratoryjny. <\/span><\/span><strong data-start=\"5829\" data-end=\"5886\"><span dir=\"auto\" style=\"vertical-align: inherit;\"><span dir=\"auto\" style=\"vertical-align: inherit;\">nie nadaje si\u0119 do spo\u017cycia przez ludzi i zwierz\u0119ta<\/span><\/span><\/strong><span dir=\"auto\" style=\"vertical-align: inherit;\"><span dir=\"auto\" style=\"vertical-align: inherit;\"> .<\/span><\/span><\/p>\n<\/blockquote>\n<ol data-start=\"5889\" data-end=\"6346\">\n<li data-start=\"5889\" data-end=\"5983\">\n<p data-start=\"5892\" data-end=\"5983\"><strong data-start=\"5892\" data-end=\"5906\"><span dir=\"auto\" style=\"vertical-align: inherit;\"><span dir=\"auto\" style=\"vertical-align: inherit;\">Obs\u0142ugiwanie -<\/span><\/span><\/strong><span dir=\"auto\" style=\"vertical-align: inherit;\"><span dir=\"auto\" style=\"vertical-align: inherit;\"> Zawsze nale\u017cy nosi\u0107 r\u0119kawice, odzie\u017c ochronn\u0105 i pracowa\u0107 pod wyci\u0105giem.<\/span><\/span><\/p>\n<\/li>\n<li data-start=\"5984\" data-end=\"6064\">\n<p data-start=\"5987\" data-end=\"6064\"><strong data-start=\"5987\" data-end=\"5999\"><span dir=\"auto\" style=\"vertical-align: inherit;\"><span dir=\"auto\" style=\"vertical-align: inherit;\">Pomiary<\/span><\/span><\/strong><span dir=\"auto\" style=\"vertical-align: inherit;\"><span dir=\"auto\" style=\"vertical-align: inherit;\"> \u2013 U\u017cywaj dok\u0142adnych wag do dok\u0142adnego dawkowania.<\/span><\/span><\/p>\n<\/li>\n<li data-start=\"6065\" data-end=\"6152\">\n<p data-start=\"6068\" data-end=\"6152\"><strong data-start=\"6068\" data-end=\"6078\"><span dir=\"auto\" style=\"vertical-align: inherit;\"><span dir=\"auto\" style=\"vertical-align: inherit;\">Sk\u0142adowanie<\/span><\/span><\/strong><span dir=\"auto\" style=\"vertical-align: inherit;\"><span dir=\"auto\" style=\"vertical-align: inherit;\"> \u2013 Przechowywa\u0107 zamkni\u0119te w ch\u0142odnym, suchym i ciemnym miejscu; najlepiej w temperaturze 2\u20138 \u00b0C.<\/span><\/span><\/p>\n<\/li>\n<li data-start=\"6153\" data-end=\"6255\">\n<p data-start=\"6156\" data-end=\"6255\"><strong data-start=\"6156\" data-end=\"6170\"><span dir=\"auto\" style=\"vertical-align: inherit;\"><span dir=\"auto\" style=\"vertical-align: inherit;\">Aplikacja<\/span><\/span><\/strong><span dir=\"auto\" style=\"vertical-align: inherit;\"><span dir=\"auto\" style=\"vertical-align: inherit;\"> \u2013 Nadaje si\u0119 do GC\/MS, HPLC, NMR i FTIR w celu potwierdzenia struktury i czysto\u015bci.<\/span><\/span><\/p>\n<\/li>\n<li data-start=\"6256\" data-end=\"6346\">\n<p data-start=\"6259\" data-end=\"6346\"><strong data-start=\"6259\" data-end=\"6275\"><span dir=\"auto\" style=\"vertical-align: inherit;\"><span dir=\"auto\" style=\"vertical-align: inherit;\">Dokumentacja<\/span><\/span><\/strong><span dir=\"auto\" style=\"vertical-align: inherit;\"><span dir=\"auto\" style=\"vertical-align: inherit;\"> \u2013 Przechowuj certyfikaty analiz, numery partii i wyniki w bezpiecznym miejscu.<\/span><\/span><\/p>\n<\/li>\n<\/ol>\n<hr data-start=\"6348\" data-end=\"6351\" \/>\n<h3 data-start=\"6353\" data-end=\"6388\"><strong data-start=\"6357\" data-end=\"6386\"><span dir=\"auto\" style=\"vertical-align: inherit;\"><span dir=\"auto\" style=\"vertical-align: inherit;\">Cz\u0119sto zadawane pytania (FAQ)<\/span><\/span><\/strong><\/h3>\n<p data-start=\"6390\" data-end=\"6653\"><strong data-start=\"6390\" data-end=\"6410\"><span dir=\"auto\" style=\"vertical-align: inherit;\"><span dir=\"auto\" style=\"vertical-align: inherit;\">1. Czym jest 2-CMC?<\/span><\/span><\/strong><br data-start=\"6410\" data-end=\"6413\" \/><span dir=\"auto\" style=\"vertical-align: inherit;\"><span dir=\"auto\" style=\"vertical-align: inherit;\"> 2-CMC (2-chlorometokatynon) jest <\/span><\/span><strong data-start=\"6450\" data-end=\"6475\"><span dir=\"auto\" style=\"vertical-align: inherit;\"><span dir=\"auto\" style=\"vertical-align: inherit;\">syntetyczny katynon<\/span><\/span><\/strong><span dir=\"auto\" style=\"vertical-align: inherit;\"><span dir=\"auto\" style=\"vertical-align: inherit;\"> Stosowany w badaniach analitycznych i kryminalistycznych. Jest strukturalnie podobny do innych katynon\u00f3w, ale zawiera atom chloru w pozycji 2 pier\u015bcienia fenylowego.<\/span><\/span><\/p>\n<p data-start=\"6655\" data-end=\"6913\"><strong data-start=\"6655\" data-end=\"6690\"><span dir=\"auto\" style=\"vertical-align: inherit;\"><span dir=\"auto\" style=\"vertical-align: inherit;\">2. Czy zakup 2-CMC jest legalny?<\/span><\/span><\/strong><br data-start=\"6690\" data-end=\"6693\" \/><span dir=\"auto\" style=\"vertical-align: inherit;\"><span dir=\"auto\" style=\"vertical-align: inherit;\"> Ten <\/span><\/span><strong data-start=\"6696\" data-end=\"6720\"><span dir=\"auto\" style=\"vertical-align: inherit;\"><span dir=\"auto\" style=\"vertical-align: inherit;\">legalno\u015b\u0107 2-CMC<\/span><\/span><\/strong><span dir=\"auto\" style=\"vertical-align: inherit;\"><span dir=\"auto\" style=\"vertical-align: inherit;\"> R\u00f3\u017cni si\u0119 w zale\u017cno\u015bci od kraju i jurysdykcji. W niekt\u00f3rych obszarach podlega ustawie o opium lub podobnym przepisom. Zawsze sprawdzaj lokalne przepisy przed\u2026 <\/span><\/span><strong data-start=\"6881\" data-end=\"6910\"><span dir=\"auto\" style=\"vertical-align: inherit;\"><span dir=\"auto\" style=\"vertical-align: inherit;\">kupno lub import 2-CMC<\/span><\/span><\/strong><span dir=\"auto\" style=\"vertical-align: inherit;\"><span dir=\"auto\" style=\"vertical-align: inherit;\"> .<\/span><\/span><\/p>\n<p data-start=\"6915\" data-end=\"7144\"><strong data-start=\"6915\" data-end=\"6965\"><span dir=\"auto\" style=\"vertical-align: inherit;\"><span dir=\"auto\" style=\"vertical-align: inherit;\">3. Do czego wykorzystuje si\u0119 2-CMC w badaniach naukowych?<\/span><\/span><\/strong><br data-start=\"6965\" data-end=\"6968\" \/><span dir=\"auto\" style=\"vertical-align: inherit;\"><span dir=\"auto\" style=\"vertical-align: inherit;\"> 2-CMC jest stosowany w badaniach nad zale\u017cno\u015bciami mi\u0119dzy struktur\u0105 chemiczn\u0105 a aktywno\u015bci\u0105 biologiczn\u0105 oraz jako substancja odniesienia w toksykologii s\u0105dowej i chemii analitycznej. <\/span><\/span><a href=\"https:\/\/onderzoekschemicals.com\/pl\/shop\/okategoriserad\/4mmc-kopen\/\"><span dir=\"auto\" style=\"vertical-align: inherit;\"><span dir=\"auto\" style=\"vertical-align: inherit;\">Kup 4mmc, kup <\/span><\/span><\/a><a href=\"https:\/\/onderzoekschemicals.com\/pl\/shop\/okategoriserad\/benzocaine-powder\/\"><span dir=\"auto\" style=\"vertical-align: inherit;\"><span dir=\"auto\" style=\"vertical-align: inherit;\">proszek benzokainy, <\/span><\/span><\/a><a href=\"https:\/\/onderzoekschemicals.com\/pl\/shop\/okategoriserad\/fentanyl-kopen\/\"><span dir=\"auto\" style=\"vertical-align: inherit;\"><span dir=\"auto\" style=\"vertical-align: inherit;\">kup fentanyl.<\/span><\/span><\/a><\/p>","protected":false},"excerpt":{"rendered":"<h2><span dir=\"auto\" style=\"vertical-align: inherit;\"><span dir=\"auto\" style=\"vertical-align: inherit;\"><span dir=\"auto\" style=\"vertical-align: inherit;\"><span dir=\"auto\" style=\"vertical-align: inherit;\">W\u0142a\u015bciwo\u015bci 2-CMC<\/span><\/span><\/span><\/span><\/h2>\n<p><strong><span dir=\"auto\" style=\"vertical-align: inherit;\"><span dir=\"auto\" style=\"vertical-align: inherit;\"><span dir=\"auto\" style=\"vertical-align: inherit;\"><span dir=\"auto\" style=\"vertical-align: inherit;\">Numer CAS<\/span><\/span><\/span><\/span><\/strong><span dir=\"auto\" style=\"vertical-align: inherit;\"><span dir=\"auto\" style=\"vertical-align: inherit;\"><span dir=\"auto\" style=\"vertical-align: inherit;\"><span dir=\"auto\" style=\"vertical-align: inherit;\"> : 90869-66-2 <\/span><\/span><\/span><\/span><br \/>\n<strong><span dir=\"auto\" style=\"vertical-align: inherit;\"><span dir=\"auto\" style=\"vertical-align: inherit;\"><span dir=\"auto\" style=\"vertical-align: inherit;\"><span dir=\"auto\" style=\"vertical-align: inherit;\">Formu\u0142a<\/span><\/span><\/span><\/span><\/strong><span dir=\"auto\" style=\"vertical-align: inherit;\"><span dir=\"auto\" style=\"vertical-align: inherit;\"><span dir=\"auto\" style=\"vertical-align: inherit;\"><span dir=\"auto\" style=\"vertical-align: inherit;\"> : C <\/span><\/span><\/span><\/span><sub><small><span dir=\"auto\" style=\"vertical-align: inherit;\"><span dir=\"auto\" style=\"vertical-align: inherit;\"><span dir=\"auto\" style=\"vertical-align: inherit;\"><span dir=\"auto\" style=\"vertical-align: inherit;\">10<\/span><\/span><\/span><\/span><\/small><\/sub><span dir=\"auto\" style=\"vertical-align: inherit;\"><span dir=\"auto\" style=\"vertical-align: inherit;\"><span dir=\"auto\" style=\"vertical-align: inherit;\"><span dir=\"auto\" style=\"vertical-align: inherit;\"> H <\/span><\/span><\/span><\/span><sub><small><span dir=\"auto\" style=\"vertical-align: inherit;\"><span dir=\"auto\" style=\"vertical-align: inherit;\"><span dir=\"auto\" style=\"vertical-align: inherit;\"><span dir=\"auto\" style=\"vertical-align: inherit;\">12<\/span><\/span><\/span><\/span><\/small><\/sub><span dir=\"auto\" style=\"vertical-align: inherit;\"><span dir=\"auto\" style=\"vertical-align: inherit;\"><span dir=\"auto\" style=\"vertical-align: inherit;\"><span dir=\"auto\" style=\"vertical-align: inherit;\"> ClNO <\/span><\/span><\/span><\/span><br \/>\n<strong><span dir=\"auto\" style=\"vertical-align: inherit;\"><span dir=\"auto\" style=\"vertical-align: inherit;\"><span dir=\"auto\" style=\"vertical-align: inherit;\"><span dir=\"auto\" style=\"vertical-align: inherit;\">Masa molowa<\/span><\/span><\/span><\/span><\/strong><span dir=\"auto\" style=\"vertical-align: inherit;\"><span dir=\"auto\" style=\"vertical-align: inherit;\"><span dir=\"auto\" style=\"vertical-align: inherit;\"><span dir=\"auto\" style=\"vertical-align: inherit;\"> : 234.1 <\/span><\/span><\/span><\/span><br \/>\n<strong><span dir=\"auto\" style=\"vertical-align: inherit;\"><span dir=\"auto\" style=\"vertical-align: inherit;\"><span dir=\"auto\" style=\"vertical-align: inherit;\"><span dir=\"auto\" style=\"vertical-align: inherit;\">Czysto\u015b\u0107<\/span><\/span><\/span><\/span><\/strong><span dir=\"auto\" style=\"vertical-align: inherit;\"><span dir=\"auto\" style=\"vertical-align: inherit;\"><span dir=\"auto\" style=\"vertical-align: inherit;\"><span dir=\"auto\" style=\"vertical-align: inherit;\"> : \u226598%<\/span><\/span><\/span><\/span><\/p>","protected":false},"featured_media":29185,"comment_status":"closed","ping_status":"closed","template":"","meta":[],"product_brand":[82],"product_cat":[371,322,79],"product_tag":[561,668,667,326],"class_list":{"0":"post-24626","1":"product","2":"type-product","3":"status-publish","4":"has-post-thumbnail","6":"product_brand-research-chemical","7":"product_cat-2-cmc-kopen","8":"product_cat-bijna-verboden","9":"product_cat-cathinonen","10":"product_tag-2-cmc-kopen","11":"product_tag-2cmc-bestellen","12":"product_tag-2cmc-kopen","13":"product_tag-nl","15":"first","16":"instock","17":"taxable","18":"shipping-taxable","19":"purchasable","20":"product-type-variable"},"_links":{"self":[{"href":"https:\/\/onderzoekschemicals.com\/pl\/wp-json\/wp\/v2\/product\/24626","targetHints":{"allow":["GET"]}}],"collection":[{"href":"https:\/\/onderzoekschemicals.com\/pl\/wp-json\/wp\/v2\/product"}],"about":[{"href":"https:\/\/onderzoekschemicals.com\/pl\/wp-json\/wp\/v2\/types\/product"}],"replies":[{"embeddable":true,"href":"https:\/\/onderzoekschemicals.com\/pl\/wp-json\/wp\/v2\/comments?post=24626"}],"version-history":[{"count":7,"href":"https:\/\/onderzoekschemicals.com\/pl\/wp-json\/wp\/v2\/product\/24626\/revisions"}],"predecessor-version":[{"id":28659,"href":"https:\/\/onderzoekschemicals.com\/pl\/wp-json\/wp\/v2\/product\/24626\/revisions\/28659"}],"wp:featuredmedia":[{"embeddable":true,"href":"https:\/\/onderzoekschemicals.com\/pl\/wp-json\/wp\/v2\/media\/29185"}],"wp:attachment":[{"href":"https:\/\/onderzoekschemicals.com\/pl\/wp-json\/wp\/v2\/media?parent=24626"}],"wp:term":[{"taxonomy":"product_brand","embeddable":true,"href":"https:\/\/onderzoekschemicals.com\/pl\/wp-json\/wp\/v2\/product_brand?post=24626"},{"taxonomy":"product_cat","embeddable":true,"href":"https:\/\/onderzoekschemicals.com\/pl\/wp-json\/wp\/v2\/product_cat?post=24626"},{"taxonomy":"product_tag","embeddable":true,"href":"https:\/\/onderzoekschemicals.com\/pl\/wp-json\/wp\/v2\/product_tag?post=24626"}],"curies":[{"name":"wp","href":"https:\/\/api.w.org\/{rel}","templated":true}]}}