{"id":24497,"date":"2025-10-20T17:41:49","date_gmt":"2025-10-20T17:41:49","guid":{"rendered":"https:\/\/onderzoekschemicals.com\/?post_type=product&#038;p=24497"},"modified":"2025-10-21T16:12:25","modified_gmt":"2025-10-21T16:12:25","slug":"2-fa-5ml-buisje","status":"publish","type":"product","link":"https:\/\/onderzoekschemicals.com\/pl\/shop\/b2b\/2-fa-5ml-buisje\/","title":{"rendered":"Tubka 2-FA 5ml"},"content":{"rendered":"<h3 data-start=\"4246\" data-end=\"4267\"><strong data-start=\"4250\" data-end=\"4265\">Wst\u0119p<\/strong><\/h3>\n<p data-start=\"4268\" data-end=\"4667\"><strong data-start=\"4268\" data-end=\"4287\">Tubka 2-FA 5ml<\/strong> zawiera <strong data-start=\"4298\" data-end=\"4342\">precyzyjnie przygotowany roztw\u00f3r laboratoryjny<\/strong> przez <strong data-start=\"4347\" data-end=\"4376\">2-FA (2-fluoroamfetamina)<\/strong> - Jaki\u015b <strong data-start=\"4383\" data-end=\"4418\">fluorowany analog amfetaminy<\/strong> w ci\u0105gu <strong data-start=\"4429\" data-end=\"4452\">klasa fenetyloamin<\/strong>. 2 fa<br data-start=\"4453\" data-end=\"4456\" \/>Strukturalnie powi\u0105zany z <strong data-start=\"4480\" data-end=\"4494\">amfetamina<\/strong> I <strong data-start=\"4498\" data-end=\"4507\">2-FMA<\/strong>, 2-FA jest u\u017cywany w <strong data-start=\"4532\" data-end=\"4585\">badania analityczne, kryminalistyczne i neurochemiczne<\/strong> Jak <strong data-start=\"4590\" data-end=\"4628\">materia\u0142 odniesienia i kalibracji<\/strong> w chromatografii i spektroskopii.<\/p>\n<p data-start=\"4669\" data-end=\"4888\">Roztw\u00f3r przygotowuje si\u0119 z <strong data-start=\"4696\" data-end=\"4717\">\u2265 98% czysty 2-FA<\/strong>, rozpuszczony w <strong data-start=\"4735\" data-end=\"4786\">rozpuszczalnik badawczy klasy laboratoryjnej<\/strong>i zapakowane w <strong data-start=\"4806\" data-end=\"4844\">5 ml bursztynowa szklana tubka<\/strong> w celu ochrony przed \u015bwiat\u0142em i utlenianiem.<\/p>\n<blockquote data-start=\"4890\" data-end=\"5029\">\n<p data-start=\"4892\" data-end=\"5029\">\u26a0\ufe0f <strong data-start=\"4895\" data-end=\"4906\">UWAGA:<\/strong> 2-FA jest przeznaczony wy\u0142\u0105cznie do <strong data-start=\"4940\" data-end=\"4975\">badania i wykorzystanie analityczne<\/strong> \u2014 <strong data-start=\"4978\" data-end=\"5026\">nie do spo\u017cycia przez ludzi i zwierz\u0119ta<\/strong>.<\/p>\n<\/blockquote>\n<hr data-start=\"5031\" data-end=\"5034\" \/>\n<h3 data-start=\"5036\" data-end=\"5067\"><strong data-start=\"5040\" data-end=\"5067\">G\u0142\u00f3wne cechy<\/strong><\/h3>\n<div class=\"_tableContainer_1rjym_1\">\n<div class=\"group _tableWrapper_1rjym_13 flex w-fit flex-col-reverse\" tabindex=\"-1\">\n<table class=\"w-fit min-w-(--thread-content-width)\" data-start=\"5069\" data-end=\"5723\">\n<thead data-start=\"5069\" data-end=\"5095\">\n<tr data-start=\"5069\" data-end=\"5095\">\n<th data-start=\"5069\" data-end=\"5079\" data-col-size=\"sm\">Funkcja<\/th>\n<th data-start=\"5079\" data-end=\"5095\" data-col-size=\"md\">Opis<\/th>\n<\/tr>\n<\/thead>\n<tbody data-start=\"5124\" data-end=\"5723\">\n<tr data-start=\"5124\" data-end=\"5167\">\n<td data-start=\"5124\" data-end=\"5145\" data-col-size=\"sm\"><strong data-start=\"5126\" data-end=\"5144\">Nazwa chemiczna<\/strong><\/td>\n<td data-start=\"5145\" data-end=\"5167\" data-col-size=\"md\">2-fluoroamfetamina<\/td>\n<\/tr>\n<tr data-start=\"5168\" data-end=\"5201\">\n<td data-start=\"5168\" data-end=\"5193\" data-col-size=\"sm\"><strong data-start=\"5170\" data-end=\"5192\">Nazwa zwyczajowa<\/strong><\/td>\n<td data-start=\"5193\" data-end=\"5201\" data-col-size=\"md\">2-FA<\/td>\n<\/tr>\n<tr data-start=\"5202\" data-end=\"5237\">\n<td data-start=\"5202\" data-end=\"5226\" data-col-size=\"sm\"><strong data-start=\"5204\" data-end=\"5225\">Wz\u00f3r chemiczny<\/strong><\/td>\n<td data-start=\"5226\" data-end=\"5237\" data-col-size=\"md\">C\u2089H\u2081\u2082FN<\/td>\n<\/tr>\n<tr data-start=\"5238\" data-end=\"5276\">\n<td data-start=\"5238\" data-end=\"5260\" data-col-size=\"sm\"><strong data-start=\"5240\" data-end=\"5259\">Masa cz\u0105steczkowa<\/strong><\/td>\n<td data-start=\"5260\" data-end=\"5276\" data-col-size=\"md\">153,20 g\/mol<\/td>\n<\/tr>\n<tr data-start=\"5277\" data-end=\"5338\">\n<td data-start=\"5277\" data-end=\"5288\" data-col-size=\"sm\"><strong data-start=\"5279\" data-end=\"5287\">Formularz<\/strong><\/td>\n<td data-start=\"5288\" data-end=\"5338\" data-col-size=\"md\">Roztw\u00f3r ciek\u0142y (w rozpuszczalniku testowym)<\/td>\n<\/tr>\n<tr data-start=\"5339\" data-end=\"5402\">\n<td data-start=\"5339\" data-end=\"5358\" data-col-size=\"sm\"><strong data-start=\"5341\" data-end=\"5357\">St\u0119\u017cenie<\/strong><\/td>\n<td data-start=\"5358\" data-end=\"5402\" data-col-size=\"md\">Norma laboratoryjna (zale\u017cna od partii)<\/td>\n<\/tr>\n<tr data-start=\"5403\" data-end=\"5450\">\n<td data-start=\"5403\" data-end=\"5416\" data-col-size=\"sm\"><strong data-start=\"5405\" data-end=\"5415\">Tom<\/strong><\/td>\n<td data-start=\"5416\" data-end=\"5450\" data-col-size=\"md\">5 ml bursztynowa szklana tubka<\/td>\n<\/tr>\n<tr data-start=\"5451\" data-end=\"5502\">\n<td data-start=\"5451\" data-end=\"5468\" data-col-size=\"sm\"><strong data-start=\"5453\" data-end=\"5467\">Czysto\u015b\u0107<\/strong><\/td>\n<td data-start=\"5468\" data-end=\"5502\" data-col-size=\"md\">\u2265 98% (testowane metod\u0105 HPLC i NMR)<\/td>\n<\/tr>\n<tr data-start=\"5503\" data-end=\"5577\">\n<td data-start=\"5503\" data-end=\"5526\" data-col-size=\"sm\"><strong data-start=\"5505\" data-end=\"5525\">Klasa chemiczna<\/strong><\/td>\n<td data-start=\"5526\" data-end=\"5577\" data-col-size=\"md\">Fluorowany analog amfetaminy\/fenetyloaminy<\/td>\n<\/tr>\n<tr data-start=\"5578\" data-end=\"5652\">\n<td data-start=\"5578\" data-end=\"5592\" data-col-size=\"sm\"><strong data-start=\"5580\" data-end=\"5591\">Stosowanie<\/strong><\/td>\n<td data-start=\"5592\" data-end=\"5652\" data-col-size=\"md\">Tylko do bada\u0144 analitycznych, kryminalistycznych i chemicznych<\/td>\n<\/tr>\n<tr data-start=\"5653\" data-end=\"5723\">\n<td data-start=\"5653\" data-end=\"5670\" data-col-size=\"sm\"><strong data-start=\"5655\" data-end=\"5669\">Opakowanie<\/strong><\/td>\n<td data-start=\"5670\" data-end=\"5723\" data-col-size=\"md\">Szk\u0142o bursztynowe z hermetyczn\u0105 nakr\u0119tk\u0105 laboratoryjn\u0105<\/td>\n<\/tr>\n<\/tbody>\n<\/table>\n<\/div>\n<\/div>\n<hr data-start=\"5725\" data-end=\"5728\" \/>\n<h3 data-start=\"5730\" data-end=\"5747\"><strong data-start=\"5734\" data-end=\"5747\">Zalety<\/strong><\/h3>\n<ul data-start=\"5749\" data-end=\"6197\">\n<li data-start=\"5749\" data-end=\"5842\">\n<p data-start=\"5751\" data-end=\"5842\"><strong data-start=\"5751\" data-end=\"5770\">Wysoka czysto\u015b\u0107<\/strong> \u2013 Przygotuj \u2265 98% czystego 2-FA, aby uzyska\u0107 wiarygodne wyniki bada\u0144.<\/p>\n<\/li>\n<li data-start=\"5843\" data-end=\"5941\">\n<p data-start=\"5845\" data-end=\"5941\"><strong data-start=\"5845\" data-end=\"5872\">Gotowy do u\u017cycia roztw\u00f3r<\/strong> \u2013 Pojemno\u015b\u0107 5 ml zapobiega b\u0142\u0119dom dawkowania i upraszcza eksperymenty.<\/p>\n<\/li>\n<li data-start=\"5942\" data-end=\"6029\">\n<p data-start=\"5944\" data-end=\"6029\"><strong data-start=\"5944\" data-end=\"5964\">Szk\u0142o ochronne<\/strong> \u2013 Rurka bursztynowa zapobiega degradacji pod wp\u0142ywem \u015bwiat\u0142a i utleniania.<\/p>\n<\/li>\n<li data-start=\"6030\" data-end=\"6102\">\n<p data-start=\"6032\" data-end=\"6102\"><strong data-start=\"6032\" data-end=\"6052\">Szeroko stosowane<\/strong> \u2013 Nadaje si\u0119 do GC\/MS, LC-MS, FTIR, UV i HPLC.<\/p>\n<\/li>\n<li data-start=\"6103\" data-end=\"6197\">\n<p data-start=\"6105\" data-end=\"6197\"><strong data-start=\"6105\" data-end=\"6131\">Sprawdzona jako\u015b\u0107 partii<\/strong> \u2013 Ka\u017cda partia jest sprawdzana pod k\u0105tem st\u0119\u017cenia i czysto\u015bci.<\/p>\n<\/li>\n<\/ul>\n<hr data-start=\"6199\" data-end=\"6202\" \/>\n<h3 data-start=\"6204\" data-end=\"6256\"><strong data-start=\"6208\" data-end=\"6254\">U\u017cyj (tylko do cel\u00f3w badawczych)<\/strong><\/h3>\n<ol data-start=\"6258\" data-end=\"6678\">\n<li data-start=\"6258\" data-end=\"6352\">\n<p data-start=\"6261\" data-end=\"6352\"><strong data-start=\"6261\" data-end=\"6276\">Obs\u0142ugiwanie:<\/strong> Nale\u017cy nosi\u0107 r\u0119kawice, okulary ochronne i fartuch laboratoryjny; nale\u017cy pracowa\u0107 pod wyci\u0105giem.<\/p>\n<\/li>\n<li data-start=\"6353\" data-end=\"6421\">\n<p data-start=\"6356\" data-end=\"6421\"><strong data-start=\"6356\" data-end=\"6369\">Pomiary:<\/strong> Do precyzyjnego okre\u015blenia obj\u0119to\u015bci nale\u017cy u\u017cywa\u0107 pipet.<\/p>\n<\/li>\n<li data-start=\"6422\" data-end=\"6493\">\n<p data-start=\"6425\" data-end=\"6493\"><strong data-start=\"6425\" data-end=\"6436\">Sk\u0142adowanie:<\/strong> Przechowywa\u0107 w ch\u0142odnym (2\u20138\u00b0C), suchym i ciemnym miejscu; szczelnie zamkni\u0119te.<\/p>\n<\/li>\n<li data-start=\"6494\" data-end=\"6589\">\n<p data-start=\"6497\" data-end=\"6589\"><strong data-start=\"6497\" data-end=\"6509\">Analiza:<\/strong> Nadaje si\u0119 do chromatografii, spektroskopii i analiz kryminalistycznych.<\/p>\n<\/li>\n<li data-start=\"6590\" data-end=\"6678\">\n<p data-start=\"6593\" data-end=\"6678\"><strong data-start=\"6593\" data-end=\"6610\">Dokumentacja:<\/strong> Rejestruj dane partii i certyfikaty analiz w celu zapewnienia identyfikowalno\u015bci.<\/p>\n<\/li>\n<\/ol>\n<hr data-start=\"6680\" data-end=\"6683\" \/>\n<h3 data-start=\"6685\" data-end=\"6720\"><strong data-start=\"6689\" data-end=\"6718\">Cz\u0119sto zadawane pytania (FAQ)<\/strong><\/h3>\n<p data-start=\"6722\" data-end=\"6902\"><strong data-start=\"6722\" data-end=\"6741\">1. Czym jest uwierzytelnianie dwusk\u0142adnikowe (2-FA)?<\/strong><br data-start=\"6741\" data-end=\"6744\" \/><strong data-start=\"6744\" data-end=\"6773\">2-FA (2-fluoroamfetamina)<\/strong> jest <strong data-start=\"6781\" data-end=\"6811\">fluorowana fenetyloamina<\/strong> kt\u00f3ry s\u0142u\u017cy do bada\u0144 nad transporterami monoamin i aktywno\u015bci\u0105 strukturaln\u0105.<\/p>\n<p data-start=\"6904\" data-end=\"7064\"><strong data-start=\"6904\" data-end=\"6945\">2. Co znajduje si\u0119 w tubce 2-FA 5ml?<\/strong><br data-start=\"6945\" data-end=\"6948\" \/>Tubka zawiera <strong data-start=\"6965\" data-end=\"7006\">5 ml roztworu 2-FA (czysto\u015b\u0107 \u2265 98%)<\/strong> w rozpuszczalniku badawczym o jako\u015bci laboratoryjnej.<\/p>\n<p data-start=\"7066\" data-end=\"7275\"><strong data-start=\"7066\" data-end=\"7104\">3. Czy zakup 2-FA jest legalny?<\/strong><br data-start=\"7104\" data-end=\"7107\" \/>Ten <strong data-start=\"7110\" data-end=\"7133\">legalno\u015b\u0107 2-FA<\/strong> R\u00f3\u017cni si\u0119 w zale\u017cno\u015bci od kraju. W niekt\u00f3rych krajach jest regulowany przez ustaw\u0119 o opium. Zawsze sprawdzaj lokalne przepisy przed u\u017cyciem. <strong data-start=\"7258\" data-end=\"7272\">Zakupy 2-FA<\/strong>.<\/p>","protected":false},"excerpt":{"rendered":"<h2><strong><span dir=\"auto\" style=\"vertical-align: inherit;\"><span dir=\"auto\" style=\"vertical-align: inherit;\">Tubka 2-FA 5 ml<\/span><\/span><\/strong><\/h2>\n<ul>\n<li><strong><span dir=\"auto\" style=\"vertical-align: inherit;\"><span dir=\"auto\" style=\"vertical-align: inherit;\">Opakowanie detaliczne<\/span><\/span><br \/>\n<\/strong><\/li>\n<li><strong><span dir=\"auto\" style=\"vertical-align: inherit;\"><span dir=\"auto\" style=\"vertical-align: inherit;\">Ilo\u015b\u0107 ml na tubk\u0119: 5<\/span><\/span><\/strong><\/li>\n<li><strong><span dir=\"auto\" style=\"vertical-align: inherit;\"><span dir=\"auto\" style=\"vertical-align: inherit;\">Ceny nie zawieraj\u0105 podatku VAT 21%<\/span><\/span><\/strong><\/li>\n<li><strong><span dir=\"auto\" style=\"vertical-align: inherit;\"><span dir=\"auto\" style=\"vertical-align: inherit;\">Sugerowana cena detaliczna: 12,95 \u20ac z VAT<\/span><\/span><\/strong><\/li>\n<\/ul>","protected":false},"featured_media":24506,"comment_status":"closed","ping_status":"closed","template":"","meta":[],"product_brand":[82],"product_cat":[555],"product_tag":[821,822,823,326],"class_list":{"0":"post-24497","1":"product","2":"type-product","3":"status-publish","4":"has-post-thumbnail","6":"product_brand-research-chemical","7":"product_cat-b2b","8":"product_tag-2-fa","9":"product_tag-2-fa-buisje","10":"product_tag-2-fa-werking","11":"product_tag-nl","13":"first","14":"instock","15":"taxable","16":"shipping-taxable","17":"purchasable","18":"product-type-variable"},"_links":{"self":[{"href":"https:\/\/onderzoekschemicals.com\/pl\/wp-json\/wp\/v2\/product\/24497","targetHints":{"allow":["GET"]}}],"collection":[{"href":"https:\/\/onderzoekschemicals.com\/pl\/wp-json\/wp\/v2\/product"}],"about":[{"href":"https:\/\/onderzoekschemicals.com\/pl\/wp-json\/wp\/v2\/types\/product"}],"replies":[{"embeddable":true,"href":"https:\/\/onderzoekschemicals.com\/pl\/wp-json\/wp\/v2\/comments?post=24497"}],"version-history":[{"count":5,"href":"https:\/\/onderzoekschemicals.com\/pl\/wp-json\/wp\/v2\/product\/24497\/revisions"}],"predecessor-version":[{"id":27783,"href":"https:\/\/onderzoekschemicals.com\/pl\/wp-json\/wp\/v2\/product\/24497\/revisions\/27783"}],"wp:featuredmedia":[{"embeddable":true,"href":"https:\/\/onderzoekschemicals.com\/pl\/wp-json\/wp\/v2\/media\/24506"}],"wp:attachment":[{"href":"https:\/\/onderzoekschemicals.com\/pl\/wp-json\/wp\/v2\/media?parent=24497"}],"wp:term":[{"taxonomy":"product_brand","embeddable":true,"href":"https:\/\/onderzoekschemicals.com\/pl\/wp-json\/wp\/v2\/product_brand?post=24497"},{"taxonomy":"product_cat","embeddable":true,"href":"https:\/\/onderzoekschemicals.com\/pl\/wp-json\/wp\/v2\/product_cat?post=24497"},{"taxonomy":"product_tag","embeddable":true,"href":"https:\/\/onderzoekschemicals.com\/pl\/wp-json\/wp\/v2\/product_tag?post=24497"}],"curies":[{"name":"wp","href":"https:\/\/api.w.org\/{rel}","templated":true}]}}