{"id":24494,"date":"2025-10-20T17:41:49","date_gmt":"2025-10-20T17:41:49","guid":{"rendered":"https:\/\/onderzoekschemicals.com\/?post_type=product&#038;p=24494"},"modified":"2025-11-28T04:47:08","modified_gmt":"2025-11-28T04:47:08","slug":"5-mapb-2","status":"publish","type":"product","link":"https:\/\/onderzoekschemicals.com\/pl\/shop\/b2b\/5-mapb-2\/","title":{"rendered":"Tubka 5-MAPB 5 ml"},"content":{"rendered":"<ul>\n<li>\n<h3 data-start=\"4017\" data-end=\"4038\"><strong data-start=\"4021\" data-end=\"4036\">Wst\u0119p<\/strong><\/h3>\n<p data-start=\"4039\" data-end=\"4448\"><strong data-start=\"4039\" data-end=\"4060\">Tubka 5-MAPB 5 ml<\/strong> zawiera <strong data-start=\"4071\" data-end=\"4115\">precyzyjnie przygotowany roztw\u00f3r laboratoryjny<\/strong> przez <strong data-start=\"4120\" data-end=\"4166\">5-MAPB (5-(2-metyloaminopropylo)benzofuran)<\/strong> - Jaki\u015b <strong data-start=\"4173\" data-end=\"4202\">substancja badawcza benzofuran<\/strong> kt\u00f3ry jest strukturalnie powi\u0105zany z <strong data-start=\"4234\" data-end=\"4243\">6-APB<\/strong> I <strong data-start=\"4247\" data-end=\"4255\">MDMA<\/strong>. 5 map<br data-start=\"4256\" data-end=\"4259\" \/>Wewn\u0105trz <strong data-start=\"4266\" data-end=\"4307\">badania analityczne i neurochemiczne<\/strong> 5-MAPB jest stosowany w badaniach nad <strong data-start=\"4348\" data-end=\"4374\">transportery monoamin<\/strong>, <strong data-start=\"4376\" data-end=\"4402\">aktywno\u015b\u0107 serotoninergiczna<\/strong> I <strong data-start=\"4406\" data-end=\"4445\">chromatograficzna analiza referencyjna<\/strong>.<\/p>\n<p data-start=\"4450\" data-end=\"4650\">Roztw\u00f3r przygotowuje si\u0119 z <strong data-start=\"4480\" data-end=\"4503\">\u2265 98% czysty 5-MAPB<\/strong>, rozpuszczony w <strong data-start=\"4521\" data-end=\"4553\">rozpuszczalnik klasy badawczej<\/strong>i zapakowane w <strong data-start=\"4573\" data-end=\"4607\">bursztynowa szklana tubka 5ml<\/strong> w celu ochrony przed \u015bwiat\u0142em i utlenianiem.<\/p>\n<blockquote data-start=\"4652\" data-end=\"4798\">\n<p data-start=\"4654\" data-end=\"4798\">\u26a0\ufe0f <strong data-start=\"4657\" data-end=\"4668\">UWAGA:<\/strong> Ten produkt jest przeznaczony wy\u0142\u0105cznie do u\u017cytku <strong data-start=\"4709\" data-end=\"4744\">badania i wykorzystanie analityczne<\/strong> \u2014 <strong data-start=\"4747\" data-end=\"4795\">nie do spo\u017cycia przez ludzi i zwierz\u0119ta<\/strong>.<\/p>\n<\/blockquote>\n<hr data-start=\"4800\" data-end=\"4803\" \/>\n<h3 data-start=\"4805\" data-end=\"4836\"><strong data-start=\"4809\" data-end=\"4836\">G\u0142\u00f3wne cechy<\/strong><\/h3>\n<div class=\"_tableContainer_1rjym_1\">\n<div class=\"group _tableWrapper_1rjym_13 flex w-fit flex-col-reverse\" tabindex=\"-1\">\n<table class=\"w-fit min-w-(--thread-content-width)\" data-start=\"4838\" data-end=\"5435\">\n<thead data-start=\"4838\" data-end=\"4864\">\n<tr data-start=\"4838\" data-end=\"4864\">\n<th data-start=\"4838\" data-end=\"4848\" data-col-size=\"sm\">Funkcja<\/th>\n<th data-start=\"4848\" data-end=\"4864\" data-col-size=\"md\">Opis<\/th>\n<\/tr>\n<\/thead>\n<tbody data-start=\"4893\" data-end=\"5435\">\n<tr data-start=\"4893\" data-end=\"4951\">\n<td data-start=\"4893\" data-end=\"4914\" data-col-size=\"sm\"><strong data-start=\"4895\" data-end=\"4913\">Nazwa chemiczna<\/strong><\/td>\n<td data-start=\"4914\" data-end=\"4951\" data-col-size=\"md\">5-(2-metyloaminopropylo)benzofuran<\/td>\n<\/tr>\n<tr data-start=\"4952\" data-end=\"4987\">\n<td data-start=\"4952\" data-end=\"4977\" data-col-size=\"sm\"><strong data-start=\"4954\" data-end=\"4976\">Nazwa zwyczajowa<\/strong><\/td>\n<td data-start=\"4977\" data-end=\"4987\" data-col-size=\"md\">5-MAPB<\/td>\n<\/tr>\n<tr data-start=\"4988\" data-end=\"5024\">\n<td data-start=\"4988\" data-end=\"5012\" data-col-size=\"sm\"><strong data-start=\"4990\" data-end=\"5011\">Wz\u00f3r chemiczny<\/strong><\/td>\n<td data-start=\"5012\" data-end=\"5024\" data-col-size=\"md\">C\u2081\u2082H\u2081\u2087NO<\/td>\n<\/tr>\n<tr data-start=\"5025\" data-end=\"5063\">\n<td data-start=\"5025\" data-end=\"5047\" data-col-size=\"sm\"><strong data-start=\"5027\" data-end=\"5046\">Masa cz\u0105steczkowa<\/strong><\/td>\n<td data-start=\"5047\" data-end=\"5063\" data-col-size=\"md\">191,27 g\/mol<\/td>\n<\/tr>\n<tr data-start=\"5064\" data-end=\"5125\">\n<td data-start=\"5064\" data-end=\"5075\" data-col-size=\"sm\"><strong data-start=\"5066\" data-end=\"5074\">Formularz<\/strong><\/td>\n<td data-start=\"5075\" data-end=\"5125\" data-col-size=\"md\">Roztw\u00f3r ciek\u0142y (w rozpuszczalniku testowym)<\/td>\n<\/tr>\n<tr data-start=\"5126\" data-end=\"5189\">\n<td data-start=\"5126\" data-end=\"5145\" data-col-size=\"sm\"><strong data-start=\"5128\" data-end=\"5144\">St\u0119\u017cenie<\/strong><\/td>\n<td data-start=\"5145\" data-end=\"5189\" data-col-size=\"md\">Norma laboratoryjna (zale\u017cna od partii)<\/td>\n<\/tr>\n<tr data-start=\"5190\" data-end=\"5237\">\n<td data-start=\"5190\" data-end=\"5203\" data-col-size=\"sm\"><strong data-start=\"5192\" data-end=\"5202\">Tom<\/strong><\/td>\n<td data-start=\"5203\" data-end=\"5237\" data-col-size=\"md\">5 ml bursztynowa szklana tubka<\/td>\n<\/tr>\n<tr data-start=\"5238\" data-end=\"5289\">\n<td data-start=\"5238\" data-end=\"5255\" data-col-size=\"sm\"><strong data-start=\"5240\" data-end=\"5254\">Czysto\u015b\u0107<\/strong><\/td>\n<td data-start=\"5255\" data-end=\"5289\" data-col-size=\"md\">\u2265 98% (testowane metod\u0105 HPLC i NMR)<\/td>\n<\/tr>\n<tr data-start=\"5290\" data-end=\"5369\">\n<td data-start=\"5290\" data-end=\"5304\" data-col-size=\"sm\"><strong data-start=\"5292\" data-end=\"5303\">Stosowanie<\/strong><\/td>\n<td data-start=\"5304\" data-end=\"5369\" data-col-size=\"md\">Tylko do bada\u0144 analitycznych, kryminalistycznych i neurochemicznych<\/td>\n<\/tr>\n<tr data-start=\"5370\" data-end=\"5435\">\n<td data-start=\"5370\" data-end=\"5387\" data-col-size=\"sm\"><strong data-start=\"5372\" data-end=\"5386\">Opakowanie<\/strong><\/td>\n<td data-start=\"5387\" data-end=\"5435\" data-col-size=\"md\">Szk\u0142o bursztynowe z hermetycznym zamkni\u0119ciem<\/td>\n<\/tr>\n<\/tbody>\n<\/table>\n<\/div>\n<\/div>\n<hr data-start=\"5437\" data-end=\"5440\" \/>\n<h3 data-start=\"5442\" data-end=\"5459\"><strong data-start=\"5446\" data-end=\"5459\">Zalety<\/strong><\/h3>\n<ul data-start=\"5461\" data-end=\"5878\">\n<li data-start=\"5461\" data-end=\"5556\">\n<p data-start=\"5463\" data-end=\"5556\"><strong data-start=\"5463\" data-end=\"5482\">Wysoka czysto\u015b\u0107<\/strong> \u2013 Przygotuj \u2265 98% czystego 5-MAPB, aby uzyska\u0107 wiarygodne wyniki bada\u0144.<\/p>\n<\/li>\n<li data-start=\"5557\" data-end=\"5636\">\n<p data-start=\"5559\" data-end=\"5636\"><strong data-start=\"5559\" data-end=\"5586\">Gotowy do u\u017cycia roztw\u00f3r<\/strong> \u2013 Tubka 5 ml u\u0142atwia dozowanie i analiz\u0119.<\/p>\n<\/li>\n<li data-start=\"5637\" data-end=\"5708\">\n<p data-start=\"5639\" data-end=\"5708\"><strong data-start=\"5639\" data-end=\"5662\">Szk\u0142o odporne na \u015bwiat\u0142o<\/strong> \u2013 Chroni po\u0142\u0105czenie przed degradacj\u0105. 5 mapb<\/p>\n<\/li>\n<li data-start=\"5709\" data-end=\"5799\">\n<p data-start=\"5711\" data-end=\"5799\"><strong data-start=\"5711\" data-end=\"5741\">Badania szeroko stosowane<\/strong> \u2013 Nadaje si\u0119 do analizy GC\/MS, LC-MS, HPLC, FTIR i UV.<\/p>\n<\/li>\n<li data-start=\"5800\" data-end=\"5878\">\n<p data-start=\"5802\" data-end=\"5878\"><strong data-start=\"5802\" data-end=\"5825\">Sterowane partiami<\/strong> \u2013 Ka\u017cda partia jest testowana pod k\u0105tem st\u0119\u017cenia i czysto\u015bci.<\/p>\n<\/li>\n<\/ul>\n<hr data-start=\"5880\" data-end=\"5883\" \/>\n<h3 data-start=\"5885\" data-end=\"5937\"><strong data-start=\"5889\" data-end=\"5935\">U\u017cyj (tylko do cel\u00f3w badawczych)<\/strong><\/h3>\n<ol data-start=\"5939\" data-end=\"6330\">\n<li data-start=\"5939\" data-end=\"6033\">\n<p data-start=\"5942\" data-end=\"6033\"><strong data-start=\"5942\" data-end=\"5957\">Obs\u0142ugiwanie:<\/strong> Nale\u017cy nosi\u0107 r\u0119kawice, okulary ochronne i fartuch laboratoryjny; nale\u017cy pracowa\u0107 pod wyci\u0105giem.<\/p>\n<\/li>\n<li data-start=\"6034\" data-end=\"6096\">\n<p data-start=\"6037\" data-end=\"6096\"><strong data-start=\"6037\" data-end=\"6050\">Pomiary:<\/strong> Do precyzyjnego dawkowania nale\u017cy u\u017cywa\u0107 pipet.<\/p>\n<\/li>\n<li data-start=\"6097\" data-end=\"6167\">\n<p data-start=\"6100\" data-end=\"6167\"><strong data-start=\"6100\" data-end=\"6111\">Sk\u0142adowanie:<\/strong> Przechowywa\u0107 w ch\u0142odnym (2\u20138\u00b0C), suchym i ciemnym miejscu; nie zamra\u017ca\u0107.<\/p>\n<\/li>\n<li data-start=\"6168\" data-end=\"6263\">\n<p data-start=\"6171\" data-end=\"6263\"><strong data-start=\"6171\" data-end=\"6183\">Analiza:<\/strong> Nadaje si\u0119 do chromatografii, spektroskopii i analiz kryminalistycznych.<\/p>\n<\/li>\n<li data-start=\"6264\" data-end=\"6330\">\n<p data-start=\"6267\" data-end=\"6330\"><strong data-start=\"6267\" data-end=\"6284\">Dokumentacja:<\/strong> Rejestruj numery partii i certyfikaty analiz.<\/p>\n<\/li>\n<\/ol>\n<hr data-start=\"6332\" data-end=\"6335\" \/>\n<h3 data-start=\"6337\" data-end=\"6372\"><strong data-start=\"6341\" data-end=\"6370\">Cz\u0119sto zadawane pytania (FAQ)<\/strong><\/h3>\n<p data-start=\"6374\" data-end=\"6553\"><strong data-start=\"6374\" data-end=\"6395\">1. Czym jest 5-MAPB?<\/strong><br data-start=\"6395\" data-end=\"6398\" \/><strong data-start=\"6398\" data-end=\"6444\">5-MAPB (5-(2-metyloaminopropylo)benzofuran)<\/strong> jest <strong data-start=\"6452\" data-end=\"6490\">syntetyczny zwi\u0105zek benzofuranu<\/strong> kt\u00f3ry jest stosowany w badaniach analitycznych i neurochemicznych.<\/p>\n<p data-start=\"6555\" data-end=\"6708\"><strong data-start=\"6555\" data-end=\"6598\">2. Co znajduje si\u0119 w tubce 5-MAPB 5 ml?<\/strong><br data-start=\"6598\" data-end=\"6601\" \/>Tubka zawiera <strong data-start=\"6618\" data-end=\"6642\">5 ml roztworu 5-MAPB<\/strong> (czysto\u015b\u0107 \u2265 98%), gotowy do u\u017cycia w analizach laboratoryjnych.<\/p>\n<p data-start=\"6710\" data-end=\"6922\"><strong data-start=\"6710\" data-end=\"6750\">3. Czy zakup 5-MAPB jest legalny?<\/strong><br data-start=\"6750\" data-end=\"6753\" \/>Ten <strong data-start=\"6756\" data-end=\"6781\">legalno\u015b\u0107 5-MAPB<\/strong> R\u00f3\u017cni si\u0119 w zale\u017cno\u015bci od kraju. W niekt\u00f3rych krajach jest regulowany przez ustaw\u0119 o opium; zawsze sprawd\u017a lokalne przepisy przed u\u017cyciem. <strong data-start=\"6903\" data-end=\"6919\">Kupno 5-MAPB<\/strong>.<\/p>\n<\/li>\n<\/ul>","protected":false},"excerpt":{"rendered":"<h2><strong><span dir=\"auto\" style=\"vertical-align: inherit;\"><span dir=\"auto\" style=\"vertical-align: inherit;\">Tubka 5-MAPB 5 ml<\/span><\/span><\/strong><\/h2>","protected":false},"featured_media":29263,"comment_status":"closed","ping_status":"closed","template":"","meta":[],"product_brand":[],"product_cat":[555],"product_tag":[109,326],"class_list":{"0":"post-24494","1":"product","2":"type-product","3":"status-publish","4":"has-post-thumbnail","6":"product_cat-b2b","7":"product_tag-5-mapb","8":"product_tag-nl","10":"first","11":"instock","12":"taxable","13":"shipping-taxable","14":"purchasable","15":"product-type-variable"},"_links":{"self":[{"href":"https:\/\/onderzoekschemicals.com\/pl\/wp-json\/wp\/v2\/product\/24494","targetHints":{"allow":["GET"]}}],"collection":[{"href":"https:\/\/onderzoekschemicals.com\/pl\/wp-json\/wp\/v2\/product"}],"about":[{"href":"https:\/\/onderzoekschemicals.com\/pl\/wp-json\/wp\/v2\/types\/product"}],"replies":[{"embeddable":true,"href":"https:\/\/onderzoekschemicals.com\/pl\/wp-json\/wp\/v2\/comments?post=24494"}],"version-history":[{"count":5,"href":"https:\/\/onderzoekschemicals.com\/pl\/wp-json\/wp\/v2\/product\/24494\/revisions"}],"predecessor-version":[{"id":27782,"href":"https:\/\/onderzoekschemicals.com\/pl\/wp-json\/wp\/v2\/product\/24494\/revisions\/27782"}],"wp:featuredmedia":[{"embeddable":true,"href":"https:\/\/onderzoekschemicals.com\/pl\/wp-json\/wp\/v2\/media\/29263"}],"wp:attachment":[{"href":"https:\/\/onderzoekschemicals.com\/pl\/wp-json\/wp\/v2\/media?parent=24494"}],"wp:term":[{"taxonomy":"product_brand","embeddable":true,"href":"https:\/\/onderzoekschemicals.com\/pl\/wp-json\/wp\/v2\/product_brand?post=24494"},{"taxonomy":"product_cat","embeddable":true,"href":"https:\/\/onderzoekschemicals.com\/pl\/wp-json\/wp\/v2\/product_cat?post=24494"},{"taxonomy":"product_tag","embeddable":true,"href":"https:\/\/onderzoekschemicals.com\/pl\/wp-json\/wp\/v2\/product_tag?post=24494"}],"curies":[{"name":"wp","href":"https:\/\/api.w.org\/{rel}","templated":true}]}}