{"id":24490,"date":"2025-10-20T17:41:49","date_gmt":"2025-10-20T17:41:49","guid":{"rendered":"https:\/\/onderzoekschemicals.com\/?post_type=product&#038;p=24490"},"modified":"2025-10-21T16:11:58","modified_gmt":"2025-10-21T16:11:58","slug":"fluor-mix-zakje-1gr-4-fma","status":"publish","type":"product","link":"https:\/\/onderzoekschemicals.com\/pl\/shop\/b2b\/fluor-mix-zakje-1gr-4-fma\/","title":{"rendered":"Torebka z mieszank\u0105 fluoru 1gr"},"content":{"rendered":"<h3 data-start=\"4116\" data-end=\"4137\"><strong data-start=\"4120\" data-end=\"4135\">Wst\u0119p<\/strong><\/h3>\n<p data-start=\"4138\" data-end=\"4536\"><strong data-start=\"4138\" data-end=\"4162\">Torebka z mieszank\u0105 fluoru (1 g)<\/strong> zawiera <strong data-start=\"4169\" data-end=\"4222\">1 gram fluorowanych substancji badawczych o wysokiej czysto\u015bci<\/strong>, specjalnie opracowany dla <strong data-start=\"4249\" data-end=\"4309\">badania analityczne, kryminalistyczne i chemiczne w laboratorium<\/strong>. 4 fma<br data-start=\"4310\" data-end=\"4313\" \/>Ta mieszanka zawiera <strong data-start=\"4328\" data-end=\"4354\">analogi fluorowane<\/strong> wybranych zwi\u0105zk\u00f3w badawczych, idealnych do <strong data-start=\"4412\" data-end=\"4463\">badania zale\u017cno\u015bci struktura-aktywno\u015b\u0107 (SAR)<\/strong>, <strong data-start=\"4465\" data-end=\"4495\">analizy chromatograficzne<\/strong> I <strong data-start=\"4499\" data-end=\"4533\">identyfikacja spektroskopowa<\/strong>.<\/p>\n<p data-start=\"4538\" data-end=\"4856\">Ka\u017cda partia jest produkowana pod <strong data-start=\"4574\" data-end=\"4619\">kontrolowane warunki laboratoryjne<\/strong> i przetestowane na <strong data-start=\"4637\" data-end=\"4661\">czysto\u015b\u0107 \u2265 98%<\/strong>, co gwarantuje sp\u00f3jne i wiarygodne wyniki bada\u0144.<br data-start=\"4726\" data-end=\"4729\" \/>Mieszanka dostarczana jest w <strong data-start=\"4758\" data-end=\"4807\">odporna na wilgo\u0107, zamykana torba laboratoryjna<\/strong> dla bezpiecznego przechowywania i d\u0142ugoterminowej stabilno\u015bci.<\/p>\n<blockquote data-start=\"4858\" data-end=\"5002\">\n<p data-start=\"4860\" data-end=\"5002\">\u26a0\ufe0f <strong data-start=\"4863\" data-end=\"4874\">UWAGA:<\/strong> Fluor Mix przeznaczony jest wy\u0142\u0105cznie do <strong data-start=\"4913\" data-end=\"4948\">badania i wykorzystanie analityczne<\/strong> \u2014 <strong data-start=\"4951\" data-end=\"4999\">nie do spo\u017cycia przez ludzi i zwierz\u0119ta<\/strong>.<\/p>\n<\/blockquote>\n<hr data-start=\"5004\" data-end=\"5007\" \/>\n<h3 data-start=\"5009\" data-end=\"5040\"><strong data-start=\"5013\" data-end=\"5040\">G\u0142\u00f3wne cechy<\/strong><\/h3>\n<div class=\"_tableContainer_1rjym_1\">\n<div class=\"group _tableWrapper_1rjym_13 flex w-fit flex-col-reverse\" tabindex=\"-1\">\n<table class=\"w-fit min-w-(--thread-content-width)\" data-start=\"5042\" data-end=\"5582\">\n<thead data-start=\"5042\" data-end=\"5068\">\n<tr data-start=\"5042\" data-end=\"5068\">\n<th data-start=\"5042\" data-end=\"5052\" data-col-size=\"sm\">Funkcja<\/th>\n<th data-start=\"5052\" data-end=\"5068\" data-col-size=\"md\">Opis<\/th>\n<\/tr>\n<\/thead>\n<tbody data-start=\"5097\" data-end=\"5582\">\n<tr data-start=\"5097\" data-end=\"5128\">\n<td data-start=\"5097\" data-end=\"5115\" data-col-size=\"sm\"><strong data-start=\"5099\" data-end=\"5114\">Nazwa produktu<\/strong><\/td>\n<td data-start=\"5115\" data-end=\"5128\" data-col-size=\"md\">Mieszanka fluoru<\/td>\n<\/tr>\n<tr data-start=\"5129\" data-end=\"5167\">\n<td data-start=\"5129\" data-end=\"5147\" data-col-size=\"sm\"><strong data-start=\"5131\" data-end=\"5146\">Ilo\u015b\u0107<\/strong><\/td>\n<td data-start=\"5147\" data-end=\"5167\" data-col-size=\"md\">1 gram na torebk\u0119<\/td>\n<\/tr>\n<tr data-start=\"5168\" data-end=\"5206\">\n<td data-start=\"5168\" data-end=\"5179\" data-col-size=\"sm\"><strong data-start=\"5170\" data-end=\"5178\">Formularz<\/strong><\/td>\n<td data-start=\"5179\" data-end=\"5206\" data-col-size=\"md\">Drobny krystaliczny proszek<\/td>\n<\/tr>\n<tr data-start=\"5207\" data-end=\"5260\">\n<td data-start=\"5207\" data-end=\"5224\" data-col-size=\"sm\"><strong data-start=\"5209\" data-end=\"5223\">Czysto\u015b\u0107<\/strong><\/td>\n<td data-start=\"5224\" data-end=\"5260\" data-col-size=\"md\">\u2265 98% (testowane metod\u0105 HPLC i GC\/MS)<\/td>\n<\/tr>\n<tr data-start=\"5261\" data-end=\"5346\">\n<td data-start=\"5261\" data-end=\"5281\" data-col-size=\"sm\"><strong data-start=\"5263\" data-end=\"5280\">Mieszanina<\/strong><\/td>\n<td data-start=\"5281\" data-end=\"5346\" data-col-size=\"md\">Mieszanina fluorowanych substancji badawczych (zale\u017cna od partii)<\/td>\n<\/tr>\n<tr data-start=\"5347\" data-end=\"5423\">\n<td data-start=\"5347\" data-end=\"5368\" data-col-size=\"sm\"><strong data-start=\"5349\" data-end=\"5367\">Typ chemiczny<\/strong><\/td>\n<td data-start=\"5368\" data-end=\"5423\" data-col-size=\"md\">Mieszanina analog\u00f3w fluorowanych \/ standard analityczny<\/td>\n<\/tr>\n<tr data-start=\"5424\" data-end=\"5498\">\n<td data-start=\"5424\" data-end=\"5438\" data-col-size=\"sm\"><strong data-start=\"5426\" data-end=\"5437\">Stosowanie<\/strong><\/td>\n<td data-start=\"5438\" data-end=\"5498\" data-col-size=\"md\">Tylko do bada\u0144 analitycznych, kryminalistycznych i chemicznych<\/td>\n<\/tr>\n<tr data-start=\"5499\" data-end=\"5582\">\n<td data-start=\"5499\" data-end=\"5516\" data-col-size=\"sm\"><strong data-start=\"5501\" data-end=\"5515\">Opakowanie<\/strong><\/td>\n<td data-start=\"5516\" data-end=\"5582\" data-col-size=\"md\">Zamykana, antystatyczna i odporna na wilgo\u0107 torba laboratoryjna<\/td>\n<\/tr>\n<\/tbody>\n<\/table>\n<\/div>\n<\/div>\n<hr data-start=\"5584\" data-end=\"5587\" \/>\n<h3 data-start=\"5589\" data-end=\"5606\"><strong data-start=\"5593\" data-end=\"5606\">Zalety<\/strong><\/h3>\n<ul data-start=\"5608\" data-end=\"6045\">\n<li data-start=\"5608\" data-end=\"5688\">\n<p data-start=\"5610\" data-end=\"5688\"><strong data-start=\"5610\" data-end=\"5629\">Wysoka czysto\u015b\u0107<\/strong> \u2013 \u2265 98% jako\u015b\u0107 laboratoryjna zapewniaj\u0105ca wiarygodne analizy.<\/p>\n<\/li>\n<li data-start=\"5689\" data-end=\"5779\">\n<p data-start=\"5691\" data-end=\"5779\"><strong data-start=\"5691\" data-end=\"5716\">Formu\u0142a zawieraj\u0105ca fluor<\/strong> \u2013 Zawiera starannie wyselekcjonowane analogi do por\u00f3wnania.<\/p>\n<\/li>\n<li data-start=\"5780\" data-end=\"5875\">\n<p data-start=\"5782\" data-end=\"5875\"><strong data-start=\"5782\" data-end=\"5812\">Badania szeroko stosowane<\/strong> \u2013 Nadaje si\u0119 do bada\u0144 chromatograficznych i spektroskopowych.<\/p>\n<\/li>\n<li data-start=\"5876\" data-end=\"5968\">\n<p data-start=\"5878\" data-end=\"5968\"><strong data-start=\"5878\" data-end=\"5906\">Kontrolowana produkcja<\/strong> \u2013 Ka\u017cda partia jest produkowana w warunkach laboratoryjnych.<\/p>\n<\/li>\n<li data-start=\"5969\" data-end=\"6045\">\n<p data-start=\"5971\" data-end=\"6045\"><strong data-start=\"5971\" data-end=\"5993\">D\u0142ugi okres przydatno\u015bci do spo\u017cycia<\/strong> \u2013 Opakowanie chroni przed wilgoci\u0105 i degradacj\u0105.<\/p>\n<\/li>\n<\/ul>\n<hr data-start=\"6047\" data-end=\"6050\" \/>\n<h3 data-start=\"6052\" data-end=\"6104\"><strong data-start=\"6056\" data-end=\"6102\">U\u017cyj (tylko do cel\u00f3w badawczych)<\/strong><\/h3>\n<ol data-start=\"6106\" data-end=\"6508\">\n<li data-start=\"6106\" data-end=\"6212\">\n<p data-start=\"6109\" data-end=\"6212\"><strong data-start=\"6109\" data-end=\"6124\">Obs\u0142ugiwanie:<\/strong> Nale\u017cy nosi\u0107 r\u0119kawice, okulary ochronne i fartuch laboratoryjny; nale\u017cy pracowa\u0107 w kontrolowanym \u015brodowisku.<\/p>\n<\/li>\n<li data-start=\"6213\" data-end=\"6288\">\n<p data-start=\"6216\" data-end=\"6288\"><strong data-start=\"6216\" data-end=\"6229\">Pomiary:<\/strong> U\u017cywaj skalibrowanych wag i przyrz\u0105d\u00f3w laboratoryjnych.<\/p>\n<\/li>\n<li data-start=\"6289\" data-end=\"6367\">\n<p data-start=\"6292\" data-end=\"6367\"><strong data-start=\"6292\" data-end=\"6303\">Sk\u0142adowanie:<\/strong> Przechowywa\u0107 w ch\u0142odnym (2\u20138\u00b0C), suchym i ciemnym miejscu, w oryginalnym opakowaniu.<\/p>\n<\/li>\n<li data-start=\"6368\" data-end=\"6432\">\n<p data-start=\"6371\" data-end=\"6432\"><strong data-start=\"6371\" data-end=\"6383\">Analiza:<\/strong> Nadaje si\u0119 do GC\/MS, LC-MS, HPLC, FTIR i NMR. 4 fma<\/p>\n<\/li>\n<li data-start=\"6433\" data-end=\"6508\">\n<p data-start=\"6436\" data-end=\"6508\"><strong data-start=\"6436\" data-end=\"6453\">Dokumentacja:<\/strong> Rejestruj numery partii i wyniki test\u00f3w w celu zapewnienia zgodno\u015bci.<\/p>\n<\/li>\n<\/ol>\n<hr data-start=\"6510\" data-end=\"6513\" \/>\n<h3 data-start=\"6515\" data-end=\"6550\"><strong data-start=\"6519\" data-end=\"6548\">Cz\u0119sto zadawane pytania (FAQ)<\/strong><\/h3>\n<p data-start=\"6552\" data-end=\"6689\"><strong data-start=\"6552\" data-end=\"6576\">1. Czym jest Fluor Mix?<\/strong><br data-start=\"6576\" data-end=\"6579\" \/><strong data-start=\"6579\" data-end=\"6592\">Mieszanka fluoru<\/strong> jest <strong data-start=\"6600\" data-end=\"6646\">mieszanina fluorowanych substancji badawczych<\/strong> do bada\u0144 analitycznych i kryminalistycznych.<\/p>\n<p data-start=\"6691\" data-end=\"6829\"><strong data-start=\"6691\" data-end=\"6737\">2. Co zawiera saszetka Fluor Mix (1 g)?<\/strong><br data-start=\"6737\" data-end=\"6740\" \/>Torba zawiera <strong data-start=\"6756\" data-end=\"6812\">1 gram zwi\u0105zk\u00f3w fluorowanych o wysokiej czysto\u015bci (\u2265 98%)<\/strong> w postaci proszku.<\/p>\n<p data-start=\"6831\" data-end=\"7016\"><strong data-start=\"6831\" data-end=\"6874\">3. Czy zakup Fluor Mix jest legalny?<\/strong><br data-start=\"6874\" data-end=\"6877\" \/>Ten <strong data-start=\"6880\" data-end=\"6908\">legalno\u015b\u0107 Fluor Mix<\/strong> R\u00f3\u017cni si\u0119 w zale\u017cno\u015bci od kraju i sk\u0142adu. Zawsze sprawdzaj lokalne przepisy przed u\u017cyciem. <strong data-start=\"6994\" data-end=\"7013\">Fluor Mix kupuje<\/strong>.<\/p>","protected":false},"excerpt":{"rendered":"<h2><strong><span dir=\"auto\" style=\"vertical-align: inherit;\"><span dir=\"auto\" style=\"vertical-align: inherit;\">Saszetka z mieszank\u0105 fluoru (4-FMA, 2-FMA, 2-FA) o wadze 1 grama<\/span><\/span><\/strong><\/h2>","protected":false},"featured_media":21609,"comment_status":"closed","ping_status":"closed","template":"","meta":[],"product_brand":[],"product_cat":[555],"product_tag":[629,644,326],"class_list":{"0":"post-24490","1":"product","2":"type-product","3":"status-publish","4":"has-post-thumbnail","6":"product_cat-b2b","7":"product_tag-4-fma-kopen","8":"product_tag-4-fma","9":"product_tag-nl","11":"first","12":"instock","13":"taxable","14":"shipping-taxable","15":"purchasable","16":"product-type-variable"},"_links":{"self":[{"href":"https:\/\/onderzoekschemicals.com\/pl\/wp-json\/wp\/v2\/product\/24490","targetHints":{"allow":["GET"]}}],"collection":[{"href":"https:\/\/onderzoekschemicals.com\/pl\/wp-json\/wp\/v2\/product"}],"about":[{"href":"https:\/\/onderzoekschemicals.com\/pl\/wp-json\/wp\/v2\/types\/product"}],"replies":[{"embeddable":true,"href":"https:\/\/onderzoekschemicals.com\/pl\/wp-json\/wp\/v2\/comments?post=24490"}],"version-history":[{"count":5,"href":"https:\/\/onderzoekschemicals.com\/pl\/wp-json\/wp\/v2\/product\/24490\/revisions"}],"predecessor-version":[{"id":27781,"href":"https:\/\/onderzoekschemicals.com\/pl\/wp-json\/wp\/v2\/product\/24490\/revisions\/27781"}],"wp:featuredmedia":[{"embeddable":true,"href":"https:\/\/onderzoekschemicals.com\/pl\/wp-json\/wp\/v2\/media\/21609"}],"wp:attachment":[{"href":"https:\/\/onderzoekschemicals.com\/pl\/wp-json\/wp\/v2\/media?parent=24490"}],"wp:term":[{"taxonomy":"product_brand","embeddable":true,"href":"https:\/\/onderzoekschemicals.com\/pl\/wp-json\/wp\/v2\/product_brand?post=24490"},{"taxonomy":"product_cat","embeddable":true,"href":"https:\/\/onderzoekschemicals.com\/pl\/wp-json\/wp\/v2\/product_cat?post=24490"},{"taxonomy":"product_tag","embeddable":true,"href":"https:\/\/onderzoekschemicals.com\/pl\/wp-json\/wp\/v2\/product_tag?post=24490"}],"curies":[{"name":"wp","href":"https:\/\/api.w.org\/{rel}","templated":true}]}}