{"id":24336,"date":"2025-04-13T17:41:30","date_gmt":"2025-04-13T17:41:30","guid":{"rendered":"https:\/\/onderzoekschemicals.com\/?post_type=product&#038;p=24336"},"modified":"2025-10-12T14:10:58","modified_gmt":"2025-10-12T14:10:58","slug":"dmxe-ervaring","status":"publish","type":"product","link":"https:\/\/onderzoekschemicals.com\/pl\/shop\/b2b\/dmxe-ervaring\/","title":{"rendered":"RC+ D-MEX 40 mg Blister"},"content":{"rendered":"<h3 data-start=\"4145\" data-end=\"4166\"><strong data-start=\"4149\" data-end=\"4164\">Wst\u0119p<\/strong><\/h3>\n<p data-start=\"4167\" data-end=\"4538\"><strong data-start=\"4167\" data-end=\"4193\">RC+ D-MEX 40 mg Blister<\/strong> zawiera <strong data-start=\"4200\" data-end=\"4242\">40 miligram\u00f3w DMXE (deoksymetoksetaminy)<\/strong> - Jaki\u015b <strong data-start=\"4249\" data-end=\"4282\">zwi\u0105zek arylocykloheksyloaminy<\/strong> kt\u00f3ry jest powi\u0105zany z <strong data-start=\"4302\" data-end=\"4325\">MXE (metoksetamina)<\/strong> I <strong data-start=\"4329\" data-end=\"4341\">ketamina<\/strong>. do\u015bwiadczenie dmxe<br data-start=\"4342\" data-end=\"4345\" \/>Jest u\u017cywany w <strong data-start=\"4367\" data-end=\"4405\">badania kryminalistyczne i analityczne<\/strong> Do <strong data-start=\"4409\" data-end=\"4437\">Interakcje receptora NMDA<\/strong>, <strong data-start=\"4439\" data-end=\"4481\">zale\u017cno\u015bci struktura-aktywno\u015b\u0107 (SAR)<\/strong> I <strong data-start=\"4485\" data-end=\"4520\">w\u0142a\u015bciwo\u015bci chromatograficzne<\/strong> zbada\u0107.<\/p>\n<p data-start=\"4540\" data-end=\"4822\">Ka\u017cda peletka zawiera <strong data-start=\"4558\" data-end=\"4571\">40 mg \u00b1 2 mg<\/strong> i jest produkowany pod <strong data-start=\"4600\" data-end=\"4645\">kontrolowane warunki laboratoryjne<\/strong>.<br data-start=\"4646\" data-end=\"4649\" \/>Ka\u017cda partia ma <strong data-start=\"4670\" data-end=\"4694\">czysto\u015b\u0107 \u2265 98%<\/strong>, potwierdzone przez <strong data-start=\"4710\" data-end=\"4725\">HPLC i NMR<\/strong>Peletki s\u0105 <strong data-start=\"4743\" data-end=\"4777\">zapakowane w blistrze<\/strong> aby zapewni\u0107 stabilno\u015b\u0107 i jako\u015b\u0107.<\/p>\n<blockquote data-start=\"4824\" data-end=\"4968\">\n<p data-start=\"4826\" data-end=\"4968\">\u26a0\ufe0f <strong data-start=\"4829\" data-end=\"4840\">UWAGA:<\/strong> RC+ D-MEX jest przeznaczony wy\u0142\u0105cznie do <strong data-start=\"4879\" data-end=\"4914\">badania i wykorzystanie analityczne<\/strong> \u2014 <strong data-start=\"4917\" data-end=\"4966\">Nie nadaje si\u0119 do spo\u017cycia przez ludzi i zwierz\u0119ta.<\/strong><\/p>\n<\/blockquote>\n<hr data-start=\"4970\" data-end=\"4973\" \/>\n<h3 data-start=\"4975\" data-end=\"5006\"><strong data-start=\"4979\" data-end=\"5006\">G\u0142\u00f3wne cechy<\/strong><\/h3>\n<div class=\"_tableContainer_1rjym_1\">\n<div class=\"group _tableWrapper_1rjym_13 flex w-fit flex-col-reverse\" tabindex=\"-1\">\n<table class=\"w-fit min-w-(--thread-content-width)\" data-start=\"5008\" data-end=\"5627\">\n<thead data-start=\"5008\" data-end=\"5034\">\n<tr data-start=\"5008\" data-end=\"5034\">\n<th data-start=\"5008\" data-end=\"5018\" data-col-size=\"sm\">Funkcja<\/th>\n<th data-start=\"5018\" data-end=\"5034\" data-col-size=\"md\">Opis<\/th>\n<\/tr>\n<\/thead>\n<tbody data-start=\"5063\" data-end=\"5627\">\n<tr data-start=\"5063\" data-end=\"5120\">\n<td data-start=\"5063\" data-end=\"5084\" data-col-size=\"sm\"><strong data-start=\"5065\" data-end=\"5083\">Nazwa chemiczna<\/strong><\/td>\n<td data-start=\"5084\" data-end=\"5120\" data-col-size=\"md\">Chlorowodorek deoksymetoksetaminy<\/td>\n<\/tr>\n<tr data-start=\"5121\" data-end=\"5162\">\n<td data-start=\"5121\" data-end=\"5146\" data-col-size=\"sm\"><strong data-start=\"5123\" data-end=\"5145\">Nazwa zwyczajowa<\/strong><\/td>\n<td data-start=\"5146\" data-end=\"5162\" data-col-size=\"md\">D-MEX \/ DMXE<\/td>\n<\/tr>\n<tr data-start=\"5163\" data-end=\"5203\">\n<td data-start=\"5163\" data-end=\"5187\" data-col-size=\"sm\"><strong data-start=\"5165\" data-end=\"5186\">Wz\u00f3r chemiczny<\/strong><\/td>\n<td data-start=\"5187\" data-end=\"5203\" data-col-size=\"md\">C\u2081\u2085H\u2082\u2081NO\u00b7HCl<\/td>\n<\/tr>\n<tr data-start=\"5204\" data-end=\"5242\">\n<td data-start=\"5204\" data-end=\"5226\" data-col-size=\"sm\"><strong data-start=\"5206\" data-end=\"5225\">Masa cz\u0105steczkowa<\/strong><\/td>\n<td data-start=\"5226\" data-end=\"5242\" data-col-size=\"md\">267,79 g\/mol<\/td>\n<\/tr>\n<tr data-start=\"5243\" data-end=\"5277\">\n<td data-start=\"5243\" data-end=\"5258\" data-col-size=\"sm\"><strong data-start=\"5245\" data-end=\"5257\">Dawkowanie<\/strong><\/td>\n<td data-start=\"5258\" data-end=\"5277\" data-col-size=\"md\">40 mg na peletk\u0119<\/td>\n<\/tr>\n<tr data-start=\"5278\" data-end=\"5325\">\n<td data-start=\"5278\" data-end=\"5289\" data-col-size=\"sm\"><strong data-start=\"5280\" data-end=\"5288\">Formularz<\/strong><\/td>\n<td data-start=\"5289\" data-end=\"5325\" data-col-size=\"md\">Pellet sta\u0142y (opakowanie typu blister)<\/td>\n<\/tr>\n<tr data-start=\"5326\" data-end=\"5377\">\n<td data-start=\"5326\" data-end=\"5343\" data-col-size=\"sm\"><strong data-start=\"5328\" data-end=\"5342\">Czysto\u015b\u0107<\/strong><\/td>\n<td data-start=\"5343\" data-end=\"5377\" data-col-size=\"md\">\u2265 98% (testowane metod\u0105 HPLC i NMR)<\/td>\n<\/tr>\n<tr data-start=\"5378\" data-end=\"5448\">\n<td data-start=\"5378\" data-end=\"5401\" data-col-size=\"sm\"><strong data-start=\"5380\" data-end=\"5400\">Klasa chemiczna<\/strong><\/td>\n<td data-start=\"5401\" data-end=\"5448\" data-col-size=\"md\">Arylocykloheksyloamina \/ analog dysocjacyjny<\/td>\n<\/tr>\n<tr data-start=\"5449\" data-end=\"5528\">\n<td data-start=\"5449\" data-end=\"5463\" data-col-size=\"sm\"><strong data-start=\"5451\" data-end=\"5462\">Stosowanie<\/strong><\/td>\n<td data-start=\"5463\" data-end=\"5528\" data-col-size=\"md\">Tylko do bada\u0144 analitycznych, kryminalistycznych i neurochemicznych<\/td>\n<\/tr>\n<tr data-start=\"5529\" data-end=\"5578\">\n<td data-start=\"5529\" data-end=\"5546\" data-col-size=\"sm\"><strong data-start=\"5531\" data-end=\"5545\">Opakowanie<\/strong><\/td>\n<td data-start=\"5546\" data-end=\"5578\" data-col-size=\"md\">Blister z plomb\u0105<\/td>\n<\/tr>\n<tr data-start=\"5579\" data-end=\"5627\">\n<td data-start=\"5579\" data-end=\"5597\" data-col-size=\"sm\"><strong data-start=\"5581\" data-end=\"5596\">Ilo\u015b\u0107<\/strong><\/td>\n<td data-start=\"5597\" data-end=\"5627\" data-col-size=\"md\">1 blister z peletkami 40 mg<\/td>\n<\/tr>\n<\/tbody>\n<\/table>\n<\/div>\n<\/div>\n<hr data-start=\"5629\" data-end=\"5632\" \/>\n<h3 data-start=\"5634\" data-end=\"5651\"><strong data-start=\"5638\" data-end=\"5651\">Zalety<\/strong><\/h3>\n<ul data-start=\"5653\" data-end=\"6019\">\n<li data-start=\"5653\" data-end=\"5707\">\n<p data-start=\"5655\" data-end=\"5707\"><strong data-start=\"5655\" data-end=\"5674\">Wysoka czysto\u015b\u0107<\/strong> \u2013 \u2265 98% jako\u015b\u0107 laboratoryjna.<\/p>\n<\/li>\n<li data-start=\"5708\" data-end=\"5783\">\n<p data-start=\"5710\" data-end=\"5783\"><strong data-start=\"5710\" data-end=\"5734\">Precyzyjnie dozowany<\/strong> \u2013 40 mg na tabletk\u0119 dla uzyskania trwa\u0142ych rezultat\u00f3w.<\/p>\n<\/li>\n<li data-start=\"5784\" data-end=\"5862\">\n<p data-start=\"5786\" data-end=\"5862\"><strong data-start=\"5786\" data-end=\"5808\">Bezpieczne opakowanie<\/strong> \u2013 Opakowanie typu blister chroni przed \u015bwiat\u0142em i wilgoci\u0105.<\/p>\n<\/li>\n<li data-start=\"5863\" data-end=\"5941\">\n<p data-start=\"5865\" data-end=\"5941\"><strong data-start=\"5865\" data-end=\"5895\">Badania szeroko stosowane<\/strong> \u2013 Nadaje si\u0119 do GC\/MS, LC-MS, FTIR i HPLC.<\/p>\n<\/li>\n<li data-start=\"5942\" data-end=\"6019\">\n<p data-start=\"5944\" data-end=\"6019\"><strong data-start=\"5944\" data-end=\"5978\">\u015aledzona kontrola jako\u015bci<\/strong> \u2013 Ka\u017cda partia jest testowana i dokumentowana.<\/p>\n<\/li>\n<\/ul>\n<hr data-start=\"6021\" data-end=\"6024\" \/>\n<h3 data-start=\"6026\" data-end=\"6078\"><strong data-start=\"6030\" data-end=\"6076\">U\u017cyj (tylko do cel\u00f3w badawczych)<\/strong><\/h3>\n<ol data-start=\"6080\" data-end=\"6397\">\n<li data-start=\"6080\" data-end=\"6149\">\n<p data-start=\"6083\" data-end=\"6149\"><strong data-start=\"6083\" data-end=\"6098\">Obs\u0142ugiwanie:<\/strong> Nale\u017cy nosi\u0107 r\u0119kawice, okulary ochronne i fartuch laboratoryjny.<\/p>\n<\/li>\n<li data-start=\"6150\" data-end=\"6212\">\n<p data-start=\"6153\" data-end=\"6212\"><strong data-start=\"6153\" data-end=\"6166\">Pomiary:<\/strong> Zanotuj numer partii, dawk\u0119 i czysto\u015b\u0107.<\/p>\n<\/li>\n<li data-start=\"6213\" data-end=\"6267\">\n<p data-start=\"6216\" data-end=\"6267\"><strong data-start=\"6216\" data-end=\"6227\">Sk\u0142adowanie:<\/strong> Przechowywa\u0107 w ch\u0142odnym (2\u20138\u00b0C), suchym i ciemnym miejscu.<\/p>\n<\/li>\n<li data-start=\"6268\" data-end=\"6332\">\n<p data-start=\"6271\" data-end=\"6332\"><strong data-start=\"6271\" data-end=\"6283\">Analiza:<\/strong> Nadaje si\u0119 do chromatografii i spektroskopii.<\/p>\n<\/li>\n<li data-start=\"6333\" data-end=\"6397\">\n<p data-start=\"6336\" data-end=\"6397\"><strong data-start=\"6336\" data-end=\"6353\">Dokumentacja:<\/strong> Rejestruj wyniki i metody analizy.<\/p>\n<\/li>\n<\/ol>\n<hr data-start=\"6399\" data-end=\"6402\" \/>\n<h3 data-start=\"6404\" data-end=\"6439\"><strong data-start=\"6408\" data-end=\"6437\">Cz\u0119sto zadawane pytania (FAQ)<\/strong><\/h3>\n<p data-start=\"6441\" data-end=\"6611\"><strong data-start=\"6441\" data-end=\"6472\">1. Czym jest RC+ D-MEX (DMXE)?<\/strong><br data-start=\"6472\" data-end=\"6475\" \/>A <strong data-start=\"6479\" data-end=\"6503\">substancja badawcza<\/strong> z <strong data-start=\"6511\" data-end=\"6540\">klasa arylocykloheksyloamin<\/strong>, powi\u0105zany z MXE, stosowany do bada\u0144 nad wi\u0105zaniem receptora NMDA.<\/p>\n<p data-start=\"6613\" data-end=\"6736\"><strong data-start=\"6613\" data-end=\"6653\">2. Jaka jest czysto\u015b\u0107 i dawkowanie?<\/strong><br data-start=\"6653\" data-end=\"6656\" \/>Ka\u017cda peletka zawiera <strong data-start=\"6674\" data-end=\"6706\">40 mg DMXE (czysto\u015b\u0107 \u2265 98%)<\/strong>, potwierdzone metod\u0105 HPLC i NMR.<\/p>\n<p data-start=\"6738\" data-end=\"6901\"><strong data-start=\"6738\" data-end=\"6781\">3. Czy zakup RC+ D-MEX jest legalny?<\/strong><br data-start=\"6781\" data-end=\"6784\" \/>Ten <strong data-start=\"6787\" data-end=\"6810\">legalno\u015b\u0107 DMXE<\/strong> R\u00f3\u017cni si\u0119 w zale\u017cno\u015bci od kraju. Zawsze sprawdzaj lokalne przepisy przed u\u017cyciem. <strong data-start=\"6879\" data-end=\"6898\">RC+ D-MEX kupuje<\/strong>.<\/p>","protected":false},"excerpt":{"rendered":"<p><span dir=\"auto\" style=\"vertical-align: inherit;\"><span dir=\"auto\" style=\"vertical-align: inherit;\">RC+ D-MEX 40 mg Blister<\/span><\/span><\/p>\n<p><span dir=\"auto\" style=\"vertical-align: inherit;\"><span dir=\"auto\" style=\"vertical-align: inherit;\">Numer CAS: 681440-83-5 <\/span><\/span><br \/>\n<span dir=\"auto\" style=\"vertical-align: inherit;\"><span dir=\"auto\" style=\"vertical-align: inherit;\">Wz\u00f3r: 5-dehydro-1,3-chinodimetan <\/span><\/span><br \/>\n<span dir=\"auto\" style=\"vertical-align: inherit;\"><span dir=\"auto\" style=\"vertical-align: inherit;\">Masa molowa: 103,14 g\/mol <\/span><\/span><br \/>\n<span dir=\"auto\" style=\"vertical-align: inherit;\"><span dir=\"auto\" style=\"vertical-align: inherit;\">Czysto\u015b\u0107: &gt;97%<\/span><\/span><\/p>","protected":false},"featured_media":21438,"comment_status":"closed","ping_status":"closed","template":"","meta":[],"product_brand":[82],"product_cat":[555],"product_tag":[295,828,300,297,296,326,299],"class_list":{"0":"post-24336","1":"product","2":"type-product","3":"status-publish","4":"has-post-thumbnail","6":"product_brand-research-chemical","7":"product_cat-b2b","8":"product_tag-dmxe","9":"product_tag-dmxe-dosage","10":"product_tag-dmxe-duration","11":"product_tag-dmxe-ervaring","12":"product_tag-dmxe-psychonaut","13":"product_tag-nl","14":"product_tag-what-is-dmxe","16":"first","17":"instock","18":"taxable","19":"shipping-taxable","20":"purchasable","21":"product-type-variable"},"_links":{"self":[{"href":"https:\/\/onderzoekschemicals.com\/pl\/wp-json\/wp\/v2\/product\/24336","targetHints":{"allow":["GET"]}}],"collection":[{"href":"https:\/\/onderzoekschemicals.com\/pl\/wp-json\/wp\/v2\/product"}],"about":[{"href":"https:\/\/onderzoekschemicals.com\/pl\/wp-json\/wp\/v2\/types\/product"}],"replies":[{"embeddable":true,"href":"https:\/\/onderzoekschemicals.com\/pl\/wp-json\/wp\/v2\/comments?post=24336"}],"version-history":[{"count":4,"href":"https:\/\/onderzoekschemicals.com\/pl\/wp-json\/wp\/v2\/product\/24336\/revisions"}],"predecessor-version":[{"id":27808,"href":"https:\/\/onderzoekschemicals.com\/pl\/wp-json\/wp\/v2\/product\/24336\/revisions\/27808"}],"wp:featuredmedia":[{"embeddable":true,"href":"https:\/\/onderzoekschemicals.com\/pl\/wp-json\/wp\/v2\/media\/21438"}],"wp:attachment":[{"href":"https:\/\/onderzoekschemicals.com\/pl\/wp-json\/wp\/v2\/media?parent=24336"}],"wp:term":[{"taxonomy":"product_brand","embeddable":true,"href":"https:\/\/onderzoekschemicals.com\/pl\/wp-json\/wp\/v2\/product_brand?post=24336"},{"taxonomy":"product_cat","embeddable":true,"href":"https:\/\/onderzoekschemicals.com\/pl\/wp-json\/wp\/v2\/product_cat?post=24336"},{"taxonomy":"product_tag","embeddable":true,"href":"https:\/\/onderzoekschemicals.com\/pl\/wp-json\/wp\/v2\/product_tag?post=24336"}],"curies":[{"name":"wp","href":"https:\/\/api.w.org\/{rel}","templated":true}]}}