{"id":24290,"date":"2025-04-13T17:41:26","date_gmt":"2025-04-13T17:41:26","guid":{"rendered":"https:\/\/onderzoekschemicals.com\/?post_type=product&#038;p=24290"},"modified":"2025-11-28T06:50:16","modified_gmt":"2025-11-28T06:50:16","slug":"4f-mph-kopen-15-mg-pellet","status":"publish","type":"product","link":"https:\/\/onderzoekschemicals.com\/pl\/shop\/4f-mph\/4f-mph-kopen-15-mg-pellet\/","title":{"rendered":"4F-MPH 15 MG Pellety (4-fluorometylofenidat)"},"content":{"rendered":"<h3 data-start=\"4024\" data-end=\"4045\"><strong data-start=\"4028\" data-end=\"4043\">Wst\u0119p<\/strong><\/h3>\n<p data-start=\"4046\" data-end=\"4474\"><strong data-start=\"4046\" data-end=\"4095\">4F-MPH 15 mg granulki (4-fluorometylofenidat)<\/strong> zawiera\u0107 <strong data-start=\"4105\" data-end=\"4159\">15 miligram\u00f3w chlorowodorku 4-fluorometylofenidatu<\/strong>, Jaki\u015b <strong data-start=\"4165\" data-end=\"4189\">zwi\u0105zek piperydyny<\/strong> kt\u00f3ry jest strukturalnie powi\u0105zany z <strong data-start=\"4221\" data-end=\"4249\">metylofenidat (Ritalin)<\/strong>. 4f mph kupi\u0107<br data-start=\"4250\" data-end=\"4253\" \/>Nale\u017cy do <strong data-start=\"4272\" data-end=\"4305\">podstawiona rodzina fenidat\u00f3w<\/strong> i jest u\u017cywany w <strong data-start=\"4327\" data-end=\"4365\">badania kryminalistyczne i analityczne<\/strong> Nieprzyjemny <strong data-start=\"4371\" data-end=\"4414\">transportery dopaminy i noradrenaliny<\/strong>, <strong data-start=\"4416\" data-end=\"4432\">Relacje SAR<\/strong> I <strong data-start=\"4436\" data-end=\"4471\">w\u0142a\u015bciwo\u015bci chromatograficzne<\/strong>.<\/p>\n<p data-start=\"4476\" data-end=\"4684\">Ka\u017cda kulka jest <strong data-start=\"4491\" data-end=\"4519\">formu\u0142a laboratoryjna<\/strong> i przetestowane na <strong data-start=\"4537\" data-end=\"4561\">czysto\u015b\u0107 \u2265 98%<\/strong> przez <strong data-start=\"4566\" data-end=\"4581\">HPLC i NMR<\/strong>.<br data-start=\"4582\" data-end=\"4585\" \/>Ten <strong data-start=\"4588\" data-end=\"4618\">precyzyjna dawka 15 mg<\/strong> zapewnia powtarzalne i wiarygodne wyniki bada\u0144.<\/p>\n<blockquote data-start=\"4686\" data-end=\"4827\">\n<p data-start=\"4688\" data-end=\"4827\">\u26a0\ufe0f <strong data-start=\"4691\" data-end=\"4702\">UWAGA:<\/strong> 4F-MPH jest przeznaczony wy\u0142\u0105cznie do u\u017cytku <strong data-start=\"4738\" data-end=\"4773\">badania i wykorzystanie analityczne<\/strong> \u2014 <strong data-start=\"4776\" data-end=\"4825\">Nie nadaje si\u0119 do spo\u017cycia przez ludzi i zwierz\u0119ta.<\/strong><\/p>\n<\/blockquote>\n<hr data-start=\"4829\" data-end=\"4832\" \/>\n<h3 data-start=\"4834\" data-end=\"4865\"><strong data-start=\"4838\" data-end=\"4865\">G\u0142\u00f3wne cechy<\/strong><\/h3>\n<div class=\"_tableContainer_1rjym_1\">\n<div class=\"group _tableWrapper_1rjym_13 flex w-fit flex-col-reverse\" tabindex=\"-1\">\n<table class=\"w-fit min-w-(--thread-content-width)\" data-start=\"4867\" data-end=\"5483\">\n<thead data-start=\"4867\" data-end=\"4893\">\n<tr data-start=\"4867\" data-end=\"4893\">\n<th data-start=\"4867\" data-end=\"4877\" data-col-size=\"sm\">Funkcja<\/th>\n<th data-start=\"4877\" data-end=\"4893\" data-col-size=\"md\">Opis<\/th>\n<\/tr>\n<\/thead>\n<tbody data-start=\"4922\" data-end=\"5483\">\n<tr data-start=\"4922\" data-end=\"4983\">\n<td data-start=\"4922\" data-end=\"4943\" data-col-size=\"sm\"><strong data-start=\"4924\" data-end=\"4942\">Nazwa chemiczna<\/strong><\/td>\n<td data-start=\"4943\" data-end=\"4983\" data-col-size=\"md\">Chlorowodorek 4-fluorometylofenidatu<\/td>\n<\/tr>\n<tr data-start=\"4984\" data-end=\"5019\">\n<td data-start=\"4984\" data-end=\"5009\" data-col-size=\"sm\"><strong data-start=\"4986\" data-end=\"5008\">Nazwa zwyczajowa<\/strong><\/td>\n<td data-start=\"5009\" data-end=\"5019\" data-col-size=\"md\">4F-MPH<\/td>\n<\/tr>\n<tr data-start=\"5020\" data-end=\"5062\">\n<td data-start=\"5020\" data-end=\"5044\" data-col-size=\"sm\"><strong data-start=\"5022\" data-end=\"5043\">Wz\u00f3r chemiczny<\/strong><\/td>\n<td data-start=\"5044\" data-end=\"5062\" data-col-size=\"md\">C\u2081\u2084H\u2081\u2088FNO\u2082\u00b7HCl<\/td>\n<\/tr>\n<tr data-start=\"5063\" data-end=\"5101\">\n<td data-start=\"5063\" data-end=\"5085\" data-col-size=\"sm\"><strong data-start=\"5065\" data-end=\"5084\">Masa cz\u0105steczkowa<\/strong><\/td>\n<td data-start=\"5085\" data-end=\"5101\" data-col-size=\"md\">287,76 g\/mol<\/td>\n<\/tr>\n<tr data-start=\"5102\" data-end=\"5136\">\n<td data-start=\"5102\" data-end=\"5117\" data-col-size=\"sm\"><strong data-start=\"5104\" data-end=\"5116\">Dawkowanie<\/strong><\/td>\n<td data-start=\"5117\" data-end=\"5136\" data-col-size=\"md\">15 mg na peletk\u0119<\/td>\n<\/tr>\n<tr data-start=\"5137\" data-end=\"5184\">\n<td data-start=\"5137\" data-end=\"5148\" data-col-size=\"sm\"><strong data-start=\"5139\" data-end=\"5147\">Formularz<\/strong><\/td>\n<td data-start=\"5148\" data-end=\"5184\" data-col-size=\"md\">Pellet sta\u0142y (opakowanie typu blister)<\/td>\n<\/tr>\n<tr data-start=\"5185\" data-end=\"5236\">\n<td data-start=\"5185\" data-end=\"5202\" data-col-size=\"sm\"><strong data-start=\"5187\" data-end=\"5201\">Czysto\u015b\u0107<\/strong><\/td>\n<td data-start=\"5202\" data-end=\"5236\" data-col-size=\"md\">\u2265 98% (testowane metod\u0105 HPLC i NMR)<\/td>\n<\/tr>\n<tr data-start=\"5237\" data-end=\"5293\">\n<td data-start=\"5237\" data-end=\"5260\" data-col-size=\"sm\"><strong data-start=\"5239\" data-end=\"5259\">Klasa chemiczna<\/strong><\/td>\n<td data-start=\"5260\" data-end=\"5293\" data-col-size=\"md\">Analog piperydyny\/fenidatu<\/td>\n<\/tr>\n<tr data-start=\"5294\" data-end=\"5373\">\n<td data-start=\"5294\" data-end=\"5308\" data-col-size=\"sm\"><strong data-start=\"5296\" data-end=\"5307\">Stosowanie<\/strong><\/td>\n<td data-start=\"5308\" data-end=\"5373\" data-col-size=\"md\">Tylko do bada\u0144 analitycznych, kryminalistycznych i neurochemicznych<\/td>\n<\/tr>\n<tr data-start=\"5374\" data-end=\"5434\">\n<td data-start=\"5374\" data-end=\"5391\" data-col-size=\"sm\"><strong data-start=\"5376\" data-end=\"5390\">Opakowanie<\/strong><\/td>\n<td data-start=\"5391\" data-end=\"5434\" data-col-size=\"md\">Blister z zabezpieczeniem gwarancyjnym<\/td>\n<\/tr>\n<tr data-start=\"5435\" data-end=\"5483\">\n<td data-start=\"5435\" data-end=\"5453\" data-col-size=\"sm\"><strong data-start=\"5437\" data-end=\"5452\">Ilo\u015b\u0107<\/strong><\/td>\n<td data-start=\"5453\" data-end=\"5483\" data-col-size=\"md\">1 blister z peletkami 15 mg<\/td>\n<\/tr>\n<\/tbody>\n<\/table>\n<\/div>\n<\/div>\n<hr data-start=\"5485\" data-end=\"5488\" \/>\n<h3 data-start=\"5490\" data-end=\"5507\"><strong data-start=\"5494\" data-end=\"5507\">Zalety<\/strong><\/h3>\n<ul data-start=\"5509\" data-end=\"5881\">\n<li data-start=\"5509\" data-end=\"5563\">\n<p data-start=\"5511\" data-end=\"5563\"><strong data-start=\"5511\" data-end=\"5530\">Wysoka czysto\u015b\u0107<\/strong> \u2013 \u2265 98% jako\u015b\u0107 laboratoryjna.<\/p>\n<\/li>\n<li data-start=\"5564\" data-end=\"5643\">\n<p data-start=\"5566\" data-end=\"5643\"><strong data-start=\"5566\" data-end=\"5597\">Standaryzowana dawka<\/strong> \u2013 15 mg na tabletk\u0119 dla dok\u0142adnej analizy.<\/p>\n<\/li>\n<li data-start=\"5644\" data-end=\"5717\">\n<p data-start=\"5646\" data-end=\"5717\"><strong data-start=\"5646\" data-end=\"5673\">Stabilna forma soli (HCl)<\/strong> \u2013 Zwi\u0119ksza rozpuszczalno\u015b\u0107 i trwa\u0142o\u015b\u0107.<\/p>\n<\/li>\n<li data-start=\"5718\" data-end=\"5796\">\n<p data-start=\"5720\" data-end=\"5796\"><strong data-start=\"5720\" data-end=\"5750\">Badania szeroko stosowane<\/strong> \u2013 Nadaje si\u0119 do GC\/MS, LC-MS, FTIR i HPLC.<\/p>\n<\/li>\n<li data-start=\"5797\" data-end=\"5881\">\n<p data-start=\"5799\" data-end=\"5881\"><strong data-start=\"5799\" data-end=\"5834\">W pe\u0142ni przetestowana jako\u015b\u0107 partii<\/strong> \u2013 Ka\u017cda partia jest identyfikowalna i zweryfikowana. Kup 4f mph<\/p>\n<\/li>\n<\/ul>\n<hr data-start=\"5883\" data-end=\"5886\" \/>\n<h3 data-start=\"5888\" data-end=\"5940\"><strong data-start=\"5892\" data-end=\"5938\">U\u017cyj (tylko do cel\u00f3w badawczych)<\/strong><\/h3>\n<ol data-start=\"5942\" data-end=\"6286\">\n<li data-start=\"5942\" data-end=\"6011\">\n<p data-start=\"5945\" data-end=\"6011\"><strong data-start=\"5945\" data-end=\"5960\">Obs\u0142ugiwanie:<\/strong> Nale\u017cy nosi\u0107 r\u0119kawice, okulary ochronne i fartuch laboratoryjny.<\/p>\n<\/li>\n<li data-start=\"6012\" data-end=\"6082\">\n<p data-start=\"6015\" data-end=\"6082\"><strong data-start=\"6015\" data-end=\"6028\">Pomiary:<\/strong> Ka\u017cda tabletka zawiera dok\u0142adnie 15 mg; zapisz szczeg\u00f3\u0142y partii.<\/p>\n<\/li>\n<li data-start=\"6083\" data-end=\"6137\">\n<p data-start=\"6086\" data-end=\"6137\"><strong data-start=\"6086\" data-end=\"6097\">Sk\u0142adowanie:<\/strong> Przechowywa\u0107 w ch\u0142odnym (2\u20138\u00b0C), suchym i ciemnym miejscu.<\/p>\n<\/li>\n<li data-start=\"6138\" data-end=\"6221\">\n<p data-start=\"6141\" data-end=\"6221\"><strong data-start=\"6141\" data-end=\"6153\">Analiza:<\/strong> Nadaje si\u0119 do chromatografii, spektroskopii i bada\u0144 receptorowych.<\/p>\n<\/li>\n<li data-start=\"6222\" data-end=\"6286\">\n<p data-start=\"6225\" data-end=\"6286\"><strong data-start=\"6225\" data-end=\"6242\">Dokumentacja:<\/strong> Rejestruj wyniki i metody analizy.<\/p>\n<\/li>\n<\/ol>\n<hr data-start=\"6288\" data-end=\"6291\" \/>\n<h3 data-start=\"6293\" data-end=\"6328\"><strong data-start=\"6297\" data-end=\"6326\">Cz\u0119sto zadawane pytania (FAQ)<\/strong><\/h3>\n<p data-start=\"6330\" data-end=\"6483\"><strong data-start=\"6330\" data-end=\"6376\">1. Czym jest 4F-MPH (4-fluorometylofenidat)?<\/strong><br data-start=\"6376\" data-end=\"6379\" \/>A <strong data-start=\"6383\" data-end=\"6419\">fluorowy analog metylofenidatu<\/strong>, stosowany w badaniach laboratoryjnych nad zwi\u0105zkami fenidatowymi.<\/p>\n<p data-start=\"6485\" data-end=\"6600\"><strong data-start=\"6485\" data-end=\"6518\">2. Jak czysty jest produkt?<\/strong><br data-start=\"6518\" data-end=\"6521\" \/>Ka\u017cda peletka zawiera <strong data-start=\"6539\" data-end=\"6573\">15 mg 4F-MPH (czysto\u015b\u0107 \u2265 98%)<\/strong>, testowane metod\u0105 HPLC i NMR.<\/p>\n<p data-start=\"6602\" data-end=\"6761\"><strong data-start=\"6602\" data-end=\"6642\">3. Czy zakup 4F-MPH jest legalny?<\/strong><br data-start=\"6642\" data-end=\"6645\" \/>Ten <strong data-start=\"6648\" data-end=\"6673\">legalno\u015b\u0107 4F-MPH<\/strong> R\u00f3\u017cni si\u0119 w zale\u017cno\u015bci od kraju. Zawsze sprawdzaj lokalne przepisy przed u\u017cyciem. <strong data-start=\"6742\" data-end=\"6758\">4F-MPH kupuje<\/strong>.<\/p>","protected":false},"excerpt":{"rendered":"<h3><span dir=\"auto\" style=\"vertical-align: inherit;\"><span dir=\"auto\" style=\"vertical-align: inherit;\">W\u0142a\u015bciwo\u015bci peletu 4F-MPH<\/span><\/span><\/h3>\n<p><strong><span dir=\"auto\" style=\"vertical-align: inherit;\"><span dir=\"auto\" style=\"vertical-align: inherit;\">Synonim<\/span><\/span><\/strong><span dir=\"auto\" style=\"vertical-align: inherit;\"><span dir=\"auto\" style=\"vertical-align: inherit;\"> : 4-fluorometylofenidat <\/span><\/span><br \/>\n<strong><span dir=\"auto\" style=\"vertical-align: inherit;\"><span dir=\"auto\" style=\"vertical-align: inherit;\">Numer CAS<\/span><\/span><\/strong><span dir=\"auto\" style=\"vertical-align: inherit;\"><span dir=\"auto\" style=\"vertical-align: inherit;\"> : 1354631-33-6 <\/span><\/span><br \/>\n<strong><span dir=\"auto\" style=\"vertical-align: inherit;\"><span dir=\"auto\" style=\"vertical-align: inherit;\">Formu\u0142a<\/span><\/span><\/strong><span dir=\"auto\" style=\"vertical-align: inherit;\"><span dir=\"auto\" style=\"vertical-align: inherit;\"> : chlorowodorek metylo-2-(4-fluorofenylo)-2-(piperydyno-2-ylo)octanu <\/span><\/span><br \/>\n<strong><span dir=\"auto\" style=\"vertical-align: inherit;\"><span dir=\"auto\" style=\"vertical-align: inherit;\">Masa molowa<\/span><\/span><\/strong><span dir=\"auto\" style=\"vertical-align: inherit;\"><span dir=\"auto\" style=\"vertical-align: inherit;\"> : 287,8 g\/mol <\/span><\/span><br \/>\n<strong><span dir=\"auto\" style=\"vertical-align: inherit;\"><span dir=\"auto\" style=\"vertical-align: inherit;\">Czysto\u015b\u0107<\/span><\/span><\/strong><span dir=\"auto\" style=\"vertical-align: inherit;\"><span dir=\"auto\" style=\"vertical-align: inherit;\"> : &gt;97%<\/span><\/span><\/p>","protected":false},"featured_media":29248,"comment_status":"closed","ping_status":"closed","template":"","meta":[],"product_brand":[82],"product_cat":[444,445,322,333,324],"product_tag":[570,571,326],"class_list":{"0":"post-24290","1":"product","2":"type-product","3":"status-publish","4":"has-post-thumbnail","6":"product_brand-research-chemical","7":"product_cat-4f-mph","8":"product_cat-4f-mph-pellets","9":"product_cat-bijna-verboden","10":"product_cat-gefluoreerden","11":"product_cat-pellets-for-pellet","12":"product_tag-4f-mph-kopen","13":"product_tag-4f-mph","14":"product_tag-nl","16":"first","17":"instock","18":"taxable","19":"shipping-taxable","20":"purchasable","21":"product-type-variable"},"_links":{"self":[{"href":"https:\/\/onderzoekschemicals.com\/pl\/wp-json\/wp\/v2\/product\/24290","targetHints":{"allow":["GET"]}}],"collection":[{"href":"https:\/\/onderzoekschemicals.com\/pl\/wp-json\/wp\/v2\/product"}],"about":[{"href":"https:\/\/onderzoekschemicals.com\/pl\/wp-json\/wp\/v2\/types\/product"}],"replies":[{"embeddable":true,"href":"https:\/\/onderzoekschemicals.com\/pl\/wp-json\/wp\/v2\/comments?post=24290"}],"version-history":[{"count":5,"href":"https:\/\/onderzoekschemicals.com\/pl\/wp-json\/wp\/v2\/product\/24290\/revisions"}],"predecessor-version":[{"id":27812,"href":"https:\/\/onderzoekschemicals.com\/pl\/wp-json\/wp\/v2\/product\/24290\/revisions\/27812"}],"wp:featuredmedia":[{"embeddable":true,"href":"https:\/\/onderzoekschemicals.com\/pl\/wp-json\/wp\/v2\/media\/29248"}],"wp:attachment":[{"href":"https:\/\/onderzoekschemicals.com\/pl\/wp-json\/wp\/v2\/media?parent=24290"}],"wp:term":[{"taxonomy":"product_brand","embeddable":true,"href":"https:\/\/onderzoekschemicals.com\/pl\/wp-json\/wp\/v2\/product_brand?post=24290"},{"taxonomy":"product_cat","embeddable":true,"href":"https:\/\/onderzoekschemicals.com\/pl\/wp-json\/wp\/v2\/product_cat?post=24290"},{"taxonomy":"product_tag","embeddable":true,"href":"https:\/\/onderzoekschemicals.com\/pl\/wp-json\/wp\/v2\/product_tag?post=24290"}],"curies":[{"name":"wp","href":"https:\/\/api.w.org\/{rel}","templated":true}]}}