{"id":24259,"date":"2025-04-13T17:41:21","date_gmt":"2025-04-13T17:41:21","guid":{"rendered":"https:\/\/onderzoekschemicals.com\/?post_type=product&#038;p=24259"},"modified":"2025-10-12T19:21:12","modified_gmt":"2025-10-12T19:21:12","slug":"newphoria-kopen","status":"publish","type":"product","link":"https:\/\/onderzoekschemicals.com\/pl\/shop\/b2b\/newphoria-kopen\/","title":{"rendered":"Torba RC+ Newphoria 3 kulki"},"content":{"rendered":"<h2 data-start=\"4850\" data-end=\"4876\"><strong data-start=\"4853\" data-end=\"4876\">Opis produktu<\/strong><\/h2>\n<p data-start=\"4878\" data-end=\"5143\"><strong data-start=\"4878\" data-end=\"4911\">Torba RC+ Newphoria 3 kulki<\/strong> jest <strong data-start=\"4919\" data-end=\"4956\">wysokiej jako\u015bci materia\u0142 badawczy<\/strong>, opracowany dla laboratori\u00f3w analitycznych, toksykologicznych i kryminalistycznych. Ten produkt od <strong data-start=\"5049\" data-end=\"5062\">Seria RC+<\/strong> zapewnia sta\u0142\u0105 czysto\u015b\u0107, doskona\u0142\u0105 stabilno\u015b\u0107 i precyzyjne dozowanie.<\/p>\n<p data-start=\"5145\" data-end=\"5318\">Ka\u017cde opakowanie zawiera <strong data-start=\"5167\" data-end=\"5202\">trzy standaryzowane peletki<\/strong>, wytwarzane w kontrolowanych warunkach, aby zapewni\u0107 wiarygodne i powtarzalne wyniki bada\u0144.<\/p>\n<p data-start=\"5320\" data-end=\"5451\">\u26a0\ufe0f <strong data-start=\"5323\" data-end=\"5338\">Wa\u017cny:<\/strong> Ten produkt jest <strong data-start=\"5354\" data-end=\"5403\">przeznaczone wy\u0142\u0105cznie do cel\u00f3w badawczych<\/strong> I <strong data-start=\"5407\" data-end=\"5450\">nie do u\u017cytku przez ludzi i zwierz\u0119ta<\/strong>.<\/p>\n<hr data-start=\"5453\" data-end=\"5456\" \/>\n<h2 data-start=\"5458\" data-end=\"5488\"><strong data-start=\"5461\" data-end=\"5488\">G\u0142\u00f3wne cechy<\/strong><\/h2>\n<ul data-start=\"5490\" data-end=\"5884\">\n<li data-start=\"5490\" data-end=\"5569\">\n<p data-start=\"5492\" data-end=\"5569\"><strong data-start=\"5492\" data-end=\"5511\">Wysoka czysto\u015b\u0107<\/strong> aby uzyska\u0107 dok\u0142adne i wiarygodne wyniki bada\u0144 laboratoryjnych.<\/p>\n<\/li>\n<li data-start=\"5570\" data-end=\"5635\">\n<p data-start=\"5572\" data-end=\"5635\"><strong data-start=\"5572\" data-end=\"5599\">Sp\u00f3jna formu\u0142a<\/strong> \u2013 ka\u017cda granulka jest precyzyjnie dozowana.<\/p>\n<\/li>\n<li data-start=\"5636\" data-end=\"5712\">\n<p data-start=\"5638\" data-end=\"5712\"><strong data-start=\"5638\" data-end=\"5664\">Stabilny i niezawodny<\/strong> \u2013 nadaj\u0105 si\u0119 do d\u0142ugoterminowego przechowywania i analizy.<\/p>\n<\/li>\n<li data-start=\"5713\" data-end=\"5792\">\n<p data-start=\"5715\" data-end=\"5792\"><strong data-start=\"5715\" data-end=\"5737\">Bezpieczne opakowanie<\/strong> \u2013 hermetyczne i uszczelnione dla zapewnienia maksymalnej ochrony.<\/p>\n<\/li>\n<li data-start=\"5793\" data-end=\"5884\">\n<p data-start=\"5795\" data-end=\"5884\"><strong data-start=\"5795\" data-end=\"5821\">Zgodnie z przepisami UE<\/strong> \u2013 wyprodukowano zgodnie z obowi\u0105zuj\u0105cymi przepisami bezpiecze\u0144stwa.<\/p>\n<\/li>\n<\/ul>\n<hr data-start=\"5886\" data-end=\"5889\" \/>\n<h2 data-start=\"5891\" data-end=\"5925\"><strong data-start=\"5894\" data-end=\"5925\">Korzy\u015bci dla badaczy<\/strong><\/h2>\n<ul data-start=\"5927\" data-end=\"6277\">\n<li data-start=\"5927\" data-end=\"6005\">\n<p data-start=\"5929\" data-end=\"6005\">Nadaje si\u0119 do <strong data-start=\"5943\" data-end=\"5967\">badania analityczne<\/strong> z wyposa\u017ceniem LC-MS, GC-MS lub NMR.<\/p>\n<\/li>\n<li data-start=\"6006\" data-end=\"6066\">\n<p data-start=\"6008\" data-end=\"6066\">Wspiera <strong data-start=\"6020\" data-end=\"6063\">walidacja kryminalistyczna i toksykologiczna<\/strong>.<\/p>\n<\/li>\n<li data-start=\"6067\" data-end=\"6144\">\n<p data-start=\"6069\" data-end=\"6144\">Pomaga w <strong data-start=\"6079\" data-end=\"6117\">badania por\u00f3wnawcze strukturalne<\/strong> nowych po\u0142\u0105cze\u0144.<\/p>\n<\/li>\n<li data-start=\"6145\" data-end=\"6204\">\n<p data-start=\"6147\" data-end=\"6204\">Gwarancje <strong data-start=\"6158\" data-end=\"6201\">wiarygodne, powtarzalne wyniki<\/strong>.<\/p>\n<\/li>\n<li data-start=\"6205\" data-end=\"6277\">\n<p data-start=\"6207\" data-end=\"6277\">Nadaje si\u0119 do <strong data-start=\"6221\" data-end=\"6274\">projekty badawcze akademickie i instytucjonalne<\/strong>.<\/p>\n<\/li>\n<\/ul>\n<hr data-start=\"6279\" data-end=\"6282\" \/>\n<h2 data-start=\"6284\" data-end=\"6318\"><strong data-start=\"6287\" data-end=\"6318\">Wykorzystanie (kontekst badawczy)<\/strong><\/h2>\n<ol data-start=\"6320\" data-end=\"6588\">\n<li data-start=\"6320\" data-end=\"6378\">\n<p data-start=\"6323\" data-end=\"6378\">Praca w kontrolowanych warunkach laboratoryjnych.<\/p>\n<\/li>\n<li data-start=\"6379\" data-end=\"6439\">\n<p data-start=\"6382\" data-end=\"6439\">Nale\u017cy nosi\u0107 r\u0119kawice, okulary ochronne i fartuch laboratoryjny.<\/p>\n<\/li>\n<li data-start=\"6440\" data-end=\"6486\">\n<p data-start=\"6443\" data-end=\"6486\">Do pomiar\u00f3w nale\u017cy u\u017cywa\u0107 skalibrowanego sprz\u0119tu.<\/p>\n<\/li>\n<li data-start=\"6487\" data-end=\"6538\">\n<p data-start=\"6490\" data-end=\"6538\">Przechowywa\u0107 w ch\u0142odnym, suchym i zamkni\u0119tym opakowaniu (w temperaturze poni\u017cej 25\u00b0C).<\/p>\n<\/li>\n<li data-start=\"6539\" data-end=\"6588\">\n<p data-start=\"6542\" data-end=\"6588\">Pozosta\u0142o\u015bci nale\u017cy utylizowa\u0107 zgodnie z lokalnymi przepisami.<\/p>\n<\/li>\n<\/ol>\n<blockquote data-start=\"6590\" data-end=\"6683\">\n<p data-start=\"6592\" data-end=\"6683\"><strong data-start=\"6592\" data-end=\"6603\">UWAGA:<\/strong> <em data-start=\"6604\" data-end=\"6635\">Torba RC+ Newphoria 3 kulki<\/em> Jest <strong data-start=\"6639\" data-end=\"6682\">nieprzeznaczony do spo\u017cycia przez ludzi<\/strong>.<\/p>\n<\/blockquote>\n<hr data-start=\"6685\" data-end=\"6688\" \/>\n<h2 data-start=\"6690\" data-end=\"6724\"><strong data-start=\"6693\" data-end=\"6724\">Cz\u0119sto zadawane pytania (FAQ)<\/strong><\/h2>\n<h3 data-start=\"6726\" data-end=\"6775\"><strong data-start=\"6730\" data-end=\"6775\">1. Do czego s\u0142u\u017cy RC+ Newphoria?<\/strong><\/h3>\n<p data-start=\"6776\" data-end=\"6872\">RC+ Newphoria jest stosowana do <strong data-start=\"6810\" data-end=\"6848\">badania analityczne i kryminalistyczne<\/strong> w akredytowanych laboratoriach.<\/p>\n<hr data-start=\"6874\" data-end=\"6877\" \/>\n<h3 data-start=\"6879\" data-end=\"6922\"><strong data-start=\"6883\" data-end=\"6922\">2. Ile peletek mie\u015bci si\u0119 w jednym worku?<\/strong><\/h3>\n<p data-start=\"6923\" data-end=\"6993\">Ka\u017cda torba zawiera <strong data-start=\"6939\" data-end=\"6952\">3 peletki<\/strong> o jednakowej czysto\u015bci i sk\u0142adzie.<\/p>\n<hr data-start=\"6995\" data-end=\"6998\" \/>\n<h3 data-start=\"7000\" data-end=\"7070\"><strong data-start=\"7004\" data-end=\"7070\">3. Czy mog\u0119 kupi\u0107 granulki RC+ Newphoria w opakowaniach po 3 sztuki jako osoba prywatna?<\/strong><\/h3>\n<p data-start=\"7071\" data-end=\"7173\">Nie, tylko <strong data-start=\"7083\" data-end=\"7117\">uznane instytucje badawcze<\/strong> Posiadacze odpowiedniego zezwolenia mog\u0105 naby\u0107 ten produkt.<\/p>\n<hr data-start=\"7175\" data-end=\"7178\" \/>\n<h2 data-start=\"7180\" data-end=\"7208\"><strong data-start=\"7183\" data-end=\"7208\">Informacje dotycz\u0105ce bezpiecze\u0144stwa<\/strong><\/h2>\n<ul data-start=\"7210\" data-end=\"7383\">\n<li data-start=\"7210\" data-end=\"7257\">\n<p data-start=\"7212\" data-end=\"7257\">Stosowa\u0107 wy\u0142\u0105cznie w warunkach laboratoryjnych.<\/p>\n<\/li>\n<li data-start=\"7258\" data-end=\"7295\">\n<p data-start=\"7260\" data-end=\"7295\">Unika\u0107 kontaktu ze sk\u00f3r\u0105 i oczami.<\/p>\n<\/li>\n<li data-start=\"7296\" data-end=\"7327\">\n<p data-start=\"7298\" data-end=\"7327\">Nie wdycha\u0107 i nie po\u0142yka\u0107.<\/p>\n<\/li>\n<li data-start=\"7328\" data-end=\"7383\">\n<p data-start=\"7330\" data-end=\"7383\">Przechowywa\u0107 w zamkni\u0119ciu, poza zasi\u0119giem os\u00f3b nieupowa\u017cnionych.<\/p>\n<\/li>\n<\/ul>","protected":false},"excerpt":{"rendered":"<p><strong><span dir=\"auto\" style=\"vertical-align: inherit;\"><span dir=\"auto\" style=\"vertical-align: inherit;\">Numer CAS<\/span><\/span><\/strong><span dir=\"auto\" style=\"vertical-align: inherit;\"><span dir=\"auto\" style=\"vertical-align: inherit;\"> : 1780004-19-4 <\/span><\/span><br \/>\n<strong><span dir=\"auto\" style=\"vertical-align: inherit;\"><span dir=\"auto\" style=\"vertical-align: inherit;\">Formu\u0142a<\/span><\/span><\/strong><span dir=\"auto\" style=\"vertical-align: inherit;\"><span dir=\"auto\" style=\"vertical-align: inherit;\"> : C11H16FN <\/span><\/span><br \/>\n<strong><span dir=\"auto\" style=\"vertical-align: inherit;\"><span dir=\"auto\" style=\"vertical-align: inherit;\">Masa molowa<\/span><\/span><\/strong><span dir=\"auto\" style=\"vertical-align: inherit;\"><span dir=\"auto\" style=\"vertical-align: inherit;\"> : 181,25 g\/mol <\/span><\/span><br \/>\n<strong><span dir=\"auto\" style=\"vertical-align: inherit;\"><span dir=\"auto\" style=\"vertical-align: inherit;\">Czysto\u015b\u0107<\/span><\/span><\/strong><span dir=\"auto\" style=\"vertical-align: inherit;\"><span dir=\"auto\" style=\"vertical-align: inherit;\"> : \u226598%<\/span><\/span><\/p>","protected":false},"featured_media":21344,"comment_status":"closed","ping_status":"closed","template":"","meta":[],"product_brand":[82],"product_cat":[555],"product_tag":[843,840,844,841,845,846,842,866,865,839,326],"class_list":{"0":"post-24259","1":"product","2":"type-product","3":"status-publish","4":"has-post-thumbnail","6":"product_brand-research-chemical","7":"product_cat-b2b","8":"product_tag-100mg-newphoria-review","9":"product_tag-2-fea-3-fea-research-chemical","10":"product_tag-2-fea-stimulant-effect","11":"product_tag-2-3-fea-ervaring","12":"product_tag-3-fea-comparison","13":"product_tag-fluorinated-amphetamines","14":"product_tag-newphoria-35mg-pellets","15":"product_tag-newphoria-drug","16":"product_tag-newphoria-kopen","17":"product_tag-newphoria-pellets","18":"product_tag-nl","20":"first","21":"instock","22":"taxable","23":"shipping-taxable","24":"purchasable","25":"product-type-variable"},"_links":{"self":[{"href":"https:\/\/onderzoekschemicals.com\/pl\/wp-json\/wp\/v2\/product\/24259","targetHints":{"allow":["GET"]}}],"collection":[{"href":"https:\/\/onderzoekschemicals.com\/pl\/wp-json\/wp\/v2\/product"}],"about":[{"href":"https:\/\/onderzoekschemicals.com\/pl\/wp-json\/wp\/v2\/types\/product"}],"replies":[{"embeddable":true,"href":"https:\/\/onderzoekschemicals.com\/pl\/wp-json\/wp\/v2\/comments?post=24259"}],"version-history":[{"count":4,"href":"https:\/\/onderzoekschemicals.com\/pl\/wp-json\/wp\/v2\/product\/24259\/revisions"}],"predecessor-version":[{"id":27820,"href":"https:\/\/onderzoekschemicals.com\/pl\/wp-json\/wp\/v2\/product\/24259\/revisions\/27820"}],"wp:featuredmedia":[{"embeddable":true,"href":"https:\/\/onderzoekschemicals.com\/pl\/wp-json\/wp\/v2\/media\/21344"}],"wp:attachment":[{"href":"https:\/\/onderzoekschemicals.com\/pl\/wp-json\/wp\/v2\/media?parent=24259"}],"wp:term":[{"taxonomy":"product_brand","embeddable":true,"href":"https:\/\/onderzoekschemicals.com\/pl\/wp-json\/wp\/v2\/product_brand?post=24259"},{"taxonomy":"product_cat","embeddable":true,"href":"https:\/\/onderzoekschemicals.com\/pl\/wp-json\/wp\/v2\/product_cat?post=24259"},{"taxonomy":"product_tag","embeddable":true,"href":"https:\/\/onderzoekschemicals.com\/pl\/wp-json\/wp\/v2\/product_tag?post=24259"}],"curies":[{"name":"wp","href":"https:\/\/api.w.org\/{rel}","templated":true}]}}