{"id":24226,"date":"2025-04-13T17:41:17","date_gmt":"2025-04-13T17:41:17","guid":{"rendered":"https:\/\/onderzoekschemicals.com\/?post_type=product&#038;p=24226"},"modified":"2025-11-28T07:03:16","modified_gmt":"2025-11-28T07:03:16","slug":"nm-2-ai-hcl-puur","status":"publish","type":"product","link":"https:\/\/onderzoekschemicals.com\/pl\/shop\/nm-2-ai\/nm-2-ai-hcl-puur\/","title":{"rendered":"NM-2-Al HCl Czysty"},"content":{"rendered":"<h2 data-start=\"3847\" data-end=\"3873\"><strong data-start=\"3850\" data-end=\"3873\">Opis produktu<\/strong><\/h2>\n<p data-start=\"3875\" data-end=\"4203\"><strong data-start=\"3875\" data-end=\"3929\">NM-2-Al HCl (chlorowodorek N-metylo-2-aminoindanu)<\/strong> jest <strong data-start=\"3937\" data-end=\"3975\">substancja badawcza o wysokiej czysto\u015bci<\/strong>, nale\u017c\u0105cy do <strong data-start=\"3993\" data-end=\"4015\">klasa aminoindan\u00f3w<\/strong>.<br data-start=\"4016\" data-end=\"4019\" \/>S\u0142u\u017cy do <strong data-start=\"4043\" data-end=\"4097\">badania analityczne, kryminalistyczne i farmakologiczne<\/strong> i s\u0142u\u017cy jako <strong data-start=\"4111\" data-end=\"4134\">standard odniesienia<\/strong> do nauki <strong data-start=\"4159\" data-end=\"4200\">w\u0142a\u015bciwo\u015bci strukturalne i metaboliczne<\/strong>. nm-2-ai<\/p>\n<p data-start=\"4205\" data-end=\"4350\">Ka\u017cda partia <strong data-start=\"4216\" data-end=\"4236\">NM-2-Al HCl Czysty<\/strong> jest produkowany pod \u015bcis\u0142\u0105 kontrol\u0105 jako\u015bci <strong data-start=\"4292\" data-end=\"4335\">sp\u00f3jno\u015b\u0107, stabilno\u015b\u0107 i czysto\u015b\u0107<\/strong> zagwarantowa\u0107.<\/p>\n<p data-start=\"4352\" data-end=\"4488\">\u26a0\ufe0f <strong data-start=\"4355\" data-end=\"4366\">UWAGA:<\/strong> Ten produkt jest <strong data-start=\"4382\" data-end=\"4431\">przeznaczone wy\u0142\u0105cznie do cel\u00f3w badawczych<\/strong> I <strong data-start=\"4435\" data-end=\"4487\">nie nadaje si\u0119 do u\u017cytku przez ludzi i zwierz\u0119ta<\/strong>.<\/p>\n<hr data-start=\"4490\" data-end=\"4493\" \/>\n<h2 data-start=\"4495\" data-end=\"4525\"><strong data-start=\"4498\" data-end=\"4525\">G\u0142\u00f3wne cechy<\/strong><\/h2>\n<ul data-start=\"4527\" data-end=\"4946\">\n<li data-start=\"4527\" data-end=\"4615\">\n<p data-start=\"4529\" data-end=\"4615\"><strong data-start=\"4529\" data-end=\"4549\">Wysoka czysto\u015b\u0107:<\/strong> Nadaje si\u0119 do zastosowa\u0144 analitycznych i laboratoryjnych.<\/p>\n<\/li>\n<li data-start=\"4616\" data-end=\"4690\">\n<p data-start=\"4618\" data-end=\"4690\"><strong data-start=\"4618\" data-end=\"4640\">Stabilna forma HCl:<\/strong> Odporne na degradacj\u0119 podczas d\u0142ugotrwa\u0142ego przechowywania.<\/p>\n<\/li>\n<li data-start=\"4691\" data-end=\"4775\">\n<p data-start=\"4693\" data-end=\"4775\"><strong data-start=\"4693\" data-end=\"4723\">Niezawodna kompozycja:<\/strong> Wyprodukowano w kontrolowanych warunkach.<\/p>\n<\/li>\n<li data-start=\"4776\" data-end=\"4847\">\n<p data-start=\"4778\" data-end=\"4847\"><strong data-start=\"4778\" data-end=\"4801\">Bezpieczne opakowanie:<\/strong> Hermetyczne i zabezpieczone przed zanieczyszczeniami.<\/p>\n<\/li>\n<li data-start=\"4848\" data-end=\"4946\">\n<p data-start=\"4850\" data-end=\"4946\"><strong data-start=\"4850\" data-end=\"4877\">Zgodnie z przepisami UE:<\/strong> Spe\u0142nia europejskie normy bezpiecze\u0144stwa dotycz\u0105ce substancji chemicznych wykorzystywanych w badaniach.<\/p>\n<\/li>\n<\/ul>\n<hr data-start=\"4948\" data-end=\"4951\" \/>\n<h2 data-start=\"4953\" data-end=\"4984\"><strong data-start=\"4956\" data-end=\"4984\">Korzy\u015bci dla bada\u0144<\/strong><\/h2>\n<ul data-start=\"4986\" data-end=\"5261\">\n<li data-start=\"4986\" data-end=\"5050\">\n<p data-start=\"4988\" data-end=\"5050\">Nadaje si\u0119 do <strong data-start=\"5002\" data-end=\"5047\">badania toksykologiczne i farmakologiczne<\/strong>.<\/p>\n<\/li>\n<li data-start=\"5051\" data-end=\"5124\">\n<p data-start=\"5053\" data-end=\"5124\">Wspiera <strong data-start=\"5065\" data-end=\"5101\">rozw\u00f3j metod analitycznych<\/strong> (LC-MS, GC-MS, NMR).<\/p>\n<\/li>\n<li data-start=\"5125\" data-end=\"5189\">\n<p data-start=\"5127\" data-end=\"5189\">S\u0142u\u017cy jako <strong data-start=\"5137\" data-end=\"5160\">standard odniesienia<\/strong> do cel\u00f3w dochodzenia kryminalistycznego.<\/p>\n<\/li>\n<li data-start=\"5190\" data-end=\"5261\">\n<p data-start=\"5192\" data-end=\"5261\">Zapewnia <strong data-start=\"5203\" data-end=\"5258\">powtarzalne i wiarygodne wyniki bada\u0144<\/strong>. nm-2-ai<\/p>\n<\/li>\n<\/ul>\n<hr data-start=\"5263\" data-end=\"5266\" \/>\n<h2 data-start=\"5268\" data-end=\"5302\"><strong data-start=\"5271\" data-end=\"5302\">Wykorzystanie (kontekst badawczy)<\/strong><\/h2>\n<ol data-start=\"5304\" data-end=\"5509\">\n<li data-start=\"5304\" data-end=\"5349\">\n<p data-start=\"5307\" data-end=\"5349\">Stosowa\u0107 wy\u0142\u0105cznie w akredytowanych laboratoriach.<\/p>\n<\/li>\n<li data-start=\"5350\" data-end=\"5410\">\n<p data-start=\"5353\" data-end=\"5410\">Nale\u017cy nosi\u0107 r\u0119kawice, okulary ochronne i fartuch laboratoryjny.<\/p>\n<\/li>\n<li data-start=\"5411\" data-end=\"5458\">\n<p data-start=\"5414\" data-end=\"5458\">Przechowywa\u0107 w ch\u0142odnym, suchym i ciemnym miejscu (poni\u017cej 25\u00b0C).<\/p>\n<\/li>\n<li data-start=\"5459\" data-end=\"5509\">\n<p data-start=\"5462\" data-end=\"5509\">Pozosta\u0142o\u015bci nale\u017cy utylizowa\u0107 zgodnie z lokalnymi przepisami ochrony \u015brodowiska.<\/p>\n<\/li>\n<\/ol>\n<blockquote data-start=\"5511\" data-end=\"5597\">\n<p data-start=\"5513\" data-end=\"5597\"><strong data-start=\"5513\" data-end=\"5524\">UWAGA:<\/strong> <em data-start=\"5525\" data-end=\"5543\">NM-2-Al HCl Czysty<\/em> Jest <strong data-start=\"5547\" data-end=\"5596\">przeznaczone wy\u0142\u0105cznie do cel\u00f3w badawczych<\/strong>.<\/p>\n<\/blockquote>\n<hr data-start=\"5599\" data-end=\"5602\" \/>\n<h2 data-start=\"5604\" data-end=\"5638\"><strong data-start=\"5607\" data-end=\"5638\">Cz\u0119sto zadawane pytania (FAQ)<\/strong><\/h2>\n<p data-start=\"5640\" data-end=\"5778\"><strong data-start=\"5640\" data-end=\"5683\">1. Do czego s\u0142u\u017cy NM-2-Al HCl?<\/strong><br data-start=\"5683\" data-end=\"5686\" \/>S\u0142u\u017cy do <strong data-start=\"5710\" data-end=\"5748\">badania analityczne i kryminalistyczne<\/strong> do zwi\u0105zk\u00f3w aminoindanowych.<\/p>\n<p data-start=\"5780\" data-end=\"5903\"><strong data-start=\"5780\" data-end=\"5832\">2. Czy NM-2-Al HCl jest bezpieczny dla ludzi?<\/strong><br data-start=\"5832\" data-end=\"5835\" \/>Nie, ten produkt jest <strong data-start=\"5855\" data-end=\"5902\">nie dopuszczone do spo\u017cycia przez ludzi<\/strong>.<\/p>\n<p data-start=\"5905\" data-end=\"6058\"><strong data-start=\"5905\" data-end=\"5943\">3. Kto mo\u017ce kupi\u0107 NM-2-AI HCl Pure?<\/strong><br data-start=\"5943\" data-end=\"5946\" \/>Tylko <strong data-start=\"5953\" data-end=\"6002\">uznane instytucje badawcze i laboratoria<\/strong> Posiadacze odpowiednich zezwole\u0144 mog\u0105 naby\u0107 t\u0119 substancj\u0119.<\/p>","protected":false},"excerpt":{"rendered":"<h2>NM-2-Al HCl Czysty<\/h2>\n<p>Chlorowodorek NM-2-Al jest substancj\u0105, kt\u00f3r\u0105 sprzedajemy wy\u0142\u0105cznie do cel\u00f3w badawczych i dlatego nie jest przeznaczona do spo\u017cycia. Badania nad NM-2-AI mog\u0105 trwa\u0107 do 2 lat, je\u015bli s\u0105 przechowywane w odpowiednim \u015brodowisku.2C-E<\/p>","protected":false},"featured_media":29384,"comment_status":"closed","ping_status":"closed","template":"","meta":[],"product_brand":[82],"product_cat":[479,336],"product_tag":[326,879,880],"class_list":{"0":"post-24226","1":"product","2":"type-product","3":"status-publish","4":"has-post-thumbnail","6":"product_brand-research-chemical","7":"product_cat-nm-2-ai","8":"product_cat-overig","9":"product_tag-nl","10":"product_tag-nm-2-ai","11":"product_tag-nm-2-ai-hcl","13":"first","14":"instock","15":"taxable","16":"shipping-taxable","17":"purchasable","18":"product-type-variable"},"_links":{"self":[{"href":"https:\/\/onderzoekschemicals.com\/pl\/wp-json\/wp\/v2\/product\/24226","targetHints":{"allow":["GET"]}}],"collection":[{"href":"https:\/\/onderzoekschemicals.com\/pl\/wp-json\/wp\/v2\/product"}],"about":[{"href":"https:\/\/onderzoekschemicals.com\/pl\/wp-json\/wp\/v2\/types\/product"}],"replies":[{"embeddable":true,"href":"https:\/\/onderzoekschemicals.com\/pl\/wp-json\/wp\/v2\/comments?post=24226"}],"version-history":[{"count":5,"href":"https:\/\/onderzoekschemicals.com\/pl\/wp-json\/wp\/v2\/product\/24226\/revisions"}],"predecessor-version":[{"id":27830,"href":"https:\/\/onderzoekschemicals.com\/pl\/wp-json\/wp\/v2\/product\/24226\/revisions\/27830"}],"wp:featuredmedia":[{"embeddable":true,"href":"https:\/\/onderzoekschemicals.com\/pl\/wp-json\/wp\/v2\/media\/29384"}],"wp:attachment":[{"href":"https:\/\/onderzoekschemicals.com\/pl\/wp-json\/wp\/v2\/media?parent=24226"}],"wp:term":[{"taxonomy":"product_brand","embeddable":true,"href":"https:\/\/onderzoekschemicals.com\/pl\/wp-json\/wp\/v2\/product_brand?post=24226"},{"taxonomy":"product_cat","embeddable":true,"href":"https:\/\/onderzoekschemicals.com\/pl\/wp-json\/wp\/v2\/product_cat?post=24226"},{"taxonomy":"product_tag","embeddable":true,"href":"https:\/\/onderzoekschemicals.com\/pl\/wp-json\/wp\/v2\/product_tag?post=24226"}],"curies":[{"name":"wp","href":"https:\/\/api.w.org\/{rel}","templated":true}]}}