{"id":24183,"date":"2025-04-13T17:41:13","date_gmt":"2025-04-13T17:41:13","guid":{"rendered":"https:\/\/onderzoekschemicals.com\/?post_type=product&#038;p=24183"},"modified":"2025-10-12T20:23:41","modified_gmt":"2025-10-12T20:23:41","slug":"pagoclone-werking","status":"publish","type":"product","link":"https:\/\/onderzoekschemicals.com\/pl\/shop\/b2b\/pagoclone-werking\/","title":{"rendered":"RC+ Pagoclone 10mg Pude\u0142ko"},"content":{"rendered":"<h2 data-start=\"3680\" data-end=\"3706\"><strong data-start=\"3683\" data-end=\"3706\">Opis produktu<\/strong><\/h2>\n<p data-start=\"3708\" data-end=\"4018\"><strong data-start=\"3708\" data-end=\"3734\">RC+ Pagoclone 10mg Pude\u0142ko<\/strong> zawiera <strong data-start=\"3741\" data-end=\"3766\">Pagoklon o wysokiej czysto\u015bci<\/strong>, Jaki\u015b <strong data-start=\"3772\" data-end=\"3801\">zwi\u0105zek cyklopirolonowy<\/strong> kt\u00f3ry jest u\u017cywany do <strong data-start=\"3826\" data-end=\"3880\">badania analityczne, farmakologiczne i kryminalistyczne<\/strong>Operacja pagoklonowania<br data-start=\"3881\" data-end=\"3884\" \/>Pagoklon badano jako <strong data-start=\"3912\" data-end=\"3947\">Cz\u0119\u015bciowy agonista receptora GABA-A<\/strong>, co czyni go istotnym dla <strong data-start=\"3977\" data-end=\"4015\">badania neurochemiczne i receptorowe<\/strong>.<\/p>\n<p data-start=\"4020\" data-end=\"4165\">Ka\u017cde pude\u0142ko zawiera <strong data-start=\"4035\" data-end=\"4076\">10 mg granulki o czysto\u015bci badawczej<\/strong>, starannie skomponowane dla <strong data-start=\"4107\" data-end=\"4164\">powtarzalne i wiarygodne wyniki laboratoryjne<\/strong>.<\/p>\n<p data-start=\"4167\" data-end=\"4303\">\u26a0\ufe0f <strong data-start=\"4170\" data-end=\"4181\">UWAGA:<\/strong> Ten produkt jest <strong data-start=\"4197\" data-end=\"4246\">przeznaczone wy\u0142\u0105cznie do cel\u00f3w badawczych<\/strong> I <strong data-start=\"4250\" data-end=\"4302\">nie nadaje si\u0119 do u\u017cytku przez ludzi i zwierz\u0119ta<\/strong>.<\/p>\n<hr data-start=\"4305\" data-end=\"4308\" \/>\n<h2 data-start=\"4310\" data-end=\"4340\"><strong data-start=\"4313\" data-end=\"4340\">G\u0142\u00f3wne cechy<\/strong><\/h2>\n<ul data-start=\"4342\" data-end=\"4736\">\n<li data-start=\"4342\" data-end=\"4420\">\n<p data-start=\"4344\" data-end=\"4420\"><strong data-start=\"4344\" data-end=\"4364\">Wysoka czysto\u015b\u0107:<\/strong> Nadaje si\u0119 do bada\u0144 analitycznych i farmakologicznych.<\/p>\n<\/li>\n<li data-start=\"4421\" data-end=\"4502\">\n<p data-start=\"4423\" data-end=\"4502\"><strong data-start=\"4423\" data-end=\"4455\">Standaryzowane dawkowanie:<\/strong> 10 mg na tabletk\u0119 zapewnia powtarzalne rezultaty.<\/p>\n<\/li>\n<li data-start=\"4503\" data-end=\"4578\">\n<p data-start=\"4505\" data-end=\"4578\"><strong data-start=\"4505\" data-end=\"4530\">Stabilna formu\u0142a:<\/strong> Odporne na degradacj\u0119 przy w\u0142a\u015bciwym przechowywaniu.<\/p>\n<\/li>\n<li data-start=\"4579\" data-end=\"4650\">\n<p data-start=\"4581\" data-end=\"4650\"><strong data-start=\"4581\" data-end=\"4604\">Bezpieczne opakowanie:<\/strong> Hermetyczne i zabezpieczone przed zanieczyszczeniami.<\/p>\n<\/li>\n<li data-start=\"4651\" data-end=\"4736\">\n<p data-start=\"4653\" data-end=\"4736\"><strong data-start=\"4653\" data-end=\"4680\">Zgodnie z przepisami UE:<\/strong> Wyprodukowano zgodnie z europejskimi wytycznymi bezpiecze\u0144stwa. Dzia\u0142anie pagoklonu<\/p>\n<\/li>\n<\/ul>\n<hr data-start=\"4738\" data-end=\"4741\" \/>\n<h2 data-start=\"4743\" data-end=\"4777\"><strong data-start=\"4746\" data-end=\"4777\">Korzy\u015bci dla badaczy<\/strong><\/h2>\n<ul data-start=\"4779\" data-end=\"4998\">\n<li data-start=\"4779\" data-end=\"4838\">\n<p data-start=\"4781\" data-end=\"4838\">Nadaje si\u0119 do <strong data-start=\"4795\" data-end=\"4835\">badania receptor\u00f3w i neurochemii<\/strong>.<\/p>\n<\/li>\n<li data-start=\"4839\" data-end=\"4888\">\n<p data-start=\"4841\" data-end=\"4888\">Wspiera <strong data-start=\"4853\" data-end=\"4885\">Analizy LC-MS, GC-MS i NMR<\/strong>.<\/p>\n<\/li>\n<li data-start=\"4889\" data-end=\"4941\">\n<p data-start=\"4891\" data-end=\"4941\">Oferty <strong data-start=\"4897\" data-end=\"4919\">pr\u00f3bki referencyjne<\/strong> wysokiej jako\u015bci.<\/p>\n<\/li>\n<li data-start=\"4942\" data-end=\"4998\">\n<p data-start=\"4944\" data-end=\"4998\">Zapewnia <strong data-start=\"4955\" data-end=\"4995\">powtarzalne wyniki bada\u0144<\/strong>.<\/p>\n<\/li>\n<\/ul>\n<hr data-start=\"5000\" data-end=\"5003\" \/>\n<h2 data-start=\"5005\" data-end=\"5039\"><strong data-start=\"5008\" data-end=\"5039\">Wykorzystanie (kontekst badawczy)<\/strong><\/h2>\n<ol data-start=\"5041\" data-end=\"5236\">\n<li data-start=\"5041\" data-end=\"5086\">\n<p data-start=\"5044\" data-end=\"5086\">Stosowa\u0107 wy\u0142\u0105cznie w akredytowanych laboratoriach.<\/p>\n<\/li>\n<li data-start=\"5087\" data-end=\"5138\">\n<p data-start=\"5090\" data-end=\"5138\">Nale\u017cy nosi\u0107 r\u0119kawice, okulary ochronne i fartuch laboratoryjny.<\/p>\n<\/li>\n<li data-start=\"5139\" data-end=\"5186\">\n<p data-start=\"5142\" data-end=\"5186\">Przechowywa\u0107 w ch\u0142odnym, suchym i ciemnym miejscu (poni\u017cej 25\u00b0C).<\/p>\n<\/li>\n<li data-start=\"5187\" data-end=\"5236\">\n<p data-start=\"5190\" data-end=\"5236\">Pozosta\u0142o\u015bci nale\u017cy utylizowa\u0107 zgodnie z lokalnymi przepisami.<\/p>\n<\/li>\n<\/ol>\n<blockquote data-start=\"5238\" data-end=\"5330\">\n<p data-start=\"5240\" data-end=\"5330\"><strong data-start=\"5240\" data-end=\"5251\">UWAGA:<\/strong> <em data-start=\"5252\" data-end=\"5276\">RC+ Pagoclone 10mg Pude\u0142ko<\/em> Jest <strong data-start=\"5280\" data-end=\"5329\">przeznaczone wy\u0142\u0105cznie do cel\u00f3w badawczych<\/strong>.<\/p>\n<\/blockquote>\n<hr data-start=\"5332\" data-end=\"5335\" \/>\n<h2 data-start=\"5337\" data-end=\"5371\"><strong data-start=\"5340\" data-end=\"5371\">Cz\u0119sto zadawane pytania (FAQ)<\/strong><\/h2>\n<p data-start=\"5373\" data-end=\"5563\"><strong data-start=\"5373\" data-end=\"5418\">1. Do czego s\u0142u\u017cy RC+ Pagoclone?<\/strong><br data-start=\"5418\" data-end=\"5421\" \/>RC+ Pagoclone jest stosowany do <strong data-start=\"5455\" data-end=\"5509\">badania analityczne, farmakologiczne i kryminalistyczne<\/strong> do receptor\u00f3w GABA i zwi\u0105zk\u00f3w cyklopirolonowych.<\/p>\n<p data-start=\"5565\" data-end=\"5659\"><strong data-start=\"5565\" data-end=\"5594\">2. Ile mie\u015bci si\u0119 w jednym pude\u0142ku?<\/strong><br data-start=\"5594\" data-end=\"5597\" \/>Ka\u017cde pude\u0142ko zawiera <strong data-start=\"5612\" data-end=\"5630\">10 mg Pagoklon<\/strong> jako\u015bci laboratoryjnej.<\/p>\n<p data-start=\"5661\" data-end=\"5796\"><strong data-start=\"5661\" data-end=\"5711\">3. Czy mog\u0119 kupi\u0107 RC+ Pagoclone jako osoba prywatna?<\/strong><br data-start=\"5711\" data-end=\"5714\" \/>Nie, ten produkt jest dost\u0119pny tylko dla <strong data-start=\"5759\" data-end=\"5793\">uznane instytucje badawcze<\/strong>.<\/p>","protected":false},"excerpt":{"rendered":"<p>Productbeschrijving RC+ Pagoclone 10mg Box bevat hoogzuivere Pagoclone, een cyclopyrrolone-verbinding die wordt gebruikt voor analytisch, farmacologisch en forensisch onderzoek. Pagoclone<\/p>","protected":false},"featured_media":21118,"comment_status":"closed","ping_status":"closed","template":"","meta":[],"product_brand":[82],"product_cat":[555],"product_tag":[326,665,748,749,747,750,751,752],"class_list":{"0":"post-24183","1":"product","2":"type-product","3":"status-publish","4":"has-post-thumbnail","6":"product_brand-research-chemical","7":"product_cat-b2b","8":"product_tag-nl","9":"product_tag-pagoclone","10":"product_tag-pagoclone-dosage","11":"product_tag-pagoclone-effects","12":"product_tag-pagoclone-ervaringen","13":"product_tag-pagoclone-experience","14":"product_tag-pagoclone-reddit","15":"product_tag-pagoclone-werking","17":"first","18":"instock","19":"taxable","20":"shipping-taxable","21":"purchasable","22":"product-type-variable"},"_links":{"self":[{"href":"https:\/\/onderzoekschemicals.com\/pl\/wp-json\/wp\/v2\/product\/24183","targetHints":{"allow":["GET"]}}],"collection":[{"href":"https:\/\/onderzoekschemicals.com\/pl\/wp-json\/wp\/v2\/product"}],"about":[{"href":"https:\/\/onderzoekschemicals.com\/pl\/wp-json\/wp\/v2\/types\/product"}],"replies":[{"embeddable":true,"href":"https:\/\/onderzoekschemicals.com\/pl\/wp-json\/wp\/v2\/comments?post=24183"}],"version-history":[{"count":4,"href":"https:\/\/onderzoekschemicals.com\/pl\/wp-json\/wp\/v2\/product\/24183\/revisions"}],"predecessor-version":[{"id":27838,"href":"https:\/\/onderzoekschemicals.com\/pl\/wp-json\/wp\/v2\/product\/24183\/revisions\/27838"}],"wp:featuredmedia":[{"embeddable":true,"href":"https:\/\/onderzoekschemicals.com\/pl\/wp-json\/wp\/v2\/media\/21118"}],"wp:attachment":[{"href":"https:\/\/onderzoekschemicals.com\/pl\/wp-json\/wp\/v2\/media?parent=24183"}],"wp:term":[{"taxonomy":"product_brand","embeddable":true,"href":"https:\/\/onderzoekschemicals.com\/pl\/wp-json\/wp\/v2\/product_brand?post=24183"},{"taxonomy":"product_cat","embeddable":true,"href":"https:\/\/onderzoekschemicals.com\/pl\/wp-json\/wp\/v2\/product_cat?post=24183"},{"taxonomy":"product_tag","embeddable":true,"href":"https:\/\/onderzoekschemicals.com\/pl\/wp-json\/wp\/v2\/product_tag?post=24183"}],"curies":[{"name":"wp","href":"https:\/\/api.w.org\/{rel}","templated":true}]}}