{"id":24160,"date":"2025-04-13T17:41:09","date_gmt":"2025-04-13T17:41:09","guid":{"rendered":"https:\/\/onderzoekschemicals.com\/?post_type=product&#038;p=24160"},"modified":"2025-10-12T21:06:39","modified_gmt":"2025-10-12T21:06:39","slug":"5-meo-mipt","status":"publish","type":"product","link":"https:\/\/onderzoekschemicals.com\/pl\/shop\/b2b\/5-meo-mipt\/","title":{"rendered":"R\u00f3\u017cowa Mandala"},"content":{"rendered":"<h3 data-start=\"4546\" data-end=\"4565\"><strong data-start=\"4550\" data-end=\"4565\">Wst\u0119p<\/strong><\/h3>\n<p data-start=\"4566\" data-end=\"4965\">Ten <strong data-start=\"4569\" data-end=\"4585\">R\u00f3\u017cowa Mandala<\/strong> oznacza <strong data-start=\"4597\" data-end=\"4665\">bezwarunkowa mi\u0142o\u015b\u0107, \u017cyczliwo\u015b\u0107 i harmonia emocjonalna<\/strong>. Mandale, pochodz\u0105ce ze staro\u017cytno\u015bci <strong data-start=\"4697\" data-end=\"4743\">Tradycje hinduistyczne i buddyjskie<\/strong>, symbolizowa\u0107 <strong data-start=\"4758\" data-end=\"4794\">jedno\u015b\u0107, r\u00f3wnowaga i wszech\u015bwiat<\/strong>Delikatne r\u00f3\u017cowe odcienie tego wzoru wywo\u0142uj\u0105 uczucie <strong data-start=\"4854\" data-end=\"4887\">mi\u0142o\u015b\u0107, uzdrowienie i wsp\u00f3\u0142czucie<\/strong>, co czyni go idealnym do <strong data-start=\"4916\" data-end=\"4962\">dbanie o siebie, r\u00f3wnowaga emocjonalna i uwa\u017cno\u015b\u0107<\/strong>. 5-meo-mipt<\/p>\n<p data-start=\"4967\" data-end=\"5114\">Niezale\u017cnie od tego, czy u\u017cywasz go jako <strong data-start=\"4992\" data-end=\"5050\">dekoracja \u015bcienna, sztuka medytacyjna lub \u015brodek uspokajaj\u0105cy<\/strong>, ten <strong data-start=\"5055\" data-end=\"5071\">R\u00f3\u017cowa Mandala<\/strong> Wnosi ciep\u0142o i mi\u0119kko\u015b\u0107 do ka\u017cdego pomieszczenia.<\/p>\n<hr data-start=\"5116\" data-end=\"5119\" \/>\n<h3 data-start=\"5121\" data-end=\"5152\"><strong data-start=\"5125\" data-end=\"5152\">G\u0142\u00f3wne cechy<\/strong><\/h3>\n<ul data-start=\"5153\" data-end=\"5714\">\n<li data-start=\"5153\" data-end=\"5265\">\n<p data-start=\"5155\" data-end=\"5265\"><strong data-start=\"5155\" data-end=\"5176\">Paleta odcieni delikatnego r\u00f3\u017cu:<\/strong> Zaprojektowane w delikatnych barwach, kt\u00f3re emanuj\u0105 mi\u0142o\u015bci\u0105, wsp\u00f3\u0142czuciem i kobiec\u0105 energi\u0105.<\/p>\n<\/li>\n<li data-start=\"5266\" data-end=\"5387\">\n<p data-start=\"5268\" data-end=\"5387\"><strong data-start=\"5268\" data-end=\"5295\">Symbolika skupiona na sercu:<\/strong> Powi\u0105zany z <strong data-start=\"5316\" data-end=\"5340\">Czakra serca (Anahata)<\/strong> \u2013 o\u015brodek empatii i uzdrawiania emocjonalnego.<\/p>\n<\/li>\n<li data-start=\"5388\" data-end=\"5494\">\n<p data-start=\"5390\" data-end=\"5494\"><strong data-start=\"5390\" data-end=\"5409\">Wysoka jako\u015b\u0107:<\/strong> Dost\u0119pne jako <strong data-start=\"5427\" data-end=\"5459\">p\u0142\u00f3tno, gobelin lub plakat<\/strong> z trwa\u0142ymi i nie blakn\u0105cymi nadrukami.<\/p>\n<\/li>\n<li data-start=\"5495\" data-end=\"5604\">\n<p data-start=\"5497\" data-end=\"5604\"><strong data-start=\"5497\" data-end=\"5519\">\u015awi\u0119ta geometria:<\/strong> Zr\u00f3wnowa\u017cony i symetryczny projekt sprzyjaj\u0105cy wewn\u0119trznemu spokojowi i koncentracji.<\/p>\n<\/li>\n<li data-start=\"5605\" data-end=\"5714\">\n<p data-start=\"5607\" data-end=\"5714\"><strong data-start=\"5607\" data-end=\"5630\">Wszechstronne zastosowanie:<\/strong> Idealny dla <strong data-start=\"5644\" data-end=\"5711\">wystr\u00f3j domu, studia jogi, pokoje terapeutyczne lub k\u0105ciki medytacyjne<\/strong>.<\/p>\n<\/li>\n<\/ul>\n<hr data-start=\"5716\" data-end=\"5719\" \/>\n<h3 data-start=\"5721\" data-end=\"5738\"><strong data-start=\"5725\" data-end=\"5738\">Zalety<\/strong><\/h3>\n<ul data-start=\"5739\" data-end=\"6196\">\n<li data-start=\"5739\" data-end=\"5835\">\n<p data-start=\"5741\" data-end=\"5835\"><strong data-start=\"5741\" data-end=\"5775\">Promuje mi\u0142o\u015b\u0107 i wsp\u00f3\u0142czucie:<\/strong> Otwiera serce na mi\u0142o\u015b\u0107 w\u0142asn\u0105 i pozytywne relacje.<\/p>\n<\/li>\n<li data-start=\"5836\" data-end=\"5926\">\n<p data-start=\"5838\" data-end=\"5926\"><strong data-start=\"5838\" data-end=\"5872\">Stymuluje odnow\u0119 emocjonaln\u0105:<\/strong> Odcienie r\u00f3\u017cu przynosz\u0105 spok\u00f3j, przebaczenie i harmoni\u0119.<\/p>\n<\/li>\n<li data-start=\"5927\" data-end=\"6036\">\n<p data-start=\"5929\" data-end=\"6036\"><strong data-start=\"5929\" data-end=\"5957\">Wspiera uwa\u017cno\u015b\u0107:<\/strong> Doskonale nadaje si\u0119 do medytacji i jogi, gdy\u017c uspokaja emocje i poprawia koncentracj\u0119.<\/p>\n<\/li>\n<li data-start=\"6037\" data-end=\"6113\">\n<p data-start=\"6039\" data-end=\"6113\"><strong data-start=\"6039\" data-end=\"6069\">Tworzy spokojn\u0105 atmosfer\u0119:<\/strong> Wnosi mi\u0119kko\u015b\u0107 i ciep\u0142o do ka\u017cdego pomieszczenia.<\/p>\n<\/li>\n<li data-start=\"6114\" data-end=\"6196\">\n<p data-start=\"6116\" data-end=\"6196\"><strong data-start=\"6116\" data-end=\"6142\">Zwi\u0119ksza pozytywno\u015b\u0107:<\/strong> Promuje pe\u0142n\u0105 mi\u0142o\u015bci i spokoju energi\u0119 w domu. 5-meo-mipt<\/p>\n<\/li>\n<\/ul>\n<hr data-start=\"6198\" data-end=\"6201\" \/>\n<h3 data-start=\"6203\" data-end=\"6218\"><strong data-start=\"6207\" data-end=\"6218\">Stosowanie<\/strong><\/h3>\n<ol data-start=\"6219\" data-end=\"6637\">\n<li data-start=\"6219\" data-end=\"6335\">\n<p data-start=\"6222\" data-end=\"6335\"><strong data-start=\"6222\" data-end=\"6244\">Jako dekoracja \u015bcienna:<\/strong> Zawie\u015b <strong data-start=\"6253\" data-end=\"6269\">R\u00f3\u017cowa Mandala<\/strong> w sypialniach, studiach lub salonach, zapewniaj\u0105c spokojn\u0105 atmosfer\u0119.<\/p>\n<\/li>\n<li data-start=\"6336\" data-end=\"6445\">\n<p data-start=\"6339\" data-end=\"6445\"><strong data-start=\"6339\" data-end=\"6358\">Do medytacji:<\/strong> Skoncentruj wzrok na \u015brodku mandali i oddychaj g\u0142\u0119boko, aby wzmocni\u0107 mi\u0142o\u015b\u0107 do siebie.<\/p>\n<\/li>\n<li data-start=\"6446\" data-end=\"6539\">\n<p data-start=\"6449\" data-end=\"6539\"><strong data-start=\"6449\" data-end=\"6466\">Podczas jogi:<\/strong> U\u017cyj mandali jako punktu centralnego, kt\u00f3ry stymuluje otwarto\u015b\u0107 emocjonaln\u0105.<\/p>\n<\/li>\n<li data-start=\"6540\" data-end=\"6637\">\n<p data-start=\"6543\" data-end=\"6637\"><strong data-start=\"6543\" data-end=\"6558\">Jako prezent:<\/strong> Znacz\u0105cy prezent, kt\u00f3ry <strong data-start=\"6589\" data-end=\"6621\">mi\u0142o\u015b\u0107, uzdrowienie i po\u0142\u0105czenie<\/strong> symbolizuje.<\/p>\n<\/li>\n<\/ol>\n<hr data-start=\"6639\" data-end=\"6642\" \/>\n<h3 data-start=\"6644\" data-end=\"6677\"><strong data-start=\"6648\" data-end=\"6677\">Cz\u0119sto zadawane pytania (FAQ)<\/strong><\/h3>\n<p data-start=\"6679\" data-end=\"6835\"><strong data-start=\"6679\" data-end=\"6719\">1. Co symbolizuje R\u00f3\u017cowa Mandala?<\/strong><br data-start=\"6719\" data-end=\"6722\" \/>Ten <strong data-start=\"6725\" data-end=\"6741\">R\u00f3\u017cowa Mandala<\/strong> symbolizuje <strong data-start=\"6755\" data-end=\"6800\">mi\u0142o\u015b\u0107, wsp\u00f3\u0142czucie i r\u00f3wnowaga emocjonalna<\/strong>i wspiera <strong data-start=\"6820\" data-end=\"6834\">Czakra serca<\/strong>.<\/p>\n<p data-start=\"6837\" data-end=\"6979\"><strong data-start=\"6837\" data-end=\"6892\">2. Czy mog\u0119 u\u017cywa\u0107 R\u00f3\u017cowej Mandali do medytacji?<\/strong><br data-start=\"6892\" data-end=\"6895\" \/>Tak, jest idealny dla <strong data-start=\"6918\" data-end=\"6944\">medytacja skoncentrowana na sercu<\/strong> aby promowa\u0107 pok\u00f3j i harmoni\u0119.<\/p>\n<p data-start=\"6981\" data-end=\"7138\"><strong data-start=\"6981\" data-end=\"7040\">3. Czy R\u00f3\u017cowa Mandala nadaje si\u0119 do dekoracji wn\u0119trz?<\/strong><br data-start=\"7040\" data-end=\"7043\" \/>Zdecydowanie. Delikatne r\u00f3\u017cowe tony dodaj\u0105 <strong data-start=\"7085\" data-end=\"7122\">ciep\u0142o, mi\u0119kko\u015b\u0107 i pozytywno\u015b\u0107<\/strong> w ka\u017cdym pokoju.<\/p>\n<hr data-start=\"7140\" data-end=\"7143\" \/>\n<h3 data-start=\"7145\" data-end=\"7162\"><strong data-start=\"7149\" data-end=\"7162\">Wniosek<\/strong><\/h3>\n<p data-start=\"7163\" data-end=\"7528\">Ten <strong data-start=\"7166\" data-end=\"7182\">R\u00f3\u017cowa Mandala<\/strong> jest czym\u015b wi\u0119cej ni\u017c dzie\u0142em sztuki \u2013 jest <strong data-start=\"7222\" data-end=\"7283\">duchowy symbol mi\u0142o\u015bci, r\u00f3wnowagi i wewn\u0119trznego spokoju<\/strong>Jej delikatna kolorystyka i \u015bwi\u0119ta geometria emanuj\u0105 z niej blaskiem <strong data-start=\"7347\" data-end=\"7376\">ciep\u0142o, wsp\u00f3\u0142czucie i pok\u00f3j<\/strong> na zewn\u0105trz. Idealne dla <strong data-start=\"7395\" data-end=\"7436\">medytacja, joga lub dekoracja wn\u0119trz<\/strong>, ten <strong data-start=\"7441\" data-end=\"7457\">R\u00f3\u017cowa Mandala<\/strong> przynosi <strong data-start=\"7465\" data-end=\"7500\">harmonia i kochaj\u0105ca energia<\/strong> w ka\u017cdej chwili twojego \u017cycia.<\/p>","protected":false},"excerpt":{"rendered":"<p>Wprowadzenie: R\u00f3\u017cowa Mandala symbolizuje bezwarunkow\u0105 mi\u0142o\u015b\u0107, \u017cyczliwo\u015b\u0107 i harmoni\u0119 emocjonaln\u0105. Mandale, wywodz\u0105ce si\u0119 ze staro\u017cytnych tradycji hinduistycznych i buddyjskich,<\/p>","protected":false},"featured_media":20942,"comment_status":"closed","ping_status":"closed","template":"","meta":[],"product_brand":[82],"product_cat":[555],"product_tag":[650,882,883,326],"class_list":{"0":"post-24160","1":"product","2":"type-product","3":"status-publish","4":"has-post-thumbnail","6":"product_brand-research-chemical","7":"product_cat-b2b","8":"product_tag-5-meo-mipt","9":"product_tag-5-meo-mipt-dosage","10":"product_tag-5-meo-mipt-ervaring","11":"product_tag-nl","13":"first","14":"instock","15":"taxable","16":"shipping-taxable","17":"purchasable","18":"product-type-variable"},"_links":{"self":[{"href":"https:\/\/onderzoekschemicals.com\/pl\/wp-json\/wp\/v2\/product\/24160","targetHints":{"allow":["GET"]}}],"collection":[{"href":"https:\/\/onderzoekschemicals.com\/pl\/wp-json\/wp\/v2\/product"}],"about":[{"href":"https:\/\/onderzoekschemicals.com\/pl\/wp-json\/wp\/v2\/types\/product"}],"replies":[{"embeddable":true,"href":"https:\/\/onderzoekschemicals.com\/pl\/wp-json\/wp\/v2\/comments?post=24160"}],"version-history":[{"count":4,"href":"https:\/\/onderzoekschemicals.com\/pl\/wp-json\/wp\/v2\/product\/24160\/revisions"}],"predecessor-version":[{"id":27850,"href":"https:\/\/onderzoekschemicals.com\/pl\/wp-json\/wp\/v2\/product\/24160\/revisions\/27850"}],"wp:featuredmedia":[{"embeddable":true,"href":"https:\/\/onderzoekschemicals.com\/pl\/wp-json\/wp\/v2\/media\/20942"}],"wp:attachment":[{"href":"https:\/\/onderzoekschemicals.com\/pl\/wp-json\/wp\/v2\/media?parent=24160"}],"wp:term":[{"taxonomy":"product_brand","embeddable":true,"href":"https:\/\/onderzoekschemicals.com\/pl\/wp-json\/wp\/v2\/product_brand?post=24160"},{"taxonomy":"product_cat","embeddable":true,"href":"https:\/\/onderzoekschemicals.com\/pl\/wp-json\/wp\/v2\/product_cat?post=24160"},{"taxonomy":"product_tag","embeddable":true,"href":"https:\/\/onderzoekschemicals.com\/pl\/wp-json\/wp\/v2\/product_tag?post=24160"}],"curies":[{"name":"wp","href":"https:\/\/api.w.org\/{rel}","templated":true}]}}