{"id":24154,"date":"2025-04-13T17:41:09","date_gmt":"2025-04-13T17:41:09","guid":{"rendered":"https:\/\/onderzoekschemicals.com\/?post_type=product&#038;p=24154"},"modified":"2025-10-12T20:57:52","modified_gmt":"2025-10-12T20:57:52","slug":"green-mandala","status":"publish","type":"product","link":"https:\/\/onderzoekschemicals.com\/pl\/shop\/b2b\/green-mandala\/","title":{"rendered":"Zielona Mandala"},"content":{"rendered":"<h3 data-start=\"4598\" data-end=\"4617\"><strong data-start=\"4602\" data-end=\"4617\">Wst\u0119p<\/strong><\/h3>\n<p data-start=\"4618\" data-end=\"4961\">Ten <strong data-start=\"4621\" data-end=\"4638\">Zielona Mandala<\/strong> symbolizuje <strong data-start=\"4652\" data-end=\"4687\">odnowa, uzdrowienie i r\u00f3wnowaga<\/strong>i wprowadza harmoni\u0119 cia\u0142a, umys\u0142u i duszy dzi\u0119ki koj\u0105cej mocy zieleni. Mandale, wywodz\u0105ce si\u0119 ze staro\u017cytno\u015bci <strong data-start=\"4802\" data-end=\"4848\">Tradycje hinduistyczne i buddyjskie<\/strong>, by\u0142y u\u017cywane od wiek\u00f3w jako narz\u0119dzia duchowe do skupiania energii i przywracania r\u00f3wnowagi. Kup 4 fma<\/p>\n<p data-start=\"4963\" data-end=\"5283\">Zielony, kolor natury i \u017cycia, reprezentuje <strong data-start=\"5018\" data-end=\"5060\">wzrost, wsp\u00f3\u0142czucie i odzyskiwanie emocjonalne<\/strong>W po\u0142\u0105czeniu ze \u015bwi\u0119t\u0105 geometri\u0105 mandali tworzy to pot\u0119\u017cny symbol <strong data-start=\"5151\" data-end=\"5198\">wewn\u0119trzny spok\u00f3j, odnowa i uwa\u017cno\u015b\u0107<\/strong>Ten <strong data-start=\"5203\" data-end=\"5220\">Zielona Mandala<\/strong> przekszta\u0142ca ka\u017cde pomieszczenie w <strong data-start=\"5250\" data-end=\"5282\">oaza spokoju i ciszy<\/strong>.<\/p>\n<hr data-start=\"5285\" data-end=\"5288\" \/>\n<h3 data-start=\"5290\" data-end=\"5321\"><strong data-start=\"5294\" data-end=\"5321\">G\u0142\u00f3wne cechy<\/strong><\/h3>\n<ul data-start=\"5322\" data-end=\"5849\">\n<li data-start=\"5322\" data-end=\"5424\">\n<p data-start=\"5324\" data-end=\"5424\"><strong data-start=\"5324\" data-end=\"5351\">Uspokajaj\u0105ca zielona paleta:<\/strong> Stworzone z soczystych zielonych ton\u00f3w, kt\u00f3re sprzyjaj\u0105 wyciszeniu, r\u00f3wnowadze i uzdrowieniu.<\/p>\n<\/li>\n<li data-start=\"5425\" data-end=\"5551\">\n<p data-start=\"5427\" data-end=\"5551\"><strong data-start=\"5427\" data-end=\"5450\">Symboliczny projekt:<\/strong> Reprezentuje <strong data-start=\"5471\" data-end=\"5495\">Czakra serca (Anahata)<\/strong> \u2013 centrum mi\u0142o\u015bci, wsp\u00f3\u0142czucia i jedno\u015bci.<\/p>\n<\/li>\n<li data-start=\"5552\" data-end=\"5658\">\n<p data-start=\"5554\" data-end=\"5658\"><strong data-start=\"5554\" data-end=\"5573\">Wysoka jako\u015b\u0107:<\/strong> Dost\u0119pne jako <strong data-start=\"5591\" data-end=\"5623\">p\u0142\u00f3tno, plakat lub gobelin<\/strong> z \u017cywymi, trwa\u0142ymi kolorami.<\/p>\n<\/li>\n<li data-start=\"5659\" data-end=\"5761\">\n<p data-start=\"5661\" data-end=\"5761\"><strong data-start=\"5661\" data-end=\"5685\">Skomplikowana geometria:<\/strong> Oparty na tradycyjnej sztuce mandali, symbol jedno\u015bci i harmonii.<\/p>\n<\/li>\n<li data-start=\"5762\" data-end=\"5849\">\n<p data-start=\"5764\" data-end=\"5849\"><strong data-start=\"5764\" data-end=\"5786\">Wszechstronny design:<\/strong> Idealnie pasuje do obu <strong data-start=\"5809\" data-end=\"5846\">nowoczesne i duchowe wn\u0119trza<\/strong>.<\/p>\n<\/li>\n<\/ul>\n<hr data-start=\"5851\" data-end=\"5854\" \/>\n<h3 data-start=\"5856\" data-end=\"5873\"><strong data-start=\"5860\" data-end=\"5873\">Zalety<\/strong><\/h3>\n<ul data-start=\"5874\" data-end=\"6332\">\n<li data-start=\"5874\" data-end=\"5993\">\n<p data-start=\"5876\" data-end=\"5993\"><strong data-start=\"5876\" data-end=\"5909\">Wspomaga leczenie i r\u00f3wnowag\u0119:<\/strong> Zielony pomaga <strong data-start=\"5922\" data-end=\"5960\">przywr\u00f3ci\u0107 r\u00f3wnowag\u0119 emocjonaln\u0105<\/strong> i stworzy\u0107 wewn\u0119trzny spok\u00f3j.<\/p>\n<\/li>\n<li data-start=\"5994\" data-end=\"6073\">\n<p data-start=\"5996\" data-end=\"6073\"><strong data-start=\"5996\" data-end=\"6026\">Wspiera czakr\u0119 serca:<\/strong> Wzmocniony <strong data-start=\"6037\" data-end=\"6070\">mi\u0142o\u015b\u0107, empatia i wsp\u00f3\u0142czucie<\/strong>.<\/p>\n<\/li>\n<li data-start=\"6074\" data-end=\"6153\">\n<p data-start=\"6076\" data-end=\"6153\"><strong data-start=\"6076\" data-end=\"6103\">Pobudza uwa\u017cno\u015b\u0107:<\/strong> Idealny dla <strong data-start=\"6116\" data-end=\"6150\">joga, medytacja lub relaks<\/strong>.<\/p>\n<\/li>\n<li data-start=\"6154\" data-end=\"6243\">\n<p data-start=\"6156\" data-end=\"6243\"><strong data-start=\"6156\" data-end=\"6178\">Redukuje stres:<\/strong> Naturalne kolory wywo\u0142uj\u0105 uczucie spokoju i wyciszenia.<\/p>\n<\/li>\n<li data-start=\"6244\" data-end=\"6332\">\n<p data-start=\"6246\" data-end=\"6332\"><strong data-start=\"6246\" data-end=\"6270\">Ulepszone wn\u0119trze:<\/strong> Nadaje ka\u017cdemu pomieszczeniu <strong data-start=\"6293\" data-end=\"6329\">spokojny i stylowy wygl\u0105d<\/strong>.<\/p>\n<\/li>\n<\/ul>\n<hr data-start=\"6334\" data-end=\"6337\" \/>\n<h3 data-start=\"6339\" data-end=\"6354\"><strong data-start=\"6343\" data-end=\"6354\">Stosowanie<\/strong><\/h3>\n<ol data-start=\"6355\" data-end=\"6774\">\n<li data-start=\"6355\" data-end=\"6461\">\n<p data-start=\"6358\" data-end=\"6461\"><strong data-start=\"6358\" data-end=\"6380\">Jako dekoracja \u015bcienna:<\/strong> Zawie\u015b <strong data-start=\"6389\" data-end=\"6406\">Zielona Mandala<\/strong> w sypialniach, studiach jogi lub strefach relaksu.<\/p>\n<\/li>\n<li data-start=\"6462\" data-end=\"6581\">\n<p data-start=\"6465\" data-end=\"6581\"><strong data-start=\"6465\" data-end=\"6484\">Do medytacji:<\/strong> Skoncentruj wzrok na \u015brodku mandali i oddychaj g\u0142\u0119boko, wizualizuj\u0105c zielon\u0105 energi\u0119.<\/p>\n<\/li>\n<li data-start=\"6582\" data-end=\"6679\">\n<p data-start=\"6585\" data-end=\"6679\"><strong data-start=\"6585\" data-end=\"6602\">Podczas jogi:<\/strong> U\u017cyj mandali jako punktu skupienia, aby zwi\u0119kszy\u0107 koncentracj\u0119 i uziemienie.<\/p>\n<\/li>\n<li data-start=\"6680\" data-end=\"6774\">\n<p data-start=\"6683\" data-end=\"6774\"><strong data-start=\"6683\" data-end=\"6698\">Jako prezent:<\/strong> Znacz\u0105cy prezent, kt\u00f3ry <strong data-start=\"6729\" data-end=\"6758\">mi\u0142o\u015b\u0107, wzrost i harmonia<\/strong> symbolizuje. Kup 4 fma<\/p>\n<\/li>\n<\/ol>\n<hr data-start=\"6776\" data-end=\"6779\" \/>\n<h3 data-start=\"6781\" data-end=\"6814\"><strong data-start=\"6785\" data-end=\"6814\">Cz\u0119sto zadawane pytania (FAQ)<\/strong><\/h3>\n<p data-start=\"6816\" data-end=\"6992\"><strong data-start=\"6816\" data-end=\"6857\">1. Co symbolizuje Zielona Mandala?<\/strong><br data-start=\"6857\" data-end=\"6860\" \/>Ten <strong data-start=\"6863\" data-end=\"6880\">Zielona Mandala<\/strong> oznacza <strong data-start=\"6892\" data-end=\"6930\">uzdrawianie, wsp\u00f3\u0142czucie, rozw\u00f3j i r\u00f3wnowaga<\/strong>i pomaga wzmocni\u0107 energi\u0119 natury i serca.<\/p>\n<p data-start=\"6994\" data-end=\"7166\"><strong data-start=\"6994\" data-end=\"7053\">2. Czy Zielon\u0105 Mandal\u0119 mo\u017cna wykorzysta\u0107 do medytacji?<\/strong><br data-start=\"7053\" data-end=\"7056\" \/>Tak, to pot\u0119\u017cne narz\u0119dzie do <strong data-start=\"7096\" data-end=\"7128\">uwa\u017cno\u015b\u0107 i r\u00f3wnowaga czakr<\/strong>, skupiaj\u0105c si\u0119 g\u0142\u00f3wnie na <strong data-start=\"7151\" data-end=\"7165\">Czakra serca<\/strong>.<\/p>\n<p data-start=\"7168\" data-end=\"7355\"><strong data-start=\"7168\" data-end=\"7228\">3. Czy Zielona Mandala nadaje si\u0119 do dekoracji wn\u0119trz?<\/strong><br data-start=\"7228\" data-end=\"7231\" \/>Zdecydowanie. Spokojne zielone tony i symetryczne kszta\u0142ty sprawiaj\u0105, \u017ce idealnie nadaje si\u0119 do <strong data-start=\"7310\" data-end=\"7354\">domy, studia jogi i centra odnowy biologicznej<\/strong>.<\/p>\n<hr data-start=\"7357\" data-end=\"7360\" \/>\n<h3 data-start=\"7362\" data-end=\"7379\"><strong data-start=\"7366\" data-end=\"7379\">Wniosek<\/strong><\/h3>\n<p data-start=\"7380\" data-end=\"7678\">Ten <strong data-start=\"7383\" data-end=\"7400\">Zielona Mandala<\/strong> jest czym\u015b wi\u0119cej ni\u017c dzie\u0142em sztuki \u2013 jest <strong data-start=\"7440\" data-end=\"7489\">symbol pokoju, mi\u0142o\u015bci i rozwoju duchowego<\/strong>Dzi\u0119ki naturalnym zielonym tonom i \u015bwi\u0119tej geometrii wnosi <strong data-start=\"7555\" data-end=\"7581\">pok\u00f3j, r\u00f3wnowaga i uzdrowienie<\/strong> w ka\u017cdym pomieszczeniu. Idealne dla ka\u017cdego, kto <strong data-start=\"7624\" data-end=\"7651\">harmonia i uwa\u017cno\u015b\u0107<\/strong> chce wprowadzi\u0107 do swojego \u017cycia.<\/p>\n<p><a href=\"https:\/\/onderzoekschemicals.com\/pl\/shop\/lysergamides\/1cp-lsd-150-mcg\/\"><span dir=\"auto\" style=\"vertical-align: inherit;\"><span dir=\"auto\" style=\"vertical-align: inherit;\">1cP-LSD 150 MCG Art Blotters <\/span><\/span><\/a><a href=\"https:\/\/onderzoekschemicals.com\/pl\/shop\/pellets\/o-dsmt-50mg-pellets\/\"><span dir=\"auto\" style=\"vertical-align: inherit;\"><span dir=\"auto\" style=\"vertical-align: inherit;\">O-DSMT 50 mg granulki <\/span><\/span><\/a><a href=\"https:\/\/onderzoekschemicals.com\/pl\/shop\/lysergamides\/1v-lsd-150-mcg-blotters\/\"><span dir=\"auto\" style=\"vertical-align: inherit;\"><span dir=\"auto\" style=\"vertical-align: inherit;\">Bibu\u0142ki 1V-LSD 150 MCG <\/span><\/span><\/a><a href=\"https:\/\/onderzoekschemicals.com\/pl\/shop\/cathinonen\/2-cmc-kopen\/\"><span dir=\"auto\" style=\"vertical-align: inherit;\"><span dir=\"auto\" style=\"vertical-align: inherit;\">2-CMC 250 mg granulki <\/span><\/span><\/a><a href=\"https:\/\/onderzoekschemicals.com\/pl\/shop\/fenethylamine\/2c-ef-2mg-capsules\/\"><span dir=\"auto\" style=\"vertical-align: inherit;\"><span dir=\"auto\" style=\"vertical-align: inherit;\">Kapsu\u0142ki 2C-EF 2 mg<\/span><\/span><\/a><\/p>","protected":false},"excerpt":{"rendered":"<p>Introductie De Green Mandala symboliseert vernieuwing, genezing en balans, en brengt lichaam, geest en ziel in harmonie door de rustgevende<\/p>","protected":false},"featured_media":20763,"comment_status":"closed","ping_status":"closed","template":"","meta":[],"product_brand":[],"product_cat":[555],"product_tag":[629,644,326],"class_list":{"0":"post-24154","1":"product","2":"type-product","3":"status-publish","4":"has-post-thumbnail","6":"product_cat-b2b","7":"product_tag-4-fma-kopen","8":"product_tag-4-fma","9":"product_tag-nl","11":"first","12":"instock","13":"taxable","14":"shipping-taxable","15":"purchasable","16":"product-type-variable"},"_links":{"self":[{"href":"https:\/\/onderzoekschemicals.com\/pl\/wp-json\/wp\/v2\/product\/24154","targetHints":{"allow":["GET"]}}],"collection":[{"href":"https:\/\/onderzoekschemicals.com\/pl\/wp-json\/wp\/v2\/product"}],"about":[{"href":"https:\/\/onderzoekschemicals.com\/pl\/wp-json\/wp\/v2\/types\/product"}],"replies":[{"embeddable":true,"href":"https:\/\/onderzoekschemicals.com\/pl\/wp-json\/wp\/v2\/comments?post=24154"}],"version-history":[{"count":4,"href":"https:\/\/onderzoekschemicals.com\/pl\/wp-json\/wp\/v2\/product\/24154\/revisions"}],"predecessor-version":[{"id":27848,"href":"https:\/\/onderzoekschemicals.com\/pl\/wp-json\/wp\/v2\/product\/24154\/revisions\/27848"}],"wp:featuredmedia":[{"embeddable":true,"href":"https:\/\/onderzoekschemicals.com\/pl\/wp-json\/wp\/v2\/media\/20763"}],"wp:attachment":[{"href":"https:\/\/onderzoekschemicals.com\/pl\/wp-json\/wp\/v2\/media?parent=24154"}],"wp:term":[{"taxonomy":"product_brand","embeddable":true,"href":"https:\/\/onderzoekschemicals.com\/pl\/wp-json\/wp\/v2\/product_brand?post=24154"},{"taxonomy":"product_cat","embeddable":true,"href":"https:\/\/onderzoekschemicals.com\/pl\/wp-json\/wp\/v2\/product_cat?post=24154"},{"taxonomy":"product_tag","embeddable":true,"href":"https:\/\/onderzoekschemicals.com\/pl\/wp-json\/wp\/v2\/product_tag?post=24154"}],"curies":[{"name":"wp","href":"https:\/\/api.w.org\/{rel}","templated":true}]}}