{"id":24140,"date":"2025-04-13T17:41:08","date_gmt":"2025-04-13T17:41:08","guid":{"rendered":"https:\/\/onderzoekschemicals.com\/?post_type=product&#038;p=24140"},"modified":"2025-10-13T10:29:52","modified_gmt":"2025-10-13T10:29:52","slug":"chem-mist-4f-mph-10-spray","status":"publish","type":"product","link":"https:\/\/onderzoekschemicals.com\/pl\/shop\/b2b\/chem-mist-4f-mph-10-spray\/","title":{"rendered":"Chem Mist 4F-MPH 10% Spray"},"content":{"rendered":"<h3 data-start=\"688\" data-end=\"712\"><strong data-start=\"692\" data-end=\"712\">Przegl\u0105d produktu<\/strong><\/h3>\n<p data-start=\"713\" data-end=\"1201\">Spray Chem-mist 4F-MPH 10% to <strong data-start=\"747\" data-end=\"793\">precyzyjnie sformu\u0142owane rozwi\u0105zanie badawcze<\/strong> z <strong data-start=\"798\" data-end=\"833\">4-fluorometylofenidat (4F-MPH)<\/strong> w st\u0119\u017ceniu 10%. Zaprojektowany dla <strong data-start=\"878\" data-end=\"925\">cele naukowe i analityczne<\/strong>, oferuje <strong data-start=\"941\" data-end=\"983\">kontrolowane i sta\u0142e dawkowanie<\/strong> za pomoc\u0105 \u0142atwego w u\u017cyciu sprayu \u2013 idealnego dla laboratori\u00f3w przeprowadzaj\u0105cych badania farmakologiczne, receptorowe lub absorpcyjne. 4 stopy na godzin\u0119<br data-start=\"1106\" data-end=\"1109\" \/><em data-start=\"1109\" data-end=\"1201\">(Wy\u0142\u0105cznie do cel\u00f3w badawczych \u2013 produkt nie jest przeznaczony do u\u017cytku przez ludzi ani zwierz\u0119ta.)<\/em><\/p>\n<hr data-start=\"1203\" data-end=\"1206\" \/>\n<h3 data-start=\"1208\" data-end=\"1239\"><strong data-start=\"1212\" data-end=\"1239\">G\u0142\u00f3wne cechy<\/strong><\/h3>\n<ul data-start=\"1240\" data-end=\"1675\">\n<li data-start=\"1240\" data-end=\"1319\">\n<p data-start=\"1242\" data-end=\"1319\"><strong data-start=\"1242\" data-end=\"1269\">St\u0119\u017cenie 10% 4F-MPH<\/strong> do precyzyjnych i kontrolowanych eksperyment\u00f3w<\/p>\n<\/li>\n<li data-start=\"1320\" data-end=\"1382\">\n<p data-start=\"1322\" data-end=\"1382\"><strong data-start=\"1322\" data-end=\"1350\">Oko\u0142o 14 mg na dawk\u0119<\/strong> (ponad 70 dawek w butelce)<\/p>\n<\/li>\n<li data-start=\"1383\" data-end=\"1456\">\n<p data-start=\"1385\" data-end=\"1456\"><strong data-start=\"1385\" data-end=\"1417\">Aromat mi\u0119ty pieprzowej \u201eFresh Focus\u201d<\/strong> do wygodnego u\u017cytkowania w laboratorium<\/p>\n<\/li>\n<li data-start=\"1457\" data-end=\"1525\">\n<p data-start=\"1459\" data-end=\"1525\"><strong data-start=\"1459\" data-end=\"1486\">Formu\u0142a stabilizowana<\/strong> z E1520, NaCl i sk\u0142adnikami buforowymi<\/p>\n<\/li>\n<li data-start=\"1526\" data-end=\"1591\">\n<p data-start=\"1528\" data-end=\"1591\"><strong data-start=\"1528\" data-end=\"1554\">Wysoka czysto\u015b\u0107 (&gt;98%)<\/strong>potwierdzone testami dostawcy<\/p>\n<\/li>\n<li data-start=\"1592\" data-end=\"1675\">\n<p data-start=\"1594\" data-end=\"1675\"><strong data-start=\"1594\" data-end=\"1627\">Tylko do cel\u00f3w badawczych<\/strong> \u2013 wyra\u017anie oznakowane zgodnie z przepisami<\/p>\n<\/li>\n<\/ul>\n<hr data-start=\"1677\" data-end=\"1680\" \/>\n<h3 data-start=\"1682\" data-end=\"1699\"><strong data-start=\"1686\" data-end=\"1699\">Zalety<\/strong><\/h3>\n<p data-start=\"1700\" data-end=\"2020\">\u2705 <strong data-start=\"1702\" data-end=\"1723\">Dok\u0142adne dawkowanie<\/strong> \u2013 Sta\u0142a obj\u0119to\u015b\u0107 rozpylania zapewniaj\u0105ca powtarzalne rezultaty<br data-start=\"1786\" data-end=\"1789\" \/>\u2705 <strong data-start=\"1791\" data-end=\"1819\">Bezpieczne i czyste u\u017cytkowanie<\/strong> \u2013 Brak ryzyka nara\u017cenia na dzia\u0142anie proszku lub zanieczyszczenia<br data-start=\"1868\" data-end=\"1871\" \/>\u2705 <strong data-start=\"1873\" data-end=\"1899\">Poprawiona stabilno\u015b\u0107<\/strong> \u2013 D\u0142ugi okres przydatno\u015bci do spo\u017cycia (do 2 lat) przy prawid\u0142owym przechowywaniu<br data-start=\"1953\" data-end=\"1956\" \/>\u2705 <strong data-start=\"1958\" data-end=\"1975\">Gotowy do u\u017cycia<\/strong> \u2013 Skraca czas przygotowania w laboratorium<\/p>\n<hr data-start=\"2022\" data-end=\"2025\" \/>\n<h3 data-start=\"2027\" data-end=\"2072\"><strong data-start=\"2031\" data-end=\"2072\">U\u017cytkowanie (tylko w celach badawczych)<\/strong><\/h3>\n<blockquote data-start=\"2073\" data-end=\"2198\">\n<p data-start=\"2075\" data-end=\"2198\">\u26a0\ufe0f Wy\u0142\u0105cznie do u\u017cytku laboratoryjnego. Nie wdycha\u0107 ani nie po\u0142yka\u0107. Zawsze nosi\u0107 \u015brodki ochrony indywidualnej (PPE).<\/p>\n<\/blockquote>\n<ol data-start=\"2200\" data-end=\"2403\">\n<li data-start=\"2200\" data-end=\"2263\">\n<p data-start=\"2203\" data-end=\"2263\">Przed pierwszym u\u017cyciem delikatnie wstrz\u0105\u015bnij i przygotuj spray.<\/p>\n<\/li>\n<li data-start=\"2264\" data-end=\"2331\">\n<p data-start=\"2267\" data-end=\"2331\">Rozpyla\u0107 z ustalonej odleg\u0142o\u015bci zgodnie z protoko\u0142em eksperymentalnym. 4 mile na godzin\u0119<\/p>\n<\/li>\n<li data-start=\"2332\" data-end=\"2403\">\n<p data-start=\"2335\" data-end=\"2403\">Zamknij szczelnie i przechowuj w pozycji pionowej w <strong data-start=\"2375\" data-end=\"2400\">ch\u0142odne, ciemne miejsce<\/strong>.<\/p>\n<\/li>\n<\/ol>\n<hr data-start=\"2405\" data-end=\"2408\" \/>\n<h3 data-start=\"2410\" data-end=\"2443\"><strong data-start=\"2414\" data-end=\"2443\">Cz\u0119sto zadawane pytania (FAQ)<\/strong><\/h3>\n<p data-start=\"2445\" data-end=\"2533\"><strong data-start=\"2445\" data-end=\"2484\">1. Ile 4F-MPH zawiera ka\u017cdy spray?<\/strong><br data-start=\"2484\" data-end=\"2487\" \/>Ka\u017cde rozpylenie dostarcza oko\u0142o <strong data-start=\"2514\" data-end=\"2523\">14 mg<\/strong> 4F-MPH.<\/p>\n<p data-start=\"2535\" data-end=\"2719\"><strong data-start=\"2535\" data-end=\"2589\">2. Czy ten produkt nadaje si\u0119 do stosowania u ludzi?<\/strong><br data-start=\"2589\" data-end=\"2592\" \/>Nie \u2013 ten produkt jest <strong data-start=\"2613\" data-end=\"2660\">wy\u0142\u0105cznie do cel\u00f3w bada\u0144 naukowych<\/strong> i nie s\u0105 przeznaczone do spo\u017cycia przez ludzi lub zwierz\u0119ta.<\/p>\n<p data-start=\"2721\" data-end=\"2856\"><strong data-start=\"2721\" data-end=\"2764\">3. Jak nale\u017cy przechowywa\u0107 spray?<\/strong><br data-start=\"2764\" data-end=\"2767\" \/>Przechowywa\u0107 szczelnie zamkni\u0119te, w pozycji pionowej, z dala od bezpo\u015bredniego \u015bwiat\u0142a s\u0142onecznego, w <strong data-start=\"2830\" data-end=\"2853\">ch\u0142odne i suche miejsce<\/strong>.<\/p>","protected":false},"excerpt":{"rendered":"<p>Opis produktu: Chem-mist 4F-MPH 10% Spray to precyzyjnie opracowany roztw\u00f3r badawczy zawieraj\u0105cy 4-fluorometylofenidat (4F-MPH) w st\u0119\u017ceniu 10%. Przeznaczony do bada\u0144 naukowych.<\/p>","protected":false},"featured_media":20679,"comment_status":"closed","ping_status":"closed","template":"","meta":[],"product_brand":[],"product_cat":[555],"product_tag":[571,326],"class_list":{"0":"post-24140","1":"product","2":"type-product","3":"status-publish","4":"has-post-thumbnail","6":"product_cat-b2b","7":"product_tag-4f-mph","8":"product_tag-nl","10":"first","11":"instock","12":"taxable","13":"shipping-taxable","14":"purchasable","15":"product-type-variable"},"_links":{"self":[{"href":"https:\/\/onderzoekschemicals.com\/pl\/wp-json\/wp\/v2\/product\/24140","targetHints":{"allow":["GET"]}}],"collection":[{"href":"https:\/\/onderzoekschemicals.com\/pl\/wp-json\/wp\/v2\/product"}],"about":[{"href":"https:\/\/onderzoekschemicals.com\/pl\/wp-json\/wp\/v2\/types\/product"}],"replies":[{"embeddable":true,"href":"https:\/\/onderzoekschemicals.com\/pl\/wp-json\/wp\/v2\/comments?post=24140"}],"version-history":[{"count":4,"href":"https:\/\/onderzoekschemicals.com\/pl\/wp-json\/wp\/v2\/product\/24140\/revisions"}],"predecessor-version":[{"id":27857,"href":"https:\/\/onderzoekschemicals.com\/pl\/wp-json\/wp\/v2\/product\/24140\/revisions\/27857"}],"wp:featuredmedia":[{"embeddable":true,"href":"https:\/\/onderzoekschemicals.com\/pl\/wp-json\/wp\/v2\/media\/20679"}],"wp:attachment":[{"href":"https:\/\/onderzoekschemicals.com\/pl\/wp-json\/wp\/v2\/media?parent=24140"}],"wp:term":[{"taxonomy":"product_brand","embeddable":true,"href":"https:\/\/onderzoekschemicals.com\/pl\/wp-json\/wp\/v2\/product_brand?post=24140"},{"taxonomy":"product_cat","embeddable":true,"href":"https:\/\/onderzoekschemicals.com\/pl\/wp-json\/wp\/v2\/product_cat?post=24140"},{"taxonomy":"product_tag","embeddable":true,"href":"https:\/\/onderzoekschemicals.com\/pl\/wp-json\/wp\/v2\/product_tag?post=24140"}],"curies":[{"name":"wp","href":"https:\/\/api.w.org\/{rel}","templated":true}]}}