{"id":24138,"date":"2025-04-13T17:41:08","date_gmt":"2025-04-13T17:41:08","guid":{"rendered":"https:\/\/onderzoekschemicals.com\/?post_type=product&#038;p=24138"},"modified":"2025-10-13T10:25:12","modified_gmt":"2025-10-13T10:25:12","slug":"chem-mist-2f-dck-30-spray","status":"publish","type":"product","link":"https:\/\/onderzoekschemicals.com\/pl\/shop\/b2b\/chem-mist-2f-dck-30-spray\/","title":{"rendered":"Chem-mist 2F-DCK 30% Spray"},"content":{"rendered":"<p data-start=\"4763\" data-end=\"5327\">Spray 2F-DCK 30% (Vanilla Sky) to precyzyjnie opracowany roztw\u00f3r chemikali\u00f3w badawczych, przeznaczony do u\u017cytku laboratoryjnego i naukowego. Spray dostarcza 2-fluorodeschloroketamin\u0119 (2F-DCK) w st\u0119\u017ceniu 30 % w stabilizowanej wodnej bazie, umo\u017cliwiaj\u0105c kontrolowane dawkowanie donosowe. Ten innowacyjny system podawania upraszcza stosowanie, poprawia sp\u00f3jno\u015b\u0107 dawki i optymalizuje profil wch\u0142aniania w kontrolowanych warunkach eksperymentalnych. (Nieprzeznaczony do stosowania u ludzi) Spray Chem-mist 2F-DCK 30%<\/p>\n<hr data-start=\"5329\" data-end=\"5332\" \/>\n<h3 data-start=\"5334\" data-end=\"5367\">G\u0142\u00f3wne cechy<\/h3>\n<ul data-start=\"5368\" data-end=\"6003\">\n<li data-start=\"5368\" data-end=\"5469\">\n<p data-start=\"5370\" data-end=\"5469\"><strong data-start=\"5370\" data-end=\"5398\">Wysokie st\u0119\u017cenie (30 %)<\/strong>:Zapewnia pot\u0119\u017cn\u0105 dawk\u0119 2F-DCK w kompaktowej formie sprayu.<\/p>\n<\/li>\n<li data-start=\"5470\" data-end=\"5546\">\n<p data-start=\"5472\" data-end=\"5546\"><strong data-start=\"5472\" data-end=\"5504\">Smak wanilii (\u201eVanilla Sky\u201d)<\/strong>:\u0141agodny zapach maskuj\u0105cy goryczk\u0119.<\/p>\n<\/li>\n<li data-start=\"5547\" data-end=\"5636\">\n<p data-start=\"5549\" data-end=\"5636\"><strong data-start=\"5549\" data-end=\"5580\">Ponad 70 dawek w butelce<\/strong>:Ka\u017cda strzykawka dostarcza oko\u0142o 42 mg 2F-DCK na jedno naci\u015bni\u0119cie.<\/p>\n<\/li>\n<li data-start=\"5637\" data-end=\"5776\">\n<p data-start=\"5639\" data-end=\"5776\"><strong data-start=\"5639\" data-end=\"5674\">Formu\u0142a ze stabilizatorami<\/strong>Zawiera dodatki takie jak E1520, NaCl i formy buforowe (E150, E339) w celu utrzymania pH i stabilno\u015bci.<\/p>\n<\/li>\n<li data-start=\"5777\" data-end=\"5928\">\n<p data-start=\"5779\" data-end=\"5928\"><strong data-start=\"5779\" data-end=\"5813\">Zapakowano do u\u017cytku badawczego<\/strong>:Sprzedawane i etykietowane wy\u0142\u0105cznie do u\u017cytku w celach bada\u0144 naukowych, z ostrze\u017ceniami i instrukcjami przechowywania.<\/p>\n<\/li>\n<li data-start=\"5929\" data-end=\"6003\">\n<p data-start=\"5931\" data-end=\"6003\"><strong data-start=\"5931\" data-end=\"5958\">Wysoka czysto\u015b\u0107 (&gt;98 %)<\/strong>Zgodnie ze specyfikacj\u0105 dostawcy. Spray Chem-mist 2F-DCK 30%<\/p>\n<\/li>\n<\/ul>\n<hr data-start=\"6005\" data-end=\"6008\" \/>\n<h3 data-start=\"6010\" data-end=\"6064\">Korzy\u015bci (do cel\u00f3w badawczych\/laboratoryjnych)<\/h3>\n<ol data-start=\"6065\" data-end=\"6906\">\n<li data-start=\"6065\" data-end=\"6242\">\n<p data-start=\"6068\" data-end=\"6242\"><strong data-start=\"6068\" data-end=\"6097\">Precyzyjna kontrola dawki<\/strong><br data-start=\"6097\" data-end=\"6100\" \/>Format sprayu pozwala na powtarzalne mikrodozowanie, redukuj\u0105c zmienno\u015b\u0107 zwi\u0105zan\u0105 z pipetowaniem lub wa\u017ceniem.<\/p>\n<\/li>\n<li data-start=\"6244\" data-end=\"6429\">\n<p data-start=\"6247\" data-end=\"6429\"><strong data-start=\"6247\" data-end=\"6279\">Poprawiona kinetyka wch\u0142aniania<\/strong><br data-start=\"6279\" data-end=\"6282\" \/>Wch\u0142anianie leku przez b\u0142on\u0119 \u015bluzow\u0105 nosa jest na og\u00f3\u0142 szybsze ni\u017c po podaniu doustnym, co mo\u017ce umo\u017cliwi\u0107 szybsze rozpocz\u0119cie dzia\u0142ania, co wykaza\u0142y badania por\u00f3wnawcze.<\/p>\n<\/li>\n<li data-start=\"6431\" data-end=\"6604\">\n<p data-start=\"6434\" data-end=\"6604\"><strong data-start=\"6434\" data-end=\"6469\">\u0141atwy w u\u017cyciu i przechowywaniu<\/strong><br data-start=\"6469\" data-end=\"6472\" \/>Uszczelniony spray zmniejsza ryzyko rozlania, zanieczyszczenia lub utleniania w por\u00f3wnaniu z sypkimi proszkami lub du\u017cymi ilo\u015bciami cieczy.<\/p>\n<\/li>\n<li data-start=\"6606\" data-end=\"6777\">\n<p data-start=\"6609\" data-end=\"6777\"><strong data-start=\"6609\" data-end=\"6651\">Sp\u00f3jne przygotowanie pr\u00f3bek<\/strong><br data-start=\"6651\" data-end=\"6654\" \/>Ka\u017cda aktywacja jest standaryzowana, co zapewnia sp\u00f3jno\u015b\u0107 pomiar\u00f3w i powtarzalno\u015b\u0107 eksperymentu.<\/p>\n<\/li>\n<li data-start=\"6779\" data-end=\"6906\">\n<p data-start=\"6782\" data-end=\"6906\"><strong data-start=\"6782\" data-end=\"6804\">Mniej odpad\u00f3w<\/strong><br data-start=\"6804\" data-end=\"6807\" \/>W por\u00f3wnaniu z mniej kontrolowanymi metodami stosowania, zazwyczaj pozostaje mniej pozosta\u0142o\u015bci.<\/p>\n<\/li>\n<\/ol>\n<hr data-start=\"6908\" data-end=\"6911\" \/>\n<h3 data-start=\"6913\" data-end=\"6970\">Jak u\u017cywa\u0107 (tylko do cel\u00f3w badawczych)<\/h3>\n<blockquote data-start=\"6971\" data-end=\"7261\">\n<p data-start=\"6973\" data-end=\"7261\"><strong data-start=\"6973\" data-end=\"7012\">Wa\u017cne ostrze\u017cenie dotycz\u0105ce bezpiecze\u0144stwa<\/strong>:Ten produkt jest <strong data-start=\"7029\" data-end=\"7037\">nie<\/strong> Przeznaczone do spo\u017cycia przez ludzi. Stosowa\u0107 wy\u0142\u0105cznie w kontrolowanych warunkach laboratoryjnych, z pe\u0142nym wyposa\u017ceniem ochrony osobistej (PPE), systemami wyci\u0105gowymi i zgodnie z protoko\u0142ami bezpiecze\u0144stwa obowi\u0105zuj\u0105cymi w danej instytucji.<\/p>\n<\/blockquote>\n<ol data-start=\"7263\" data-end=\"8267\">\n<li data-start=\"7263\" data-end=\"7515\">\n<p data-start=\"7266\" data-end=\"7296\"><strong data-start=\"7266\" data-end=\"7294\">Kontrole przygotowawcze<\/strong><\/p>\n<ul data-start=\"7300\" data-end=\"7515\">\n<li data-start=\"7300\" data-end=\"7365\">\n<p data-start=\"7302\" data-end=\"7365\">Sprawd\u017a, czy spryskiwacz dzia\u0142a (mo\u017ce by\u0107 konieczne jego zalanie).<\/p>\n<\/li>\n<li data-start=\"7369\" data-end=\"7411\">\n<p data-start=\"7371\" data-end=\"7411\">Sprawd\u017a, czy dysza nie jest zablokowana.<\/p>\n<\/li>\n<li data-start=\"7415\" data-end=\"7515\">\n<p data-start=\"7417\" data-end=\"7515\">Upewnij si\u0119, \u017ce temperatura otoczenia mie\u015bci si\u0119 w zakresie zalecanym dla przechowywania (najlepiej w ch\u0142odnym i ciemnym miejscu).<\/p>\n<\/li>\n<\/ul>\n<\/li>\n<li data-start=\"7517\" data-end=\"7798\">\n<p data-start=\"7520\" data-end=\"7534\"><strong data-start=\"7520\" data-end=\"7532\">Dawkowanie<\/strong><\/p>\n<ul data-start=\"7538\" data-end=\"7798\">\n<li data-start=\"7538\" data-end=\"7683\">\n<p data-start=\"7540\" data-end=\"7683\">Umie\u015bci\u0107 dysz\u0119 w powtarzalnej, sta\u0142ej odleg\u0142o\u015bci (np. 1\u20132 cm) od powierzchni lub celu (b\u0142ony \u015bluzowej nosa in vitro lub ex vivo).<\/p>\n<\/li>\n<li data-start=\"7687\" data-end=\"7762\">\n<p data-start=\"7689\" data-end=\"7762\">Naci\u015bnij spray raz (lub wi\u0119cej razy, zale\u017cnie od protoko\u0142u).<\/p>\n<\/li>\n<li data-start=\"7766\" data-end=\"7798\">\n<p data-start=\"7768\" data-end=\"7798\">Zwr\u00f3\u0107 uwag\u0119 na liczb\u0119 aktywacji.<\/p>\n<\/li>\n<\/ul>\n<\/li>\n<li data-start=\"7800\" data-end=\"8009\">\n<p data-start=\"7803\" data-end=\"7820\"><strong data-start=\"7803\" data-end=\"7818\">Po dawce<\/strong><\/p>\n<ul data-start=\"7824\" data-end=\"8009\">\n<li data-start=\"7824\" data-end=\"7852\">\n<p data-start=\"7826\" data-end=\"7852\">Natychmiast za\u0142\u00f3\u017c nakr\u0119tk\u0119.<\/p>\n<\/li>\n<li data-start=\"7856\" data-end=\"7914\">\n<p data-start=\"7858\" data-end=\"7914\">Przechowywa\u0107 w pozycji pionowej w ch\u0142odnym, suchym i ciemnym miejscu.<\/p>\n<\/li>\n<li data-start=\"7918\" data-end=\"8009\">\n<p data-start=\"7920\" data-end=\"8009\">Je\u015bli jest to zalecane, przep\u0142ucz dysz\u0119 odpowiednim rozpuszczalnikiem (np. wod\u0105 dejonizowan\u0105).<\/p>\n<\/li>\n<\/ul>\n<\/li>\n<li data-start=\"8011\" data-end=\"8267\">\n<p data-start=\"8014\" data-end=\"8042\"><strong data-start=\"8014\" data-end=\"8040\">\u015arodki bezpiecze\u0144stwa<\/strong><\/p>\n<ul data-start=\"8046\" data-end=\"8267\">\n<li data-start=\"8046\" data-end=\"8091\">\n<p data-start=\"8048\" data-end=\"8091\">Unika\u0107 bezpo\u015bredniego wdychania i kontaktu ze sk\u00f3r\u0105.<\/p>\n<\/li>\n<li data-start=\"8095\" data-end=\"8194\">\n<p data-start=\"8097\" data-end=\"8194\">W przypadku kontaktu ze sk\u00f3r\u0105 lub oczami: przemy\u0107 wod\u0105 i zapozna\u0107 si\u0119 z kart\u0105 charakterystyki (SDS).<\/p>\n<\/li>\n<li data-start=\"8198\" data-end=\"8267\">\n<p data-start=\"8200\" data-end=\"8267\">Pozosta\u0142o\u015bci nale\u017cy utylizowa\u0107 zgodnie z przepisami dotycz\u0105cymi odpad\u00f3w chemicznych.<\/p>\n<\/li>\n<\/ul>\n<\/li>\n<\/ol>\n<hr data-start=\"8269\" data-end=\"8272\" \/>\n<h3 data-start=\"8274\" data-end=\"8305\">Cz\u0119sto zadawane pytania (FAQ)<\/h3>\n<p data-start=\"8307\" data-end=\"8569\"><strong data-start=\"8307\" data-end=\"8392\">1. Czy spray Chem-mist 2F-DCK 30% jest przeznaczony do podawania ludziom czy zwierz\u0119tom?<\/strong><br data-start=\"8392\" data-end=\"8395\" \/>Nie. To jest przeznaczone wy\u0142\u0105cznie dla <strong data-start=\"8419\" data-end=\"8450\">tylko do cel\u00f3w badawczych<\/strong>Dostawca i etykieta podkre\u015blaj\u0105, \u017ce produkt nie jest produktem medycznym i nie nadaje si\u0119 do stosowania u ludzi.<\/p>\n<p data-start=\"8571\" data-end=\"8726\"><strong data-start=\"8571\" data-end=\"8614\">2. Ile mg zawiera jedna dawka aerozolu?<\/strong><br data-start=\"8614\" data-end=\"8617\" \/>Wed\u0142ug dostawcy jedno naci\u015bni\u0119cie powoduje oko\u0142o <strong data-start=\"8671\" data-end=\"8680\">42 mg<\/strong> Formu\u0142a 2F-DCK o st\u0119\u017ceniu 30 %.<\/p>\n<p data-start=\"8728\" data-end=\"8963\"><strong data-start=\"8728\" data-end=\"8797\">3. Jak nale\u017cy przechowywa\u0107 spray i jaki jest jego okres przydatno\u015bci?<\/strong><br data-start=\"8797\" data-end=\"8800\" \/>Oszcz\u0119dzaj na <strong data-start=\"8814\" data-end=\"8839\">ch\u0142odne, ciemne miejsce<\/strong>, dobrze zamkni\u0119te. W tych warunkach pozostaje stabilne przez co najmniej <strong data-start=\"8922\" data-end=\"8932\">2 lata<\/strong>, zgodnie z zapewnieniami dostawcy.<\/p>","protected":false},"excerpt":{"rendered":"<p>2F-DCK 30% Spray (Vanilla Sky) is een precisie-geformuleerde onderzoekschemische oplossing, ontworpen voor laboratorium- en wetenschappelijk gebruik. De spray levert 2-fluorodeschloroketamine<\/p>","protected":false},"featured_media":20720,"comment_status":"closed","ping_status":"closed","template":"","meta":[],"product_brand":[],"product_cat":[555],"product_tag":[1096,326],"class_list":{"0":"post-24138","1":"product","2":"type-product","3":"status-publish","4":"has-post-thumbnail","6":"product_cat-b2b","7":"product_tag-chem-mist-2f-dck-30-spray","8":"product_tag-nl","10":"first","11":"instock","12":"taxable","13":"shipping-taxable","14":"purchasable","15":"product-type-variable"},"_links":{"self":[{"href":"https:\/\/onderzoekschemicals.com\/pl\/wp-json\/wp\/v2\/product\/24138","targetHints":{"allow":["GET"]}}],"collection":[{"href":"https:\/\/onderzoekschemicals.com\/pl\/wp-json\/wp\/v2\/product"}],"about":[{"href":"https:\/\/onderzoekschemicals.com\/pl\/wp-json\/wp\/v2\/types\/product"}],"replies":[{"embeddable":true,"href":"https:\/\/onderzoekschemicals.com\/pl\/wp-json\/wp\/v2\/comments?post=24138"}],"version-history":[{"count":3,"href":"https:\/\/onderzoekschemicals.com\/pl\/wp-json\/wp\/v2\/product\/24138\/revisions"}],"predecessor-version":[{"id":27856,"href":"https:\/\/onderzoekschemicals.com\/pl\/wp-json\/wp\/v2\/product\/24138\/revisions\/27856"}],"wp:featuredmedia":[{"embeddable":true,"href":"https:\/\/onderzoekschemicals.com\/pl\/wp-json\/wp\/v2\/media\/20720"}],"wp:attachment":[{"href":"https:\/\/onderzoekschemicals.com\/pl\/wp-json\/wp\/v2\/media?parent=24138"}],"wp:term":[{"taxonomy":"product_brand","embeddable":true,"href":"https:\/\/onderzoekschemicals.com\/pl\/wp-json\/wp\/v2\/product_brand?post=24138"},{"taxonomy":"product_cat","embeddable":true,"href":"https:\/\/onderzoekschemicals.com\/pl\/wp-json\/wp\/v2\/product_cat?post=24138"},{"taxonomy":"product_tag","embeddable":true,"href":"https:\/\/onderzoekschemicals.com\/pl\/wp-json\/wp\/v2\/product_tag?post=24138"}],"curies":[{"name":"wp","href":"https:\/\/api.w.org\/{rel}","templated":true}]}}