{"id":24115,"date":"2025-04-13T17:41:04","date_gmt":"2025-04-13T17:41:04","guid":{"rendered":"https:\/\/onderzoekschemicals.com\/?post_type=product&#038;p=24115"},"modified":"2025-10-14T08:07:01","modified_gmt":"2025-10-14T08:07:01","slug":"rc-beta-k-2c-b-blister","status":"publish","type":"product","link":"https:\/\/onderzoekschemicals.com\/pl\/shop\/b2b\/rc-beta-k-2c-b-blister\/","title":{"rendered":"Blister RC+ Beta-k-2C-B"},"content":{"rendered":"<h3 data-start=\"4836\" data-end=\"4857\"><strong data-start=\"4840\" data-end=\"4855\">Wst\u0119p<\/strong><\/h3>\n<p data-start=\"4858\" data-end=\"5157\">Ten <strong data-start=\"4861\" data-end=\"4888\">Blister RC+ Beta-k-2C-B<\/strong> jest wysokiej jako\u015bci <strong data-start=\"4909\" data-end=\"4934\">formu\u0142a badawcza<\/strong>, opracowane do zaawansowanych bada\u0144 naukowych i analitycznych. Ka\u017cdy blister zawiera <strong data-start=\"5025\" data-end=\"5070\">10 pojedynczo zapakowanych peletek \u03b2k-2C-B<\/strong>, zaprojektowany dla <strong data-start=\"5087\" data-end=\"5154\">precyzyjne dozowanie, maksymalna stabilno\u015b\u0107 i bezpieczne stosowanie<\/strong>. Blister RC+ Beta-k-2C-B<\/p>\n<p data-start=\"5159\" data-end=\"5412\"><strong data-start=\"5159\" data-end=\"5170\">\u03b2k-2C-B<\/strong> (Beta-keton 2C-B) jest <strong data-start=\"5196\" data-end=\"5228\">analog strukturalny 2C-B<\/strong>, z dodatkow\u0105 grup\u0105 \u03b2-ketonow\u0105. Jest stosowany w <strong data-start=\"5281\" data-end=\"5341\">badania aktywno\u015bci farmakologicznej i strukturalnej (SAR)<\/strong> aby lepiej zrozumie\u0107 skutki podstawionych fenetyloamin.<\/p>\n<p data-start=\"5414\" data-end=\"5566\">Zapiecz\u0119towany <strong data-start=\"5428\" data-end=\"5449\">opakowanie typu blister<\/strong> gwarancje <strong data-start=\"5461\" data-end=\"5504\">bezpiecze\u0144stwo, precyzja i identyfikowalno\u015b\u0107<\/strong> \u2013 idealne dla laboratori\u00f3w wymagaj\u0105cych wiarygodnych wynik\u00f3w.<\/p>\n<blockquote data-start=\"5568\" data-end=\"5656\">\n<p data-start=\"5570\" data-end=\"5656\">\u26a0\ufe0f <strong data-start=\"5573\" data-end=\"5656\">Tylko do cel\u00f3w badawczych. Nie do spo\u017cycia przez ludzi ani zwierz\u0119ta.<\/strong><\/p>\n<\/blockquote>\n<hr data-start=\"5658\" data-end=\"5661\" \/>\n<h3 data-start=\"5663\" data-end=\"5696\"><strong data-start=\"5667\" data-end=\"5694\">G\u0142\u00f3wne cechy<\/strong><\/h3>\n<ul data-start=\"5697\" data-end=\"6213\">\n<li data-start=\"5697\" data-end=\"5770\">\n<p data-start=\"5699\" data-end=\"5770\"><strong data-start=\"5699\" data-end=\"5716\">Substancja czynna:<\/strong> \u03b2k-2C-B (4-bromo-2,5-dimetoksy-\u03b2-ketofenetyloamina)<\/p>\n<\/li>\n<li data-start=\"5771\" data-end=\"5881\">\n<p data-start=\"5773\" data-end=\"5881\"><strong data-start=\"5773\" data-end=\"5799\">Wysoka czysto\u015b\u0107 (\u226598%)<\/strong> \u2013 Wyprodukowano zgodnie ze standardami laboratoryjnymi w celu uzyskania powtarzalnych wynik\u00f3w.<\/p>\n<\/li>\n<li data-start=\"5882\" data-end=\"5983\">\n<p data-start=\"5884\" data-end=\"5983\"><strong data-start=\"5884\" data-end=\"5921\">10 indywidualnie zapakowanych peletek<\/strong> \u2013 Ka\u017cda granulka jest precyzyjnie wa\u017cona w celu zapewnienia dok\u0142adnego dawkowania.<\/p>\n<\/li>\n<li data-start=\"5984\" data-end=\"6050\">\n<p data-start=\"5986\" data-end=\"6050\"><strong data-start=\"5986\" data-end=\"6007\">Opakowanie typu blister<\/strong> \u2013 Chroni przed powietrzem, wilgoci\u0105 i \u015bwiat\u0142em.<\/p>\n<\/li>\n<li data-start=\"6051\" data-end=\"6145\">\n<p data-start=\"6053\" data-end=\"6145\"><strong data-start=\"6053\" data-end=\"6073\">\u015aledzenie:<\/strong> W celu zapewnienia jako\u015bci ka\u017cde opakowanie zawiera numer partii i serii.<\/p>\n<\/li>\n<li data-start=\"6146\" data-end=\"6213\">\n<p data-start=\"6148\" data-end=\"6213\"><strong data-start=\"6148\" data-end=\"6171\">Stabilne i trwa\u0142e:<\/strong> D\u0142ugi okres przydatno\u015bci do spo\u017cycia przy prawid\u0142owym przechowywaniu.<\/p>\n<\/li>\n<\/ul>\n<hr data-start=\"6215\" data-end=\"6218\" \/>\n<h3 data-start=\"6220\" data-end=\"6239\"><strong data-start=\"6224\" data-end=\"6237\">Zalety<\/strong><\/h3>\n<p data-start=\"6240\" data-end=\"6336\">\u2705 <strong data-start=\"6242\" data-end=\"6268\">Dok\u0142adne wyniki<\/strong> \u2013 Ka\u017cda tabletka dostarcza tak\u0105 sam\u0105 dawk\u0119, co pozwala na uzyskanie wiarygodnych danych.<\/p>\n<p data-start=\"6338\" data-end=\"6417\">\u2705 <strong data-start=\"6340\" data-end=\"6358\">Bezpieczne u\u017cytkowanie<\/strong> \u2013 Zamkni\u0119ty blister zapobiega zanieczyszczeniu i nara\u017ceniu na kontakt.<\/p>\n<p data-start=\"6419\" data-end=\"6514\">\u2705 <strong data-start=\"6421\" data-end=\"6441\">Wydajna praca<\/strong> \u2013 Gotowe do natychmiastowego u\u017cycia; nie wymaga wa\u017cenia ani dodatkowego przygotowania.<\/p>\n<p data-start=\"6516\" data-end=\"6607\">\u2705 <strong data-start=\"6518\" data-end=\"6544\">D\u0142ugoterminowa stabilno\u015b\u0107<\/strong> \u2013 Chroni po\u0142\u0105czenie przed degradacj\u0105 pod wp\u0142ywem \u015bwiat\u0142a i wilgoci.<\/p>\n<p data-start=\"6609\" data-end=\"6707\">\u2705 <strong data-start=\"6611\" data-end=\"6636\">Niezawodna jako\u015b\u0107<\/strong> \u2013 Wspiera powtarzalne i weryfikowalne wyniki bada\u0144. Blister RC+ Beta-k-2C-B<\/p>\n<hr data-start=\"6709\" data-end=\"6712\" \/>\n<h3 data-start=\"6714\" data-end=\"6766\"><strong data-start=\"6718\" data-end=\"6764\">U\u017cyj (tylko do cel\u00f3w badawczych)<\/strong><\/h3>\n<blockquote data-start=\"6767\" data-end=\"6937\">\n<p data-start=\"6769\" data-end=\"6937\">\ud83e\uddea <strong data-start=\"6772\" data-end=\"6783\">UWAGA:<\/strong> Blister RC+ Beta-k-2C-B jest przeznaczony wy\u0142\u0105cznie do bada\u0144 naukowych. Zawsze no\u015b \u015brodki ochrony indywidualnej i pracuj w kontrolowanych warunkach laboratoryjnych.<\/p>\n<\/blockquote>\n<ol data-start=\"6939\" data-end=\"7679\">\n<li data-start=\"6939\" data-end=\"7057\">\n<p data-start=\"6942\" data-end=\"6958\"><strong data-start=\"6942\" data-end=\"6956\">Kontrola:<\/strong><\/p>\n<ul data-start=\"6962\" data-end=\"7057\">\n<li data-start=\"6962\" data-end=\"7011\">\n<p data-start=\"6964\" data-end=\"7011\">Sprawd\u017a plomb\u0119 i numer partii.<\/p>\n<\/li>\n<li data-start=\"7015\" data-end=\"7057\">\n<p data-start=\"7017\" data-end=\"7057\">Upewnij si\u0119, \u017ce peletki nie s\u0105 uszkodzone.<\/p>\n<\/li>\n<\/ul>\n<\/li>\n<li data-start=\"7059\" data-end=\"7199\">\n<p data-start=\"7062\" data-end=\"7087\"><strong data-start=\"7062\" data-end=\"7085\">Usuwanie peletu:<\/strong><\/p>\n<ul data-start=\"7091\" data-end=\"7199\">\n<li data-start=\"7091\" data-end=\"7164\">\n<p data-start=\"7093\" data-end=\"7164\">Ostro\u017cnie wycisn\u0105\u0107 jedn\u0105 tabletk\u0119 z blistra, u\u017cywaj\u0105c sterylnego sprz\u0119tu.<\/p>\n<\/li>\n<li data-start=\"7168\" data-end=\"7199\">\n<p data-start=\"7170\" data-end=\"7199\">Unika\u0107 bezpo\u015bredniego kontaktu ze sk\u00f3r\u0105.<\/p>\n<\/li>\n<\/ul>\n<\/li>\n<li data-start=\"7201\" data-end=\"7380\">\n<p data-start=\"7204\" data-end=\"7231\"><strong data-start=\"7204\" data-end=\"7229\">Przygotowanie pr\u00f3bki:<\/strong><\/p>\n<ul data-start=\"7235\" data-end=\"7380\">\n<li data-start=\"7235\" data-end=\"7331\">\n<p data-start=\"7237\" data-end=\"7331\">Rozpu\u015bci\u0107 pelet w odpowiednim rozpuszczalniku (np. etanolu, buforze lub wodzie destylowanej).<\/p>\n<\/li>\n<li data-start=\"7335\" data-end=\"7380\">\n<p data-start=\"7337\" data-end=\"7380\">Delikatnie mieszaj, a\u017c do ca\u0142kowitego rozpuszczenia.<\/p>\n<\/li>\n<\/ul>\n<\/li>\n<li data-start=\"7382\" data-end=\"7544\">\n<p data-start=\"7385\" data-end=\"7416\"><strong data-start=\"7385\" data-end=\"7414\">Zastosowanie w eksperymentach:<\/strong><\/p>\n<ul data-start=\"7420\" data-end=\"7544\">\n<li data-start=\"7420\" data-end=\"7486\">\n<p data-start=\"7422\" data-end=\"7486\">Stosowa\u0107 w analitycznych i farmakologicznych badaniach laboratoryjnych.<\/p>\n<\/li>\n<li data-start=\"7490\" data-end=\"7544\">\n<p data-start=\"7492\" data-end=\"7544\">Rejestruj dane dotycz\u0105ce rozpuszczalnika, st\u0119\u017cenia i partii.<\/p>\n<\/li>\n<\/ul>\n<\/li>\n<li data-start=\"7546\" data-end=\"7679\">\n<p data-start=\"7549\" data-end=\"7562\"><strong data-start=\"7549\" data-end=\"7560\">Sk\u0142adowanie:<\/strong><\/p>\n<ul data-start=\"7566\" data-end=\"7679\">\n<li data-start=\"7566\" data-end=\"7621\">\n<p data-start=\"7568\" data-end=\"7621\">Niewykorzystane peletki nale\u017cy przechowywa\u0107 w oryginalnym blistrze.<\/p>\n<\/li>\n<li data-start=\"7625\" data-end=\"7679\">\n<p data-start=\"7627\" data-end=\"7679\">Umie\u015b\u0107 na <strong data-start=\"7641\" data-end=\"7668\">ch\u0142odny, ciemny i suchy<\/strong> lokalizacja.<\/p>\n<\/li>\n<\/ul>\n<\/li>\n<\/ol>\n<hr data-start=\"7681\" data-end=\"7684\" \/>\n<h3 data-start=\"7686\" data-end=\"7721\"><strong data-start=\"7690\" data-end=\"7719\">Cz\u0119sto zadawane pytania (FAQ)<\/strong><\/h3>\n<p data-start=\"7723\" data-end=\"7902\"><strong data-start=\"7723\" data-end=\"7745\">1. Czym jest \u03b2k-2C-B?<\/strong><br data-start=\"7745\" data-end=\"7748\" \/>\u03b2k-2C-B (Beta-keton 2C-B) jest <strong data-start=\"7781\" data-end=\"7807\">analog ketonowy 2C-B<\/strong>, wykorzystywane do bada\u0144 wi\u0105zania receptor\u00f3w, struktury molekularnej i dr\u00f3g syntetycznych.<\/p>\n<p data-start=\"7904\" data-end=\"8064\"><strong data-start=\"7904\" data-end=\"7962\">2. Ile peletek znajduje si\u0119 w jednym blistrze?<\/strong><br data-start=\"7962\" data-end=\"7965\" \/>Ka\u017cdy blister zawiera <strong data-start=\"7984\" data-end=\"8022\">10 pojedynczo zapakowanych peletek<\/strong> dla kontrolowanych i bezpiecznych bada\u0144.<\/p>\n<p data-start=\"8066\" data-end=\"8281\"><strong data-start=\"8066\" data-end=\"8144\">3. Czy RC+ Beta-k-2C-B mo\u017cna stosowa\u0107 u ludzi lub zwierz\u0105t?<\/strong><br data-start=\"8144\" data-end=\"8147\" \/>Nie \u2013 ten produkt jest <strong data-start=\"8168\" data-end=\"8217\">przeznaczone wy\u0142\u0105cznie do cel\u00f3w badawczych<\/strong> I <strong data-start=\"8221\" data-end=\"8279\">nie nadaje si\u0119 do spo\u017cycia przez ludzi i zwierz\u0119ta.<\/strong><\/p>","protected":false},"excerpt":{"rendered":"<p><strong><span dir=\"auto\" style=\"vertical-align: inherit;\"><span dir=\"auto\" style=\"vertical-align: inherit;\">Synonim:<\/span><\/span><\/strong><span dir=\"auto\" style=\"vertical-align: inherit;\"><span dir=\"auto\" style=\"vertical-align: inherit;\"> bk-2C-B <\/span><\/span><br \/>\n<strong><span dir=\"auto\" style=\"vertical-align: inherit;\"><span dir=\"auto\" style=\"vertical-align: inherit;\">Numer CAS: <\/span><\/span><\/strong><br \/>\n<strong><span dir=\"auto\" style=\"vertical-align: inherit;\"><span dir=\"auto\" style=\"vertical-align: inherit;\">Formu\u0142a:<\/span><\/span><\/strong><span dir=\"auto\" style=\"vertical-align: inherit;\"><span dir=\"auto\" style=\"vertical-align: inherit;\"> Chlorowodorek 2-amino-1-(4-bromo-2,5-dimetoksyfenylo)-etanonu <\/span><\/span><br \/>\n<strong><span dir=\"auto\" style=\"vertical-align: inherit;\"><span dir=\"auto\" style=\"vertical-align: inherit;\">Masa molowa:<\/span><\/span><\/strong><span dir=\"auto\" style=\"vertical-align: inherit;\"><span dir=\"auto\" style=\"vertical-align: inherit;\"> 296,6 g\/mol <\/span><\/span><br \/>\n<strong><span dir=\"auto\" style=\"vertical-align: inherit;\"><span dir=\"auto\" style=\"vertical-align: inherit;\">Czysto\u015b\u0107:<\/span><\/span><\/strong><span dir=\"auto\" style=\"vertical-align: inherit;\"><span dir=\"auto\" style=\"vertical-align: inherit;\"> &gt;97%<\/span><\/span><\/p>","protected":false},"featured_media":21162,"comment_status":"closed","ping_status":"closed","template":"","meta":[],"product_brand":[],"product_cat":[555],"product_tag":[326,1098,1099],"class_list":{"0":"post-24115","1":"product","2":"type-product","3":"status-publish","4":"has-post-thumbnail","6":"product_cat-b2b","7":"product_tag-nl","8":"product_tag-rc-beta-k-2c-b-blister","9":"product_tag-rc-beta-k-2c-b-blister-kopen","11":"first","12":"instock","13":"taxable","14":"shipping-taxable","15":"purchasable","16":"product-type-variable"},"_links":{"self":[{"href":"https:\/\/onderzoekschemicals.com\/pl\/wp-json\/wp\/v2\/product\/24115","targetHints":{"allow":["GET"]}}],"collection":[{"href":"https:\/\/onderzoekschemicals.com\/pl\/wp-json\/wp\/v2\/product"}],"about":[{"href":"https:\/\/onderzoekschemicals.com\/pl\/wp-json\/wp\/v2\/types\/product"}],"replies":[{"embeddable":true,"href":"https:\/\/onderzoekschemicals.com\/pl\/wp-json\/wp\/v2\/comments?post=24115"}],"version-history":[{"count":4,"href":"https:\/\/onderzoekschemicals.com\/pl\/wp-json\/wp\/v2\/product\/24115\/revisions"}],"predecessor-version":[{"id":27877,"href":"https:\/\/onderzoekschemicals.com\/pl\/wp-json\/wp\/v2\/product\/24115\/revisions\/27877"}],"wp:featuredmedia":[{"embeddable":true,"href":"https:\/\/onderzoekschemicals.com\/pl\/wp-json\/wp\/v2\/media\/21162"}],"wp:attachment":[{"href":"https:\/\/onderzoekschemicals.com\/pl\/wp-json\/wp\/v2\/media?parent=24115"}],"wp:term":[{"taxonomy":"product_brand","embeddable":true,"href":"https:\/\/onderzoekschemicals.com\/pl\/wp-json\/wp\/v2\/product_brand?post=24115"},{"taxonomy":"product_cat","embeddable":true,"href":"https:\/\/onderzoekschemicals.com\/pl\/wp-json\/wp\/v2\/product_cat?post=24115"},{"taxonomy":"product_tag","embeddable":true,"href":"https:\/\/onderzoekschemicals.com\/pl\/wp-json\/wp\/v2\/product_tag?post=24115"}],"curies":[{"name":"wp","href":"https:\/\/api.w.org\/{rel}","templated":true}]}}