{"id":24111,"date":"2025-04-13T17:41:04","date_gmt":"2025-04-13T17:41:04","guid":{"rendered":"https:\/\/onderzoekschemicals.com\/?post_type=product&#038;p=24111"},"modified":"2025-10-14T07:59:11","modified_gmt":"2025-10-14T07:59:11","slug":"2-fea-3-fea","status":"publish","type":"product","link":"https:\/\/onderzoekschemicals.com\/pl\/shop\/b2b\/2-fea-3-fea\/","title":{"rendered":"RC+ P\u0119cherz Newphoria"},"content":{"rendered":"<h3 data-start=\"5056\" data-end=\"5077\"><strong data-start=\"5060\" data-end=\"5075\">Wst\u0119p<\/strong><\/h3>\n<p data-start=\"5078\" data-end=\"5387\">Ten <strong data-start=\"5081\" data-end=\"5106\">RC+ P\u0119cherz Newphoria<\/strong> jest wysokiej jako\u015bci <strong data-start=\"5127\" data-end=\"5152\">formu\u0142a badawcza<\/strong>, opracowane specjalnie do profesjonalnych bada\u0144 laboratoryjnych i analitycznych. Ka\u017cdy blister zawiera <strong data-start=\"5251\" data-end=\"5288\">10 pojedynczo zapakowanych peletek<\/strong>, zaprojektowany dla <strong data-start=\"5305\" data-end=\"5384\">dok\u0142adne dawkowanie, sp\u00f3jne wyniki i obs\u0142uga wolna od zanieczyszcze\u0144<\/strong>. 2 fea 3 fea<\/p>\n<p data-start=\"5389\" data-end=\"5687\">Z kontrolowan\u0105 kombinacj\u0105 <strong data-start=\"5427\" data-end=\"5477\">2-FEA i 3-FEA (izomery fluoroetamfetaminy)<\/strong> Czy ten produkt jest idealny dla <strong data-start=\"5505\" data-end=\"5567\">badania farmakologiczne, receptorowe i analityczne<\/strong>Opakowanie typu blister gwarantuje <strong data-start=\"5601\" data-end=\"5651\">stabilno\u015b\u0107, identyfikowalno\u015b\u0107 i bezpieczne przechowywanie<\/strong> w warunkach laboratoryjnych.<\/p>\n<p data-start=\"5689\" data-end=\"5804\"><em data-start=\"5689\" data-end=\"5804\">(Ten produkt jest przeznaczony wy\u0142\u0105cznie do cel\u00f3w badawczych. Nie nadaje si\u0119 do stosowania u ludzi ani zwierz\u0105t.)<\/em><\/p>\n<hr data-start=\"5806\" data-end=\"5809\" \/>\n<h3 data-start=\"5811\" data-end=\"5844\"><strong data-start=\"5815\" data-end=\"5842\">G\u0142\u00f3wne cechy<\/strong><\/h3>\n<ul data-start=\"5845\" data-end=\"6426\">\n<li data-start=\"5845\" data-end=\"5952\">\n<p data-start=\"5847\" data-end=\"5952\"><strong data-start=\"5847\" data-end=\"5873\">2\/3-FEA Sk\u0142ad:<\/strong> Zawiera kontrolowan\u0105 mieszank\u0119 2-FEA i 3-FEA przeznaczon\u0105 do bada\u0144 por\u00f3wnawczych.<\/p>\n<\/li>\n<li data-start=\"5953\" data-end=\"6043\">\n<p data-start=\"5955\" data-end=\"6043\"><strong data-start=\"5955\" data-end=\"5982\">Wysoka czysto\u015b\u0107 (\u226598%):<\/strong> Jako\u015b\u0107 laboratoryjna, potwierdzona analiz\u0105 dostawcy.<\/p>\n<\/li>\n<li data-start=\"6044\" data-end=\"6149\">\n<p data-start=\"6046\" data-end=\"6149\"><strong data-start=\"6046\" data-end=\"6084\">10 pojedynczo zapakowanych peletek:<\/strong> Ka\u017cda kulka jest pakowana osobno w celu zapewnienia maksymalnej integralno\u015bci.<\/p>\n<\/li>\n<li data-start=\"6150\" data-end=\"6238\">\n<p data-start=\"6152\" data-end=\"6238\"><strong data-start=\"6152\" data-end=\"6174\">Opakowanie typu blister:<\/strong> \u0141atwy w u\u017cyciu, chroni przed czynnikami \u015brodowiskowymi.<\/p>\n<\/li>\n<li data-start=\"6239\" data-end=\"6341\">\n<p data-start=\"6241\" data-end=\"6341\"><strong data-start=\"6241\" data-end=\"6273\">\u015aledzenie partii i serii:<\/strong> Ka\u017cde opakowanie zawiera unikalny numer identyfikacyjny, s\u0142u\u017c\u0105cy celom dokumentacyjnym.<\/p>\n<\/li>\n<li data-start=\"6342\" data-end=\"6426\">\n<p data-start=\"6344\" data-end=\"6426\"><strong data-start=\"6344\" data-end=\"6375\">Sp\u00f3jny kszta\u0142t i waga:<\/strong> Zapewnia powtarzalne wyniki bada\u0144.<\/p>\n<\/li>\n<\/ul>\n<hr data-start=\"6428\" data-end=\"6431\" \/>\n<h3 data-start=\"6433\" data-end=\"6481\"><strong data-start=\"6437\" data-end=\"6479\">Korzy\u015bci (dla bada\u0144 laboratoryjnych)<\/strong><\/h3>\n<p data-start=\"6482\" data-end=\"6577\">\u2705 <strong data-start=\"6484\" data-end=\"6514\">Precyzja i niezawodno\u015b\u0107<\/strong> \u2013 Ka\u017cda tabletka dostarcza dok\u0142adn\u0105 dawk\u0119, co pozwala na uzyskanie sp\u00f3jnych danych.<\/p>\n<p data-start=\"6579\" data-end=\"6668\">\u2705 <strong data-start=\"6581\" data-end=\"6606\">Zwi\u0119kszone bezpiecze\u0144stwo<\/strong> \u2013 Opakowanie jednostkowe zapobiega zanieczyszczeniu i degradacji.<\/p>\n<p data-start=\"6670\" data-end=\"6764\">\u2705 <strong data-start=\"6672\" data-end=\"6698\">Szybsze procesy pracy<\/strong> \u2013 Gotowe do u\u017cycia, nie wymaga wa\u017cenia ani dodatkowego przygotowania.<\/p>\n<p data-start=\"6766\" data-end=\"6851\">\u2705 <strong data-start=\"6768\" data-end=\"6790\">D\u0142ugi okres przydatno\u015bci do spo\u017cycia<\/strong> \u2013 Opakowanie ochronne zapewnia czysto\u015b\u0107 i stabilno\u015b\u0107.<\/p>\n<p data-start=\"6853\" data-end=\"6959\">\u2705 <strong data-start=\"6855\" data-end=\"6882\">Prosta dokumentacja<\/strong> \u2013 Kody partii umo\u017cliwiaj\u0105 \u0142atwe \u015bledzenie i kontrol\u0119 jako\u015bci.<\/p>\n<hr data-start=\"6961\" data-end=\"6964\" \/>\n<h3 data-start=\"6966\" data-end=\"7018\"><strong data-start=\"6970\" data-end=\"7016\">U\u017cyj (tylko do cel\u00f3w badawczych)<\/strong><\/h3>\n<blockquote data-start=\"7019\" data-end=\"7204\">\n<p data-start=\"7021\" data-end=\"7204\">\u26a0\ufe0f <strong data-start=\"7024\" data-end=\"7039\">Wa\u017cny:<\/strong> Blister RC+ Newphoria jest przeznaczony wy\u0142\u0105cznie do bada\u0144 naukowych i analitycznych. Zawsze no\u015b \u015brodki ochrony indywidualnej i przestrzegaj laboratoryjnych wytycznych bezpiecze\u0144stwa.<\/p>\n<\/blockquote>\n<ol data-start=\"7206\" data-end=\"7975\">\n<li data-start=\"7206\" data-end=\"7322\">\n<p data-start=\"7209\" data-end=\"7224\"><strong data-start=\"7209\" data-end=\"7222\">Kontrola<\/strong><\/p>\n<ul data-start=\"7228\" data-end=\"7322\">\n<li data-start=\"7228\" data-end=\"7276\">\n<p data-start=\"7230\" data-end=\"7276\">Sprawd\u017a opakowanie i numer partii.<\/p>\n<\/li>\n<li data-start=\"7280\" data-end=\"7322\">\n<p data-start=\"7282\" data-end=\"7322\">Upewnij si\u0119, \u017ce peletki nie s\u0105 uszkodzone.<\/p>\n<\/li>\n<\/ul>\n<\/li>\n<li data-start=\"7324\" data-end=\"7463\">\n<p data-start=\"7327\" data-end=\"7351\"><strong data-start=\"7327\" data-end=\"7349\">Usuwanie peletu<\/strong><\/p>\n<ul data-start=\"7355\" data-end=\"7463\">\n<li data-start=\"7355\" data-end=\"7428\">\n<p data-start=\"7357\" data-end=\"7428\">Ostro\u017cnie wycisn\u0105\u0107 jedn\u0105 tabletk\u0119 z blistra, u\u017cywaj\u0105c sterylnego sprz\u0119tu.<\/p>\n<\/li>\n<li data-start=\"7432\" data-end=\"7463\">\n<p data-start=\"7434\" data-end=\"7463\">Unika\u0107 bezpo\u015bredniego kontaktu ze sk\u00f3r\u0105.<\/p>\n<\/li>\n<\/ul>\n<\/li>\n<li data-start=\"7465\" data-end=\"7640\">\n<p data-start=\"7468\" data-end=\"7494\"><strong data-start=\"7468\" data-end=\"7492\">Przygotowanie pr\u00f3bki<\/strong><\/p>\n<ul data-start=\"7498\" data-end=\"7640\">\n<li data-start=\"7498\" data-end=\"7594\">\n<p data-start=\"7500\" data-end=\"7594\">Rozpu\u015bci\u0107 pelet w odpowiednim rozpuszczalniku (np. etanolu, wodzie destylowanej lub buforze).<\/p>\n<\/li>\n<li data-start=\"7598\" data-end=\"7640\">\n<p data-start=\"7600\" data-end=\"7640\">Delikatnie mieszaj, a\u017c do ca\u0142kowitego rozpuszczenia.<\/p>\n<\/li>\n<\/ul>\n<\/li>\n<li data-start=\"7642\" data-end=\"7797\">\n<p data-start=\"7645\" data-end=\"7674\"><strong data-start=\"7645\" data-end=\"7672\">U\u017cyj w eksperymentach<\/strong><\/p>\n<ul data-start=\"7678\" data-end=\"7797\">\n<li data-start=\"7678\" data-end=\"7743\">\n<p data-start=\"7680\" data-end=\"7743\">Zastosowanie w badaniach analitycznych, receptorowych i farmakologicznych.<\/p>\n<\/li>\n<li data-start=\"7747\" data-end=\"7797\">\n<p data-start=\"7749\" data-end=\"7797\">Zanotuj identyfikator osadu, st\u0119\u017cenie i obj\u0119to\u015b\u0107 rozpuszczonego roztworu.<\/p>\n<\/li>\n<\/ul>\n<\/li>\n<li data-start=\"7799\" data-end=\"7975\">\n<p data-start=\"7802\" data-end=\"7829\"><strong data-start=\"7802\" data-end=\"7827\">Przechowywanie i usuwanie<\/strong><\/p>\n<ul data-start=\"7833\" data-end=\"7975\">\n<li data-start=\"7833\" data-end=\"7908\">\n<p data-start=\"7835\" data-end=\"7908\">Niewykorzystane peletki nale\u017cy przechowywa\u0107 w <strong data-start=\"7869\" data-end=\"7896\">ch\u0142odny, ciemny i suchy<\/strong> \u015brodowisko.<\/p>\n<\/li>\n<li data-start=\"7912\" data-end=\"7975\">\n<p data-start=\"7914\" data-end=\"7975\">Utylizowa\u0107 odpady zgodnie z przepisami bezpiecze\u0144stwa chemicznego. 2 fea 3 fea<\/p>\n<\/li>\n<\/ul>\n<\/li>\n<\/ol>\n<hr data-start=\"7977\" data-end=\"7980\" \/>\n<h3 data-start=\"7982\" data-end=\"8017\"><strong data-start=\"7986\" data-end=\"8015\">Cz\u0119sto zadawane pytania (FAQ)<\/strong><\/h3>\n<p data-start=\"8019\" data-end=\"8189\"><strong data-start=\"8019\" data-end=\"8058\">1. Co zawiera blister RC+ Newphoria?<\/strong><br data-start=\"8058\" data-end=\"8061\" \/>Ka\u017cdy blister zawiera <strong data-start=\"8080\" data-end=\"8104\">10 granulek badawczych<\/strong> z kombinacj\u0105 <strong data-start=\"8128\" data-end=\"8146\">2-FEA i 3-FEA<\/strong>, wy\u0142\u0105cznie do bada\u0144 laboratoryjnych.<\/p>\n<p data-start=\"8191\" data-end=\"8345\"><strong data-start=\"8191\" data-end=\"8239\">2. Jaka jest czysto\u015b\u0107 zwi\u0105zk\u00f3w?<\/strong><br data-start=\"8239\" data-end=\"8242\" \/>Dostawca gwarantuje <strong data-start=\"8272\" data-end=\"8295\">czysto\u015b\u0107 \u226598%<\/strong>, co gwarantuje niezawodno\u015b\u0107 i sp\u00f3jno\u015b\u0107.<\/p>\n<p data-start=\"8347\" data-end=\"8559\"><strong data-start=\"8347\" data-end=\"8431\">3. Czy RC+ Newphoria Blister mo\u017cna stosowa\u0107 u ludzi lub zwierz\u0105t?<\/strong><br data-start=\"8431\" data-end=\"8434\" \/>Nie \u2013 ten produkt jest <strong data-start=\"8455\" data-end=\"8504\">przeznaczone wy\u0142\u0105cznie do cel\u00f3w badawczych<\/strong> I <strong data-start=\"8508\" data-end=\"8556\">nie do spo\u017cycia przez ludzi i zwierz\u0119ta<\/strong>.<\/p>","protected":false},"excerpt":{"rendered":"<p><strong>Numer CAS<\/strong>: 1780004-19-4<br \/>\n<strong>Formu\u0142a<\/strong>: C11H16FN<br \/>\n<strong>Masa molowa<\/strong>: 181,25 g\/mol<br \/>\n<strong>Czysto\u015b\u0107<\/strong>: \u226598%<\/p>","protected":false},"featured_media":21160,"comment_status":"closed","ping_status":"closed","template":"","meta":[],"product_brand":[82],"product_cat":[555],"product_tag":[757,755,753,756,326],"class_list":{"0":"post-24111","1":"product","2":"type-product","3":"status-publish","4":"has-post-thumbnail","6":"product_brand-research-chemical","7":"product_cat-b2b","8":"product_tag-2-3-fea-ervaringen","9":"product_tag-2-fea-3-fea","10":"product_tag-2-3-fea-pellets","11":"product_tag-2-3-fea","12":"product_tag-nl","14":"first","15":"instock","16":"taxable","17":"shipping-taxable","18":"purchasable","19":"product-type-variable"},"_links":{"self":[{"href":"https:\/\/onderzoekschemicals.com\/pl\/wp-json\/wp\/v2\/product\/24111","targetHints":{"allow":["GET"]}}],"collection":[{"href":"https:\/\/onderzoekschemicals.com\/pl\/wp-json\/wp\/v2\/product"}],"about":[{"href":"https:\/\/onderzoekschemicals.com\/pl\/wp-json\/wp\/v2\/types\/product"}],"replies":[{"embeddable":true,"href":"https:\/\/onderzoekschemicals.com\/pl\/wp-json\/wp\/v2\/comments?post=24111"}],"version-history":[{"count":4,"href":"https:\/\/onderzoekschemicals.com\/pl\/wp-json\/wp\/v2\/product\/24111\/revisions"}],"predecessor-version":[{"id":27876,"href":"https:\/\/onderzoekschemicals.com\/pl\/wp-json\/wp\/v2\/product\/24111\/revisions\/27876"}],"wp:featuredmedia":[{"embeddable":true,"href":"https:\/\/onderzoekschemicals.com\/pl\/wp-json\/wp\/v2\/media\/21160"}],"wp:attachment":[{"href":"https:\/\/onderzoekschemicals.com\/pl\/wp-json\/wp\/v2\/media?parent=24111"}],"wp:term":[{"taxonomy":"product_brand","embeddable":true,"href":"https:\/\/onderzoekschemicals.com\/pl\/wp-json\/wp\/v2\/product_brand?post=24111"},{"taxonomy":"product_cat","embeddable":true,"href":"https:\/\/onderzoekschemicals.com\/pl\/wp-json\/wp\/v2\/product_cat?post=24111"},{"taxonomy":"product_tag","embeddable":true,"href":"https:\/\/onderzoekschemicals.com\/pl\/wp-json\/wp\/v2\/product_tag?post=24111"}],"curies":[{"name":"wp","href":"https:\/\/api.w.org\/{rel}","templated":true}]}}