{"id":24045,"date":"2025-10-20T11:40:56","date_gmt":"2025-10-20T11:40:56","guid":{"rendered":"https:\/\/onderzoekschemicals.com\/?post_type=product&#038;p=24045"},"modified":"2025-11-28T06:39:30","modified_gmt":"2025-11-28T06:39:30","slug":"amt-25-mg-pellets","status":"publish","type":"product","link":"https:\/\/onderzoekschemicals.com\/pl\/shop\/amt\/amt-25-mg-pellets\/","title":{"rendered":"aMT 25 mg granulki"},"content":{"rendered":"<h3 data-start=\"5705\" data-end=\"5724\"><strong data-start=\"5709\" data-end=\"5724\">Wst\u0119p<\/strong><\/h3>\n<p data-start=\"5726\" data-end=\"6029\"><strong data-start=\"5726\" data-end=\"5746\">aMT 25 mg granulki<\/strong> Czy <strong data-start=\"5752\" data-end=\"5799\">substancje badawcze klasy laboratoryjnej<\/strong>, opracowany dla <strong data-start=\"5817\" data-end=\"5861\">badania analityczne i naukowe<\/strong>.<br data-start=\"5862\" data-end=\"5865\" \/>Ka\u017cda peletka zawiera <strong data-start=\"5883\" data-end=\"5924\">25 miligram\u00f3w \u03b1-metylotryptaminy (aMT)<\/strong> \u2013 badany jest analog tryptaminy pod k\u0105tem jego <strong data-start=\"5984\" data-end=\"6026\">w\u0142a\u015bciwo\u015bci chemiczne i strukturalne<\/strong>. aMT 25 mg granulki<\/p>\n<p data-start=\"6031\" data-end=\"6229\">Wyprodukowano pod <strong data-start=\"6050\" data-end=\"6091\">Normy GLP (Dobrej Praktyki Laboratoryjnej)<\/strong>, te peletki oferuj\u0105 <strong data-start=\"6113\" data-end=\"6163\">dok\u0142adno\u015b\u0107, stabilno\u015b\u0107 i powtarzalno\u015b\u0107<\/strong>, idealny dla <strong data-start=\"6177\" data-end=\"6226\">badania chemiczne, analityczne i receptorowe<\/strong>.<\/p>\n<blockquote data-start=\"6231\" data-end=\"6369\">\n<p data-start=\"6233\" data-end=\"6369\">\u26a0\ufe0f <strong data-start=\"6236\" data-end=\"6247\">UWAGA:<\/strong> Ten produkt jest przeznaczony wy\u0142\u0105cznie do u\u017cytku <strong data-start=\"6288\" data-end=\"6313\">badania laboratoryjne<\/strong>Nie nadaje si\u0119 do spo\u017cycia przez ludzi i zwierz\u0119ta.<\/p>\n<\/blockquote>\n<hr data-start=\"6371\" data-end=\"6374\" \/>\n<h3 data-start=\"6376\" data-end=\"6407\"><strong data-start=\"6380\" data-end=\"6407\">G\u0142\u00f3wne cechy<\/strong><\/h3>\n<ul data-start=\"6409\" data-end=\"6891\">\n<li data-start=\"6409\" data-end=\"6486\">\n<p data-start=\"6411\" data-end=\"6486\"><strong data-start=\"6411\" data-end=\"6431\">Dok\u0142adne dawkowanie:<\/strong> Ka\u017cda peletka zawiera <strong data-start=\"6450\" data-end=\"6483\">25 mg \u03b1-metylotryptaminy (aMT)<\/strong>.<\/p>\n<\/li>\n<li data-start=\"6487\" data-end=\"6577\">\n<p data-start=\"6489\" data-end=\"6577\"><strong data-start=\"6489\" data-end=\"6509\">Wysoka czysto\u015b\u0107:<\/strong> \u226599% klasa analityczna, testowana w warunkach laboratoryjnych.<\/p>\n<\/li>\n<li data-start=\"6578\" data-end=\"6670\">\n<p data-start=\"6580\" data-end=\"6670\"><strong data-start=\"6580\" data-end=\"6597\">Przetestowano parti\u0119:<\/strong> Ka\u017cda partia produkcyjna jest sprawdzana pod k\u0105tem czysto\u015bci i stabilno\u015bci.<\/p>\n<\/li>\n<li data-start=\"6671\" data-end=\"6753\">\n<p data-start=\"6673\" data-end=\"6753\"><strong data-start=\"6673\" data-end=\"6697\">Stabilny kszta\u0142t peletu:<\/strong> Zredukowane ryzyko ska\u017cenia i \u0142atwo\u015b\u0107 obs\u0142ugi.<\/p>\n<\/li>\n<li data-start=\"6754\" data-end=\"6822\">\n<p data-start=\"6756\" data-end=\"6822\"><strong data-start=\"6756\" data-end=\"6782\">Jako\u015b\u0107 laboratoryjna:<\/strong> Wyprodukowano zgodnie z wytycznymi GLP. aMT 25 mg granulki<\/p>\n<\/li>\n<li data-start=\"6823\" data-end=\"6891\">\n<p data-start=\"6825\" data-end=\"6891\"><strong data-start=\"6825\" data-end=\"6848\">Bezpieczne opakowanie:<\/strong> Uszczelnione, hermetyczne i odporne na wilgo\u0107.<\/p>\n<\/li>\n<\/ul>\n<hr data-start=\"6893\" data-end=\"6896\" \/>\n<h3 data-start=\"6898\" data-end=\"6915\"><strong data-start=\"6902\" data-end=\"6915\">Zalety<\/strong><\/h3>\n<ol data-start=\"6917\" data-end=\"7330\">\n<li data-start=\"6917\" data-end=\"7013\">\n<p data-start=\"6920\" data-end=\"7013\"><strong data-start=\"6920\" data-end=\"6955\">Sta\u0142e wyniki bada\u0144:<\/strong> Niezawodne i powtarzalne dane w ka\u017cdym eksperymencie.<\/p>\n<\/li>\n<li data-start=\"7014\" data-end=\"7101\">\n<p data-start=\"7017\" data-end=\"7101\"><strong data-start=\"7017\" data-end=\"7042\">Dok\u0142adne dawkowanie:<\/strong> Zawarto\u015b\u0107 25 mg w jednej tabletce gwarantuje jednolite warunki bada\u0144.<\/p>\n<\/li>\n<li data-start=\"7102\" data-end=\"7173\">\n<p data-start=\"7105\" data-end=\"7173\"><strong data-start=\"7105\" data-end=\"7127\">Bezpieczne obchodzenie si\u0119:<\/strong> Forma granulatu zmniejsza ryzyko podczas u\u017cytkowania.<\/p>\n<\/li>\n<li data-start=\"7174\" data-end=\"7249\">\n<p data-start=\"7177\" data-end=\"7249\"><strong data-start=\"7177\" data-end=\"7204\">D\u0142ugoterminowa stabilno\u015b\u0107:<\/strong> Zachowuje stabilno\u015b\u0107 chemiczn\u0105 pod warunkiem prawid\u0142owego przechowywania.<\/p>\n<\/li>\n<li data-start=\"7250\" data-end=\"7330\">\n<p data-start=\"7253\" data-end=\"7330\"><strong data-start=\"7253\" data-end=\"7281\">Jako\u015b\u0107 profesjonalna:<\/strong> Zgodny z mi\u0119dzynarodowymi normami laboratoryjnymi.<\/p>\n<\/li>\n<\/ol>\n<hr data-start=\"7332\" data-end=\"7335\" \/>\n<h3 data-start=\"7337\" data-end=\"7376\"><strong data-start=\"7341\" data-end=\"7376\">U\u017cyj (tylko do cel\u00f3w badawczych)<\/strong><\/h3>\n<ol data-start=\"7378\" data-end=\"7727\">\n<li data-start=\"7378\" data-end=\"7460\">\n<p data-start=\"7381\" data-end=\"7460\"><strong data-start=\"7381\" data-end=\"7411\">No\u015b odzie\u017c ochronn\u0105<\/strong> takie jak r\u0119kawiczki, fartuch laboratoryjny i okulary ochronne.<\/p>\n<\/li>\n<li data-start=\"7461\" data-end=\"7536\">\n<p data-start=\"7464\" data-end=\"7536\"><strong data-start=\"7464\" data-end=\"7502\">U\u017cywaj skalibrowanych instrument\u00f3w<\/strong> do precyzyjnego pomiaru i wa\u017cenia.<\/p>\n<\/li>\n<li data-start=\"7537\" data-end=\"7609\">\n<p data-start=\"7540\" data-end=\"7609\"><strong data-start=\"7540\" data-end=\"7579\">Praca w kontrolowanym \u015brodowisku<\/strong> aby zapobiec zanieczyszczeniu.<\/p>\n<\/li>\n<li data-start=\"7610\" data-end=\"7668\">\n<p data-start=\"7613\" data-end=\"7668\"><strong data-start=\"7613\" data-end=\"7643\">Przechowuj niewykorzystane peletki<\/strong> ch\u0142odne, suche i ciemne.<\/p>\n<\/li>\n<li data-start=\"7669\" data-end=\"7727\">\n<p data-start=\"7672\" data-end=\"7727\"><strong data-start=\"7672\" data-end=\"7691\">Usu\u0144 odpady<\/strong> zgodnie z przepisami bezpiecze\u0144stwa.<\/p>\n<\/li>\n<\/ol>\n<blockquote data-start=\"7729\" data-end=\"7806\">\n<p data-start=\"7731\" data-end=\"7806\">\u2697\ufe0f <strong data-start=\"7734\" data-end=\"7806\">Tylko do test\u00f3w laboratoryjnych \u2013 nie do spo\u017cycia przez ludzi.<\/strong><\/p>\n<\/blockquote>\n<hr data-start=\"7808\" data-end=\"7811\" \/>\n<h3 data-start=\"7813\" data-end=\"7838\"><strong data-start=\"7817\" data-end=\"7838\">Instrukcje dotycz\u0105ce przechowywania<\/strong><\/h3>\n<ul data-start=\"7840\" data-end=\"8046\">\n<li data-start=\"7840\" data-end=\"7908\">\n<p data-start=\"7842\" data-end=\"7908\">Oszcz\u0119dzaj w <strong data-start=\"7853\" data-end=\"7864\">15\u201325\u00b0C<\/strong>, na <strong data-start=\"7873\" data-end=\"7905\">ch\u0142odne, suche i ciemne miejsce<\/strong>.<\/p>\n<\/li>\n<li data-start=\"7909\" data-end=\"7952\">\n<p data-start=\"7911\" data-end=\"7952\">Zachowaj opakowanie <strong data-start=\"7930\" data-end=\"7949\">dobrze zamkni\u0119te<\/strong>.<\/p>\n<\/li>\n<li data-start=\"7953\" data-end=\"8003\">\n<p data-start=\"7955\" data-end=\"8003\">Unikaj kontaktu z <strong data-start=\"7975\" data-end=\"8000\">\u015bwiat\u0142o, wilgo\u0107 i ciep\u0142o<\/strong>.<\/p>\n<\/li>\n<li data-start=\"8004\" data-end=\"8046\">\n<p data-start=\"8006\" data-end=\"8046\">Przechowywa\u0107 poza zasi\u0119giem os\u00f3b nieupowa\u017cnionych.<\/p>\n<\/li>\n<\/ul>\n<hr data-start=\"8048\" data-end=\"8051\" \/>\n<h3 data-start=\"8053\" data-end=\"8088\"><strong data-start=\"8057\" data-end=\"8088\">Cz\u0119sto zadawane pytania (FAQ)<\/strong><\/h3>\n<p data-start=\"8090\" data-end=\"8233\"><strong data-start=\"8090\" data-end=\"8130\">1. Do czego s\u0142u\u017cy aMT 25 mg?<\/strong><br data-start=\"8130\" data-end=\"8133\" \/>Dla <strong data-start=\"8138\" data-end=\"8182\">badania naukowe i analityczne<\/strong> do analog\u00f3w tryptaminy i interakcji receptor\u00f3w.<\/p>\n<p data-start=\"8235\" data-end=\"8404\"><strong data-start=\"8235\" data-end=\"8282\">2. Czy ten produkt nadaje si\u0119 do spo\u017cycia?<\/strong><br data-start=\"8282\" data-end=\"8285\" \/>NIE. <strong data-start=\"8290\" data-end=\"8310\">aMT 25 mg granulki<\/strong> Czy <strong data-start=\"8316\" data-end=\"8366\">przeznaczony wy\u0142\u0105cznie do bada\u0144 laboratoryjnych<\/strong> i nie s\u0105 przeznaczone do spo\u017cycia przez ludzi.<\/p>\n<p data-start=\"8406\" data-end=\"8551\"><strong data-start=\"8406\" data-end=\"8447\">3. Jak prawid\u0142owo przechowywa\u0107 produkt?<\/strong><br data-start=\"8447\" data-end=\"8450\" \/>Zachowaj to w <strong data-start=\"8468\" data-end=\"8514\">ch\u0142odne, suche i ciemne \u015brodowisko (15\u201325\u00b0C)<\/strong> w szczelnie zamkni\u0119tym pojemniku.<\/p>\n<hr data-start=\"8553\" data-end=\"8556\" \/>\n<h3 data-start=\"8558\" data-end=\"8575\"><strong data-start=\"8562\" data-end=\"8575\">Wniosek<\/strong><\/h3>\n<p data-start=\"8577\" data-end=\"8809\"><strong data-start=\"8577\" data-end=\"8597\">aMT 25 mg granulki<\/strong> oferta <strong data-start=\"8605\" data-end=\"8671\">precyzyjne dozowanie, wysoka czysto\u015b\u0107 i stabilno\u015b\u0107 chemiczna<\/strong>, idealny do profesjonalnych bada\u0144 analitycznych. Idealny dla laboratori\u00f3w zajmuj\u0105cych si\u0119 <strong data-start=\"8771\" data-end=\"8806\">badania zwi\u0105zane z tryptamin\u0105<\/strong>.<\/p>","protected":false},"excerpt":{"rendered":"<h3><span style=\"vertical-align: inherit;\"><span style=\"vertical-align: inherit;\">W\u0142a\u015bciwo\u015bci aMT<\/span><\/span><\/h3>\n<p><strong><span style=\"vertical-align: inherit;\"><span style=\"vertical-align: inherit;\">Synonim:<\/span><\/span><\/strong><span style=\"vertical-align: inherit;\"><span style=\"vertical-align: inherit;\"> alfa-metylotryptamina <\/span><\/span><br \/>\n<strong><span style=\"vertical-align: inherit;\"><span style=\"vertical-align: inherit;\">Numer CAS:<\/span><\/span><\/strong><span style=\"vertical-align: inherit;\"><span style=\"vertical-align: inherit;\"> 299-26-3 <\/span><\/span><br \/>\n<strong><span style=\"vertical-align: inherit;\"><span style=\"vertical-align: inherit;\">Formu\u0142a:<\/span><\/span><\/strong><span style=\"vertical-align: inherit;\"><span style=\"vertical-align: inherit;\"> C11H14N2 <\/span><\/span><br \/>\n<strong><span style=\"vertical-align: inherit;\"><span style=\"vertical-align: inherit;\">Masa molowa:<\/span><\/span><\/strong><span style=\"vertical-align: inherit;\"><span style=\"vertical-align: inherit;\"> 174,247 g mol\u22121 <\/span><\/span><br \/>\n<strong><span style=\"vertical-align: inherit;\"><span style=\"vertical-align: inherit;\">Czysto\u015b\u0107:<\/span><\/span><\/strong><span style=\"vertical-align: inherit;\"><span style=\"vertical-align: inherit;\"> &gt;98%<\/span><\/span><\/p>","protected":false},"featured_media":29289,"comment_status":"closed","ping_status":"closed","template":"","meta":[],"product_brand":[],"product_cat":[404,485,324,381],"product_tag":[1100,326],"class_list":{"0":"post-24045","1":"product","2":"type-product","3":"status-publish","4":"has-post-thumbnail","6":"product_cat-amt","7":"product_cat-amt-pellets","8":"product_cat-pellets-for-pellet","9":"product_cat-tryptamines","10":"product_tag-amt-25mg-pellets","11":"product_tag-nl","13":"first","14":"instock","15":"taxable","16":"shipping-taxable","17":"purchasable","18":"product-type-variable"},"_links":{"self":[{"href":"https:\/\/onderzoekschemicals.com\/pl\/wp-json\/wp\/v2\/product\/24045","targetHints":{"allow":["GET"]}}],"collection":[{"href":"https:\/\/onderzoekschemicals.com\/pl\/wp-json\/wp\/v2\/product"}],"about":[{"href":"https:\/\/onderzoekschemicals.com\/pl\/wp-json\/wp\/v2\/types\/product"}],"replies":[{"embeddable":true,"href":"https:\/\/onderzoekschemicals.com\/pl\/wp-json\/wp\/v2\/comments?post=24045"}],"version-history":[{"count":5,"href":"https:\/\/onderzoekschemicals.com\/pl\/wp-json\/wp\/v2\/product\/24045\/revisions"}],"predecessor-version":[{"id":27891,"href":"https:\/\/onderzoekschemicals.com\/pl\/wp-json\/wp\/v2\/product\/24045\/revisions\/27891"}],"wp:featuredmedia":[{"embeddable":true,"href":"https:\/\/onderzoekschemicals.com\/pl\/wp-json\/wp\/v2\/media\/29289"}],"wp:attachment":[{"href":"https:\/\/onderzoekschemicals.com\/pl\/wp-json\/wp\/v2\/media?parent=24045"}],"wp:term":[{"taxonomy":"product_brand","embeddable":true,"href":"https:\/\/onderzoekschemicals.com\/pl\/wp-json\/wp\/v2\/product_brand?post=24045"},{"taxonomy":"product_cat","embeddable":true,"href":"https:\/\/onderzoekschemicals.com\/pl\/wp-json\/wp\/v2\/product_cat?post=24045"},{"taxonomy":"product_tag","embeddable":true,"href":"https:\/\/onderzoekschemicals.com\/pl\/wp-json\/wp\/v2\/product_tag?post=24045"}],"curies":[{"name":"wp","href":"https:\/\/api.w.org\/{rel}","templated":true}]}}