{"id":23975,"date":"2025-04-13T17:40:48","date_gmt":"2025-04-13T17:40:48","guid":{"rendered":"https:\/\/onderzoekschemicals.com\/?post_type=product&#038;p=23975"},"modified":"2025-11-28T07:11:00","modified_gmt":"2025-11-28T07:11:00","slug":"2-mmc-220-mg-granulki","status":"publish","type":"product","link":"https:\/\/onderzoekschemicals.com\/pl\/sklep\/kup-2-mmc\/2-mmc-220-mg-granulki\/","title":{"rendered":"2-MMC 220 mg granulki"},"content":{"rendered":"<h3 data-start=\"558\" data-end=\"577\"><strong data-start=\"562\" data-end=\"577\">Wst\u0119p<\/strong><\/h3>\n<p data-start=\"579\" data-end=\"915\"><strong data-start=\"579\" data-end=\"602\">2-MMC 220 mg granulki<\/strong> Czy <strong data-start=\"608\" data-end=\"655\">substancje badawcze klasy laboratoryjnej<\/strong>, zaprojektowany dla <strong data-start=\"672\" data-end=\"728\">badania naukowe, analityczne i kryminalistyczne<\/strong>. \u015brut 2 mmc<br data-start=\"729\" data-end=\"732\" \/>Ka\u017cda peletka zawiera <strong data-start=\"750\" data-end=\"772\">220 miligram\u00f3w (mg)<\/strong> <strong data-start=\"773\" data-end=\"805\">2-metylometakatynon (2-MMC)<\/strong> \u2013 syntetyczny zwi\u0105zek z <strong data-start=\"843\" data-end=\"861\">klasa katynon\u00f3w<\/strong>, strukturalnie pokrewna innym \u03b2-keto amfetaminom.<\/p>\n<p data-start=\"917\" data-end=\"1172\">Wyprodukowano zgodnie z <strong data-start=\"938\" data-end=\"972\">Dobra Praktyka Laboratoryjna (GLP)<\/strong>-standardy, te peletki zapewniaj\u0105 <strong data-start=\"1001\" data-end=\"1020\">\u2265991czysto\u015b\u0107 TP3T<\/strong>, <strong data-start=\"1022\" data-end=\"1047\">stabilno\u015b\u0107 chemiczna<\/strong> I <strong data-start=\"1051\" data-end=\"1073\">sp\u00f3jno\u015b\u0107 partii<\/strong>.<br data-start=\"1074\" data-end=\"1077\" \/>S\u0105 idealne dla <strong data-start=\"1097\" data-end=\"1169\">chemia analityczna, analizy strukturalne i zastosowania kryminalistyczne<\/strong>.<\/p>\n<blockquote data-start=\"1174\" data-end=\"1318\">\n<p data-start=\"1176\" data-end=\"1318\">\u26a0\ufe0f <strong data-start=\"1179\" data-end=\"1190\">UWAGA:<\/strong> Ten produkt jest <strong data-start=\"1206\" data-end=\"1256\">przeznaczony wy\u0142\u0105cznie do bada\u0144 laboratoryjnych<\/strong> I <strong data-start=\"1260\" data-end=\"1317\">nie nadaje si\u0119 do spo\u017cycia przez ludzi i zwierz\u0119ta<\/strong>.<\/p>\n<\/blockquote>\n<hr data-start=\"1320\" data-end=\"1323\" \/>\n<h3 data-start=\"1325\" data-end=\"1356\"><strong data-start=\"1329\" data-end=\"1356\">G\u0142\u00f3wne cechy<\/strong><\/h3>\n<ul data-start=\"1358\" data-end=\"1960\">\n<li data-start=\"1358\" data-end=\"1470\">\n<p data-start=\"1360\" data-end=\"1470\"><strong data-start=\"1360\" data-end=\"1392\">Wysoka czysto\u015b\u0107 analityczna:<\/strong> Czysto\u015b\u0107 \u226599%, sprawdzona metodami chromatograficznymi i spektroskopowymi.<\/p>\n<\/li>\n<li data-start=\"1471\" data-end=\"1573\">\n<p data-start=\"1473\" data-end=\"1573\"><strong data-start=\"1473\" data-end=\"1493\">Dok\u0142adne dawkowanie:<\/strong> Ka\u017cda peletka zawiera <strong data-start=\"1512\" data-end=\"1527\">220 mg 2-MMC<\/strong>, co gwarantuje powtarzalne wyniki.<\/p>\n<\/li>\n<li data-start=\"1574\" data-end=\"1668\">\n<p data-start=\"1576\" data-end=\"1668\"><strong data-start=\"1576\" data-end=\"1597\">Stabilny chemicznie:<\/strong> Zaprojektowane tak, aby zapewni\u0107 d\u0142ugi okres przydatno\u015bci do spo\u017cycia przy zachowaniu odpowiednich warunk\u00f3w przechowywania.<\/p>\n<\/li>\n<li data-start=\"1669\" data-end=\"1775\">\n<p data-start=\"1671\" data-end=\"1775\"><strong data-start=\"1671\" data-end=\"1705\">Produkcja z certyfikatem GLP:<\/strong> Wyprodukowano pod \u015bcis\u0142ym nadzorem <strong data-start=\"1732\" data-end=\"1760\">Dobra Praktyka Laboratoryjna<\/strong>-wytyczne.<\/p>\n<\/li>\n<li data-start=\"1776\" data-end=\"1865\">\n<p data-start=\"1778\" data-end=\"1865\"><strong data-start=\"1778\" data-end=\"1795\">Przetestowano parti\u0119:<\/strong> Sprawdzano to\u017csamo\u015b\u0107, struktur\u0119 i sk\u0142ad ka\u017cdej partii.<\/p>\n<\/li>\n<li data-start=\"1866\" data-end=\"1960\">\n<p data-start=\"1868\" data-end=\"1960\"><strong data-start=\"1868\" data-end=\"1891\">Bezpieczne opakowanie:<\/strong> Hermetyczne, odporne na wilgo\u0107 pojemniki zapewniaj\u0105ce optymaln\u0105 ochron\u0119.<\/p>\n<\/li>\n<\/ul>\n<hr data-start=\"1962\" data-end=\"1965\" \/>\n<h3 data-start=\"1967\" data-end=\"1984\"><strong data-start=\"1971\" data-end=\"1984\">Zalety<\/strong><\/h3>\n<ol data-start=\"1986\" data-end=\"2434\">\n<li data-start=\"1986\" data-end=\"2088\">\n<p data-start=\"1989\" data-end=\"2088\"><strong data-start=\"1989\" data-end=\"2026\">Wiarygodne wyniki bada\u0144:<\/strong> Wysoka czysto\u015b\u0107 gwarantuje sp\u00f3jno\u015b\u0107 i dok\u0142adno\u015b\u0107 danych.<\/p>\n<\/li>\n<li data-start=\"2089\" data-end=\"2164\">\n<p data-start=\"2092\" data-end=\"2164\"><strong data-start=\"2092\" data-end=\"2119\">D\u0142ugoterminowa stabilno\u015b\u0107:<\/strong> Odporne na rozk\u0142ad przy prawid\u0142owym przechowywaniu.<\/p>\n<\/li>\n<li data-start=\"2165\" data-end=\"2255\">\n<p data-start=\"2168\" data-end=\"2255\"><strong data-start=\"2168\" data-end=\"2190\">Bezpieczne obchodzenie si\u0119:<\/strong> Forma granulatu minimalizuje ryzyko zanieczyszczenia podczas u\u017cytkowania.<\/p>\n<\/li>\n<li data-start=\"2256\" data-end=\"2336\">\n<p data-start=\"2259\" data-end=\"2336\"><strong data-start=\"2259\" data-end=\"2283\">Proste dawkowanie:<\/strong> 220 mg na tabletk\u0119 zapewnia maksymaln\u0105 dok\u0142adno\u015b\u0107 pomiaru.<\/p>\n<\/li>\n<li data-start=\"2337\" data-end=\"2434\">\n<p data-start=\"2340\" data-end=\"2434\"><strong data-start=\"2340\" data-end=\"2368\">Jako\u015b\u0107 profesjonalna:<\/strong> Nadaje si\u0119 do <strong data-start=\"2383\" data-end=\"2431\">badania analityczne, chemiczne i kryminalistyczne<\/strong>.<\/p>\n<\/li>\n<\/ol>\n<hr data-start=\"2436\" data-end=\"2439\" \/>\n<h3 data-start=\"2441\" data-end=\"2480\"><strong data-start=\"2445\" data-end=\"2480\">U\u017cyj (tylko do cel\u00f3w badawczych)<\/strong><\/h3>\n<ol data-start=\"2482\" data-end=\"2853\">\n<li data-start=\"2482\" data-end=\"2568\">\n<p data-start=\"2485\" data-end=\"2568\"><strong data-start=\"2485\" data-end=\"2515\">No\u015b odzie\u017c ochronn\u0105<\/strong> takie jak r\u0119kawice, okulary ochronne i fartuch laboratoryjny.<\/p>\n<\/li>\n<li data-start=\"2569\" data-end=\"2640\">\n<p data-start=\"2572\" data-end=\"2640\"><strong data-start=\"2572\" data-end=\"2614\">U\u017cywaj skalibrowanych przyrz\u0105d\u00f3w pomiarowych<\/strong> aby uzyska\u0107 dok\u0142adne wyniki.<\/p>\n<\/li>\n<li data-start=\"2641\" data-end=\"2706\">\n<p data-start=\"2644\" data-end=\"2706\"><strong data-start=\"2644\" data-end=\"2682\">Rejestrowanie informacji o partii i pr\u00f3bce<\/strong> w celu zapewnienia identyfikowalno\u015bci.<\/p>\n<\/li>\n<li data-start=\"2707\" data-end=\"2774\">\n<p data-start=\"2710\" data-end=\"2774\"><strong data-start=\"2710\" data-end=\"2728\">Uruchom testy<\/strong> w kontrolowanym \u015brodowisku laboratoryjnym.<\/p>\n<\/li>\n<li data-start=\"2775\" data-end=\"2853\">\n<p data-start=\"2778\" data-end=\"2853\"><strong data-start=\"2778\" data-end=\"2804\">Usu\u0144 odpady<\/strong> zgodnie z obowi\u0105zuj\u0105cymi przepisami bezpiecze\u0144stwa i ochrony \u015brodowiska.<\/p>\n<\/li>\n<\/ol>\n<blockquote data-start=\"2855\" data-end=\"2972\">\n<p data-start=\"2857\" data-end=\"2972\">\u2697\ufe0f <strong data-start=\"2860\" data-end=\"2972\">Wy\u0142\u0105cznie do cel\u00f3w naukowych i analitycznych \u2013 nie do spo\u017cycia przez ludzi lub zwierz\u0119ta.<\/strong><\/p>\n<\/blockquote>\n<hr data-start=\"2974\" data-end=\"2977\" \/>\n<h3 data-start=\"2979\" data-end=\"3004\"><strong data-start=\"2983\" data-end=\"3004\">Instrukcje dotycz\u0105ce przechowywania<\/strong><\/h3>\n<ul data-start=\"3006\" data-end=\"3234\">\n<li data-start=\"3006\" data-end=\"3074\">\n<p data-start=\"3008\" data-end=\"3074\">Oszcz\u0119dzaj w <strong data-start=\"3019\" data-end=\"3028\">2\u20138\u00b0C<\/strong>, na <strong data-start=\"3037\" data-end=\"3071\">ch\u0142odne, suche i ciemne miejsce<\/strong>.<\/p>\n<\/li>\n<li data-start=\"3075\" data-end=\"3144\">\n<p data-start=\"3077\" data-end=\"3144\">Zachowaj pojemnik <strong data-start=\"3095\" data-end=\"3114\">dobrze zamkni\u0119te<\/strong> aby zapobiec zanieczyszczeniu.<\/p>\n<\/li>\n<li data-start=\"3145\" data-end=\"3191\">\n<p data-start=\"3147\" data-end=\"3191\">Chroni\u0107 przed <strong data-start=\"3162\" data-end=\"3188\">\u015bwiat\u0142o, ciep\u0142o i wilgo\u0107<\/strong>.<\/p>\n<\/li>\n<li data-start=\"3192\" data-end=\"3234\">\n<p data-start=\"3194\" data-end=\"3234\">Przechowywa\u0107 poza zasi\u0119giem os\u00f3b nieupowa\u017cnionych.<\/p>\n<\/li>\n<\/ul>\n<hr data-start=\"3236\" data-end=\"3239\" \/>\n<h3 data-start=\"3241\" data-end=\"3276\"><strong data-start=\"3245\" data-end=\"3276\">Cz\u0119sto zadawane pytania (FAQ)<\/strong><\/h3>\n<p data-start=\"3278\" data-end=\"3478\"><strong data-start=\"3278\" data-end=\"3321\">1. Do czego s\u0142u\u017cy 2-MMC 220 mg?<\/strong><br data-start=\"3321\" data-end=\"3324\" \/>Peletki 2-MMC 220 mg s\u0105 stosowane w <strong data-start=\"3365\" data-end=\"3403\">badania analityczne i kryminalistyczne<\/strong>, g\u0142\u00f3wnie skupiony na <strong data-start=\"3423\" data-end=\"3475\">badania pochodnych katynonu i struktury chemicznej<\/strong>. \u015brut 2 mmc<\/p>\n<p data-start=\"3480\" data-end=\"3674\"><strong data-start=\"3480\" data-end=\"3532\">2. Czy 2-MMC nadaje si\u0119 do spo\u017cycia przez ludzi?<\/strong><br data-start=\"3532\" data-end=\"3535\" \/>NIE. <strong data-start=\"3540\" data-end=\"3563\">2-MMC 220 mg granulki<\/strong> Czy <strong data-start=\"3569\" data-end=\"3619\">przeznaczony wy\u0142\u0105cznie do bada\u0144 laboratoryjnych<\/strong> I <strong data-start=\"3623\" data-end=\"3671\">nie do spo\u017cycia przez ludzi i zwierz\u0119ta<\/strong>.<\/p>\n<p data-start=\"3676\" data-end=\"3859\"><strong data-start=\"3676\" data-end=\"3709\">3. Jak przechowywa\u0107 2-MMC?<\/strong><br data-start=\"3709\" data-end=\"3712\" \/>Oszcz\u0119dzaj w <strong data-start=\"3723\" data-end=\"3732\">2\u20138\u00b0C<\/strong>, na <strong data-start=\"3741\" data-end=\"3775\">ch\u0142odne, suche i ciemne miejsce<\/strong>, w oryginalnym, szczelnym pojemniku, aby zachowa\u0107 czysto\u015b\u0107 i stabilno\u015b\u0107.<\/p>\n<hr data-start=\"3861\" data-end=\"3864\" \/>\n<h3 data-start=\"3866\" data-end=\"3898\"><strong data-start=\"3870\" data-end=\"3898\">Dane techniczne<\/strong><\/h3>\n<div class=\"_tableContainer_1rjym_1\">\n<div class=\"group _tableWrapper_1rjym_13 flex w-fit flex-col-reverse\" tabindex=\"-1\">\n<table class=\"w-fit min-w-(--thread-content-width)\" data-start=\"3900\" data-end=\"4436\">\n<thead data-start=\"3900\" data-end=\"3932\">\n<tr data-start=\"3900\" data-end=\"3932\">\n<th data-start=\"3900\" data-end=\"3917\" data-col-size=\"sm\"><strong data-start=\"3902\" data-end=\"3916\">Charakterystyczny<\/strong><\/th>\n<th data-start=\"3917\" data-end=\"3932\" data-col-size=\"sm\"><strong data-start=\"3919\" data-end=\"3930\">Bli\u017csze dane<\/strong><\/th>\n<\/tr>\n<\/thead>\n<tbody data-start=\"3967\" data-end=\"4436\">\n<tr data-start=\"3967\" data-end=\"4008\">\n<td data-start=\"3967\" data-end=\"3985\" data-col-size=\"sm\"><strong data-start=\"3969\" data-end=\"3984\">Nazwa produktu<\/strong><\/td>\n<td data-start=\"3985\" data-end=\"4008\" data-col-size=\"sm\">2-MMC 220 mg granulki<\/td>\n<\/tr>\n<tr data-start=\"4009\" data-end=\"4054\">\n<td data-start=\"4009\" data-end=\"4030\" data-col-size=\"sm\"><strong data-start=\"4011\" data-end=\"4029\">Nazwa chemiczna<\/strong><\/td>\n<td data-start=\"4030\" data-end=\"4054\" data-col-size=\"sm\">2-metylometkatynon<\/td>\n<\/tr>\n<tr data-start=\"4055\" data-end=\"4091\">\n<td data-start=\"4055\" data-end=\"4079\" data-col-size=\"sm\"><strong data-start=\"4057\" data-end=\"4078\">Wz\u00f3r chemiczny<\/strong><\/td>\n<td data-start=\"4079\" data-end=\"4091\" data-col-size=\"sm\">C11H15NO<\/td>\n<\/tr>\n<tr data-start=\"4092\" data-end=\"4130\">\n<td data-start=\"4092\" data-end=\"4114\" data-col-size=\"sm\"><strong data-start=\"4094\" data-end=\"4113\">Masa cz\u0105steczkowa<\/strong><\/td>\n<td data-start=\"4114\" data-end=\"4130\" data-col-size=\"sm\">177,24 g\/mol<\/td>\n<\/tr>\n<tr data-start=\"4131\" data-end=\"4166\">\n<td data-start=\"4131\" data-end=\"4157\" data-col-size=\"sm\"><strong data-start=\"4133\" data-end=\"4156\">Dawkowanie na peletk\u0119<\/strong><\/td>\n<td data-start=\"4157\" data-end=\"4166\" data-col-size=\"sm\">220 mg<\/td>\n<\/tr>\n<tr data-start=\"4167\" data-end=\"4216\">\n<td data-start=\"4167\" data-end=\"4184\" data-col-size=\"sm\"><strong data-start=\"4169\" data-end=\"4183\">Czysto\u015b\u0107<\/strong><\/td>\n<td data-start=\"4184\" data-end=\"4216\" data-col-size=\"sm\">\u226599% (Jako\u015b\u0107 analityczna)<\/td>\n<\/tr>\n<tr data-start=\"4217\" data-end=\"4272\">\n<td data-start=\"4217\" data-end=\"4240\" data-col-size=\"sm\"><strong data-start=\"4219\" data-end=\"4239\">Klasa chemiczna<\/strong><\/td>\n<td data-start=\"4240\" data-end=\"4272\" data-col-size=\"sm\">Katynon \/ \u03b2-Keto amfetamina<\/td>\n<\/tr>\n<tr data-start=\"4273\" data-end=\"4333\">\n<td data-start=\"4273\" data-end=\"4290\" data-col-size=\"sm\"><strong data-start=\"4275\" data-end=\"4289\">Aplikacja<\/strong><\/td>\n<td data-start=\"4290\" data-end=\"4333\" data-col-size=\"sm\">Badania naukowe \/ analityczne<\/td>\n<\/tr>\n<tr data-start=\"4334\" data-end=\"4381\">\n<td data-start=\"4334\" data-end=\"4356\" data-col-size=\"sm\"><strong data-start=\"4336\" data-end=\"4355\">Warunki przechowywania<\/strong><\/td>\n<td data-start=\"4356\" data-end=\"4381\" data-col-size=\"sm\">2\u20138\u00b0C, sucho i ciemno<\/td>\n<\/tr>\n<tr data-start=\"4382\" data-end=\"4436\">\n<td data-start=\"4382\" data-end=\"4399\" data-col-size=\"sm\"><strong data-start=\"4384\" data-end=\"4398\">Opakowanie<\/strong><\/td>\n<td data-start=\"4399\" data-end=\"4436\" data-col-size=\"sm\">Hermetyczny, zamkni\u0119ty pojemnik<\/td>\n<\/tr>\n<\/tbody>\n<\/table>\n<\/div>\n<\/div>\n<hr data-start=\"4438\" data-end=\"4441\" \/>\n<h3 data-start=\"4443\" data-end=\"4460\"><strong data-start=\"4447\" data-end=\"4460\">Wniosek<\/strong><\/h3>\n<p data-start=\"4462\" data-end=\"4782\"><strong data-start=\"4462\" data-end=\"4485\">2-MMC 220 mg granulki<\/strong> Czy <strong data-start=\"4491\" data-end=\"4537\">substancje badawcze najwy\u017cszej jako\u015bci<\/strong>, opracowany dla <strong data-start=\"4555\" data-end=\"4607\">profesjonalne badania analityczne i kryminalistyczne<\/strong>.<br data-start=\"4608\" data-end=\"4611\" \/>Dzi\u0119ki nim <strong data-start=\"4623\" data-end=\"4674\">stabilno\u015b\u0107, czysto\u015b\u0107 i dok\u0142adne dawkowanie<\/strong> Idealnie nadaj\u0105 si\u0119 do laboratori\u00f3w zajmuj\u0105cych si\u0119 <strong data-start=\"4732\" data-end=\"4779\">analizy chemiczne zwi\u0105zk\u00f3w katynonu<\/strong>.<\/p>","protected":false},"excerpt":{"rendered":"<h2><span dir=\"auto\" style=\"vertical-align: inherit;\"><span dir=\"auto\" style=\"vertical-align: inherit;\"><span dir=\"auto\" style=\"vertical-align: inherit;\"><span dir=\"auto\" style=\"vertical-align: inherit;\">W\u0142a\u015bciwo\u015bci 2-MMC<\/span><\/span><\/span><\/span><\/h2>\n<p><strong><span dir=\"auto\" style=\"vertical-align: inherit;\"><span dir=\"auto\" style=\"vertical-align: inherit;\"><span dir=\"auto\" style=\"vertical-align: inherit;\"><span dir=\"auto\" style=\"vertical-align: inherit;\">Numer CAS<\/span><\/span><\/span><\/span><\/strong><span dir=\"auto\" style=\"vertical-align: inherit;\"><span dir=\"auto\" style=\"vertical-align: inherit;\"><span dir=\"auto\" style=\"vertical-align: inherit;\"><span dir=\"auto\" style=\"vertical-align: inherit;\"> : 1246911-71-6 <\/span><\/span><\/span><\/span><br \/>\n<strong><span dir=\"auto\" style=\"vertical-align: inherit;\"><span dir=\"auto\" style=\"vertical-align: inherit;\"><span dir=\"auto\" style=\"vertical-align: inherit;\"><span dir=\"auto\" style=\"vertical-align: inherit;\">Formu\u0142a<\/span><\/span><\/span><\/span><\/strong><span dir=\"auto\" style=\"vertical-align: inherit;\"><span dir=\"auto\" style=\"vertical-align: inherit;\"><span dir=\"auto\" style=\"vertical-align: inherit;\"><span dir=\"auto\" style=\"vertical-align: inherit;\"> : C11h15NO \u2022 HCL <\/span><\/span><\/span><\/span><br \/>\n<strong><span dir=\"auto\" style=\"vertical-align: inherit;\"><span dir=\"auto\" style=\"vertical-align: inherit;\"><span dir=\"auto\" style=\"vertical-align: inherit;\"><span dir=\"auto\" style=\"vertical-align: inherit;\">Masa molowa<\/span><\/span><\/span><\/span><\/strong><span dir=\"auto\" style=\"vertical-align: inherit;\"><span dir=\"auto\" style=\"vertical-align: inherit;\"><span dir=\"auto\" style=\"vertical-align: inherit;\"><span dir=\"auto\" style=\"vertical-align: inherit;\"> : 177.247 <\/span><\/span><\/span><\/span><br \/>\n<strong><span dir=\"auto\" style=\"vertical-align: inherit;\"><span dir=\"auto\" style=\"vertical-align: inherit;\"><span dir=\"auto\" style=\"vertical-align: inherit;\"><span dir=\"auto\" style=\"vertical-align: inherit;\">Czysto\u015b\u0107<\/span><\/span><\/span><\/span><\/strong><span dir=\"auto\" style=\"vertical-align: inherit;\"><span dir=\"auto\" style=\"vertical-align: inherit;\"><span dir=\"auto\" style=\"vertical-align: inherit;\"><span dir=\"auto\" style=\"vertical-align: inherit;\"> : \u226599%<\/span><\/span><\/span><\/span><\/p>","protected":false},"featured_media":29200,"comment_status":"closed","ping_status":"closed","template":"","meta":[],"product_brand":[82],"product_cat":[372,463,322,79,324],"product_tag":[83,679,652,678,326],"class_list":{"0":"post-23975","1":"product","2":"type-product","3":"status-publish","4":"has-post-thumbnail","6":"product_brand-research-chemical","7":"product_cat-2-mmc-kopen","8":"product_cat-2-mmc-pellets","9":"product_cat-bijna-verboden","10":"product_cat-cathinonen","11":"product_cat-pellets-for-pellet","12":"product_tag-2-mmc-kopen","13":"product_tag-2-mmc-pellets","14":"product_tag-2-mmc-pellets-kopen","15":"product_tag-2mmc-pellets","16":"product_tag-nl","18":"first","19":"instock","20":"taxable","21":"shipping-taxable","22":"purchasable","23":"product-type-variable"},"_links":{"self":[{"href":"https:\/\/onderzoekschemicals.com\/pl\/wp-json\/wp\/v2\/product\/23975","targetHints":{"allow":["GET"]}}],"collection":[{"href":"https:\/\/onderzoekschemicals.com\/pl\/wp-json\/wp\/v2\/product"}],"about":[{"href":"https:\/\/onderzoekschemicals.com\/pl\/wp-json\/wp\/v2\/types\/product"}],"replies":[{"embeddable":true,"href":"https:\/\/onderzoekschemicals.com\/pl\/wp-json\/wp\/v2\/comments?post=23975"}],"version-history":[{"count":5,"href":"https:\/\/onderzoekschemicals.com\/pl\/wp-json\/wp\/v2\/product\/23975\/revisions"}],"predecessor-version":[{"id":25526,"href":"https:\/\/onderzoekschemicals.com\/pl\/wp-json\/wp\/v2\/product\/23975\/revisions\/25526"}],"wp:featuredmedia":[{"embeddable":true,"href":"https:\/\/onderzoekschemicals.com\/pl\/wp-json\/wp\/v2\/media\/29200"}],"wp:attachment":[{"href":"https:\/\/onderzoekschemicals.com\/pl\/wp-json\/wp\/v2\/media?parent=23975"}],"wp:term":[{"taxonomy":"product_brand","embeddable":true,"href":"https:\/\/onderzoekschemicals.com\/pl\/wp-json\/wp\/v2\/product_brand?post=23975"},{"taxonomy":"product_cat","embeddable":true,"href":"https:\/\/onderzoekschemicals.com\/pl\/wp-json\/wp\/v2\/product_cat?post=23975"},{"taxonomy":"product_tag","embeddable":true,"href":"https:\/\/onderzoekschemicals.com\/pl\/wp-json\/wp\/v2\/product_tag?post=23975"}],"curies":[{"name":"wp","href":"https:\/\/api.w.org\/{rel}","templated":true}]}}