{"id":23878,"date":"2025-04-13T17:40:36","date_gmt":"2025-04-13T17:40:36","guid":{"rendered":"https:\/\/onderzoekschemicals.com\/?post_type=product&#038;p=23878"},"modified":"2025-11-28T07:28:30","modified_gmt":"2025-11-28T07:28:30","slug":"hxe-hydroxetamine","status":"publish","type":"product","link":"https:\/\/onderzoekschemicals.com\/pl\/shop\/arylcyclohexylamine\/hxe-hydroxetamine\/","title":{"rendered":"HXE (hydroksyetamina)"},"content":{"rendered":"<p data-start=\"6163\" data-end=\"6541\"><strong data-start=\"6163\" data-end=\"6186\">HXE (hydroksyetamina)<\/strong>, znany r\u00f3wnie\u017c jako <strong data-start=\"6203\" data-end=\"6226\">3-Hydroksy-2-okso-PCE<\/strong>, jest <strong data-start=\"6235\" data-end=\"6293\">substancja badawcza dysocjacyjna o jako\u015bci analitycznej<\/strong> kt\u00f3ry nale\u017cy do <strong data-start=\"6313\" data-end=\"6342\">klasa arylocykloheksyloamin<\/strong>. HXE<br data-start=\"6343\" data-end=\"6346\" \/>Jest strukturalnie powi\u0105zany z <strong data-start=\"6377\" data-end=\"6386\">O-PCE<\/strong> I <strong data-start=\"6390\" data-end=\"6402\">ketamina<\/strong>, ale wyr\u00f3\u017cnia si\u0119 <strong data-start=\"6436\" data-end=\"6468\">grupa hydroksylowa w pozycji 3<\/strong>, co wp\u0142ywa na jego w\u0142a\u015bciwo\u015bci chemiczne i profil wi\u0105zania.<\/p>\n<p data-start=\"6543\" data-end=\"6821\">HXE jest u\u017cywany w <strong data-start=\"6565\" data-end=\"6620\">badania kryminalistyczne, analityczne i wi\u0105zania receptor\u00f3w<\/strong>, szczeg\u00f3lnie w badaniu <strong data-start=\"6649\" data-end=\"6681\">analogi arylocykloheksyloaminy<\/strong>.<br data-start=\"6682\" data-end=\"6685\" \/>Wyprodukowano pod <strong data-start=\"6704\" data-end=\"6738\">Dobra Praktyka Laboratoryjna (GLP)<\/strong>, gwarantuje <strong data-start=\"6759\" data-end=\"6782\">czysto\u015b\u0107 \u226599%<\/strong> i sp\u00f3jnych wynik\u00f3w bada\u0144.<\/p>\n<blockquote data-start=\"6823\" data-end=\"6967\">\n<p data-start=\"6825\" data-end=\"6967\">\u26a0\ufe0f <strong data-start=\"6828\" data-end=\"6839\">UWAGA:<\/strong> Ten produkt jest <strong data-start=\"6855\" data-end=\"6905\">przeznaczony wy\u0142\u0105cznie do bada\u0144 laboratoryjnych<\/strong> I <strong data-start=\"6909\" data-end=\"6966\">nie nadaje si\u0119 do spo\u017cycia przez ludzi i zwierz\u0119ta<\/strong>.<\/p>\n<\/blockquote>\n<hr data-start=\"6969\" data-end=\"6972\" \/>\n<h3 data-start=\"6974\" data-end=\"7005\"><strong data-start=\"6978\" data-end=\"7005\">G\u0142\u00f3wne cechy<\/strong><\/h3>\n<ul data-start=\"7007\" data-end=\"7510\">\n<li data-start=\"7007\" data-end=\"7108\">\n<p data-start=\"7009\" data-end=\"7108\"><strong data-start=\"7009\" data-end=\"7041\">Wysoka czysto\u015b\u0107 analityczna:<\/strong> \u226599%, testowane metodami chromatograficznymi i spektroskopowymi.<\/p>\n<\/li>\n<li data-start=\"7109\" data-end=\"7189\">\n<p data-start=\"7111\" data-end=\"7189\"><strong data-start=\"7111\" data-end=\"7144\">Pochodna arylocykloheksyloaminy:<\/strong> Strukturalnie podobny do ketaminy i O-PCE.<\/p>\n<\/li>\n<li data-start=\"7190\" data-end=\"7256\">\n<p data-start=\"7192\" data-end=\"7256\"><strong data-start=\"7192\" data-end=\"7213\">Stabilny chemicznie:<\/strong> Odporne na rozk\u0142ad przy w\u0142a\u015bciwym przechowywaniu.<\/p>\n<\/li>\n<li data-start=\"7257\" data-end=\"7342\">\n<p data-start=\"7259\" data-end=\"7342\"><strong data-start=\"7259\" data-end=\"7277\">Produkcja GLP:<\/strong> Wyprodukowano zgodnie z <strong data-start=\"7299\" data-end=\"7327\">Dobra Praktyka Laboratoryjna<\/strong>-wytyczne.<\/p>\n<\/li>\n<li data-start=\"7343\" data-end=\"7432\">\n<p data-start=\"7345\" data-end=\"7432\"><strong data-start=\"7345\" data-end=\"7362\">Przetestowano parti\u0119:<\/strong> Ka\u017cd\u0105 parti\u0119 sprawdzano pod k\u0105tem to\u017csamo\u015bci, czysto\u015bci i sp\u00f3jno\u015bci.<\/p>\n<\/li>\n<li data-start=\"7433\" data-end=\"7510\">\n<p data-start=\"7435\" data-end=\"7510\"><strong data-start=\"7435\" data-end=\"7458\">Bezpieczne opakowanie:<\/strong> Hermetyczne i uszczelnione, aby zachowa\u0107 jako\u015b\u0107.<\/p>\n<\/li>\n<\/ul>\n<hr data-start=\"7512\" data-end=\"7515\" \/>\n<h3 data-start=\"7517\" data-end=\"7534\"><strong data-start=\"7521\" data-end=\"7534\">Zalety<\/strong><\/h3>\n<ol data-start=\"7536\" data-end=\"7981\">\n<li data-start=\"7536\" data-end=\"7623\">\n<p data-start=\"7539\" data-end=\"7623\"><strong data-start=\"7539\" data-end=\"7576\">Wiarygodne wyniki bada\u0144:<\/strong> Wysoka czysto\u015b\u0107 gwarantuje dok\u0142adno\u015b\u0107 danych.<\/p>\n<\/li>\n<li data-start=\"7624\" data-end=\"7719\">\n<p data-start=\"7627\" data-end=\"7719\"><strong data-start=\"7627\" data-end=\"7647\">Szerokie zastosowanie:<\/strong> Nadaje si\u0119 do <strong data-start=\"7662\" data-end=\"7716\">chromatografia, spektroskopia i badania receptorowe<\/strong>.<\/p>\n<\/li>\n<li data-start=\"7720\" data-end=\"7800\">\n<p data-start=\"7723\" data-end=\"7800\"><strong data-start=\"7723\" data-end=\"7750\">D\u0142ugoterminowa stabilno\u015b\u0107:<\/strong> Odporne na \u015bwiat\u0142o i wilgo\u0107 przy prawid\u0142owym przechowywaniu.<\/p>\n<\/li>\n<li data-start=\"7801\" data-end=\"7895\">\n<p data-start=\"7804\" data-end=\"7895\"><strong data-start=\"7804\" data-end=\"7833\">Zastosowania kryminalistyczne:<\/strong> U\u017cywany w <strong data-start=\"7853\" data-end=\"7892\">badania toksykologiczne i chemiczne<\/strong>.<\/p>\n<\/li>\n<li data-start=\"7896\" data-end=\"7981\">\n<p data-start=\"7899\" data-end=\"7981\"><strong data-start=\"7899\" data-end=\"7927\">Jako\u015b\u0107 profesjonalna:<\/strong> Zaprojektowane do stosowania w zaawansowanych laboratoriach.<\/p>\n<\/li>\n<\/ol>\n<hr data-start=\"7983\" data-end=\"7986\" \/>\n<h3 data-start=\"7988\" data-end=\"8027\"><strong data-start=\"7992\" data-end=\"8027\">U\u017cyj (tylko do cel\u00f3w badawczych)<\/strong><\/h3>\n<ol data-start=\"8029\" data-end=\"8437\">\n<li data-start=\"8029\" data-end=\"8116\">\n<p data-start=\"8032\" data-end=\"8116\"><strong data-start=\"8032\" data-end=\"8063\">No\u015b odzie\u017c ochronn\u0105:<\/strong> Wymagane s\u0105 r\u0119kawice, okulary ochronne i fartuch laboratoryjny.<\/p>\n<\/li>\n<li data-start=\"8117\" data-end=\"8205\">\n<p data-start=\"8120\" data-end=\"8205\"><strong data-start=\"8120\" data-end=\"8156\">Praca w kontrolowanym \u015brodowisku:<\/strong> Na przyk\u0142ad w wyci\u0105gu laboratoryjnym lub sterylnym stole roboczym.<\/p>\n<\/li>\n<li data-start=\"8206\" data-end=\"8265\">\n<p data-start=\"8209\" data-end=\"8265\"><strong data-start=\"8209\" data-end=\"8229\">Dok\u0142adny pomiar:<\/strong> U\u017cywaj skalibrowanego sprz\u0119tu.<\/p>\n<\/li>\n<li data-start=\"8266\" data-end=\"8345\">\n<p data-start=\"8269\" data-end=\"8345\"><strong data-start=\"8269\" data-end=\"8296\">Informacje o partii notatek:<\/strong> Zapisz numer partii i warunki testu.<\/p>\n<\/li>\n<li data-start=\"8346\" data-end=\"8437\">\n<p data-start=\"8349\" data-end=\"8437\"><strong data-start=\"8349\" data-end=\"8382\">Bezpieczna utylizacja odpad\u00f3w:<\/strong> Post\u0119puj zgodnie z wytycznymi bezpiecze\u0144stwa obowi\u0105zuj\u0105cymi w laboratorium.<\/p>\n<\/li>\n<\/ol>\n<blockquote data-start=\"8439\" data-end=\"8524\">\n<p data-start=\"8441\" data-end=\"8524\">\u2697\ufe0f <strong data-start=\"8444\" data-end=\"8524\">Tylko do test\u00f3w laboratoryjnych \u2013 nie do spo\u017cycia przez ludzi.<\/strong><\/p>\n<\/blockquote>\n<hr data-start=\"8526\" data-end=\"8529\" \/>\n<h3 data-start=\"8531\" data-end=\"8556\"><strong data-start=\"8535\" data-end=\"8556\">Instrukcje dotycz\u0105ce przechowywania<\/strong><\/h3>\n<ul data-start=\"8558\" data-end=\"8769\">\n<li data-start=\"8558\" data-end=\"8626\">\n<p data-start=\"8560\" data-end=\"8626\">Oszcz\u0119dzaj w <strong data-start=\"8571\" data-end=\"8580\">2\u20138\u00b0C<\/strong>, na <strong data-start=\"8589\" data-end=\"8623\">ch\u0142odne, suche i ciemne miejsce<\/strong>.<\/p>\n<\/li>\n<li data-start=\"8627\" data-end=\"8663\">\n<p data-start=\"8629\" data-end=\"8663\">Przechowywa\u0107 pojemnik szczelnie zamkni\u0119ty.<\/p>\n<\/li>\n<li data-start=\"8664\" data-end=\"8709\">\n<p data-start=\"8666\" data-end=\"8709\">Chroni\u0107 przed <strong data-start=\"8681\" data-end=\"8706\">\u015bwiat\u0142o, wilgo\u0107 i ciep\u0142o<\/strong>.<\/p>\n<\/li>\n<li data-start=\"8710\" data-end=\"8769\">\n<p data-start=\"8712\" data-end=\"8769\">Dost\u0119p wy\u0142\u0105cznie dla upowa\u017cnionego personelu laboratoryjnego.<\/p>\n<\/li>\n<\/ul>\n<hr data-start=\"8771\" data-end=\"8774\" \/>\n<h3 data-start=\"8776\" data-end=\"8811\"><strong data-start=\"8780\" data-end=\"8811\">Cz\u0119sto zadawane pytania (FAQ)<\/strong><\/h3>\n<p data-start=\"8813\" data-end=\"9027\"><strong data-start=\"8813\" data-end=\"8864\">1. Do czego s\u0142u\u017cy HXE (hydroksyetamina)?<\/strong><br data-start=\"8864\" data-end=\"8867\" \/>HXE jest u\u017cywany do <strong data-start=\"8891\" data-end=\"8929\">badania analityczne i kryminalistyczne<\/strong>, szczeg\u00f3lnie w <strong data-start=\"8943\" data-end=\"8987\">wi\u0105zanie receptora i badania strukturalne<\/strong> zwi\u0105zk\u00f3w arylocykloheksyloaminy.<\/p>\n<p data-start=\"9029\" data-end=\"9233\"><strong data-start=\"9029\" data-end=\"9079\">2. Czy HXE nadaje si\u0119 do spo\u017cycia przez ludzi?<\/strong><br data-start=\"9079\" data-end=\"9082\" \/>NIE. <strong data-start=\"9087\" data-end=\"9110\">HXE (hydroksyetamina)<\/strong> Jest <strong data-start=\"9114\" data-end=\"9169\">przeznaczone wy\u0142\u0105cznie do bada\u0144 naukowych<\/strong> I <strong data-start=\"9173\" data-end=\"9230\">nie nadaje si\u0119 do spo\u017cycia przez ludzi i zwierz\u0119ta<\/strong>.<\/p>\n<p data-start=\"9235\" data-end=\"9410\"><strong data-start=\"9235\" data-end=\"9270\">3. Jak nale\u017cy przechowywa\u0107 HXE?<\/strong><br data-start=\"9270\" data-end=\"9273\" \/>Oszcz\u0119dzaj na <strong data-start=\"9287\" data-end=\"9329\">ch\u0142odne, suche i ciemne miejsce (2\u20138\u00b0C)<\/strong> w <strong data-start=\"9337\" data-end=\"9363\">opakowanie hermetyczne<\/strong> aby zachowa\u0107 stabilno\u015b\u0107 i czysto\u015b\u0107.<\/p>\n<hr data-start=\"9412\" data-end=\"9415\" \/>\n<h3 data-start=\"9417\" data-end=\"9434\"><strong data-start=\"9421\" data-end=\"9434\">Wniosek<\/strong><\/h3>\n<p data-start=\"9436\" data-end=\"9714\"><strong data-start=\"9436\" data-end=\"9459\">HXE (hydroksyetamina)<\/strong> jest <strong data-start=\"9467\" data-end=\"9511\">wysokiej jako\u015bci analityczny materia\u0142 badawczy<\/strong> z doskona\u0142ym <strong data-start=\"9528\" data-end=\"9578\">stabilno\u015b\u0107, czysto\u015b\u0107 i powtarzalno\u015b\u0107<\/strong>.<br data-start=\"9579\" data-end=\"9582\" \/>Jest to idealny wyb\u00f3r dla laboratori\u00f3w skupiaj\u0105cych si\u0119 na <strong data-start=\"9642\" data-end=\"9711\">analiza, toksykologia i badania strukturalne arylocykloheksyloaminy<\/strong>.<\/p>","protected":false},"excerpt":{"rendered":"<h3><span style=\"vertical-align: inherit;\"><span style=\"vertical-align: inherit;\"><span dir=\"auto\" style=\"vertical-align: inherit;\"><span dir=\"auto\" style=\"vertical-align: inherit;\">W\u0142a\u015bciwo\u015bci HXE<\/span><\/span><\/span><\/span><\/h3>\n<p><strong><span style=\"vertical-align: inherit;\"><span style=\"vertical-align: inherit;\"><span dir=\"auto\" style=\"vertical-align: inherit;\"><span dir=\"auto\" style=\"vertical-align: inherit;\">Synonim: <\/span><\/span><\/span><\/span><\/strong> <b><span style=\"vertical-align: inherit;\"><span style=\"vertical-align: inherit;\"><span dir=\"auto\" style=\"vertical-align: inherit;\"><span dir=\"auto\" style=\"vertical-align: inherit;\">3\u2032-hydroksy-2-okso-PCE<\/span><\/span><\/span><\/span><\/b><span style=\"vertical-align: inherit;\"><span style=\"vertical-align: inherit;\"><span dir=\"auto\" style=\"vertical-align: inherit;\"><span dir=\"auto\" style=\"vertical-align: inherit;\"> , <\/span><\/span><\/span><\/span><b><span style=\"vertical-align: inherit;\"><span style=\"vertical-align: inherit;\"><span dir=\"auto\" style=\"vertical-align: inherit;\"><span dir=\"auto\" style=\"vertical-align: inherit;\">O-desmetylometoksetamina<\/span><\/span><\/span><\/span><\/b><span style=\"vertical-align: inherit;\"><span style=\"vertical-align: inherit;\"><span dir=\"auto\" style=\"vertical-align: inherit;\"><span dir=\"auto\" style=\"vertical-align: inherit;\"> , <\/span><\/span><\/span><\/span><b><span style=\"vertical-align: inherit;\"><span style=\"vertical-align: inherit;\"><span dir=\"auto\" style=\"vertical-align: inherit;\"><span dir=\"auto\" style=\"vertical-align: inherit;\">HXE <\/span><\/span><\/span><\/span><\/b><br \/>\n<strong><span style=\"vertical-align: inherit;\"><span style=\"vertical-align: inherit;\"><span dir=\"auto\" style=\"vertical-align: inherit;\"><span dir=\"auto\" style=\"vertical-align: inherit;\">Numer CAS:<\/span><\/span><\/span><\/span><\/strong><span style=\"vertical-align: inherit;\"><span style=\"vertical-align: inherit;\"><span dir=\"auto\" style=\"vertical-align: inherit;\"><span dir=\"auto\" style=\"vertical-align: inherit;\"> 1620054-73-0 <\/span><\/span><\/span><\/span><br \/>\n<strong><span style=\"vertical-align: inherit;\"><span style=\"vertical-align: inherit;\"><span dir=\"auto\" style=\"vertical-align: inherit;\"><span dir=\"auto\" style=\"vertical-align: inherit;\">Formu\u0142a:<\/span><\/span><\/span><\/span><\/strong><span style=\"vertical-align: inherit;\"><span style=\"vertical-align: inherit;\"><span dir=\"auto\" style=\"vertical-align: inherit;\"><span dir=\"auto\" style=\"vertical-align: inherit;\"> C14H19NO2 <\/span><\/span><\/span><\/span><br \/>\n<strong><span style=\"vertical-align: inherit;\"><span style=\"vertical-align: inherit;\"><span dir=\"auto\" style=\"vertical-align: inherit;\"><span dir=\"auto\" style=\"vertical-align: inherit;\">Masa molowa:<\/span><\/span><\/span><\/span><\/strong><span style=\"vertical-align: inherit;\"><span style=\"vertical-align: inherit;\"><span dir=\"auto\" style=\"vertical-align: inherit;\"><span dir=\"auto\" style=\"vertical-align: inherit;\"> 233,311 g mol\u22121 <\/span><\/span><\/span><\/span><br \/>\n<strong><span style=\"vertical-align: inherit;\"><span style=\"vertical-align: inherit;\"><span dir=\"auto\" style=\"vertical-align: inherit;\"><span dir=\"auto\" style=\"vertical-align: inherit;\">Czysto\u015b\u0107:<\/span><\/span><\/span><\/span><\/strong><span style=\"vertical-align: inherit;\"><span style=\"vertical-align: inherit;\"><span dir=\"auto\" style=\"vertical-align: inherit;\"><span dir=\"auto\" style=\"vertical-align: inherit;\"> &gt;99%<\/span><\/span><\/span><\/span><\/p>","protected":false},"featured_media":29354,"comment_status":"closed","ping_status":"closed","template":"","meta":[],"product_brand":[],"product_cat":[71,492],"product_tag":[287,326],"class_list":{"0":"post-23878","1":"product","2":"type-product","3":"status-publish","4":"has-post-thumbnail","6":"product_cat-arylcyclohexylamine","7":"product_cat-hxe","8":"product_tag-hxe","9":"product_tag-nl","11":"first","12":"instock","13":"taxable","14":"shipping-taxable","15":"purchasable","16":"product-type-variable"},"_links":{"self":[{"href":"https:\/\/onderzoekschemicals.com\/pl\/wp-json\/wp\/v2\/product\/23878","targetHints":{"allow":["GET"]}}],"collection":[{"href":"https:\/\/onderzoekschemicals.com\/pl\/wp-json\/wp\/v2\/product"}],"about":[{"href":"https:\/\/onderzoekschemicals.com\/pl\/wp-json\/wp\/v2\/types\/product"}],"replies":[{"embeddable":true,"href":"https:\/\/onderzoekschemicals.com\/pl\/wp-json\/wp\/v2\/comments?post=23878"}],"version-history":[{"count":5,"href":"https:\/\/onderzoekschemicals.com\/pl\/wp-json\/wp\/v2\/product\/23878\/revisions"}],"predecessor-version":[{"id":27929,"href":"https:\/\/onderzoekschemicals.com\/pl\/wp-json\/wp\/v2\/product\/23878\/revisions\/27929"}],"wp:featuredmedia":[{"embeddable":true,"href":"https:\/\/onderzoekschemicals.com\/pl\/wp-json\/wp\/v2\/media\/29354"}],"wp:attachment":[{"href":"https:\/\/onderzoekschemicals.com\/pl\/wp-json\/wp\/v2\/media?parent=23878"}],"wp:term":[{"taxonomy":"product_brand","embeddable":true,"href":"https:\/\/onderzoekschemicals.com\/pl\/wp-json\/wp\/v2\/product_brand?post=23878"},{"taxonomy":"product_cat","embeddable":true,"href":"https:\/\/onderzoekschemicals.com\/pl\/wp-json\/wp\/v2\/product_cat?post=23878"},{"taxonomy":"product_tag","embeddable":true,"href":"https:\/\/onderzoekschemicals.com\/pl\/wp-json\/wp\/v2\/product_tag?post=23878"}],"curies":[{"name":"wp","href":"https:\/\/api.w.org\/{rel}","templated":true}]}}