{"id":23509,"date":"2025-04-13T17:39:53","date_gmt":"2025-04-13T17:39:53","guid":{"rendered":"https:\/\/onderzoekschemicals.com\/?post_type=product&#038;p=23509"},"modified":"2025-10-19T20:17:28","modified_gmt":"2025-10-19T20:17:28","slug":"5-meo-met-fumarate","status":"publish","type":"product","link":"https:\/\/onderzoekschemicals.com\/pl\/shop\/5-meo-met\/5-meo-met-fumarate\/","title":{"rendered":"Fumaran 5-MeO-MET"},"content":{"rendered":"<h3><strong><span dir=\"auto\" style=\"vertical-align: inherit;\"><span dir=\"auto\" style=\"vertical-align: inherit;\">Fumaran 5-MeO-MET \u2013 opis produktu, zastosowania, korzy\u015bci i wady oraz cz\u0119sto zadawane pytania<\/span><\/span><\/strong><\/h3>\n<p data-start=\"4063\" data-end=\"4259\"><strong data-start=\"4063\" data-end=\"4124\">Fumaran 5-MeO-MET (5-metoksy-N-metylo-N-etylotryptamina)<\/strong> jest <strong data-start=\"4132\" data-end=\"4174\">zwi\u0105zek badawczy o wysokiej czysto\u015bci<\/strong>, zaprojektowany dla <strong data-start=\"4191\" data-end=\"4256\">badania neurologiczne, farmakologiczne i analityczne<\/strong>. 5 meo z fumaranem<\/p>\n<p data-start=\"4261\" data-end=\"4523\">Je\u015bli <strong data-start=\"4265\" data-end=\"4301\">analog metoksy-podstawiony<\/strong> przez <strong data-start=\"4306\" data-end=\"4342\">MET (N-metylo-N-etylotryptamina)<\/strong> 5-MeO-MET nale\u017cy do <strong data-start=\"4368\" data-end=\"4388\">klasa tryptaminy<\/strong> i jest to wa\u017cne dla bada\u0144 nad <strong data-start=\"4430\" data-end=\"4474\">receptory serotoninowe (5-HT2A i 5-HT1A)<\/strong> I <strong data-start=\"4478\" data-end=\"4520\">zale\u017cno\u015bci struktura-aktywno\u015b\u0107 (SAR)<\/strong>.<\/p>\n<p data-start=\"4525\" data-end=\"4704\">Ten <strong data-start=\"4528\" data-end=\"4548\">forma soli fumaranowej<\/strong> zapewnia <strong data-start=\"4560\" data-end=\"4623\">lepsza stabilno\u015b\u0107 chemiczna, rozpuszczalno\u015b\u0107 i trwa\u0142o\u015b\u0107<\/strong>, co jest niezb\u0119dne do d\u0142ugoterminowego przechowywania i dok\u0142adnych bada\u0144 laboratoryjnych.<\/p>\n<blockquote data-start=\"4706\" data-end=\"4857\">\n<p data-start=\"4708\" data-end=\"4857\">\u26a0\ufe0f <strong data-start=\"4711\" data-end=\"4722\">UWAGA:<\/strong> Ten produkt jest <strong data-start=\"4738\" data-end=\"4793\">przeznaczone wy\u0142\u0105cznie do bada\u0144 naukowych<\/strong> I <strong data-start=\"4797\" data-end=\"4854\">nie nadaje si\u0119 do spo\u017cycia przez ludzi i zwierz\u0119ta<\/strong>.<\/p>\n<\/blockquote>\n<hr data-start=\"4859\" data-end=\"4862\" \/>\n<h3 data-start=\"4864\" data-end=\"4895\"><strong data-start=\"4868\" data-end=\"4895\">G\u0142\u00f3wne cechy<\/strong><\/h3>\n<ul data-start=\"4896\" data-end=\"5326\">\n<li data-start=\"4896\" data-end=\"4994\">\n<p data-start=\"4898\" data-end=\"4994\"><strong data-start=\"4898\" data-end=\"4924\">Wysoka czysto\u015b\u0107 (\u226599%)<\/strong> \u2013 Przebadano laboratoryjnie pod k\u0105tem to\u017csamo\u015bci, stabilno\u015bci i sk\u0142adu.<\/p>\n<\/li>\n<li data-start=\"4995\" data-end=\"5070\">\n<p data-start=\"4997\" data-end=\"5070\"><strong data-start=\"4997\" data-end=\"5026\">Stabilna forma soli fumaranowej<\/strong> \u2013 Zwi\u0119ksza trwa\u0142o\u015b\u0107 i rozpuszczalno\u015b\u0107.<\/p>\n<\/li>\n<li data-start=\"5071\" data-end=\"5158\">\n<p data-start=\"5073\" data-end=\"5158\"><strong data-start=\"5073\" data-end=\"5112\">Standard Bada\u0144 Farmakologicznych<\/strong> \u2013 Nadaje si\u0119 do bada\u0144 receptor\u00f3w i SAR.<\/p>\n<\/li>\n<li data-start=\"5159\" data-end=\"5237\">\n<p data-start=\"5161\" data-end=\"5237\"><strong data-start=\"5161\" data-end=\"5186\">Sta\u0142a jako\u015b\u0107<\/strong> \u2013 Wyprodukowano w warunkach zbli\u017conych do GMP.<\/p>\n<\/li>\n<li data-start=\"5238\" data-end=\"5326\">\n<p data-start=\"5240\" data-end=\"5326\"><strong data-start=\"5240\" data-end=\"5262\">Bezpieczne opakowanie<\/strong> \u2013 Hermetyczne i nieprzepuszczaj\u0105ce \u015bwiat\u0142a opakowanie zapewniaj\u0105ce maksymaln\u0105 ochron\u0119. 5 meo z fumaranem<\/p>\n<\/li>\n<\/ul>\n<hr data-start=\"5328\" data-end=\"5331\" \/>\n<h3 data-start=\"5333\" data-end=\"5350\"><strong data-start=\"5337\" data-end=\"5350\">Zalety<\/strong><\/h3>\n<ul data-start=\"5351\" data-end=\"5645\">\n<li data-start=\"5351\" data-end=\"5431\">\n<p data-start=\"5353\" data-end=\"5431\">Wspiera <strong data-start=\"5365\" data-end=\"5428\">badania nad receptorami serotoninowymi i analogami tryptaminy<\/strong>.<\/p>\n<\/li>\n<li data-start=\"5432\" data-end=\"5510\">\n<p data-start=\"5434\" data-end=\"5510\"><strong data-start=\"5434\" data-end=\"5479\">Niezawodne i powtarzalne wyniki<\/strong> w kontrolowanych badaniach.<\/p>\n<\/li>\n<li data-start=\"5511\" data-end=\"5575\">\n<p data-start=\"5513\" data-end=\"5575\"><strong data-start=\"5513\" data-end=\"5539\">Poprawiona stabilno\u015b\u0107<\/strong> w por\u00f3wnaniu do wolnej formy bazowej.<\/p>\n<\/li>\n<li data-start=\"5576\" data-end=\"5645\">\n<p data-start=\"5578\" data-end=\"5645\">Nadaje si\u0119 do <strong data-start=\"5592\" data-end=\"5642\">badania naukowe, analityczne i kryminalistyczne<\/strong>.<\/p>\n<\/li>\n<\/ul>\n<hr data-start=\"5647\" data-end=\"5650\" \/>\n<h3 data-start=\"5652\" data-end=\"5667\"><strong data-start=\"5656\" data-end=\"5667\">Stosowanie<\/strong><\/h3>\n<ul data-start=\"5668\" data-end=\"5950\">\n<li data-start=\"5668\" data-end=\"5738\">\n<p data-start=\"5670\" data-end=\"5738\">Do u\u017cytku wy\u0142\u0105cznie przez <strong data-start=\"5695\" data-end=\"5735\">wykwalifikowany personel laboratoryjny<\/strong>.<\/p>\n<\/li>\n<li data-start=\"5739\" data-end=\"5826\">\n<p data-start=\"5741\" data-end=\"5826\">U\u017cyj odpowiedniego <strong data-start=\"5759\" data-end=\"5783\">sprz\u0119t ochronny<\/strong> (r\u0119kawiczki, okulary ochronne, fartuch laboratoryjny).<\/p>\n<\/li>\n<li data-start=\"5827\" data-end=\"5891\">\n<p data-start=\"5829\" data-end=\"5891\">Oszcz\u0119dzaj na <strong data-start=\"5844\" data-end=\"5878\">ch\u0142odne, suche i ciemne miejsce<\/strong> (15\u201325\u00b0C).<\/p>\n<\/li>\n<li data-start=\"5892\" data-end=\"5950\">\n<p data-start=\"5894\" data-end=\"5950\">Nie nadaje si\u0119 do spo\u017cycia przez ludzi i zwierz\u0119ta.<\/p>\n<\/li>\n<\/ul>\n<hr data-start=\"5952\" data-end=\"5955\" \/>\n<h3 data-start=\"5957\" data-end=\"5992\"><strong data-start=\"5961\" data-end=\"5992\">Cz\u0119sto zadawane pytania (FAQ)<\/strong><\/h3>\n<p data-start=\"5994\" data-end=\"6184\"><strong data-start=\"5994\" data-end=\"6044\">1. Do czego s\u0142u\u017cy fumaran 5-MeO-MET?<\/strong><br data-start=\"6044\" data-end=\"6047\" \/>Fumaran 5-MeO-MET jest stosowany do <strong data-start=\"6086\" data-end=\"6131\">badania farmakologiczne i neurochemiczne<\/strong> do receptor\u00f3w serotoninowych i analog\u00f3w tryptaminy.<\/p>\n<p data-start=\"6186\" data-end=\"6367\"><strong data-start=\"6186\" data-end=\"6245\">2. Czy fumaran 5-MeO-MET jest bezpieczny do stosowania u ludzi?<\/strong><br data-start=\"6245\" data-end=\"6248\" \/>Nie. Ten produkt jest <strong data-start=\"6268\" data-end=\"6317\">przeznaczone wy\u0142\u0105cznie do cel\u00f3w badawczych<\/strong> i nie s\u0105 dopuszczone do spo\u017cycia przez ludzi.<\/p>\n<p data-start=\"6369\" data-end=\"6541\"><strong data-start=\"6369\" data-end=\"6419\">3. Jak nale\u017cy przechowywa\u0107 fumaran 5-MeO-MET?<\/strong><br data-start=\"6419\" data-end=\"6422\" \/>Przechowywa\u0107 w <strong data-start=\"6437\" data-end=\"6467\">dobrze uszczelnione opakowanie<\/strong> w temperaturze pokojowej (15\u201325\u00b0C), chroni\u0107 od wilgoci, ciep\u0142a i \u015bwiat\u0142a.<\/p>","protected":false},"excerpt":{"rendered":"<h3><span data-sheets-value=\"{\" data-sheets-userformat=\"{\"><span dir=\"auto\" style=\"vertical-align: inherit;\"><span dir=\"auto\" style=\"vertical-align: inherit;\">5-MeO-MET fumarate properties<\/span><\/span><\/span><\/h3>\n<p><strong><span style=\"vertical-align: inherit;\"><span style=\"vertical-align: inherit;\"><span dir=\"auto\" style=\"vertical-align: inherit;\"><span dir=\"auto\" style=\"vertical-align: inherit;\">Synonym:<\/span><\/span><\/span><\/span><\/strong><span style=\"vertical-align: inherit;\"><span style=\"vertical-align: inherit;\"><span dir=\"auto\" style=\"vertical-align: inherit;\"><span dir=\"auto\" style=\"vertical-align: inherit;\"> 5-methoxy-N-methyl-N-ethyltryptamine fumarate <\/span><\/span><\/span><\/span><br \/>\n<strong><span style=\"vertical-align: inherit;\"><span style=\"vertical-align: inherit;\"><span dir=\"auto\" style=\"vertical-align: inherit;\"><span dir=\"auto\" style=\"vertical-align: inherit;\">CAS Number:<\/span><\/span><\/span><\/span><\/strong><span style=\"vertical-align: inherit;\"><span style=\"vertical-align: inherit;\"><span dir=\"auto\" style=\"vertical-align: inherit;\"><span dir=\"auto\" style=\"vertical-align: inherit;\"> n\/a <\/span><\/span><\/span><\/span><br \/>\n<strong><span style=\"vertical-align: inherit;\"><span style=\"vertical-align: inherit;\"><span dir=\"auto\" style=\"vertical-align: inherit;\"><span dir=\"auto\" style=\"vertical-align: inherit;\">Formula:<\/span><\/span><\/span><\/span><\/strong><span style=\"vertical-align: inherit;\"><span style=\"vertical-align: inherit;\"><span dir=\"auto\" style=\"vertical-align: inherit;\"><span dir=\"auto\" style=\"vertical-align: inherit;\"> 3-[2-(ethylmethylamino)ethyl]-5-methoxyindole fumarate <\/span><\/span><\/span><\/span><br \/>\n<strong><span style=\"vertical-align: inherit;\"><span style=\"vertical-align: inherit;\"><span dir=\"auto\" style=\"vertical-align: inherit;\"><span dir=\"auto\" style=\"vertical-align: inherit;\">Molar Mass:<\/span><\/span><\/span><\/span><\/strong><span style=\"vertical-align: inherit;\"><span style=\"vertical-align: inherit;\"><span dir=\"auto\" style=\"vertical-align: inherit;\"><span dir=\"auto\" style=\"vertical-align: inherit;\"> 348.4 g\/mol <\/span><\/span><\/span><\/span><br \/>\n<strong><span style=\"vertical-align: inherit;\"><span style=\"vertical-align: inherit;\"><span dir=\"auto\" style=\"vertical-align: inherit;\"><span dir=\"auto\" style=\"vertical-align: inherit;\">Purity:<\/span><\/span><\/span><\/span><\/strong><span style=\"vertical-align: inherit;\"><span style=\"vertical-align: inherit;\"><span dir=\"auto\" style=\"vertical-align: inherit;\"><span dir=\"auto\" style=\"vertical-align: inherit;\"> &gt;97%<\/span><\/span><\/span><\/span><\/p>\n","protected":false},"featured_media":20399,"comment_status":"closed","ping_status":"closed","template":"","meta":[],"product_brand":[],"product_cat":[545,381],"product_tag":[1169,1167,1168,326],"class_list":{"0":"post-23509","1":"product","2":"type-product","3":"status-publish","4":"has-post-thumbnail","6":"product_cat-5-meo-met","7":"product_cat-tryptamines","8":"product_tag-5-meo-met","9":"product_tag-5-meo-met-fumarate","10":"product_tag-5-meo-met-fumarate-kopen","11":"product_tag-nl","13":"first","14":"instock","15":"taxable","16":"shipping-taxable","17":"purchasable","18":"product-type-variable"},"_links":{"self":[{"href":"https:\/\/onderzoekschemicals.com\/pl\/wp-json\/wp\/v2\/product\/23509","targetHints":{"allow":["GET"]}}],"collection":[{"href":"https:\/\/onderzoekschemicals.com\/pl\/wp-json\/wp\/v2\/product"}],"about":[{"href":"https:\/\/onderzoekschemicals.com\/pl\/wp-json\/wp\/v2\/types\/product"}],"replies":[{"embeddable":true,"href":"https:\/\/onderzoekschemicals.com\/pl\/wp-json\/wp\/v2\/comments?post=23509"}],"version-history":[{"count":5,"href":"https:\/\/onderzoekschemicals.com\/pl\/wp-json\/wp\/v2\/product\/23509\/revisions"}],"predecessor-version":[{"id":28028,"href":"https:\/\/onderzoekschemicals.com\/pl\/wp-json\/wp\/v2\/product\/23509\/revisions\/28028"}],"wp:featuredmedia":[{"embeddable":true,"href":"https:\/\/onderzoekschemicals.com\/pl\/wp-json\/wp\/v2\/media\/20399"}],"wp:attachment":[{"href":"https:\/\/onderzoekschemicals.com\/pl\/wp-json\/wp\/v2\/media?parent=23509"}],"wp:term":[{"taxonomy":"product_brand","embeddable":true,"href":"https:\/\/onderzoekschemicals.com\/pl\/wp-json\/wp\/v2\/product_brand?post=23509"},{"taxonomy":"product_cat","embeddable":true,"href":"https:\/\/onderzoekschemicals.com\/pl\/wp-json\/wp\/v2\/product_cat?post=23509"},{"taxonomy":"product_tag","embeddable":true,"href":"https:\/\/onderzoekschemicals.com\/pl\/wp-json\/wp\/v2\/product_tag?post=23509"}],"curies":[{"name":"wp","href":"https:\/\/api.w.org\/{rel}","templated":true}]}}