{"id":23430,"date":"2025-04-13T17:39:45","date_gmt":"2025-04-13T17:39:45","guid":{"rendered":"https:\/\/onderzoekschemicals.com\/?post_type=product&#038;p=23430"},"modified":"2025-11-28T10:47:46","modified_gmt":"2025-11-28T10:47:46","slug":"4-aco-mipt-fumarate","status":"publish","type":"product","link":"https:\/\/onderzoekschemicals.com\/pl\/shop\/4-aco-mipt\/4-aco-mipt-fumarate\/","title":{"rendered":"Fumaran 4-AcO-MiPT"},"content":{"rendered":"<h3><strong>Fumaran 4-AcO-MiPT \u2013 opis produktu, zastosowania, korzy\u015bci i wady oraz cz\u0119sto zadawane pytania<\/strong><\/h3>\n<h4><strong>\ud83d\udd2c Opis produktu<\/strong><\/h4>\n<p class=\"ds-markdown-paragraph\">Fumaran 4-AcO-MiPT (4-acetoksy-N-metylo-N-izopropylotryptaminy) to syntetyczna tryptamina spokrewniona z substancjami takimi jak psylocyna (4-HO-DMT) i 4-AcO-DMT. Jest to substancja chemiczna badana pod k\u0105tem jej unikalnych w\u0142a\u015bciwo\u015bci psychoaktywnych i potencjalnych zastosowa\u0144 w neuronauce.<\/p>\n<ul>\n<li>\n<p class=\"ds-markdown-paragraph\"><strong>Nazwa chemiczna:<\/strong>\u00a0fumaran 4-acetoksy-N-metylo-N-izopropylotryptaminy<\/p>\n<\/li>\n<li>\n<p class=\"ds-markdown-paragraph\"><strong>Wz\u00f3r sumaryczny:<\/strong>\u00a0C\u2081\u2087H\u2082\u2084N\u2082O\u2082 \u00b7 C\u2084H\u2084O\u2084<\/p>\n<\/li>\n<li>\n<p class=\"ds-markdown-paragraph\"><strong>Masa cz\u0105steczkowa:<\/strong>\u00a0388,43 g\/mol<\/p>\n<\/li>\n<li>\n<p class=\"ds-markdown-paragraph\"><strong>Wygl\u0105d:<\/strong>\u00a0Bia\u0142y do jasnobe\u017cowego krystaliczny proszek<\/p>\n<\/li>\n<li>\n<p class=\"ds-markdown-paragraph\"><strong>Czysto\u015b\u0107:<\/strong>\u00a0\u226598% (zweryfikowane metod\u0105 HPLC i GC\/MS)<\/p>\n<\/li>\n<li>\n<p class=\"ds-markdown-paragraph\"><strong>Rozpuszczalno\u015b\u0107:<\/strong>\u00a0Rozpuszczalny w wodzie, metanolu i etanolu<\/p>\n<\/li>\n<\/ul>\n<hr \/>\n<h3><strong>\ud83d\udca1 Scenariusze zastosowania fumaranu 4-AcO-MiPT<\/strong><\/h3>\n<p class=\"ds-markdown-paragraph\">Fumaran 4-AcO-MiPT jest\u00a0<strong>przeznaczone wy\u0142\u0105cznie do bada\u0144 naukowych<\/strong>\u00a0i nie nadaje si\u0119 do spo\u017cycia przez ludzi. Mo\u017cliwe zastosowania obejmuj\u0105:<\/p>\n<ol start=\"1\">\n<li>\n<p class=\"ds-markdown-paragraph\"><strong>Badania psychofarmakologiczne<\/strong>\u00a0\u2013 Badanie wp\u0142ywu serotoninergicznego (5-HT\u2082A) i zmian w percepcji.<\/p>\n<\/li>\n<li>\n<p class=\"ds-markdown-paragraph\"><strong>Analiza por\u00f3wnawcza<\/strong>\u00a0\u2013 Badania nad r\u00f3\u017cnicami pomi\u0119dzy pochodnymi tryptaminy (np. 4-AcO-DMT vs. 4-AcO-MiPT).<\/p>\n<\/li>\n<li>\n<p class=\"ds-markdown-paragraph\"><strong>Badania na zwierz\u0119tach (w kontrolowanych \u015brodowiskach)<\/strong>\u00a0\u2013 Obserwacja efekt\u00f3w behawioralnych i neurologicznych.<\/p>\n<\/li>\n<li>\n<p class=\"ds-markdown-paragraph\"><strong>Badania wi\u0105zania receptora<\/strong>\u00a0\u2013 Badania in vitro interakcji z serotonin\u0105 i innymi uk\u0142adami neuroprzeka\u017anikowymi.<\/p>\n<\/li>\n<\/ol>\n<hr \/>\n<h3><strong>\u26a0\ufe0f Wady i ryzyko<\/strong><\/h3>\n<ul>\n<li>\n<p class=\"ds-markdown-paragraph\"><strong>Efekty psychoaktywne<\/strong>\u00a0\u2013 Mo\u017ce wywo\u0142a\u0107 halucynacje, je\u015bli zostanie u\u017cyty nieprawid\u0142owo.<\/p>\n<\/li>\n<li>\n<p class=\"ds-markdown-paragraph\"><strong>Niekompletne dane dotycz\u0105ce toksyczno\u015bci<\/strong>\u00a0\u2013 D\u0142ugoterminowe bezpiecze\u0144stwo nie jest w pe\u0142ni znane.<\/p>\n<\/li>\n<li>\n<p class=\"ds-markdown-paragraph\"><strong>Wymagane precyzyjne dawkowanie<\/strong>\u00a0\u2013 Ju\u017c ma\u0142e dawki (5-15 mg) mog\u0105 dawa\u0107 silne efekty.<\/p>\n<\/li>\n<li>\n<p class=\"ds-markdown-paragraph\"><strong>Mo\u017cliwe skutki uboczne<\/strong>\u00a0\u2013 Niepok\u00f3j, dezorientacja, nudno\u015bci lub tachykardia.<\/p>\n<\/li>\n<li>\n<p class=\"ds-markdown-paragraph\"><strong>Status prawny<\/strong>\u00a0\u2013 W niekt\u00f3rych krajach podlega regulacjom (sprawd\u017a lokalne przepisy).<\/p>\n<\/li>\n<\/ul>\n<hr \/>\n<h3><strong>\ud83d\udcca Zalecana dawka (wy\u0142\u0105cznie do cel\u00f3w badawczych)<\/strong><\/h3>\n<div class=\"markdown-table-wrapper\">\n<table>\n<thead>\n<tr>\n<th>Aplikacja<\/th>\n<th>Dawka (mg)<\/th>\n<th>Rozpuszczalnik<\/th>\n<\/tr>\n<\/thead>\n<tbody>\n<tr>\n<td>Badania in vitro<\/td>\n<td>1-5<\/td>\n<td>Woda destylowana \/ etanol<\/td>\n<\/tr>\n<tr>\n<td>Testowanie na zwierz\u0119tach*<\/td>\n<td>0,1-0,3 mg\/kg<\/td>\n<td>Roztw\u00f3r soli fizjologicznej<\/td>\n<\/tr>\n<\/tbody>\n<\/table>\n<\/div>\n<p class=\"ds-markdown-paragraph\">*Zawsze przeprowadzane w ramach etycznie zatwierdzonych ram badawczych.<\/p>\n<hr \/>\n<h3><strong>\u2753 Najcz\u0119\u015bciej zadawane pytania (FAQ)<\/strong><\/h3>\n<p class=\"ds-markdown-paragraph\"><strong>1. Czy 4-AcO-MiPT jest legalny w Holandii?<\/strong><br \/>\nMo\u017ce podlega\u0107\u00a0<strong>Ustawa o opium<\/strong>, w zale\u017cno\u015bci od interpretacji. W celu dalszego zbadania sprawy nale\u017cy skonsultowa\u0107 si\u0119 z prawnikiem.<\/p>\n<p class=\"ds-markdown-paragraph\"><strong>2. Czym r\u00f3\u017cni si\u0119 od 4-AcO-DMT?<\/strong><br \/>\n4-AcO-MiPT zapewnia nieco \u0142agodniejsze, bardziej \u201elekkie\u201d doznania w por\u00f3wnaniu do 4-AcO-DMT, przy czym potencjalnie zapewnia wi\u0119ksz\u0105 popraw\u0119 wra\u017ce\u0144 sensorycznych.<\/p>\n<p class=\"ds-markdown-paragraph\"><strong>3. Jak nale\u017cy przechowywa\u0107?<\/strong><br \/>\nPrzechowywa\u0107 w\u00a0<strong>szczelny, ciemny pojemnik<\/strong>, w temperaturze poni\u017cej 25\u00b0C i chroni\u0107 przed wilgoci\u0105.<\/p>\n<p class=\"ds-markdown-paragraph\"><strong>4. Czy istniej\u0105 jakie\u015b niebezpieczne interakcje?<\/strong><br \/>\nTak, nale\u017cy unika\u0107 kombinacji z\u00a0<strong>inhibitory MAO, SSRI, stymulanty<\/strong>\u00a0i innych substancji serotoninergicznych (ryzyko paska serotoninowego).<\/p>\n<p class=\"ds-markdown-paragraph\"><strong>5. Czy dost\u0119pny jest raport laboratoryjny?<\/strong><br \/>\nTak, po zakupie\u00a0<strong>COA (Certyfikat Analizy)<\/strong>\u00a0zaopatrzone w dane HPLC i spektrometri\u0119 masow\u0105.<\/p>\n<hr \/>\n<h3><strong>\ud83d\udd0e Wniosek<\/strong><\/h3>\n<p class=\"ds-markdown-paragraph\">Fumaran 4-AcO-MiPT to intryguj\u0105cy zwi\u0105zek chemiczny b\u0119d\u0105cy przedmiotem bada\u0144, kt\u00f3ry ma potencja\u0142 do zastosowa\u0144 naukowych, jednak ze wzgl\u0119du na swoje w\u0142a\u015bciwo\u015bci psychoaktywne nale\u017cy go\u00a0<strong>tylko w kontrolowanych warunkach laboratoryjnych<\/strong>\u00a0s\u0105 u\u017cywane.<\/p>\n<p class=\"ds-markdown-paragraph\">\u26a0\ufe0f\u00a0<strong>Wa\u017cny:<\/strong>\u00a0Ten produkt jest\u00a0<strong>nie do spo\u017cycia przez ludzi<\/strong>\u00a0i nale\u017cy obchodzi\u0107 si\u0119 z nimi ostro\u017cnie.<\/p>","protected":false},"excerpt":{"rendered":"<h3>4-AcO-MiPT fumarate eigenschappen<\/h3>\n<p><strong>Synoniem:<\/strong> 4-acetoxy-N-methyl-N-isopropyltryptamine fumarate<br \/>\n<strong>CAS Nummer:<\/strong> 1024612-25-6<br \/>\n<strong>Formule:<\/strong> 3-[2-(methyl(isopropyl)amino)ethyl]-1H-indol-4-yl acetate fumarate<br \/>\n<strong>Molmassa:<\/strong> 390.4 g\/mol<br \/>\n<strong>Zuiverheid:<\/strong> &gt;97%<\/p>\n","protected":false},"featured_media":29233,"comment_status":"closed","ping_status":"closed","template":"","meta":[],"product_brand":[],"product_cat":[538,381],"product_tag":[1206,1207,326],"class_list":{"0":"post-23430","1":"product","2":"type-product","3":"status-publish","4":"has-post-thumbnail","6":"product_cat-4-aco-mipt","7":"product_cat-tryptamines","8":"product_tag-4-aco-mipt-fumarate","9":"product_tag-4-aco-mipt-fumarate-kopen","10":"product_tag-nl","12":"first","13":"instock","14":"taxable","15":"shipping-taxable","16":"purchasable","17":"product-type-variable"},"_links":{"self":[{"href":"https:\/\/onderzoekschemicals.com\/pl\/wp-json\/wp\/v2\/product\/23430","targetHints":{"allow":["GET"]}}],"collection":[{"href":"https:\/\/onderzoekschemicals.com\/pl\/wp-json\/wp\/v2\/product"}],"about":[{"href":"https:\/\/onderzoekschemicals.com\/pl\/wp-json\/wp\/v2\/types\/product"}],"replies":[{"embeddable":true,"href":"https:\/\/onderzoekschemicals.com\/pl\/wp-json\/wp\/v2\/comments?post=23430"}],"version-history":[{"count":4,"href":"https:\/\/onderzoekschemicals.com\/pl\/wp-json\/wp\/v2\/product\/23430\/revisions"}],"predecessor-version":[{"id":26538,"href":"https:\/\/onderzoekschemicals.com\/pl\/wp-json\/wp\/v2\/product\/23430\/revisions\/26538"}],"wp:featuredmedia":[{"embeddable":true,"href":"https:\/\/onderzoekschemicals.com\/pl\/wp-json\/wp\/v2\/media\/29233"}],"wp:attachment":[{"href":"https:\/\/onderzoekschemicals.com\/pl\/wp-json\/wp\/v2\/media?parent=23430"}],"wp:term":[{"taxonomy":"product_brand","embeddable":true,"href":"https:\/\/onderzoekschemicals.com\/pl\/wp-json\/wp\/v2\/product_brand?post=23430"},{"taxonomy":"product_cat","embeddable":true,"href":"https:\/\/onderzoekschemicals.com\/pl\/wp-json\/wp\/v2\/product_cat?post=23430"},{"taxonomy":"product_tag","embeddable":true,"href":"https:\/\/onderzoekschemicals.com\/pl\/wp-json\/wp\/v2\/product_tag?post=23430"}],"curies":[{"name":"wp","href":"https:\/\/api.w.org\/{rel}","templated":true}]}}