{"id":23186,"date":"2025-04-13T17:39:18","date_gmt":"2025-04-13T17:39:18","guid":{"rendered":"https:\/\/onderzoekschemicals.com\/?post_type=product&#038;p=23186"},"modified":"2025-11-28T21:02:34","modified_gmt":"2025-11-28T21:02:34","slug":"3mma-kopen","status":"publish","type":"product","link":"https:\/\/onderzoekschemicals.com\/pl\/shop\/3-mma\/3mma-kopen\/","title":{"rendered":"3-MMA (metafedryna)"},"content":{"rendered":"<h1><strong><span dir=\"auto\" style=\"vertical-align: inherit;\"><span dir=\"auto\" style=\"vertical-align: inherit;\">Kup 3mma (3-metylometamfetamin\u0119)\u00a0<\/span><\/span><\/strong><\/h1>\n<p data-start=\"735\" data-end=\"1150\"><strong data-start=\"735\" data-end=\"744\">3-MMA<\/strong>, w ca\u0142o\u015bci <strong data-start=\"753\" data-end=\"779\">3-metylometamfetamina<\/strong> (znany r\u00f3wnie\u017c jako <strong data-start=\"796\" data-end=\"812\">Metafedryna<\/strong>), jest <strong data-start=\"822\" data-end=\"862\">syntetyczny zwi\u0105zek stymuluj\u0105cy<\/strong> z <strong data-start=\"870\" data-end=\"906\">podstawiona klasa amfetaminy<\/strong>. <span class=\"___SBox_epc1q-ko_ ___SText_zko9t-ko_\" data-ui-name=\"Link.Text\">Kup 3 MM<\/span><br data-start=\"907\" data-end=\"910\" \/>Jest chemicznie spokrewniony z <strong data-start=\"938\" data-end=\"956\">metamfetamina<\/strong>, ale r\u00f3\u017cni si\u0119 tym, <strong data-start=\"981\" data-end=\"1012\">grupa metylowa w pozycji 3<\/strong> pier\u015bcienia aromatycznego. Ta niewielka zmiana strukturalna wp\u0142ywa na <strong data-start=\"1088\" data-end=\"1107\">wi\u0105zanie receptora<\/strong>, <strong data-start=\"1109\" data-end=\"1124\">metabolizm<\/strong> I <strong data-start=\"1128\" data-end=\"1147\">skuteczno\u015b\u0107<\/strong>.<\/p>\n<p data-start=\"1152\" data-end=\"1521\">Chocia\u017c 3-MMA wykryto w <strong data-start=\"1184\" data-end=\"1223\">analizy toksykologiczne kryminalistyczne<\/strong> I <strong data-start=\"1227\" data-end=\"1280\">badania nad nowymi substancjami psychoaktywnymi (NPS)<\/strong>, ma to <strong data-start=\"1292\" data-end=\"1338\">brak zastosowania medycznego lub terapeutycznego<\/strong>.<br data-start=\"1339\" data-end=\"1342\" \/>Jest to badane tylko w <strong data-start=\"1378\" data-end=\"1434\">konteksty akademickie, kryminalistyczne i toksykologiczne<\/strong> Do <strong data-start=\"1438\" data-end=\"1480\">zale\u017cno\u015bci struktura-aktywno\u015b\u0107 (SAR)<\/strong> w analogach amfetaminy.<\/p>\n<hr data-start=\"1523\" data-end=\"1526\" \/>\n<h2 data-start=\"1528\" data-end=\"1575\"><strong data-start=\"1531\" data-end=\"1575\">T\u0142o chemiczne i farmakologiczne<\/strong><\/h2>\n<p data-start=\"1577\" data-end=\"1814\">3-MMA nale\u017cy do <strong data-start=\"1598\" data-end=\"1637\">rodzina fenetyloamin i amfetamin<\/strong>, grupa zwi\u0105zk\u00f3w dzia\u0142aj\u0105cych jako <strong data-start=\"1670\" data-end=\"1702\">po\u015brednie sympatykomimetyki<\/strong> pracy \u2014 zwi\u0119kszaj\u0105 aktywno\u015b\u0107 <strong data-start=\"1742\" data-end=\"1754\">dopamina<\/strong>, <strong data-start=\"1756\" data-end=\"1773\">noradrenalina<\/strong> I <strong data-start=\"1777\" data-end=\"1791\">serotonin<\/strong> w uk\u0142adzie nerwowym.<\/p>\n<p data-start=\"1816\" data-end=\"1841\"><strong data-start=\"1816\" data-end=\"1841\">Informacje chemiczne:<\/strong><\/p>\n<ul data-start=\"1842\" data-end=\"2258\">\n<li data-start=\"1842\" data-end=\"1888\">\n<p data-start=\"1844\" data-end=\"1888\"><strong data-start=\"1844\" data-end=\"1863\">Pe\u0142ne imi\u0119 i nazwisko:<\/strong> 3-metylometamfetamina<\/p>\n<\/li>\n<li data-start=\"1889\" data-end=\"1957\">\n<p data-start=\"1891\" data-end=\"1957\"><strong data-start=\"1891\" data-end=\"1906\">Synonimy:<\/strong> Metafedryna, 3-metylo-N,\u03b1-dimetylofenetyloamina<\/p>\n<\/li>\n<li data-start=\"1958\" data-end=\"2016\">\n<p data-start=\"1960\" data-end=\"2016\"><strong data-start=\"1960\" data-end=\"1975\">Nazwa IUPAC:<\/strong> N,\u03b1-dimetylo-3-metylobenzenotanamina<\/p>\n<\/li>\n<li data-start=\"2017\" data-end=\"2049\">\n<p data-start=\"2019\" data-end=\"2049\"><strong data-start=\"2019\" data-end=\"2039\">Wz\u00f3r sumaryczny:<\/strong> C11H17N<\/p>\n<\/li>\n<li data-start=\"2050\" data-end=\"2086\">\n<p data-start=\"2052\" data-end=\"2086\"><strong data-start=\"2052\" data-end=\"2070\">Masa cz\u0105steczkowa:<\/strong> \u00b1163,26 g\/mol<\/p>\n<\/li>\n<li data-start=\"2087\" data-end=\"2140\">\n<p data-start=\"2089\" data-end=\"2140\"><strong data-start=\"2089\" data-end=\"2110\">Klasa chemiczna:<\/strong> Podstawione amfetaminy<\/p>\n<\/li>\n<li data-start=\"2141\" data-end=\"2258\">\n<p data-start=\"2143\" data-end=\"2258\"><strong data-start=\"2143\" data-end=\"2171\">Dzia\u0142anie farmakologiczne:<\/strong> Po\u015bredni uwalniacz monoamin; dzia\u0142a na transportery dopaminy i noradrenaliny<\/p>\n<\/li>\n<\/ul>\n<p data-start=\"2260\" data-end=\"2479\">Ten <strong data-start=\"2263\" data-end=\"2315\">substytucja metylowa w pozycji meta (pozycja 3)<\/strong> odr\u00f3\u017cnia 3-MMA od <strong data-start=\"2339\" data-end=\"2357\">metamfetamina<\/strong>, <strong data-start=\"2359\" data-end=\"2373\">amfetamina<\/strong> I <strong data-start=\"2377\" data-end=\"2386\">4-MMA<\/strong>, kt\u00f3ry wp\u0142ywa na <strong data-start=\"2412\" data-end=\"2444\">selektywno\u015b\u0107 neurochemiczna<\/strong> I <strong data-start=\"2448\" data-end=\"2478\">w\u0142a\u015bciwo\u015bci stymuluj\u0105ce<\/strong>. <span class=\"___SBox_epc1q-ko_ ___SText_zko9t-ko_\" data-ui-name=\"Link.Text\">Kup 3 MM<\/span><\/p>\n<hr data-start=\"2481\" data-end=\"2484\" \/>\n<h2 data-start=\"2486\" data-end=\"2553\"><strong data-start=\"2489\" data-end=\"2553\">Kluczowe cechy 3-MMA (dla kontekst\u00f3w badawczych)<\/strong><\/h2>\n<ul data-start=\"2555\" data-end=\"3012\">\n<li data-start=\"2555\" data-end=\"2633\">\n<p data-start=\"2557\" data-end=\"2633\"><strong data-start=\"2557\" data-end=\"2582\">Analog strukturalny:<\/strong> Blisko spokrewniony z metamfetamin\u0105, 4-MMA i 2-MMA.<\/p>\n<\/li>\n<li data-start=\"2634\" data-end=\"2745\">\n<p data-start=\"2636\" data-end=\"2745\"><strong data-start=\"2636\" data-end=\"2663\">Znaczenie kryminalistyczne:<\/strong> Zidentyfikowano w pr\u00f3bkach w trakcie bada\u0144 NPS i analiz organ\u00f3w \u015bcigania.<\/p>\n<\/li>\n<li data-start=\"2746\" data-end=\"2869\">\n<p data-start=\"2748\" data-end=\"2869\"><strong data-start=\"2748\" data-end=\"2771\">Znaczenie analityczne:<\/strong> U\u017cywany jako <strong data-start=\"2791\" data-end=\"2814\">standard odniesienia<\/strong> w walidacji chromatograficznej i spektrometrycznej.<\/p>\n<\/li>\n<li data-start=\"2870\" data-end=\"3012\">\n<p data-start=\"2872\" data-end=\"3012\"><strong data-start=\"2872\" data-end=\"2899\">Warto\u015b\u0107 farmakologiczna:<\/strong> Pomaga naukowcom zrozumie\u0107, jak ma\u0142e zmiany strukturalne wp\u0142ywaj\u0105 <strong data-start=\"2970\" data-end=\"2997\">aktywno\u015b\u0107 monoaminergiczna<\/strong> wp\u0142ywa\u0107.<\/p>\n<\/li>\n<\/ul>\n<hr data-start=\"3014\" data-end=\"3017\" \/>\n<h2 data-start=\"3019\" data-end=\"3046\"><strong data-start=\"3022\" data-end=\"3046\">Cele badawcze<\/strong><\/h2>\n<p data-start=\"3048\" data-end=\"3212\">3-MMA jest badana g\u0142\u00f3wnie w <strong data-start=\"3087\" data-end=\"3132\">laboratoria kryminalistyczne i toksykologiczne<\/strong> w kontrolowanych warunkach. G\u0142\u00f3wne obszary zastosowa\u0144 to:<\/p>\n<ol data-start=\"3214\" data-end=\"3961\">\n<li data-start=\"3214\" data-end=\"3444\">\n<p data-start=\"3217\" data-end=\"3242\"><strong data-start=\"3217\" data-end=\"3240\">Chemia analityczna:<\/strong><\/p>\n<ul data-start=\"3246\" data-end=\"3444\">\n<li data-start=\"3246\" data-end=\"3373\">\n<p data-start=\"3248\" data-end=\"3373\">Rozw\u00f3j i walidacja <strong data-start=\"3278\" data-end=\"3287\">LC-MS<\/strong>, <strong data-start=\"3289\" data-end=\"3298\">GC-MS<\/strong> I <strong data-start=\"3302\" data-end=\"3310\">FTIR<\/strong>- metody identyfikacji podstawionych amfetamin.<\/p>\n<\/li>\n<li data-start=\"3377\" data-end=\"3444\">\n<p data-start=\"3379\" data-end=\"3444\">Rozr\u00f3\u017cniaj izomery strukturalne (takie jak 3-MMA i 4-MMA).<\/p>\n<\/li>\n<\/ul>\n<\/li>\n<li data-start=\"3446\" data-end=\"3654\">\n<p data-start=\"3449\" data-end=\"3479\"><strong data-start=\"3449\" data-end=\"3477\">Toksykologia s\u0105dowa:<\/strong><\/p>\n<ul data-start=\"3483\" data-end=\"3654\">\n<li data-start=\"3483\" data-end=\"3568\">\n<p data-start=\"3485\" data-end=\"3568\">Wykrywanie i kwantyfikacja 3-MMA w pr\u00f3bkach biologicznych lub skonfiskowanych.<\/p>\n<\/li>\n<li data-start=\"3572\" data-end=\"3654\">\n<p data-start=\"3574\" data-end=\"3654\">Cz\u0119\u015b\u0107 <strong data-start=\"3588\" data-end=\"3651\">systemy monitorowania nowych substancji psychoaktywnych (NPS)<\/strong>.<\/p>\n<\/li>\n<\/ul>\n<\/li>\n<li data-start=\"3656\" data-end=\"3797\">\n<p data-start=\"3659\" data-end=\"3690\"><strong data-start=\"3659\" data-end=\"3688\">Badania farmakologiczne:<\/strong><\/p>\n<ul data-start=\"3694\" data-end=\"3797\">\n<li data-start=\"3694\" data-end=\"3797\">\n<p data-start=\"3696\" data-end=\"3797\">Badanie <strong data-start=\"3707\" data-end=\"3738\">hamowanie transportera monoamin<\/strong> I <strong data-start=\"3742\" data-end=\"3768\">dzia\u0142alno\u015b\u0107 wyzwalaj\u0105ca<\/strong> stymulant\u00f3w.<\/p>\n<\/li>\n<\/ul>\n<\/li>\n<li data-start=\"3799\" data-end=\"3961\">\n<p data-start=\"3802\" data-end=\"3834\"><strong data-start=\"3802\" data-end=\"3832\">Badania zdrowia publicznego:<\/strong><\/p>\n<ul data-start=\"3838\" data-end=\"3961\">\n<li data-start=\"3838\" data-end=\"3961\">\n<p data-start=\"3840\" data-end=\"3961\">Monitorowanie trend\u00f3w w <strong data-start=\"3865\" data-end=\"3903\">syntetyczne stymulanty<\/strong> w celu wsparcia ostrze\u017ce\u0144 dotycz\u0105cych zdrowia publicznego.<\/p>\n<\/li>\n<\/ul>\n<\/li>\n<\/ol>\n<hr data-start=\"3963\" data-end=\"3966\" \/>\n<h2 data-start=\"3968\" data-end=\"4012\"><strong data-start=\"3971\" data-end=\"4012\">Bezpiecze\u0144stwo i kwestie prawne<\/strong><\/h2>\n<h3 data-start=\"4014\" data-end=\"4032\"><strong data-start=\"4018\" data-end=\"4032\">Bezpiecze\u0144stwo<\/strong><\/h3>\n<p data-start=\"4034\" data-end=\"4256\">3-MMA mo\u017ce by\u0107 stosowany wy\u0142\u0105cznie przez <strong data-start=\"4079\" data-end=\"4111\">wykwalifikowani badacze<\/strong> W <strong data-start=\"4115\" data-end=\"4139\">licencjonowane laboratoria<\/strong>.<br data-start=\"4140\" data-end=\"4143\" \/>Z powodu <strong data-start=\"4154\" data-end=\"4171\">wysoki potencja\u0142<\/strong> I <strong data-start=\"4175\" data-end=\"4211\">ograniczone dane toksykologiczne<\/strong> wymagane s\u0105 surowe \u015brodki bezpiecze\u0144stwa.<\/p>\n<p data-start=\"4258\" data-end=\"4296\"><strong data-start=\"4258\" data-end=\"4296\">Zalecane \u015brodki bezpiecze\u0144stwa w laboratorium:<\/strong><\/p>\n<ul data-start=\"4297\" data-end=\"4600\">\n<li data-start=\"4297\" data-end=\"4395\">\n<p data-start=\"4299\" data-end=\"4395\">Zawsze u\u017cywaj <strong data-start=\"4314\" data-end=\"4357\">\u015brodki ochrony osobistej (PPE)<\/strong> takie jak r\u0119kawiczki, okulary ochronne i fartuch laboratoryjny.<\/p>\n<\/li>\n<li data-start=\"4396\" data-end=\"4455\">\n<p data-start=\"4398\" data-end=\"4455\">Pracuj pod <strong data-start=\"4413\" data-end=\"4426\">okap kuchenny<\/strong> aby unikn\u0105\u0107 wdychania.<\/p>\n<\/li>\n<li data-start=\"4456\" data-end=\"4517\">\n<p data-start=\"4458\" data-end=\"4517\">Zapisz w <strong data-start=\"4468\" data-end=\"4514\">wyra\u017anie oznakowane, zamkni\u0119te pojemniki<\/strong>.<\/p>\n<\/li>\n<li data-start=\"4518\" data-end=\"4600\">\n<p data-start=\"4520\" data-end=\"4600\">Utylizuj odpady zgodnie z <strong data-start=\"4545\" data-end=\"4597\">przepisy dotycz\u0105ce niebezpiecznych materia\u0142\u00f3w chemicznych<\/strong>.<\/p>\n<\/li>\n<\/ul>\n<h3 data-start=\"4602\" data-end=\"4627\"><strong data-start=\"4606\" data-end=\"4627\">Status prawny<\/strong><\/h3>\n<p data-start=\"4629\" data-end=\"4722\">Z <strong data-start=\"4635\" data-end=\"4643\">2025<\/strong> Jest <strong data-start=\"4647\" data-end=\"4671\">3-MMA (metafedryna)<\/strong> w wi\u0119kszo\u015bci kraj\u00f3w <strong data-start=\"4692\" data-end=\"4719\">regulowane lub zakazane<\/strong>:<\/p>\n<ul data-start=\"4723\" data-end=\"4996\">\n<li data-start=\"4723\" data-end=\"4797\">\n<p data-start=\"4725\" data-end=\"4797\"><strong data-start=\"4725\" data-end=\"4749\">Zjednoczone Kr\u00f3lestwo:<\/strong> Sprawdzono pod <em data-start=\"4773\" data-end=\"4794\">Ustawa o nadu\u017cywaniu narkotyk\u00f3w<\/em>.<\/p>\n<\/li>\n<li data-start=\"4798\" data-end=\"4882\">\n<p data-start=\"4800\" data-end=\"4882\"><strong data-start=\"4800\" data-end=\"4818\">Unia Europejska:<\/strong> Wpada pod <strong data-start=\"4833\" data-end=\"4879\">Regulacja NPS dla substancji psychoaktywnych<\/strong>.<\/p>\n<\/li>\n<li data-start=\"4883\" data-end=\"4996\">\n<p data-start=\"4885\" data-end=\"4996\"><strong data-start=\"4885\" data-end=\"4906\">Stany Zjednoczone:<\/strong> Uwa\u017cany za <strong data-start=\"4931\" data-end=\"4961\">analog metamfetaminy<\/strong> pod <em data-start=\"4971\" data-end=\"4993\">Federalna ustawa analogowa<\/em>.<\/p>\n<\/li>\n<\/ul>\n<p data-start=\"4998\" data-end=\"5105\">Tylko <strong data-start=\"5005\" data-end=\"5029\">licencjonowane laboratoria<\/strong> za oficjalnym pozwoleniem mo\u017cna posiada\u0107 lub stosowa\u0107 3-MMA w celach badawczych.<\/p>\n<hr data-start=\"5107\" data-end=\"5110\" \/>\n<h2 data-start=\"5112\" data-end=\"5156\"><strong data-start=\"5115\" data-end=\"5156\">Analityczna identyfikacja i wykrywanie<\/strong><\/h2>\n<p data-start=\"5158\" data-end=\"5277\">W chemii kryminalistycznej i analitycznej 3-MMA identyfikuje si\u0119 za pomoc\u0105 r\u00f3\u017cnych technik instrumentalnych:<\/p>\n<ul data-start=\"5279\" data-end=\"5492\">\n<li data-start=\"5279\" data-end=\"5331\">\n<p data-start=\"5281\" data-end=\"5331\"><strong data-start=\"5281\" data-end=\"5329\">Chromatografia gazowa ze spektrometri\u0105 mas (GC-MS)<\/strong><\/p>\n<\/li>\n<li data-start=\"5332\" data-end=\"5390\">\n<p data-start=\"5334\" data-end=\"5390\"><strong data-start=\"5334\" data-end=\"5388\">Chromatografia cieczowa ze spektrometri\u0105 mas (LC-MS)<\/strong><\/p>\n<\/li>\n<li data-start=\"5391\" data-end=\"5446\">\n<p data-start=\"5393\" data-end=\"5446\"><strong data-start=\"5393\" data-end=\"5444\">Spektroskopia w podczerwieni z transformacj\u0105 Fouriera (FTIR)<\/strong><\/p>\n<\/li>\n<li data-start=\"5447\" data-end=\"5492\">\n<p data-start=\"5449\" data-end=\"5492\"><strong data-start=\"5449\" data-end=\"5490\">Spektroskopia j\u0105drowego rezonansu magnetycznego (NMR)<\/strong><\/p>\n<\/li>\n<\/ul>\n<p data-start=\"5494\" data-end=\"5632\">Te metody sprawiaj\u0105, \u017ce <strong data-start=\"5514\" data-end=\"5576\">dok\u0142adna identyfikacja, r\u00f3\u017cnicowanie i kwantyfikacja<\/strong> prawdopodobnie z 3-MMA i pokrewnych analog\u00f3w amfetaminy.<\/p>\n<hr data-start=\"5634\" data-end=\"5637\" \/>\n<h2 data-start=\"5639\" data-end=\"5673\"><strong data-start=\"5642\" data-end=\"5673\">Cz\u0119sto zadawane pytania (FAQ)<\/strong><\/h2>\n<h3 data-start=\"5675\" data-end=\"5718\"><strong data-start=\"5679\" data-end=\"5718\">1. Jakie zastosowanie ma 3-MMA?<\/strong><\/h3>\n<p data-start=\"5719\" data-end=\"5870\">3-MMA jest stosowany wy\u0142\u0105cznie w <strong data-start=\"5755\" data-end=\"5797\">badania kryminalistyczne i farmakologiczne<\/strong> badanie analog\u00f3w amfetaminy i opracowanie metod wykrywania.<\/p>\n<h3 data-start=\"5872\" data-end=\"5899\"><strong data-start=\"5876\" data-end=\"5899\">2. Czy 3-MMA jest legalne?<\/strong><\/h3>\n<p data-start=\"5900\" data-end=\"6015\">W wi\u0119kszo\u015bci kraj\u00f3w 3-MMA jest <strong data-start=\"5929\" data-end=\"5956\">zabronione lub regulowane<\/strong> na podstawie przepis\u00f3w o substancjach psychoaktywnych lub ich analogach.<\/p>\n<h3 data-start=\"6017\" data-end=\"6068\"><strong data-start=\"6021\" data-end=\"6068\">3. Jak nale\u017cy bezpiecznie obchodzi\u0107 si\u0119 z 3-MMA?<\/strong><\/h3>\n<p data-start=\"6069\" data-end=\"6201\">Tylko przez <strong data-start=\"6081\" data-end=\"6111\">zawodowi badacze<\/strong> z prawem <strong data-start=\"6126\" data-end=\"6152\">\u015brodki bezpiecze\u0144stwa<\/strong> i w <strong data-start=\"6159\" data-end=\"6200\">kontrolowane \u015brodowiska laboratoryjne<\/strong>.<\/p>","protected":false},"excerpt":{"rendered":"<h3><span style=\"vertical-align: inherit;\"><span style=\"vertical-align: inherit;\"><span dir=\"auto\" style=\"vertical-align: inherit;\"><span dir=\"auto\" style=\"vertical-align: inherit;\">W\u0142a\u015bciwo\u015bci 3-MMA<\/span><\/span><\/span><\/span><\/h3>\n<p><strong><span style=\"vertical-align: inherit;\"><span style=\"vertical-align: inherit;\"><span dir=\"auto\" style=\"vertical-align: inherit;\"><span dir=\"auto\" style=\"vertical-align: inherit;\">Synonim<\/span><\/span><\/span><\/span><\/strong><span style=\"vertical-align: inherit;\"><span style=\"vertical-align: inherit;\"><span dir=\"auto\" style=\"vertical-align: inherit;\"><span dir=\"auto\" style=\"vertical-align: inherit;\"> : 3-metylometamfetamina <\/span><\/span><\/span><\/span><br \/>\n<strong><span style=\"vertical-align: inherit;\"><span style=\"vertical-align: inherit;\"><span dir=\"auto\" style=\"vertical-align: inherit;\"><span dir=\"auto\" style=\"vertical-align: inherit;\">CAS <\/span><\/span><\/span><\/span><\/strong> <strong><span style=\"vertical-align: inherit;\"><span style=\"vertical-align: inherit;\"><span dir=\"auto\" style=\"vertical-align: inherit;\"><span dir=\"auto\" style=\"vertical-align: inherit;\">Numer<\/span><\/span><\/span><\/span><\/strong><span style=\"vertical-align: inherit;\"><span style=\"vertical-align: inherit;\"><span dir=\"auto\" style=\"vertical-align: inherit;\"><span dir=\"auto\" style=\"vertical-align: inherit;\"> : 2089255-96-7 <\/span><\/span><\/span><\/span><br \/>\n<strong><span style=\"vertical-align: inherit;\"><span style=\"vertical-align: inherit;\"><span dir=\"auto\" style=\"vertical-align: inherit;\"><span dir=\"auto\" style=\"vertical-align: inherit;\">Formu\u0142a<\/span><\/span><\/span><\/span><\/strong><span style=\"vertical-align: inherit;\"><span style=\"vertical-align: inherit;\"><span dir=\"auto\" style=\"vertical-align: inherit;\"><span dir=\"auto\" style=\"vertical-align: inherit;\"> : <\/span><\/span><\/span><\/span><span title=\"W\u0119giel\"><span style=\"vertical-align: inherit;\"><span style=\"vertical-align: inherit;\"><span dir=\"auto\" style=\"vertical-align: inherit;\"><span dir=\"auto\" style=\"vertical-align: inherit;\">C <\/span><\/span><\/span><\/span><\/span><sub><span style=\"vertical-align: inherit;\"><span style=\"vertical-align: inherit;\"><span dir=\"auto\" style=\"vertical-align: inherit;\"><span dir=\"auto\" style=\"vertical-align: inherit;\">11 <\/span><\/span><\/span><\/span><\/sub><span title=\"Wod\u00f3r\"><span style=\"vertical-align: inherit;\"><span style=\"vertical-align: inherit;\"><span dir=\"auto\" style=\"vertical-align: inherit;\"><span dir=\"auto\" style=\"vertical-align: inherit;\">H <\/span><\/span><\/span><\/span><\/span><sub><span style=\"vertical-align: inherit;\"><span style=\"vertical-align: inherit;\"><span dir=\"auto\" style=\"vertical-align: inherit;\"><span dir=\"auto\" style=\"vertical-align: inherit;\">17 <\/span><\/span><\/span><\/span><\/sub><span title=\"Azot\"><span style=\"vertical-align: inherit;\"><span style=\"vertical-align: inherit;\"><span dir=\"auto\" style=\"vertical-align: inherit;\"><span dir=\"auto\" style=\"vertical-align: inherit;\">N <\/span><\/span><\/span><\/span><\/span><br \/>\n<strong><span style=\"vertical-align: inherit;\"><span style=\"vertical-align: inherit;\"><span dir=\"auto\" style=\"vertical-align: inherit;\"><span dir=\"auto\" style=\"vertical-align: inherit;\">Masa molowa<\/span><\/span><\/span><\/span><\/strong><span style=\"vertical-align: inherit;\"><span style=\"vertical-align: inherit;\"><span dir=\"auto\" style=\"vertical-align: inherit;\"><span dir=\"auto\" style=\"vertical-align: inherit;\"> : 163,264 g\/mol <\/span><\/span><\/span><\/span><br \/>\n<strong><span style=\"vertical-align: inherit;\"><span style=\"vertical-align: inherit;\"><span dir=\"auto\" style=\"vertical-align: inherit;\"><span dir=\"auto\" style=\"vertical-align: inherit;\">Czysto\u015b\u0107<\/span><\/span><\/span><\/span><\/strong><span style=\"vertical-align: inherit;\"><span style=\"vertical-align: inherit;\"><span dir=\"auto\" style=\"vertical-align: inherit;\"><span dir=\"auto\" style=\"vertical-align: inherit;\"> : &gt;98%<\/span><\/span><\/span><\/span><\/p>","protected":false},"featured_media":29226,"comment_status":"closed","ping_status":"closed","template":"","meta":[],"product_brand":[82],"product_cat":[519,322,333],"product_tag":[1193,616,593,326],"class_list":{"0":"post-23186","1":"product","2":"type-product","3":"status-publish","4":"has-post-thumbnail","6":"product_brand-research-chemical","7":"product_cat-3-mma","8":"product_cat-bijna-verboden","9":"product_cat-gefluoreerden","10":"product_tag-3-mma","11":"product_tag-3-mma-kopen","12":"product_tag-3mma-kopen","13":"product_tag-nl","15":"first","16":"instock","17":"taxable","18":"shipping-taxable","19":"purchasable","20":"product-type-variable"},"_links":{"self":[{"href":"https:\/\/onderzoekschemicals.com\/pl\/wp-json\/wp\/v2\/product\/23186","targetHints":{"allow":["GET"]}}],"collection":[{"href":"https:\/\/onderzoekschemicals.com\/pl\/wp-json\/wp\/v2\/product"}],"about":[{"href":"https:\/\/onderzoekschemicals.com\/pl\/wp-json\/wp\/v2\/types\/product"}],"replies":[{"embeddable":true,"href":"https:\/\/onderzoekschemicals.com\/pl\/wp-json\/wp\/v2\/comments?post=23186"}],"version-history":[{"count":5,"href":"https:\/\/onderzoekschemicals.com\/pl\/wp-json\/wp\/v2\/product\/23186\/revisions"}],"predecessor-version":[{"id":28058,"href":"https:\/\/onderzoekschemicals.com\/pl\/wp-json\/wp\/v2\/product\/23186\/revisions\/28058"}],"wp:featuredmedia":[{"embeddable":true,"href":"https:\/\/onderzoekschemicals.com\/pl\/wp-json\/wp\/v2\/media\/29226"}],"wp:attachment":[{"href":"https:\/\/onderzoekschemicals.com\/pl\/wp-json\/wp\/v2\/media?parent=23186"}],"wp:term":[{"taxonomy":"product_brand","embeddable":true,"href":"https:\/\/onderzoekschemicals.com\/pl\/wp-json\/wp\/v2\/product_brand?post=23186"},{"taxonomy":"product_cat","embeddable":true,"href":"https:\/\/onderzoekschemicals.com\/pl\/wp-json\/wp\/v2\/product_cat?post=23186"},{"taxonomy":"product_tag","embeddable":true,"href":"https:\/\/onderzoekschemicals.com\/pl\/wp-json\/wp\/v2\/product_tag?post=23186"}],"curies":[{"name":"wp","href":"https:\/\/api.w.org\/{rel}","templated":true}]}}