{"id":23166,"date":"2025-04-13T17:39:15","date_gmt":"2025-04-13T17:39:15","guid":{"rendered":"https:\/\/onderzoekschemicals.com\/?post_type=product&#038;p=23166"},"modified":"2025-11-28T21:04:29","modified_gmt":"2025-11-28T21:04:29","slug":"a-php","status":"publish","type":"product","link":"https:\/\/onderzoekschemicals.com\/pl\/shop\/verboden\/a-php\/","title":{"rendered":"Alfa-PHP (a-PHP)"},"content":{"rendered":"<h1><strong><span dir=\"auto\" style=\"vertical-align: inherit;\"><span dir=\"auto\" style=\"vertical-align: inherit;\"><span dir=\"auto\" style=\"vertical-align: inherit;\"><span dir=\"auto\" style=\"vertical-align: inherit;\">A PHP (\u03b1-PHP) \u2013 substancja chemiczna badawcza, pochodne katynonu<\/span><\/span><\/span><\/span><\/strong><\/h1>\n<p data-start=\"7342\" data-end=\"7650\"><strong data-start=\"7342\" data-end=\"7355\"><span dir=\"auto\" style=\"vertical-align: inherit;\"><span dir=\"auto\" style=\"vertical-align: inherit;\">Alpha-PHP<\/span><\/span><\/strong><span dir=\"auto\" style=\"vertical-align: inherit;\"><span dir=\"auto\" style=\"vertical-align: inherit;\"> , Lub <\/span><\/span><strong data-start=\"7360\" data-end=\"7390\"><span dir=\"auto\" style=\"vertical-align: inherit;\"><span dir=\"auto\" style=\"vertical-align: inherit;\">\u03b1-Pyrolidinoheksanofenon<\/span><\/span><\/strong><span dir=\"auto\" style=\"vertical-align: inherit;\"><span dir=\"auto\" style=\"vertical-align: inherit;\"> , jest <\/span><\/span><strong data-start=\"7399\" data-end=\"7433\"><span dir=\"auto\" style=\"vertical-align: inherit;\"><span dir=\"auto\" style=\"vertical-align: inherit;\">syntetyczny stymulant<\/span><\/span><\/strong><span dir=\"auto\" style=\"vertical-align: inherit;\"><span dir=\"auto\" style=\"vertical-align: inherit;\"> z <\/span><\/span><strong data-start=\"7441\" data-end=\"7467\"><span dir=\"auto\" style=\"vertical-align: inherit;\"><span dir=\"auto\" style=\"vertical-align: inherit;\">pyrrolidinophenone class<\/span><\/span><\/strong><span dir=\"auto\" style=\"vertical-align: inherit;\"><span dir=\"auto\" style=\"vertical-align: inherit;\"> , zwi\u0105zane z <\/span><\/span><strong data-start=\"7481\" data-end=\"7494\"><span dir=\"auto\" style=\"vertical-align: inherit;\"><span dir=\"auto\" style=\"vertical-align: inherit;\">alfa-PVP<\/span><\/span><\/strong><span dir=\"auto\" style=\"vertical-align: inherit;\"><span dir=\"auto\" style=\"vertical-align: inherit;\"> . <\/span><\/span><br data-start=\"7495\" data-end=\"7498\" \/><span dir=\"auto\" style=\"vertical-align: inherit;\"><span dir=\"auto\" style=\"vertical-align: inherit;\">Jest badany w <\/span><\/span><strong data-start=\"7522\" data-end=\"7549\"><span dir=\"auto\" style=\"vertical-align: inherit;\"><span dir=\"auto\" style=\"vertical-align: inherit;\">forensic toxicology<\/span><\/span><\/strong><span dir=\"auto\" style=\"vertical-align: inherit;\"><span dir=\"auto\" style=\"vertical-align: inherit;\"> I <\/span><\/span><strong data-start=\"7553\" data-end=\"7575\"><span dir=\"auto\" style=\"vertical-align: inherit;\"><span dir=\"auto\" style=\"vertical-align: inherit;\">analytical chemistry<\/span><\/span><\/strong><span dir=\"auto\" style=\"vertical-align: inherit;\"><span dir=\"auto\" style=\"vertical-align: inherit;\"> w ramach badania <\/span><\/span><strong data-start=\"7609\" data-end=\"7647\"><span dir=\"auto\" style=\"vertical-align: inherit;\"><span dir=\"auto\" style=\"vertical-align: inherit;\">nowe substancje psychoaktywne (NPS)<\/span><\/span><\/strong><span dir=\"auto\" style=\"vertical-align: inherit;\"><span dir=\"auto\" style=\"vertical-align: inherit;\"> .<\/span><\/span><span class=\"___SBox_epc1q-ko_ ___SText_zko9t-ko_\" data-ui-name=\"Link.Text\"><span dir=\"auto\" style=\"vertical-align: inherit;\"><span dir=\"auto\" style=\"vertical-align: inherit;\"> alfa php<\/span><\/span><\/span><\/p>\n<p data-start=\"7652\" data-end=\"7760\"><span dir=\"auto\" style=\"vertical-align: inherit;\"><span dir=\"auto\" style=\"vertical-align: inherit;\">Alpha-PHP has <\/span><\/span><strong data-start=\"7668\" data-end=\"7696\"><span dir=\"auto\" style=\"vertical-align: inherit;\"><span dir=\"auto\" style=\"vertical-align: inherit;\">no medical use and is classified as <\/span><\/span><\/strong><strong data-start=\"7726\" data-end=\"7759\"><span dir=\"auto\" style=\"vertical-align: inherit;\"><span dir=\"auto\" style=\"vertical-align: inherit;\">a controlled substance<\/span><\/span><\/strong><span dir=\"auto\" style=\"vertical-align: inherit;\"><span dir=\"auto\" style=\"vertical-align: inherit;\"> w wielu krajach <\/span><span dir=\"auto\" style=\"vertical-align: inherit;\">.<\/span><\/span><\/p>\n<hr data-start=\"7762\" data-end=\"7765\" \/>\n<h2 data-start=\"7767\" data-end=\"7814\"><strong data-start=\"7770\" data-end=\"7814\"><span dir=\"auto\" style=\"vertical-align: inherit;\"><span dir=\"auto\" style=\"vertical-align: inherit;\">T\u0142o chemiczne i farmakologiczne<\/span><\/span><\/strong><\/h2>\n<p data-start=\"7816\" data-end=\"7841\"><strong data-start=\"7816\" data-end=\"7841\"><span dir=\"auto\" style=\"vertical-align: inherit;\"><span dir=\"auto\" style=\"vertical-align: inherit;\">Wa\u017cne informacje:<\/span><\/span><\/strong><\/p>\n<ul data-start=\"7842\" data-end=\"8142\">\n<li data-start=\"7842\" data-end=\"7896\">\n<p data-start=\"7844\" data-end=\"7896\"><strong data-start=\"7844\" data-end=\"7859\"><span dir=\"auto\" style=\"vertical-align: inherit;\"><span dir=\"auto\" style=\"vertical-align: inherit;\">Nazwa IUPAC:<\/span><\/span><\/strong><span dir=\"auto\" style=\"vertical-align: inherit;\"><span dir=\"auto\" style=\"vertical-align: inherit;\"> 1-phenyl-2-(pyrrolidin-1-yl)hexanone<\/span><\/span><\/p>\n<\/li>\n<li data-start=\"7897\" data-end=\"7930\">\n<p data-start=\"7899\" data-end=\"7930\"><strong data-start=\"7899\" data-end=\"7919\"><span dir=\"auto\" style=\"vertical-align: inherit;\"><span dir=\"auto\" style=\"vertical-align: inherit;\">Wz\u00f3r cz\u0105steczkowy:<\/span><\/span><\/strong><span dir=\"auto\" style=\"vertical-align: inherit;\"><span dir=\"auto\" style=\"vertical-align: inherit;\"> C16H23NO<\/span><\/span><\/p>\n<\/li>\n<li data-start=\"7931\" data-end=\"7967\">\n<p data-start=\"7933\" data-end=\"7967\"><strong data-start=\"7933\" data-end=\"7951\"><span dir=\"auto\" style=\"vertical-align: inherit;\"><span dir=\"auto\" style=\"vertical-align: inherit;\">Masa cz\u0105steczkowa:<\/span><\/span><\/strong><span dir=\"auto\" style=\"vertical-align: inherit;\"><span dir=\"auto\" style=\"vertical-align: inherit;\"> \u00b1245.36 g\/mol<\/span><\/span><\/p>\n<\/li>\n<li data-start=\"7968\" data-end=\"8038\">\n<p data-start=\"7970\" data-end=\"8038\"><strong data-start=\"7970\" data-end=\"7991\"><span dir=\"auto\" style=\"vertical-align: inherit;\"><span dir=\"auto\" style=\"vertical-align: inherit;\">Klasa chemiczna:<\/span><\/span><\/strong><span dir=\"auto\" style=\"vertical-align: inherit;\"><span dir=\"auto\" style=\"vertical-align: inherit;\"> Synthetic cathinones (pyrrolidinophenones)<\/span><\/span><\/p>\n<\/li>\n<li data-start=\"8039\" data-end=\"8142\">\n<p data-start=\"8041\" data-end=\"8142\"><strong data-start=\"8041\" data-end=\"8061\"><span dir=\"auto\" style=\"vertical-align: inherit;\"><span dir=\"auto\" style=\"vertical-align: inherit;\">Dzia\u0142anie receptora:<\/span><\/span><\/strong><span dir=\"auto\" style=\"vertical-align: inherit;\"><span dir=\"auto\" style=\"vertical-align: inherit;\"> Po\u015bredni sympatykomimetyk \u2013 wp\u0142ywa na wychwyt zwrotny dopaminy i noradrenaliny. <\/span><\/span><span class=\"___SBox_epc1q-ko_ ___SText_zko9t-ko_\" data-ui-name=\"Link.Text\"><span dir=\"auto\" style=\"vertical-align: inherit;\"><span dir=\"auto\" style=\"vertical-align: inherit;\">alfa php<\/span><\/span><\/span><\/p>\n<\/li>\n<\/ul>\n<p data-start=\"8144\" data-end=\"8255\"><span dir=\"auto\" style=\"vertical-align: inherit;\"><span dir=\"auto\" style=\"vertical-align: inherit;\">Ten <\/span><\/span><strong data-start=\"8147\" data-end=\"8161\"><span dir=\"auto\" style=\"vertical-align: inherit;\"><span dir=\"auto\" style=\"vertical-align: inherit;\">hexyl chain<\/span><\/span><\/strong><span dir=\"auto\" style=\"vertical-align: inherit;\"><span dir=\"auto\" style=\"vertical-align: inherit;\"> I <\/span><\/span><strong data-start=\"8165\" data-end=\"8184\"><span dir=\"auto\" style=\"vertical-align: inherit;\"><span dir=\"auto\" style=\"vertical-align: inherit;\">pyrrolidine ring<\/span><\/span><\/strong><span dir=\"auto\" style=\"vertical-align: inherit;\"><span dir=\"auto\" style=\"vertical-align: inherit;\"> influence <\/span><\/span><strong data-start=\"8200\" data-end=\"8220\"><span dir=\"auto\" style=\"vertical-align: inherit;\"><span dir=\"auto\" style=\"vertical-align: inherit;\">lipid solubility<\/span><\/span><\/strong><span dir=\"auto\" style=\"vertical-align: inherit;\"><span dir=\"auto\" style=\"vertical-align: inherit;\"> I <\/span><\/span><strong data-start=\"8224\" data-end=\"8254\"><span dir=\"auto\" style=\"vertical-align: inherit;\"><span dir=\"auto\" style=\"vertical-align: inherit;\">receptor binding affinity<\/span><\/span><\/strong><span dir=\"auto\" style=\"vertical-align: inherit;\"><span dir=\"auto\" style=\"vertical-align: inherit;\"> .<\/span><\/span><\/p>\n<hr data-start=\"8257\" data-end=\"8260\" \/>\n<h2 data-start=\"8262\" data-end=\"8289\"><strong data-start=\"8265\" data-end=\"8289\"><span dir=\"auto\" style=\"vertical-align: inherit;\"><span dir=\"auto\" style=\"vertical-align: inherit;\">Cele badawcze<\/span><\/span><\/strong><\/h2>\n<p data-start=\"8291\" data-end=\"8323\"><span dir=\"auto\" style=\"vertical-align: inherit;\"><span dir=\"auto\" style=\"vertical-align: inherit;\">Alpha-PHP is being studied for:<\/span><\/span><\/p>\n<ul data-start=\"8324\" data-end=\"8634\">\n<li data-start=\"8324\" data-end=\"8386\">\n<p data-start=\"8326\" data-end=\"8386\"><strong data-start=\"8326\" data-end=\"8349\"><span dir=\"auto\" style=\"vertical-align: inherit;\"><span dir=\"auto\" style=\"vertical-align: inherit;\">Chemia analityczna:<\/span><\/span><\/strong><span dir=\"auto\" style=\"vertical-align: inherit;\"><span dir=\"auto\" style=\"vertical-align: inherit;\"> detection via GC-MS, LC-MS and FTIR.<\/span><\/span><\/p>\n<\/li>\n<li data-start=\"8387\" data-end=\"8479\">\n<p data-start=\"8389\" data-end=\"8479\"><strong data-start=\"8389\" data-end=\"8417\"><span dir=\"auto\" style=\"vertical-align: inherit;\"><span dir=\"auto\" style=\"vertical-align: inherit;\">Toksykologia s\u0105dowa:<\/span><\/span><\/strong><span dir=\"auto\" style=\"vertical-align: inherit;\"><span dir=\"auto\" style=\"vertical-align: inherit;\"> identification in biological and seizure samples.<\/span><\/span><\/p>\n<\/li>\n<li data-start=\"8480\" data-end=\"8542\">\n<p data-start=\"8482\" data-end=\"8542\"><strong data-start=\"8482\" data-end=\"8499\"><span dir=\"auto\" style=\"vertical-align: inherit;\"><span dir=\"auto\" style=\"vertical-align: inherit;\">Pharmacology:<\/span><\/span><\/strong><span dir=\"auto\" style=\"vertical-align: inherit;\"><span dir=\"auto\" style=\"vertical-align: inherit;\"> the study of neurotransmitter transporters.<\/span><\/span><\/p>\n<\/li>\n<li data-start=\"8543\" data-end=\"8634\">\n<p data-start=\"8545\" data-end=\"8634\"><strong data-start=\"8545\" data-end=\"8565\"><span dir=\"auto\" style=\"vertical-align: inherit;\"><span dir=\"auto\" style=\"vertical-align: inherit;\">Zdrowie publiczne:<\/span><\/span><\/strong><span dir=\"auto\" style=\"vertical-align: inherit;\"><span dir=\"auto\" style=\"vertical-align: inherit;\"> Contribution to monitoring systems for new stimulant substances.<\/span><\/span><\/p>\n<\/li>\n<\/ul>\n<hr data-start=\"8636\" data-end=\"8639\" \/>\n<h2 data-start=\"8641\" data-end=\"8685\"><strong data-start=\"8644\" data-end=\"8685\"><span dir=\"auto\" style=\"vertical-align: inherit;\"><span dir=\"auto\" style=\"vertical-align: inherit;\">Bezpiecze\u0144stwo i kwestie prawne<\/span><\/span><\/strong><\/h2>\n<p data-start=\"8687\" data-end=\"8704\"><strong data-start=\"8687\" data-end=\"8702\"><span dir=\"auto\" style=\"vertical-align: inherit;\"><span dir=\"auto\" style=\"vertical-align: inherit;\">Bezpiecze\u0144stwo:<\/span><\/span><\/strong><\/p>\n<ul data-start=\"8705\" data-end=\"8888\">\n<li data-start=\"8705\" data-end=\"8791\">\n<p data-start=\"8707\" data-end=\"8791\"><span dir=\"auto\" style=\"vertical-align: inherit;\"><span dir=\"auto\" style=\"vertical-align: inherit;\">Do obs\u0142ugi wy\u0142\u0105cznie przez <\/span><\/span><strong data-start=\"8728\" data-end=\"8760\"><span dir=\"auto\" style=\"vertical-align: inherit;\"><span dir=\"auto\" style=\"vertical-align: inherit;\">wykwalifikowanych badaczy<\/span><\/span><\/strong><span dir=\"auto\" style=\"vertical-align: inherit;\"><span dir=\"auto\" style=\"vertical-align: inherit;\"> W <\/span><\/span><strong data-start=\"8764\" data-end=\"8788\"><span dir=\"auto\" style=\"vertical-align: inherit;\"><span dir=\"auto\" style=\"vertical-align: inherit;\">licencjonowane laboratoria<\/span><\/span><\/strong><span dir=\"auto\" style=\"vertical-align: inherit;\"><span dir=\"auto\" style=\"vertical-align: inherit;\"> .<\/span><\/span><\/p>\n<\/li>\n<li data-start=\"8792\" data-end=\"8837\">\n<p data-start=\"8794\" data-end=\"8837\"><span dir=\"auto\" style=\"vertical-align: inherit;\"><span dir=\"auto\" style=\"vertical-align: inherit;\">Nosi\u0107 <\/span><\/span><strong data-start=\"8802\" data-end=\"8834\"><span dir=\"auto\" style=\"vertical-align: inherit;\"><span dir=\"auto\" style=\"vertical-align: inherit;\">r\u0119kawice, okulary ochronne i fartuch laboratoryjny<\/span><\/span><\/strong><span dir=\"auto\" style=\"vertical-align: inherit;\"><span dir=\"auto\" style=\"vertical-align: inherit;\"> .<\/span><\/span><\/p>\n<\/li>\n<li data-start=\"8838\" data-end=\"8888\">\n<p data-start=\"8840\" data-end=\"8888\"><span dir=\"auto\" style=\"vertical-align: inherit;\"><span dir=\"auto\" style=\"vertical-align: inherit;\">Avoid inhalation and contact with skin or eyes.<\/span><\/span><\/p>\n<\/li>\n<\/ul>\n<p data-start=\"8890\" data-end=\"9088\"><strong data-start=\"8890\" data-end=\"8912\"><span dir=\"auto\" style=\"vertical-align: inherit;\"><span dir=\"auto\" style=\"vertical-align: inherit;\">Legal status: Alpha-PHP is <\/span><\/span><\/strong><span dir=\"auto\" style=\"vertical-align: inherit;\"><strong data-start=\"8948\" data-end=\"8975\"><span dir=\"auto\" style=\"vertical-align: inherit;\">zabronione lub regulowane<\/span><\/strong><\/span><br data-start=\"8912\" data-end=\"8915\" \/><span dir=\"auto\" style=\"vertical-align: inherit;\"><span dir=\"auto\" style=\"vertical-align: inherit;\"> w wi\u0119kszo\u015bci kraj\u00f3w <\/span><span dir=\"auto\" style=\"vertical-align: inherit;\">pod <\/span><strong data-start=\"8985\" data-end=\"8997\"><span dir=\"auto\" style=\"vertical-align: inherit;\">Ustawa o opium<\/span><\/strong><span dir=\"auto\" style=\"vertical-align: inherit;\"> Lub <\/span><strong data-start=\"9001\" data-end=\"9022\"><span dir=\"auto\" style=\"vertical-align: inherit;\">ustawodawstwo dotycz\u0105ce analog\u00f3w<\/span><\/strong><span dir=\"auto\" style=\"vertical-align: inherit;\"> . <\/span><span dir=\"auto\" style=\"vertical-align: inherit;\">U\u017cywanie lub posiadanie poza celami badawczymi <\/span><strong data-start=\"9074\" data-end=\"9087\"><span dir=\"auto\" style=\"vertical-align: inherit;\">punishable by law<\/span><\/strong><span dir=\"auto\" style=\"vertical-align: inherit;\"> .<\/span><\/span><\/p>\n<hr data-start=\"9090\" data-end=\"9093\" \/>\n<h2 data-start=\"9095\" data-end=\"9129\"><strong data-start=\"9098\" data-end=\"9129\"><span dir=\"auto\" style=\"vertical-align: inherit;\"><span dir=\"auto\" style=\"vertical-align: inherit;\">Cz\u0119sto zadawane pytania (FAQ)<\/span><\/span><\/strong><\/h2>\n<h3 data-start=\"9131\" data-end=\"9178\"><strong data-start=\"9135\" data-end=\"9178\"><span dir=\"auto\" style=\"vertical-align: inherit;\"><span dir=\"auto\" style=\"vertical-align: inherit;\">1. What is Alpha-PHP being studied for?<\/span><\/span><\/strong><\/h3>\n<p data-start=\"9179\" data-end=\"9265\"><span dir=\"auto\" style=\"vertical-align: inherit;\"><span dir=\"auto\" style=\"vertical-align: inherit;\">Dla <\/span><\/span><strong data-start=\"9184\" data-end=\"9238\"><span dir=\"auto\" style=\"vertical-align: inherit;\"><span dir=\"auto\" style=\"vertical-align: inherit;\">analytical, forensic and pharmacological research<\/span><\/span><\/strong><span dir=\"auto\" style=\"vertical-align: inherit;\"><span dir=\"auto\" style=\"vertical-align: inherit;\"> on cathinone compounds.<\/span><\/span><\/p>\n<h3 data-start=\"9267\" data-end=\"9298\"><strong data-start=\"9271\" data-end=\"9298\"><span dir=\"auto\" style=\"vertical-align: inherit;\"><span dir=\"auto\" style=\"vertical-align: inherit;\">2. Is Alpha-PHP legal?<\/span><\/span><\/strong><\/h3>\n<p data-start=\"9299\" data-end=\"9365\"><span dir=\"auto\" style=\"vertical-align: inherit;\"><span dir=\"auto\" style=\"vertical-align: inherit;\">No, in most countries Alpha-PHP is <\/span><\/span><strong data-start=\"9337\" data-end=\"9364\"><span dir=\"auto\" style=\"vertical-align: inherit;\"><span dir=\"auto\" style=\"vertical-align: inherit;\">regulowane lub zakazane<\/span><\/span><\/strong><span dir=\"auto\" style=\"vertical-align: inherit;\"><span dir=\"auto\" style=\"vertical-align: inherit;\"> .<\/span><\/span><\/p>\n<h3 data-start=\"9367\" data-end=\"9422\"><strong data-start=\"9371\" data-end=\"9422\"><span dir=\"auto\" style=\"vertical-align: inherit;\"><span dir=\"auto\" style=\"vertical-align: inherit;\">3. How should Alpha-PHP be handled safely?<\/span><\/span><\/strong><\/h3>\n<p data-start=\"9423\" data-end=\"9552\"><span dir=\"auto\" style=\"vertical-align: inherit;\"><span dir=\"auto\" style=\"vertical-align: inherit;\">Tylko przez <\/span><\/span><strong data-start=\"9435\" data-end=\"9465\"><span dir=\"auto\" style=\"vertical-align: inherit;\"><span dir=\"auto\" style=\"vertical-align: inherit;\">zawodowi badacze<\/span><\/span><\/strong><span dir=\"auto\" style=\"vertical-align: inherit;\"><span dir=\"auto\" style=\"vertical-align: inherit;\"> , with appropriate <\/span><\/span><strong data-start=\"9481\" data-end=\"9507\"><span dir=\"auto\" style=\"vertical-align: inherit;\"><span dir=\"auto\" style=\"vertical-align: inherit;\">\u015brodki bezpiecze\u0144stwa<\/span><\/span><\/strong><span dir=\"auto\" style=\"vertical-align: inherit;\"><span dir=\"auto\" style=\"vertical-align: inherit;\"> oraz w kontrolowanych warunkach laboratoryjnych.<\/span><\/span><\/p>","protected":false},"excerpt":{"rendered":"<h3><span dir=\"auto\" style=\"vertical-align: inherit;\"><span dir=\"auto\" style=\"vertical-align: inherit;\"><span dir=\"auto\" style=\"vertical-align: inherit;\"><span dir=\"auto\" style=\"vertical-align: inherit;\">w\u0142a\u015bciwo\u015bci a-PHP<\/span><\/span><\/span><\/span><\/h3>\n<p><strong><span dir=\"auto\" style=\"vertical-align: inherit;\"><span dir=\"auto\" style=\"vertical-align: inherit;\"><span dir=\"auto\" style=\"vertical-align: inherit;\"><span dir=\"auto\" style=\"vertical-align: inherit;\">Synonim<\/span><\/span><\/span><\/span><\/strong><span dir=\"auto\" style=\"vertical-align: inherit;\"><span dir=\"auto\" style=\"vertical-align: inherit;\"><span dir=\"auto\" style=\"vertical-align: inherit;\"><span dir=\"auto\" style=\"vertical-align: inherit;\"> : alfa-pirolidynoheksanofenon <\/span><\/span><\/span><\/span><br \/>\n<strong><span dir=\"auto\" style=\"vertical-align: inherit;\"><span dir=\"auto\" style=\"vertical-align: inherit;\"><span dir=\"auto\" style=\"vertical-align: inherit;\"><span dir=\"auto\" style=\"vertical-align: inherit;\">Numer CAS<\/span><\/span><\/span><\/span><\/strong><span dir=\"auto\" style=\"vertical-align: inherit;\"><span dir=\"auto\" style=\"vertical-align: inherit;\"><span dir=\"auto\" style=\"vertical-align: inherit;\"><span dir=\"auto\" style=\"vertical-align: inherit;\"> : 3415-86-6 <\/span><\/span><\/span><\/span><br \/>\n<strong><span dir=\"auto\" style=\"vertical-align: inherit;\"><span dir=\"auto\" style=\"vertical-align: inherit;\"><span dir=\"auto\" style=\"vertical-align: inherit;\"><span dir=\"auto\" style=\"vertical-align: inherit;\">Formu\u0142a<\/span><\/span><\/span><\/span><\/strong><span dir=\"auto\" style=\"vertical-align: inherit;\"><span dir=\"auto\" style=\"vertical-align: inherit;\"><span dir=\"auto\" style=\"vertical-align: inherit;\"><span dir=\"auto\" style=\"vertical-align: inherit;\"> : 1-fenylo-2-(pirolidyno-1-ylo)heksan-1-on chlorowodorek <\/span><\/span><\/span><\/span><br \/>\n<strong><span dir=\"auto\" style=\"vertical-align: inherit;\"><span dir=\"auto\" style=\"vertical-align: inherit;\"><span dir=\"auto\" style=\"vertical-align: inherit;\"><span dir=\"auto\" style=\"vertical-align: inherit;\">Masa molowa<\/span><\/span><\/span><\/span><\/strong><span dir=\"auto\" style=\"vertical-align: inherit;\"><span dir=\"auto\" style=\"vertical-align: inherit;\"><span dir=\"auto\" style=\"vertical-align: inherit;\"><span dir=\"auto\" style=\"vertical-align: inherit;\"> : 281,8 g\/mol <\/span><\/span><\/span><\/span><br \/>\n<strong><span dir=\"auto\" style=\"vertical-align: inherit;\"><span dir=\"auto\" style=\"vertical-align: inherit;\"><span dir=\"auto\" style=\"vertical-align: inherit;\"><span dir=\"auto\" style=\"vertical-align: inherit;\">Czysto\u015b\u0107<\/span><\/span><\/span><\/span><\/strong><span dir=\"auto\" style=\"vertical-align: inherit;\"><span dir=\"auto\" style=\"vertical-align: inherit;\"><span dir=\"auto\" style=\"vertical-align: inherit;\"><span dir=\"auto\" style=\"vertical-align: inherit;\"> : &gt;97%<\/span><\/span><\/span><\/span><\/p>","protected":false},"featured_media":29287,"comment_status":"closed","ping_status":"closed","template":"","meta":[],"product_brand":[82],"product_cat":[488],"product_tag":[691,1197,1198,692,326],"class_list":{"0":"post-23166","1":"product","2":"type-product","3":"status-publish","4":"has-post-thumbnail","6":"product_brand-research-chemical","7":"product_cat-verboden","8":"product_tag-a-php","9":"product_tag-alpha-php","10":"product_tag-alpha-php-kopen","11":"product_tag-aphp","12":"product_tag-nl","14":"first","15":"instock","16":"taxable","17":"shipping-taxable","18":"purchasable","19":"product-type-simple"},"_links":{"self":[{"href":"https:\/\/onderzoekschemicals.com\/pl\/wp-json\/wp\/v2\/product\/23166","targetHints":{"allow":["GET"]}}],"collection":[{"href":"https:\/\/onderzoekschemicals.com\/pl\/wp-json\/wp\/v2\/product"}],"about":[{"href":"https:\/\/onderzoekschemicals.com\/pl\/wp-json\/wp\/v2\/types\/product"}],"replies":[{"embeddable":true,"href":"https:\/\/onderzoekschemicals.com\/pl\/wp-json\/wp\/v2\/comments?post=23166"}],"version-history":[{"count":7,"href":"https:\/\/onderzoekschemicals.com\/pl\/wp-json\/wp\/v2\/product\/23166\/revisions"}],"predecessor-version":[{"id":28762,"href":"https:\/\/onderzoekschemicals.com\/pl\/wp-json\/wp\/v2\/product\/23166\/revisions\/28762"}],"wp:featuredmedia":[{"embeddable":true,"href":"https:\/\/onderzoekschemicals.com\/pl\/wp-json\/wp\/v2\/media\/29287"}],"wp:attachment":[{"href":"https:\/\/onderzoekschemicals.com\/pl\/wp-json\/wp\/v2\/media?parent=23166"}],"wp:term":[{"taxonomy":"product_brand","embeddable":true,"href":"https:\/\/onderzoekschemicals.com\/pl\/wp-json\/wp\/v2\/product_brand?post=23166"},{"taxonomy":"product_cat","embeddable":true,"href":"https:\/\/onderzoekschemicals.com\/pl\/wp-json\/wp\/v2\/product_cat?post=23166"},{"taxonomy":"product_tag","embeddable":true,"href":"https:\/\/onderzoekschemicals.com\/pl\/wp-json\/wp\/v2\/product_tag?post=23166"}],"curies":[{"name":"wp","href":"https:\/\/api.w.org\/{rel}","templated":true}]}}