{"id":24235,"date":"2025-04-13T17:41:18","date_gmt":"2025-04-13T17:41:18","guid":{"rendered":"https:\/\/onderzoekschemicals.com\/?post_type=product&#038;p=24235"},"modified":"2025-11-28T06:54:53","modified_gmt":"2025-11-28T06:54:53","slug":"n-methyl-cyclazodone","status":"publish","type":"product","link":"https:\/\/onderzoekschemicals.com\/nb\/shop\/n-methyl-cyclazodone\/n-methyl-cyclazodone\/","title":{"rendered":"N-metyl-cyklazodon"},"content":{"rendered":"<h2 data-start=\"3787\" data-end=\"3813\"><strong data-start=\"3790\" data-end=\"3813\">Produktbeskrivelse<\/strong><\/h2>\n<p data-start=\"3815\" data-end=\"4152\"><strong data-start=\"3815\" data-end=\"3839\">N-metyl-cyklazodon<\/strong> er en <strong data-start=\"3847\" data-end=\"3878\">syntetisk forskningsstoff<\/strong>, relatert til <strong data-start=\"3892\" data-end=\"3907\">Syklazodon<\/strong>, og tilh\u00f8rer klassen av <strong data-start=\"3938\" data-end=\"3966\">nootropiske stimulanter<\/strong>.<br data-start=\"3967\" data-end=\"3970\" \/>Den brukes til <strong data-start=\"3994\" data-end=\"4036\">analytisk og farmakologisk forskning<\/strong> til <strong data-start=\"4040\" data-end=\"4094\">strukturelle og reseptorrelaterte egenskaper<\/strong> skal studeres i kontrollerte laboratoriemilj\u00f8er. n metylcyklazodon<\/p>\n<p data-start=\"4154\" data-end=\"4292\">Produktet leveres i <strong data-start=\"4184\" data-end=\"4210\">analytisk renhet<\/strong>, egnet for <strong data-start=\"4226\" data-end=\"4291\">vitenskapelige, toksikologiske og rettsmedisinske anvendelser<\/strong>.<\/p>\n<p data-start=\"4294\" data-end=\"4441\">\u26a0\ufe0f <strong data-start=\"4297\" data-end=\"4308\">NB:<\/strong> <em data-start=\"4309\" data-end=\"4331\">N-metyl-cyklazodon<\/em> er <strong data-start=\"4335\" data-end=\"4384\">kun beregnet for forskningsform\u00e5l<\/strong> og <strong data-start=\"4388\" data-end=\"4440\">ikke egnet for bruk av mennesker eller dyr<\/strong>.<\/p>\n<hr data-start=\"4443\" data-end=\"4446\" \/>\n<h2 data-start=\"4448\" data-end=\"4478\"><strong data-start=\"4451\" data-end=\"4478\">Viktige funksjoner<\/strong><\/h2>\n<ul data-start=\"4480\" data-end=\"4868\">\n<li data-start=\"4480\" data-end=\"4554\">\n<p data-start=\"4482\" data-end=\"4554\"><strong data-start=\"4482\" data-end=\"4501\">H\u00f8y renhet<\/strong> \u2013 egnet for avansert laboratorieforskning.<\/p>\n<\/li>\n<li data-start=\"4555\" data-end=\"4633\">\n<p data-start=\"4557\" data-end=\"4633\"><strong data-start=\"4557\" data-end=\"4583\">Stabil og p\u00e5litelig<\/strong> \u2013 motstandsdyktig mot nedbrytning ved riktig lagring.<\/p>\n<\/li>\n<li data-start=\"4634\" data-end=\"4706\">\n<p data-start=\"4636\" data-end=\"4706\"><strong data-start=\"4636\" data-end=\"4655\">Presisjonstestet<\/strong> \u2013 egnet for spektroskopi og kromatografi.<\/p>\n<\/li>\n<li data-start=\"4707\" data-end=\"4786\">\n<p data-start=\"4709\" data-end=\"4786\"><strong data-start=\"4709\" data-end=\"4731\">Sikker emballasje<\/strong> \u2013 lufttett og forseglet for maksimal integritet.<\/p>\n<\/li>\n<li data-start=\"4787\" data-end=\"4868\">\n<p data-start=\"4789\" data-end=\"4868\"><strong data-start=\"4789\" data-end=\"4815\">I samsvar med EU-forskrifter<\/strong> \u2013 produsert i henhold til europeiske sikkerhetsstandarder.<\/p>\n<\/li>\n<\/ul>\n<hr data-start=\"4870\" data-end=\"4873\" \/>\n<h2 data-start=\"4875\" data-end=\"4909\"><strong data-start=\"4878\" data-end=\"4909\">Fordeler for forskere<\/strong><\/h2>\n<ul data-start=\"4911\" data-end=\"5179\">\n<li data-start=\"4911\" data-end=\"4987\">\n<p data-start=\"4913\" data-end=\"4987\">St\u00f8tter <strong data-start=\"4925\" data-end=\"4967\">analytisk og farmakologisk forskning<\/strong> til sentralstimulerende midler.<\/p>\n<\/li>\n<li data-start=\"4988\" data-end=\"5046\">\n<p data-start=\"4990\" data-end=\"5046\">Passer for <strong data-start=\"5004\" data-end=\"5043\">toksikologiske studier og referansestudier<\/strong>.<\/p>\n<\/li>\n<li data-start=\"5047\" data-end=\"5112\">\n<p data-start=\"5049\" data-end=\"5112\">Hjelper med <strong data-start=\"5059\" data-end=\"5109\">metodeutvikling og kjemisk identifikasjon<\/strong>.n metylcyklazodon<\/p>\n<\/li>\n<li data-start=\"5113\" data-end=\"5179\">\n<p data-start=\"5115\" data-end=\"5179\">Tilbud <strong data-start=\"5121\" data-end=\"5176\">p\u00e5litelige og reproduserbare forskningsresultater<\/strong>.<\/p>\n<\/li>\n<\/ul>\n<hr data-start=\"5181\" data-end=\"5184\" \/>\n<h2 data-start=\"5186\" data-end=\"5220\"><strong data-start=\"5189\" data-end=\"5220\">Bruk (forskningskontekst)<\/strong><\/h2>\n<ol data-start=\"5222\" data-end=\"5427\">\n<li data-start=\"5222\" data-end=\"5267\">\n<p data-start=\"5225\" data-end=\"5267\">Skal kun brukes i akkrediterte laboratorier.<\/p>\n<\/li>\n<li data-start=\"5268\" data-end=\"5328\">\n<p data-start=\"5271\" data-end=\"5328\">Bruk hansker, vernebriller og laboratoriefrakk.<\/p>\n<\/li>\n<li data-start=\"5329\" data-end=\"5376\">\n<p data-start=\"5332\" data-end=\"5376\">Oppbevares kj\u00f8lig, t\u00f8rt og m\u00f8rkt (under 25 \u00b0C).<\/p>\n<\/li>\n<li data-start=\"5377\" data-end=\"5427\">\n<p data-start=\"5380\" data-end=\"5427\">Kast rester i samsvar med lokale milj\u00f8forskrifter.<\/p>\n<\/li>\n<\/ol>\n<blockquote data-start=\"5429\" data-end=\"5519\">\n<p data-start=\"5431\" data-end=\"5519\"><strong data-start=\"5431\" data-end=\"5442\">NB:<\/strong> <em data-start=\"5443\" data-end=\"5465\">N-metyl-cyklazodon<\/em> er <strong data-start=\"5469\" data-end=\"5518\">kun beregnet for forskningsform\u00e5l<\/strong>.<\/p>\n<\/blockquote>\n<hr data-start=\"5521\" data-end=\"5524\" \/>\n<h2 data-start=\"5526\" data-end=\"5560\"><strong data-start=\"5529\" data-end=\"5560\">Ofte stilte sp\u00f8rsm\u00e5l (FAQ)<\/strong><\/h2>\n<p data-start=\"5562\" data-end=\"5731\"><strong data-start=\"5562\" data-end=\"5614\">1. Hva brukes N-metyl-cyklazodon til?<\/strong><br data-start=\"5614\" data-end=\"5617\" \/>Dette stoffet brukes til <strong data-start=\"5647\" data-end=\"5689\">analytisk og farmakologisk forskning<\/strong> til sentralstimulerende midler og strukturelle analoger.<\/p>\n<p data-start=\"5733\" data-end=\"5865\"><strong data-start=\"5733\" data-end=\"5794\">2. Er N-metyl-cyklazodon trygt for mennesker?<\/strong><br data-start=\"5794\" data-end=\"5797\" \/>Nei, dette produktet er <strong data-start=\"5817\" data-end=\"5864\">ikke godkjent for konsum<\/strong>.<\/p>\n<p data-start=\"5867\" data-end=\"6029\"><strong data-start=\"5867\" data-end=\"5909\">3. Hvem kan kj\u00f8pe N-metyl-cyklazodon?<\/strong><br data-start=\"5909\" data-end=\"5912\" \/>Bare <strong data-start=\"5919\" data-end=\"5968\">akkrediterte laboratorier og forskningsinstitusjoner<\/strong> kan kj\u00f8pe dette stoffet til vitenskapelig forskning.<\/p>","protected":false},"excerpt":{"rendered":"<h2>N-metyl-cyklazodon<\/h2>\n<p>N-metyl-cyklazodonhydroklorid er et stoff vi kun selger til forskningsform\u00e5l og er derfor ikke til konsum.<\/p>","protected":false},"featured_media":29385,"comment_status":"closed","ping_status":"closed","template":"","meta":[],"product_brand":[82],"product_cat":[478,336],"product_tag":[872,873,326],"class_list":{"0":"post-24235","1":"product","2":"type-product","3":"status-publish","4":"has-post-thumbnail","6":"product_brand-research-chemical","7":"product_cat-n-methyl-cyclazodone","8":"product_cat-overig","9":"product_tag-n-methyl-cyclazodone","10":"product_tag-n-methyl-cyclazodone-buy","11":"product_tag-nl","13":"first","14":"instock","15":"taxable","16":"shipping-taxable","17":"purchasable","18":"product-type-variable"},"_links":{"self":[{"href":"https:\/\/onderzoekschemicals.com\/nb\/wp-json\/wp\/v2\/product\/24235","targetHints":{"allow":["GET"]}}],"collection":[{"href":"https:\/\/onderzoekschemicals.com\/nb\/wp-json\/wp\/v2\/product"}],"about":[{"href":"https:\/\/onderzoekschemicals.com\/nb\/wp-json\/wp\/v2\/types\/product"}],"replies":[{"embeddable":true,"href":"https:\/\/onderzoekschemicals.com\/nb\/wp-json\/wp\/v2\/comments?post=24235"}],"version-history":[{"count":6,"href":"https:\/\/onderzoekschemicals.com\/nb\/wp-json\/wp\/v2\/product\/24235\/revisions"}],"predecessor-version":[{"id":27823,"href":"https:\/\/onderzoekschemicals.com\/nb\/wp-json\/wp\/v2\/product\/24235\/revisions\/27823"}],"wp:featuredmedia":[{"embeddable":true,"href":"https:\/\/onderzoekschemicals.com\/nb\/wp-json\/wp\/v2\/media\/29385"}],"wp:attachment":[{"href":"https:\/\/onderzoekschemicals.com\/nb\/wp-json\/wp\/v2\/media?parent=24235"}],"wp:term":[{"taxonomy":"product_brand","embeddable":true,"href":"https:\/\/onderzoekschemicals.com\/nb\/wp-json\/wp\/v2\/product_brand?post=24235"},{"taxonomy":"product_cat","embeddable":true,"href":"https:\/\/onderzoekschemicals.com\/nb\/wp-json\/wp\/v2\/product_cat?post=24235"},{"taxonomy":"product_tag","embeddable":true,"href":"https:\/\/onderzoekschemicals.com\/nb\/wp-json\/wp\/v2\/product_tag?post=24235"}],"curies":[{"name":"wp","href":"https:\/\/api.w.org\/{rel}","templated":true}]}}