{"id":24226,"date":"2025-04-13T17:41:17","date_gmt":"2025-04-13T17:41:17","guid":{"rendered":"https:\/\/onderzoekschemicals.com\/?post_type=product&#038;p=24226"},"modified":"2025-11-28T07:03:16","modified_gmt":"2025-11-28T07:03:16","slug":"nm-2-ai-hcl-puur","status":"publish","type":"product","link":"https:\/\/onderzoekschemicals.com\/nb\/shop\/nm-2-ai\/nm-2-ai-hcl-puur\/","title":{"rendered":"NM-2-AI HCl Ren"},"content":{"rendered":"<h2 data-start=\"3847\" data-end=\"3873\"><strong data-start=\"3850\" data-end=\"3873\">Produktbeskrivelse<\/strong><\/h2>\n<p data-start=\"3875\" data-end=\"4203\"><strong data-start=\"3875\" data-end=\"3929\">NM-2-AI HCl (N-metyl-2-aminoindanhydroklorid)<\/strong> er en <strong data-start=\"3937\" data-end=\"3975\">forskningsstoff med h\u00f8y renhet<\/strong>, som tilh\u00f8rer <strong data-start=\"3993\" data-end=\"4015\">aminoindanklasse<\/strong>.<br data-start=\"4016\" data-end=\"4019\" \/>Den brukes til <strong data-start=\"4043\" data-end=\"4097\">analytisk, rettsmedisinsk og farmakologisk forskning<\/strong> og fungerer som <strong data-start=\"4111\" data-end=\"4134\">referansestandard<\/strong> for \u00e5 studere <strong data-start=\"4159\" data-end=\"4200\">strukturelle og metabolske egenskaper<\/strong>. nm-2-ai<\/p>\n<p data-start=\"4205\" data-end=\"4350\">Hvert parti <strong data-start=\"4216\" data-end=\"4236\">NM-2-AI HCl Ren<\/strong> er produsert under streng kvalitetskontroll for \u00e5 <strong data-start=\"4292\" data-end=\"4335\">konsistens, stabilitet og renhet<\/strong> \u00e5 garantere.<\/p>\n<p data-start=\"4352\" data-end=\"4488\">\u26a0\ufe0f <strong data-start=\"4355\" data-end=\"4366\">NB:<\/strong> Dette produktet er <strong data-start=\"4382\" data-end=\"4431\">kun beregnet for forskningsform\u00e5l<\/strong> og <strong data-start=\"4435\" data-end=\"4487\">ikke egnet for bruk av mennesker eller dyr<\/strong>.<\/p>\n<hr data-start=\"4490\" data-end=\"4493\" \/>\n<h2 data-start=\"4495\" data-end=\"4525\"><strong data-start=\"4498\" data-end=\"4525\">Viktige funksjoner<\/strong><\/h2>\n<ul data-start=\"4527\" data-end=\"4946\">\n<li data-start=\"4527\" data-end=\"4615\">\n<p data-start=\"4529\" data-end=\"4615\"><strong data-start=\"4529\" data-end=\"4549\">H\u00f8y renhet:<\/strong> Egnet for analytisk forskning og laboratorieapplikasjoner.<\/p>\n<\/li>\n<li data-start=\"4616\" data-end=\"4690\">\n<p data-start=\"4618\" data-end=\"4690\"><strong data-start=\"4618\" data-end=\"4640\">Stabil HCl-form:<\/strong> Motstandsdyktig mot nedbrytning ved langtidslagring.<\/p>\n<\/li>\n<li data-start=\"4691\" data-end=\"4775\">\n<p data-start=\"4693\" data-end=\"4775\"><strong data-start=\"4693\" data-end=\"4723\">P\u00e5litelig sammensetning:<\/strong> Produsert under kontrollerte forhold.<\/p>\n<\/li>\n<li data-start=\"4776\" data-end=\"4847\">\n<p data-start=\"4778\" data-end=\"4847\"><strong data-start=\"4778\" data-end=\"4801\">Sikker emballasje:<\/strong> Lufttett og forseglet mot forurensning.<\/p>\n<\/li>\n<li data-start=\"4848\" data-end=\"4946\">\n<p data-start=\"4850\" data-end=\"4946\"><strong data-start=\"4850\" data-end=\"4877\">I samsvar med EU-forskrifter:<\/strong> Overholder europeiske sikkerhetsstandarder for forskningskjemikalier.<\/p>\n<\/li>\n<\/ul>\n<hr data-start=\"4948\" data-end=\"4951\" \/>\n<h2 data-start=\"4953\" data-end=\"4984\"><strong data-start=\"4956\" data-end=\"4984\">Fordeler for forskning<\/strong><\/h2>\n<ul data-start=\"4986\" data-end=\"5261\">\n<li data-start=\"4986\" data-end=\"5050\">\n<p data-start=\"4988\" data-end=\"5050\">Passer for <strong data-start=\"5002\" data-end=\"5047\">toksikologisk og farmakologisk forskning<\/strong>.<\/p>\n<\/li>\n<li data-start=\"5051\" data-end=\"5124\">\n<p data-start=\"5053\" data-end=\"5124\">St\u00f8tter <strong data-start=\"5065\" data-end=\"5101\">utvikling av analytiske metoder<\/strong> (LC-MS, GC-MS, NMR).<\/p>\n<\/li>\n<li data-start=\"5125\" data-end=\"5189\">\n<p data-start=\"5127\" data-end=\"5189\">Fungerer som <strong data-start=\"5137\" data-end=\"5160\">referansestandard<\/strong> for rettsmedisinsk etterforskning.<\/p>\n<\/li>\n<li data-start=\"5190\" data-end=\"5261\">\n<p data-start=\"5192\" data-end=\"5261\">S\u00f8rger for <strong data-start=\"5203\" data-end=\"5258\">reproduserbare og p\u00e5litelige forskningsresultater<\/strong>. nm-2-ai<\/p>\n<\/li>\n<\/ul>\n<hr data-start=\"5263\" data-end=\"5266\" \/>\n<h2 data-start=\"5268\" data-end=\"5302\"><strong data-start=\"5271\" data-end=\"5302\">Bruk (forskningskontekst)<\/strong><\/h2>\n<ol data-start=\"5304\" data-end=\"5509\">\n<li data-start=\"5304\" data-end=\"5349\">\n<p data-start=\"5307\" data-end=\"5349\">Skal kun brukes i akkrediterte laboratorier.<\/p>\n<\/li>\n<li data-start=\"5350\" data-end=\"5410\">\n<p data-start=\"5353\" data-end=\"5410\">Bruk hansker, vernebriller og laboratoriefrakk.<\/p>\n<\/li>\n<li data-start=\"5411\" data-end=\"5458\">\n<p data-start=\"5414\" data-end=\"5458\">Oppbevares kj\u00f8lig, t\u00f8rt og m\u00f8rkt (under 25 \u00b0C).<\/p>\n<\/li>\n<li data-start=\"5459\" data-end=\"5509\">\n<p data-start=\"5462\" data-end=\"5509\">Kast rester i samsvar med lokale milj\u00f8forskrifter.<\/p>\n<\/li>\n<\/ol>\n<blockquote data-start=\"5511\" data-end=\"5597\">\n<p data-start=\"5513\" data-end=\"5597\"><strong data-start=\"5513\" data-end=\"5524\">NB:<\/strong> <em data-start=\"5525\" data-end=\"5543\">NM-2-AI HCl Ren<\/em> er <strong data-start=\"5547\" data-end=\"5596\">kun beregnet for forskningsform\u00e5l<\/strong>.<\/p>\n<\/blockquote>\n<hr data-start=\"5599\" data-end=\"5602\" \/>\n<h2 data-start=\"5604\" data-end=\"5638\"><strong data-start=\"5607\" data-end=\"5638\">Ofte stilte sp\u00f8rsm\u00e5l (FAQ)<\/strong><\/h2>\n<p data-start=\"5640\" data-end=\"5778\"><strong data-start=\"5640\" data-end=\"5683\">1. Hva brukes NM-2-AI HCl til?<\/strong><br data-start=\"5683\" data-end=\"5686\" \/>Den brukes til <strong data-start=\"5710\" data-end=\"5748\">analytisk og rettsmedisinsk forskning<\/strong> til aminoindanforbindelser.<\/p>\n<p data-start=\"5780\" data-end=\"5903\"><strong data-start=\"5780\" data-end=\"5832\">2. Er NM-2-AI HCl trygt for menneskelig bruk?<\/strong><br data-start=\"5832\" data-end=\"5835\" \/>Nei, dette produktet er <strong data-start=\"5855\" data-end=\"5902\">ikke godkjent for konsum<\/strong>.<\/p>\n<p data-start=\"5905\" data-end=\"6058\"><strong data-start=\"5905\" data-end=\"5943\">3. Hvem kan kj\u00f8pe NM-2-AI HCl Pure?<\/strong><br data-start=\"5943\" data-end=\"5946\" \/>Bare <strong data-start=\"5953\" data-end=\"6002\">anerkjente forskningsinstitusjoner og laboratorier<\/strong> med n\u00f8dvendige tillatelser kan kj\u00f8pe dette stoffet.<\/p>","protected":false},"excerpt":{"rendered":"<h2>NM-2-AI HCl Ren<\/h2>\n<p>NM-2-AI hydroklorid er et stoff vi kun selger til forskningsform\u00e5l og er derfor ikke beregnet for konsum. NM-2-AI kan brukes til forskning i opptil to \u00e5r n\u00e5r det oppbevares i riktig milj\u00f8. 2C-E<\/p>","protected":false},"featured_media":29384,"comment_status":"closed","ping_status":"closed","template":"","meta":[],"product_brand":[82],"product_cat":[479,336],"product_tag":[326,879,880],"class_list":{"0":"post-24226","1":"product","2":"type-product","3":"status-publish","4":"has-post-thumbnail","6":"product_brand-research-chemical","7":"product_cat-nm-2-ai","8":"product_cat-overig","9":"product_tag-nl","10":"product_tag-nm-2-ai","11":"product_tag-nm-2-ai-hcl","13":"first","14":"instock","15":"taxable","16":"shipping-taxable","17":"purchasable","18":"product-type-variable"},"_links":{"self":[{"href":"https:\/\/onderzoekschemicals.com\/nb\/wp-json\/wp\/v2\/product\/24226","targetHints":{"allow":["GET"]}}],"collection":[{"href":"https:\/\/onderzoekschemicals.com\/nb\/wp-json\/wp\/v2\/product"}],"about":[{"href":"https:\/\/onderzoekschemicals.com\/nb\/wp-json\/wp\/v2\/types\/product"}],"replies":[{"embeddable":true,"href":"https:\/\/onderzoekschemicals.com\/nb\/wp-json\/wp\/v2\/comments?post=24226"}],"version-history":[{"count":5,"href":"https:\/\/onderzoekschemicals.com\/nb\/wp-json\/wp\/v2\/product\/24226\/revisions"}],"predecessor-version":[{"id":27830,"href":"https:\/\/onderzoekschemicals.com\/nb\/wp-json\/wp\/v2\/product\/24226\/revisions\/27830"}],"wp:featuredmedia":[{"embeddable":true,"href":"https:\/\/onderzoekschemicals.com\/nb\/wp-json\/wp\/v2\/media\/29384"}],"wp:attachment":[{"href":"https:\/\/onderzoekschemicals.com\/nb\/wp-json\/wp\/v2\/media?parent=24226"}],"wp:term":[{"taxonomy":"product_brand","embeddable":true,"href":"https:\/\/onderzoekschemicals.com\/nb\/wp-json\/wp\/v2\/product_brand?post=24226"},{"taxonomy":"product_cat","embeddable":true,"href":"https:\/\/onderzoekschemicals.com\/nb\/wp-json\/wp\/v2\/product_cat?post=24226"},{"taxonomy":"product_tag","embeddable":true,"href":"https:\/\/onderzoekschemicals.com\/nb\/wp-json\/wp\/v2\/product_tag?post=24226"}],"curies":[{"name":"wp","href":"https:\/\/api.w.org\/{rel}","templated":true}]}}