{"id":24183,"date":"2025-04-13T17:41:13","date_gmt":"2025-04-13T17:41:13","guid":{"rendered":"https:\/\/onderzoekschemicals.com\/?post_type=product&#038;p=24183"},"modified":"2025-10-12T20:23:41","modified_gmt":"2025-10-12T20:23:41","slug":"pagoclone-werking","status":"publish","type":"product","link":"https:\/\/onderzoekschemicals.com\/nb\/shop\/b2b\/pagoclone-werking\/","title":{"rendered":"RC+ Pagoclone 10 mg eske"},"content":{"rendered":"<h2 data-start=\"3680\" data-end=\"3706\"><strong data-start=\"3683\" data-end=\"3706\">Produktbeskrivelse<\/strong><\/h2>\n<p data-start=\"3708\" data-end=\"4018\"><strong data-start=\"3708\" data-end=\"3734\">RC+ Pagoclone 10 mg eske<\/strong> inneholder <strong data-start=\"3741\" data-end=\"3766\">h\u00f8y-renhet Pagoclone<\/strong>, En <strong data-start=\"3772\" data-end=\"3801\">cyklopyrrolonforbindelse<\/strong> som brukes til <strong data-start=\"3826\" data-end=\"3880\">analytisk, farmakologisk og rettsmedisinsk forskning<\/strong>Pagokloneoperasjon<br data-start=\"3881\" data-end=\"3884\" \/>Pagoklon har blitt studert som <strong data-start=\"3912\" data-end=\"3947\">GABA-A reseptor partiell agonist<\/strong>, noe som gj\u00f8r det relevant for <strong data-start=\"3977\" data-end=\"4015\">nevrokjemisk forskning og reseptorforskning<\/strong>.<\/p>\n<p data-start=\"4020\" data-end=\"4165\">Hver boks inneholder <strong data-start=\"4035\" data-end=\"4076\">10 mg pellets av forskningsrenhet<\/strong>, n\u00f8ye komponert for <strong data-start=\"4107\" data-end=\"4164\">reproduserbare og p\u00e5litelige laboratorieresultater<\/strong>.<\/p>\n<p data-start=\"4167\" data-end=\"4303\">\u26a0\ufe0f <strong data-start=\"4170\" data-end=\"4181\">NB:<\/strong> Dette produktet er <strong data-start=\"4197\" data-end=\"4246\">kun beregnet for forskningsform\u00e5l<\/strong> og <strong data-start=\"4250\" data-end=\"4302\">ikke egnet for bruk av mennesker eller dyr<\/strong>.<\/p>\n<hr data-start=\"4305\" data-end=\"4308\" \/>\n<h2 data-start=\"4310\" data-end=\"4340\"><strong data-start=\"4313\" data-end=\"4340\">Viktige funksjoner<\/strong><\/h2>\n<ul data-start=\"4342\" data-end=\"4736\">\n<li data-start=\"4342\" data-end=\"4420\">\n<p data-start=\"4344\" data-end=\"4420\"><strong data-start=\"4344\" data-end=\"4364\">H\u00f8y renhet:<\/strong> Egnet for analytisk og farmakologisk forskning.<\/p>\n<\/li>\n<li data-start=\"4421\" data-end=\"4502\">\n<p data-start=\"4423\" data-end=\"4502\"><strong data-start=\"4423\" data-end=\"4455\">Standardisert dosering:<\/strong> 10 mg per pellet for konsistente resultater.<\/p>\n<\/li>\n<li data-start=\"4503\" data-end=\"4578\">\n<p data-start=\"4505\" data-end=\"4578\"><strong data-start=\"4505\" data-end=\"4530\">Stabil formulering:<\/strong> Motstandsdyktig mot nedbrytning ved riktig lagring.<\/p>\n<\/li>\n<li data-start=\"4579\" data-end=\"4650\">\n<p data-start=\"4581\" data-end=\"4650\"><strong data-start=\"4581\" data-end=\"4604\">Sikker emballasje:<\/strong> Lufttett og forseglet mot forurensning.<\/p>\n<\/li>\n<li data-start=\"4651\" data-end=\"4736\">\n<p data-start=\"4653\" data-end=\"4736\"><strong data-start=\"4653\" data-end=\"4680\">I samsvar med EU-forskrifter:<\/strong> Produsert i henhold til europeiske sikkerhetsretningslinjer. Pagoclone-drift<\/p>\n<\/li>\n<\/ul>\n<hr data-start=\"4738\" data-end=\"4741\" \/>\n<h2 data-start=\"4743\" data-end=\"4777\"><strong data-start=\"4746\" data-end=\"4777\">Fordeler for forskere<\/strong><\/h2>\n<ul data-start=\"4779\" data-end=\"4998\">\n<li data-start=\"4779\" data-end=\"4838\">\n<p data-start=\"4781\" data-end=\"4838\">Passer for <strong data-start=\"4795\" data-end=\"4835\">reseptor- og nevrokjemisk forskning<\/strong>.<\/p>\n<\/li>\n<li data-start=\"4839\" data-end=\"4888\">\n<p data-start=\"4841\" data-end=\"4888\">St\u00f8tter <strong data-start=\"4853\" data-end=\"4885\">LC-MS-, GC-MS- og NMR-analyser<\/strong>.<\/p>\n<\/li>\n<li data-start=\"4889\" data-end=\"4941\">\n<p data-start=\"4891\" data-end=\"4941\">Tilbud <strong data-start=\"4897\" data-end=\"4919\">referansepr\u00f8ver<\/strong> av h\u00f8y kvalitet.<\/p>\n<\/li>\n<li data-start=\"4942\" data-end=\"4998\">\n<p data-start=\"4944\" data-end=\"4998\">S\u00f8rger for <strong data-start=\"4955\" data-end=\"4995\">reproduserbare forskningsresultater<\/strong>.<\/p>\n<\/li>\n<\/ul>\n<hr data-start=\"5000\" data-end=\"5003\" \/>\n<h2 data-start=\"5005\" data-end=\"5039\"><strong data-start=\"5008\" data-end=\"5039\">Bruk (forskningskontekst)<\/strong><\/h2>\n<ol data-start=\"5041\" data-end=\"5236\">\n<li data-start=\"5041\" data-end=\"5086\">\n<p data-start=\"5044\" data-end=\"5086\">Skal kun brukes i akkrediterte laboratorier.<\/p>\n<\/li>\n<li data-start=\"5087\" data-end=\"5138\">\n<p data-start=\"5090\" data-end=\"5138\">Bruk hansker, vernebriller og laboratoriefrakk.<\/p>\n<\/li>\n<li data-start=\"5139\" data-end=\"5186\">\n<p data-start=\"5142\" data-end=\"5186\">Oppbevares kj\u00f8lig, t\u00f8rt og m\u00f8rkt (under 25 \u00b0C).<\/p>\n<\/li>\n<li data-start=\"5187\" data-end=\"5236\">\n<p data-start=\"5190\" data-end=\"5236\">Kast rester i samsvar med lokale forskrifter.<\/p>\n<\/li>\n<\/ol>\n<blockquote data-start=\"5238\" data-end=\"5330\">\n<p data-start=\"5240\" data-end=\"5330\"><strong data-start=\"5240\" data-end=\"5251\">NB:<\/strong> <em data-start=\"5252\" data-end=\"5276\">RC+ Pagoclone 10 mg eske<\/em> er <strong data-start=\"5280\" data-end=\"5329\">kun beregnet for forskningsform\u00e5l<\/strong>.<\/p>\n<\/blockquote>\n<hr data-start=\"5332\" data-end=\"5335\" \/>\n<h2 data-start=\"5337\" data-end=\"5371\"><strong data-start=\"5340\" data-end=\"5371\">Ofte stilte sp\u00f8rsm\u00e5l (FAQ)<\/strong><\/h2>\n<p data-start=\"5373\" data-end=\"5563\"><strong data-start=\"5373\" data-end=\"5418\">1. Hva brukes RC+ Pagoclone til?<\/strong><br data-start=\"5418\" data-end=\"5421\" \/>RC+ Pagoclone brukes til <strong data-start=\"5455\" data-end=\"5509\">analytisk, farmakologisk og rettsmedisinsk forskning<\/strong> til GABA-reseptorer og cyklopyrrolonforbindelser.<\/p>\n<p data-start=\"5565\" data-end=\"5659\"><strong data-start=\"5565\" data-end=\"5594\">2. Hvor mye inneholder \u00e9n eske?<\/strong><br data-start=\"5594\" data-end=\"5597\" \/>Hver boks inneholder <strong data-start=\"5612\" data-end=\"5630\">10 mg pagoklon<\/strong> av laboratoriekvalitet.<\/p>\n<p data-start=\"5661\" data-end=\"5796\"><strong data-start=\"5661\" data-end=\"5711\">3. Kan jeg kj\u00f8pe RC+ Pagoclone som privatperson?<\/strong><br data-start=\"5711\" data-end=\"5714\" \/>Nei, dette produktet er kun tilgjengelig for <strong data-start=\"5759\" data-end=\"5793\">anerkjente forskningsinstitusjoner<\/strong>.<\/p>","protected":false},"excerpt":{"rendered":"<p>Produktbeskrivelse RC+ Pagoclone 10 mg-boksen inneholder pagoclone med h\u00f8y renhet, en cyklopyrrolonforbindelse som brukes til analytisk, farmakologisk og rettsmedisinsk forskning. Pagoclone<\/p>","protected":false},"featured_media":21118,"comment_status":"closed","ping_status":"closed","template":"","meta":[],"product_brand":[82],"product_cat":[555],"product_tag":[326,665,748,749,747,750,751,752],"class_list":{"0":"post-24183","1":"product","2":"type-product","3":"status-publish","4":"has-post-thumbnail","6":"product_brand-research-chemical","7":"product_cat-b2b","8":"product_tag-nl","9":"product_tag-pagoclone","10":"product_tag-pagoclone-dosage","11":"product_tag-pagoclone-effects","12":"product_tag-pagoclone-ervaringen","13":"product_tag-pagoclone-experience","14":"product_tag-pagoclone-reddit","15":"product_tag-pagoclone-werking","17":"first","18":"instock","19":"taxable","20":"shipping-taxable","21":"purchasable","22":"product-type-variable"},"_links":{"self":[{"href":"https:\/\/onderzoekschemicals.com\/nb\/wp-json\/wp\/v2\/product\/24183","targetHints":{"allow":["GET"]}}],"collection":[{"href":"https:\/\/onderzoekschemicals.com\/nb\/wp-json\/wp\/v2\/product"}],"about":[{"href":"https:\/\/onderzoekschemicals.com\/nb\/wp-json\/wp\/v2\/types\/product"}],"replies":[{"embeddable":true,"href":"https:\/\/onderzoekschemicals.com\/nb\/wp-json\/wp\/v2\/comments?post=24183"}],"version-history":[{"count":4,"href":"https:\/\/onderzoekschemicals.com\/nb\/wp-json\/wp\/v2\/product\/24183\/revisions"}],"predecessor-version":[{"id":27838,"href":"https:\/\/onderzoekschemicals.com\/nb\/wp-json\/wp\/v2\/product\/24183\/revisions\/27838"}],"wp:featuredmedia":[{"embeddable":true,"href":"https:\/\/onderzoekschemicals.com\/nb\/wp-json\/wp\/v2\/media\/21118"}],"wp:attachment":[{"href":"https:\/\/onderzoekschemicals.com\/nb\/wp-json\/wp\/v2\/media?parent=24183"}],"wp:term":[{"taxonomy":"product_brand","embeddable":true,"href":"https:\/\/onderzoekschemicals.com\/nb\/wp-json\/wp\/v2\/product_brand?post=24183"},{"taxonomy":"product_cat","embeddable":true,"href":"https:\/\/onderzoekschemicals.com\/nb\/wp-json\/wp\/v2\/product_cat?post=24183"},{"taxonomy":"product_tag","embeddable":true,"href":"https:\/\/onderzoekschemicals.com\/nb\/wp-json\/wp\/v2\/product_tag?post=24183"}],"curies":[{"name":"wp","href":"https:\/\/api.w.org\/{rel}","templated":true}]}}