{"id":24181,"date":"2025-04-13T17:41:13","date_gmt":"2025-04-13T17:41:13","guid":{"rendered":"https:\/\/onderzoekschemicals.com\/?post_type=product&#038;p=24181"},"modified":"2025-10-12T20:21:20","modified_gmt":"2025-10-12T20:21:20","slug":"flubromazepam-halfwaardetijd","status":"publish","type":"product","link":"https:\/\/onderzoekschemicals.com\/nb\/shop\/b2b\/flubromazepam-halfwaardetijd\/","title":{"rendered":"Flubromazepam 10 mg eske"},"content":{"rendered":"<h2 data-start=\"3803\" data-end=\"3829\"><strong data-start=\"3806\" data-end=\"3829\">Produktbeskrivelse<\/strong><\/h2>\n<p data-start=\"3831\" data-end=\"4136\"><strong data-start=\"3831\" data-end=\"3858\">Flubromazepam 10 mg eske<\/strong> er en <strong data-start=\"3866\" data-end=\"3920\">benzodiazepinforbindelse av forskningsrenhet<\/strong>, designet for <strong data-start=\"3937\" data-end=\"3991\">rettsmedisinsk, farmakologisk og analytisk forskning<\/strong>Halveringstid for flubromazepam\u00a0<br data-start=\"3992\" data-end=\"3995\" \/>Det brukes ofte som <strong data-start=\"4023\" data-end=\"4046\">referansestandard<\/strong> for identifisering og analyse av benzodiazepinanaloger i laboratoriesammenheng.<\/p>\n<p data-start=\"4138\" data-end=\"4287\">Hver boks inneholder <strong data-start=\"4153\" data-end=\"4175\">10 mg flubromazepam<\/strong>, n\u00f8ye komponert for <strong data-start=\"4206\" data-end=\"4257\">konsistens, renhet og reproduserbarhet<\/strong> i analytiske applikasjoner.<\/p>\n<p data-start=\"4289\" data-end=\"4425\">\u26a0\ufe0f <strong data-start=\"4292\" data-end=\"4303\">NB:<\/strong> Dette produktet er <strong data-start=\"4319\" data-end=\"4368\">kun beregnet for forskningsform\u00e5l<\/strong> og <strong data-start=\"4372\" data-end=\"4424\">ikke egnet for bruk av mennesker eller dyr<\/strong>.<\/p>\n<hr data-start=\"4427\" data-end=\"4430\" \/>\n<h2 data-start=\"4432\" data-end=\"4462\"><strong data-start=\"4435\" data-end=\"4462\">Viktige funksjoner<\/strong><\/h2>\n<ul data-start=\"4464\" data-end=\"4832\">\n<li data-start=\"4464\" data-end=\"4529\">\n<p data-start=\"4466\" data-end=\"4529\"><strong data-start=\"4466\" data-end=\"4486\">H\u00f8y renhet:<\/strong> Produsert i henhold til laboratoriestandarder.<\/p>\n<\/li>\n<li data-start=\"4530\" data-end=\"4601\">\n<p data-start=\"4532\" data-end=\"4601\"><strong data-start=\"4532\" data-end=\"4557\">N\u00f8yaktig dosering:<\/strong> 10 mg per eske for p\u00e5litelige resultater.<\/p>\n<\/li>\n<li data-start=\"4602\" data-end=\"4675\">\n<p data-start=\"4604\" data-end=\"4675\"><strong data-start=\"4604\" data-end=\"4629\">Stabil formulering:<\/strong> Motstandsdyktig mot nedbrytning ved riktig lagring.<\/p>\n<\/li>\n<li data-start=\"4676\" data-end=\"4746\">\n<p data-start=\"4678\" data-end=\"4746\"><strong data-start=\"4678\" data-end=\"4701\">Sikker emballasje:<\/strong> Forseglet og beskyttet mot forurensning.<\/p>\n<\/li>\n<li data-start=\"4747\" data-end=\"4832\">\n<p data-start=\"4749\" data-end=\"4832\"><strong data-start=\"4749\" data-end=\"4776\">I samsvar med EU-forskrifter:<\/strong> Produsert i henhold til europeiske sikkerhetsretningslinjer.<\/p>\n<\/li>\n<\/ul>\n<hr data-start=\"4834\" data-end=\"4837\" \/>\n<h2 data-start=\"4839\" data-end=\"4873\"><strong data-start=\"4842\" data-end=\"4873\">Fordeler for forskere<\/strong><\/h2>\n<ul data-start=\"4875\" data-end=\"5146\">\n<li data-start=\"4875\" data-end=\"4935\">\n<p data-start=\"4877\" data-end=\"4935\">Passer for <strong data-start=\"4891\" data-end=\"4932\">rettsmedisinsk og toksikologisk forskning<\/strong>.<\/p>\n<\/li>\n<li data-start=\"4936\" data-end=\"5009\">\n<p data-start=\"4938\" data-end=\"5009\">St\u00f8tter <strong data-start=\"4950\" data-end=\"4986\">utvikling av analytiske metoder<\/strong> (LC-MS, GC-MS, NMR). Halveringstid for flubromazepam<\/p>\n<\/li>\n<li data-start=\"5010\" data-end=\"5074\">\n<p data-start=\"5012\" data-end=\"5074\">Tilbud <strong data-start=\"5018\" data-end=\"5040\">referansepr\u00f8ver<\/strong> for sammenligning og validering.<\/p>\n<\/li>\n<li data-start=\"5075\" data-end=\"5146\">\n<p data-start=\"5077\" data-end=\"5146\">S\u00f8rger for <strong data-start=\"5088\" data-end=\"5143\">n\u00f8yaktige og reproduserbare forskningsresultater<\/strong>.<\/p>\n<\/li>\n<\/ul>\n<hr data-start=\"5148\" data-end=\"5151\" \/>\n<h2 data-start=\"5153\" data-end=\"5187\"><strong data-start=\"5156\" data-end=\"5187\">Bruk (forskningskontekst)<\/strong><\/h2>\n<ol data-start=\"5189\" data-end=\"5406\">\n<li data-start=\"5189\" data-end=\"5234\">\n<p data-start=\"5192\" data-end=\"5234\">Skal kun brukes i akkrediterte laboratorier.<\/p>\n<\/li>\n<li data-start=\"5235\" data-end=\"5295\">\n<p data-start=\"5238\" data-end=\"5295\">Bruk hansker, vernebriller og laboratoriefrakk.<\/p>\n<\/li>\n<li data-start=\"5296\" data-end=\"5343\">\n<p data-start=\"5299\" data-end=\"5343\">Oppbevares kj\u00f8lig, t\u00f8rt og m\u00f8rkt (under 25 \u00b0C).<\/p>\n<\/li>\n<li data-start=\"5344\" data-end=\"5406\">\n<p data-start=\"5347\" data-end=\"5406\">Kast rester i samsvar med lokale sikkerhetsforskrifter.<\/p>\n<\/li>\n<\/ol>\n<blockquote data-start=\"5408\" data-end=\"5501\">\n<p data-start=\"5410\" data-end=\"5501\"><strong data-start=\"5410\" data-end=\"5421\">NB:<\/strong> <em data-start=\"5422\" data-end=\"5447\">Flubromazepam 10 mg eske<\/em> er <strong data-start=\"5451\" data-end=\"5500\">kun beregnet for forskningsform\u00e5l<\/strong>.<\/p>\n<\/blockquote>\n<hr data-start=\"5503\" data-end=\"5506\" \/>\n<h2 data-start=\"5508\" data-end=\"5542\"><strong data-start=\"5511\" data-end=\"5542\">Ofte stilte sp\u00f8rsm\u00e5l (FAQ)<\/strong><\/h2>\n<p data-start=\"5544\" data-end=\"5670\"><strong data-start=\"5544\" data-end=\"5589\">1. Hva brukes flubromazepam til?<\/strong><br data-start=\"5589\" data-end=\"5592\" \/>Til <strong data-start=\"5597\" data-end=\"5635\">analytisk og rettsmedisinsk forskning<\/strong> til benzodiazepinforbindelser.<\/p>\n<p data-start=\"5672\" data-end=\"5770\"><strong data-start=\"5672\" data-end=\"5701\">2. Hvor mye inneholder \u00e9n eske?<\/strong><br data-start=\"5701\" data-end=\"5704\" \/>Hver boks inneholder <strong data-start=\"5719\" data-end=\"5741\">10 mg flubromazepam<\/strong> av laboratoriekvalitet.<\/p>\n<p data-start=\"5772\" data-end=\"5906\"><strong data-start=\"5772\" data-end=\"5822\">3. Kan jeg kj\u00f8pe Flubromazepam som privatperson?<\/strong><br data-start=\"5822\" data-end=\"5825\" \/>Nei, dette produktet er kun tilgjengelig for <strong data-start=\"5869\" data-end=\"5903\">anerkjente forskningsinstitusjoner<\/strong>.<\/p>","protected":false},"excerpt":{"rendered":"<p>Produktbeskrivelse Flubromazepam 10 MG Box er en benzodiazepinforbindelse av forskningskvalitet utviklet for rettsmedisinsk, farmakologisk og analytisk forskning. Flubromazepams halveringstid Det er<\/p>","protected":false},"featured_media":21246,"comment_status":"closed","ping_status":"closed","template":"","meta":[],"product_brand":[82],"product_cat":[555],"product_tag":[139,140,142,141,143,326],"class_list":{"0":"post-24181","1":"product","2":"type-product","3":"status-publish","4":"has-post-thumbnail","6":"product_brand-research-chemical","7":"product_cat-b2b","8":"product_tag-flubromazepam-effects","9":"product_tag-flubromazepam-ervaring","10":"product_tag-flubromazepam-halfwaardetijd","11":"product_tag-flubromazepam-werking","12":"product_tag-how-to-test-flubromazepam-pellets","13":"product_tag-nl","15":"first","16":"instock","17":"taxable","18":"shipping-taxable","19":"purchasable","20":"product-type-variable"},"_links":{"self":[{"href":"https:\/\/onderzoekschemicals.com\/nb\/wp-json\/wp\/v2\/product\/24181","targetHints":{"allow":["GET"]}}],"collection":[{"href":"https:\/\/onderzoekschemicals.com\/nb\/wp-json\/wp\/v2\/product"}],"about":[{"href":"https:\/\/onderzoekschemicals.com\/nb\/wp-json\/wp\/v2\/types\/product"}],"replies":[{"embeddable":true,"href":"https:\/\/onderzoekschemicals.com\/nb\/wp-json\/wp\/v2\/comments?post=24181"}],"version-history":[{"count":4,"href":"https:\/\/onderzoekschemicals.com\/nb\/wp-json\/wp\/v2\/product\/24181\/revisions"}],"predecessor-version":[{"id":27837,"href":"https:\/\/onderzoekschemicals.com\/nb\/wp-json\/wp\/v2\/product\/24181\/revisions\/27837"}],"wp:featuredmedia":[{"embeddable":true,"href":"https:\/\/onderzoekschemicals.com\/nb\/wp-json\/wp\/v2\/media\/21246"}],"wp:attachment":[{"href":"https:\/\/onderzoekschemicals.com\/nb\/wp-json\/wp\/v2\/media?parent=24181"}],"wp:term":[{"taxonomy":"product_brand","embeddable":true,"href":"https:\/\/onderzoekschemicals.com\/nb\/wp-json\/wp\/v2\/product_brand?post=24181"},{"taxonomy":"product_cat","embeddable":true,"href":"https:\/\/onderzoekschemicals.com\/nb\/wp-json\/wp\/v2\/product_cat?post=24181"},{"taxonomy":"product_tag","embeddable":true,"href":"https:\/\/onderzoekschemicals.com\/nb\/wp-json\/wp\/v2\/product_tag?post=24181"}],"curies":[{"name":"wp","href":"https:\/\/api.w.org\/{rel}","templated":true}]}}