{"id":24157,"date":"2025-04-13T17:41:09","date_gmt":"2025-04-13T17:41:09","guid":{"rendered":"https:\/\/onderzoekschemicals.com\/?post_type=product&#038;p=24157"},"modified":"2025-10-12T21:04:15","modified_gmt":"2025-10-12T21:04:15","slug":"6-apb","status":"publish","type":"product","link":"https:\/\/onderzoekschemicals.com\/nb\/shop\/b2b\/6-apb\/","title":{"rendered":"Gul mandala"},"content":{"rendered":"<h3 data-start=\"4470\" data-end=\"4489\"><strong data-start=\"4474\" data-end=\"4489\">Introduksjon<\/strong><\/h3>\n<p data-start=\"4490\" data-end=\"4912\">De <strong data-start=\"4493\" data-end=\"4511\">Gul mandala<\/strong> legemliggj\u00f8r <strong data-start=\"4523\" data-end=\"4562\">lys, lykke og \u00e5ndelig oppv\u00e5kning<\/strong>Mandalaer, som stammer fra oldtiden <strong data-start=\"4594\" data-end=\"4640\">Buddhistiske og hinduistiske tradisjoner<\/strong>, symbolisere <strong data-start=\"4661\" data-end=\"4697\">enhet, balanse og universet<\/strong>De livlige gule tonene i denne mandalaen str\u00e5ler <strong data-start=\"4748\" data-end=\"4796\">positivitet, visdom og fornyet energi<\/strong> ut, i forbindelse med <strong data-start=\"4823\" data-end=\"4855\">Solar plexus chakra (Manipura)<\/strong> \u2013 sentrum for selvtillit og indre styrke. 6 apb<\/p>\n<p data-start=\"4914\" data-end=\"5054\">Enten du bruker den til <strong data-start=\"4940\" data-end=\"4979\">meditasjon, mindfulness eller dekorasjon<\/strong>, den <strong data-start=\"4984\" data-end=\"5002\">Gul mandala<\/strong> bringer lys, lysstyrke og glede til ethvert rom.<\/p>\n<hr data-start=\"5056\" data-end=\"5059\" \/>\n<h3 data-start=\"5061\" data-end=\"5092\"><strong data-start=\"5065\" data-end=\"5092\">Viktige funksjoner<\/strong><\/h3>\n<ul data-start=\"5093\" data-end=\"5657\">\n<li data-start=\"5093\" data-end=\"5200\">\n<p data-start=\"5095\" data-end=\"5200\"><strong data-start=\"5095\" data-end=\"5119\">Str\u00e5lende gul palett:<\/strong> Designet med varme, oppl\u00f8ftende farger som symboliserer lykke og opplysning.<\/p>\n<\/li>\n<li data-start=\"5201\" data-end=\"5316\">\n<p data-start=\"5203\" data-end=\"5316\"><strong data-start=\"5203\" data-end=\"5228\">\u00c5ndelig symbolikk:<\/strong> Tilknyttet <strong data-start=\"5249\" data-end=\"5270\">Solar plexus chakra<\/strong>, som fremmer styrke, motivasjon og balanse.<\/p>\n<\/li>\n<li data-start=\"5317\" data-end=\"5431\">\n<p data-start=\"5319\" data-end=\"5431\"><strong data-start=\"5319\" data-end=\"5338\">H\u00f8y kvalitet:<\/strong> Tilgjengelig p\u00e5 <strong data-start=\"5355\" data-end=\"5387\">lerret, plakat eller billedvev<\/strong>, med skarpe detaljer og langvarige farger.<\/p>\n<\/li>\n<li data-start=\"5432\" data-end=\"5555\">\n<p data-start=\"5434\" data-end=\"5555\"><strong data-start=\"5434\" data-end=\"5456\">Hellig geometri:<\/strong> Inspirert av tradisjonelle mandalaer som representerer kosmisk harmoni og konsentrasjon.<\/p>\n<\/li>\n<li data-start=\"5556\" data-end=\"5657\">\n<p data-start=\"5558\" data-end=\"5657\"><strong data-start=\"5558\" data-end=\"5581\">Allsidig bruk:<\/strong> Ideell for <strong data-start=\"5594\" data-end=\"5654\">hus, yogastudioer, terapirom eller meditasjonskroker<\/strong>.<\/p>\n<\/li>\n<\/ul>\n<hr data-start=\"5659\" data-end=\"5662\" \/>\n<h3 data-start=\"5664\" data-end=\"5681\"><strong data-start=\"5668\" data-end=\"5681\">Fordeler<\/strong><\/h3>\n<ul data-start=\"5682\" data-end=\"6140\">\n<li data-start=\"5682\" data-end=\"5782\">\n<p data-start=\"5684\" data-end=\"5782\"><strong data-start=\"5684\" data-end=\"5710\">\u00d8ker positiviteten:<\/strong> De gylne fargetonene <strong data-start=\"5728\" data-end=\"5779\">heve hum\u00f8ret og stimulere kreativiteten<\/strong>. 6 apr<\/p>\n<\/li>\n<li data-start=\"5783\" data-end=\"5885\">\n<p data-start=\"5785\" data-end=\"5885\"><strong data-start=\"5785\" data-end=\"5816\">\u00d8ker energi og fokus:<\/strong> Fremmer klarhet, motivasjon og konsentrasjon under meditasjon.<\/p>\n<\/li>\n<li data-start=\"5886\" data-end=\"5974\">\n<p data-start=\"5888\" data-end=\"5974\"><strong data-start=\"5888\" data-end=\"5919\">Symbol p\u00e5 selvtillit:<\/strong> Styrker indre styrke og emosjonell balanse.<\/p>\n<\/li>\n<li data-start=\"5975\" data-end=\"6067\">\n<p data-start=\"5977\" data-end=\"6067\"><strong data-start=\"5977\" data-end=\"6005\">Reduserer tretthet:<\/strong> Skaper en varm og innbydende atmosf\u00e6re som gjenoppretter energien.<\/p>\n<\/li>\n<li data-start=\"6068\" data-end=\"6140\">\n<p data-start=\"6070\" data-end=\"6140\"><strong data-start=\"6070\" data-end=\"6092\">Dekorativ aksent:<\/strong> Gir plass til alle <strong data-start=\"6111\" data-end=\"6137\">vitalitet og harmoni<\/strong>.<\/p>\n<\/li>\n<\/ul>\n<hr data-start=\"6142\" data-end=\"6145\" \/>\n<h3 data-start=\"6147\" data-end=\"6162\"><strong data-start=\"6151\" data-end=\"6162\">Bruk<\/strong><\/h3>\n<ol data-start=\"6163\" data-end=\"6603\">\n<li data-start=\"6163\" data-end=\"6280\">\n<p data-start=\"6166\" data-end=\"6280\"><strong data-start=\"6166\" data-end=\"6188\">Som veggdekorasjon:<\/strong> Heng opp <strong data-start=\"6197\" data-end=\"6215\">Gul mandala<\/strong> i oppholdsrom, kontorer eller studioer for en energisk atmosf\u00e6re.<\/p>\n<\/li>\n<li data-start=\"6281\" data-end=\"6399\">\n<p data-start=\"6284\" data-end=\"6399\"><strong data-start=\"6284\" data-end=\"6303\">For meditasjon:<\/strong> Fokuser blikket p\u00e5 midten av mandalaen og pust dypt for \u00e5 forbedre klarhet og fokus.<\/p>\n<\/li>\n<li data-start=\"6400\" data-end=\"6504\">\n<p data-start=\"6403\" data-end=\"6504\"><strong data-start=\"6403\" data-end=\"6420\">Under yoga:<\/strong> Bruk mandalaen som et fokuspunkt for \u00e5 stimulere motivasjon og indre styrke.<\/p>\n<\/li>\n<li data-start=\"6505\" data-end=\"6603\">\n<p data-start=\"6508\" data-end=\"6603\"><strong data-start=\"6508\" data-end=\"6523\">Som en gave:<\/strong> En meningsfull gave som <strong data-start=\"6554\" data-end=\"6587\">glede, vekst og opplysning<\/strong> symboliserer.<\/p>\n<\/li>\n<\/ol>\n<hr data-start=\"6605\" data-end=\"6608\" \/>\n<h3 data-start=\"6610\" data-end=\"6643\"><strong data-start=\"6614\" data-end=\"6643\">Ofte stilte sp\u00f8rsm\u00e5l (FAQ)<\/strong><\/h3>\n<p data-start=\"6645\" data-end=\"6819\"><strong data-start=\"6645\" data-end=\"6687\">1. Hva symboliserer den gule mandalaen?<\/strong><br data-start=\"6687\" data-end=\"6690\" \/>De <strong data-start=\"6693\" data-end=\"6711\">Gul mandala<\/strong> st\u00e5r for <strong data-start=\"6723\" data-end=\"6772\">lys, positivitet og \u00e5ndelig opplysning<\/strong>, og er koblet til <strong data-start=\"6797\" data-end=\"6818\">Solar plexus chakra<\/strong>.<\/p>\n<p data-start=\"6821\" data-end=\"6980\"><strong data-start=\"6821\" data-end=\"6878\">2. Kan jeg bruke den gule mandalaen til meditasjon?<\/strong><br data-start=\"6878\" data-end=\"6881\" \/>Ja, det hjelper med <strong data-start=\"6899\" data-end=\"6932\">energi, fokus og mindfulness<\/strong>, og st\u00f8tter balansen mellom kropp og sinn.<\/p>\n<p data-start=\"6982\" data-end=\"7177\"><strong data-start=\"6982\" data-end=\"7042\">3. Er den gule mandalaen egnet som interi\u00f8rdekorasjon?<\/strong><br data-start=\"7042\" data-end=\"7045\" \/>Definitivt. De varme gultonene og de symmetriske formene gj\u00f8r den perfekt for <strong data-start=\"7124\" data-end=\"7176\">stuer, yogastudioer og kunstrom<\/strong>.<\/p>\n<hr data-start=\"7179\" data-end=\"7182\" \/>\n<h3 data-start=\"7184\" data-end=\"7201\"><strong data-start=\"7188\" data-end=\"7201\">Konklusjon<\/strong><\/h3>\n<p data-start=\"7202\" data-end=\"7553\">De <strong data-start=\"7205\" data-end=\"7223\">Gul mandala<\/strong> er mer enn et kunstverk \u2013 det er en <strong data-start=\"7263\" data-end=\"7309\">kilde til lys, styrke og indre fred<\/strong>De livlige gule tonene bringer <strong data-start=\"7343\" data-end=\"7381\">varme, positivitet og inspirasjon<\/strong> i ethvert milj\u00f8. Enten du bruker den til <strong data-start=\"7426\" data-end=\"7477\">meditasjon, spiritualitet eller interi\u00f8rdekorasjon<\/strong>, den <strong data-start=\"7482\" data-end=\"7500\">Gul mandala<\/strong> fyller hvert rom med <strong data-start=\"7522\" data-end=\"7552\">energi, balanse og glede<\/strong>.<\/p>","protected":false},"excerpt":{"rendered":"<p>Innledning Den gule mandalaen legemliggj\u00f8r lys, lykke og \u00e5ndelig oppv\u00e5kning. Mandalaer, som stammer fra gamle buddhistiske og hinduistiske tradisjoner, symboliserer<\/p>","protected":false},"featured_media":20981,"comment_status":"closed","ping_status":"closed","template":"","meta":[],"product_brand":[82],"product_cat":[555],"product_tag":[124,117,126,131,130,125,326,127],"class_list":{"0":"post-24157","1":"product","2":"type-product","3":"status-publish","4":"has-post-thumbnail","6":"product_brand-research-chemical","7":"product_cat-b2b","8":"product_tag-6-apb","9":"product_tag-6-apb-benzo-fury","10":"product_tag-6-apb-kopen","11":"product_tag-6-apb-psychonaut","12":"product_tag-6-apb-ervaring","13":"product_tag-apb-6","14":"product_tag-nl","15":"product_tag-what-is-6-apb","17":"first","18":"instock","19":"taxable","20":"shipping-taxable","21":"purchasable","22":"product-type-variable"},"_links":{"self":[{"href":"https:\/\/onderzoekschemicals.com\/nb\/wp-json\/wp\/v2\/product\/24157","targetHints":{"allow":["GET"]}}],"collection":[{"href":"https:\/\/onderzoekschemicals.com\/nb\/wp-json\/wp\/v2\/product"}],"about":[{"href":"https:\/\/onderzoekschemicals.com\/nb\/wp-json\/wp\/v2\/types\/product"}],"replies":[{"embeddable":true,"href":"https:\/\/onderzoekschemicals.com\/nb\/wp-json\/wp\/v2\/comments?post=24157"}],"version-history":[{"count":4,"href":"https:\/\/onderzoekschemicals.com\/nb\/wp-json\/wp\/v2\/product\/24157\/revisions"}],"predecessor-version":[{"id":27849,"href":"https:\/\/onderzoekschemicals.com\/nb\/wp-json\/wp\/v2\/product\/24157\/revisions\/27849"}],"wp:featuredmedia":[{"embeddable":true,"href":"https:\/\/onderzoekschemicals.com\/nb\/wp-json\/wp\/v2\/media\/20981"}],"wp:attachment":[{"href":"https:\/\/onderzoekschemicals.com\/nb\/wp-json\/wp\/v2\/media?parent=24157"}],"wp:term":[{"taxonomy":"product_brand","embeddable":true,"href":"https:\/\/onderzoekschemicals.com\/nb\/wp-json\/wp\/v2\/product_brand?post=24157"},{"taxonomy":"product_cat","embeddable":true,"href":"https:\/\/onderzoekschemicals.com\/nb\/wp-json\/wp\/v2\/product_cat?post=24157"},{"taxonomy":"product_tag","embeddable":true,"href":"https:\/\/onderzoekschemicals.com\/nb\/wp-json\/wp\/v2\/product_tag?post=24157"}],"curies":[{"name":"wp","href":"https:\/\/api.w.org\/{rel}","templated":true}]}}