{"id":24154,"date":"2025-04-13T17:41:09","date_gmt":"2025-04-13T17:41:09","guid":{"rendered":"https:\/\/onderzoekschemicals.com\/?post_type=product&#038;p=24154"},"modified":"2025-10-12T20:57:52","modified_gmt":"2025-10-12T20:57:52","slug":"green-mandala","status":"publish","type":"product","link":"https:\/\/onderzoekschemicals.com\/nb\/shop\/b2b\/green-mandala\/","title":{"rendered":"Gr\u00f8nn mandala"},"content":{"rendered":"<h3 data-start=\"4598\" data-end=\"4617\"><strong data-start=\"4602\" data-end=\"4617\">Introduksjon<\/strong><\/h3>\n<p data-start=\"4618\" data-end=\"4961\">De <strong data-start=\"4621\" data-end=\"4638\">Gr\u00f8nn mandala<\/strong> symboliserer <strong data-start=\"4652\" data-end=\"4687\">fornyelse, helbredelse og balanse<\/strong>, og bringer kropp, sinn og sjel i harmoni gjennom den beroligende kraften i gr\u00f8nt. Mandalaer, som stammer fra antikken <strong data-start=\"4802\" data-end=\"4848\">Hinduistiske og buddhistiske tradisjoner<\/strong>, har blitt brukt i \u00e5rhundrer som spirituelle verkt\u00f8y for \u00e5 sentrere energi og gjenopprette balanse. Kj\u00f8p 4 fma<\/p>\n<p data-start=\"4963\" data-end=\"5283\">Gr\u00f8nn, naturens og livets farge, representerer <strong data-start=\"5018\" data-end=\"5060\">vekst, medf\u00f8lelse og emosjonell bedring<\/strong>Kombinert med mandalaens hellige geometri danner dette et kraftig symbol p\u00e5 <strong data-start=\"5151\" data-end=\"5198\">indre fred, fornyelse og mindfulness<\/strong>De <strong data-start=\"5203\" data-end=\"5220\">Gr\u00f8nn mandala<\/strong> forvandler ethvert rom til et <strong data-start=\"5250\" data-end=\"5282\">oase av fred og ro<\/strong>.<\/p>\n<hr data-start=\"5285\" data-end=\"5288\" \/>\n<h3 data-start=\"5290\" data-end=\"5321\"><strong data-start=\"5294\" data-end=\"5321\">Viktige funksjoner<\/strong><\/h3>\n<ul data-start=\"5322\" data-end=\"5849\">\n<li data-start=\"5322\" data-end=\"5424\">\n<p data-start=\"5324\" data-end=\"5424\"><strong data-start=\"5324\" data-end=\"5351\">Beroligende gr\u00f8nn palett:<\/strong> Laget med rike gr\u00f8nntoner som fremmer ro, balanse og helbredelse.<\/p>\n<\/li>\n<li data-start=\"5425\" data-end=\"5551\">\n<p data-start=\"5427\" data-end=\"5551\"><strong data-start=\"5427\" data-end=\"5450\">Symbolsk design:<\/strong> Representerer <strong data-start=\"5471\" data-end=\"5495\">Hjertechakra (Anahata)<\/strong> \u2013 sentrum for kj\u00e6rlighet, medf\u00f8lelse og tilknytning.<\/p>\n<\/li>\n<li data-start=\"5552\" data-end=\"5658\">\n<p data-start=\"5554\" data-end=\"5658\"><strong data-start=\"5554\" data-end=\"5573\">H\u00f8y kvalitet:<\/strong> Tilgjengelig som <strong data-start=\"5591\" data-end=\"5623\">lerret, plakat eller billedvev<\/strong> med livlige, langvarige farger.<\/p>\n<\/li>\n<li data-start=\"5659\" data-end=\"5761\">\n<p data-start=\"5661\" data-end=\"5761\"><strong data-start=\"5661\" data-end=\"5685\">Intrikat geometri:<\/strong> Basert p\u00e5 tradisjonell mandalakunst, et symbol p\u00e5 enhet og harmoni.<\/p>\n<\/li>\n<li data-start=\"5762\" data-end=\"5849\">\n<p data-start=\"5764\" data-end=\"5849\"><strong data-start=\"5764\" data-end=\"5786\">Allsidig design:<\/strong> Passer perfekt i begge <strong data-start=\"5809\" data-end=\"5846\">moderne og spirituelle interi\u00f8rer<\/strong>.<\/p>\n<\/li>\n<\/ul>\n<hr data-start=\"5851\" data-end=\"5854\" \/>\n<h3 data-start=\"5856\" data-end=\"5873\"><strong data-start=\"5860\" data-end=\"5873\">Fordeler<\/strong><\/h3>\n<ul data-start=\"5874\" data-end=\"6332\">\n<li data-start=\"5874\" data-end=\"5993\">\n<p data-start=\"5876\" data-end=\"5993\"><strong data-start=\"5876\" data-end=\"5909\">Fremmer helbredelse og balanse:<\/strong> Gr\u00f8nn hjelper <strong data-start=\"5922\" data-end=\"5960\">\u00e5 gjenopprette emosjonell balanse<\/strong> og skape indre fred.<\/p>\n<\/li>\n<li data-start=\"5994\" data-end=\"6073\">\n<p data-start=\"5996\" data-end=\"6073\"><strong data-start=\"5996\" data-end=\"6026\">St\u00f8tter hjertechakraet:<\/strong> Forsterket <strong data-start=\"6037\" data-end=\"6070\">kj\u00e6rlighet, empati og medf\u00f8lelse<\/strong>.<\/p>\n<\/li>\n<li data-start=\"6074\" data-end=\"6153\">\n<p data-start=\"6076\" data-end=\"6153\"><strong data-start=\"6076\" data-end=\"6103\">Stimulerer mindfulness:<\/strong> Ideell for <strong data-start=\"6116\" data-end=\"6150\">yoga, meditasjon eller avslapning<\/strong>.<\/p>\n<\/li>\n<li data-start=\"6154\" data-end=\"6243\">\n<p data-start=\"6156\" data-end=\"6243\"><strong data-start=\"6156\" data-end=\"6178\">Reduserer stress:<\/strong> De naturlige fargene fremkaller f\u00f8lelser av ro og fred.<\/p>\n<\/li>\n<li data-start=\"6244\" data-end=\"6332\">\n<p data-start=\"6246\" data-end=\"6332\"><strong data-start=\"6246\" data-end=\"6270\">Forbedret interi\u00f8r:<\/strong> Gir hvert rom en <strong data-start=\"6293\" data-end=\"6329\">rolig og stilig utseende<\/strong>.<\/p>\n<\/li>\n<\/ul>\n<hr data-start=\"6334\" data-end=\"6337\" \/>\n<h3 data-start=\"6339\" data-end=\"6354\"><strong data-start=\"6343\" data-end=\"6354\">Bruk<\/strong><\/h3>\n<ol data-start=\"6355\" data-end=\"6774\">\n<li data-start=\"6355\" data-end=\"6461\">\n<p data-start=\"6358\" data-end=\"6461\"><strong data-start=\"6358\" data-end=\"6380\">Som veggdekorasjon:<\/strong> Heng opp <strong data-start=\"6389\" data-end=\"6406\">Gr\u00f8nn mandala<\/strong> p\u00e5 soverom, yogastudioer eller avslapningsomr\u00e5der.<\/p>\n<\/li>\n<li data-start=\"6462\" data-end=\"6581\">\n<p data-start=\"6465\" data-end=\"6581\"><strong data-start=\"6465\" data-end=\"6484\">For meditasjon:<\/strong> Fokuser blikket ditt p\u00e5 midten av mandalaen og pust dypt mens du visualiserer gr\u00f8nn energi.<\/p>\n<\/li>\n<li data-start=\"6582\" data-end=\"6679\">\n<p data-start=\"6585\" data-end=\"6679\"><strong data-start=\"6585\" data-end=\"6602\">Under yoga:<\/strong> Bruk mandalaen som et fokuspunkt for \u00e5 forbedre konsentrasjon og jording.<\/p>\n<\/li>\n<li data-start=\"6680\" data-end=\"6774\">\n<p data-start=\"6683\" data-end=\"6774\"><strong data-start=\"6683\" data-end=\"6698\">Som en gave:<\/strong> En meningsfull gave som <strong data-start=\"6729\" data-end=\"6758\">kj\u00e6rlighet, vekst og harmoni<\/strong> symboliserer. Kj\u00f8p 4 fma<\/p>\n<\/li>\n<\/ol>\n<hr data-start=\"6776\" data-end=\"6779\" \/>\n<h3 data-start=\"6781\" data-end=\"6814\"><strong data-start=\"6785\" data-end=\"6814\">Ofte stilte sp\u00f8rsm\u00e5l (FAQ)<\/strong><\/h3>\n<p data-start=\"6816\" data-end=\"6992\"><strong data-start=\"6816\" data-end=\"6857\">1. Hva symboliserer den gr\u00f8nne mandalaen?<\/strong><br data-start=\"6857\" data-end=\"6860\" \/>De <strong data-start=\"6863\" data-end=\"6880\">Gr\u00f8nn mandala<\/strong> st\u00e5r for <strong data-start=\"6892\" data-end=\"6930\">helbredelse, medf\u00f8lelse, vekst og balanse<\/strong>, og bidrar til \u00e5 forsterke naturens og hjertets energi.<\/p>\n<p data-start=\"6994\" data-end=\"7166\"><strong data-start=\"6994\" data-end=\"7053\">2. Kan den gr\u00f8nne mandalaen brukes til meditasjon?<\/strong><br data-start=\"7053\" data-end=\"7056\" \/>Ja, det er et kraftig verkt\u00f8y for <strong data-start=\"7096\" data-end=\"7128\">mindfulness og chakrabalanse<\/strong>, hovedsakelig fokusert p\u00e5 <strong data-start=\"7151\" data-end=\"7165\">Hjertechakra<\/strong>.<\/p>\n<p data-start=\"7168\" data-end=\"7355\"><strong data-start=\"7168\" data-end=\"7228\">3. Er den gr\u00f8nne mandalaen egnet for interi\u00f8rdekorasjon?<\/strong><br data-start=\"7228\" data-end=\"7231\" \/>Definitivt. De rolige gr\u00f8nntonene og de symmetriske formene gj\u00f8r den ideell for <strong data-start=\"7310\" data-end=\"7354\">hjem, yogastudioer og velv\u00e6resentre<\/strong>.<\/p>\n<hr data-start=\"7357\" data-end=\"7360\" \/>\n<h3 data-start=\"7362\" data-end=\"7379\"><strong data-start=\"7366\" data-end=\"7379\">Konklusjon<\/strong><\/h3>\n<p data-start=\"7380\" data-end=\"7678\">De <strong data-start=\"7383\" data-end=\"7400\">Gr\u00f8nn mandala<\/strong> er mer enn et kunstverk \u2013 det er en <strong data-start=\"7440\" data-end=\"7489\">symbol p\u00e5 fred, kj\u00e6rlighet og \u00e5ndelig vekst<\/strong>Med sine naturlige gr\u00f8nne toner og hellige geometri bringer hun <strong data-start=\"7555\" data-end=\"7581\">fred, balanse og helbredelse<\/strong> i alle rom. Perfekt for alle som <strong data-start=\"7624\" data-end=\"7651\">harmoni og mindfulness<\/strong> \u00f8nsker \u00e5 bringe inn i livet sitt.<\/p>\n<p><a href=\"https:\/\/onderzoekschemicals.com\/nb\/shop\/lysergamides\/1cp-lsd-150-mcg\/\"><span dir=\"auto\" style=\"vertical-align: inherit;\"><span dir=\"auto\" style=\"vertical-align: inherit;\">1cP-LSD 150 MCG Kunstpapir <\/span><\/span><\/a><a href=\"https:\/\/onderzoekschemicals.com\/nb\/shop\/pellets\/o-dsmt-50mg-pellets\/\"><span dir=\"auto\" style=\"vertical-align: inherit;\"><span dir=\"auto\" style=\"vertical-align: inherit;\">O-DSMT 50 mg pellets <\/span><\/span><\/a><a href=\"https:\/\/onderzoekschemicals.com\/nb\/shop\/lysergamides\/1v-lsd-150-mcg-blotters\/\"><span dir=\"auto\" style=\"vertical-align: inherit;\"><span dir=\"auto\" style=\"vertical-align: inherit;\">1V-LSD 150 MCG Blottere <\/span><\/span><\/a><a href=\"https:\/\/onderzoekschemicals.com\/nb\/shop\/cathinonen\/2-cmc-kopen\/\"><span dir=\"auto\" style=\"vertical-align: inherit;\"><span dir=\"auto\" style=\"vertical-align: inherit;\">2-CMC 250 mg pellets <\/span><\/span><\/a><a href=\"https:\/\/onderzoekschemicals.com\/nb\/shop\/fenethylamine\/2c-ef-2mg-capsules\/\"><span dir=\"auto\" style=\"vertical-align: inherit;\"><span dir=\"auto\" style=\"vertical-align: inherit;\">2C-EF 2 mg kapsler<\/span><\/span><\/a><\/p>","protected":false},"excerpt":{"rendered":"<p>Introductie De Green Mandala symboliseert vernieuwing, genezing en balans, en brengt lichaam, geest en ziel in harmonie door de rustgevende<\/p>","protected":false},"featured_media":20763,"comment_status":"closed","ping_status":"closed","template":"","meta":[],"product_brand":[],"product_cat":[555],"product_tag":[629,644,326],"class_list":{"0":"post-24154","1":"product","2":"type-product","3":"status-publish","4":"has-post-thumbnail","6":"product_cat-b2b","7":"product_tag-4-fma-kopen","8":"product_tag-4-fma","9":"product_tag-nl","11":"first","12":"instock","13":"taxable","14":"shipping-taxable","15":"purchasable","16":"product-type-variable"},"_links":{"self":[{"href":"https:\/\/onderzoekschemicals.com\/nb\/wp-json\/wp\/v2\/product\/24154","targetHints":{"allow":["GET"]}}],"collection":[{"href":"https:\/\/onderzoekschemicals.com\/nb\/wp-json\/wp\/v2\/product"}],"about":[{"href":"https:\/\/onderzoekschemicals.com\/nb\/wp-json\/wp\/v2\/types\/product"}],"replies":[{"embeddable":true,"href":"https:\/\/onderzoekschemicals.com\/nb\/wp-json\/wp\/v2\/comments?post=24154"}],"version-history":[{"count":4,"href":"https:\/\/onderzoekschemicals.com\/nb\/wp-json\/wp\/v2\/product\/24154\/revisions"}],"predecessor-version":[{"id":27848,"href":"https:\/\/onderzoekschemicals.com\/nb\/wp-json\/wp\/v2\/product\/24154\/revisions\/27848"}],"wp:featuredmedia":[{"embeddable":true,"href":"https:\/\/onderzoekschemicals.com\/nb\/wp-json\/wp\/v2\/media\/20763"}],"wp:attachment":[{"href":"https:\/\/onderzoekschemicals.com\/nb\/wp-json\/wp\/v2\/media?parent=24154"}],"wp:term":[{"taxonomy":"product_brand","embeddable":true,"href":"https:\/\/onderzoekschemicals.com\/nb\/wp-json\/wp\/v2\/product_brand?post=24154"},{"taxonomy":"product_cat","embeddable":true,"href":"https:\/\/onderzoekschemicals.com\/nb\/wp-json\/wp\/v2\/product_cat?post=24154"},{"taxonomy":"product_tag","embeddable":true,"href":"https:\/\/onderzoekschemicals.com\/nb\/wp-json\/wp\/v2\/product_tag?post=24154"}],"curies":[{"name":"wp","href":"https:\/\/api.w.org\/{rel}","templated":true}]}}