{"id":24151,"date":"2025-04-13T17:41:09","date_gmt":"2025-04-13T17:41:09","guid":{"rendered":"https:\/\/onderzoekschemicals.com\/?post_type=product&#038;p=24151"},"modified":"2025-10-12T20:55:59","modified_gmt":"2025-10-12T20:55:59","slug":"blue-mandala","status":"publish","type":"product","link":"https:\/\/onderzoekschemicals.com\/nb\/shop\/b2b\/blue-mandala\/","title":{"rendered":"Bl\u00e5 mandala"},"content":{"rendered":"<h3 data-start=\"4391\" data-end=\"4410\"><strong data-start=\"4395\" data-end=\"4410\">Introduksjon<\/strong><\/h3>\n<p data-start=\"4411\" data-end=\"4810\">De <strong data-start=\"4414\" data-end=\"4430\">Bl\u00e5 mandala<\/strong> er et vakkert symbol p\u00e5 <strong data-start=\"4459\" data-end=\"4499\">fred, balanse og \u00e5ndelig harmoni<\/strong>Mandalaer, som stammer fra gamle buddhistiske og hinduistiske tradisjoner, representerer universet og livets enhet. De beroligende bl\u00e5fargene i denne mandalaen gjenspeiler <strong data-start=\"4698\" data-end=\"4746\">havets dyp og himmelens ro<\/strong>, som fremmer avslapning, bevissthet og emosjonell gjenoppretting. Kj\u00f8p 4 fma<\/p>\n<p data-start=\"4812\" data-end=\"4972\">Enten du bruker den som veggdekorasjon, et meditasjonsfokus eller i et yogarom, <strong data-start=\"4892\" data-end=\"4908\">Bl\u00e5 mandala<\/strong> forvandler ethvert milj\u00f8 til en <strong data-start=\"4940\" data-end=\"4971\">oase av fred og klarhet<\/strong>.<\/p>\n<hr data-start=\"4974\" data-end=\"4977\" \/>\n<h3 data-start=\"4979\" data-end=\"5010\"><strong data-start=\"4983\" data-end=\"5010\">Viktige funksjoner<\/strong><\/h3>\n<ul data-start=\"5011\" data-end=\"5579\">\n<li data-start=\"5011\" data-end=\"5120\">\n<p data-start=\"5013\" data-end=\"5120\"><strong data-start=\"5013\" data-end=\"5033\">Elegant design:<\/strong> Fint detaljerte geometriske m\u00f8nstre som utstr\u00e5ler visuell balanse og harmoni.<\/p>\n<\/li>\n<li data-start=\"5121\" data-end=\"5221\">\n<p data-start=\"5123\" data-end=\"5221\"><strong data-start=\"5123\" data-end=\"5149\">Beroligende bl\u00e5 palett:<\/strong> Ulike nyanser av bl\u00e5tt skaper en beroligende og meditativ atmosf\u00e6re.<\/p>\n<\/li>\n<li data-start=\"5222\" data-end=\"5330\">\n<p data-start=\"5224\" data-end=\"5330\"><strong data-start=\"5224\" data-end=\"5243\">H\u00f8y kvalitet:<\/strong> Tilgjengelig p\u00e5 <strong data-start=\"5260\" data-end=\"5292\">lerret, billedvev eller plakat<\/strong>, med livlige og langvarige farger.<\/p>\n<\/li>\n<li data-start=\"5331\" data-end=\"5469\">\n<p data-start=\"5333\" data-end=\"5469\"><strong data-start=\"5333\" data-end=\"5359\">Symbolsk betydning:<\/strong> Representerer <strong data-start=\"5377\" data-end=\"5425\">fred, sannhet, klarhet og selvutfoldelse<\/strong>, koblet til halschakraet (Vishuddha).<\/p>\n<\/li>\n<li data-start=\"5470\" data-end=\"5579\">\n<p data-start=\"5472\" data-end=\"5579\"><strong data-start=\"5472\" data-end=\"5495\">Allsidig bruk:<\/strong> Perfekt for <strong data-start=\"5509\" data-end=\"5576\">hjemmeinnredning, yogastudioer, meditasjonskroker eller terapirom<\/strong>. 4 fma-kj\u00f8p<\/p>\n<\/li>\n<\/ul>\n<hr data-start=\"5581\" data-end=\"5584\" \/>\n<h3 data-start=\"5586\" data-end=\"5603\"><strong data-start=\"5590\" data-end=\"5603\">Fordeler<\/strong><\/h3>\n<ul data-start=\"5604\" data-end=\"6131\">\n<li data-start=\"5604\" data-end=\"5702\">\n<p data-start=\"5606\" data-end=\"5702\"><strong data-start=\"5606\" data-end=\"5632\">Fremmer avslapning:<\/strong> De myke bl\u00e5tonene hjelper <strong data-start=\"5662\" data-end=\"5699\">for \u00e5 redusere stress og spenning<\/strong>.<\/p>\n<\/li>\n<li data-start=\"5703\" data-end=\"5809\">\n<p data-start=\"5705\" data-end=\"5809\"><strong data-start=\"5705\" data-end=\"5745\">\u00d8ker konsentrasjon og klarhet:<\/strong> Ideell for meditasjon eller mindfulness for \u00e5 roe ned sinnet.<\/p>\n<\/li>\n<li data-start=\"5810\" data-end=\"5913\">\n<p data-start=\"5812\" data-end=\"5913\"><strong data-start=\"5812\" data-end=\"5840\">Stimulerer kreativitet:<\/strong> Den symmetriske designen fremmer <strong data-start=\"5878\" data-end=\"5910\">mental balanse og inspirasjon<\/strong>.<\/p>\n<\/li>\n<li data-start=\"5914\" data-end=\"6006\">\n<p data-start=\"5916\" data-end=\"6006\"><strong data-start=\"5916\" data-end=\"5940\">Forskj\u00f8nner interi\u00f8ret:<\/strong> Gir hvert rom en <strong data-start=\"5963\" data-end=\"6003\">\u00e5ndelig og kunstnerisk fremtoning<\/strong>.<\/p>\n<\/li>\n<li data-start=\"6007\" data-end=\"6131\">\n<p data-start=\"6009\" data-end=\"6131\"><strong data-start=\"6009\" data-end=\"6046\">St\u00f8tter emosjonell balanse:<\/strong> Tilknyttet <strong data-start=\"6064\" data-end=\"6100\">ro, sannhet og kommunikasjon<\/strong>, som bringer indre fred.<\/p>\n<\/li>\n<\/ul>\n<hr data-start=\"6133\" data-end=\"6136\" \/>\n<h3 data-start=\"6138\" data-end=\"6153\"><strong data-start=\"6142\" data-end=\"6153\">Bruk<\/strong><\/h3>\n<ol data-start=\"6154\" data-end=\"6601\">\n<li data-start=\"6154\" data-end=\"6270\">\n<p data-start=\"6157\" data-end=\"6270\"><strong data-start=\"6157\" data-end=\"6179\">Som veggdekorasjon:<\/strong> Heng den bl\u00e5 mandalaen i stuen, soverommet eller meditasjonshj\u00f8rnet for en rolig atmosf\u00e6re.<\/p>\n<\/li>\n<li data-start=\"6271\" data-end=\"6373\">\n<p data-start=\"6274\" data-end=\"6373\"><strong data-start=\"6274\" data-end=\"6293\">For meditasjon:<\/strong> Fokuser blikket p\u00e5 midten av mandalaen og pust dypt for \u00e5 roe deg ned.<\/p>\n<\/li>\n<li data-start=\"6374\" data-end=\"6482\">\n<p data-start=\"6377\" data-end=\"6482\"><strong data-start=\"6377\" data-end=\"6394\">Under yoga:<\/strong> Bruk mandalaen som et visuelt fokuspunkt for \u00e5 forbedre konsentrasjon og pust.<\/p>\n<\/li>\n<li data-start=\"6483\" data-end=\"6601\">\n<p data-start=\"6486\" data-end=\"6601\"><strong data-start=\"6486\" data-end=\"6501\">Som en gave:<\/strong> En meningsfull gave til alle som leter etter <strong data-start=\"6562\" data-end=\"6598\">\u00e5ndelig balanse og avslapning<\/strong>.<\/p>\n<\/li>\n<\/ol>\n<hr data-start=\"6603\" data-end=\"6606\" \/>\n<h3 data-start=\"6608\" data-end=\"6641\"><strong data-start=\"6612\" data-end=\"6641\">Ofte stilte sp\u00f8rsm\u00e5l (FAQ)<\/strong><\/h3>\n<p data-start=\"6643\" data-end=\"6808\"><strong data-start=\"6643\" data-end=\"6683\">1. Hva symboliserer den bl\u00e5 mandalaen?<\/strong><br data-start=\"6683\" data-end=\"6686\" \/>Den bl\u00e5 mandalaen symboliserer <strong data-start=\"6715\" data-end=\"6757\">fred, harmoni og indre sannhet<\/strong>, og st\u00f8tter meditasjon og emosjonell balanse.<\/p>\n<p data-start=\"6810\" data-end=\"6994\"><strong data-start=\"6810\" data-end=\"6876\">2. Kan den bl\u00e5 mandalaen brukes som interi\u00f8rdekorasjon?<\/strong><br data-start=\"6876\" data-end=\"6879\" \/>Ja, de beroligende bl\u00e5nyansene er ideelle for <strong data-start=\"6925\" data-end=\"6961\">beroligende energi og skj\u00f8nnhet<\/strong> \u00e5 legge til i ethvert interi\u00f8r.<\/p>\n<p data-start=\"6996\" data-end=\"7173\"><strong data-start=\"6996\" data-end=\"7055\">3. I hvilke materialer er den bl\u00e5 mandalaen tilgjengelig?<\/strong><br data-start=\"7055\" data-end=\"7058\" \/>Mandalaen er tilgjengelig p\u00e5 <strong data-start=\"7088\" data-end=\"7123\">lerret, plakater eller billedvev<\/strong>, avhengig av \u00f8nsket stil og bruksomr\u00e5de.<\/p>\n<hr data-start=\"7175\" data-end=\"7178\" \/>\n<h3 data-start=\"7180\" data-end=\"7197\"><strong data-start=\"7184\" data-end=\"7197\">Konklusjon<\/strong><\/h3>\n<p data-start=\"7198\" data-end=\"7529\">De <strong data-start=\"7201\" data-end=\"7217\">Bl\u00e5 mandala<\/strong> er mer enn bare et dekorativt kunstverk \u2013 det er en <strong data-start=\"7274\" data-end=\"7325\">symbol p\u00e5 fred, visdom og indre balanse<\/strong>Med sin harmoniske form og beroligende fargevalg bringer den <strong data-start=\"7391\" data-end=\"7427\">fred, inspirasjon og mindfulness<\/strong> i alle rom. Perfekt for de som leter etter <strong data-start=\"7477\" data-end=\"7528\">\u00e5ndelig ro og estetisk skj\u00f8nnhet<\/strong>.<\/p>\n<p><a href=\"https:\/\/onderzoekschemicals.com\/nb\/shop\/lysergamides\/1cp-lsd-150-mcg\/\"><span dir=\"auto\" style=\"vertical-align: inherit;\"><span dir=\"auto\" style=\"vertical-align: inherit;\">1cP-LSD 150 MCG Kunstpapir <\/span><\/span><\/a><a href=\"https:\/\/onderzoekschemicals.com\/nb\/shop\/pellets\/o-dsmt-50mg-pellets\/\"><span dir=\"auto\" style=\"vertical-align: inherit;\"><span dir=\"auto\" style=\"vertical-align: inherit;\">O-DSMT 50 mg pellets <\/span><\/span><\/a><a href=\"https:\/\/onderzoekschemicals.com\/nb\/shop\/lysergamides\/1v-lsd-150-mcg-blotters\/\"><span dir=\"auto\" style=\"vertical-align: inherit;\"><span dir=\"auto\" style=\"vertical-align: inherit;\">1V-LSD 150 MCG Blottere <\/span><\/span><\/a><a href=\"https:\/\/onderzoekschemicals.com\/nb\/shop\/cathinonen\/2-cmc-kopen\/\"><span dir=\"auto\" style=\"vertical-align: inherit;\"><span dir=\"auto\" style=\"vertical-align: inherit;\">2-CMC 250 mg pellets <\/span><\/span><\/a><a href=\"https:\/\/onderzoekschemicals.com\/nb\/shop\/fenethylamine\/2c-ef-2mg-capsules\/\"><span dir=\"auto\" style=\"vertical-align: inherit;\"><span dir=\"auto\" style=\"vertical-align: inherit;\">2C-EF 2 mg kapsler<\/span><\/span><\/a><\/p>","protected":false},"excerpt":{"rendered":"<p>Introductie De Blue Mandala is een prachtig symbool van vrede, balans en spirituele harmonie. Mandala\u2019s, afkomstig uit oude boeddhistische en<\/p>","protected":false},"featured_media":20682,"comment_status":"closed","ping_status":"closed","template":"","meta":[],"product_brand":[],"product_cat":[555],"product_tag":[629,644,326],"class_list":{"0":"post-24151","1":"product","2":"type-product","3":"status-publish","4":"has-post-thumbnail","6":"product_cat-b2b","7":"product_tag-4-fma-kopen","8":"product_tag-4-fma","9":"product_tag-nl","11":"first","12":"instock","13":"taxable","14":"shipping-taxable","15":"purchasable","16":"product-type-variable"},"_links":{"self":[{"href":"https:\/\/onderzoekschemicals.com\/nb\/wp-json\/wp\/v2\/product\/24151","targetHints":{"allow":["GET"]}}],"collection":[{"href":"https:\/\/onderzoekschemicals.com\/nb\/wp-json\/wp\/v2\/product"}],"about":[{"href":"https:\/\/onderzoekschemicals.com\/nb\/wp-json\/wp\/v2\/types\/product"}],"replies":[{"embeddable":true,"href":"https:\/\/onderzoekschemicals.com\/nb\/wp-json\/wp\/v2\/comments?post=24151"}],"version-history":[{"count":4,"href":"https:\/\/onderzoekschemicals.com\/nb\/wp-json\/wp\/v2\/product\/24151\/revisions"}],"predecessor-version":[{"id":27847,"href":"https:\/\/onderzoekschemicals.com\/nb\/wp-json\/wp\/v2\/product\/24151\/revisions\/27847"}],"wp:featuredmedia":[{"embeddable":true,"href":"https:\/\/onderzoekschemicals.com\/nb\/wp-json\/wp\/v2\/media\/20682"}],"wp:attachment":[{"href":"https:\/\/onderzoekschemicals.com\/nb\/wp-json\/wp\/v2\/media?parent=24151"}],"wp:term":[{"taxonomy":"product_brand","embeddable":true,"href":"https:\/\/onderzoekschemicals.com\/nb\/wp-json\/wp\/v2\/product_brand?post=24151"},{"taxonomy":"product_cat","embeddable":true,"href":"https:\/\/onderzoekschemicals.com\/nb\/wp-json\/wp\/v2\/product_cat?post=24151"},{"taxonomy":"product_tag","embeddable":true,"href":"https:\/\/onderzoekschemicals.com\/nb\/wp-json\/wp\/v2\/product_tag?post=24151"}],"curies":[{"name":"wp","href":"https:\/\/api.w.org\/{rel}","templated":true}]}}