{"id":24148,"date":"2025-04-13T17:41:08","date_gmt":"2025-04-13T17:41:08","guid":{"rendered":"https:\/\/onderzoekschemicals.com\/?post_type=product&#038;p=24148"},"modified":"2025-10-14T07:52:32","modified_gmt":"2025-10-14T07:52:32","slug":"purple-mandala","status":"publish","type":"product","link":"https:\/\/onderzoekschemicals.com\/nb\/shop\/b2b\/purple-mandala\/","title":{"rendered":"Lilla mandala"},"content":{"rendered":"<h3 data-start=\"4465\" data-end=\"4486\"><strong data-start=\"4469\" data-end=\"4484\">Introduksjon<\/strong><\/h3>\n<p data-start=\"4487\" data-end=\"4863\">De <strong data-start=\"4490\" data-end=\"4508\">Lilla mandala<\/strong> Mer enn et kunstverk, er den lilla mandalaen et tidl\u00f8st symbol p\u00e5 harmoni, balanse og \u00e5ndelig bevissthet. Med sine delikate m\u00f8nstre og rike lilla fargetoner utstr\u00e5ler dette designet ro, kreativitet og positivitet. Enten den brukes som veggdekorasjon, meditasjonshjelpemiddel eller yogapynt, bringer den lilla mandalaen ro og inspirasjon til ethvert rom.<\/p>\n<p data-start=\"4865\" data-end=\"5126\">Mandalaen, dypt forankret i eldgamle spirituelle tradisjoner, symboliserer universet og reisen til selvinnsikt. Fargen <strong data-start=\"4996\" data-end=\"5005\">lilla<\/strong> \u2013 assosiert med visdom, intuisjon og opplysning \u2013 forsterker den beroligende og meditative effekten til dette kunstverket.<\/p>\n<hr data-start=\"5128\" data-end=\"5131\" \/>\n<h3 data-start=\"5133\" data-end=\"5166\"><strong data-start=\"5137\" data-end=\"5164\">Viktige funksjoner<\/strong><\/h3>\n<ul data-start=\"5167\" data-end=\"5812\">\n<li data-start=\"5167\" data-end=\"5257\">\n<p data-start=\"5169\" data-end=\"5257\"><strong data-start=\"5169\" data-end=\"5189\">Dyp symbolikk:<\/strong> Representerer \u00e5ndelig vekst, balanse og universell harmoni.<\/p>\n<\/li>\n<li data-start=\"5258\" data-end=\"5357\">\n<p data-start=\"5260\" data-end=\"5357\"><strong data-start=\"5260\" data-end=\"5281\">Livlig design:<\/strong> Kombinerer dyp lilla og syrinfarget nyanser som fremkaller kreativitet og ro.<\/p>\n<\/li>\n<li data-start=\"5358\" data-end=\"5483\">\n<p data-start=\"5360\" data-end=\"5483\"><strong data-start=\"5360\" data-end=\"5388\">Materialer av h\u00f8y kvalitet:<\/strong> Tilgjengelig som trykk, lerret, veggteppe eller digital fil (avhengig av produkttype).<\/p>\n<\/li>\n<li data-start=\"5484\" data-end=\"5593\">\n<p data-start=\"5486\" data-end=\"5593\"><strong data-start=\"5486\" data-end=\"5509\">Allsidig bruk:<\/strong> Perfekt til veggdekor, meditasjonshj\u00f8rner, yogastudioer eller mindfulness-rom.<\/p>\n<\/li>\n<li data-start=\"5594\" data-end=\"5699\">\n<p data-start=\"5596\" data-end=\"5699\"><strong data-start=\"5596\" data-end=\"5629\">B\u00e6rekraftig og milj\u00f8vennlig:<\/strong> Trykt med giftfri, fargeekte blekk p\u00e5 slitesterke materialer.<\/p>\n<\/li>\n<li data-start=\"5700\" data-end=\"5812\">\n<p data-start=\"5702\" data-end=\"5812\"><strong data-start=\"5702\" data-end=\"5726\">Meningsfull gave:<\/strong> En vakker gave til spirituelle s\u00f8kere, kunstnere og meditasjonsentusiaster.<\/p>\n<\/li>\n<\/ul>\n<hr data-start=\"5814\" data-end=\"5817\" \/>\n<h3 data-start=\"5819\" data-end=\"5838\"><strong data-start=\"5823\" data-end=\"5836\">Fordeler<\/strong><\/h3>\n<p data-start=\"5839\" data-end=\"5980\">\u2705 <strong data-start=\"5841\" data-end=\"5874\">Fremmer avslapning og fokus<\/strong> \u2013 Mandalas symmetriske geometri bidrar til \u00e5 roe sinnet og forbedre konsentrasjonen.<\/p>\n<p data-start=\"5982\" data-end=\"6127\">\u2705 <strong data-start=\"5984\" data-end=\"6008\">Beriker ethvert rom<\/strong> \u2013 De lilla tonene tilf\u00f8rer eleganse og ro til ethvert interi\u00f8r \u2013 ideelt for stuer, soverom og studioer.<\/p>\n<p data-start=\"6129\" data-end=\"6241\">\u2705 <strong data-start=\"6131\" data-end=\"6151\">Sterk symbolikk<\/strong> \u2013 Den lilla mandalaen er en daglig p\u00e5minnelse om balanse, mindfulness og indre harmoni.<\/p>\n<p data-start=\"6243\" data-end=\"6349\">\u2705 <strong data-start=\"6245\" data-end=\"6269\">Slitesterk og fargeekte<\/strong> \u2013 Laget av materialer av h\u00f8y kvalitet som sikrer langvarig livlighet.<\/p>\n<p data-start=\"6351\" data-end=\"6463\">\u2705 <strong data-start=\"6353\" data-end=\"6389\">Stimulerer \u00e5ndelig forbindelse<\/strong> \u2013 Designets dybde oppmuntrer til selvrefleksjon og bevissthet. Lilla mandala<\/p>\n<hr data-start=\"6465\" data-end=\"6468\" \/>\n<h3 data-start=\"6470\" data-end=\"6496\"><strong data-start=\"6474\" data-end=\"6494\">Slik bruker du<\/strong><\/h3>\n<blockquote data-start=\"6497\" data-end=\"6608\">\n<p data-start=\"6499\" data-end=\"6608\">\ud83e\udeb7 <em data-start=\"6502\" data-end=\"6608\">Bruk den lilla mandalaen til \u00e5 skape en beroligende og positiv atmosf\u00e6re hjemme eller under meditasjon.<\/em><\/p>\n<\/blockquote>\n<ol data-start=\"6610\" data-end=\"7053\">\n<li data-start=\"6610\" data-end=\"6730\">\n<p data-start=\"6613\" data-end=\"6730\"><strong data-start=\"6613\" data-end=\"6635\">Som veggdekorasjon:<\/strong> Heng mandalaen i et meditasjonsrom, yogastudio eller soverom for en beroligende effekt.<\/p>\n<\/li>\n<li data-start=\"6731\" data-end=\"6839\">\n<p data-start=\"6734\" data-end=\"6839\"><strong data-start=\"6734\" data-end=\"6752\">I meditasjon:<\/strong> Fokuser blikket ditt p\u00e5 midten av mandalaen og la tankene dine sakte falle til ro.<\/p>\n<\/li>\n<li data-start=\"6840\" data-end=\"6939\">\n<p data-start=\"6843\" data-end=\"6939\"><strong data-start=\"6843\" data-end=\"6862\">I yogarommene:<\/strong> Bruk mandalaen som en dekorativ bakgrunn for en beroligende atmosf\u00e6re.<\/p>\n<\/li>\n<li data-start=\"6940\" data-end=\"7053\">\n<p data-start=\"6943\" data-end=\"7053\"><strong data-start=\"6943\" data-end=\"6958\">Som en gave:<\/strong> En spesiell og symbolsk gave til alle som setter pris p\u00e5 fred, balanse og skj\u00f8nnhet.<\/p>\n<\/li>\n<\/ol>\n<hr data-start=\"7055\" data-end=\"7058\" \/>\n<h3 data-start=\"7060\" data-end=\"7095\"><strong data-start=\"7064\" data-end=\"7093\">Ofte stilte sp\u00f8rsm\u00e5l (FAQ)<\/strong><\/h3>\n<p data-start=\"7097\" data-end=\"7332\"><strong data-start=\"7097\" data-end=\"7139\">1. Hva symboliserer den lilla mandalaen?<\/strong><br data-start=\"7139\" data-end=\"7142\" \/>Den lilla mandalaen representerer \u00e5ndelig bevissthet, balanse og transformasjon. Lilla er fargen for visdom og opplysning, mens sirkelen representerer uendelighet og harmoni.<\/p>\n<p data-start=\"7334\" data-end=\"7504\"><strong data-start=\"7334\" data-end=\"7382\">2. Passer den lilla mandalaen til alle interi\u00f8rer?<\/strong><br data-start=\"7382\" data-end=\"7385\" \/>Ja. Takket v\u00e6re det tidl\u00f8se, symmetriske designet og de myke tonene passer den til b\u00e5de moderne og bohemske interi\u00f8rer.<\/p>\n<p data-start=\"7506\" data-end=\"7682\"><strong data-start=\"7506\" data-end=\"7550\">3. Hvordan vedlikeholder jeg den lilla mandalaen min?<\/strong><br data-start=\"7550\" data-end=\"7553\" \/>Unng\u00e5 direkte sollys og fuktighet. Rengj\u00f8r lerret eller stoff forsiktig med en t\u00f8rr, myk klut for \u00e5 bevare farge og detaljer.<\/p>\n<p><a href=\"https:\/\/onderzoekschemicals.com\/nb\/shop\/lysergamides\/1cp-lsd-150-mcg\/\"><span dir=\"auto\" style=\"vertical-align: inherit;\"><span dir=\"auto\" style=\"vertical-align: inherit;\">1cP-LSD 150 MCG Kunstpapir <\/span><\/span><\/a><a href=\"https:\/\/onderzoekschemicals.com\/nb\/shop\/pellets\/o-dsmt-50mg-pellets\/\"><span dir=\"auto\" style=\"vertical-align: inherit;\"><span dir=\"auto\" style=\"vertical-align: inherit;\">O-DSMT 50 mg pellets <\/span><\/span><\/a><a href=\"https:\/\/onderzoekschemicals.com\/nb\/shop\/lysergamides\/1v-lsd-150-mcg-blotters\/\"><span dir=\"auto\" style=\"vertical-align: inherit;\"><span dir=\"auto\" style=\"vertical-align: inherit;\">1V-LSD 150 MCG Blottere <\/span><\/span><\/a><a href=\"https:\/\/onderzoekschemicals.com\/nb\/shop\/bijna-verboden\/6-cl-adba\/\"><span dir=\"auto\" style=\"vertical-align: inherit;\"><span dir=\"auto\" style=\"vertical-align: inherit;\">6-CL-ADBA <\/span><\/span><\/a><a href=\"https:\/\/onderzoekschemicals.com\/nb\/shop\/cathinonen\/2-cmc-kopen\/\"><span dir=\"auto\" style=\"vertical-align: inherit;\"><span dir=\"auto\" style=\"vertical-align: inherit;\">2-CMC 250 mg pellets<\/span><\/span><\/a><\/p>","protected":false},"excerpt":{"rendered":"<p>Introductie De Paarse Mandala is meer dan een kunstwerk \u2013 het is een tijdloos symbool van harmonie, balans en spiritueel<\/p>","protected":false},"featured_media":20635,"comment_status":"closed","ping_status":"closed","template":"","meta":[],"product_brand":[],"product_cat":[555],"product_tag":[629,644,326],"class_list":{"0":"post-24148","1":"product","2":"type-product","3":"status-publish","4":"has-post-thumbnail","6":"product_cat-b2b","7":"product_tag-4-fma-kopen","8":"product_tag-4-fma","9":"product_tag-nl","11":"first","12":"instock","13":"taxable","14":"shipping-taxable","15":"purchasable","16":"product-type-variable"},"_links":{"self":[{"href":"https:\/\/onderzoekschemicals.com\/nb\/wp-json\/wp\/v2\/product\/24148","targetHints":{"allow":["GET"]}}],"collection":[{"href":"https:\/\/onderzoekschemicals.com\/nb\/wp-json\/wp\/v2\/product"}],"about":[{"href":"https:\/\/onderzoekschemicals.com\/nb\/wp-json\/wp\/v2\/types\/product"}],"replies":[{"embeddable":true,"href":"https:\/\/onderzoekschemicals.com\/nb\/wp-json\/wp\/v2\/comments?post=24148"}],"version-history":[{"count":4,"href":"https:\/\/onderzoekschemicals.com\/nb\/wp-json\/wp\/v2\/product\/24148\/revisions"}],"predecessor-version":[{"id":27873,"href":"https:\/\/onderzoekschemicals.com\/nb\/wp-json\/wp\/v2\/product\/24148\/revisions\/27873"}],"wp:featuredmedia":[{"embeddable":true,"href":"https:\/\/onderzoekschemicals.com\/nb\/wp-json\/wp\/v2\/media\/20635"}],"wp:attachment":[{"href":"https:\/\/onderzoekschemicals.com\/nb\/wp-json\/wp\/v2\/media?parent=24148"}],"wp:term":[{"taxonomy":"product_brand","embeddable":true,"href":"https:\/\/onderzoekschemicals.com\/nb\/wp-json\/wp\/v2\/product_brand?post=24148"},{"taxonomy":"product_cat","embeddable":true,"href":"https:\/\/onderzoekschemicals.com\/nb\/wp-json\/wp\/v2\/product_cat?post=24148"},{"taxonomy":"product_tag","embeddable":true,"href":"https:\/\/onderzoekschemicals.com\/nb\/wp-json\/wp\/v2\/product_tag?post=24148"}],"curies":[{"name":"wp","href":"https:\/\/api.w.org\/{rel}","templated":true}]}}