{"id":24144,"date":"2025-04-13T17:41:08","date_gmt":"2025-04-13T17:41:08","guid":{"rendered":"https:\/\/onderzoekschemicals.com\/?post_type=product&#038;p=24144"},"modified":"2025-10-12T21:09:18","modified_gmt":"2025-10-12T21:09:18","slug":"chem-mist-noopept-spray","status":"publish","type":"product","link":"https:\/\/onderzoekschemicals.com\/nb\/shop\/b2b\/chem-mist-noopept-spray\/","title":{"rendered":"Chem-mist NOOPEPT Spray"},"content":{"rendered":"<h3 data-start=\"4655\" data-end=\"4674\"><strong data-start=\"4659\" data-end=\"4674\">Introduksjon<\/strong><\/h3>\n<p data-start=\"4675\" data-end=\"5006\">De <strong data-start=\"4678\" data-end=\"4705\">Chem-mist NOOPEPT Spray<\/strong> tilbud <strong data-start=\"4712\" data-end=\"4779\">h\u00f8yrent NOOPEPT (N-fenylacetyl-L-prolylglysinetylester)<\/strong> i en <strong data-start=\"4787\" data-end=\"4821\">presist formulert spray<\/strong>, utviklet for forskningsform\u00e5l. NOOPEPT er en <strong data-start=\"4876\" data-end=\"4899\">nootropisk forbindelse<\/strong> som ofte studeres for sine mulige effekter p\u00e5 <strong data-start=\"4959\" data-end=\"5003\">hukommelse, l\u00e6ringsevne og nevrobeskyttelse<\/strong>Chem-mist Noopept Spray<\/p>\n<p data-start=\"5008\" data-end=\"5235\">Denne sprayen ble utviklet av Chem-mist for <strong data-start=\"5053\" data-end=\"5078\">laboratorieforskning<\/strong> og garantier <strong data-start=\"5093\" data-end=\"5133\">konstant dosering, h\u00f8y stabilitet<\/strong> og <strong data-start=\"5137\" data-end=\"5164\">praktisk brukervennlighet<\/strong>, ideelt for studier av <strong data-start=\"5191\" data-end=\"5234\">nevroplastisitet og kognitiv funksjon<\/strong>.<\/p>\n<hr data-start=\"5237\" data-end=\"5240\" \/>\n<h3 data-start=\"5242\" data-end=\"5273\"><strong data-start=\"5246\" data-end=\"5273\">Viktige funksjoner<\/strong><\/h3>\n<ul data-start=\"5274\" data-end=\"5811\">\n<li data-start=\"5274\" data-end=\"5362\">\n<p data-start=\"5276\" data-end=\"5362\"><strong data-start=\"5276\" data-end=\"5299\">H\u00f8y renhet NOOPEPT:<\/strong> Hver spray inneholder <strong data-start=\"5317\" data-end=\"5333\">10 mg NOOPEPT<\/strong> i en stabil l\u00f8sning.<\/p>\n<\/li>\n<li data-start=\"5363\" data-end=\"5492\">\n<p data-start=\"5365\" data-end=\"5492\"><strong data-start=\"5365\" data-end=\"5383\">Hurtigopptak:<\/strong> Optimalisert for <strong data-start=\"5405\" data-end=\"5471\">effektiv levering og p\u00e5litelig biotilgjengelighet<\/strong> under forskning.<\/p>\n<\/li>\n<li data-start=\"5493\" data-end=\"5588\">\n<p data-start=\"5495\" data-end=\"5588\"><strong data-start=\"5495\" data-end=\"5520\">N\u00f8yaktig dosering:<\/strong> Sprayen gir <strong data-start=\"5541\" data-end=\"5585\">verifiserbare og repeterbare resultater<\/strong>.<\/p>\n<\/li>\n<li data-start=\"5589\" data-end=\"5711\">\n<p data-start=\"5591\" data-end=\"5711\"><strong data-start=\"5591\" data-end=\"5622\">Forskningsniv\u00e5kvalitet:<\/strong> Produsert under <strong data-start=\"5642\" data-end=\"5680\">strenge laboratorieforhold<\/strong> for \u00e5 sikre renhet.<\/p>\n<\/li>\n<li data-start=\"5712\" data-end=\"5811\">\n<p data-start=\"5714\" data-end=\"5811\"><strong data-start=\"5714\" data-end=\"5736\">Kompakt og hendig:<\/strong> 10 ml sprayflaske, perfekt for presis bruk i forskningsmilj\u00f8er. Chem-mist NOOPEPT Spray<\/p>\n<\/li>\n<\/ul>\n<hr data-start=\"5813\" data-end=\"5816\" \/>\n<h3 data-start=\"5818\" data-end=\"5835\"><strong data-start=\"5822\" data-end=\"5835\">Fordeler<\/strong><\/h3>\n<ul data-start=\"5836\" data-end=\"6403\">\n<li data-start=\"5836\" data-end=\"5972\">\n<p data-start=\"5838\" data-end=\"5972\"><strong data-start=\"5838\" data-end=\"5874\">St\u00f8tter kognitiv forskning:<\/strong> Blir studert for sin innflytelse p\u00e5 <strong data-start=\"5913\" data-end=\"5969\">hukommelse, nevrobeskyttelse og synaptisk plastisitet<\/strong>.<\/p>\n<\/li>\n<li data-start=\"5973\" data-end=\"6080\">\n<p data-start=\"5975\" data-end=\"6080\"><strong data-start=\"5975\" data-end=\"6002\">P\u00e5litelig applikasjon:<\/strong> Den flytende formelen gj\u00f8r <strong data-start=\"6030\" data-end=\"6068\">presis og konsekvent administrasjon<\/strong> mulig.<\/p>\n<\/li>\n<li data-start=\"6081\" data-end=\"6209\">\n<p data-start=\"6083\" data-end=\"6209\"><strong data-start=\"6083\" data-end=\"6136\">Egnet for atferds- og nevrokjemiske studier:<\/strong> Hjelper med forskning p\u00e5 <strong data-start=\"6162\" data-end=\"6206\">l\u00e6ringsprosesser, oppmerksomhet og hjernefunksjon<\/strong>.<\/p>\n<\/li>\n<li data-start=\"6210\" data-end=\"6311\">\n<p data-start=\"6212\" data-end=\"6311\"><strong data-start=\"6212\" data-end=\"6236\">Effektiv levering:<\/strong> Sprayen gir <strong data-start=\"6257\" data-end=\"6279\">jevn fordeling<\/strong> og minimerer avvik.<\/p>\n<\/li>\n<li data-start=\"6312\" data-end=\"6403\">\n<p data-start=\"6314\" data-end=\"6403\"><strong data-start=\"6314\" data-end=\"6341\">Langsiktig stabilitet:<\/strong> Formelen forblir <strong data-start=\"6357\" data-end=\"6380\">stabil og effektiv<\/strong> n\u00e5r den oppbevares riktig.<\/p>\n<\/li>\n<\/ul>\n<hr data-start=\"6405\" data-end=\"6408\" \/>\n<h3 data-start=\"6410\" data-end=\"6425\"><strong data-start=\"6414\" data-end=\"6425\">Bruk<\/strong><\/h3>\n<ol data-start=\"6426\" data-end=\"6688\">\n<li data-start=\"6426\" data-end=\"6463\">\n<p data-start=\"6429\" data-end=\"6463\"><strong data-start=\"6429\" data-end=\"6461\">Rist forsiktig f\u00f8r bruk.<\/strong><\/p>\n<\/li>\n<li data-start=\"6464\" data-end=\"6536\">\n<p data-start=\"6467\" data-end=\"6536\"><strong data-start=\"6467\" data-end=\"6480\">\u00c9n spray<\/strong> leverer en dose p\u00e5 10 mg NOOPEPT (som anvist).<\/p>\n<\/li>\n<li data-start=\"6537\" data-end=\"6610\">\n<p data-start=\"6540\" data-end=\"6610\"><strong data-start=\"6540\" data-end=\"6571\">Merk dosering og tid<\/strong> for n\u00f8yaktige forskningsdata.<\/p>\n<\/li>\n<li data-start=\"6611\" data-end=\"6688\">\n<p data-start=\"6614\" data-end=\"6688\">Spar p\u00e5 en <strong data-start=\"6629\" data-end=\"6652\">kj\u00f8lig, t\u00f8rt sted<\/strong>, beskyttet mot direkte sollys.<\/p>\n<\/li>\n<\/ol>\n<blockquote data-start=\"6690\" data-end=\"6796\">\n<p data-start=\"6692\" data-end=\"6796\">\u26a0\ufe0f <strong data-start=\"6695\" data-end=\"6741\">Kun for laboratorietesting.<\/strong> Ikke egnet for konsum av mennesker eller dyr.<\/p>\n<\/blockquote>\n<hr data-start=\"6798\" data-end=\"6801\" \/>\n<h3 data-start=\"6803\" data-end=\"6836\"><strong data-start=\"6807\" data-end=\"6836\">Ofte stilte sp\u00f8rsm\u00e5l (FAQ)<\/strong><\/h3>\n<p data-start=\"6838\" data-end=\"7019\"><strong data-start=\"6838\" data-end=\"6893\">1. Hva brukes Chem-mist NOOPEPT Spray til?<\/strong><br data-start=\"6893\" data-end=\"6896\" \/>Denne sprayen brukes i <strong data-start=\"6925\" data-end=\"6972\">vitenskapelig og nevrokjemisk forskning<\/strong> til kognitive funksjoner og nevroplastisitet.<\/p>\n<p data-start=\"7021\" data-end=\"7162\"><strong data-start=\"7021\" data-end=\"7061\">2. Hvor mye NOOPEPT inneholder hver spray?<\/strong><br data-start=\"7061\" data-end=\"7064\" \/>Hver spray produserer en <strong data-start=\"7092\" data-end=\"7122\">n\u00f8yaktig dose p\u00e5 10 mg<\/strong>, kontrollert ved laboratorieanalyse.<\/p>\n<p data-start=\"7164\" data-end=\"7304\"><strong data-start=\"7164\" data-end=\"7204\">3. Hvordan b\u00f8r sprayen oppbevares?<\/strong><br data-start=\"7204\" data-end=\"7207\" \/>Oppbevar flasken i en <strong data-start=\"7229\" data-end=\"7263\">kj\u00f8lig, m\u00f8rkt og t\u00f8rt sted<\/strong> (under 25 \u00b0C) for \u00e5 opprettholde stabilitet.<\/p>\n<hr data-start=\"7306\" data-end=\"7309\" \/>\n<h3 data-start=\"7311\" data-end=\"7328\"><strong data-start=\"7315\" data-end=\"7328\">Konklusjon<\/strong><\/h3>\n<p data-start=\"7329\" data-end=\"7632\">De <strong data-start=\"7332\" data-end=\"7359\">Chem-mist NOOPEPT Spray<\/strong> kombinerer <strong data-start=\"7371\" data-end=\"7404\">presisjon, renhet og bekvemmelighet<\/strong> for avansert forskning p\u00e5 kognitiv ytelse og hjernefunksjoner. Takket v\u00e6re <strong data-start=\"7489\" data-end=\"7554\">presis dosering, rask absorpsjon og langvarig stabilitet<\/strong> Dette produktet er et utmerket valg for profesjonelle forskningsmilj\u00f8er.<\/p>","protected":false},"excerpt":{"rendered":"<p>Introductie De Chem-mist NOOPEPT Spray biedt hoogzuiver NOOPEPT (N-phenylacetyl-L-prolylglycine ethyl ester) in een nauwkeurig geformuleerde spray, ontwikkeld voor onderzoeksdoeleinden. NOOPEPT<\/p>","protected":false},"featured_media":21202,"comment_status":"closed","ping_status":"closed","template":"","meta":[],"product_brand":[],"product_cat":[555],"product_tag":[326],"class_list":{"0":"post-24144","1":"product","2":"type-product","3":"status-publish","4":"has-post-thumbnail","6":"product_cat-b2b","7":"product_tag-nl","9":"first","10":"instock","11":"taxable","12":"shipping-taxable","13":"purchasable","14":"product-type-variable"},"_links":{"self":[{"href":"https:\/\/onderzoekschemicals.com\/nb\/wp-json\/wp\/v2\/product\/24144","targetHints":{"allow":["GET"]}}],"collection":[{"href":"https:\/\/onderzoekschemicals.com\/nb\/wp-json\/wp\/v2\/product"}],"about":[{"href":"https:\/\/onderzoekschemicals.com\/nb\/wp-json\/wp\/v2\/types\/product"}],"replies":[{"embeddable":true,"href":"https:\/\/onderzoekschemicals.com\/nb\/wp-json\/wp\/v2\/comments?post=24144"}],"version-history":[{"count":3,"href":"https:\/\/onderzoekschemicals.com\/nb\/wp-json\/wp\/v2\/product\/24144\/revisions"}],"predecessor-version":[{"id":27852,"href":"https:\/\/onderzoekschemicals.com\/nb\/wp-json\/wp\/v2\/product\/24144\/revisions\/27852"}],"wp:featuredmedia":[{"embeddable":true,"href":"https:\/\/onderzoekschemicals.com\/nb\/wp-json\/wp\/v2\/media\/21202"}],"wp:attachment":[{"href":"https:\/\/onderzoekschemicals.com\/nb\/wp-json\/wp\/v2\/media?parent=24144"}],"wp:term":[{"taxonomy":"product_brand","embeddable":true,"href":"https:\/\/onderzoekschemicals.com\/nb\/wp-json\/wp\/v2\/product_brand?post=24144"},{"taxonomy":"product_cat","embeddable":true,"href":"https:\/\/onderzoekschemicals.com\/nb\/wp-json\/wp\/v2\/product_cat?post=24144"},{"taxonomy":"product_tag","embeddable":true,"href":"https:\/\/onderzoekschemicals.com\/nb\/wp-json\/wp\/v2\/product_tag?post=24144"}],"curies":[{"name":"wp","href":"https:\/\/api.w.org\/{rel}","templated":true}]}}