{"id":24138,"date":"2025-04-13T17:41:08","date_gmt":"2025-04-13T17:41:08","guid":{"rendered":"https:\/\/onderzoekschemicals.com\/?post_type=product&#038;p=24138"},"modified":"2025-10-13T10:25:12","modified_gmt":"2025-10-13T10:25:12","slug":"chem-mist-2f-dck-30-spray","status":"publish","type":"product","link":"https:\/\/onderzoekschemicals.com\/nb\/shop\/b2b\/chem-mist-2f-dck-30-spray\/","title":{"rendered":"Chem-mist 2F-DCK 30% Spray"},"content":{"rendered":"<p data-start=\"4763\" data-end=\"5327\">2F-DCK 30% Spray (Vanilla Sky) er en presisjonsformulert forskningskjemisk l\u00f8sning utviklet for laboratorie- og vitenskapelig bruk. Sprayen leverer 2-fluorodekloroketamin (2F-DCK) i en konsentrasjon p\u00e5 30 \u00b5g\/\u00b5g\/\u00b5g i en stabilisert vandig spraybase, noe som muliggj\u00f8r kontrollert dosering via nasal administrering. Dette innovative leveringssystemet forenkler h\u00e5ndtering, forbedrer doseringskonsistensen og optimaliserer absorpsjonsprofiler i kontrollerte eksperimentelle omgivelser. (Ikke beregnet for menneskelig bruk) Chem-mist 2F-DCK 30% Spray<\/p>\n<hr data-start=\"5329\" data-end=\"5332\" \/>\n<h3 data-start=\"5334\" data-end=\"5367\">Viktige funksjoner<\/h3>\n<ul data-start=\"5368\" data-end=\"6003\">\n<li data-start=\"5368\" data-end=\"5469\">\n<p data-start=\"5370\" data-end=\"5469\"><strong data-start=\"5370\" data-end=\"5398\">H\u00f8y konsentrasjon (30 %)<\/strong>Gir en kraftig dose med 2F-DCK i en kompakt sprayform.<\/p>\n<\/li>\n<li data-start=\"5470\" data-end=\"5546\">\n<p data-start=\"5472\" data-end=\"5546\"><strong data-start=\"5472\" data-end=\"5504\">Vaniljesmak (\u00abVanilla Sky\u00bb)<\/strong>Mild duft som maskerer bitterhet.<\/p>\n<\/li>\n<li data-start=\"5547\" data-end=\"5636\">\n<p data-start=\"5549\" data-end=\"5636\"><strong data-start=\"5549\" data-end=\"5580\">Mer enn 70 spray per flaske<\/strong>Hver spr\u00f8yte avgir omtrent 42 mg 2F-DCK per aktivering.<\/p>\n<\/li>\n<li data-start=\"5637\" data-end=\"5776\">\n<p data-start=\"5639\" data-end=\"5776\"><strong data-start=\"5639\" data-end=\"5674\">Formulert med stabilisatorer<\/strong>Inneholder tilsetningsstoffer som E1520, NaCl og bufferformer (E150, E339) for \u00e5 opprettholde pH og stabilitet.<\/p>\n<\/li>\n<li data-start=\"5777\" data-end=\"5928\">\n<p data-start=\"5779\" data-end=\"5928\"><strong data-start=\"5779\" data-end=\"5813\">Pakket for forskningsbruk<\/strong>Selges og merkes kun for vitenskapelig forskningsbruk, med advarsler og oppbevaringsinstruksjoner.<\/p>\n<\/li>\n<li data-start=\"5929\" data-end=\"6003\">\n<p data-start=\"5931\" data-end=\"6003\"><strong data-start=\"5931\" data-end=\"5958\">H\u00f8y renhet (&gt;98 %)<\/strong>I henhold til leverand\u00f8rens spesifikasjoner. Chem-mist 2F-DCK 30% Spray<\/p>\n<\/li>\n<\/ul>\n<hr data-start=\"6005\" data-end=\"6008\" \/>\n<h3 data-start=\"6010\" data-end=\"6064\">Fordeler (for forskning\/laboratoriebruk)<\/h3>\n<ol data-start=\"6065\" data-end=\"6906\">\n<li data-start=\"6065\" data-end=\"6242\">\n<p data-start=\"6068\" data-end=\"6242\"><strong data-start=\"6068\" data-end=\"6097\">Presis dosekontroll<\/strong><br data-start=\"6097\" data-end=\"6100\" \/>Sprayformatet muliggj\u00f8r reproduserbar mikrodosering, noe som reduserer variasjonen forbundet med pipettering eller veiing.<\/p>\n<\/li>\n<li data-start=\"6244\" data-end=\"6429\">\n<p data-start=\"6247\" data-end=\"6429\"><strong data-start=\"6247\" data-end=\"6279\">Forbedret absorpsjonskinetikk<\/strong><br data-start=\"6279\" data-end=\"6282\" \/>Opptak i neseslimhinnen er generelt raskere enn oral administrering, og kan gi en mer umiddelbar virkningsstart i sammenlignende studier.<\/p>\n<\/li>\n<li data-start=\"6431\" data-end=\"6604\">\n<p data-start=\"6434\" data-end=\"6604\"><strong data-start=\"6434\" data-end=\"6469\">Enkel \u00e5 bruke og oppbevare<\/strong><br data-start=\"6469\" data-end=\"6472\" \/>En forseglet spray reduserer risikoen for s\u00f8l, forurensning eller oksidasjon sammenlignet med l\u00f8se pulver eller bulkv\u00e6sker.<\/p>\n<\/li>\n<li data-start=\"6606\" data-end=\"6777\">\n<p data-start=\"6609\" data-end=\"6777\"><strong data-start=\"6609\" data-end=\"6651\">Konsekvent pr\u00f8veforberedelse<\/strong><br data-start=\"6651\" data-end=\"6654\" \/>Hver aktivering er standardisert, noe som st\u00f8tter konsistens mellom m\u00e5linger og eksperimentell reproduserbarhet.<\/p>\n<\/li>\n<li data-start=\"6779\" data-end=\"6906\">\n<p data-start=\"6782\" data-end=\"6906\"><strong data-start=\"6782\" data-end=\"6804\">Mindre avfall<\/strong><br data-start=\"6804\" data-end=\"6807\" \/>Det er vanligvis lite rester igjen sammenlignet med mindre kontrollerte p\u00e5f\u00f8ringsmetoder.<\/p>\n<\/li>\n<\/ol>\n<hr data-start=\"6908\" data-end=\"6911\" \/>\n<h3 data-start=\"6913\" data-end=\"6970\">Bruksanvisning (kun for forskningsform\u00e5l)<\/h3>\n<blockquote data-start=\"6971\" data-end=\"7261\">\n<p data-start=\"6973\" data-end=\"7261\"><strong data-start=\"6973\" data-end=\"7012\">Viktig sikkerhetsadvarsel<\/strong>Dette produktet er <strong data-start=\"7029\" data-end=\"7037\">ikke<\/strong> Beregnet p\u00e5 konsum. Skal kun brukes i kontrollerte laboratoriemilj\u00f8er, med fullt personlig verneutstyr (PPE), avsugssystemer og i samsvar med institusjonens sikkerhetsprotokoller.<\/p>\n<\/blockquote>\n<ol data-start=\"7263\" data-end=\"8267\">\n<li data-start=\"7263\" data-end=\"7515\">\n<p data-start=\"7266\" data-end=\"7296\"><strong data-start=\"7266\" data-end=\"7294\">Forberedende kontroller<\/strong><\/p>\n<ul data-start=\"7300\" data-end=\"7515\">\n<li data-start=\"7300\" data-end=\"7365\">\n<p data-start=\"7302\" data-end=\"7365\">Sjekk at sprayen virker (grunning kan v\u00e6re n\u00f8dvendig).<\/p>\n<\/li>\n<li data-start=\"7369\" data-end=\"7411\">\n<p data-start=\"7371\" data-end=\"7411\">Inspiser dysen for blokkeringer.<\/p>\n<\/li>\n<li data-start=\"7415\" data-end=\"7515\">\n<p data-start=\"7417\" data-end=\"7515\">S\u00f8rg for at omgivelsestemperaturen er innenfor oppbevaringsretningslinjene (helst kj\u00f8lig og m\u00f8rkt).<\/p>\n<\/li>\n<\/ul>\n<\/li>\n<li data-start=\"7517\" data-end=\"7798\">\n<p data-start=\"7520\" data-end=\"7534\"><strong data-start=\"7520\" data-end=\"7532\">Dosering<\/strong><\/p>\n<ul data-start=\"7538\" data-end=\"7798\">\n<li data-start=\"7538\" data-end=\"7683\">\n<p data-start=\"7540\" data-end=\"7683\">Plasser dysen i en reproduserbar, fast avstand (f.eks. 1\u20132 cm) fra overflaten eller m\u00e5let (in vitro- eller ex vivo-neseslimhinne).<\/p>\n<\/li>\n<li data-start=\"7687\" data-end=\"7762\">\n<p data-start=\"7689\" data-end=\"7762\">Trykk p\u00e5 sprayen \u00e9n gang (eller flere ganger, avhengig av protokollen din).<\/p>\n<\/li>\n<li data-start=\"7766\" data-end=\"7798\">\n<p data-start=\"7768\" data-end=\"7798\">Merk antall aktiveringer.<\/p>\n<\/li>\n<\/ul>\n<\/li>\n<li data-start=\"7800\" data-end=\"8009\">\n<p data-start=\"7803\" data-end=\"7820\"><strong data-start=\"7803\" data-end=\"7818\">Etter dosen<\/strong><\/p>\n<ul data-start=\"7824\" data-end=\"8009\">\n<li data-start=\"7824\" data-end=\"7852\">\n<p data-start=\"7826\" data-end=\"7852\">Sett p\u00e5 korken umiddelbart.<\/p>\n<\/li>\n<li data-start=\"7856\" data-end=\"7914\">\n<p data-start=\"7858\" data-end=\"7914\">Oppbevares st\u00e5ende p\u00e5 et kj\u00f8lig, t\u00f8rt og m\u00f8rkt sted.<\/p>\n<\/li>\n<li data-start=\"7918\" data-end=\"8009\">\n<p data-start=\"7920\" data-end=\"8009\">Hvis anbefalt, skyll dysen med et egnet l\u00f8semiddel (f.eks. avionisert vann).<\/p>\n<\/li>\n<\/ul>\n<\/li>\n<li data-start=\"8011\" data-end=\"8267\">\n<p data-start=\"8014\" data-end=\"8042\"><strong data-start=\"8014\" data-end=\"8040\">Sikkerhetstiltak<\/strong><\/p>\n<ul data-start=\"8046\" data-end=\"8267\">\n<li data-start=\"8046\" data-end=\"8091\">\n<p data-start=\"8048\" data-end=\"8091\">Unng\u00e5 direkte inn\u00e5nding eller hudkontakt.<\/p>\n<\/li>\n<li data-start=\"8095\" data-end=\"8194\">\n<p data-start=\"8097\" data-end=\"8194\">Ved kontakt med hud eller \u00f8yne: skyll med vann og se sikkerhetsdatabladet (SDS).<\/p>\n<\/li>\n<li data-start=\"8198\" data-end=\"8267\">\n<p data-start=\"8200\" data-end=\"8267\">Kast rester i samsvar med forskriftene for kjemisk avfall.<\/p>\n<\/li>\n<\/ul>\n<\/li>\n<\/ol>\n<hr data-start=\"8269\" data-end=\"8272\" \/>\n<h3 data-start=\"8274\" data-end=\"8305\">Ofte stilte sp\u00f8rsm\u00e5l (FAQ)<\/h3>\n<p data-start=\"8307\" data-end=\"8569\"><strong data-start=\"8307\" data-end=\"8392\">1. Er Chem-mist 2F-DCK 30% Spray beregnet for bruk p\u00e5 mennesker eller dyr?<\/strong><br data-start=\"8392\" data-end=\"8395\" \/>Nei. Det er strengt tatt for <strong data-start=\"8419\" data-end=\"8450\">kun forskningsform\u00e5l<\/strong>Leverand\u00f8ren og merkingen understreker at det ikke er et medisinsk produkt og ikke er egnet for menneskelig bruk.<\/p>\n<p data-start=\"8571\" data-end=\"8726\"><strong data-start=\"8571\" data-end=\"8614\">2. Hvor mange mg inneholder \u00e9n spraydose?<\/strong><br data-start=\"8614\" data-end=\"8617\" \/>If\u00f8lge leverand\u00f8ren produserer \u00e9n aktivering omtrent <strong data-start=\"8671\" data-end=\"8680\">42 mg<\/strong> 2F-DCK ved formuleringen med konsentrasjonen 30 %.<\/p>\n<p data-start=\"8728\" data-end=\"8963\"><strong data-start=\"8728\" data-end=\"8797\">3. Hvordan b\u00f8r sprayen oppbevares, og hva er holdbarheten?<\/strong><br data-start=\"8797\" data-end=\"8800\" \/>Spar p\u00e5 en <strong data-start=\"8814\" data-end=\"8839\">kj\u00f8lig, m\u00f8rkt sted<\/strong>, godt lukket. Under disse forholdene forblir den stabil i minst <strong data-start=\"8922\" data-end=\"8932\">2 \u00e5r<\/strong>, if\u00f8lge leverand\u00f8rens p\u00e5stander.<\/p>","protected":false},"excerpt":{"rendered":"<p>2F-DCK 30% Spray (Vanilla Sky) is een precisie-geformuleerde onderzoekschemische oplossing, ontworpen voor laboratorium- en wetenschappelijk gebruik. De spray levert 2-fluorodeschloroketamine<\/p>","protected":false},"featured_media":20720,"comment_status":"closed","ping_status":"closed","template":"","meta":[],"product_brand":[],"product_cat":[555],"product_tag":[1096,326],"class_list":{"0":"post-24138","1":"product","2":"type-product","3":"status-publish","4":"has-post-thumbnail","6":"product_cat-b2b","7":"product_tag-chem-mist-2f-dck-30-spray","8":"product_tag-nl","10":"first","11":"instock","12":"taxable","13":"shipping-taxable","14":"purchasable","15":"product-type-variable"},"_links":{"self":[{"href":"https:\/\/onderzoekschemicals.com\/nb\/wp-json\/wp\/v2\/product\/24138","targetHints":{"allow":["GET"]}}],"collection":[{"href":"https:\/\/onderzoekschemicals.com\/nb\/wp-json\/wp\/v2\/product"}],"about":[{"href":"https:\/\/onderzoekschemicals.com\/nb\/wp-json\/wp\/v2\/types\/product"}],"replies":[{"embeddable":true,"href":"https:\/\/onderzoekschemicals.com\/nb\/wp-json\/wp\/v2\/comments?post=24138"}],"version-history":[{"count":3,"href":"https:\/\/onderzoekschemicals.com\/nb\/wp-json\/wp\/v2\/product\/24138\/revisions"}],"predecessor-version":[{"id":27856,"href":"https:\/\/onderzoekschemicals.com\/nb\/wp-json\/wp\/v2\/product\/24138\/revisions\/27856"}],"wp:featuredmedia":[{"embeddable":true,"href":"https:\/\/onderzoekschemicals.com\/nb\/wp-json\/wp\/v2\/media\/20720"}],"wp:attachment":[{"href":"https:\/\/onderzoekschemicals.com\/nb\/wp-json\/wp\/v2\/media?parent=24138"}],"wp:term":[{"taxonomy":"product_brand","embeddable":true,"href":"https:\/\/onderzoekschemicals.com\/nb\/wp-json\/wp\/v2\/product_brand?post=24138"},{"taxonomy":"product_cat","embeddable":true,"href":"https:\/\/onderzoekschemicals.com\/nb\/wp-json\/wp\/v2\/product_cat?post=24138"},{"taxonomy":"product_tag","embeddable":true,"href":"https:\/\/onderzoekschemicals.com\/nb\/wp-json\/wp\/v2\/product_tag?post=24138"}],"curies":[{"name":"wp","href":"https:\/\/api.w.org\/{rel}","templated":true}]}}