{"id":24119,"date":"2025-04-13T17:41:04","date_gmt":"2025-04-13T17:41:04","guid":{"rendered":"https:\/\/onderzoekschemicals.com\/?post_type=product&#038;p=24119"},"modified":"2025-10-14T08:34:47","modified_gmt":"2025-10-14T08:34:47","slug":"rc-metocin-blister","status":"publish","type":"product","link":"https:\/\/onderzoekschemicals.com\/nb\/shop\/b2b\/rc-metocin-blister\/","title":{"rendered":"RC+ Metocin-blister"},"content":{"rendered":"<h3 data-start=\"5633\" data-end=\"5654\"><strong data-start=\"5637\" data-end=\"5652\">Introduksjon<\/strong><\/h3>\n<p data-start=\"5655\" data-end=\"6097\">De <strong data-start=\"5658\" data-end=\"5681\">RC+ Metocin-blister<\/strong> er en profesjonell forskningskjemikalieformulering utviklet for laboratorie- og analytiske applikasjoner. Den inneholder <strong data-start=\"5803\" data-end=\"5878\">4-hydroksy-N-metyl-N-etyltryptamin (4-HO-MET, ogs\u00e5 kjent som Metocin)<\/strong> i individuelt forseglede pellets. Disse er pakket i en blisterpakning (vanligvis 10 pellets) for \u00e5 st\u00f8tte dosegjenoppretting, kontamineringskontroll og sporbar h\u00e5ndtering. metocin<\/p>\n<p data-start=\"6099\" data-end=\"6290\">4-HO-MET er en tryptaminforbindelse, beslektet med psilocin, som unders\u00f8kes i farmakologien til serotoninreseptorer og psykoaktive stoffer.<\/p>\n<p data-start=\"6292\" data-end=\"6497\">Dette produktet er kun beregnet for bruk <strong data-start=\"6332\" data-end=\"6346\">laboratoriebruk<\/strong> \u2014 for eksempel reseptorbinding, analytisk kalibrering eller strukturaktivitetsstudier \u2014 og er <strong data-start=\"6444\" data-end=\"6496\">ikke egnet for bruk av mennesker eller dyr<\/strong>.<\/p>\n<hr data-start=\"6499\" data-end=\"6502\" \/>\n<h3 data-start=\"6504\" data-end=\"6537\"><strong data-start=\"6508\" data-end=\"6535\">Viktige funksjoner<\/strong><\/h3>\n<ul data-start=\"6538\" data-end=\"7152\">\n<li data-start=\"6538\" data-end=\"6592\">\n<p data-start=\"6540\" data-end=\"6592\"><strong data-start=\"6540\" data-end=\"6557\">Aktiv ingrediens:<\/strong> 4-HO-MET (Metocin) i pelletform<\/p>\n<\/li>\n<li data-start=\"6593\" data-end=\"6712\">\n<p data-start=\"6595\" data-end=\"6712\"><strong data-start=\"6595\" data-end=\"6619\">Dosering per pellet:<\/strong> Om <strong data-start=\"6629\" data-end=\"6638\">21 mg<\/strong> (som oppgitt av leverand\u00f8rene)<\/p>\n<\/li>\n<li data-start=\"6713\" data-end=\"6839\">\n<p data-start=\"6715\" data-end=\"6839\"><strong data-start=\"6715\" data-end=\"6743\">H\u00f8y renhet (\u2265 98 %)<\/strong>Merket som forskningsmateriale med h\u00f8y renhet<\/p>\n<\/li>\n<li data-start=\"6840\" data-end=\"6931\">\n<p data-start=\"6842\" data-end=\"6931\"><strong data-start=\"6842\" data-end=\"6864\">Blisterpakning:<\/strong> Hver pellet er individuelt forseglet for \u00e5 redusere forurensning<\/p>\n<\/li>\n<li data-start=\"6932\" data-end=\"7070\">\n<p data-start=\"6934\" data-end=\"7070\"><strong data-start=\"6934\" data-end=\"6966\">Sporbarhet av partier og partier:<\/strong> Hver blister inneholder identifikasjonskoder for kvalitetskontroll<\/p>\n<\/li>\n<li data-start=\"7071\" data-end=\"7152\">\n<p data-start=\"7073\" data-end=\"7152\"><strong data-start=\"7073\" data-end=\"7097\">Kompakt og beskyttet:<\/strong> Emballasjen beskytter mot lys, fuktighet og nedbrytning<\/p>\n<\/li>\n<\/ul>\n<hr data-start=\"7154\" data-end=\"7157\" \/>\n<h3 data-start=\"7159\" data-end=\"7178\"><strong data-start=\"7163\" data-end=\"7176\">Fordeler<\/strong><\/h3>\n<p data-start=\"7179\" data-end=\"7723\">\u2705 <strong data-start=\"7181\" data-end=\"7210\">Reproduserbar dosering:<\/strong> Hver pellet inneholder en konsistent, m\u00e5lt mengde 4-HO-MET, noe som reduserer variansen i eksperimentene.<br data-start=\"7319\" data-end=\"7322\" \/>\u2705 <strong data-start=\"7324\" data-end=\"7351\">Forbedret stabilitet:<\/strong> Blisteremballasje beskytter pr\u00f8vematerialet mot milj\u00f8faktorer.<br data-start=\"7423\" data-end=\"7426\" \/>\u2705 <strong data-start=\"7428\" data-end=\"7462\">Redusert risiko for forurensning:<\/strong> Individuell pelletforsegling begrenser krysskontaminering.<br data-start=\"7517\" data-end=\"7520\" \/>\u2705 <strong data-start=\"7522\" data-end=\"7548\">Tidsbesparende format:<\/strong> Direkte bruk uten komplisert pr\u00f8vepreparering eller veiing.<br data-start=\"7610\" data-end=\"7613\" \/>\u2705 <strong data-start=\"7615\" data-end=\"7657\">Bedre dokumentasjon og sporbarhet:<\/strong> Batchkoder og pellet-ID forenkler administrasjon og revisjoner.<\/p>\n<hr data-start=\"7725\" data-end=\"7728\" \/>\n<h3 data-start=\"7730\" data-end=\"7790\"><strong data-start=\"7734\" data-end=\"7788\">Bruksanvisning (kun for forskning\/analyse)<\/strong><\/h3>\n<blockquote data-start=\"7791\" data-end=\"7973\">\n<p data-start=\"7793\" data-end=\"7973\">\u26a0\ufe0f <strong data-start=\"7796\" data-end=\"7810\">Bemerke:<\/strong> Dette produktet er <strong data-start=\"7826\" data-end=\"7869\">IKKE til bruk for mennesker eller dyr<\/strong>Skal kun brukes under kontrollerte laboratorieforhold med riktig sikkerhetsutstyr.<\/p>\n<\/blockquote>\n<ol data-start=\"7975\" data-end=\"9041\">\n<li data-start=\"7975\" data-end=\"8186\">\n<p data-start=\"7978\" data-end=\"8016\"><strong data-start=\"7978\" data-end=\"8014\">Inspiser blisteren og pelletsene<\/strong><\/p>\n<ul data-start=\"8020\" data-end=\"8186\">\n<li data-start=\"8020\" data-end=\"8069\">\n<p data-start=\"8022\" data-end=\"8069\">Sjekk at blisterpakningen er intakt.<\/p>\n<\/li>\n<li data-start=\"8073\" data-end=\"8118\">\n<p data-start=\"8075\" data-end=\"8118\">Sammenlign lotnummeret med dokumentasjonen.<\/p>\n<\/li>\n<li data-start=\"8122\" data-end=\"8186\">\n<p data-start=\"8124\" data-end=\"8186\">Sjekk at pellets er uskadet og uten misfarging.<\/p>\n<\/li>\n<\/ul>\n<\/li>\n<li data-start=\"8188\" data-end=\"8357\">\n<p data-start=\"8191\" data-end=\"8212\"><strong data-start=\"8191\" data-end=\"8210\">Pelletutvinning<\/strong><\/p>\n<ul data-start=\"8216\" data-end=\"8357\">\n<li data-start=\"8216\" data-end=\"8309\">\n<p data-start=\"8218\" data-end=\"8309\">Klem forsiktig ut \u00e9n pellet fra blisterrommet med sterile instrumenter eller hansker.<\/p>\n<\/li>\n<li data-start=\"8313\" data-end=\"8357\">\n<p data-start=\"8315\" data-end=\"8357\">Unng\u00e5 direkte kontakt med overflaten.<\/p>\n<\/li>\n<\/ul>\n<\/li>\n<li data-start=\"8359\" data-end=\"8559\">\n<p data-start=\"8362\" data-end=\"8391\"><strong data-start=\"8362\" data-end=\"8389\">L\u00f8s \/ Forbered<\/strong><\/p>\n<ul data-start=\"8395\" data-end=\"8559\">\n<li data-start=\"8395\" data-end=\"8486\">\n<p data-start=\"8397\" data-end=\"8486\">L\u00f8s opp eller suspender pelleten i et egnet l\u00f8semiddel (f.eks. buffer, etanol, vann).<\/p>\n<\/li>\n<li data-start=\"8490\" data-end=\"8559\">\n<p data-start=\"8492\" data-end=\"8559\">Bland forsiktig til det er helt oppl\u00f8st og jevnt fordelt.<\/p>\n<\/li>\n<\/ul>\n<\/li>\n<li data-start=\"8561\" data-end=\"8795\">\n<p data-start=\"8564\" data-end=\"8594\"><strong data-start=\"8564\" data-end=\"8592\">Eksperimentell anvendelse<\/strong><\/p>\n<ul data-start=\"8598\" data-end=\"8795\">\n<li data-start=\"8598\" data-end=\"8716\">\n<p data-start=\"8600\" data-end=\"8716\">Bruk den tilberedte l\u00f8sningen i kromatografi, bindingsanalyser, reseptorstudier eller andre godkjente metoder.<\/p>\n<\/li>\n<li data-start=\"8720\" data-end=\"8795\">\n<p data-start=\"8722\" data-end=\"8795\">Registrer pellet-ID, konsentrasjon, oppl\u00f8sningsvolum og alle relevante parametere.<\/p>\n<\/li>\n<\/ul>\n<\/li>\n<li data-start=\"8797\" data-end=\"9041\">\n<p data-start=\"8800\" data-end=\"8827\"><strong data-start=\"8800\" data-end=\"8825\">Oppbevaring og fjerning<\/strong><\/p>\n<ul data-start=\"8831\" data-end=\"9041\">\n<li data-start=\"8831\" data-end=\"8882\">\n<p data-start=\"8833\" data-end=\"8882\">Legg ubrukte pellets tilbake i blisterpakningen.<\/p>\n<\/li>\n<li data-start=\"8886\" data-end=\"8949\">\n<p data-start=\"8888\" data-end=\"8949\">Oppbevares st\u00e5ende i en <strong data-start=\"8910\" data-end=\"8937\">kj\u00f8lig, m\u00f8rkt og t\u00f8rt<\/strong> milj\u00f8.<\/p>\n<\/li>\n<li data-start=\"8953\" data-end=\"9041\">\n<p data-start=\"8955\" data-end=\"9041\">Kast brukte pellets, l\u00f8semidler og emballasje i samsvar med retningslinjene for kjemisk avfall.<\/p>\n<\/li>\n<\/ul>\n<\/li>\n<\/ol>\n<hr data-start=\"9043\" data-end=\"9046\" \/>\n<h3 data-start=\"9048\" data-end=\"9083\"><strong data-start=\"9052\" data-end=\"9081\">Ofte stilte sp\u00f8rsm\u00e5l (FAQ)<\/strong><\/h3>\n<p data-start=\"9085\" data-end=\"9354\"><strong data-start=\"9085\" data-end=\"9118\">1. Hva er 4-HO-MET (Metocin)?<\/strong><br data-start=\"9118\" data-end=\"9121\" \/>4-HO-MET (4-hydroksy-N-metyl-N-etyltryptamin), ogs\u00e5 kjent som Metocin, er en psykoaktiv tryptaminanalog relatert til psilocin, brukt i farmakologisk forskning p\u00e5 serotoninreseptorer.<\/p>\n<p data-start=\"9356\" data-end=\"9535\"><strong data-start=\"9356\" data-end=\"9413\">2. Hvor mange mg inneholder hver pellet i Metocin-blisteren?<\/strong><br data-start=\"9413\" data-end=\"9416\" \/>If\u00f8lge leverand\u00f8rinformasjon inneholder hver pellet omtrent <strong data-start=\"9474\" data-end=\"9483\">21 mg<\/strong> 4-HO-MET.<\/p>\n<p data-start=\"9537\" data-end=\"9741\"><strong data-start=\"9537\" data-end=\"9619\">3. Kan RC+ Metocin Blister brukes til mennesker eller dyr?<\/strong><br data-start=\"9619\" data-end=\"9622\" \/>Nei. Produktet er merket som <strong data-start=\"9655\" data-end=\"9680\">kun for forskning<\/strong>, og er <strong data-start=\"9688\" data-end=\"9704\">ikke ment<\/strong> til bruk p\u00e5 mennesker eller dyr.<\/p>\n<p>&nbsp;<\/p>","protected":false},"excerpt":{"rendered":"<p><span style=\"vertical-align: inherit;\"><span style=\"vertical-align: inherit;\"><span dir=\"auto\" style=\"vertical-align: inherit;\"><span dir=\"auto\" style=\"vertical-align: inherit;\"><span dir=\"auto\" style=\"vertical-align: inherit;\"><span dir=\"auto\" style=\"vertical-align: inherit;\">CAS-nummer: 77872-41-4 <\/span><\/span><\/span><\/span><\/span><\/span><br \/>\n<span style=\"vertical-align: inherit;\"><span style=\"vertical-align: inherit;\"><span dir=\"auto\" style=\"vertical-align: inherit;\"><span dir=\"auto\" style=\"vertical-align: inherit;\"><span dir=\"auto\" style=\"vertical-align: inherit;\"><span dir=\"auto\" style=\"vertical-align: inherit;\">Formel: C13H18N2O <\/span><\/span><\/span><\/span><\/span><\/span><br \/>\n<span style=\"vertical-align: inherit;\"><span style=\"vertical-align: inherit;\"><span dir=\"auto\" style=\"vertical-align: inherit;\"><span dir=\"auto\" style=\"vertical-align: inherit;\"><span dir=\"auto\" style=\"vertical-align: inherit;\"><span dir=\"auto\" style=\"vertical-align: inherit;\">Molar masse: 218,3 g\/mol <\/span><\/span><\/span><\/span><\/span><\/span><br \/>\n<span style=\"vertical-align: inherit;\"><span style=\"vertical-align: inherit;\"><span dir=\"auto\" style=\"vertical-align: inherit;\"><span dir=\"auto\" style=\"vertical-align: inherit;\"><span dir=\"auto\" style=\"vertical-align: inherit;\"><span dir=\"auto\" style=\"vertical-align: inherit;\">Renhet: \u226598%<\/span><\/span><\/span><\/span><\/span><\/span><\/p>","protected":false},"featured_media":21164,"comment_status":"closed","ping_status":"closed","template":"","meta":[],"product_brand":[],"product_cat":[555],"product_tag":[636,635,326],"class_list":{"0":"post-24119","1":"product","2":"type-product","3":"status-publish","4":"has-post-thumbnail","6":"product_cat-b2b","7":"product_tag-metocin","8":"product_tag-metocin-kopen","9":"product_tag-nl","11":"first","12":"instock","13":"taxable","14":"shipping-taxable","15":"purchasable","16":"product-type-variable"},"_links":{"self":[{"href":"https:\/\/onderzoekschemicals.com\/nb\/wp-json\/wp\/v2\/product\/24119","targetHints":{"allow":["GET"]}}],"collection":[{"href":"https:\/\/onderzoekschemicals.com\/nb\/wp-json\/wp\/v2\/product"}],"about":[{"href":"https:\/\/onderzoekschemicals.com\/nb\/wp-json\/wp\/v2\/types\/product"}],"replies":[{"embeddable":true,"href":"https:\/\/onderzoekschemicals.com\/nb\/wp-json\/wp\/v2\/comments?post=24119"}],"version-history":[{"count":5,"href":"https:\/\/onderzoekschemicals.com\/nb\/wp-json\/wp\/v2\/product\/24119\/revisions"}],"predecessor-version":[{"id":26511,"href":"https:\/\/onderzoekschemicals.com\/nb\/wp-json\/wp\/v2\/product\/24119\/revisions\/26511"}],"wp:featuredmedia":[{"embeddable":true,"href":"https:\/\/onderzoekschemicals.com\/nb\/wp-json\/wp\/v2\/media\/21164"}],"wp:attachment":[{"href":"https:\/\/onderzoekschemicals.com\/nb\/wp-json\/wp\/v2\/media?parent=24119"}],"wp:term":[{"taxonomy":"product_brand","embeddable":true,"href":"https:\/\/onderzoekschemicals.com\/nb\/wp-json\/wp\/v2\/product_brand?post=24119"},{"taxonomy":"product_cat","embeddable":true,"href":"https:\/\/onderzoekschemicals.com\/nb\/wp-json\/wp\/v2\/product_cat?post=24119"},{"taxonomy":"product_tag","embeddable":true,"href":"https:\/\/onderzoekschemicals.com\/nb\/wp-json\/wp\/v2\/product_tag?post=24119"}],"curies":[{"name":"wp","href":"https:\/\/api.w.org\/{rel}","templated":true}]}}