{"id":24067,"date":"2025-04-13T17:40:59","date_gmt":"2025-04-13T17:40:59","guid":{"rendered":"https:\/\/onderzoekschemicals.com\/?post_type=product&#038;p=24067"},"modified":"2025-11-28T07:07:29","modified_gmt":"2025-11-28T07:07:29","slug":"1d-lsd-bestellen","status":"publish","type":"product","link":"https:\/\/onderzoekschemicals.com\/nb\/shop\/1d-lsd-225mcg-pellets\/1d-lsd-bestellen\/","title":{"rendered":"1D-LSD 225mcg pellets"},"content":{"rendered":"<h3 data-start=\"5974\" data-end=\"5993\"><strong data-start=\"5978\" data-end=\"5993\">Introduksjon<\/strong><\/h3>\n<p data-start=\"5995\" data-end=\"6298\"><strong data-start=\"5995\" data-end=\"6020\">1D-LSD 225mcg pellets<\/strong> er <strong data-start=\"6026\" data-end=\"6073\">forskningsstoffer av laboratoriekvalitet<\/strong>, beregnet for <strong data-start=\"6088\" data-end=\"6132\">vitenskapelig og analytisk forskning<\/strong>Hver pellet inneholder <strong data-start=\"6152\" data-end=\"6226\">225 mikrogram (mcg) 1D-LSD (1-dietylamid-lysergsyredietylamid)<\/strong>, formulert for <strong data-start=\"6246\" data-end=\"6295\">renhet, presisjon og kjemisk stabilitet<\/strong>Bestill 1D-LSD<\/p>\n<p data-start=\"6300\" data-end=\"6583\">Pelletsene er ideelle for <strong data-start=\"6328\" data-end=\"6367\">forskning p\u00e5 lysergamidanaloger<\/strong>, <strong data-start=\"6369\" data-end=\"6388\">reseptorbinding<\/strong> og <strong data-start=\"6392\" data-end=\"6428\">kvantitative kjemiske analyser<\/strong>De er produsert i henhold til strenge <strong data-start=\"6469\" data-end=\"6493\">GLP-kvalitetsstandarder<\/strong> for \u00e5 sikre konsistens og p\u00e5litelighet i profesjonelle forskningsmilj\u00f8er.<\/p>\n<blockquote data-start=\"6585\" data-end=\"6723\">\n<p data-start=\"6587\" data-end=\"6723\">\u26a0\ufe0f <strong data-start=\"6590\" data-end=\"6601\">NB:<\/strong> Dette produktet er utelukkende beregnet for <strong data-start=\"6642\" data-end=\"6667\">laboratorieforskning<\/strong>Ikke egnet for konsum av mennesker eller dyr.<\/p>\n<\/blockquote>\n<hr data-start=\"6725\" data-end=\"6728\" \/>\n<h3 data-start=\"6730\" data-end=\"6761\"><strong data-start=\"6734\" data-end=\"6761\">Viktige funksjoner<\/strong><\/h3>\n<ul data-start=\"6763\" data-end=\"7251\">\n<li data-start=\"6763\" data-end=\"6826\">\n<p data-start=\"6765\" data-end=\"6826\"><strong data-start=\"6765\" data-end=\"6787\">N\u00f8yaktig dosering:<\/strong> Hver pellet inneholder <strong data-start=\"6806\" data-end=\"6823\">225mcg 1D-LSD<\/strong>.<\/p>\n<\/li>\n<li data-start=\"6827\" data-end=\"6906\">\n<p data-start=\"6829\" data-end=\"6906\"><strong data-start=\"6829\" data-end=\"6849\">H\u00f8y renhet:<\/strong> Laboratoriekvalitet med analytisk renhet p\u00e5 \u226599%.<\/p>\n<\/li>\n<li data-start=\"6907\" data-end=\"6994\">\n<p data-start=\"6909\" data-end=\"6994\"><strong data-start=\"6909\" data-end=\"6935\">Kjemisk stabilitet:<\/strong> Utviklet for langtidslagring og p\u00e5litelig bruk. Bestill 1D-LSD<\/p>\n<\/li>\n<li data-start=\"6995\" data-end=\"7070\">\n<p data-start=\"6997\" data-end=\"7070\"><strong data-start=\"6997\" data-end=\"7024\">Konsekvente resultater:<\/strong> Repeterbare data p\u00e5 tvers av flere eksperimenter.<\/p>\n<\/li>\n<li data-start=\"7071\" data-end=\"7153\">\n<p data-start=\"7073\" data-end=\"7153\"><strong data-start=\"7073\" data-end=\"7096\">Sikker emballasje:<\/strong> Forseglet og fuktbestandig for maksimal beskyttelse.<\/p>\n<\/li>\n<li data-start=\"7154\" data-end=\"7251\">\n<p data-start=\"7156\" data-end=\"7251\"><strong data-start=\"7156\" data-end=\"7186\">Brukervennlig form:<\/strong> Pelletformat forhindrer kontaminering og forenkler dosering.<\/p>\n<\/li>\n<\/ul>\n<hr data-start=\"7253\" data-end=\"7256\" \/>\n<h3 data-start=\"7258\" data-end=\"7275\"><strong data-start=\"7262\" data-end=\"7275\">Fordeler<\/strong><\/h3>\n<ol data-start=\"7277\" data-end=\"7659\">\n<li data-start=\"7277\" data-end=\"7375\">\n<p data-start=\"7280\" data-end=\"7375\"><strong data-start=\"7280\" data-end=\"7317\">N\u00f8yaktige forskningsresultater:<\/strong> Egnet for studier som krever mikrodosering.<\/p>\n<\/li>\n<li data-start=\"7376\" data-end=\"7444\">\n<p data-start=\"7379\" data-end=\"7444\"><strong data-start=\"7379\" data-end=\"7401\">Trygt \u00e5 bruke:<\/strong> Mindre eksponering takket v\u00e6re pelletformen.<\/p>\n<\/li>\n<li data-start=\"7445\" data-end=\"7516\">\n<p data-start=\"7448\" data-end=\"7516\"><strong data-start=\"7448\" data-end=\"7472\">Konsekvent kvalitet:<\/strong> Jevn sammensetning mellom batchene.<\/p>\n<\/li>\n<li data-start=\"7517\" data-end=\"7606\">\n<p data-start=\"7520\" data-end=\"7606\"><strong data-start=\"7520\" data-end=\"7553\">Vitenskapelig p\u00e5litelig:<\/strong> Produsert i henhold til laboratoriekvalitetsstandarder.<\/p>\n<\/li>\n<li data-start=\"7607\" data-end=\"7659\">\n<p data-start=\"7610\" data-end=\"7659\"><strong data-start=\"7610\" data-end=\"7628\">Lang holdbarhet:<\/strong> Stabil ved riktig lagring.<\/p>\n<\/li>\n<\/ol>\n<hr data-start=\"7661\" data-end=\"7664\" \/>\n<h3 data-start=\"7666\" data-end=\"7705\"><strong data-start=\"7670\" data-end=\"7705\">Bruk (kun til forskning)<\/strong><\/h3>\n<ol data-start=\"7707\" data-end=\"8033\">\n<li data-start=\"7707\" data-end=\"7785\">\n<p data-start=\"7710\" data-end=\"7785\"><strong data-start=\"7710\" data-end=\"7742\">Bruk vernekl\u00e6r<\/strong> (hansker, vernebriller, laboratoriefrakk).<\/p>\n<\/li>\n<li data-start=\"7786\" data-end=\"7861\">\n<p data-start=\"7789\" data-end=\"7861\"><strong data-start=\"7789\" data-end=\"7827\">Bruk kalibrerte instrumenter<\/strong> for \u00e5 m\u00e5le pellets n\u00f8yaktig.<\/p>\n<\/li>\n<li data-start=\"7862\" data-end=\"7913\">\n<p data-start=\"7865\" data-end=\"7913\"><strong data-start=\"7865\" data-end=\"7889\">Registrer batchdata<\/strong> for sporbarhet.<\/p>\n<\/li>\n<li data-start=\"7914\" data-end=\"7973\">\n<p data-start=\"7917\" data-end=\"7973\"><strong data-start=\"7917\" data-end=\"7948\">Spar resterende pellets<\/strong> kj\u00f8lig, t\u00f8rt og m\u00f8rkt.<\/p>\n<\/li>\n<li data-start=\"7974\" data-end=\"8033\">\n<p data-start=\"7977\" data-end=\"8033\"><strong data-start=\"7977\" data-end=\"7996\">Fjern avfall<\/strong> i henhold til laboratorieforskriftene.<\/p>\n<\/li>\n<\/ol>\n<blockquote data-start=\"8035\" data-end=\"8142\">\n<p data-start=\"8037\" data-end=\"8142\">\u26a0\ufe0f <strong data-start=\"8040\" data-end=\"8098\">Ikke egnet for konsum av mennesker eller dyr.<\/strong> Kun for <strong data-start=\"8111\" data-end=\"8141\">vitenskapelig forskning<\/strong>.<\/p>\n<\/blockquote>\n<hr data-start=\"8144\" data-end=\"8147\" \/>\n<h3 data-start=\"8149\" data-end=\"8174\"><strong data-start=\"8153\" data-end=\"8174\">Oppbevaringsinstruksjoner<\/strong><\/h3>\n<ul data-start=\"8176\" data-end=\"8341\">\n<li data-start=\"8176\" data-end=\"8218\">\n<p data-start=\"8178\" data-end=\"8218\">Lagre p\u00e5 <strong data-start=\"8189\" data-end=\"8198\">2\u20138 \u00b0C<\/strong>, m\u00f8rk og t\u00f8rr.<\/p>\n<\/li>\n<li data-start=\"8219\" data-end=\"8258\">\n<p data-start=\"8221\" data-end=\"8258\">Hold beholderen tett lukket.<\/p>\n<\/li>\n<li data-start=\"8259\" data-end=\"8298\">\n<p data-start=\"8261\" data-end=\"8298\">Unng\u00e5 kontakt med fuktighet og lys.<\/p>\n<\/li>\n<li data-start=\"8299\" data-end=\"8341\">\n<p data-start=\"8301\" data-end=\"8341\">Oppbevares utilgjengelig for uvedkommende.<\/p>\n<\/li>\n<\/ul>\n<hr data-start=\"8343\" data-end=\"8346\" \/>\n<h3 data-start=\"8348\" data-end=\"8383\"><strong data-start=\"8352\" data-end=\"8383\">Ofte stilte sp\u00f8rsm\u00e5l (FAQ)<\/strong><\/h3>\n<p data-start=\"8385\" data-end=\"8543\"><strong data-start=\"8385\" data-end=\"8439\">1. Hva brukes 1D-LSD 225mcg-pellets til?<\/strong><br data-start=\"8439\" data-end=\"8442\" \/>Til <strong data-start=\"8447\" data-end=\"8491\">vitenskapelig og analytisk forskning<\/strong> til lysergamanaloger og reseptorinteraksjoner.<\/p>\n<p data-start=\"8545\" data-end=\"8703\"><strong data-start=\"8545\" data-end=\"8595\">2. Er disse pelletsene egnet for konsum?<\/strong><br data-start=\"8595\" data-end=\"8598\" \/>Nei. De er <strong data-start=\"8611\" data-end=\"8661\">kun beregnet for laboratorieforskning<\/strong> og <strong data-start=\"8665\" data-end=\"8700\">ikke til konsum<\/strong>.<\/p>\n<p data-start=\"8705\" data-end=\"8843\"><strong data-start=\"8705\" data-end=\"8739\">3. Hva er den beste m\u00e5ten \u00e5 oppbevare dem p\u00e5?<\/strong><br data-start=\"8739\" data-end=\"8742\" \/>Lagre dem i en <strong data-start=\"8759\" data-end=\"8793\">kj\u00f8lig, t\u00f8rt og m\u00f8rkt sted<\/strong> mellom <strong data-start=\"8801\" data-end=\"8810\">2\u20138 \u00b0C<\/strong> i godt forseglet emballasje.<\/p>\n<hr data-start=\"8845\" data-end=\"8848\" \/>\n<h3 data-start=\"8850\" data-end=\"8867\"><strong data-start=\"8854\" data-end=\"8867\">Konklusjon<\/strong><\/h3>\n<p data-start=\"8869\" data-end=\"9103\"><strong data-start=\"8869\" data-end=\"8894\">1D-LSD 225mcg pellets<\/strong> garanti for <strong data-start=\"8913\" data-end=\"8962\">n\u00f8yaktighet, renhet og p\u00e5litelighet<\/strong>, utviklet for profesjonell analytisk forskning. Perfekt for laboratorier som streber etter <strong data-start=\"9058\" data-end=\"9100\">presisjon og reproduserbare resultater<\/strong>.<\/p>","protected":false},"excerpt":{"rendered":"<p>Introduksjon: 1D-LSD 225mcg-pellets er forskningsstoffer av laboratoriekvalitet beregnet for vitenskapelig og analytisk forskning. Hver pellet inneholder 225 mikrogram (mcg)<\/p>","protected":false},"featured_media":29161,"comment_status":"closed","ping_status":"closed","template":"","meta":[],"product_brand":[],"product_cat":[362,378,358,324],"product_tag":[452,774],"class_list":{"0":"post-24067","1":"product","2":"type-product","3":"status-publish","4":"has-post-thumbnail","6":"product_cat-1d-lsd-225mcg-pellets","7":"product_cat-1d-lsd-pellets","8":"product_cat-lysergamides","9":"product_cat-pellets-for-pellet","10":"product_tag-de","11":"product_tag-lsd-bestellen","13":"first","14":"instock","15":"taxable","16":"shipping-taxable","17":"purchasable","18":"product-type-variable"},"_links":{"self":[{"href":"https:\/\/onderzoekschemicals.com\/nb\/wp-json\/wp\/v2\/product\/24067","targetHints":{"allow":["GET"]}}],"collection":[{"href":"https:\/\/onderzoekschemicals.com\/nb\/wp-json\/wp\/v2\/product"}],"about":[{"href":"https:\/\/onderzoekschemicals.com\/nb\/wp-json\/wp\/v2\/types\/product"}],"replies":[{"embeddable":true,"href":"https:\/\/onderzoekschemicals.com\/nb\/wp-json\/wp\/v2\/comments?post=24067"}],"version-history":[{"count":6,"href":"https:\/\/onderzoekschemicals.com\/nb\/wp-json\/wp\/v2\/product\/24067\/revisions"}],"predecessor-version":[{"id":27887,"href":"https:\/\/onderzoekschemicals.com\/nb\/wp-json\/wp\/v2\/product\/24067\/revisions\/27887"}],"wp:featuredmedia":[{"embeddable":true,"href":"https:\/\/onderzoekschemicals.com\/nb\/wp-json\/wp\/v2\/media\/29161"}],"wp:attachment":[{"href":"https:\/\/onderzoekschemicals.com\/nb\/wp-json\/wp\/v2\/media?parent=24067"}],"wp:term":[{"taxonomy":"product_brand","embeddable":true,"href":"https:\/\/onderzoekschemicals.com\/nb\/wp-json\/wp\/v2\/product_brand?post=24067"},{"taxonomy":"product_cat","embeddable":true,"href":"https:\/\/onderzoekschemicals.com\/nb\/wp-json\/wp\/v2\/product_cat?post=24067"},{"taxonomy":"product_tag","embeddable":true,"href":"https:\/\/onderzoekschemicals.com\/nb\/wp-json\/wp\/v2\/product_tag?post=24067"}],"curies":[{"name":"wp","href":"https:\/\/api.w.org\/{rel}","templated":true}]}}