{"id":24061,"date":"2025-04-13T17:40:59","date_gmt":"2025-04-13T17:40:59","guid":{"rendered":"https:\/\/onderzoekschemicals.com\/?post_type=product&#038;p=24061"},"modified":"2025-11-28T07:08:06","modified_gmt":"2025-11-28T07:08:06","slug":"microdose-1p-lsd","status":"publish","type":"product","link":"https:\/\/onderzoekschemicals.com\/nb\/shop\/1d-lsd-225mcg-pellets\/microdose-1p-lsd\/","title":{"rendered":"1D-LSD 10 MCG-pellets \u2013 mikrodose"},"content":{"rendered":"<h3 data-start=\"5807\" data-end=\"5826\"><strong data-start=\"5811\" data-end=\"5826\">Introduksjon<\/strong><\/h3>\n<p data-start=\"5828\" data-end=\"6174\"><strong data-start=\"5828\" data-end=\"5871\">1D-LSD 10mcg pellets \u2013 mikrodoseutgave<\/strong> er <strong data-start=\"5877\" data-end=\"5924\">forskningsstoffer av laboratoriekvalitet<\/strong>, utviklet for <strong data-start=\"5942\" data-end=\"5986\">vitenskapelig og analytisk forskning<\/strong>Hver pellet inneholder n\u00f8yaktig <strong data-start=\"6012\" data-end=\"6085\">10 mikrogram (mcg) 1D-LSD (1-dietylamid-lysergsyredietylamid)<\/strong>, som sikrer <strong data-start=\"6102\" data-end=\"6143\">eksepsjonell presisjon og renhet<\/strong> i mikrodoseringsforskning. Mikrodose 1p LSD<\/p>\n<p data-start=\"6176\" data-end=\"6334\">Disse pelletene er ideelle for forskere som <strong data-start=\"6223\" data-end=\"6247\">lysergamidanaloger<\/strong> og <strong data-start=\"6251\" data-end=\"6277\">mikrodoseringseffekter<\/strong> \u00f8nsker \u00e5 studere under kontrollerte forhold.<\/p>\n<blockquote data-start=\"6336\" data-end=\"6474\">\n<p data-start=\"6338\" data-end=\"6474\">\u26a0\ufe0f <strong data-start=\"6341\" data-end=\"6352\">NB:<\/strong> Dette produktet er utelukkende beregnet for <strong data-start=\"6393\" data-end=\"6418\">laboratorieforskning<\/strong>Ikke egnet for konsum av mennesker eller dyr.<\/p>\n<\/blockquote>\n<hr data-start=\"6476\" data-end=\"6479\" \/>\n<h3 data-start=\"6481\" data-end=\"6512\"><strong data-start=\"6485\" data-end=\"6512\">Viktige funksjoner<\/strong><\/h3>\n<ul data-start=\"6514\" data-end=\"6999\">\n<li data-start=\"6514\" data-end=\"6613\">\n<p data-start=\"6516\" data-end=\"6613\"><strong data-start=\"6516\" data-end=\"6536\">N\u00f8yaktig dosering:<\/strong> Hver pellet inneholder <strong data-start=\"6555\" data-end=\"6571\">10mcg 1D-LSD<\/strong> for presise mikrodoseringsstudier.<\/p>\n<\/li>\n<li data-start=\"6614\" data-end=\"6704\">\n<p data-start=\"6616\" data-end=\"6704\"><strong data-start=\"6616\" data-end=\"6636\">H\u00f8y renhet:<\/strong> \u226599% analytisk kvalitet, testet under laboratorieforhold.<\/p>\n<\/li>\n<li data-start=\"6705\" data-end=\"6772\">\n<p data-start=\"6707\" data-end=\"6772\"><strong data-start=\"6707\" data-end=\"6733\">Konsekvent kvalitet:<\/strong> Produsert i henhold til <strong data-start=\"6755\" data-end=\"6769\">GLP-standarder<\/strong>.<\/p>\n<\/li>\n<li data-start=\"6773\" data-end=\"6831\">\n<p data-start=\"6775\" data-end=\"6831\"><strong data-start=\"6775\" data-end=\"6796\">Kjemisk stabil:<\/strong> Egnet for langtidslagring. Mikrodose 1p LSD<\/p>\n<\/li>\n<li data-start=\"6832\" data-end=\"6916\">\n<p data-start=\"6834\" data-end=\"6916\"><strong data-start=\"6834\" data-end=\"6856\">Sikker h\u00e5ndtering:<\/strong> Pelletform reduserer eksponering og risiko for kontaminering.<\/p>\n<\/li>\n<li data-start=\"6917\" data-end=\"6999\">\n<p data-start=\"6919\" data-end=\"6999\"><strong data-start=\"6919\" data-end=\"6942\">Sikker emballasje:<\/strong> Forseglet og fuktbestandig for maksimal beskyttelse.<\/p>\n<\/li>\n<\/ul>\n<hr data-start=\"7001\" data-end=\"7004\" \/>\n<h3 data-start=\"7006\" data-end=\"7023\"><strong data-start=\"7010\" data-end=\"7023\">Fordeler<\/strong><\/h3>\n<ol data-start=\"7025\" data-end=\"7421\">\n<li data-start=\"7025\" data-end=\"7126\">\n<p data-start=\"7028\" data-end=\"7126\"><strong data-start=\"7028\" data-end=\"7068\">Perfekt for mikrodoseringsforskning:<\/strong> Utviklet for ultra-presise laboratorieeksperimenter.<\/p>\n<\/li>\n<li data-start=\"7127\" data-end=\"7200\">\n<p data-start=\"7130\" data-end=\"7200\"><strong data-start=\"7130\" data-end=\"7161\">Reproduserbare resultater:<\/strong> Konstante data om gjentatt testing.<\/p>\n<\/li>\n<li data-start=\"7201\" data-end=\"7265\">\n<p data-start=\"7204\" data-end=\"7265\"><strong data-start=\"7204\" data-end=\"7226\">Trygt \u00e5 bruke:<\/strong> Redusert risiko p\u00e5 grunn av solid pelletform.<\/p>\n<\/li>\n<li data-start=\"7266\" data-end=\"7352\">\n<p data-start=\"7269\" data-end=\"7352\"><strong data-start=\"7269\" data-end=\"7295\">Laboratoriekvalitet:<\/strong> P\u00e5litelig for analytiske og kjemiske tester.<\/p>\n<\/li>\n<li data-start=\"7353\" data-end=\"7421\">\n<p data-start=\"7356\" data-end=\"7421\"><strong data-start=\"7356\" data-end=\"7374\">Lang holdbarhet:<\/strong> Forblir stabil under riktige lagringsforhold.<\/p>\n<\/li>\n<\/ol>\n<hr data-start=\"7423\" data-end=\"7426\" \/>\n<h3 data-start=\"7428\" data-end=\"7467\"><strong data-start=\"7432\" data-end=\"7467\">Bruk (kun til forskning)<\/strong><\/h3>\n<ol data-start=\"7469\" data-end=\"7825\">\n<li data-start=\"7469\" data-end=\"7534\">\n<p data-start=\"7472\" data-end=\"7534\"><strong data-start=\"7472\" data-end=\"7502\">Bruk vernekl\u00e6r<\/strong> (hansker, vernebriller, laboratoriefrakk).<\/p>\n<\/li>\n<li data-start=\"7535\" data-end=\"7623\">\n<p data-start=\"7538\" data-end=\"7623\"><strong data-start=\"7538\" data-end=\"7576\">Bruk kalibrerte instrumenter<\/strong> for \u00e5 m\u00e5le \u00f8nsket mengde pellets.<\/p>\n<\/li>\n<li data-start=\"7624\" data-end=\"7695\">\n<p data-start=\"7627\" data-end=\"7695\"><strong data-start=\"7627\" data-end=\"7649\">H\u00e5ndter med forsiktighet<\/strong> i et kontrollert laboratoriemilj\u00f8.<\/p>\n<\/li>\n<li data-start=\"7696\" data-end=\"7754\">\n<p data-start=\"7699\" data-end=\"7754\"><strong data-start=\"7699\" data-end=\"7729\">Oppbevar ubrukte pellets<\/strong> kj\u00f8lig, t\u00f8rt og m\u00f8rkt.<\/p>\n<\/li>\n<li data-start=\"7755\" data-end=\"7825\">\n<p data-start=\"7758\" data-end=\"7825\"><strong data-start=\"7758\" data-end=\"7777\">Fjern avfall<\/strong> i samsvar med gjeldende sikkerhetsforskrifter.<\/p>\n<\/li>\n<\/ol>\n<blockquote data-start=\"7827\" data-end=\"7904\">\n<p data-start=\"7829\" data-end=\"7904\">\u2697\ufe0f <strong data-start=\"7832\" data-end=\"7904\">Kun for laboratorietesting \u2013 ikke til konsum.<\/strong><\/p>\n<\/blockquote>\n<hr data-start=\"7906\" data-end=\"7909\" \/>\n<h3 data-start=\"7911\" data-end=\"7936\"><strong data-start=\"7915\" data-end=\"7936\">Oppbevaringsinstruksjoner<\/strong><\/h3>\n<ul data-start=\"7938\" data-end=\"8110\">\n<li data-start=\"7938\" data-end=\"7976\">\n<p data-start=\"7940\" data-end=\"7976\"><strong data-start=\"7940\" data-end=\"7956\">Temperatur:<\/strong> 2\u20138 \u00b0C anbefales.<\/p>\n<\/li>\n<li data-start=\"7977\" data-end=\"8020\">\n<p data-start=\"7979\" data-end=\"8020\"><strong data-start=\"7979\" data-end=\"7992\">Milj\u00f8:<\/strong> T\u00f8rt, m\u00f8rkt og stabilt.<\/p>\n<\/li>\n<li data-start=\"8021\" data-end=\"8062\">\n<p data-start=\"8023\" data-end=\"8062\"><strong data-start=\"8023\" data-end=\"8038\">Emballasje:<\/strong> Hold godt lukket.<\/p>\n<\/li>\n<li data-start=\"8063\" data-end=\"8110\">\n<p data-start=\"8065\" data-end=\"8110\"><strong data-start=\"8065\" data-end=\"8077\">Adgang:<\/strong> Kun for autoriserte personer.<\/p>\n<\/li>\n<\/ul>\n<hr data-start=\"8112\" data-end=\"8115\" \/>\n<h3 data-start=\"8117\" data-end=\"8152\"><strong data-start=\"8121\" data-end=\"8152\">Ofte stilte sp\u00f8rsm\u00e5l (FAQ)<\/strong><\/h3>\n<p data-start=\"8154\" data-end=\"8318\"><strong data-start=\"8154\" data-end=\"8207\">1. Hva brukes 1D-LSD 10mcg-pellets til?<\/strong><br data-start=\"8207\" data-end=\"8210\" \/>Til <strong data-start=\"8215\" data-end=\"8259\">vitenskapelig og analytisk forskning<\/strong>, spesielt mikrodoseringsstudier og lysergamanalyser.<\/p>\n<p data-start=\"8320\" data-end=\"8487\"><strong data-start=\"8320\" data-end=\"8370\">2. Er disse pelletsene egnet for konsum?<\/strong><br data-start=\"8370\" data-end=\"8373\" \/>Nei, de er <strong data-start=\"8386\" data-end=\"8436\">kun beregnet for laboratorieforskning<\/strong> og <strong data-start=\"8440\" data-end=\"8484\">ikke egnet til konsum<\/strong>.<\/p>\n<p data-start=\"8489\" data-end=\"8630\"><strong data-start=\"8489\" data-end=\"8530\">3. Hvordan oppbevarer jeg produktet riktig?<\/strong><br data-start=\"8530\" data-end=\"8533\" \/>Lagre det i en <strong data-start=\"8551\" data-end=\"8593\">kj\u00f8lig, t\u00f8rt og m\u00f8rkt sted (2\u20138 \u00b0C)<\/strong> i en godt lukket beholder.<\/p>\n<hr data-start=\"8632\" data-end=\"8635\" \/>\n<h3 data-start=\"8637\" data-end=\"8654\"><strong data-start=\"8641\" data-end=\"8654\">Konklusjon<\/strong><\/h3>\n<p data-start=\"8656\" data-end=\"8911\"><strong data-start=\"8656\" data-end=\"8690\">1D-LSD 10mcg mikrodosepellets<\/strong> st\u00e5 for <strong data-start=\"8702\" data-end=\"8747\">n\u00f8yaktighet, renhet og stabilitet<\/strong>, ideell for profesjonell laboratorieforskning. Perfekt for analytiske mikrodoseringseksperimenter der p\u00e5litelighet og repeterbarhet er avgj\u00f8rende.<\/p>","protected":false},"excerpt":{"rendered":"<p>Introduksjon 1D-LSD 10mcg Pellets \u2013 Microdose Edition er forskningsstoffer av laboratoriekvalitet utviklet for vitenskapelig og analytisk forskning. Hver pellet inneholder<\/p>","protected":false},"featured_media":29159,"comment_status":"closed","ping_status":"closed","template":"","meta":[],"product_brand":[],"product_cat":[362,378,358,324],"product_tag":[591,452,590],"class_list":{"0":"post-24061","1":"product","2":"type-product","3":"status-publish","4":"has-post-thumbnail","6":"product_cat-1d-lsd-225mcg-pellets","7":"product_cat-1d-lsd-pellets","8":"product_cat-lysergamides","9":"product_cat-pellets-for-pellet","10":"product_tag-1p-lsd-microdose","11":"product_tag-de","12":"product_tag-microdose-1p-lsd","14":"first","15":"instock","16":"taxable","17":"shipping-taxable","18":"purchasable","19":"product-type-variable"},"_links":{"self":[{"href":"https:\/\/onderzoekschemicals.com\/nb\/wp-json\/wp\/v2\/product\/24061","targetHints":{"allow":["GET"]}}],"collection":[{"href":"https:\/\/onderzoekschemicals.com\/nb\/wp-json\/wp\/v2\/product"}],"about":[{"href":"https:\/\/onderzoekschemicals.com\/nb\/wp-json\/wp\/v2\/types\/product"}],"replies":[{"embeddable":true,"href":"https:\/\/onderzoekschemicals.com\/nb\/wp-json\/wp\/v2\/comments?post=24061"}],"version-history":[{"count":5,"href":"https:\/\/onderzoekschemicals.com\/nb\/wp-json\/wp\/v2\/product\/24061\/revisions"}],"predecessor-version":[{"id":27888,"href":"https:\/\/onderzoekschemicals.com\/nb\/wp-json\/wp\/v2\/product\/24061\/revisions\/27888"}],"wp:featuredmedia":[{"embeddable":true,"href":"https:\/\/onderzoekschemicals.com\/nb\/wp-json\/wp\/v2\/media\/29159"}],"wp:attachment":[{"href":"https:\/\/onderzoekschemicals.com\/nb\/wp-json\/wp\/v2\/media?parent=24061"}],"wp:term":[{"taxonomy":"product_brand","embeddable":true,"href":"https:\/\/onderzoekschemicals.com\/nb\/wp-json\/wp\/v2\/product_brand?post=24061"},{"taxonomy":"product_cat","embeddable":true,"href":"https:\/\/onderzoekschemicals.com\/nb\/wp-json\/wp\/v2\/product_cat?post=24061"},{"taxonomy":"product_tag","embeddable":true,"href":"https:\/\/onderzoekschemicals.com\/nb\/wp-json\/wp\/v2\/product_tag?post=24061"}],"curies":[{"name":"wp","href":"https:\/\/api.w.org\/{rel}","templated":true}]}}