{"id":23571,"date":"2025-04-13T17:40:00","date_gmt":"2025-04-13T17:40:00","guid":{"rendered":"https:\/\/onderzoekschemicals.com\/?post_type=product&#038;p=23571"},"modified":"2025-10-18T15:31:03","modified_gmt":"2025-10-18T15:31:03","slug":"ecpla-l-tartrate-puur","status":"publish","type":"product","link":"https:\/\/onderzoekschemicals.com\/nb\/shop\/ecpla\/ecpla-l-tartrate-puur\/","title":{"rendered":"ECPLA L-tartrat Ren"},"content":{"rendered":"<h1><strong><span dir=\"auto\" style=\"vertical-align: inherit;\"><span dir=\"auto\" style=\"vertical-align: inherit;\">ECPLA L-tartrat (rent) \u2013 Lysergamid av h\u00f8y kvalitet for avansert forskning<\/span><\/span><\/strong><\/h1>\n<p data-start=\"3901\" data-end=\"4112\"><strong data-start=\"3901\" data-end=\"3975\">ECPLA L-tartrat (N6-etyl-6-norlysergsyredietylamid L-tartrat)<\/strong> er en <strong data-start=\"3983\" data-end=\"4027\">forskningsforbindelse med h\u00f8y renhet<\/strong>, designet for <strong data-start=\"4044\" data-end=\"4109\">nevrovitenskapelig, farmakologisk og analytisk forskning<\/strong>. ecpla<\/p>\n<p data-start=\"4114\" data-end=\"4409\">Hvis <strong data-start=\"4118\" data-end=\"4178\">strukturell analog av LSD (lysergsyredietylamid)<\/strong> Inneholder ECPLA en <strong data-start=\"4195\" data-end=\"4243\">etylsubstitusjon p\u00e5 lysergamrammeverket<\/strong>, noe som gj\u00f8r det verdifullt for <strong data-start=\"4276\" data-end=\"4332\">forskning p\u00e5 serotoninreseptorer (5-HT2A\/5-HT2C)<\/strong> og <strong data-start=\"4336\" data-end=\"4378\">struktur-aktivitetsforhold (SAR)<\/strong> innenfor lysergamklassen.<\/p>\n<p data-start=\"4411\" data-end=\"4605\">De <strong data-start=\"4414\" data-end=\"4432\">L-tartratform<\/strong> \u00f8ker <strong data-start=\"4445\" data-end=\"4501\">kjemisk stabilitet, l\u00f8selighet og holdbarhet<\/strong>, noe som gj\u00f8r dette produktet p\u00e5litelig for langvarig bruk i kontrollerte laboratoriemilj\u00f8er.<\/p>\n<blockquote data-start=\"4607\" data-end=\"4758\">\n<p data-start=\"4609\" data-end=\"4758\">\u26a0\ufe0f <strong data-start=\"4612\" data-end=\"4623\">NB:<\/strong> Dette produktet er <strong data-start=\"4639\" data-end=\"4694\">utelukkende beregnet p\u00e5 vitenskapelig forskning<\/strong> og <strong data-start=\"4698\" data-end=\"4755\">ikke egnet for konsum av mennesker eller dyr<\/strong>.<\/p>\n<\/blockquote>\n<hr data-start=\"4760\" data-end=\"4763\" \/>\n<h3 data-start=\"4765\" data-end=\"4796\"><strong data-start=\"4769\" data-end=\"4796\">Viktige funksjoner<\/strong><\/h3>\n<ul data-start=\"4797\" data-end=\"5188\">\n<li data-start=\"4797\" data-end=\"4882\">\n<p data-start=\"4799\" data-end=\"4882\"><strong data-start=\"4799\" data-end=\"4825\">H\u00f8y renhet (\u226599%)<\/strong> \u2013 Laboratorietestet for identitet og sammensetning.<\/p>\n<\/li>\n<li data-start=\"4883\" data-end=\"4958\">\n<p data-start=\"4885\" data-end=\"4958\"><strong data-start=\"4885\" data-end=\"4916\">Stabil L-tartratsaltform<\/strong> \u2013 \u00d8ker holdbarheten og stabiliteten.<\/p>\n<\/li>\n<li data-start=\"4959\" data-end=\"5050\">\n<p data-start=\"4961\" data-end=\"5050\"><strong data-start=\"4961\" data-end=\"4993\">Forskningsniv\u00e5 Lysergamid<\/strong> \u2013 Egnet for reseptor- og farmakologisk forskning.<\/p>\n<\/li>\n<li data-start=\"5051\" data-end=\"5121\">\n<p data-start=\"5053\" data-end=\"5121\"><strong data-start=\"5053\" data-end=\"5078\">Konsekvent kvalitet<\/strong> \u2013 Produsert under GMP-lignende standarder.<\/p>\n<\/li>\n<li data-start=\"5122\" data-end=\"5188\">\n<p data-start=\"5124\" data-end=\"5188\"><strong data-start=\"5124\" data-end=\"5146\">Sikker emballasje<\/strong> \u2013 Pakket lufttett og fuktsikker.<\/p>\n<\/li>\n<\/ul>\n<hr data-start=\"5190\" data-end=\"5193\" \/>\n<h3 data-start=\"5195\" data-end=\"5212\"><strong data-start=\"5199\" data-end=\"5212\">Fordeler<\/strong><\/h3>\n<ul data-start=\"5213\" data-end=\"5513\">\n<li data-start=\"5213\" data-end=\"5294\">\n<p data-start=\"5215\" data-end=\"5294\">St\u00f8tter <strong data-start=\"5227\" data-end=\"5291\">forskning p\u00e5 serotoninreseptorer og lysergamanaloger<\/strong>.<\/p>\n<\/li>\n<li data-start=\"5295\" data-end=\"5370\">\n<p data-start=\"5297\" data-end=\"5370\"><strong data-start=\"5297\" data-end=\"5342\">P\u00e5litelige og reproduserbare resultater<\/strong> i laboratorieforskning.<\/p>\n<\/li>\n<li data-start=\"5371\" data-end=\"5443\">\n<p data-start=\"5373\" data-end=\"5443\"><strong data-start=\"5373\" data-end=\"5399\">Forbedret stabilitet<\/strong> for sikker oppbevaring og langvarig bruk.<\/p>\n<\/li>\n<li data-start=\"5444\" data-end=\"5513\">\n<p data-start=\"5446\" data-end=\"5513\">Passer for <strong data-start=\"5460\" data-end=\"5510\">akademisk, analytisk og rettsmedisinsk forskning<\/strong>.<\/p>\n<\/li>\n<\/ul>\n<hr data-start=\"5515\" data-end=\"5518\" \/>\n<h3 data-start=\"5520\" data-end=\"5535\"><strong data-start=\"5524\" data-end=\"5535\">Bruk<\/strong><\/h3>\n<ul data-start=\"5536\" data-end=\"5840\">\n<li data-start=\"5536\" data-end=\"5606\">\n<p data-start=\"5538\" data-end=\"5606\">Kun til bruk av <strong data-start=\"5563\" data-end=\"5603\">kvalifisert laboratoriepersonell<\/strong>.<\/p>\n<\/li>\n<li data-start=\"5607\" data-end=\"5694\">\n<p data-start=\"5609\" data-end=\"5694\">Bruk egnet <strong data-start=\"5627\" data-end=\"5651\">verneutstyr<\/strong> (hansker, vernebriller, laboratoriefrakk).<\/p>\n<\/li>\n<li data-start=\"5695\" data-end=\"5781\">\n<p data-start=\"5697\" data-end=\"5781\">Spar p\u00e5 en <strong data-start=\"5712\" data-end=\"5746\">kj\u00f8lig, t\u00f8rt og m\u00f8rkt sted<\/strong>, beskyttet mot fuktighet og lys.<\/p>\n<\/li>\n<li data-start=\"5782\" data-end=\"5840\">\n<p data-start=\"5784\" data-end=\"5840\">Ikke egnet for konsum av mennesker eller dyr.<\/p>\n<\/li>\n<\/ul>\n<hr data-start=\"5842\" data-end=\"5845\" \/>\n<h3 data-start=\"5847\" data-end=\"5882\"><strong data-start=\"5851\" data-end=\"5882\">Ofte stilte sp\u00f8rsm\u00e5l (FAQ)<\/strong><\/h3>\n<p data-start=\"5884\" data-end=\"6060\"><strong data-start=\"5884\" data-end=\"5932\">1. Hva brukes ECPLA L-tartrat til?<\/strong><br data-start=\"5932\" data-end=\"5935\" \/>ECPLA brukes til <strong data-start=\"5961\" data-end=\"6006\">farmakologisk og nevrokjemisk forskning<\/strong> til serotoninreseptorer og lysergamanaloger.<\/p>\n<p data-start=\"6062\" data-end=\"6241\"><strong data-start=\"6062\" data-end=\"6119\">2. Er ECPLA L-tartrat trygt for menneskelig bruk?<\/strong><br data-start=\"6119\" data-end=\"6122\" \/>Nei. Dette produktet er <strong data-start=\"6142\" data-end=\"6191\">kun beregnet for forskningsform\u00e5l<\/strong> og ikke godkjent for konsum.<\/p>\n<p data-start=\"6243\" data-end=\"6405\"><strong data-start=\"6243\" data-end=\"6291\">3. Hvordan b\u00f8r ECPLA L-tartrat oppbevares?<\/strong><br data-start=\"6291\" data-end=\"6294\" \/>Oppbevares i en <strong data-start=\"6309\" data-end=\"6339\">godt forseglet emballasje<\/strong> ved romtemperatur (15\u201325 \u00b0C), beskyttet mot lys og fuktighet.<\/p>","protected":false},"excerpt":{"rendered":"<h3><span style=\"vertical-align: inherit;\"><span style=\"vertical-align: inherit;\"><span dir=\"auto\" style=\"vertical-align: inherit;\"><span dir=\"auto\" style=\"vertical-align: inherit;\">ECPLA L-tartrat egenskaper<\/span><\/span><\/span><\/span><\/h3>\n<p><strong><span style=\"vertical-align: inherit;\"><span style=\"vertical-align: inherit;\"><span dir=\"auto\" style=\"vertical-align: inherit;\"><span dir=\"auto\" style=\"vertical-align: inherit;\">Synonym:<\/span><\/span><\/span><\/span><\/strong><span style=\"vertical-align: inherit;\"><span style=\"vertical-align: inherit;\"><span dir=\"auto\" style=\"vertical-align: inherit;\"><span dir=\"auto\" style=\"vertical-align: inherit;\"> lysergsyre N-etyl-N-cyklopropylamid hemi-L-tartrat <\/span><\/span><\/span><\/span><br \/>\n<strong><span style=\"vertical-align: inherit;\"><span style=\"vertical-align: inherit;\"><span dir=\"auto\" style=\"vertical-align: inherit;\"><span dir=\"auto\" style=\"vertical-align: inherit;\">CAS-nummer:<\/span><\/span><\/span><\/span><\/strong><span style=\"vertical-align: inherit;\"><span style=\"vertical-align: inherit;\"><span dir=\"auto\" style=\"vertical-align: inherit;\"><span dir=\"auto\" style=\"vertical-align: inherit;\"> ETTER <\/span><\/span><\/span><\/span><br \/>\n<strong><span style=\"vertical-align: inherit;\"><span style=\"vertical-align: inherit;\"><span dir=\"auto\" style=\"vertical-align: inherit;\"><span dir=\"auto\" style=\"vertical-align: inherit;\">Formel:<\/span><\/span><\/span><\/span><\/strong><span style=\"vertical-align: inherit;\"><span style=\"vertical-align: inherit;\"><span dir=\"auto\" style=\"vertical-align: inherit;\"><span dir=\"auto\" style=\"vertical-align: inherit;\"> (8\u03b2)-N-etyl-N-cyklopropyl-6-metyl-9,10-didehydroergolin-8-karboksamid hemi-L-tartrat <\/span><\/span><\/span><\/span><br \/>\n<strong><span style=\"vertical-align: inherit;\"><span style=\"vertical-align: inherit;\"><span dir=\"auto\" style=\"vertical-align: inherit;\"><span dir=\"auto\" style=\"vertical-align: inherit;\">Molmasse:<\/span><\/span><\/span><\/span><\/strong><span style=\"vertical-align: inherit;\"><span style=\"vertical-align: inherit;\"><span dir=\"auto\" style=\"vertical-align: inherit;\"><span dir=\"auto\" style=\"vertical-align: inherit;\"> 410,5 g\/mol <\/span><\/span><\/span><\/span><br \/>\n<strong><span style=\"vertical-align: inherit;\"><span style=\"vertical-align: inherit;\"><span dir=\"auto\" style=\"vertical-align: inherit;\"><span dir=\"auto\" style=\"vertical-align: inherit;\">Renhet:<\/span><\/span><\/span><\/span><\/strong><span style=\"vertical-align: inherit;\"><span style=\"vertical-align: inherit;\"><span dir=\"auto\" style=\"vertical-align: inherit;\"><span dir=\"auto\" style=\"vertical-align: inherit;\"> &gt;97%<\/span><\/span><\/span><\/span><\/p>","protected":false},"featured_media":20487,"comment_status":"closed","ping_status":"closed","template":"","meta":[],"product_brand":[],"product_cat":[547,358],"product_tag":[1151,1152,326],"class_list":{"0":"post-23571","1":"product","2":"type-product","3":"status-publish","4":"has-post-thumbnail","6":"product_cat-ecpla","7":"product_cat-lysergamides","8":"product_tag-ecpla","9":"product_tag-ecpla-kopen","10":"product_tag-nl","12":"first","13":"instock","14":"taxable","15":"shipping-taxable","16":"purchasable","17":"product-type-variable"},"_links":{"self":[{"href":"https:\/\/onderzoekschemicals.com\/nb\/wp-json\/wp\/v2\/product\/23571","targetHints":{"allow":["GET"]}}],"collection":[{"href":"https:\/\/onderzoekschemicals.com\/nb\/wp-json\/wp\/v2\/product"}],"about":[{"href":"https:\/\/onderzoekschemicals.com\/nb\/wp-json\/wp\/v2\/types\/product"}],"replies":[{"embeddable":true,"href":"https:\/\/onderzoekschemicals.com\/nb\/wp-json\/wp\/v2\/comments?post=23571"}],"version-history":[{"count":5,"href":"https:\/\/onderzoekschemicals.com\/nb\/wp-json\/wp\/v2\/product\/23571\/revisions"}],"predecessor-version":[{"id":28005,"href":"https:\/\/onderzoekschemicals.com\/nb\/wp-json\/wp\/v2\/product\/23571\/revisions\/28005"}],"wp:featuredmedia":[{"embeddable":true,"href":"https:\/\/onderzoekschemicals.com\/nb\/wp-json\/wp\/v2\/media\/20487"}],"wp:attachment":[{"href":"https:\/\/onderzoekschemicals.com\/nb\/wp-json\/wp\/v2\/media?parent=23571"}],"wp:term":[{"taxonomy":"product_brand","embeddable":true,"href":"https:\/\/onderzoekschemicals.com\/nb\/wp-json\/wp\/v2\/product_brand?post=23571"},{"taxonomy":"product_cat","embeddable":true,"href":"https:\/\/onderzoekschemicals.com\/nb\/wp-json\/wp\/v2\/product_cat?post=23571"},{"taxonomy":"product_tag","embeddable":true,"href":"https:\/\/onderzoekschemicals.com\/nb\/wp-json\/wp\/v2\/product_tag?post=23571"}],"curies":[{"name":"wp","href":"https:\/\/api.w.org\/{rel}","templated":true}]}}