{"id":23553,"date":"2025-04-13T17:39:57","date_gmt":"2025-04-13T17:39:57","guid":{"rendered":"https:\/\/onderzoekschemicals.com\/?post_type=product&#038;p=23553"},"modified":"2025-10-19T11:02:03","modified_gmt":"2025-10-19T11:02:03","slug":"1b-lsd-l-tartrate-puur","status":"publish","type":"product","link":"https:\/\/onderzoekschemicals.com\/nb\/shop\/1b-lsd\/1b-lsd-l-tartrate-puur\/","title":{"rendered":"1B-LSD L-tartrat Ren"},"content":{"rendered":"<h1><strong><span dir=\"auto\" style=\"vertical-align: inherit;\"><span dir=\"auto\" style=\"vertical-align: inherit;\">1B-LSD L-Tartrate Pure \u2013 Lysergamid av h\u00f8y kvalitet for vitenskapelig forskning<\/span><\/span><\/strong><\/h1>\n<p data-start=\"3884\" data-end=\"4079\"><strong data-start=\"3884\" data-end=\"3955\">1B-LSD L-tartrat (1-butanoyl-lysergsyredietylamid L-tartrat)<\/strong> er en <strong data-start=\"3963\" data-end=\"4005\">forskningsforbindelse med h\u00f8y renhet<\/strong>, utviklet for <strong data-start=\"4023\" data-end=\"4076\">nevrovitenskapelig og farmakologisk forskning<\/strong>. 1b lsd<\/p>\n<p data-start=\"4081\" data-end=\"4423\">Hvis <strong data-start=\"4085\" data-end=\"4145\">strukturell analog av LSD (lysergsyredietylamid)<\/strong> inneholder 1B-LSD a <strong data-start=\"4163\" data-end=\"4180\">butanoylgruppe<\/strong> til indolnitrogenet. Denne lille endringen gj\u00f8r forbindelsen spesielt verdifull for <strong data-start=\"4271\" data-end=\"4312\">struktur-aktivitetsforhold (SAR)<\/strong>-\u00e5 forske <strong data-start=\"4326\" data-end=\"4353\">reseptorbindingsstudier<\/strong>, spesielt rettet mot <strong data-start=\"4379\" data-end=\"4420\">serotoninsystemet (5-HT2A-reseptorer)<\/strong>.<\/p>\n<p data-start=\"4425\" data-end=\"4616\">De <strong data-start=\"4428\" data-end=\"4450\">L-tartratsaltform<\/strong> \u00f8ker <strong data-start=\"4463\" data-end=\"4519\">kjemisk stabilitet, l\u00f8selighet og holdbarhet<\/strong>, noe som gj\u00f8r dette produktet ideelt for langvarig bruk i kontrollerte laboratoriemilj\u00f8er.<\/p>\n<blockquote data-start=\"4618\" data-end=\"4756\">\n<p data-start=\"4620\" data-end=\"4756\">\u26a0\ufe0f <strong data-start=\"4623\" data-end=\"4634\">NB:<\/strong> Dette produktet er <strong data-start=\"4650\" data-end=\"4705\">utelukkende beregnet p\u00e5 vitenskapelig forskning<\/strong> og <strong data-start=\"4709\" data-end=\"4753\">ikke egnet til konsum<\/strong>.<\/p>\n<\/blockquote>\n<hr data-start=\"4758\" data-end=\"4761\" \/>\n<h3 data-start=\"4763\" data-end=\"4794\"><strong data-start=\"4767\" data-end=\"4794\">Viktige funksjoner<\/strong><\/h3>\n<ul data-start=\"4795\" data-end=\"5219\">\n<li data-start=\"4795\" data-end=\"4893\">\n<p data-start=\"4797\" data-end=\"4893\"><strong data-start=\"4797\" data-end=\"4823\">H\u00f8y renhet (\u226599%)<\/strong> \u2013 Laboratorietestet for identitet, stabilitet og sammensetning.<\/p>\n<\/li>\n<li data-start=\"4894\" data-end=\"4979\">\n<p data-start=\"4896\" data-end=\"4979\"><strong data-start=\"4896\" data-end=\"4927\">Stabil L-tartratsaltform<\/strong> \u2013 \u00d8ker holdbarheten og den kjemiske integriteten.<\/p>\n<\/li>\n<li data-start=\"4980\" data-end=\"5060\">\n<p data-start=\"4982\" data-end=\"5060\"><strong data-start=\"4982\" data-end=\"5014\">Forskningsniv\u00e5 Lysergamid<\/strong> \u2013 Egnet for reseptor- og SAR-forskning.<\/p>\n<\/li>\n<li data-start=\"5061\" data-end=\"5138\">\n<p data-start=\"5063\" data-end=\"5138\"><strong data-start=\"5063\" data-end=\"5088\">GMP-lignende produksjon<\/strong> \u2013 Konsekvent kvalitet og reproduserbarhet.<\/p>\n<\/li>\n<li data-start=\"5139\" data-end=\"5219\">\n<p data-start=\"5141\" data-end=\"5219\"><strong data-start=\"5141\" data-end=\"5163\">Sikker emballasje<\/strong> \u2013 Lufttett og lystette for optimal beskyttelse.<\/p>\n<\/li>\n<\/ul>\n<hr data-start=\"5221\" data-end=\"5224\" \/>\n<h3 data-start=\"5226\" data-end=\"5243\"><strong data-start=\"5230\" data-end=\"5243\">Fordeler<\/strong><\/h3>\n<ul data-start=\"5244\" data-end=\"5538\">\n<li data-start=\"5244\" data-end=\"5327\">\n<p data-start=\"5246\" data-end=\"5327\">Passer for <strong data-start=\"5260\" data-end=\"5324\">forskning p\u00e5 serotoninreseptorer og lysergamanaloger<\/strong>.<\/p>\n<\/li>\n<li data-start=\"5328\" data-end=\"5399\">\n<p data-start=\"5330\" data-end=\"5399\">S\u00f8rger for <strong data-start=\"5341\" data-end=\"5396\">n\u00f8yaktige og reproduserbare forskningsresultater<\/strong>.<\/p>\n<\/li>\n<li data-start=\"5400\" data-end=\"5463\">\n<p data-start=\"5402\" data-end=\"5463\"><strong data-start=\"5402\" data-end=\"5428\">Forbedret stabilitet<\/strong> sammenlignet med frie baseformer.<\/p>\n<\/li>\n<li data-start=\"5464\" data-end=\"5538\">\n<p data-start=\"5466\" data-end=\"5538\">Ideell for <strong data-start=\"5478\" data-end=\"5535\">analytisk, nevrokjemisk og farmakologisk forskning<\/strong>.<\/p>\n<\/li>\n<\/ul>\n<hr data-start=\"5540\" data-end=\"5543\" \/>\n<h3 data-start=\"5545\" data-end=\"5560\"><strong data-start=\"5549\" data-end=\"5560\">Bruk<\/strong><\/h3>\n<ul data-start=\"5561\" data-end=\"5832\">\n<li data-start=\"5561\" data-end=\"5631\">\n<p data-start=\"5563\" data-end=\"5631\">Kun til bruk av <strong data-start=\"5588\" data-end=\"5628\">kvalifisert laboratoriepersonell<\/strong>.<\/p>\n<\/li>\n<li data-start=\"5632\" data-end=\"5708\">\n<p data-start=\"5634\" data-end=\"5708\">Bruk egnet <strong data-start=\"5652\" data-end=\"5676\">verneutstyr<\/strong> (hansker, vernebriller, laboratoriefrakk). 1b LSD<\/p>\n<\/li>\n<li data-start=\"5709\" data-end=\"5773\">\n<p data-start=\"5711\" data-end=\"5773\">Spar p\u00e5 en <strong data-start=\"5726\" data-end=\"5760\">kj\u00f8lig, t\u00f8rt og m\u00f8rkt sted<\/strong> (15\u201325 \u00b0C).<\/p>\n<\/li>\n<li data-start=\"5774\" data-end=\"5832\">\n<p data-start=\"5776\" data-end=\"5832\">Ikke egnet for konsum av mennesker eller dyr.<\/p>\n<\/li>\n<\/ul>\n<hr data-start=\"5834\" data-end=\"5837\" \/>\n<h3 data-start=\"5839\" data-end=\"5874\"><strong data-start=\"5843\" data-end=\"5874\">Ofte stilte sp\u00f8rsm\u00e5l (FAQ)<\/strong><\/h3>\n<p data-start=\"5876\" data-end=\"6073\"><strong data-start=\"5876\" data-end=\"5925\">1. Hva brukes 1B-LSD L-tartrat til?<\/strong><br data-start=\"5925\" data-end=\"5928\" \/>1B-LSD L-tartrat brukes til <strong data-start=\"5966\" data-end=\"6019\">nevrovitenskapelig og farmakologisk forskning<\/strong> til lysergamanaloger og serotoninreseptorer.<\/p>\n<p data-start=\"6075\" data-end=\"6255\"><strong data-start=\"6075\" data-end=\"6133\">2. Er 1B-LSD L-tartrat trygt for menneskelig bruk?<\/strong><br data-start=\"6133\" data-end=\"6136\" \/>Nei. Dette produktet er <strong data-start=\"6156\" data-end=\"6205\">kun beregnet for forskningsform\u00e5l<\/strong> og ikke godkjent for konsum.<\/p>\n<p data-start=\"6257\" data-end=\"6432\"><strong data-start=\"6257\" data-end=\"6306\">3. Hvordan b\u00f8r 1B-LSD L-tartrat oppbevares?<\/strong><br data-start=\"6306\" data-end=\"6309\" \/>Oppbevares i en <strong data-start=\"6324\" data-end=\"6366\">godt forseglet, fuktighetsfri emballasje<\/strong> ved romtemperatur (15\u201325 \u00b0C), beskyttet mot lys og fuktighet.<\/p>","protected":false},"excerpt":{"rendered":"<h3><span style=\"vertical-align: inherit;\"><span style=\"vertical-align: inherit;\"><span dir=\"auto\" style=\"vertical-align: inherit;\"><span dir=\"auto\" style=\"vertical-align: inherit;\">1B-LSD L-tartrat egenskaper<\/span><\/span><\/span><\/span><\/h3>\n<p><strong><span style=\"vertical-align: inherit;\"><span style=\"vertical-align: inherit;\"><span dir=\"auto\" style=\"vertical-align: inherit;\"><span dir=\"auto\" style=\"vertical-align: inherit;\">Synonym:<\/span><\/span><\/span><\/span><\/strong><span style=\"vertical-align: inherit;\"><span style=\"vertical-align: inherit;\"><span dir=\"auto\" style=\"vertical-align: inherit;\"><span dir=\"auto\" style=\"vertical-align: inherit;\"> 1-butanoyl-lysergsyredietylamid hemi-L-tartrat, BLSD <\/span><\/span><\/span><\/span><br \/>\n<strong><span style=\"vertical-align: inherit;\"><span style=\"vertical-align: inherit;\"><span dir=\"auto\" style=\"vertical-align: inherit;\"><span dir=\"auto\" style=\"vertical-align: inherit;\">CAS-nummer:<\/span><\/span><\/span><\/span><\/strong><span style=\"vertical-align: inherit;\"><span style=\"vertical-align: inherit;\"><span dir=\"auto\" style=\"vertical-align: inherit;\"><span dir=\"auto\" style=\"vertical-align: inherit;\"> 2349376-12-9 <\/span><\/span><\/span><\/span><br \/>\n<strong><span style=\"vertical-align: inherit;\"><span style=\"vertical-align: inherit;\"><span dir=\"auto\" style=\"vertical-align: inherit;\"><span dir=\"auto\" style=\"vertical-align: inherit;\">Formel:<\/span><\/span><\/span><\/span><\/strong><span style=\"vertical-align: inherit;\"><span style=\"vertical-align: inherit;\"><span dir=\"auto\" style=\"vertical-align: inherit;\"><span dir=\"auto\" style=\"vertical-align: inherit;\"> (8\u03b2)-1-butanoyl-N,N-dietyl-6-metyl-9,10-didehydroergolin-8-karboksamid hemi-L-tartrat <\/span><\/span><\/span><\/span><br \/>\n<strong><span style=\"vertical-align: inherit;\"><span style=\"vertical-align: inherit;\"><span dir=\"auto\" style=\"vertical-align: inherit;\"><span dir=\"auto\" style=\"vertical-align: inherit;\">Molar masse:<\/span><\/span><\/span><\/span><\/strong><span style=\"vertical-align: inherit;\"><span style=\"vertical-align: inherit;\"><span dir=\"auto\" style=\"vertical-align: inherit;\"><span dir=\"auto\" style=\"vertical-align: inherit;\"> 468,5 g\/mol <\/span><\/span><\/span><\/span><br \/>\n<strong><span style=\"vertical-align: inherit;\"><span style=\"vertical-align: inherit;\"><span dir=\"auto\" style=\"vertical-align: inherit;\"><span dir=\"auto\" style=\"vertical-align: inherit;\">Renhet:<\/span><\/span><\/span><\/span><\/strong><span style=\"vertical-align: inherit;\"><span style=\"vertical-align: inherit;\"><span dir=\"auto\" style=\"vertical-align: inherit;\"><span dir=\"auto\" style=\"vertical-align: inherit;\"> &gt;97%<\/span><\/span><\/span><\/span><\/p>","protected":false},"featured_media":20447,"comment_status":"closed","ping_status":"closed","template":"","meta":[],"product_brand":[],"product_cat":[530,358],"product_tag":[1153,923,326],"class_list":{"0":"post-23553","1":"product","2":"type-product","3":"status-publish","4":"has-post-thumbnail","6":"product_cat-1b-lsd","7":"product_cat-lysergamides","8":"product_tag-1b-lsd-kopen","9":"product_tag-1b-lsd","10":"product_tag-nl","12":"first","13":"instock","14":"taxable","15":"shipping-taxable","16":"purchasable","17":"product-type-variable"},"_links":{"self":[{"href":"https:\/\/onderzoekschemicals.com\/nb\/wp-json\/wp\/v2\/product\/23553","targetHints":{"allow":["GET"]}}],"collection":[{"href":"https:\/\/onderzoekschemicals.com\/nb\/wp-json\/wp\/v2\/product"}],"about":[{"href":"https:\/\/onderzoekschemicals.com\/nb\/wp-json\/wp\/v2\/types\/product"}],"replies":[{"embeddable":true,"href":"https:\/\/onderzoekschemicals.com\/nb\/wp-json\/wp\/v2\/comments?post=23553"}],"version-history":[{"count":4,"href":"https:\/\/onderzoekschemicals.com\/nb\/wp-json\/wp\/v2\/product\/23553\/revisions"}],"predecessor-version":[{"id":28013,"href":"https:\/\/onderzoekschemicals.com\/nb\/wp-json\/wp\/v2\/product\/23553\/revisions\/28013"}],"wp:featuredmedia":[{"embeddable":true,"href":"https:\/\/onderzoekschemicals.com\/nb\/wp-json\/wp\/v2\/media\/20447"}],"wp:attachment":[{"href":"https:\/\/onderzoekschemicals.com\/nb\/wp-json\/wp\/v2\/media?parent=23553"}],"wp:term":[{"taxonomy":"product_brand","embeddable":true,"href":"https:\/\/onderzoekschemicals.com\/nb\/wp-json\/wp\/v2\/product_brand?post=23553"},{"taxonomy":"product_cat","embeddable":true,"href":"https:\/\/onderzoekschemicals.com\/nb\/wp-json\/wp\/v2\/product_cat?post=23553"},{"taxonomy":"product_tag","embeddable":true,"href":"https:\/\/onderzoekschemicals.com\/nb\/wp-json\/wp\/v2\/product_tag?post=23553"}],"curies":[{"name":"wp","href":"https:\/\/api.w.org\/{rel}","templated":true}]}}