{"id":23304,"date":"2025-04-13T17:39:31","date_gmt":"2025-04-13T17:39:31","guid":{"rendered":"https:\/\/onderzoekschemicals.com\/?post_type=product&#038;p=23304"},"modified":"2025-11-28T11:35:47","modified_gmt":"2025-11-28T11:35:47","slug":"etizolam-kopen","status":"publish","type":"product","link":"https:\/\/onderzoekschemicals.com\/nb\/shop\/verboden\/etizolam-kopen\/","title":{"rendered":"Etizolam 1 mg t\u00f8rkepapir"},"content":{"rendered":"<h1><span dir=\"auto\" style=\"vertical-align: inherit;\"><span dir=\"auto\" style=\"vertical-align: inherit;\">Etizolam Blotters 1 mg \u2013 Profesjonelt forskningsmateriell for vitenskapelige anvendelser<\/span><\/span><\/h1>\n<p data-start=\"3736\" data-end=\"3880\"><strong data-start=\"3736\" data-end=\"3761\">Etizolam 1 mg t\u00f8rkepapir<\/strong> inneholde <strong data-start=\"3771\" data-end=\"3807\">1 milligram Etizolam per blotter<\/strong>, n\u00f8yaktig dosert for <strong data-start=\"3835\" data-end=\"3877\">farmakologisk og analytisk forskning<\/strong>. kj\u00f8p etizolam<\/p>\n<p data-start=\"3882\" data-end=\"4147\">Etizolam er en <strong data-start=\"3898\" data-end=\"3928\">tienodiazepinforbindelse<\/strong>, strukturelt beslektet med benzodiazepiner, og blir unders\u00f8kt for dens effekter p\u00e5 <strong data-start=\"4015\" data-end=\"4036\">GABA-A-reseptorer<\/strong>Det brukes ofte i <strong data-start=\"4065\" data-end=\"4098\">nevrofarmakologisk forskning<\/strong> til angstdempende og beroligende egenskaper.<\/p>\n<p data-start=\"4149\" data-end=\"4377\">Hvert blotter er produsert under <strong data-start=\"4186\" data-end=\"4224\">strenge laboratorieforhold<\/strong>, av <strong data-start=\"4230\" data-end=\"4265\">Etizolam med h\u00f8y renhet (\u226599%)<\/strong> p\u00e5 <strong data-start=\"4269\" data-end=\"4297\">forskningsverdig artikkel<\/strong>, som sikrer <strong data-start=\"4314\" data-end=\"4374\">jevn absorpsjon og konsistent analytisk ytelse<\/strong>.<\/p>\n<blockquote data-start=\"4379\" data-end=\"4534\">\n<p data-start=\"4381\" data-end=\"4534\">\u26a0\ufe0f <strong data-start=\"4384\" data-end=\"4395\">NB:<\/strong> Disse t\u00f8rkepapirene er <strong data-start=\"4415\" data-end=\"4470\">utelukkende beregnet p\u00e5 vitenskapelig forskning<\/strong> og <strong data-start=\"4474\" data-end=\"4531\">ikke egnet for konsum av mennesker eller dyr<\/strong>.<\/p>\n<\/blockquote>\n<hr data-start=\"4536\" data-end=\"4539\" \/>\n<h3 data-start=\"4541\" data-end=\"4572\"><strong data-start=\"4545\" data-end=\"4572\">Viktige funksjoner<\/strong><\/h3>\n<ul data-start=\"4573\" data-end=\"5008\">\n<li data-start=\"4573\" data-end=\"4662\">\n<p data-start=\"4575\" data-end=\"4662\"><strong data-start=\"4575\" data-end=\"4617\">N\u00f8yaktig dosering (1 mg per trekkpapir)<\/strong> \u2013 For p\u00e5litelige analyseresultater.<\/p>\n<\/li>\n<li data-start=\"4663\" data-end=\"4737\">\n<p data-start=\"4665\" data-end=\"4737\"><strong data-start=\"4665\" data-end=\"4691\">H\u00f8y renhet (\u226599%)<\/strong> \u2013 Kontrollert med HPLC- og GC-MS-analyse.<\/p>\n<\/li>\n<li data-start=\"4738\" data-end=\"4820\">\n<p data-start=\"4740\" data-end=\"4820\"><strong data-start=\"4740\" data-end=\"4762\">Jevn fordeling<\/strong> \u2013 Jevnt belegg for konsistente testresultater.<\/p>\n<\/li>\n<li data-start=\"4821\" data-end=\"4918\">\n<p data-start=\"4823\" data-end=\"4918\"><strong data-start=\"4823\" data-end=\"4862\">Farmakologisk forskningsstandard<\/strong> \u2013 Egnet for reseptor- og bioanalytisk forskning.<\/p>\n<\/li>\n<li data-start=\"4919\" data-end=\"5008\">\n<p data-start=\"4921\" data-end=\"5008\"><strong data-start=\"4921\" data-end=\"4943\">Sikker emballasje<\/strong> \u2013 Beskyttet mot lys og fuktighet for lang holdbarhet. Kj\u00f8p etizolam<\/p>\n<\/li>\n<\/ul>\n<hr data-start=\"5010\" data-end=\"5013\" \/>\n<h3 data-start=\"5015\" data-end=\"5032\"><strong data-start=\"5019\" data-end=\"5032\">Fordeler<\/strong><\/h3>\n<ul data-start=\"5033\" data-end=\"5328\">\n<li data-start=\"5033\" data-end=\"5120\">\n<p data-start=\"5035\" data-end=\"5120\">St\u00f8tter <strong data-start=\"5047\" data-end=\"5117\">forskning p\u00e5 GABA-A-reseptorer og nevrofarmakologiske prosesser<\/strong>.<\/p>\n<\/li>\n<li data-start=\"5121\" data-end=\"5181\">\n<p data-start=\"5123\" data-end=\"5181\"><strong data-start=\"5123\" data-end=\"5178\">N\u00f8yaktige og reproduserbare forskningsresultater<\/strong>.<\/p>\n<\/li>\n<li data-start=\"5182\" data-end=\"5254\">\n<p data-start=\"5184\" data-end=\"5254\"><strong data-start=\"5184\" data-end=\"5226\">Lett \u00e5 h\u00e5ndtere og oppbevare<\/strong> til laboratoriebruk.<\/p>\n<\/li>\n<li data-start=\"5255\" data-end=\"5328\">\n<p data-start=\"5257\" data-end=\"5328\">Passer for <strong data-start=\"5271\" data-end=\"5325\">akademisk, farmakologisk og analytisk forskning<\/strong>.<\/p>\n<\/li>\n<\/ul>\n<hr data-start=\"5330\" data-end=\"5333\" \/>\n<h3 data-start=\"5335\" data-end=\"5350\"><strong data-start=\"5339\" data-end=\"5350\">Bruk<\/strong><\/h3>\n<ul data-start=\"5351\" data-end=\"5622\">\n<li data-start=\"5351\" data-end=\"5421\">\n<p data-start=\"5353\" data-end=\"5421\">Kun til bruk av <strong data-start=\"5378\" data-end=\"5418\">kvalifisert laboratoriepersonell<\/strong>.<\/p>\n<\/li>\n<li data-start=\"5422\" data-end=\"5498\">\n<p data-start=\"5424\" data-end=\"5498\">Bruk egnet <strong data-start=\"5442\" data-end=\"5466\">verneutstyr<\/strong> (hansker, vernebriller, laboratoriefrakk).<\/p>\n<\/li>\n<li data-start=\"5499\" data-end=\"5563\">\n<p data-start=\"5501\" data-end=\"5563\">Spar p\u00e5 en <strong data-start=\"5516\" data-end=\"5550\">kj\u00f8lig, t\u00f8rt og m\u00f8rkt sted<\/strong> (15\u201325 \u00b0C).<\/p>\n<\/li>\n<li data-start=\"5564\" data-end=\"5622\">\n<p data-start=\"5566\" data-end=\"5622\">Ikke egnet for konsum av mennesker eller dyr.<\/p>\n<\/li>\n<\/ul>\n<hr data-start=\"5624\" data-end=\"5627\" \/>\n<h3 data-start=\"5629\" data-end=\"5664\"><strong data-start=\"5633\" data-end=\"5664\">Ofte stilte sp\u00f8rsm\u00e5l (FAQ)<\/strong><\/h3>\n<p data-start=\"5666\" data-end=\"5841\"><strong data-start=\"5666\" data-end=\"5720\">1. Hva brukes Etizolam 1 mg blotters til?<\/strong><br data-start=\"5720\" data-end=\"5723\" \/>Etizolam 1 mg blotters brukes i <strong data-start=\"5764\" data-end=\"5806\">analytisk og farmakologisk forskning<\/strong> til GABA-A-reseptorinteraksjoner.<\/p>\n<p data-start=\"5843\" data-end=\"6029\"><strong data-start=\"5843\" data-end=\"5903\">2. Er Etizolam Blotters trygge for menneskelig bruk?<\/strong><br data-start=\"5903\" data-end=\"5906\" \/>Nei. Disse t\u00f8rkepapirene er <strong data-start=\"5930\" data-end=\"5979\">kun beregnet for forskningsform\u00e5l<\/strong> og ikke godkjent for konsum.<\/p>\n<p data-start=\"6031\" data-end=\"6169\"><strong data-start=\"6031\" data-end=\"6082\">3. Hvordan b\u00f8r Etizolam Blotters oppbevares?<\/strong><br data-start=\"6082\" data-end=\"6085\" \/>Oppbevares i en <strong data-start=\"6100\" data-end=\"6135\">lett og fuktighetsfri emballasje<\/strong> ved romtemperatur (15\u201325 \u00b0C).<\/p>","protected":false},"excerpt":{"rendered":"<h2><strong><span dir=\"auto\" style=\"vertical-align: inherit;\"><span dir=\"auto\" style=\"vertical-align: inherit;\">Etizolam 1mg Blotters<\/span><\/span><\/strong><\/h2>\n<p><span dir=\"auto\" style=\"vertical-align: inherit;\"><span dir=\"auto\" style=\"vertical-align: inherit;\">CAS Number: 40054-69-1 <\/span><\/span><br \/>\n<span dir=\"auto\" style=\"vertical-align: inherit;\"><span dir=\"auto\" style=\"vertical-align: inherit;\">Formula: 4-(2-chlorophenyl)-2-ethyl-9-methyl-6H-thieno[3,2-f][1,2,4]triazolo[4,3-a][1,4]diazepine <\/span><\/span><br \/>\n<span dir=\"auto\" style=\"vertical-align: inherit;\"><span dir=\"auto\" style=\"vertical-align: inherit;\">Molecular mass: 342.8 g\/mol <\/span><\/span><br \/>\n<span dir=\"auto\" style=\"vertical-align: inherit;\"><span dir=\"auto\" style=\"vertical-align: inherit;\">Purity: \u2265 99%<\/span><\/span><\/p>\n","protected":false},"featured_media":29329,"comment_status":"closed","ping_status":"closed","template":"","meta":[],"product_brand":[82],"product_cat":[488],"product_tag":[917,922,1130,326],"class_list":{"0":"post-23304","1":"product","2":"type-product","3":"status-publish","4":"has-post-thumbnail","6":"product_brand-research-chemical","7":"product_cat-verboden","8":"product_tag-etizolam","9":"product_tag-etizolam-blotters","10":"product_tag-etizolam-kopen","11":"product_tag-nl","13":"first","14":"instock","15":"taxable","16":"shipping-taxable","17":"purchasable","18":"product-type-simple"},"_links":{"self":[{"href":"https:\/\/onderzoekschemicals.com\/nb\/wp-json\/wp\/v2\/product\/23304","targetHints":{"allow":["GET"]}}],"collection":[{"href":"https:\/\/onderzoekschemicals.com\/nb\/wp-json\/wp\/v2\/product"}],"about":[{"href":"https:\/\/onderzoekschemicals.com\/nb\/wp-json\/wp\/v2\/types\/product"}],"replies":[{"embeddable":true,"href":"https:\/\/onderzoekschemicals.com\/nb\/wp-json\/wp\/v2\/comments?post=23304"}],"version-history":[{"count":6,"href":"https:\/\/onderzoekschemicals.com\/nb\/wp-json\/wp\/v2\/product\/23304\/revisions"}],"predecessor-version":[{"id":28043,"href":"https:\/\/onderzoekschemicals.com\/nb\/wp-json\/wp\/v2\/product\/23304\/revisions\/28043"}],"wp:featuredmedia":[{"embeddable":true,"href":"https:\/\/onderzoekschemicals.com\/nb\/wp-json\/wp\/v2\/media\/29329"}],"wp:attachment":[{"href":"https:\/\/onderzoekschemicals.com\/nb\/wp-json\/wp\/v2\/media?parent=23304"}],"wp:term":[{"taxonomy":"product_brand","embeddable":true,"href":"https:\/\/onderzoekschemicals.com\/nb\/wp-json\/wp\/v2\/product_brand?post=23304"},{"taxonomy":"product_cat","embeddable":true,"href":"https:\/\/onderzoekschemicals.com\/nb\/wp-json\/wp\/v2\/product_cat?post=23304"},{"taxonomy":"product_tag","embeddable":true,"href":"https:\/\/onderzoekschemicals.com\/nb\/wp-json\/wp\/v2\/product_tag?post=23304"}],"curies":[{"name":"wp","href":"https:\/\/api.w.org\/{rel}","templated":true}]}}