{"id":23084,"date":"2025-04-13T17:39:07","date_gmt":"2025-04-13T17:39:07","guid":{"rendered":"https:\/\/onderzoekschemicals.com\/?post_type=product&#038;p=23084"},"modified":"2025-11-28T21:32:30","modified_gmt":"2025-11-28T21:32:30","slug":"4homet-fumarate","status":"publish","type":"product","link":"https:\/\/onderzoekschemicals.com\/nb\/shop\/4-ho-met\/4homet-fumarate\/","title":{"rendered":"4-HO-MET-fumarat"},"content":{"rendered":"<h1><strong>4HOMET Fumarat \u2013 Rent forskningskjemikalie<\/strong><\/h1>\n<h2><strong>Hva er 4-HO-MET-fumarat?<\/strong><\/h2>\n<p>4HOMET-fumarat (4-hydroksy-N-metyl-N-etyltryptaminfumarat) er et syntetisk psykedelisk tryptamin, beslektet med psilocybin. Det er kjent for sin visuelle stimulering og f\u00f8lelsesmessig berikende egenskaper.<\/p>\n<p>Dette stoffet brukes utelukkende til vitenskapelig forskning, spesielt innen farmakologi og bevissthetsstudier. Produktet er tilgjengelig i ren, n\u00f8yaktig dosert form og er egnet for kontrollerte forskningsform\u00e5l.<a title=\"1cP-LSD 150 MCG Kunstpapir\" href=\"https:\/\/onderzoekschemicals.com\/nb\/shop\/lysergamides\/1cp-lsd\/\" target=\"_blank\" rel=\"noopener\">1cP-LSD 150 MCG Kunstpapir<\/a><\/p>\n<h2><strong>Funksjoner av 4-HO-MET-fumarat<\/strong><\/h2>\n<ul>\n<li><strong>H\u00f8y renhet<\/strong> \u2013 Produsert i henhold til strenge laboratoriestandarder<\/li>\n<li><strong>N\u00f8yaktig dosering<\/strong> \u2013 Konsekvent sammensetning for p\u00e5litelige resultater<\/li>\n<li><strong>Sikker emballasje<\/strong> \u2013 Forseglet lufttett og lystett for \u00e5 sikre stabilitet<\/li>\n<li><strong>Uavhengig testet<\/strong> \u2013 Kvalitetskontroll via eksterne laboratorieanalyser<\/li>\n<\/ul>\n<h2><strong>Effekter og effektprofil<\/strong><\/h2>\n<p>4-HO-MET-fumarat er kjent for:<\/p>\n<ul>\n<li><strong>Intense visuelle effekter<\/strong> som fargeforbedring og m\u00f8nsteroppfatning<\/li>\n<li><strong>\u00d8kt emosjonell \u00e5penhet og eufori<\/strong><\/li>\n<li><strong>Lav kognitiv belastning<\/strong> sammenlignet med lignende tryptaminer<\/li>\n<li><strong>Virkningsvarighet: 4 til 6 timer<\/strong><\/li>\n<\/ul>\n<p>Effektene starter vanligvis innen <strong>20 til 40 minutter<\/strong> og n\u00e5 en topp rundt <strong>2 til 3 timer<\/strong> etter inntak.<\/p>\n<h2><strong>Anbefalte forskningsdoser<\/strong><\/h2>\n<ul>\n<li><strong>Lav dose:<\/strong> 5 til 10 mg<\/li>\n<li><strong>Gjennomsnittlig dose:<\/strong> 10 til 20 mg<\/li>\n<li><strong>H\u00f8y dose:<\/strong> 20 til 30 mg (kun for erfarne forskere)<\/li>\n<\/ul>\n<p>Start alltid med en lav dose for \u00e5 avgj\u00f8re individuell f\u00f8lsomhet.<a title=\"Kj\u00f8p Ibogaine HCL\" href=\"https:\/\/onderzoekschemicals.com\/nb\/shop\/iboga-ibogaine\/buy-ibogaine-hcl-online\/\" target=\"_blank\" rel=\"noopener\">Kj\u00f8p Ibogaine HCL<\/a><\/p>\n<h2><strong>Sikkerhetsinstruksjoner<\/strong><\/h2>\n<ul>\n<li>Ikke bruk hvis du har psykiske helseproblemer som angst eller psykose.<\/li>\n<li>S\u00f8k alltid i et kontrollert forskningsmilj\u00f8<\/li>\n<li>Ikke bland med andre psykoaktive stoffer<\/li>\n<li>Oppbevares kj\u00f8lig, t\u00f8rt og trygt, utilgjengelig for uvedkommende.<\/li>\n<\/ul>\n<h2><strong>S\u00f8knader og m\u00e5lgruppe<\/strong><\/h2>\n<p>4-HO MET-fumarat er beregnet for:<\/p>\n<ul>\n<li><strong>Vitenskapelig forskning<\/strong> til psykedeliske stoffer<\/li>\n<li><strong>Akademiske bevissthetsstudier<\/strong> innen nevrovitenskap og psykologi<\/li>\n<li><strong>Erfarne forskere<\/strong> med kunnskap om tryptaminer.<a title=\"Iboga rotbark\" href=\"https:\/\/onderzoekschemicals.com\/nb\/shop\/iboga-ibogaine\/iboga-root-bark\/\" target=\"_blank\" rel=\"noopener\">Iboga rotbark<\/a><\/li>\n<\/ul>\n<h2><strong>Ordreinformasjon<\/strong><\/h2>\n<p>4-HO-MET-fumarat sendes diskret og sikkert pakket. Tilgjengelig som et forskningsprodukt av h\u00f8y kvalitet for fagfolk.<\/p>","protected":false},"excerpt":{"rendered":"<h3><span style=\"vertical-align: inherit;\"><span style=\"vertical-align: inherit;\">4-HO-MET Fumarate<\/span><\/span><\/h3>\n<p><span style=\"vertical-align: inherit;\"><span style=\"vertical-align: inherit;\">Synonyms: 4-hydroxy-N-methyl-N-ethyltryptamine; metocin; <\/span><\/span><br \/>\n<span style=\"vertical-align: inherit;\"><span style=\"vertical-align: inherit;\">3-{2-[ethyl(methyl)amino]ethyl}-1H-indol-4-ol <\/span><\/span><br \/>\n<span style=\"vertical-align: inherit;\"><span style=\"vertical-align: inherit;\">CAS number: 77872-41-4 <\/span><\/span><br \/>\n<span style=\"vertical-align: inherit;\"><span style=\"vertical-align: inherit;\">Formula: C13H18N2O <\/span><\/span><br \/>\n<span style=\"vertical-align: inherit;\"><span style=\"vertical-align: inherit;\">Molar mass: 218.3 g\/mol <\/span><\/span><br \/>\n<span style=\"vertical-align: inherit;\"><span style=\"vertical-align: inherit;\">Purity: \u226598%<\/span><\/span><\/p>\n","protected":false},"featured_media":29256,"comment_status":"closed","ping_status":"closed","template":"","meta":[],"product_brand":[82],"product_cat":[382,381],"product_tag":[658,659,657,326],"class_list":{"0":"post-23084","1":"product","2":"type-product","3":"status-publish","4":"has-post-thumbnail","6":"product_brand-research-chemical","7":"product_cat-4-ho-met","8":"product_cat-tryptamines","9":"product_tag-4-ho-met","10":"product_tag-4ho-met","11":"product_tag-4homet","12":"product_tag-nl","14":"first","15":"instock","16":"taxable","17":"shipping-taxable","18":"purchasable","19":"product-type-variable"},"_links":{"self":[{"href":"https:\/\/onderzoekschemicals.com\/nb\/wp-json\/wp\/v2\/product\/23084","targetHints":{"allow":["GET"]}}],"collection":[{"href":"https:\/\/onderzoekschemicals.com\/nb\/wp-json\/wp\/v2\/product"}],"about":[{"href":"https:\/\/onderzoekschemicals.com\/nb\/wp-json\/wp\/v2\/types\/product"}],"replies":[{"embeddable":true,"href":"https:\/\/onderzoekschemicals.com\/nb\/wp-json\/wp\/v2\/comments?post=23084"}],"version-history":[{"count":5,"href":"https:\/\/onderzoekschemicals.com\/nb\/wp-json\/wp\/v2\/product\/23084\/revisions"}],"predecessor-version":[{"id":26298,"href":"https:\/\/onderzoekschemicals.com\/nb\/wp-json\/wp\/v2\/product\/23084\/revisions\/26298"}],"wp:featuredmedia":[{"embeddable":true,"href":"https:\/\/onderzoekschemicals.com\/nb\/wp-json\/wp\/v2\/media\/29256"}],"wp:attachment":[{"href":"https:\/\/onderzoekschemicals.com\/nb\/wp-json\/wp\/v2\/media?parent=23084"}],"wp:term":[{"taxonomy":"product_brand","embeddable":true,"href":"https:\/\/onderzoekschemicals.com\/nb\/wp-json\/wp\/v2\/product_brand?post=23084"},{"taxonomy":"product_cat","embeddable":true,"href":"https:\/\/onderzoekschemicals.com\/nb\/wp-json\/wp\/v2\/product_cat?post=23084"},{"taxonomy":"product_tag","embeddable":true,"href":"https:\/\/onderzoekschemicals.com\/nb\/wp-json\/wp\/v2\/product_tag?post=23084"}],"curies":[{"name":"wp","href":"https:\/\/api.w.org\/{rel}","templated":true}]}}