{"id":24148,"date":"2025-04-13T17:41:08","date_gmt":"2025-04-13T17:41:08","guid":{"rendered":"https:\/\/onderzoekschemicals.com\/?post_type=product&#038;p=24148"},"modified":"2025-10-14T07:52:32","modified_gmt":"2025-10-14T07:52:32","slug":"purple-mandala","status":"publish","type":"product","link":"https:\/\/onderzoekschemicals.com\/it\/shop\/b2b\/purple-mandala\/","title":{"rendered":"Mandala viola"},"content":{"rendered":"<h3 data-start=\"4465\" data-end=\"4486\"><strong data-start=\"4469\" data-end=\"4484\">Introduzione<\/strong><\/h3>\n<p data-start=\"4487\" data-end=\"4863\">IL <strong data-start=\"4490\" data-end=\"4508\">Mandala viola<\/strong> Pi\u00f9 che un&#039;opera d&#039;arte, il Mandala Viola \u00e8 un simbolo senza tempo di armonia, equilibrio e consapevolezza spirituale. Con i suoi delicati motivi e le intense tonalit\u00e0 viola, questo design emana tranquillit\u00e0, creativit\u00e0 e positivit\u00e0. Che venga utilizzato come decorazione murale, come strumento di meditazione o come ornamento per lo yoga, il Mandala Viola porta serenit\u00e0 e ispirazione in qualsiasi spazio.<\/p>\n<p data-start=\"4865\" data-end=\"5126\">Il mandala, profondamente radicato nelle antiche tradizioni spirituali, simboleggia l&#039;universo e il viaggio verso la consapevolezza di s\u00e9. Il colore <strong data-start=\"4996\" data-end=\"5005\">viola<\/strong> \u2013 associato alla saggezza, all\u2019intuizione e all\u2019illuminazione \u2013 rafforza l\u2019effetto calmante e meditativo di quest\u2019opera d\u2019arte.<\/p>\n<hr data-start=\"5128\" data-end=\"5131\" \/>\n<h3 data-start=\"5133\" data-end=\"5166\"><strong data-start=\"5137\" data-end=\"5164\">Caratteristiche principali<\/strong><\/h3>\n<ul data-start=\"5167\" data-end=\"5812\">\n<li data-start=\"5167\" data-end=\"5257\">\n<p data-start=\"5169\" data-end=\"5257\"><strong data-start=\"5169\" data-end=\"5189\">Simbolismo profondo:<\/strong> Rappresenta la crescita spirituale, l&#039;equilibrio e l&#039;armonia universale.<\/p>\n<\/li>\n<li data-start=\"5258\" data-end=\"5357\">\n<p data-start=\"5260\" data-end=\"5357\"><strong data-start=\"5260\" data-end=\"5281\">Design vivace:<\/strong> Combina tonalit\u00e0 viola intenso e lilla che evocano creativit\u00e0 e tranquillit\u00e0.<\/p>\n<\/li>\n<li data-start=\"5358\" data-end=\"5483\">\n<p data-start=\"5360\" data-end=\"5483\"><strong data-start=\"5360\" data-end=\"5388\">Materiali di alta qualit\u00e0:<\/strong> Disponibile come stampa, tela, arazzo o file digitale (a seconda del tipo di prodotto).<\/p>\n<\/li>\n<li data-start=\"5484\" data-end=\"5593\">\n<p data-start=\"5486\" data-end=\"5593\"><strong data-start=\"5486\" data-end=\"5509\">Utilizzo versatile:<\/strong> Perfetto per decorazioni murali, angoli di meditazione, studi yoga o spazi di consapevolezza.<\/p>\n<\/li>\n<li data-start=\"5594\" data-end=\"5699\">\n<p data-start=\"5596\" data-end=\"5699\"><strong data-start=\"5596\" data-end=\"5629\">Sostenibile e rispettoso dell&#039;ambiente:<\/strong> Stampato con inchiostri atossici e resistenti al colore su materiali durevoli.<\/p>\n<\/li>\n<li data-start=\"5700\" data-end=\"5812\">\n<p data-start=\"5702\" data-end=\"5812\"><strong data-start=\"5702\" data-end=\"5726\">Regalo significativo:<\/strong> Un regalo meraviglioso per ricercatori spirituali, artisti e amanti della meditazione.<\/p>\n<\/li>\n<\/ul>\n<hr data-start=\"5814\" data-end=\"5817\" \/>\n<h3 data-start=\"5819\" data-end=\"5838\"><strong data-start=\"5823\" data-end=\"5836\">Vantaggi<\/strong><\/h3>\n<p data-start=\"5839\" data-end=\"5980\">\u2705 <strong data-start=\"5841\" data-end=\"5874\">Favorisce il rilassamento e la concentrazione<\/strong> \u2013 La geometria simmetrica del mandala aiuta a calmare la mente e a migliorare la concentrazione.<\/p>\n<p data-start=\"5982\" data-end=\"6127\">\u2705 <strong data-start=\"5984\" data-end=\"6008\">Arricchisce ogni spazio<\/strong> \u2013 Le tonalit\u00e0 viola aggiungono eleganza e tranquillit\u00e0 a qualsiasi interno: ideali per soggiorni, camere da letto e studi.<\/p>\n<p data-start=\"6129\" data-end=\"6241\">\u2705 <strong data-start=\"6131\" data-end=\"6151\">Forte simbolismo<\/strong> \u2013 Il Mandala Viola \u00e8 un promemoria quotidiano di equilibrio, consapevolezza e armonia interiore.<\/p>\n<p data-start=\"6243\" data-end=\"6349\">\u2705 <strong data-start=\"6245\" data-end=\"6269\">Durevole e resistente al colore<\/strong> \u2013 Realizzato con materiali di alta qualit\u00e0 che garantiscono una brillantezza duratura.<\/p>\n<p data-start=\"6351\" data-end=\"6463\">\u2705 <strong data-start=\"6353\" data-end=\"6389\">Stimola la connessione spirituale<\/strong> \u2013 La profondit\u00e0 del disegno incoraggia l\u2019autoriflessione e la consapevolezza. Mandala viola<\/p>\n<hr data-start=\"6465\" data-end=\"6468\" \/>\n<h3 data-start=\"6470\" data-end=\"6496\"><strong data-start=\"6474\" data-end=\"6494\">Come usare<\/strong><\/h3>\n<blockquote data-start=\"6497\" data-end=\"6608\">\n<p data-start=\"6499\" data-end=\"6608\">\ud83e\udeb7 <em data-start=\"6502\" data-end=\"6608\">Utilizza il Mandala viola per creare un&#039;atmosfera calma e positiva in casa o durante la meditazione.<\/em><\/p>\n<\/blockquote>\n<ol data-start=\"6610\" data-end=\"7053\">\n<li data-start=\"6610\" data-end=\"6730\">\n<p data-start=\"6613\" data-end=\"6730\"><strong data-start=\"6613\" data-end=\"6635\">Come decorazione murale:<\/strong> Appendi il mandala in una sala di meditazione, in uno studio yoga o in camera da letto per un effetto calmante.<\/p>\n<\/li>\n<li data-start=\"6731\" data-end=\"6839\">\n<p data-start=\"6734\" data-end=\"6839\"><strong data-start=\"6734\" data-end=\"6752\">Nella meditazione:<\/strong> Concentra lo sguardo sul centro del mandala e lascia che i tuoi pensieri si calmino lentamente.<\/p>\n<\/li>\n<li data-start=\"6840\" data-end=\"6939\">\n<p data-start=\"6843\" data-end=\"6939\"><strong data-start=\"6843\" data-end=\"6862\">Nelle sale Yoga:<\/strong> Utilizzate il mandala come sfondo decorativo per creare un&#039;atmosfera rilassante.<\/p>\n<\/li>\n<li data-start=\"6940\" data-end=\"7053\">\n<p data-start=\"6943\" data-end=\"7053\"><strong data-start=\"6943\" data-end=\"6958\">Come regalo:<\/strong> Un regalo speciale e simbolico per chiunque apprezzi la pace, l&#039;equilibrio e la bellezza.<\/p>\n<\/li>\n<\/ol>\n<hr data-start=\"7055\" data-end=\"7058\" \/>\n<h3 data-start=\"7060\" data-end=\"7095\"><strong data-start=\"7064\" data-end=\"7093\">Domande frequenti (FAQ)<\/strong><\/h3>\n<p data-start=\"7097\" data-end=\"7332\"><strong data-start=\"7097\" data-end=\"7139\">1. Cosa simboleggia il Mandala Viola?<\/strong><br data-start=\"7139\" data-end=\"7142\" \/>Il Mandala Viola rappresenta la consapevolezza spirituale, l&#039;equilibrio e la trasformazione. Il viola \u00e8 il colore della saggezza e dell&#039;illuminazione, mentre il cerchio rappresenta l&#039;infinito e l&#039;armonia.<\/p>\n<p data-start=\"7334\" data-end=\"7504\"><strong data-start=\"7334\" data-end=\"7382\">2. Il Mandala viola si adatta a tutti gli interni?<\/strong><br data-start=\"7382\" data-end=\"7385\" \/>S\u00ec. Grazie al suo design simmetrico e senza tempo e alle tonalit\u00e0 tenui, si adatta sia agli interni moderni che a quelli boh\u00e9mien.<\/p>\n<p data-start=\"7506\" data-end=\"7682\"><strong data-start=\"7506\" data-end=\"7550\">3. Come faccio a prendermi cura del mio Mandala Viola?<\/strong><br data-start=\"7550\" data-end=\"7553\" \/>Evitare la luce solare diretta e l&#039;umidit\u00e0. Pulire delicatamente la tela o il tessuto con un panno asciutto e morbido per preservare colori e dettagli.<\/p>\n<p><a href=\"https:\/\/onderzoekschemicals.com\/it\/shop\/lysergamides\/1cp-lsd-150-mcg\/\"><span dir=\"auto\" style=\"vertical-align: inherit;\"><span dir=\"auto\" style=\"vertical-align: inherit;\">1cP-LSD 150 MCG Art Blotters <\/span><\/span><\/a><a href=\"https:\/\/onderzoekschemicals.com\/it\/shop\/pellets\/o-dsmt-50mg-pellets\/\"><span dir=\"auto\" style=\"vertical-align: inherit;\"><span dir=\"auto\" style=\"vertical-align: inherit;\">Pellet di O-DSMT da 50 mg <\/span><\/span><\/a><a href=\"https:\/\/onderzoekschemicals.com\/it\/shop\/lysergamides\/1v-lsd-150-mcg-blotters\/\"><span dir=\"auto\" style=\"vertical-align: inherit;\"><span dir=\"auto\" style=\"vertical-align: inherit;\">Blotter 1V-LSD 150 MCG <\/span><\/span><\/a><a href=\"https:\/\/onderzoekschemicals.com\/it\/shop\/bijna-verboden\/6-cl-adba\/\"><span dir=\"auto\" style=\"vertical-align: inherit;\"><span dir=\"auto\" style=\"vertical-align: inherit;\">6-CL-ADBA <\/span><\/span><\/a><a href=\"https:\/\/onderzoekschemicals.com\/it\/shop\/cathinonen\/2-cmc-kopen\/\"><span dir=\"auto\" style=\"vertical-align: inherit;\"><span dir=\"auto\" style=\"vertical-align: inherit;\">2-CMC 250 mg in pellet<\/span><\/span><\/a><\/p>","protected":false},"excerpt":{"rendered":"<p>Introductie De Paarse Mandala is meer dan een kunstwerk \u2013 het is een tijdloos symbool van harmonie, balans en spiritueel<\/p>","protected":false},"featured_media":20635,"comment_status":"closed","ping_status":"closed","template":"","meta":[],"product_brand":[],"product_cat":[555],"product_tag":[629,644,326],"class_list":{"0":"post-24148","1":"product","2":"type-product","3":"status-publish","4":"has-post-thumbnail","6":"product_cat-b2b","7":"product_tag-4-fma-kopen","8":"product_tag-4-fma","9":"product_tag-nl","11":"first","12":"instock","13":"taxable","14":"shipping-taxable","15":"purchasable","16":"product-type-variable"},"_links":{"self":[{"href":"https:\/\/onderzoekschemicals.com\/it\/wp-json\/wp\/v2\/product\/24148","targetHints":{"allow":["GET"]}}],"collection":[{"href":"https:\/\/onderzoekschemicals.com\/it\/wp-json\/wp\/v2\/product"}],"about":[{"href":"https:\/\/onderzoekschemicals.com\/it\/wp-json\/wp\/v2\/types\/product"}],"replies":[{"embeddable":true,"href":"https:\/\/onderzoekschemicals.com\/it\/wp-json\/wp\/v2\/comments?post=24148"}],"version-history":[{"count":4,"href":"https:\/\/onderzoekschemicals.com\/it\/wp-json\/wp\/v2\/product\/24148\/revisions"}],"predecessor-version":[{"id":27873,"href":"https:\/\/onderzoekschemicals.com\/it\/wp-json\/wp\/v2\/product\/24148\/revisions\/27873"}],"wp:featuredmedia":[{"embeddable":true,"href":"https:\/\/onderzoekschemicals.com\/it\/wp-json\/wp\/v2\/media\/20635"}],"wp:attachment":[{"href":"https:\/\/onderzoekschemicals.com\/it\/wp-json\/wp\/v2\/media?parent=24148"}],"wp:term":[{"taxonomy":"product_brand","embeddable":true,"href":"https:\/\/onderzoekschemicals.com\/it\/wp-json\/wp\/v2\/product_brand?post=24148"},{"taxonomy":"product_cat","embeddable":true,"href":"https:\/\/onderzoekschemicals.com\/it\/wp-json\/wp\/v2\/product_cat?post=24148"},{"taxonomy":"product_tag","embeddable":true,"href":"https:\/\/onderzoekschemicals.com\/it\/wp-json\/wp\/v2\/product_tag?post=24148"}],"curies":[{"name":"wp","href":"https:\/\/api.w.org\/{rel}","templated":true}]}}