{"id":23542,"date":"2025-04-13T17:39:57","date_gmt":"2025-04-13T17:39:57","guid":{"rendered":"https:\/\/onderzoekschemicals.com\/?post_type=product&#038;p=23542"},"modified":"2025-10-19T15:41:30","modified_gmt":"2025-10-19T15:41:30","slug":"4-ho-mipt-fumarate-2","status":"publish","type":"product","link":"https:\/\/onderzoekschemicals.com\/it\/shop\/mipt\/4-ho-mipt-fumarate-2\/","title":{"rendered":"Fumarato di MiPT (N-metil-N-isopropiltriptamina)"},"content":{"rendered":"<h1><strong><span dir=\"auto\" style=\"vertical-align: inherit;\"><span dir=\"auto\" style=\"vertical-align: inherit;\">MiPT Fumarato \u2013 N-metil-N-isopropiltriptamina Sostanza di ricerca di purezza verificata tramite HPLC<\/span><\/span><\/strong><\/h1>\n<p data-start=\"3772\" data-end=\"3958\"><strong data-start=\"3772\" data-end=\"3822\">MiPT fumarato (N-metil-N-isopropiltriptamina)<\/strong> \u00e8 un <strong data-start=\"3830\" data-end=\"3872\">composto di ricerca ad alta purezza<\/strong>, sviluppato per <strong data-start=\"3890\" data-end=\"3955\">ricerca neuroscientifica, farmacologica e analitica<\/strong>. fumarato di 4-ho-mipt<\/p>\n<p data-start=\"3960\" data-end=\"4167\">MiPT appartiene al <strong data-start=\"3980\" data-end=\"4000\">classe della triptamina<\/strong>, correlato a <strong data-start=\"4014\" data-end=\"4021\">DMT<\/strong> E <strong data-start=\"4025\" data-end=\"4032\">DI<\/strong>, ed \u00e8 spesso indagato in relazione a <strong data-start=\"4074\" data-end=\"4118\">recettori della serotonina (5-HT2A e 5-HT1A)<\/strong> E <strong data-start=\"4122\" data-end=\"4164\">relazioni struttura-attivit\u00e0 (SAR)<\/strong>.<\/p>\n<p data-start=\"4169\" data-end=\"4359\">IL <strong data-start=\"4172\" data-end=\"4192\">forma di sale fumarato<\/strong> offerte <strong data-start=\"4199\" data-end=\"4253\">migliore stabilit\u00e0, solubilit\u00e0 e facilit\u00e0 d&#039;uso<\/strong>, essenziale per una ricerca accurata e a lungo termine in condizioni di laboratorio controllate.<\/p>\n<blockquote data-start=\"4361\" data-end=\"4512\">\n<p data-start=\"4363\" data-end=\"4512\">\u26a0\ufe0f <strong data-start=\"4366\" data-end=\"4377\">Nota bene:<\/strong> Questo prodotto \u00e8 <strong data-start=\"4393\" data-end=\"4448\">destinato esclusivamente alla ricerca scientifica<\/strong> E <strong data-start=\"4452\" data-end=\"4509\">non adatto al consumo umano o animale<\/strong>.<\/p>\n<\/blockquote>\n<hr data-start=\"4514\" data-end=\"4517\" \/>\n<h3 data-start=\"4519\" data-end=\"4550\"><strong data-start=\"4523\" data-end=\"4550\">Caratteristiche principali<\/strong><\/h3>\n<ul data-start=\"4551\" data-end=\"4977\">\n<li data-start=\"4551\" data-end=\"4646\">\n<p data-start=\"4553\" data-end=\"4646\"><strong data-start=\"4553\" data-end=\"4579\">Elevata purezza (\u226599%)<\/strong> \u2013 Identit\u00e0 e composizione chimica testate in laboratorio.<\/p>\n<\/li>\n<li data-start=\"4647\" data-end=\"4726\">\n<p data-start=\"4649\" data-end=\"4726\"><strong data-start=\"4649\" data-end=\"4678\">Forma stabile del sale fumarato<\/strong> \u2013 Aumenta la durata di conservazione e la stabilit\u00e0 di stoccaggio.<\/p>\n<\/li>\n<li data-start=\"4727\" data-end=\"4814\">\n<p data-start=\"4729\" data-end=\"4814\"><strong data-start=\"4729\" data-end=\"4768\">Standard di ricerca farmacologica<\/strong> \u2013 Adatto per la ricerca sui recettori e SAR.<\/p>\n<\/li>\n<li data-start=\"4815\" data-end=\"4888\">\n<p data-start=\"4817\" data-end=\"4888\"><strong data-start=\"4817\" data-end=\"4842\">Produzione di tipo GMP<\/strong> \u2013 Qualit\u00e0 e affidabilit\u00e0 costanti.<\/p>\n<\/li>\n<li data-start=\"4889\" data-end=\"4977\">\n<p data-start=\"4891\" data-end=\"4977\"><strong data-start=\"4891\" data-end=\"4913\">Imballaggio sicuro<\/strong> \u2013 Confezionato ermeticamente e a prova di luce per la massima protezione.<\/p>\n<\/li>\n<\/ul>\n<hr data-start=\"4979\" data-end=\"4982\" \/>\n<h3 data-start=\"4984\" data-end=\"5001\"><strong data-start=\"4988\" data-end=\"5001\">Vantaggi<\/strong><\/h3>\n<ul data-start=\"5002\" data-end=\"5287\">\n<li data-start=\"5002\" data-end=\"5082\">\n<p data-start=\"5004\" data-end=\"5082\">Supporti <strong data-start=\"5016\" data-end=\"5079\">ricerca sui recettori della serotonina e sugli analoghi della triptamina<\/strong>.<\/p>\n<\/li>\n<li data-start=\"5083\" data-end=\"5159\">\n<p data-start=\"5085\" data-end=\"5159\"><strong data-start=\"5085\" data-end=\"5130\">Risultati accurati e riproducibili<\/strong> nei test di laboratorio. fumarato di 4-ho-mipt<\/p>\n<\/li>\n<li data-start=\"5160\" data-end=\"5215\">\n<p data-start=\"5162\" data-end=\"5215\"><strong data-start=\"5162\" data-end=\"5188\">Stabilit\u00e0 migliorata<\/strong> e una maggiore durata di conservazione.<\/p>\n<\/li>\n<li data-start=\"5216\" data-end=\"5287\">\n<p data-start=\"5218\" data-end=\"5287\">Ideale per <strong data-start=\"5230\" data-end=\"5284\">ricerca accademica, farmacologica e analitica<\/strong>.<\/p>\n<\/li>\n<\/ul>\n<hr data-start=\"5289\" data-end=\"5292\" \/>\n<h3 data-start=\"5294\" data-end=\"5309\"><strong data-start=\"5298\" data-end=\"5309\">Utilizzo<\/strong><\/h3>\n<ul data-start=\"5310\" data-end=\"5581\">\n<li data-start=\"5310\" data-end=\"5380\">\n<p data-start=\"5312\" data-end=\"5380\">Da utilizzare solo da <strong data-start=\"5337\" data-end=\"5377\">personale di laboratorio qualificato<\/strong>.<\/p>\n<\/li>\n<li data-start=\"5381\" data-end=\"5457\">\n<p data-start=\"5383\" data-end=\"5457\">Utilizzare adatto <strong data-start=\"5401\" data-end=\"5425\">equipaggiamento protettivo<\/strong> (guanti, occhiali protettivi, camice da laboratorio).<\/p>\n<\/li>\n<li data-start=\"5458\" data-end=\"5522\">\n<p data-start=\"5460\" data-end=\"5522\">Risparmia su un <strong data-start=\"5475\" data-end=\"5509\">luogo fresco, asciutto e buio<\/strong> (15\u201325\u00b0C).<\/p>\n<\/li>\n<li data-start=\"5523\" data-end=\"5581\">\n<p data-start=\"5525\" data-end=\"5581\">Non adatto al consumo umano o animale.<\/p>\n<\/li>\n<\/ul>\n<hr data-start=\"5583\" data-end=\"5586\" \/>\n<h3 data-start=\"5588\" data-end=\"5623\"><strong data-start=\"5592\" data-end=\"5623\">Domande frequenti (FAQ)<\/strong><\/h3>\n<p data-start=\"5625\" data-end=\"5811\"><strong data-start=\"5625\" data-end=\"5670\">1. A cosa serve il fumarato MiPT?<\/strong><br data-start=\"5670\" data-end=\"5673\" \/>Il fumarato MiPT viene utilizzato in <strong data-start=\"5705\" data-end=\"5758\">ricerca neuroscientifica e farmacologica<\/strong> agli analoghi della triptamina e ai recettori della serotonina.<\/p>\n<p data-start=\"5813\" data-end=\"5989\"><strong data-start=\"5813\" data-end=\"5867\">2. Il fumarato di MiPT \u00e8 sicuro per l&#039;uso umano?<\/strong><br data-start=\"5867\" data-end=\"5870\" \/>No. Questo prodotto \u00e8 <strong data-start=\"5890\" data-end=\"5939\">destinato esclusivamente a scopi di ricerca<\/strong> e non approvato per il consumo umano.<\/p>\n<p data-start=\"5991\" data-end=\"6165\"><strong data-start=\"5991\" data-end=\"6036\">3. Come deve essere conservato il MiPT Fumarato?<\/strong><br data-start=\"6036\" data-end=\"6039\" \/>Conservare in un <strong data-start=\"6054\" data-end=\"6084\">imballaggio ben sigillato<\/strong> a temperatura ambiente (15\u201325\u00b0C), al riparo dall&#039;umidit\u00e0, dal calore e dalla luce diretta.<\/p>","protected":false},"excerpt":{"rendered":"<h3><span dir=\"auto\" style=\"vertical-align: inherit;\"><span dir=\"auto\" style=\"vertical-align: inherit;\">MiPT fumarate properties<\/span><\/span><\/h3>\n<p><strong><span dir=\"auto\" style=\"vertical-align: inherit;\"><span dir=\"auto\" style=\"vertical-align: inherit;\">Synonym:<\/span><\/span><\/strong><span dir=\"auto\" style=\"vertical-align: inherit;\"><span dir=\"auto\" style=\"vertical-align: inherit;\"> N-methyl-N-isopropyltryptamine fumarate <\/span><\/span><br \/>\n<strong><span dir=\"auto\" style=\"vertical-align: inherit;\"><span dir=\"auto\" style=\"vertical-align: inherit;\">CAS Number:<\/span><\/span><\/strong><span dir=\"auto\" style=\"vertical-align: inherit;\"><span dir=\"auto\" style=\"vertical-align: inherit;\"> 96096-52-5 <\/span><\/span><br \/>\n<strong><span dir=\"auto\" style=\"vertical-align: inherit;\"><span dir=\"auto\" style=\"vertical-align: inherit;\">Formula:<\/span><\/span><\/strong><span dir=\"auto\" style=\"vertical-align: inherit;\"><span dir=\"auto\" style=\"vertical-align: inherit;\"> 3-[2-(methyl(isopropyl)amino)ethyl]-1H-indole fumarate <\/span><\/span><br \/>\n<strong><span dir=\"auto\" style=\"vertical-align: inherit;\"><span dir=\"auto\" style=\"vertical-align: inherit;\">Molar mass:<\/span><\/span><\/strong><span dir=\"auto\" style=\"vertical-align: inherit;\"><span dir=\"auto\" style=\"vertical-align: inherit;\"> 332.4 g\/mol <\/span><\/span><br \/>\n<strong><span dir=\"auto\" style=\"vertical-align: inherit;\"><span dir=\"auto\" style=\"vertical-align: inherit;\">Purity:<\/span><\/span><\/strong><span dir=\"auto\" style=\"vertical-align: inherit;\"><span dir=\"auto\" style=\"vertical-align: inherit;\"> &gt;97%<\/span><\/span><\/p>\n","protected":false},"featured_media":20442,"comment_status":"closed","ping_status":"closed","template":"","meta":[],"product_brand":[],"product_cat":[507,381],"product_tag":[1156,1157,326],"class_list":{"0":"post-23542","1":"product","2":"type-product","3":"status-publish","4":"has-post-thumbnail","6":"product_cat-mipt","7":"product_cat-tryptamines","8":"product_tag-4-ho-mipt-fumarate","9":"product_tag-4-ho-mipt-fumarate-kopen","10":"product_tag-nl","12":"first","13":"instock","14":"taxable","15":"shipping-taxable","16":"purchasable","17":"product-type-variable"},"_links":{"self":[{"href":"https:\/\/onderzoekschemicals.com\/it\/wp-json\/wp\/v2\/product\/23542","targetHints":{"allow":["GET"]}}],"collection":[{"href":"https:\/\/onderzoekschemicals.com\/it\/wp-json\/wp\/v2\/product"}],"about":[{"href":"https:\/\/onderzoekschemicals.com\/it\/wp-json\/wp\/v2\/types\/product"}],"replies":[{"embeddable":true,"href":"https:\/\/onderzoekschemicals.com\/it\/wp-json\/wp\/v2\/comments?post=23542"}],"version-history":[{"count":4,"href":"https:\/\/onderzoekschemicals.com\/it\/wp-json\/wp\/v2\/product\/23542\/revisions"}],"predecessor-version":[{"id":28019,"href":"https:\/\/onderzoekschemicals.com\/it\/wp-json\/wp\/v2\/product\/23542\/revisions\/28019"}],"wp:featuredmedia":[{"embeddable":true,"href":"https:\/\/onderzoekschemicals.com\/it\/wp-json\/wp\/v2\/media\/20442"}],"wp:attachment":[{"href":"https:\/\/onderzoekschemicals.com\/it\/wp-json\/wp\/v2\/media?parent=23542"}],"wp:term":[{"taxonomy":"product_brand","embeddable":true,"href":"https:\/\/onderzoekschemicals.com\/it\/wp-json\/wp\/v2\/product_brand?post=23542"},{"taxonomy":"product_cat","embeddable":true,"href":"https:\/\/onderzoekschemicals.com\/it\/wp-json\/wp\/v2\/product_cat?post=23542"},{"taxonomy":"product_tag","embeddable":true,"href":"https:\/\/onderzoekschemicals.com\/it\/wp-json\/wp\/v2\/product_tag?post=23542"}],"curies":[{"name":"wp","href":"https:\/\/api.w.org\/{rel}","templated":true}]}}