{"id":27863,"date":"2025-10-20T13:38:36","date_gmt":"2025-10-20T13:38:36","guid":{"rendered":"https:\/\/onderzoekschemicals.com\/?post_type=product&#038;p=27863"},"modified":"2025-10-21T05:49:10","modified_gmt":"2025-10-21T05:49:10","slug":"fluorexetamine-fxe","status":"publish","type":"product","link":"https:\/\/onderzoekschemicals.com\/is\/shop\/okategoriserad\/fluorexetamine-fxe\/","title":{"rendered":"Fl\u00faorexetam\u00edn (FXE)"},"content":{"rendered":"<h1>Kaupa fl\u00faorexetam\u00edn (FXE) \u00e1 netinu<br \/>\nAlmennar uppl\u00fdsingar Fl\u00faorexetam\u00edn<\/h1>\n<p>Kauptu fl\u00faorexetam\u00edn (FXE) \u00e1 netinu. Fl\u00faorexetam\u00edn (h\u00fddr\u00f3kl\u00f3r\u00ed\u00f0) er v\u00edsindalegur greiningarsta\u00f0all sem flokkast sem ar\u00fdls\u00fdkl\u00f3hex\u00fdlam\u00edn. \u00deessi vara er \u00e6tlu\u00f0 til ranns\u00f3kna og m\u00e6lanlegra nota.<\/p>\n<p>Fl\u00faorexetam\u00edn er ranns\u00f3knarefni \u00ed \u00ed\u00fer\u00f3ttum me\u00f0 sundrandi \u00e1hrif. Ranns\u00f3knarefni \u00ed \u00ed\u00fer\u00f3ttum sem kallast fl\u00faorexetam\u00edn (3-fl\u00faor-2-ox\u00f3-PCE, FXE) hefur veri\u00f0 selt \u00e1 netinu fr\u00e1 um 2017.<\/p>\n<p>\u00de\u00f3tt \u00fea\u00f0 hafi veri\u00f0 til um nokkurt skei\u00f0 hefur \u00fea\u00f0 almennt veri\u00f0 \u00f3algengt. Fl\u00faorexetam\u00edn er ranns\u00f3knarefni \u00far ar\u00fdls\u00fdkl\u00f3hex\u00fdlam\u00ednfj\u00f6lskyldunni og eiginleikar \u00feess geta veri\u00f0 mj\u00f6g sundrandi. Hins vegar hefur \u00fea\u00f0 veri\u00f0 f\u00e1anlegt \u00e1 netinu s\u00ed\u00f0an 2017 og notkun \u00feess hefur veri\u00f0 tilt\u00f6lulega \u00f3\u00feekkt.<\/p>\n<p>\u00dea\u00f0 breyttist \u00ed apr\u00edl 2022 \u00feegar reikniritagreining efnisins \u00e1 Reddit olli vi\u00f0v\u00f6runarmerki. S\u00ed\u00f0an \u00fe\u00e1 hafa tilkynningar um fl\u00faorexetam\u00edn meira en tv\u00f6faldast, fr\u00e1 h\u00e1marki \u00ed apr\u00edl 2022. E\u00f0lisfr\u00e6\u00f0ilegir og eiturefnafr\u00e6\u00f0ilegir eiginleikar \u00feessa efnasambands hafa ekki veri\u00f0 rannsaka\u00f0ir. Notkun \u00feessa efnis \u00e6tti a\u00f0 vera \u00ed ranns\u00f3knar- og m\u00e6lanlegum tilgangi, ef svo m\u00e1 a\u00f0 or\u00f0i komast. Vi\u00f0v\u00f6run: \u00feessi vara er ekki s\u00e9rstaklega \u00e6tlu\u00f0 m\u00f6nnum e\u00f0a d\u00fdrum.<\/p>\n<h3>Efnasamsetning fl\u00faorexetam\u00edns<\/h3>\n<p>Fl\u00faorexetam\u00edn (3\u2032-Fl\u00faor-2-ox\u00f3-PCE, FXE) er h\u00f6nnu\u00f0 ranns\u00f3knarefni \u00far ar\u00fdls\u00fdkl\u00f3hex\u00fdlam\u00edn fj\u00f6lskyldunni sem hefur sundrandi \u00e1hrif. \u00dea\u00f0 hefur veri\u00f0 selt \u00e1 netinu fr\u00e1 um 2017, en notkun \u00feess hefur veri\u00f0 tilt\u00f6lulega \u00f3algeng.<\/p>\n<p>Jafnan er C14H18FNO3 og m\u00f3lmassi er 235,302 g-m\u00f3l-1.<\/p>\n<p>&nbsp;<\/p>\n<h3>Lyfjafr\u00e6\u00f0i fl\u00faorexetam\u00edns<\/h3>\n<p>Fl\u00faoxet\u00edn hefur \u00e1hrif me\u00f0 \u00fev\u00ed a\u00f0 hamla enduruppt\u00f6ku ser\u00f3t\u00f3n\u00edns \u00ed taugafrumum \u00ed fortaugam\u00f3tum me\u00f0 \u00fev\u00ed a\u00f0 hindra enduruppt\u00f6kupr\u00f3teini\u00f0 sem er sta\u00f0sett \u00ed fortaugam\u00f3tum. Fl\u00faoxet\u00edn hefur einnig v\u00e6g \u00e1hrif \u00e1 5HT2A og 5HT2C vi\u00f0taka.<\/p>\n<p>Fl\u00faoxet\u00edn er teki\u00f0 inn eftir innt\u00f6ku, er mj\u00f6g pr\u00f3teinbundi\u00f0 og flutningsmagn \u00feess er miki\u00f0. Helmingunart\u00edmi fl\u00faoxet\u00edns er um \u00fea\u00f0 bil 1 til 4 dagar, en helmingunart\u00edmi umbrotsefnisins, norfl\u00faoxet\u00edns, er 7 til 15 dagar. Lyfjahvarfafr\u00e6\u00f0ileg einkenni fl\u00faoxet\u00edns eru \u00f3l\u00ednuleg.<\/p>\n<p>&nbsp;<\/p>\n<h3>Kauptu h\u00e1g\u00e6\u00f0a fl\u00faorexetam\u00edn<\/h3>\n<p>ChemsXpress b\u00fdr yfir \u00e1ralangri reynslu \u00ed h\u00f6nnun ranns\u00f3knarefna og tryggir h\u00e1g\u00e6\u00f0a ranns\u00f3knarefni. Ranns\u00f3knarteymi\u00f0 \u00ed efnafr\u00e6\u00f0i selur fl\u00faorexetam\u00edn. Ranns\u00f3knarefni, \u00fear \u00e1 me\u00f0al fl\u00faorexetam\u00edn, uppfylla allar \u00f6ryggiskr\u00f6fur. Ranns\u00f3knarefni eru vandlega dreift og geymd \u00e1 k\u00f6ldum og \u00feurrum sta\u00f0.<\/p>\n<p>Allar v\u00f6rur eru reglulega pr\u00f3fa\u00f0ar me\u00f0 tilliti til g\u00e6\u00f0a, hreinleika og \u00f6ryggis. Geymi\u00f0 fl\u00faorexetam\u00edn alltaf vi\u00f0 stofuhita og \u00fear sem b\u00f6rn og g\u00e6lud\u00fdr n\u00e1 ekki til. Fl\u00faorexetam\u00edni\u00f0 okkar er ekki \u00e6tla\u00f0 til einkanota. \u00dea\u00f0 er eing\u00f6ngu \u00e6tla\u00f0 \u00ed ranns\u00f3knarskyni.<\/p>\n<p>\u00dea\u00f0 m\u00e1 ekki blanda \u00feessu efni saman vi\u00f0 alk\u00f3h\u00f3l e\u00f0a ranns\u00f3knarefni vi\u00f0 ranns\u00f3knir \u00e1 \u00feessu efni!<\/p>\n<p>Allar v\u00f6rur okkar eru \u00e1 sanngj\u00f6rnu ver\u00f0i!<\/p>\n<p>&nbsp;<\/p>\n<h3>Fl\u00faorexetam\u00edn pr\u00f3fa\u00f0 \u00ed ranns\u00f3knarstofu me\u00f0 ni\u00f0urst\u00f6\u00f0um.<\/h3>\n<p>Remakes leggur \u00e1herslu \u00e1 alhli\u00f0a \u00e1n\u00e6gju vi\u00f0skiptavina. Nokkrar ranns\u00f3knir hafa s\u00fdnt a\u00f0 vi\u00f0skiptavinir bi\u00f0ja um eins miklar uppl\u00fdsingar og m\u00f6gulegt er \u00e1\u00f0ur en \u00feeir kaupa tilb\u00fain ranns\u00f3knarefni. Ennfremur birtum vi\u00f0 allar ranns\u00f3knarni\u00f0urst\u00f6\u00f0ur fyrir hvert ranns\u00f3knarefni \u00ed PDF-skr\u00e1.<\/p>\n<p>Fl\u00faorexetam\u00edn kristallinn okkar afhendir virku innihaldsefnin st\u00f6\u00f0ugt og er strax s\u00fdnilegur \u00f6llum.<\/p>\n<p>Vi\u00f0 dreifum \u00f6llum ni\u00f0urst\u00f6\u00f0um hverrar efnafr\u00e6\u00f0ilegrar ranns\u00f3knar \u00ed PDF skjali.<\/p>\n<p>&nbsp;<\/p>\n<h3>Panta\u00f0u \u00e1 \u00f6ruggan h\u00e1tt hj\u00e1 Fluorexetamine.<\/h3>\n<p>Ranns\u00f3knarefni fr\u00e1 Panacea Chems eru af fram\u00farskarandi g\u00e6\u00f0um og \u00e1 sanngj\u00f6rnu ver\u00f0i. \u00deess vegna, \u00feegar \u00fe\u00fa pantar ranns\u00f3knarefni fr\u00e1 ChemsXpress, tryggjum vi\u00f0 hra\u00f0a og \u00f6rugga afhendingu heim til \u00fe\u00edn, \u00fear sem ranns\u00f3knarefni eru alltaf til s\u00f6lu hj\u00e1 Panacea Chems.<\/p>\n<p>\u00dea\u00f0 er au\u00f0velt a\u00f0 panta tilb\u00fain ranns\u00f3knarefni me\u00f0 Bitcoin e\u00f0a bankamillif\u00e6rslu hj\u00e1 ChemsXpress.<\/p>\n<p>Vi\u00f0 sendum ranns\u00f3knarefnisduft sama virka dag ef grei\u00f0sla berst fyrir kl. 15:00 CEST.<\/p>\n<p>Vi\u00f0 bj\u00f3\u00f0um ekki upp \u00e1 v\u00f6rur fyrir f\u00f3lk yngra en 18 \u00e1ra!<\/p>\n<p>Sala efna \u00ed ranns\u00f3knarskyni er eing\u00f6ngu \u00ed ranns\u00f3knarskyni.<\/p>\n<p>N\u00e6\u00f0i sending ranns\u00f3knarefna.<\/p>\n<p>ChemsXpress pakkar p\u00f6ntuninni \u00feinni \u00f6rugglega til a\u00f0 tryggja grei\u00f0an flutning. Ennfremur p\u00f6kkum vi\u00f0 henni fullkomlega \u00f3s\u00fdnilega, \u00feannig a\u00f0 ekkert s\u00e9st a\u00f0 utan fr\u00e1 \u00fev\u00ed sem g\u00e6ti veri\u00f0 inni \u00ed henni.<\/p>\n<p>&nbsp;<\/p>\n<h3>Var\u00fa\u00f0arr\u00e1\u00f0stafanir<\/h3>\n<ul>\n<li>Kaupi\u00f0 vi\u00f0eigandi pers\u00f3nuhl\u00edfar, svo sem \u00f6ryggisgleraugu og hanska. \u00der\u00edfi\u00f0 og vi\u00f0haldi\u00f0 \u00feeim r\u00e9tt. Fylgi\u00f0 \u00f6ruggum verklagsreglum vi\u00f0 me\u00f0h\u00f6ndlun ranns\u00f3knarefna og for\u00f0ist fl\u00fdtilei\u00f0ir.<\/li>\n<li>Ef efni\u00f0 \u00far ranns\u00f3kninni kemst \u00ed snertingu vi\u00f0 augun skal skola vel og fjarl\u00e6gja snertilinsur ef nau\u00f0syn krefur.<\/li>\n<li>Reyndu a\u00f0 nota gr\u00edmu \u00feegar \u00fe\u00fa notar \u00feessi efni svo \u00feau komist ekki inn \u00ed \u00feig \u00e1 me\u00f0an \u00fe\u00fa andar.<\/li>\n<li>Eins og a\u00f0fer\u00f0irnar sem fylgja me\u00f0 gefa til kynna ver\u00f0ur \u00fe\u00fa a\u00f0 me\u00f0h\u00f6ndla, geyma og farga h\u00e6ttulegum efnum \u00e1 \u00f6ruggan h\u00e1tt. Helli\u00f0 \u00feeim aldrei \u00ed fr\u00e1veitur e\u00f0a skur\u00f0i.<\/li>\n<li>Geymi\u00f0 efni til ranns\u00f3kna \u00e1 r\u00e9ttan h\u00e1tt, eins og heiti \u00feeirra gefa til kynna. Eldfim efni \u00e6ttu a\u00f0 vera geymd \u00ed g\u00f3\u00f0u, \u00feurru kannabisr\u00fdmi fjarri miklum hita og dagsbirtu. Sum tilb\u00fain efni, eins og s\u00fdrur, \u00e6ttu a\u00f0 vera geymd s\u00e9rstaklega.<\/li>\n<li>ChemsXpress sem bo\u00f0i\u00f0 er upp \u00e1 \u00e1 rc er eing\u00f6ngu \u00e6tla\u00f0 til ranns\u00f3kna; neysla til manneldis er stranglega b\u00f6nnu\u00f0.<\/li>\n<\/ul>","protected":false},"excerpt":{"rendered":"<p><strong>UPAC nafn:\u00a0<\/strong>2-(et\u00fdlam\u00edn\u00f3)-2-(3-fl\u00faorfen\u00fdl)s\u00fdkl\u00f3hexan-1-\u00f3n<\/p>\n<p><strong>Anna\u00f0 nafn:\u00a0<\/strong>FXE<\/p>\n<p><strong>Ey\u00f0ubla\u00f0:\u00a0<\/strong>kristal<\/p>\n<p><strong>NMR greining:\u00a0<\/strong>C14H18FNO<\/p>","protected":false},"featured_media":27870,"comment_status":"open","ping_status":"closed","template":"","meta":[],"product_brand":[],"product_cat":[1085],"product_tag":[],"class_list":{"0":"post-27863","1":"product","2":"type-product","3":"status-publish","4":"has-post-thumbnail","6":"product_cat-okategoriserad","8":"first","9":"instock","10":"taxable","11":"shipping-taxable","12":"purchasable","13":"product-type-variable"},"_links":{"self":[{"href":"https:\/\/onderzoekschemicals.com\/is\/wp-json\/wp\/v2\/product\/27863","targetHints":{"allow":["GET"]}}],"collection":[{"href":"https:\/\/onderzoekschemicals.com\/is\/wp-json\/wp\/v2\/product"}],"about":[{"href":"https:\/\/onderzoekschemicals.com\/is\/wp-json\/wp\/v2\/types\/product"}],"replies":[{"embeddable":true,"href":"https:\/\/onderzoekschemicals.com\/is\/wp-json\/wp\/v2\/comments?post=27863"}],"version-history":[{"count":1,"href":"https:\/\/onderzoekschemicals.com\/is\/wp-json\/wp\/v2\/product\/27863\/revisions"}],"predecessor-version":[{"id":27871,"href":"https:\/\/onderzoekschemicals.com\/is\/wp-json\/wp\/v2\/product\/27863\/revisions\/27871"}],"wp:featuredmedia":[{"embeddable":true,"href":"https:\/\/onderzoekschemicals.com\/is\/wp-json\/wp\/v2\/media\/27870"}],"wp:attachment":[{"href":"https:\/\/onderzoekschemicals.com\/is\/wp-json\/wp\/v2\/media?parent=27863"}],"wp:term":[{"taxonomy":"product_brand","embeddable":true,"href":"https:\/\/onderzoekschemicals.com\/is\/wp-json\/wp\/v2\/product_brand?post=27863"},{"taxonomy":"product_cat","embeddable":true,"href":"https:\/\/onderzoekschemicals.com\/is\/wp-json\/wp\/v2\/product_cat?post=27863"},{"taxonomy":"product_tag","embeddable":true,"href":"https:\/\/onderzoekschemicals.com\/is\/wp-json\/wp\/v2\/product_tag?post=27863"}],"curies":[{"name":"wp","href":"https:\/\/api.w.org\/{rel}","templated":true}]}}