{"id":27449,"date":"2025-10-20T16:11:46","date_gmt":"2025-10-20T16:11:46","guid":{"rendered":"https:\/\/onderzoekschemicals.com\/?post_type=product&#038;p=27449"},"modified":"2025-10-21T05:54:54","modified_gmt":"2025-10-21T05:54:54","slug":"fentanyl-kopen","status":"publish","type":"product","link":"https:\/\/onderzoekschemicals.com\/is\/shop\/okategoriserad\/fentanyl-kopen\/","title":{"rendered":"fentan\u00fdl"},"content":{"rendered":"<h2 data-start=\"516\" data-end=\"545\"><strong data-start=\"519\" data-end=\"545\">Kynning \u00e1 fentan\u00fdli<\/strong><\/h2>\n<p data-start=\"547\" data-end=\"865\">Fentan\u00fdl er ein <strong data-start=\"564\" data-end=\"588\">tilb\u00fai\u00f0 \u00f3p\u00ed\u00f3\u00ed\u00f0<\/strong>, das in der Medizin zur Behandlung <strong data-start=\"624\" data-end=\"662\">starker bis sehr starker Schmerzen<\/strong> eingesetzt wird \u2013 beispielsweise bei <strong data-start=\"700\" data-end=\"718\">Krebs sj\u00faklingar<\/strong> e\u00f0a eftir st\u00f3rar a\u00f0ger\u00f0ir. Es heyr\u00f0i zu den <strong data-start=\"768\" data-end=\"808\">sterkasti m\u00e1la\u00f0ur Schmerzmitteln<\/strong> og er \u00fea\u00f0 ekki <strong data-start=\"822\" data-end=\"862\">50 til 100 sinnum \u00f6flugra en morf\u00edn<\/strong>kaupa fentan\u00fdl<\/p>\n<p data-start=\"867\" data-end=\"1083\">Fr\u00e1 upphafi sj\u00f6unda \u00e1ratugarins hefur fentan\u00fdl veri\u00f0 nota\u00f0 og er enn \u00ed notkun. <strong data-start=\"958\" data-end=\"980\">\u00der\u00edhyrningsform<\/strong> WHO <strong data-start=\"985\" data-end=\"1042\">Pflaster, Lutscher, Injektionsl\u00f6sungen e\u00f0a Tabletten<\/strong> (z. B. Fentanyl-Tabletten) erh\u00e4ltlich. kaupa fentan\u00fdl<\/p>\n<p data-start=\"1085\" data-end=\"1223\">Ef fentan\u00fdl sn\u00fdst um notkun, \u00fe\u00e1 \u00feor\u00f0u \u00fea\u00f0 <strong data-start=\"1136\" data-end=\"1204\">Sko\u00f0a\u00f0u \u00feetta betur og f\u00e1\u00f0u gagnleg r\u00e1\u00f0<\/strong> a\u00f0 venjast.<\/p>\n<hr data-start=\"1225\" data-end=\"1228\" \/>\n<h2 data-start=\"1230\" data-end=\"1263\"><strong data-start=\"1233\" data-end=\"1263\">Virkni fentan\u00fdls<\/strong><\/h2>\n<p data-start=\"1265\" data-end=\"1442\">Fentan\u00fdl virkar beint \u00e1 <strong data-start=\"1295\" data-end=\"1340\">Opioidrezeptoren \u00ed Gehirn og R\u00fcckenmark<\/strong>. Vi\u00f0 \u00feessar tengingar, Schmerzsignale blockiert und die Schmerzwahrnehmung deutlich reduziert.<\/p>\n<p data-start=\"1444\" data-end=\"1593\">Die Wirkung tritt in der Regel <strong data-start=\"1475\" data-end=\"1495\">mj\u00f6g flj\u00f3tt ein<\/strong> \u2013 vertu nokkrar m\u00edn\u00fatur inni \u2013 og haltu \u00e1fram me\u00f0 \u00farvinnslu ey\u00f0ubla\u00f0sins <strong data-start=\"1568\" data-end=\"1587\">nokkrar klukkustundir<\/strong> einn.<\/p>\n<p data-start=\"1595\" data-end=\"1799\">Neben der Schmerzlinderung kann Fentanyl jedoch l\u00edka <strong data-start=\"1648\" data-end=\"1666\">Nebenvirkni<\/strong> sem Schl\u00e4frigkeit, \u00dcbelkeit, Verstopfung oder Atemdepression verursachen, weshalb deyja <strong data-start=\"1753\" data-end=\"1786\">Skammtur sterklega stj\u00f3rna\u00f0ur<\/strong> voru mussar.<\/p>\n<hr data-start=\"1801\" data-end=\"1804\" \/>\n<h2 data-start=\"1806\" data-end=\"1839\"><strong data-start=\"1809\" data-end=\"1839\">A\u00f0almerki fentan\u00fdls<\/strong><\/h2>\n<div class=\"_tableContainer_1rjym_1\">\n<div class=\"group _tableWrapper_1rjym_13 flex w-fit flex-col-reverse\" tabindex=\"-1\">\n<table class=\"w-fit min-w-(--thread-content-width)\" data-start=\"1841\" data-end=\"2363\">\n<thead data-start=\"1841\" data-end=\"1871\">\n<tr data-start=\"1841\" data-end=\"1871\">\n<th data-start=\"1841\" data-end=\"1855\" data-col-size=\"sm\">Eign<\/th>\n<th data-start=\"1855\" data-end=\"1871\" data-col-size=\"md\">L\u00fdsing<\/th>\n<\/tr>\n<\/thead>\n<tbody data-start=\"1904\" data-end=\"2363\">\n<tr data-start=\"1904\" data-end=\"1961\">\n<td data-start=\"1904\" data-end=\"1926\" data-col-size=\"sm\"><strong data-start=\"1906\" data-end=\"1925\">Efnisflokkur<\/strong><\/td>\n<td data-col-size=\"md\" data-start=\"1926\" data-end=\"1961\">Tilb\u00fai\u00f0 \u00f3p\u00ed\u00f3\u00ed\u00f0 verkjalyf<\/td>\n<\/tr>\n<tr data-start=\"1962\" data-end=\"2016\">\n<td data-start=\"1962\" data-end=\"1979\" data-col-size=\"sm\"><strong data-start=\"1964\" data-end=\"1978\">Vinnustyrkleikar<\/strong><\/td>\n<td data-col-size=\"md\" data-start=\"1979\" data-end=\"2016\">Etwa 50\u2013100 \u00d7 st\u00e4rker sem morf\u00edn<\/td>\n<\/tr>\n<tr data-start=\"2017\" data-end=\"2098\">\n<td data-start=\"2017\" data-end=\"2042\" data-col-size=\"sm\"><strong data-start=\"2019\" data-end=\"2041\">\u00der\u00edhyrningsform<\/strong><\/td>\n<td data-col-size=\"md\" data-start=\"2042\" data-end=\"2098\">Pflaster, t\u00f6flur, Lutscher, Nasenspray, Injection<\/td>\n<\/tr>\n<tr data-start=\"2099\" data-end=\"2178\">\n<td data-start=\"2099\" data-end=\"2122\" data-col-size=\"sm\"><strong data-start=\"2101\" data-end=\"2121\">Notkunarsv\u00e6\u00f0i<\/strong><\/td>\n<td data-col-size=\"md\" data-start=\"2122\" data-end=\"2178\">Me\u00f0fer\u00f0 er frekar langvinn e\u00f0a br\u00e1\u00f0<\/td>\n<\/tr>\n<tr data-start=\"2179\" data-end=\"2236\">\n<td data-start=\"2179\" data-end=\"2207\" data-col-size=\"sm\"><strong data-start=\"2181\" data-end=\"2206\">Skr\u00e1ningarflug<\/strong><\/td>\n<td data-col-size=\"md\" data-start=\"2207\" data-end=\"2236\">A\u00f0eins \u00e1 ertingarkenndri uppskrift<\/td>\n<\/tr>\n<tr data-start=\"2237\" data-end=\"2293\">\n<td data-start=\"2237\" data-end=\"2258\" data-col-size=\"sm\"><strong data-start=\"2239\" data-end=\"2257\">Virkunarupphaf<\/strong><\/td>\n<td data-col-size=\"md\" data-start=\"2258\" data-end=\"2293\">Schnell \u2013 innerhalb von Minuten<\/td>\n<\/tr>\n<tr data-start=\"2294\" data-end=\"2363\">\n<td data-start=\"2294\" data-end=\"2318\" data-col-size=\"sm\"><strong data-start=\"2296\" data-end=\"2317\">Virknist\u00edmi<\/strong><\/td>\n<td data-col-size=\"md\" data-start=\"2318\" data-end=\"2363\">Meira Stunden, je nach ums\u00f3knarey\u00f0ubla\u00f0<\/td>\n<\/tr>\n<\/tbody>\n<\/table>\n<\/div>\n<\/div>\n<hr data-start=\"2365\" data-end=\"2368\" \/>\n<h2 data-start=\"2370\" data-end=\"2410\"><strong data-start=\"2373\" data-end=\"2410\">Heilbrig\u00f0is- og l\u00e6knisfr\u00e6\u00f0ilegur \u00e1vinningur<\/strong><\/h2>\n<ul data-start=\"2412\" data-end=\"2929\">\n<li data-start=\"2412\" data-end=\"2517\">\n<p data-start=\"2414\" data-end=\"2517\"><strong data-start=\"2414\" data-end=\"2442\">Starke s\u00e1rsaukafullt:<\/strong> Vertu viss um a\u00f0 vinna me\u00f0 \u00e6xlisfrumur e\u00f0a skur\u00f0a\u00f0ger\u00f0ir \u00ed Eingriffen.<\/p>\n<\/li>\n<li data-start=\"2518\" data-end=\"2613\">\n<p data-start=\"2520\" data-end=\"2613\"><strong data-start=\"2520\" data-end=\"2551\">Schneller virknisgreining:<\/strong> Tilvali\u00f0 me\u00f0 pl\u00f6tzlichen Schmerzspitzen (Durchbruchschmerzen).<\/p>\n<\/li>\n<li data-start=\"2614\" data-end=\"2715\">\n<p data-start=\"2616\" data-end=\"2715\"><strong data-start=\"2616\" data-end=\"2639\">Alveg eins og fj\u00f6lmargar myndir:<\/strong> Sveigjanleg me\u00f0fer\u00f0 - fr\u00e1 Pflastern bis zu oralen t\u00f6flum fyrir h\u00fa\u00f0.<\/p>\n<\/li>\n<li data-start=\"2716\" data-end=\"2810\">\n<p data-start=\"2718\" data-end=\"2810\"><strong data-start=\"2718\" data-end=\"2750\">St\u00fdr\u00f0 gagnamagn:<\/strong> Erm\u00f6glicht genaue Anpassung einstaklings Schmerzgrade.<\/p>\n<\/li>\n<li data-start=\"2811\" data-end=\"2929\">\n<p data-start=\"2813\" data-end=\"2929\"><strong data-start=\"2813\" data-end=\"2856\">Stu\u00f0ningur vi\u00f0 l\u00edknandi me\u00f0fer\u00f0:<\/strong> B\u00e6tir l\u00edfsg\u00e6\u00f0i sj\u00faklinga me\u00f0 langvinna verki.<\/p>\n<\/li>\n<\/ul>\n<hr data-start=\"2931\" data-end=\"2934\" \/>\n<h2 data-start=\"2936\" data-end=\"2966\"><strong data-start=\"2939\" data-end=\"2966\">Notkun og sk\u00f6mmtun<\/strong><\/h2>\n<p data-start=\"2968\" data-end=\"3055\">\u00dea\u00f0 <strong data-start=\"2972\" data-end=\"2998\">Notkun fentan\u00fdls<\/strong> fylgir \u00fatl\u00e6gur <strong data-start=\"3022\" data-end=\"3052\">undir erf\u00f0afr\u00e6\u00f0ilegri ums\u00f6gn<\/strong>.<\/p>\n<ul data-start=\"3057\" data-end=\"3381\">\n<li data-start=\"3057\" data-end=\"3164\">\n<p data-start=\"3059\" data-end=\"3164\"><strong data-start=\"3059\" data-end=\"3081\">Fentan\u00fdl flaster:<\/strong> Wird auf die Haut klebt und gibt de Wirkstoff \u00fcber 72 Stunden gleichm\u00e4\u00dfig ab.<\/p>\n<\/li>\n<li data-start=\"3165\" data-end=\"3274\">\n<p data-start=\"3167\" data-end=\"3274\"><strong data-start=\"3167\" data-end=\"3204\">Fentan\u00fdl t\u00f6flur e\u00f0a Lutscher:<\/strong> Fyrir ferska Schmerzspitzen, s\u00e9rstaklega me\u00f0 Durchbruchschmerzen.<\/p>\n<\/li>\n<li data-start=\"3275\" data-end=\"3381\">\n<p data-start=\"3277\" data-end=\"3381\"><strong data-start=\"3277\" data-end=\"3309\">Innd\u00e6lingar e\u00f0a innrennsli:<\/strong> Ef um veikindi er a\u00f0 r\u00e6\u00f0a, gangast \u00feeir undir Schmerztherapie e\u00f0a An\u00e4sthesie eftir a\u00f0ger\u00f0.<\/p>\n<\/li>\n<\/ul>\n<p data-start=\"3383\" data-end=\"3578\"><strong data-start=\"3383\" data-end=\"3405\">Mikilv\u00e6gar \u00e1bendingar:<\/strong><br data-start=\"3405\" data-end=\"3408\" \/>Fentan\u00fdl darf <strong data-start=\"3422\" data-end=\"3476\">ekki einstakt e\u00f0a \u00f3h\u00e1\u00f0 eigin stj\u00f3rn<\/strong> voru tekin. H\u00e6gt er a\u00f0 gera falska breytingu <strong data-start=\"3534\" data-end=\"3570\">l\u00edfsstu\u00f0ningsyfirdr\u00e1ttur<\/strong> a\u00f0 lei\u00f0a.<\/p>\n<hr data-start=\"3580\" data-end=\"3583\" \/>\n<h2 data-start=\"3585\" data-end=\"3621\"><strong data-start=\"3588\" data-end=\"3621\">\u00d6ryggis- og vi\u00f0v\u00f6runarlei\u00f0beiningar<\/strong><\/h2>\n<ul data-start=\"3623\" data-end=\"3919\">\n<li data-start=\"3623\" data-end=\"3681\">\n<p data-start=\"3625\" data-end=\"3681\">Ekki me\u00f0 \u00e1fengi e\u00f0a \u00e1fengisbl\u00f6ndum.<\/p>\n<\/li>\n<li data-start=\"3682\" data-end=\"3735\">\n<p data-start=\"3684\" data-end=\"3735\">Au\u00dferhalb der Reichweite von Kindern aufbewahren.<\/p>\n<\/li>\n<li data-start=\"3736\" data-end=\"3815\">\n<p data-start=\"3738\" data-end=\"3815\">Vinsamlegast l\u00e1ti\u00f0 vita ef \u00fei\u00f0 eru\u00f0 me\u00f0 einhver astmavandam\u00e1l e\u00f0a ofn\u00e6mi fyrir \u00f3p\u00ed\u00f3\u00ed\u00f0um.<\/p>\n<\/li>\n<li data-start=\"3816\" data-end=\"3878\">\n<p data-start=\"3818\" data-end=\"3878\">Entsorgung gebrauchter Pflaster nach \u00e4rztlicher Anweisung.<\/p>\n<\/li>\n<li data-start=\"3879\" data-end=\"3919\">\n<p data-start=\"3881\" data-end=\"3919\">Ekki \u00e1n sj\u00e1lfslyfjame\u00f0fer\u00f0ar!<\/p>\n<\/li>\n<\/ul>\n<hr data-start=\"3921\" data-end=\"3924\" \/>\n<h2 data-start=\"3926\" data-end=\"3952\"><strong data-start=\"3929\" data-end=\"3952\">R\u00e9ttl\u00e1t lei\u00f0beiningar<\/strong><\/h2>\n<p data-start=\"3954\" data-end=\"4260\">\u00cd \u00de\u00fdskalandi fellur fentan\u00fdl undir \u00fea\u00f0 <strong data-start=\"3994\" data-end=\"4027\">Betaubungsmittelgesetz (BtMG)<\/strong>.<br data-start=\"4028\" data-end=\"4031\" \/>\u00datg\u00f6ngulei\u00f0 og a\u00f0koma a\u00f0 Signu er stranglega st\u00fdr\u00f0, \u00feannig a\u00f0 umfer\u00f0 er hindru\u00f0.<br data-start=\"4113\" data-end=\"4116\" \/>Nur approbierte \u00c4rzte d\u00fcrfen Fentanyl schreiben, und ap\u00f3tek geben es ausschlie\u00dflich gegen Vorlage eines <strong data-start=\"4226\" data-end=\"4253\">Uppskriftir a\u00f0 matars\u00f3un<\/strong> fr\u00e1.<\/p>\n<p data-start=\"4262\" data-end=\"4414\">Weitere Informationen finden Sie auf der offiziellen Seite des <strong data-start=\"4325\" data-end=\"4413\"><a class=\"decorated-link cursor-pointer\" target=\"_new\" rel=\"noopener\" data-start=\"4327\" data-end=\"4411\">Sambandsstofnun heilbrig\u00f0is\u00fej\u00f3nustu og l\u00e6kningavara (BfArM)<\/a><\/strong>.<\/p>\n<hr data-start=\"4416\" data-end=\"4419\" \/>\n<h2 data-start=\"4421\" data-end=\"4457\"><strong data-start=\"4424\" data-end=\"4457\">Algengar spurningar (Heimilisspurningar)<\/strong><\/h2>\n<p data-start=\"4459\" data-end=\"4637\"><strong data-start=\"4459\" data-end=\"4490\">1\ufe0f\u20e3 Var fentan\u00fdl \u00ed lagi?<\/strong><br data-start=\"4490\" data-end=\"4493\" \/>Fentanyl er sterkt tilb\u00fai\u00f0 efni \u00far \u00f3p\u00ed\u00f3\u00ed\u00f0aflokknum. Mikilv\u00e6gt er a\u00f0 hafa \u00ed huga a\u00f0 sj\u00faklingar sem eru \u00f3n\u00e6mir fyrir me\u00f0fer\u00f0 geta r\u00e1\u00f0i\u00f0 vi\u00f0 \u00fea\u00f0.<\/p>\n<p data-start=\"4639\" data-end=\"4807\"><strong data-start=\"4639\" data-end=\"4672\">2\ufe0f\u20e3 Hver notar Fentanyl lengi?<\/strong><br data-start=\"4672\" data-end=\"4675\" \/>Je nach Darreichungsform wirkt Fentanyl zischen 2 og 72 Stunden. Pflaster geben den Wirkstoff \u00fcber meerere Tage kontinuierlich ab.<\/p>\n<p data-start=\"4809\" data-end=\"5034\"><strong data-start=\"4809\" data-end=\"4846\">3\ufe0f\u20e3 Er h\u00e6gt a\u00f0 nota fentan\u00fdl \u00e1 \u00f6ruggan h\u00e1tt?<\/strong><br data-start=\"4846\" data-end=\"4849\" \/>J\u00e1. Hverjir geta nota\u00f0 a\u00f0ra \u00f3p\u00ed\u00f3\u00ed\u00f0a me\u00f0 Fentanyli \u00ed lengri t\u00edma? <strong data-start=\"4914\" data-end=\"4957\">l\u00edkamleg og andleg vell\u00ed\u00f0an<\/strong> Deshalb mun fylgja me\u00f0fer\u00f0inni eftir fr\u00e1 l\u00e6knisfr\u00e6\u00f0ilegu sj\u00f3narhorni.<\/p>\n<h3 data-start=\"230\" data-end=\"288\"><a style=\"font-size: 16px;\" href=\"https:\/\/onderzoekschemicals.com\/is\/shop\/okategoriserad\/4mmc-kopen\/\"><span dir=\"auto\" style=\"vertical-align: inherit;\"><span dir=\"auto\" style=\"vertical-align: inherit;\"><span dir=\"auto\" style=\"vertical-align: inherit;\"><span dir=\"auto\" style=\"vertical-align: inherit;\">Kauptu 4mmc <\/span><\/span><\/span><\/span><\/a><a style=\"font-size: 16px;\" href=\"https:\/\/onderzoekschemicals.com\/is\/shop\/iboga-ibogaine\/iboga-root-bark\/\"><span dir=\"auto\" style=\"vertical-align: inherit;\"><span dir=\"auto\" style=\"vertical-align: inherit;\"><span dir=\"auto\" style=\"vertical-align: inherit;\"><span dir=\"auto\" style=\"vertical-align: inherit;\">iboga r\u00f3tarb\u00f6rkur<\/span><\/span><\/span><\/span><\/a><a style=\"font-size: 16px;\" href=\"https:\/\/onderzoekschemicals.com\/is\/shop\/iboga-ibogaine\/buy-ibogaine-hcl-online\/\"><span dir=\"auto\" style=\"vertical-align: inherit;\"><span dir=\"auto\" style=\"vertical-align: inherit;\"><span dir=\"auto\" style=\"vertical-align: inherit;\"><span dir=\"auto\" style=\"vertical-align: inherit;\">kaupa ibogaine hcl \u00e1 netinu<\/span><\/span><\/span><\/span><\/a><a style=\"font-size: 16px;\" href=\"https:\/\/onderzoekschemicals.com\/is\/shop\/lysergamides\/1cp-lsd\/\"><span dir=\"auto\" style=\"vertical-align: inherit;\"><span dir=\"auto\" style=\"vertical-align: inherit;\"><span dir=\"auto\" style=\"vertical-align: inherit;\"><span dir=\"auto\" style=\"vertical-align: inherit;\">1cp lsd <\/span><\/span><\/span><\/span><\/a><a style=\"font-size: 16px;\" href=\"https:\/\/onderzoekschemicals.com\/is\/shop\/pellets-for-pellet\/o-dsmt-50mg-pellets\/\"><span dir=\"auto\" style=\"vertical-align: inherit;\"><span dir=\"auto\" style=\"vertical-align: inherit;\"><span dir=\"auto\" style=\"vertical-align: inherit;\"><span dir=\"auto\" style=\"vertical-align: inherit;\">o-dsmt<\/span><\/span><\/span><\/span><\/a><\/h3>","protected":false},"excerpt":{"rendered":"<p>Einf\u00fchrung in Fentanyl Fentanyl ist ein synthetisches Opioid, das in der Medizin zur Behandlung starker bis sehr starker Schmerzen eingesetzt<\/p>","protected":false},"featured_media":27450,"comment_status":"open","ping_status":"closed","template":"","meta":[],"product_brand":[],"product_cat":[1085],"product_tag":[1089,1088],"class_list":{"0":"post-27449","1":"product","2":"type-product","3":"status-publish","4":"has-post-thumbnail","6":"product_cat-okategoriserad","7":"product_tag-fentanyl-kopen","8":"product_tag-fentanyl-tablet","10":"first","11":"instock","12":"taxable","13":"shipping-taxable","14":"purchasable","15":"product-type-variable"},"_links":{"self":[{"href":"https:\/\/onderzoekschemicals.com\/is\/wp-json\/wp\/v2\/product\/27449","targetHints":{"allow":["GET"]}}],"collection":[{"href":"https:\/\/onderzoekschemicals.com\/is\/wp-json\/wp\/v2\/product"}],"about":[{"href":"https:\/\/onderzoekschemicals.com\/is\/wp-json\/wp\/v2\/types\/product"}],"replies":[{"embeddable":true,"href":"https:\/\/onderzoekschemicals.com\/is\/wp-json\/wp\/v2\/comments?post=27449"}],"version-history":[{"count":4,"href":"https:\/\/onderzoekschemicals.com\/is\/wp-json\/wp\/v2\/product\/27449\/revisions"}],"predecessor-version":[{"id":27706,"href":"https:\/\/onderzoekschemicals.com\/is\/wp-json\/wp\/v2\/product\/27449\/revisions\/27706"}],"wp:featuredmedia":[{"embeddable":true,"href":"https:\/\/onderzoekschemicals.com\/is\/wp-json\/wp\/v2\/media\/27450"}],"wp:attachment":[{"href":"https:\/\/onderzoekschemicals.com\/is\/wp-json\/wp\/v2\/media?parent=27449"}],"wp:term":[{"taxonomy":"product_brand","embeddable":true,"href":"https:\/\/onderzoekschemicals.com\/is\/wp-json\/wp\/v2\/product_brand?post=27449"},{"taxonomy":"product_cat","embeddable":true,"href":"https:\/\/onderzoekschemicals.com\/is\/wp-json\/wp\/v2\/product_cat?post=27449"},{"taxonomy":"product_tag","embeddable":true,"href":"https:\/\/onderzoekschemicals.com\/is\/wp-json\/wp\/v2\/product_tag?post=27449"}],"curies":[{"name":"wp","href":"https:\/\/api.w.org\/{rel}","templated":true}]}}