{"id":26138,"date":"2025-10-20T01:31:18","date_gmt":"2025-10-20T01:31:18","guid":{"rendered":"https:\/\/onderzoekschemicals.com\/?post_type=product&#038;p=26138"},"modified":"2025-10-21T05:55:10","modified_gmt":"2025-10-21T05:55:10","slug":"iboga-capsules","status":"publish","type":"product","link":"https:\/\/onderzoekschemicals.com\/is\/shop\/iboga-ibogaine\/iboga-capsules\/","title":{"rendered":"Iboga hylki"},"content":{"rendered":"<h2>Kauptu Iboga hylki<\/h2>\n<p>\u00cdboga v\u00edsar til ge\u00f0virks efnis sem unni\u00f0 er \u00far pl\u00f6ntum sem innihalda \u00edb\u00f3gain alkal\u00f3\u00ed\u00f0an. \u00cd Gabon einu saman eru fj\u00f6lmargar pl\u00f6ntur sem innihalda \u00feennan alkal\u00f3\u00ed\u00f0a. Helsta uppspretta \u00feess er \u00fe\u00f3 Tabernanthe Iboga plantan. \u00deessar pl\u00f6ntur vaxa \u00e1 frumsk\u00f3garbotni \u00ed afskekktum sv\u00e6\u00f0um \u00ed vesturhluta Mi\u00f0-Afr\u00edku, \u00fear \u00e1 me\u00f0al Kamer\u00fan, L\u00fd\u00f0veldinu Kong\u00f3.<a href=\"https:\/\/legalerfuhrerschein.com\/\" target=\"_blank\" rel=\"noopener\">,<\/a> Ang\u00f3la, og au\u00f0vita\u00f0 Gabon, l\u00edkamlegt og andlegt heimili pl\u00f6ntunnar. Kauptu iboga hylki.<\/p>\n<p>R\u00f3tarb\u00f6rkur pl\u00f6ntunnar inniheldur ge\u00f0virk alkal\u00f3\u00ed\u00f0a. Me\u00f0 \u00fev\u00ed a\u00f0 raka \u00feennan r\u00f3tarb\u00f6rk af r\u00f3tinni f\u00e1um vi\u00f0 ferskt, tilb\u00fai\u00f0 til neyslu, \u00f6flugt, fornt og gr\u00e6\u00f0andi efni. <a href=\"https:\/\/ibogainerehabilitation.com\/\" target=\"_blank\" rel=\"noopener\">\u00edboga<\/a>Eftir a\u00f0 hafa neytt r\u00f3tarberkisins upplifa einstaklingar upphaf draumkenndrar me\u00f0vitundar. \u00c1 fer\u00f0alaginu geta einstaklingar (e\u00f0a ekki) rekist \u00e1 tilvistarlegar uppg\u00f6tvanir, kristalt\u00e6rar s\u00fdnir, minningar og \u00f3tal a\u00f0ra d\u00e1samlega hluti. Svo sem f\u00edkn, \u00feunglyndi, h\u00fa\u00f0sj\u00fakd\u00f3ma, l\u00edkamsr\u00fdrnun og andlega vakningu.<\/p>","protected":false},"excerpt":{"rendered":"<p>Kauptu Iboga hylki. Iboga v\u00edsar til ge\u00f0virks efnis sem er teki\u00f0 \u00far pl\u00f6ntum sem innihalda \u00edb\u00f3gain alkal\u00f3\u00ed\u00f0an. \u00cd Gabon einu,<\/p>","protected":false},"featured_media":26151,"comment_status":"closed","ping_status":"closed","template":"","meta":[],"product_brand":[],"product_cat":[908],"product_tag":[],"class_list":{"0":"post-26138","1":"product","2":"type-product","3":"status-publish","4":"has-post-thumbnail","6":"product_cat-iboga-ibogaine","8":"first","9":"instock","10":"taxable","11":"shipping-taxable","12":"purchasable","13":"product-type-variable"},"_links":{"self":[{"href":"https:\/\/onderzoekschemicals.com\/is\/wp-json\/wp\/v2\/product\/26138","targetHints":{"allow":["GET"]}}],"collection":[{"href":"https:\/\/onderzoekschemicals.com\/is\/wp-json\/wp\/v2\/product"}],"about":[{"href":"https:\/\/onderzoekschemicals.com\/is\/wp-json\/wp\/v2\/types\/product"}],"replies":[{"embeddable":true,"href":"https:\/\/onderzoekschemicals.com\/is\/wp-json\/wp\/v2\/comments?post=26138"}],"version-history":[{"count":1,"href":"https:\/\/onderzoekschemicals.com\/is\/wp-json\/wp\/v2\/product\/26138\/revisions"}],"predecessor-version":[{"id":26152,"href":"https:\/\/onderzoekschemicals.com\/is\/wp-json\/wp\/v2\/product\/26138\/revisions\/26152"}],"wp:featuredmedia":[{"embeddable":true,"href":"https:\/\/onderzoekschemicals.com\/is\/wp-json\/wp\/v2\/media\/26151"}],"wp:attachment":[{"href":"https:\/\/onderzoekschemicals.com\/is\/wp-json\/wp\/v2\/media?parent=26138"}],"wp:term":[{"taxonomy":"product_brand","embeddable":true,"href":"https:\/\/onderzoekschemicals.com\/is\/wp-json\/wp\/v2\/product_brand?post=26138"},{"taxonomy":"product_cat","embeddable":true,"href":"https:\/\/onderzoekschemicals.com\/is\/wp-json\/wp\/v2\/product_cat?post=26138"},{"taxonomy":"product_tag","embeddable":true,"href":"https:\/\/onderzoekschemicals.com\/is\/wp-json\/wp\/v2\/product_tag?post=26138"}],"curies":[{"name":"wp","href":"https:\/\/api.w.org\/{rel}","templated":true}]}}