{"id":24654,"date":"2025-10-20T17:42:28","date_gmt":"2025-10-20T17:42:28","guid":{"rendered":"https:\/\/onderzoekschemicals.com\/?post_type=product&#038;p=24654"},"modified":"2025-10-21T15:56:08","modified_gmt":"2025-10-21T15:56:08","slug":"digitale-cs-weegschaal","status":"publish","type":"product","link":"https:\/\/onderzoekschemicals.com\/is\/shop\/weegschalen\/digitale-cs-weegschaal\/","title":{"rendered":"Stafr\u00e6n CS vog \u2013 100 g x 0,01 g"},"content":{"rendered":"<h3 data-start=\"4818\" data-end=\"4837\"><strong data-start=\"4822\" data-end=\"4837\">Inngangur<\/strong><\/h3>\n<p data-start=\"4838\" data-end=\"5146\">Hinn <strong data-start=\"4841\" data-end=\"4882\">Stafr\u00e6n CS vog \u2013 100 g x 0,01 g<\/strong> er <strong data-start=\"4890\" data-end=\"4925\">h\u00e1g\u00e6\u00f0a n\u00e1kv\u00e6mnisvog<\/strong> Hanna\u00f0 fyrir notendur sem meta n\u00e1kv\u00e6mni og \u00e1rei\u00f0anleika.<br data-start=\"5000\" data-end=\"5003\" \/>Hvort sem er \u00ed <strong data-start=\"5020\" data-end=\"5061\">ranns\u00f3knarstofa, eldh\u00fas e\u00f0a skartgripaverslun<\/strong> er, \u00feessi netta vog skilar <strong data-start=\"5098\" data-end=\"5143\">N\u00e1kv\u00e6mar m\u00e6lingar innan 0,01 g<\/strong>.<\/p>\n<p data-start=\"5148\" data-end=\"5394\">\u00de\u00f6kk s\u00e9 <strong data-start=\"5160\" data-end=\"5188\">ry\u00f0fr\u00edu st\u00e1li pallur<\/strong> og <strong data-start=\"5196\" data-end=\"5221\">sk\u00fdr LCD skj\u00e1r<\/strong> sameinar Digital CS kvar\u00f0ann <strong data-start=\"5259\" data-end=\"5285\">fagleg n\u00e1kv\u00e6mni<\/strong> af <strong data-start=\"5290\" data-end=\"5307\">au\u00f0veld notkun<\/strong>Tilvali\u00f0 til a\u00f0 vega duft, jurtir, skartgripi e\u00f0a l\u00edtil ranns\u00f3knars\u00fdni.<\/p>\n<hr data-start=\"5396\" data-end=\"5399\" \/>\n<h3 data-start=\"5401\" data-end=\"5432\"><strong data-start=\"5405\" data-end=\"5432\">Lykilatri\u00f0i<\/strong><\/h3>\n<ul data-start=\"5433\" data-end=\"6068\">\n<li data-start=\"5433\" data-end=\"5523\">\n<p data-start=\"5435\" data-end=\"5523\"><strong data-start=\"5435\" data-end=\"5466\">Mikil n\u00e1kv\u00e6mni (0,01 g)<\/strong> \u2013 Tilvali\u00f0 fyrir greiningar og ranns\u00f3knarstofunotkun.<\/p>\n<\/li>\n<li data-start=\"5524\" data-end=\"5603\">\n<p data-start=\"5526\" data-end=\"5603\"><strong data-start=\"5526\" data-end=\"5549\">R\u00famm\u00e1l 100 g<\/strong> - Hentar b\u00e6\u00f0i til daglegrar og faglegrar notkunar.<\/p>\n<\/li>\n<li data-start=\"5604\" data-end=\"5674\">\n<p data-start=\"5606\" data-end=\"5674\"><strong data-start=\"5606\" data-end=\"5630\">Sam\u00fejappa\u00f0 og flytjanlegt<\/strong> \u2013 L\u00e9tt og au\u00f0velt a\u00f0 bera.<\/p>\n<\/li>\n<li data-start=\"5675\" data-end=\"5754\">\n<p data-start=\"5677\" data-end=\"5754\"><strong data-start=\"5677\" data-end=\"5718\">LCD skj\u00e1r me\u00f0 bakl\u00fdsingu<\/strong> - Au\u00f0velt a\u00f0 lesa \u00ed hva\u00f0a umhverfi sem er.<\/p>\n<\/li>\n<li data-start=\"5755\" data-end=\"5839\">\n<p data-start=\"5757\" data-end=\"5839\"><strong data-start=\"5757\" data-end=\"5773\">Tara-virkni<\/strong> \u2013 N\u00fallstilli\u00f0 vogina \u00e1\u00f0ur en m\u00e6lingar eru ger\u00f0ar \u00ed \u00edl\u00e1ti.<\/p>\n<\/li>\n<li data-start=\"5840\" data-end=\"5926\">\n<p data-start=\"5842\" data-end=\"5926\"><strong data-start=\"5842\" data-end=\"5866\">Fj\u00f6leininga umbreyting<\/strong> - Skiptu au\u00f0veldlega \u00e1 milli gramma, \u00fansa, karata og korna.<\/p>\n<\/li>\n<li data-start=\"5927\" data-end=\"5994\">\n<p data-start=\"5929\" data-end=\"5994\"><strong data-start=\"5929\" data-end=\"5946\">Orkusparandi<\/strong> - Sj\u00e1lfvirk lokun eftir \u00f3virkni.<\/p>\n<\/li>\n<li data-start=\"5995\" data-end=\"6068\">\n<p data-start=\"5997\" data-end=\"6068\"><strong data-start=\"5997\" data-end=\"6025\">Pallur \u00far ry\u00f0fr\u00edu st\u00e1li<\/strong> \u2013 Endingargott og au\u00f0velt a\u00f0 \u00fer\u00edfa.<\/p>\n<\/li>\n<\/ul>\n<hr data-start=\"6070\" data-end=\"6073\" \/>\n<h3 data-start=\"6075\" data-end=\"6092\"><strong data-start=\"6079\" data-end=\"6092\">Kostir<\/strong><\/h3>\n<ul data-start=\"6093\" data-end=\"6471\">\n<li data-start=\"6093\" data-end=\"6169\">\n<p data-start=\"6095\" data-end=\"6169\"><strong data-start=\"6095\" data-end=\"6113\">Alltaf n\u00e1kv\u00e6mur<\/strong> \u2013 Tryggir samr\u00e6mdar og \u00e1rei\u00f0anlegar m\u00e6lingani\u00f0urst\u00f6\u00f0ur.<\/p>\n<\/li>\n<li data-start=\"6170\" data-end=\"6260\">\n<p data-start=\"6172\" data-end=\"6260\"><strong data-start=\"6172\" data-end=\"6194\">Fj\u00f6lh\u00e6f notkun<\/strong> \u2013 Fullkomi\u00f0 fyrir <strong data-start=\"6210\" data-end=\"6257\">ranns\u00f3knarstofa, skartgripir, eldh\u00fas e\u00f0a menntun<\/strong>.<\/p>\n<\/li>\n<li data-start=\"6261\" data-end=\"6321\">\n<p data-start=\"6263\" data-end=\"6321\"><strong data-start=\"6263\" data-end=\"6282\">Sam\u00fej\u00f6ppu\u00f0 h\u00f6nnun<\/strong> \u2013 Passar au\u00f0veldlega \u00ed vasa e\u00f0a t\u00f6sku.<\/p>\n<\/li>\n<li data-start=\"6322\" data-end=\"6392\">\n<p data-start=\"6324\" data-end=\"6392\"><strong data-start=\"6324\" data-end=\"6349\">Einf\u00f6ld kv\u00f6r\u00f0un<\/strong> \u2013 Tilb\u00fai\u00f0 til notkunar \u00e1 nokkrum sek\u00fandum.<\/p>\n<\/li>\n<li data-start=\"6393\" data-end=\"6471\">\n<p data-start=\"6395\" data-end=\"6471\"><strong data-start=\"6395\" data-end=\"6418\">Hagkv\u00e6m n\u00e1kv\u00e6mni<\/strong> \u2013 Fagleg g\u00e6\u00f0i \u00e1 samkeppnish\u00e6fu ver\u00f0i.<\/p>\n<\/li>\n<\/ul>\n<hr data-start=\"6473\" data-end=\"6476\" \/>\n<h3 data-start=\"6478\" data-end=\"6493\"><strong data-start=\"6482\" data-end=\"6493\">Notkun<\/strong><\/h3>\n<ol data-start=\"6494\" data-end=\"6757\">\n<li data-start=\"6494\" data-end=\"6546\">\n<p data-start=\"6497\" data-end=\"6546\"><strong data-start=\"6497\" data-end=\"6521\">Settu vogina<\/strong> \u00e1 sl\u00e9ttu yfirbor\u00f0i.<\/p>\n<\/li>\n<li data-start=\"6547\" data-end=\"6599\">\n<p data-start=\"6550\" data-end=\"6599\"><strong data-start=\"6550\" data-end=\"6564\">Kveikja \u00e1<\/strong> og b\u00ed\u00f0i\u00f0 \u00fear til \u201e0,00 g\u201c birtist.<\/p>\n<\/li>\n<li data-start=\"6600\" data-end=\"6663\">\n<p data-start=\"6603\" data-end=\"6663\"><strong data-start=\"6603\" data-end=\"6630\">Nota\u00f0u tara-virknina<\/strong> \u00feegar \u00edl\u00e1t er nota\u00f0.<\/p>\n<\/li>\n<li data-start=\"6664\" data-end=\"6707\">\n<p data-start=\"6667\" data-end=\"6707\"><strong data-start=\"6667\" data-end=\"6688\">Settu hlutinn<\/strong> \u00e1 pallinum.<\/p>\n<\/li>\n<li data-start=\"6708\" data-end=\"6757\">\n<p data-start=\"6711\" data-end=\"6757\"><strong data-start=\"6711\" data-end=\"6733\">Lesi\u00f0 ni\u00f0urst\u00f6\u00f0una<\/strong> sl\u00f6kkt \u00e1 LCD skj\u00e1num.<\/p>\n<\/li>\n<\/ol>\n<hr data-start=\"6759\" data-end=\"6762\" \/>\n<h3 data-start=\"6764\" data-end=\"6785\"><strong data-start=\"6768\" data-end=\"6785\">Uppl\u00fdsingar<\/strong><\/h3>\n<div class=\"_tableContainer_1rjym_1\">\n<div class=\"group _tableWrapper_1rjym_13 flex w-fit flex-col-reverse\" tabindex=\"-1\">\n<table class=\"w-fit min-w-(--thread-content-width)\" data-start=\"6787\" data-end=\"7132\">\n<thead data-start=\"6787\" data-end=\"6818\">\n<tr data-start=\"6787\" data-end=\"6818\">\n<th data-start=\"6787\" data-end=\"6804\" data-col-size=\"sm\"><strong data-start=\"6789\" data-end=\"6803\">Einkenni<\/strong><\/th>\n<th data-start=\"6804\" data-end=\"6818\" data-col-size=\"sm\"><strong data-start=\"6806\" data-end=\"6816\">N\u00e1nar<\/strong><\/th>\n<\/tr>\n<\/thead>\n<tbody data-start=\"6853\" data-end=\"7132\">\n<tr data-start=\"6853\" data-end=\"6874\">\n<td data-start=\"6853\" data-end=\"6866\" data-col-size=\"sm\">R\u00fdmi<\/td>\n<td data-start=\"6866\" data-end=\"6874\" data-col-size=\"sm\">100 gr\u00f6mm<\/td>\n<\/tr>\n<tr data-start=\"6875\" data-end=\"6901\">\n<td data-start=\"6875\" data-end=\"6892\" data-col-size=\"sm\">N\u00e1kv\u00e6mni<\/td>\n<td data-start=\"6892\" data-end=\"6901\" data-col-size=\"sm\">0,01 g<\/td>\n<\/tr>\n<tr data-start=\"6902\" data-end=\"6946\">\n<td data-start=\"6902\" data-end=\"6912\" data-col-size=\"sm\">S\u00fdna<\/td>\n<td data-start=\"6912\" data-end=\"6946\" data-col-size=\"sm\">LCD me\u00f0 bakl\u00fdsingu<\/td>\n<\/tr>\n<tr data-start=\"6947\" data-end=\"6977\">\n<td data-start=\"6947\" data-end=\"6958\" data-col-size=\"sm\">Pallur<\/td>\n<td data-start=\"6958\" data-end=\"6977\" data-col-size=\"sm\">Ry\u00f0fr\u00edtt st\u00e1l<\/td>\n<\/tr>\n<tr data-start=\"6978\" data-end=\"7009\">\n<td data-start=\"6978\" data-end=\"6989\" data-col-size=\"sm\">Einingar<\/td>\n<td data-start=\"6989\" data-end=\"7009\" data-col-size=\"sm\">g \/ \u00fansa \/ ct \/ gn<\/td>\n<\/tr>\n<tr data-start=\"7010\" data-end=\"7042\">\n<td data-start=\"7010\" data-end=\"7020\" data-col-size=\"sm\">Aflgjafi<\/td>\n<td data-start=\"7020\" data-end=\"7042\" data-col-size=\"sm\">2 \u00d7 AAA rafhl\u00f6\u00f0ur<\/td>\n<\/tr>\n<tr data-start=\"7043\" data-end=\"7095\">\n<td data-start=\"7043\" data-end=\"7072\" data-col-size=\"sm\">Sj\u00e1lfvirk sl\u00f6kkvun<\/td>\n<td data-start=\"7072\" data-end=\"7095\" data-col-size=\"sm\">J\u00e1 (eftir 60 sek\u00fandur)<\/td>\n<\/tr>\n<tr data-start=\"7096\" data-end=\"7132\">\n<td data-start=\"7096\" data-end=\"7109\" data-col-size=\"sm\">St\u00e6r\u00f0ir<\/td>\n<td data-start=\"7109\" data-end=\"7132\" data-col-size=\"sm\">120 mm \u00d7 65 mm \u00d7 20 mm<\/td>\n<\/tr>\n<\/tbody>\n<\/table>\n<\/div>\n<\/div>\n<hr data-start=\"7134\" data-end=\"7137\" \/>\n<h3 data-start=\"7139\" data-end=\"7166\"><strong data-start=\"7143\" data-end=\"7166\">Algengar spurningar<\/strong><\/h3>\n<p data-start=\"7168\" data-end=\"7323\"><strong data-start=\"7168\" data-end=\"7225\">1. Til hvers er stafr\u00e6na CS vogin notu\u00f0?<\/strong><br data-start=\"7225\" data-end=\"7228\" \/>Kvar\u00f0inn er tilvalinn fyrir <strong data-start=\"7257\" data-end=\"7277\">n\u00e1kv\u00e6mnism\u00e6lingar<\/strong> \u00ed ranns\u00f3knarstofum, eldh\u00fasum og skartgripaverslunum.<\/p>\n<p data-start=\"7325\" data-end=\"7479\"><strong data-start=\"7325\" data-end=\"7364\">2. Hversu n\u00e1kv\u00e6m er vogin?<\/strong><br data-start=\"7364\" data-end=\"7367\" \/>Hinn <strong data-start=\"7370\" data-end=\"7396\">Stafr\u00e6n CS vog<\/strong> hefur <strong data-start=\"7407\" data-end=\"7435\">n\u00e1kv\u00e6mni 0,01 g<\/strong>, fullkomi\u00f0 fyrir sm\u00e1hluti e\u00f0a efni.<\/p>\n<p data-start=\"7481\" data-end=\"7644\"><strong data-start=\"7481\" data-end=\"7531\">3. Hvernig get \u00e9g keypt stafr\u00e6nu CS vogina?<\/strong><br data-start=\"7531\" data-end=\"7534\" \/>\u00de\u00fa getur au\u00f0veldlega <strong data-start=\"7554\" data-end=\"7586\">Kaupa stafr\u00e6na CS vog<\/strong> \u00ed gegnum vi\u00f0urkenndar netverslanir e\u00f0a birgja ranns\u00f3knarstofa.<\/p>\n<h1><strong>Stafr\u00e6n CS vog \u2013 100 g x 0,01 g<\/strong><\/h1>\n<h3><strong>V\u00f6rul\u00fdsing<\/strong><\/h3>\n<p class=\"ds-markdown-paragraph\">Hinn\u00a0<strong>Stafr\u00e6n CS vog (100 g x 0,01 g)<\/strong>\u00a0er\u00a0<strong>m\u00e6likvar\u00f0i me\u00f0 mikilli n\u00e1kv\u00e6mni<\/strong>\u00a0Hanna\u00f0 til notkunar \u00e1 ranns\u00f3knarstofum, \u00ed v\u00edsindum og \u00ed i\u00f0na\u00f0i. Me\u00f0\u00a0<strong>M\u00e6lisvi\u00f0 fr\u00e1 0,01 g til 100 g<\/strong>\u00a0og a\u00a0<strong>n\u00e1kv\u00e6mni \u00b10,01 g<\/strong>, \u00feessi m\u00e6likvar\u00f0i gefur \u00e1rei\u00f0anlegar ni\u00f0urst\u00f6\u00f0ur fyrir vi\u00f0kv\u00e6m forrit.<\/p>\n<p class=\"ds-markdown-paragraph\"><strong>Helstu eiginleikar:<\/strong><br \/>\n\u2714\u00a0<strong>H\u00e1g\u00e6\u00f0a skynjari<\/strong>\u00a0\u2013 N\u00e1kv\u00e6mt til\u00a0<strong>0,01 g<\/strong><br \/>\n\u2714\u00a0<strong>Sam\u00fejappa\u00f0 og flytjanlegt<\/strong>\u00a0\u2013 Tilvali\u00f0 fyrir ranns\u00f3knarstofu- og vettvangsvinnu<br \/>\n\u2714\u00a0<strong>Margar m\u00e6lieiningar<\/strong>\u00a0\u2013 Gram (g), milligr\u00f6mm (mg), \u00fansur (oz), troy \u00fansur (ozt)<br \/>\n\u2714\u00a0<strong>Sj\u00e1lfvirk kv\u00f6r\u00f0un og tara-virkni<\/strong>\u00a0\u2013 Au\u00f0velt \u00ed notkun<br \/>\n\u2714\u00a0<strong>Sterk h\u00f6nnun<\/strong>\u00a0\u2013 Inniheldur hl\u00edf\u00f0arhulstur og kv\u00f6r\u00f0unarl\u00f3\u00f0<\/p>\n<hr \/>\n<h2><strong>Ums\u00f3knir<\/strong><\/h2>\n<p class=\"ds-markdown-paragraph\">\u2705\u00a0<strong>Ranns\u00f3knarstofuranns\u00f3knir<\/strong>\u00a0\u2013 N\u00e1kv\u00e6m vigtun efna og dufts<br \/>\n\u2705\u00a0<strong>Skartgripavinna<\/strong>\u00a0- M\u00e6ling \u00e1 e\u00f0alm\u00e1lmum og gimsteinum<br \/>\n\u2705\u00a0<strong>Matv\u00e6lai\u00f0na\u00f0ur<\/strong>\u00a0\u2013 Skammtast\u00fdring og vigtun hr\u00e1efna<br \/>\n\u2705\u00a0<strong>Menntun og v\u00edsindi<\/strong>\u00a0\u2013 Tilraunir og ranns\u00f3knarverkefni<br \/>\n\u2705\u00a0<strong>CBD\/F\u00e6\u00f0ub\u00f3tarefni<\/strong>\u00a0- N\u00e1kv\u00e6m sk\u00f6mmtun virkra innihaldsefna<\/p>\n<hr \/>\n<h2><strong>\u00d3kostir og takmarkanir<\/strong><\/h2>\n<p class=\"ds-markdown-paragraph\">\u26a0\u00a0<strong>Vi\u00f0kv\u00e6m fyrir titringi<\/strong>\u00a0- \u00dearfnast st\u00f6\u00f0ugs undirlags<br \/>\n\u26a0\u00a0<strong>Ekki hentugur fyrir v\u00f6kva<\/strong>\u00a0\u2013 A\u00f0eins fyrir \u00feurr efni<br \/>\n\u26a0\u00a0<strong>H\u00e1marksr\u00famm\u00e1l 100 g<\/strong>\u00a0- Ekki hentugt fyrir \u00feyngri hluti<br \/>\n\u26a0\u00a0<strong>Rafhla\u00f0a h\u00e1\u00f0<\/strong>\u00a0\u2013 Rafhl\u00f6\u00f0ur fylgja me\u00f0, en ekki er h\u00e6gt a\u00f0 endurhla\u00f0a \u00fe\u00e6r<\/p>\n<hr \/>\n<h2><strong>Lei\u00f0beiningar um notkun<\/strong><\/h2>\n<ol start=\"1\">\n<li>\n<p class=\"ds-markdown-paragraph\"><strong>Setji\u00f0 vogina \u00e1 sl\u00e9tt, titringslaust yfirbor\u00f0.<\/strong><\/p>\n<\/li>\n<li>\n<p class=\"ds-markdown-paragraph\"><strong>\u00ddttu \u00e1 rofann<\/strong>\u00a0og b\u00ed\u00f0i\u00f0 \u00fear til \u201e0.00\u201c birtist.<\/p>\n<\/li>\n<li>\n<p class=\"ds-markdown-paragraph\"><strong>Setji\u00f0 efni\u00f0 sem \u00e1 a\u00f0 vigta<\/strong>\u00a0\u00ed mi\u00f0jum pallinum.<\/p>\n<\/li>\n<li>\n<p class=\"ds-markdown-paragraph\"><strong>Nota\u00f0u tara-virknina<\/strong>\u00a0til a\u00f0 hlutleysa \u00feyngd t\u00f3ms \u00edl\u00e1ts.<\/p>\n<\/li>\n<li>\n<p class=\"ds-markdown-paragraph\"><strong>Athugi\u00f0 m\u00e6linguna<\/strong>\u00a0og sl\u00f6kkva \u00e1 eftir notkun.<\/p>\n<\/li>\n<\/ol>\n<hr \/>\n<h2><strong>Algengar spurningar (FAQ)<\/strong><\/h2>\n<h3><strong>Sp.: Hvernig stilli \u00e9g vogina?<\/strong><\/h3>\n<p class=\"ds-markdown-paragraph\">A: Noti\u00f0 me\u00f0fylgjandi\u00a0<strong>100 g kv\u00f6r\u00f0unar\u00feyngd<\/strong>\u00a0og \u00fdttu \u00e1 kv\u00f6r\u00f0unarhnappinn.<\/p>\n<h3><strong>Sp.: Get \u00e9g nota\u00f0 vogina fyrir v\u00f6kva?<\/strong><\/h3>\n<p class=\"ds-markdown-paragraph\">A:\u00a0<strong>Nei<\/strong>A\u00f0eins fyrir \u00feurr efni. V\u00f6kvar geta skemmt skynjarann.<\/p>\n<h3><strong>Sp.: Hver er n\u00e1kv\u00e6mnin vi\u00f0 l\u00e1ga \u00feyngd?<\/strong><\/h3>\n<p class=\"ds-markdown-paragraph\">A:\u00a0<strong>\u00b10,01 g<\/strong>\u00a0fyrir \u00feyngdir \u00e1 milli 0,01 g og 10 g,\u00a0<strong>\u00b10,02 g<\/strong>\u00a0yfir 10g.<\/p>\n<h3><strong>Sp.: Hversu lengi endast rafhl\u00f6\u00f0urnar?<\/strong><\/h3>\n<p class=\"ds-markdown-paragraph\">A:\u00a0<strong>\u00b150 klukkustundir<\/strong>\u00a0Vi\u00f0 venjulega notkun. Slekkur sj\u00e1lfkrafa \u00e1 s\u00e9r eftir 2 m\u00edn\u00fatna \u00f3virkni.<\/p>\n<h3><strong>Sp.: Hentar vogin fyrir gull og silfur?<\/strong><\/h3>\n<p class=\"ds-markdown-paragraph\">A:\u00a0<strong>J\u00e1<\/strong>, fullkomi\u00f0 fyrir skartgripasalar vegna \u00feess a\u00f0\u00a0<strong>Troy \u00fansa (ozt) virkni<\/strong>.<\/p>\n<hr \/>\n<h2><strong>R\u00e1\u00f0lag\u00f0ar notkunartilvik<\/strong><\/h2>\n<p class=\"ds-markdown-paragraph\">\ud83d\udd2c\u00a0<strong>Efnafr\u00e6\u00f0ileg ranns\u00f3knarstofa<\/strong>\u00a0\u2013 N\u00e1kv\u00e6m vigtun hvarfefna<br \/>\n\ud83d\udc8a\u00a0<strong>Lyfjafr\u00e6\u00f0ilegar ranns\u00f3knir<\/strong>\u00a0\u2013 Skammtar virkra innihaldsefna<br \/>\n\u2696\u00a0<strong>Vi\u00f0skipti me\u00f0 e\u00f0alm\u00e1lma<\/strong>\u00a0\u2013 Gull-, silfur- og plat\u00ednuvegir<br \/>\n\ud83e\uddea\u00a0<strong>\u00c1hugam\u00e1l og DIY<\/strong>\u00a0\u2013 N\u00e1kv\u00e6mar m\u00e6lingar fyrir verkefni<\/p>\n<hr \/>\n<h2><strong>T\u00e6knilegar uppl\u00fdsingar<\/strong><\/h2>\n<ul>\n<li>\n<p class=\"ds-markdown-paragraph\"><strong>Efni:<\/strong>\u00a0Pallur \u00far ry\u00f0fr\u00edu st\u00e1li + ABS-h\u00fas<\/p>\n<\/li>\n<li>\n<p class=\"ds-markdown-paragraph\"><strong>St\u00e6r\u00f0:<\/strong>\u00a0120 mm x 70 mm x 20 mm<\/p>\n<\/li>\n<li>\n<p class=\"ds-markdown-paragraph\"><strong>Aflgjafi:<\/strong>\u00a02x AAA rafhl\u00f6\u00f0ur (innifalin)<\/p>\n<\/li>\n<li>\n<p class=\"ds-markdown-paragraph\"><strong>\u00deyngd:<\/strong>\u00a0150 g<\/p>\n<\/li>\n<\/ul>\n<hr \/>\n<h3><strong>Vi\u00f0varanir<\/strong><\/h3>\n<ul>\n<li>\n<p class=\"ds-markdown-paragraph\"><strong>Ekki vatnsheldur<\/strong>\u00a0\u2013 For\u00f0ist raka og ryk<\/p>\n<\/li>\n<li>\n<p class=\"ds-markdown-paragraph\"><strong>Ekki hentugt fyrir i\u00f0na\u00f0arvigtun \u00ed magni<\/strong><\/p>\n<\/li>\n<li>\n<p class=\"ds-markdown-paragraph\"><strong>Geymi\u00f0 \u00fear sem b\u00f6rn n\u00e1 ekki til. <a href=\"https:\/\/onderzoekschemicals.com\/is\/shop\/top-10-research-chemicals\/iboga-seeds\/\">iboga fr\u00e6<\/a><a href=\"https:\/\/onderzoekschemicals.com\/is\/shop\/top-10-research-chemicals\/caluanie-muelear-oxidize\/\">Caluanie muelear oxun<\/a><a href=\"https:\/\/onderzoekschemicals.com\/is\/shop\/weegschalen\/digitale-tank-mini-weegschaal\/\">Stafr\u00e6n tankvog<\/a><a href=\"https:\/\/onderzoekschemicals.com\/is\/shop\/weegschalen\/digitale-bio-mini-weegschaal\/\">Stafr\u00e6n l\u00edffr\u00e6\u00f0ileg sm\u00e1vog<\/a><a href=\"https:\/\/onderzoekschemicals.com\/is\/shop\/top-10-research-chemicals\/3-cmc-hcl\/\">3 cm\u00b3<\/a><\/strong><\/p>\n<\/li>\n<\/ul>","protected":false},"excerpt":{"rendered":"<p><strong>Uppl\u00fdsingar:<\/strong><\/p>\n<ul>\n<li>Stafr\u00e6nt<\/li>\n<li>Vegur fr\u00e1 0,01 g<\/li>\n<li>Vegur a\u00f0 h\u00e1marki 100 g<\/li>\n<li>Virkar me\u00f0: 2x AAA rafhl\u00f6\u00f0um<\/li>\n<li>LCD skj\u00e1r<\/li>\n<li>Litur: svartur<\/li>\n<\/ul>","protected":false},"featured_media":24678,"comment_status":"closed","ping_status":"closed","template":"","meta":[],"product_brand":[],"product_cat":[451],"product_tag":[452,764,767,765,766,768],"class_list":{"0":"post-24654","1":"product","2":"type-product","3":"status-publish","4":"has-post-thumbnail","6":"product_cat-weegschalen","7":"product_tag-de","8":"product_tag-digitale-cs-weegschaal","9":"product_tag-digitale-microweegschaal","10":"product_tag-milligramweegschaal","11":"product_tag-precise-weegschaal-0-001g","12":"product_tag-weegschaal-voor-research-chemicals","14":"first","15":"instock","16":"taxable","17":"shipping-taxable","18":"purchasable","19":"product-type-simple"},"_links":{"self":[{"href":"https:\/\/onderzoekschemicals.com\/is\/wp-json\/wp\/v2\/product\/24654","targetHints":{"allow":["GET"]}}],"collection":[{"href":"https:\/\/onderzoekschemicals.com\/is\/wp-json\/wp\/v2\/product"}],"about":[{"href":"https:\/\/onderzoekschemicals.com\/is\/wp-json\/wp\/v2\/types\/product"}],"replies":[{"embeddable":true,"href":"https:\/\/onderzoekschemicals.com\/is\/wp-json\/wp\/v2\/comments?post=24654"}],"version-history":[{"count":7,"href":"https:\/\/onderzoekschemicals.com\/is\/wp-json\/wp\/v2\/product\/24654\/revisions"}],"predecessor-version":[{"id":27752,"href":"https:\/\/onderzoekschemicals.com\/is\/wp-json\/wp\/v2\/product\/24654\/revisions\/27752"}],"wp:featuredmedia":[{"embeddable":true,"href":"https:\/\/onderzoekschemicals.com\/is\/wp-json\/wp\/v2\/media\/24678"}],"wp:attachment":[{"href":"https:\/\/onderzoekschemicals.com\/is\/wp-json\/wp\/v2\/media?parent=24654"}],"wp:term":[{"taxonomy":"product_brand","embeddable":true,"href":"https:\/\/onderzoekschemicals.com\/is\/wp-json\/wp\/v2\/product_brand?post=24654"},{"taxonomy":"product_cat","embeddable":true,"href":"https:\/\/onderzoekschemicals.com\/is\/wp-json\/wp\/v2\/product_cat?post=24654"},{"taxonomy":"product_tag","embeddable":true,"href":"https:\/\/onderzoekschemicals.com\/is\/wp-json\/wp\/v2\/product_tag?post=24654"}],"curies":[{"name":"wp","href":"https:\/\/api.w.org\/{rel}","templated":true}]}}