{"id":24605,"date":"2025-10-20T17:42:16","date_gmt":"2025-10-20T17:42:16","guid":{"rendered":"https:\/\/onderzoekschemicals.com\/?post_type=product&#038;p=24605"},"modified":"2025-11-28T04:34:29","modified_gmt":"2025-11-28T04:34:29","slug":"5-meo-dalt-hcl","status":"publish","type":"product","link":"https:\/\/onderzoekschemicals.com\/is\/shop\/5-meo-dalt\/5-meo-dalt-hcl\/","title":{"rendered":"5-MeO-DALT HCl"},"content":{"rendered":"<h3 data-start=\"3841\" data-end=\"3862\"><strong data-start=\"3845\" data-end=\"3860\"><span dir=\"auto\" style=\"vertical-align: inherit;\"><span dir=\"auto\" style=\"vertical-align: inherit;\">Inngangur<\/span><\/span><\/strong><\/h3>\n<p data-start=\"3863\" data-end=\"4177\"><strong data-start=\"3863\" data-end=\"3929\"><span dir=\"auto\" style=\"vertical-align: inherit;\"><span dir=\"auto\" style=\"vertical-align: inherit;\">5-MeO-DALT HCl (5-Metox\u00fd-N,N-d\u00edall\u00fdltryptam\u00ednh\u00fddr\u00f3kl\u00f3r\u00ed\u00f0)<\/span><\/span><\/strong><span dir=\"auto\" style=\"vertical-align: inherit;\"><span dir=\"auto\" style=\"vertical-align: inherit;\"> er <\/span><\/span><strong data-start=\"3937\" data-end=\"3974\"><span dir=\"auto\" style=\"vertical-align: inherit;\"><span dir=\"auto\" style=\"vertical-align: inherit;\">tilb\u00fai\u00f0 tryptam\u00edn efnasamband<\/span><\/span><\/strong><span dir=\"auto\" style=\"vertical-align: inherit;\"><span dir=\"auto\" style=\"vertical-align: inherit;\"> Byggingarlega skyld DMT og 5-MeO-DMT. \u00dea\u00f0 tilheyrir fj\u00f6lskyldu sta\u00f0gengdra tryptam\u00edna og er \u00feekkt fyrir samskipti s\u00edn vi\u00f0 ser\u00f3t\u00f3n\u00ednvi\u00f0taka, s\u00e9rstaklega <\/span><\/span><strong data-start=\"4154\" data-end=\"4174\"><span dir=\"auto\" style=\"vertical-align: inherit;\"><span dir=\"auto\" style=\"vertical-align: inherit;\">5-HT2A og 5-HT1A<\/span><\/span><\/strong><span dir=\"auto\" style=\"vertical-align: inherit;\"><span dir=\"auto\" style=\"vertical-align: inherit;\"> . 5 m\u00edkr\u00f3gr\u00f6mm af dalt h\u00fddr\u00f3kl\u00f3r\u00ed\u00f0i<\/span><\/span><\/p>\n<p data-start=\"4179\" data-end=\"4510\"><span dir=\"auto\" style=\"vertical-align: inherit;\"><span dir=\"auto\" style=\"vertical-align: inherit;\">\u00cd <\/span><\/span><strong data-start=\"4182\" data-end=\"4226\"><span dir=\"auto\" style=\"vertical-align: inherit;\"><span dir=\"auto\" style=\"vertical-align: inherit;\">v\u00edsindalegar og greiningarranns\u00f3knir,<\/span><\/span><\/strong><span dir=\"auto\" style=\"vertical-align: inherit;\"><span dir=\"auto\" style=\"vertical-align: inherit;\"> 5-MeO-DALT HCl er meti\u00f0 sem <\/span><\/span><strong data-start=\"4264\" data-end=\"4282\"><span dir=\"auto\" style=\"vertical-align: inherit;\"><span dir=\"auto\" style=\"vertical-align: inherit;\">vi\u00f0mi\u00f0unarefni<\/span><\/span><\/strong><span dir=\"auto\" style=\"vertical-align: inherit;\"><span dir=\"auto\" style=\"vertical-align: inherit;\"> fyrir byggingar- og lyfjafr\u00e6\u00f0ilegar ranns\u00f3knir, \u00fear \u00e1 me\u00f0al vi\u00f0takabindingu og efnaskipti. \u00deessi vara er af <\/span><\/span><strong data-start=\"4389\" data-end=\"4408\"><span dir=\"auto\" style=\"vertical-align: inherit;\"><span dir=\"auto\" style=\"vertical-align: inherit;\">mikil hreinleiki<\/span><\/span><\/strong><span dir=\"auto\" style=\"vertical-align: inherit;\"><span dir=\"auto\" style=\"vertical-align: inherit;\"> og \u00e6tla\u00f0 fyrir <\/span><\/span><strong data-start=\"4437\" data-end=\"4460\"><span dir=\"auto\" style=\"vertical-align: inherit;\"><span dir=\"auto\" style=\"vertical-align: inherit;\">notkun \u00e1 ranns\u00f3knarstofu<\/span><\/span><\/strong><span dir=\"auto\" style=\"vertical-align: inherit;\"><span dir=\"auto\" style=\"vertical-align: inherit;\"> eing\u00f6ngu \u2014 ekki til manneldis e\u00f0a d\u00fdraneyslu.<\/span><\/span><\/p>\n<hr data-start=\"4512\" data-end=\"4515\" \/>\n<h3 data-start=\"4517\" data-end=\"4548\"><strong data-start=\"4521\" data-end=\"4548\"><span dir=\"auto\" style=\"vertical-align: inherit;\"><span dir=\"auto\" style=\"vertical-align: inherit;\">Lykilatri\u00f0i<\/span><\/span><\/strong><\/h3>\n<ul data-start=\"4550\" data-end=\"4937\">\n<li data-start=\"4550\" data-end=\"4619\">\n<p data-start=\"4552\" data-end=\"4619\"><strong data-start=\"4552\" data-end=\"4571\"><span dir=\"auto\" style=\"vertical-align: inherit;\"><span dir=\"auto\" style=\"vertical-align: inherit;\">Efnaheiti:<\/span><\/span><\/strong><span dir=\"auto\" style=\"vertical-align: inherit;\"><span dir=\"auto\" style=\"vertical-align: inherit;\"> 5-Metox\u00fd-N,N-d\u00edall\u00fdltryptam\u00ednh\u00fddr\u00f3kl\u00f3r\u00ed\u00f0<\/span><\/span><\/p>\n<\/li>\n<li data-start=\"4620\" data-end=\"4658\">\n<p data-start=\"4622\" data-end=\"4658\"><strong data-start=\"4622\" data-end=\"4642\"><span dir=\"auto\" style=\"vertical-align: inherit;\"><span dir=\"auto\" style=\"vertical-align: inherit;\">Sameindaform\u00fala:<\/span><\/span><\/strong><span dir=\"auto\" style=\"vertical-align: inherit;\"><span dir=\"auto\" style=\"vertical-align: inherit;\"> C\u2081\u2086H\u2082\u2081N\u2082O\u00b7HCl<\/span><\/span><\/p>\n<\/li>\n<li data-start=\"4659\" data-end=\"4696\">\n<p data-start=\"4661\" data-end=\"4696\"><strong data-start=\"4661\" data-end=\"4681\"><span dir=\"auto\" style=\"vertical-align: inherit;\"><span dir=\"auto\" style=\"vertical-align: inherit;\">M\u00f3l\u00feungi:<\/span><\/span><\/strong><span dir=\"auto\" style=\"vertical-align: inherit;\"><span dir=\"auto\" style=\"vertical-align: inherit;\"> 292,81 g\/m\u00f3l<\/span><\/span><\/p>\n<\/li>\n<li data-start=\"4697\" data-end=\"4789\">\n<p data-start=\"4699\" data-end=\"4789\"><strong data-start=\"4699\" data-end=\"4708\"><span dir=\"auto\" style=\"vertical-align: inherit;\"><span dir=\"auto\" style=\"vertical-align: inherit;\">Ey\u00f0ubla\u00f0:<\/span><\/span><\/strong><span dir=\"auto\" style=\"vertical-align: inherit;\"><span dir=\"auto\" style=\"vertical-align: inherit;\"> Kristalla\u00f0 h\u00fddr\u00f3kl\u00f3r\u00ed\u00f0salt (st\u00f6\u00f0ugt, au\u00f0leysanlegt \u00ed etan\u00f3li e\u00f0a metan\u00f3li)<\/span><\/span><\/p>\n<\/li>\n<li data-start=\"4790\" data-end=\"4843\">\n<p data-start=\"4792\" data-end=\"4843\"><strong data-start=\"4792\" data-end=\"4807\"><span dir=\"auto\" style=\"vertical-align: inherit;\"><span dir=\"auto\" style=\"vertical-align: inherit;\">Hreinleiki:<\/span><\/span><\/strong><span dir=\"auto\" style=\"vertical-align: inherit;\"><span dir=\"auto\" style=\"vertical-align: inherit;\"> \u2265 98% (sta\u00f0fest me\u00f0 HPLC og NMR)<\/span><\/span><\/p>\n<\/li>\n<li data-start=\"4844\" data-end=\"4875\">\n<p data-start=\"4846\" data-end=\"4875\"><strong data-start=\"4846\" data-end=\"4861\"><span dir=\"auto\" style=\"vertical-align: inherit;\"><span dir=\"auto\" style=\"vertical-align: inherit;\">CAS-n\u00famer:<\/span><\/span><\/strong><span dir=\"auto\" style=\"vertical-align: inherit;\"><span dir=\"auto\" style=\"vertical-align: inherit;\"> 928822-98-4<\/span><\/span><\/p>\n<\/li>\n<li data-start=\"4876\" data-end=\"4937\">\n<p data-start=\"4878\" data-end=\"4937\"><strong data-start=\"4878\" data-end=\"4890\"><span dir=\"auto\" style=\"vertical-align: inherit;\"><span dir=\"auto\" style=\"vertical-align: inherit;\">Notkun:<\/span><\/span><\/strong><span dir=\"auto\" style=\"vertical-align: inherit;\"><span dir=\"auto\" style=\"vertical-align: inherit;\"> A\u00f0eins til greiningar- og efnafr\u00e6\u00f0ilegra ranns\u00f3kna, 5 meo dalt hcl<\/span><\/span><\/p>\n<\/li>\n<\/ul>\n<hr data-start=\"4939\" data-end=\"4942\" \/>\n<h3 data-start=\"4944\" data-end=\"4961\"><strong data-start=\"4948\" data-end=\"4961\"><span dir=\"auto\" style=\"vertical-align: inherit;\"><span dir=\"auto\" style=\"vertical-align: inherit;\">Kostir<\/span><\/span><\/strong><\/h3>\n<ul data-start=\"4963\" data-end=\"5439\">\n<li data-start=\"4963\" data-end=\"5045\">\n<p data-start=\"4965\" data-end=\"5045\"><strong data-start=\"4965\" data-end=\"4993\"><span dir=\"auto\" style=\"vertical-align: inherit;\"><span dir=\"auto\" style=\"vertical-align: inherit;\">H\u00e1tt greiningargildi:<\/span><\/span><\/strong><span dir=\"auto\" style=\"vertical-align: inherit;\"><span dir=\"auto\" style=\"vertical-align: inherit;\"> Hentar vel til ranns\u00f3kna \u00e1 taugaefnafr\u00e6\u00f0i og vi\u00f0t\u00f6kum.<\/span><\/span><\/p>\n<\/li>\n<li data-start=\"5046\" data-end=\"5150\">\n<p data-start=\"5048\" data-end=\"5150\"><strong data-start=\"5048\" data-end=\"5077\"><span dir=\"auto\" style=\"vertical-align: inherit;\"><span dir=\"auto\" style=\"vertical-align: inherit;\">Byggingarsamanbur\u00f0ur:<\/span><\/span><\/strong><span dir=\"auto\" style=\"vertical-align: inherit;\"><span dir=\"auto\" style=\"vertical-align: inherit;\"> Gagnlegt til a\u00f0 bera saman tryptam\u00edn eins og 5-MeO-DMT, DALT og MiPT.<\/span><\/span><\/p>\n<\/li>\n<li data-start=\"5151\" data-end=\"5237\">\n<p data-start=\"5153\" data-end=\"5237\"><strong data-start=\"5153\" data-end=\"5171\"><span dir=\"auto\" style=\"vertical-align: inherit;\"><span dir=\"auto\" style=\"vertical-align: inherit;\">St\u00f6\u00f0ugt form:<\/span><\/span><\/strong><span dir=\"auto\" style=\"vertical-align: inherit;\"><span dir=\"auto\" style=\"vertical-align: inherit;\"> H\u00fddr\u00f3kl\u00f3r\u00ed\u00f0formi\u00f0 b\u00fd\u00f0ur upp \u00e1 betri st\u00f6\u00f0ugleika og me\u00f0h\u00f6ndlun.<\/span><\/span><\/p>\n<\/li>\n<li data-start=\"5238\" data-end=\"5334\">\n<p data-start=\"5240\" data-end=\"5334\"><strong data-start=\"5240\" data-end=\"5266\"><span dir=\"auto\" style=\"vertical-align: inherit;\"><span dir=\"auto\" style=\"vertical-align: inherit;\">Samr\u00e6md g\u00e6\u00f0i:<\/span><\/span><\/strong><span dir=\"auto\" style=\"vertical-align: inherit;\"><span dir=\"auto\" style=\"vertical-align: inherit;\"> Framleitt samkv\u00e6mt ranns\u00f3knarst\u00f6\u00f0lum, COA f\u00e1anlegt ef \u00f3ska\u00f0 er.<\/span><\/span><\/p>\n<\/li>\n<li data-start=\"5335\" data-end=\"5439\">\n<p data-start=\"5337\" data-end=\"5439\"><strong data-start=\"5337\" data-end=\"5360\"><span dir=\"auto\" style=\"vertical-align: inherit;\"><span dir=\"auto\" style=\"vertical-align: inherit;\">Fj\u00f6lh\u00e6f notkun:<\/span><\/span><\/strong><span dir=\"auto\" style=\"vertical-align: inherit;\"><span dir=\"auto\" style=\"vertical-align: inherit;\"> Nota\u00f0 \u00ed litskiljunar-, litr\u00f3fs- og lyfjafr\u00e6\u00f0ilegum ranns\u00f3knum.<\/span><\/span><\/p>\n<\/li>\n<\/ul>\n<hr data-start=\"5441\" data-end=\"5444\" \/>\n<h3 data-start=\"5446\" data-end=\"5498\"><strong data-start=\"5450\" data-end=\"5496\"><span dir=\"auto\" style=\"vertical-align: inherit;\"><span dir=\"auto\" style=\"vertical-align: inherit;\">Notkun (eing\u00f6ngu \u00ed ranns\u00f3knarskyni)<\/span><\/span><\/strong><\/h3>\n<blockquote data-start=\"5500\" data-end=\"5662\">\n<p data-start=\"5502\" data-end=\"5662\">\u26a0\ufe0f <strong data-start=\"5505\" data-end=\"5516\"><span dir=\"auto\" style=\"vertical-align: inherit;\"><span dir=\"auto\" style=\"vertical-align: inherit;\">Vinsamlegast athugi\u00f0:<\/span><\/span><\/strong><span dir=\"auto\" style=\"vertical-align: inherit;\"><span dir=\"auto\" style=\"vertical-align: inherit;\"> 5-MeO-DALT HCl er fyrir <\/span><\/span><strong data-start=\"5560\" data-end=\"5601\"><span dir=\"auto\" style=\"vertical-align: inherit;\"><span dir=\"auto\" style=\"vertical-align: inherit;\">ranns\u00f3knarstofu- og greiningarnotkun<\/span><\/span><\/strong><span dir=\"auto\" style=\"vertical-align: inherit;\"><span dir=\"auto\" style=\"vertical-align: inherit;\"> a\u00f0eins og <\/span><\/span><strong data-start=\"5605\" data-end=\"5661\"><span dir=\"auto\" style=\"vertical-align: inherit;\"><span dir=\"auto\" style=\"vertical-align: inherit;\">er ekki \u00e6tla\u00f0 til manneldis e\u00f0a d\u00fdraneyslu<\/span><\/span><\/strong><span dir=\"auto\" style=\"vertical-align: inherit;\"><span dir=\"auto\" style=\"vertical-align: inherit;\"> .<\/span><\/span><\/p>\n<\/blockquote>\n<ol data-start=\"5664\" data-end=\"6098\">\n<li data-start=\"5664\" data-end=\"5773\">\n<p data-start=\"5667\" data-end=\"5773\"><strong data-start=\"5667\" data-end=\"5681\"><span dir=\"auto\" style=\"vertical-align: inherit;\"><span dir=\"auto\" style=\"vertical-align: inherit;\">Me\u00f0h\u00f6ndlun \u2013<\/span><\/span><\/strong><span dir=\"auto\" style=\"vertical-align: inherit;\"><span dir=\"auto\" style=\"vertical-align: inherit;\"> Noti\u00f0 hanska, \u00f6ryggisgleraugu og hl\u00edf\u00f0arfatna\u00f0. Vinni\u00f0 undir reykh\u00fafu.<\/span><\/span><\/p>\n<\/li>\n<li data-start=\"5774\" data-end=\"5849\">\n<p data-start=\"5777\" data-end=\"5849\"><strong data-start=\"5777\" data-end=\"5789\"><span dir=\"auto\" style=\"vertical-align: inherit;\"><span dir=\"auto\" style=\"vertical-align: inherit;\">M\u00e6lingar<\/span><\/span><\/strong><span dir=\"auto\" style=\"vertical-align: inherit;\"><span dir=\"auto\" style=\"vertical-align: inherit;\"> \u2013 Noti\u00f0 greiningarvogir til a\u00f0 f\u00e1 n\u00e1kv\u00e6ma sk\u00f6mmtun.<\/span><\/span><\/p>\n<\/li>\n<li data-start=\"5850\" data-end=\"5928\">\n<p data-start=\"5853\" data-end=\"5928\"><strong data-start=\"5853\" data-end=\"5863\"><span dir=\"auto\" style=\"vertical-align: inherit;\"><span dir=\"auto\" style=\"vertical-align: inherit;\">Geymsla<\/span><\/span><\/strong><span dir=\"auto\" style=\"vertical-align: inherit;\"><span dir=\"auto\" style=\"vertical-align: inherit;\"> \u2013 Geymi\u00f0 loka\u00f0 \u00e1 \u00feurrum, dimmum sta\u00f0; helst vi\u00f0 2\u20138\u00b0C.<\/span><\/span><\/p>\n<\/li>\n<li data-start=\"5929\" data-end=\"6002\">\n<p data-start=\"5932\" data-end=\"6002\"><strong data-start=\"5932\" data-end=\"5943\"><span dir=\"auto\" style=\"vertical-align: inherit;\"><span dir=\"auto\" style=\"vertical-align: inherit;\">Greining<\/span><\/span><\/strong><span dir=\"auto\" style=\"vertical-align: inherit;\"><span dir=\"auto\" style=\"vertical-align: inherit;\"> \u2013 Hentar fyrir HPLC, GC\/MS, LC-MS, FTIR og NMR greiningu.<\/span><\/span><\/p>\n<\/li>\n<li data-start=\"6003\" data-end=\"6098\">\n<p data-start=\"6006\" data-end=\"6098\"><strong data-start=\"6006\" data-end=\"6022\"><span dir=\"auto\" style=\"vertical-align: inherit;\"><span dir=\"auto\" style=\"vertical-align: inherit;\">Skj\u00f6lun<\/span><\/span><\/strong><span dir=\"auto\" style=\"vertical-align: inherit;\"><span dir=\"auto\" style=\"vertical-align: inherit;\"> \u2013 Skr\u00e1i\u00f0 lotun\u00famer, hreinleika og ni\u00f0urst\u00f6\u00f0ur pr\u00f3funar til a\u00f0 tryggja rekjanleika.<\/span><\/span><\/p>\n<\/li>\n<\/ol>\n<hr data-start=\"6100\" data-end=\"6103\" \/>\n<h3 data-start=\"6105\" data-end=\"6140\"><strong data-start=\"6109\" data-end=\"6138\"><span dir=\"auto\" style=\"vertical-align: inherit;\"><span dir=\"auto\" style=\"vertical-align: inherit;\">Algengar spurningar (FAQ)<\/span><\/span><\/strong><\/h3>\n<p data-start=\"6142\" data-end=\"6342\"><strong data-start=\"6142\" data-end=\"6171\"><span dir=\"auto\" style=\"vertical-align: inherit;\"><span dir=\"auto\" style=\"vertical-align: inherit;\">1. Hva\u00f0 er 5-MeO-DALT HCl?<\/span><\/span><\/strong><br data-start=\"6171\" data-end=\"6174\" \/><span dir=\"auto\" style=\"vertical-align: inherit;\"><span dir=\"auto\" style=\"vertical-align: inherit;\"> 5-MeO-DALT HCl er tilb\u00fai\u00f0 <\/span><\/span><strong data-start=\"6208\" data-end=\"6231\"><span dir=\"auto\" style=\"vertical-align: inherit;\"><span dir=\"auto\" style=\"vertical-align: inherit;\">tryptam\u00edn aflei\u00f0a<\/span><\/span><\/strong><span dir=\"auto\" style=\"vertical-align: inherit;\"><span dir=\"auto\" style=\"vertical-align: inherit;\"> nota\u00f0 \u00ed greiningar- og efnafr\u00e6\u00f0ilegum ranns\u00f3knum \u00e1 ser\u00f3t\u00f3n\u00ednvi\u00f0t\u00f6kum og byggingarvirkni.<\/span><\/span><\/p>\n<p data-start=\"6344\" data-end=\"6561\"><strong data-start=\"6344\" data-end=\"6403\"><span dir=\"auto\" style=\"vertical-align: inherit;\"><span dir=\"auto\" style=\"vertical-align: inherit;\">2. Til hvers er 5-MeO-DALT HCl nota\u00f0 \u00ed ranns\u00f3knum?<\/span><\/span><\/strong><br data-start=\"6403\" data-end=\"6406\" \/><span dir=\"auto\" style=\"vertical-align: inherit;\"><span dir=\"auto\" style=\"vertical-align: inherit;\"> \u00dea\u00f0 er nota\u00f0 \u00ed ranns\u00f3knum \u00e1 <\/span><\/span><strong data-start=\"6443\" data-end=\"6462\"><span dir=\"auto\" style=\"vertical-align: inherit;\"><span dir=\"auto\" style=\"vertical-align: inherit;\">vi\u00f0takabinding<\/span><\/span><\/strong><span dir=\"auto\" style=\"vertical-align: inherit;\"><span dir=\"auto\" style=\"vertical-align: inherit;\"> , <\/span><\/span><strong data-start=\"6464\" data-end=\"6483\"><span dir=\"auto\" style=\"vertical-align: inherit;\"><span dir=\"auto\" style=\"vertical-align: inherit;\">efnaskiptaferlar<\/span><\/span><\/strong><span dir=\"auto\" style=\"vertical-align: inherit;\"><span dir=\"auto\" style=\"vertical-align: inherit;\"> , og eins og <\/span><\/span><strong data-start=\"6492\" data-end=\"6510\"><span dir=\"auto\" style=\"vertical-align: inherit;\"><span dir=\"auto\" style=\"vertical-align: inherit;\">vi\u00f0mi\u00f0unarefni<\/span><\/span><\/strong><span dir=\"auto\" style=\"vertical-align: inherit;\"><span dir=\"auto\" style=\"vertical-align: inherit;\"> \u00ed greiningareiturfr\u00e6\u00f0i og taugalyfjafr\u00e6\u00f0i.<\/span><\/span><\/p>\n<p data-start=\"6563\" data-end=\"6850\"><strong data-start=\"6563\" data-end=\"6611\"><span dir=\"auto\" style=\"vertical-align: inherit;\"><span dir=\"auto\" style=\"vertical-align: inherit;\">3. Er l\u00f6glegt a\u00f0 kaupa 5-MeO-DALT HCl?<\/span><\/span><\/strong><br data-start=\"6611\" data-end=\"6614\" \/><span dir=\"auto\" style=\"vertical-align: inherit;\"><span dir=\"auto\" style=\"vertical-align: inherit;\"> Hinn <\/span><\/span><strong data-start=\"6617\" data-end=\"6650\"><span dir=\"auto\" style=\"vertical-align: inherit;\"><span dir=\"auto\" style=\"vertical-align: inherit;\">L\u00f6gm\u00e6ti 5-MeO-DALT HCl<\/span><\/span><\/strong><span dir=\"auto\" style=\"vertical-align: inherit;\"><span dir=\"auto\" style=\"vertical-align: inherit;\"> er mismunandi eftir l\u00f6ndum. \u00cd sumum l\u00f6ndum er \u00fea\u00f0 leyfilegt sem ranns\u00f3knarefni en \u00ed \u00f6\u00f0rum er \u00fea\u00f0 tali\u00f0 vera eftirlitsefni. Athugi\u00f0 alltaf gildandi reglur \u00e1\u00f0ur en \u00fei\u00f0 noti\u00f0 \u00fea\u00f0. <\/span><\/span><strong data-start=\"6823\" data-end=\"6847\"><span dir=\"auto\" style=\"vertical-align: inherit;\"><span dir=\"auto\" style=\"vertical-align: inherit;\">kaup \u00e1 5-MeO-DALT HCl<\/span><\/span><\/strong><span dir=\"auto\" style=\"vertical-align: inherit;\"><span dir=\"auto\" style=\"vertical-align: inherit;\"> . <\/span><\/span><a href=\"https:\/\/onderzoekschemicals.com\/is\/shop\/okategoriserad\/4mmc-kopen\/\"><span dir=\"auto\" style=\"vertical-align: inherit;\"><span dir=\"auto\" style=\"vertical-align: inherit;\">Kauptu 4mmc, keyptu <\/span><\/span><\/a><a href=\"https:\/\/onderzoekschemicals.com\/is\/shop\/okategoriserad\/benzocaine-powder\/\"><span dir=\"auto\" style=\"vertical-align: inherit;\"><span dir=\"auto\" style=\"vertical-align: inherit;\">bens\u00f3kain duft, <\/span><\/span><\/a><a href=\"https:\/\/onderzoekschemicals.com\/is\/shop\/okategoriserad\/fentanyl-kopen\/\"><span dir=\"auto\" style=\"vertical-align: inherit;\"><span dir=\"auto\" style=\"vertical-align: inherit;\">kaupa fentan\u00fdl<\/span><\/span><\/a><\/p>","protected":false},"excerpt":{"rendered":"<h3><span data-sheets-value=\"{\" data-sheets-userformat=\"{\"><span dir=\"auto\" style=\"vertical-align: inherit;\"><span dir=\"auto\" style=\"vertical-align: inherit;\"><span dir=\"auto\" style=\"vertical-align: inherit;\"><span dir=\"auto\" style=\"vertical-align: inherit;\">Eiginleikar 5-MeO-DALT HCl<\/span><\/span><\/span><\/span><\/span><\/h3>\n<p><strong><span dir=\"auto\" style=\"vertical-align: inherit;\"><span dir=\"auto\" style=\"vertical-align: inherit;\"><span dir=\"auto\" style=\"vertical-align: inherit;\"><span dir=\"auto\" style=\"vertical-align: inherit;\">Samheiti:<\/span><\/span><\/span><\/span><\/strong><span dir=\"auto\" style=\"vertical-align: inherit;\"><span dir=\"auto\" style=\"vertical-align: inherit;\"><span dir=\"auto\" style=\"vertical-align: inherit;\"><span dir=\"auto\" style=\"vertical-align: inherit;\"> N,N-d\u00edall\u00fdl-5-metox\u00fd tryptam\u00edn <\/span><\/span><\/span><\/span><br \/>\n<strong><span dir=\"auto\" style=\"vertical-align: inherit;\"><span dir=\"auto\" style=\"vertical-align: inherit;\"><span dir=\"auto\" style=\"vertical-align: inherit;\"><span dir=\"auto\" style=\"vertical-align: inherit;\">CAS-n\u00famer:<\/span><\/span><\/span><\/span><\/strong><span dir=\"auto\" style=\"vertical-align: inherit;\"><span dir=\"auto\" style=\"vertical-align: inherit;\"><span dir=\"auto\" style=\"vertical-align: inherit;\"><span dir=\"auto\" style=\"vertical-align: inherit;\"> 928822-98-4 <\/span><\/span><\/span><\/span><br \/>\n<strong><span dir=\"auto\" style=\"vertical-align: inherit;\"><span dir=\"auto\" style=\"vertical-align: inherit;\"><span dir=\"auto\" style=\"vertical-align: inherit;\"><span dir=\"auto\" style=\"vertical-align: inherit;\">Form\u00fala: <\/span><\/span><\/span><\/span><\/strong> <span title=\"Kolefni\"><span dir=\"auto\" style=\"vertical-align: inherit;\"><span dir=\"auto\" style=\"vertical-align: inherit;\"><span dir=\"auto\" style=\"vertical-align: inherit;\"><span dir=\"auto\" style=\"vertical-align: inherit;\">C <\/span><\/span><\/span><\/span><\/span><sub><span dir=\"auto\" style=\"vertical-align: inherit;\"><span dir=\"auto\" style=\"vertical-align: inherit;\"><span dir=\"auto\" style=\"vertical-align: inherit;\"><span dir=\"auto\" style=\"vertical-align: inherit;\">17 <\/span><\/span><\/span><\/span><\/sub><span title=\"Vetni\"><span dir=\"auto\" style=\"vertical-align: inherit;\"><span dir=\"auto\" style=\"vertical-align: inherit;\"><span dir=\"auto\" style=\"vertical-align: inherit;\"><span dir=\"auto\" style=\"vertical-align: inherit;\">H <\/span><\/span><\/span><\/span><\/span><sub><span dir=\"auto\" style=\"vertical-align: inherit;\"><span dir=\"auto\" style=\"vertical-align: inherit;\"><span dir=\"auto\" style=\"vertical-align: inherit;\"><span dir=\"auto\" style=\"vertical-align: inherit;\">22 <\/span><\/span><\/span><\/span><\/sub><span title=\"K\u00f6fnunarefni\"><span dir=\"auto\" style=\"vertical-align: inherit;\"><span dir=\"auto\" style=\"vertical-align: inherit;\"><span dir=\"auto\" style=\"vertical-align: inherit;\"><span dir=\"auto\" style=\"vertical-align: inherit;\">N <\/span><\/span><\/span><\/span><\/span><sub><span dir=\"auto\" style=\"vertical-align: inherit;\"><span dir=\"auto\" style=\"vertical-align: inherit;\"><span dir=\"auto\" style=\"vertical-align: inherit;\"><span dir=\"auto\" style=\"vertical-align: inherit;\">2 <\/span><\/span><\/span><\/span><\/sub><span title=\"S\u00farefni\"><span dir=\"auto\" style=\"vertical-align: inherit;\"><span dir=\"auto\" style=\"vertical-align: inherit;\"><span dir=\"auto\" style=\"vertical-align: inherit;\"><span dir=\"auto\" style=\"vertical-align: inherit;\">\u00d3 <\/span><\/span><\/span><\/span><\/span><br \/>\n<strong><span dir=\"auto\" style=\"vertical-align: inherit;\"><span dir=\"auto\" style=\"vertical-align: inherit;\"><span dir=\"auto\" style=\"vertical-align: inherit;\"><span dir=\"auto\" style=\"vertical-align: inherit;\">M\u00f3lmassi:<\/span><\/span><\/span><\/span><\/strong><span dir=\"auto\" style=\"vertical-align: inherit;\"><span dir=\"auto\" style=\"vertical-align: inherit;\"><span dir=\"auto\" style=\"vertical-align: inherit;\"><span dir=\"auto\" style=\"vertical-align: inherit;\"> 270,376 g\/m\u00f3l <\/span><\/span><\/span><\/span><br \/>\n<strong><span dir=\"auto\" style=\"vertical-align: inherit;\"><span dir=\"auto\" style=\"vertical-align: inherit;\"><span dir=\"auto\" style=\"vertical-align: inherit;\"><span dir=\"auto\" style=\"vertical-align: inherit;\">Hreinleiki:<\/span><\/span><\/span><\/span><\/strong><span dir=\"auto\" style=\"vertical-align: inherit;\"><span dir=\"auto\" style=\"vertical-align: inherit;\"><span dir=\"auto\" style=\"vertical-align: inherit;\"><span dir=\"auto\" style=\"vertical-align: inherit;\"> &gt;97%<\/span><\/span><\/span><\/span><\/p>","protected":false},"featured_media":29268,"comment_status":"closed","ping_status":"closed","template":"","meta":[],"product_brand":[82],"product_cat":[455,381],"product_tag":[700,704,705,706,702,701,703,326],"class_list":{"0":"post-24605","1":"product","2":"type-product","3":"status-publish","4":"has-post-thumbnail","6":"product_brand-research-chemical","7":"product_cat-5-meo-dalt","8":"product_cat-tryptamines","9":"product_tag-5-meo-dalt","10":"product_tag-5-meo-dalt-cluster-headaches","11":"product_tag-5-meo-dalt-dosage","12":"product_tag-5-meo-dalt-effects","13":"product_tag-5-meo-dalt-ervaring","14":"product_tag-5-meo-dalt-hcl","15":"product_tag-5-meo-dalt-hcl-erowid","16":"product_tag-nl","18":"first","19":"instock","20":"taxable","21":"shipping-taxable","22":"purchasable","23":"product-type-variable"},"_links":{"self":[{"href":"https:\/\/onderzoekschemicals.com\/is\/wp-json\/wp\/v2\/product\/24605","targetHints":{"allow":["GET"]}}],"collection":[{"href":"https:\/\/onderzoekschemicals.com\/is\/wp-json\/wp\/v2\/product"}],"about":[{"href":"https:\/\/onderzoekschemicals.com\/is\/wp-json\/wp\/v2\/types\/product"}],"replies":[{"embeddable":true,"href":"https:\/\/onderzoekschemicals.com\/is\/wp-json\/wp\/v2\/comments?post=24605"}],"version-history":[{"count":7,"href":"https:\/\/onderzoekschemicals.com\/is\/wp-json\/wp\/v2\/product\/24605\/revisions"}],"predecessor-version":[{"id":28660,"href":"https:\/\/onderzoekschemicals.com\/is\/wp-json\/wp\/v2\/product\/24605\/revisions\/28660"}],"wp:featuredmedia":[{"embeddable":true,"href":"https:\/\/onderzoekschemicals.com\/is\/wp-json\/wp\/v2\/media\/29268"}],"wp:attachment":[{"href":"https:\/\/onderzoekschemicals.com\/is\/wp-json\/wp\/v2\/media?parent=24605"}],"wp:term":[{"taxonomy":"product_brand","embeddable":true,"href":"https:\/\/onderzoekschemicals.com\/is\/wp-json\/wp\/v2\/product_brand?post=24605"},{"taxonomy":"product_cat","embeddable":true,"href":"https:\/\/onderzoekschemicals.com\/is\/wp-json\/wp\/v2\/product_cat?post=24605"},{"taxonomy":"product_tag","embeddable":true,"href":"https:\/\/onderzoekschemicals.com\/is\/wp-json\/wp\/v2\/product_tag?post=24605"}],"curies":[{"name":"wp","href":"https:\/\/api.w.org\/{rel}","templated":true}]}}