{"id":24443,"date":"2025-10-20T17:41:44","date_gmt":"2025-10-20T17:41:44","guid":{"rendered":"https:\/\/onderzoekschemicals.com\/?post_type=product&#038;p=24443"},"modified":"2025-11-28T06:32:09","modified_gmt":"2025-11-28T06:32:09","slug":"ipph-25-mg-pellets","status":"publish","type":"product","link":"https:\/\/onderzoekschemicals.com\/is\/shop\/ipph\/ipph-25-mg-pellets\/","title":{"rendered":"\u00cds\u00f3pr\u00f3p\u00fdlfenidat (IPPH) 25 mg k\u00falur"},"content":{"rendered":"<h3 data-start=\"4132\" data-end=\"4153\"><strong data-start=\"4136\" data-end=\"4151\">Inngangur<\/strong><\/h3>\n<p data-start=\"4154\" data-end=\"4608\"><strong data-start=\"4154\" data-end=\"4195\">\u00cds\u00f3pr\u00f3p\u00fdlfenidat (IPPH) 25 mg k\u00falur<\/strong> innihalda <strong data-start=\"4205\" data-end=\"4242\">25 mg af \u00eds\u00f3pr\u00f3p\u00fdlfen\u00eddati af mikilli hreinleika<\/strong>, An <strong data-start=\"4248\" data-end=\"4272\">p\u00edperid\u00edn efnasamband<\/strong> sem tengist byggingarlega <strong data-start=\"4304\" data-end=\"4322\">met\u00fdlfen\u00eddat<\/strong> og <strong data-start=\"4326\" data-end=\"4343\">et\u00fdlfenidat<\/strong>.ipph\u00a0<br data-start=\"4344\" data-end=\"4347\" \/>Inni <strong data-start=\"4354\" data-end=\"4395\">taugaefnafr\u00e6\u00f0ilegar og greiningarranns\u00f3knir<\/strong> IPPH er nota\u00f0 sem <strong data-start=\"4420\" data-end=\"4473\">d\u00f3pam\u00edn og noradrenal\u00edn enduruppt\u00f6kuhemill hli\u00f0st\u00e6\u00f0ur<\/strong>\u00dea\u00f0 er nota\u00f0 \u00ed ranns\u00f3knum \u00e1 <strong data-start=\"4512\" data-end=\"4538\">m\u00f3n\u00f3am\u00edn flutningsa\u00f0ilar<\/strong>, <strong data-start=\"4540\" data-end=\"4582\">tengsl byggingar og virkni (SAR)<\/strong> og <strong data-start=\"4586\" data-end=\"4605\">vi\u00f0takabinding<\/strong>.<\/p>\n<p data-start=\"4610\" data-end=\"4786\">Hver pilla er framleidd me\u00f0 <strong data-start=\"4646\" data-end=\"4670\">hreinleiki \u2265 98%<\/strong>, pakka\u00f0 hver fyrir sig \u00ed <strong data-start=\"4699\" data-end=\"4715\">\u00feynnu\u00feynnu<\/strong> og hanna\u00f0 fyrir <strong data-start=\"4734\" data-end=\"4783\">n\u00e1kv\u00e6m sk\u00f6mmtun og efnafr\u00e6\u00f0ilegur st\u00f6\u00f0ugleiki<\/strong>.<\/p>\n<blockquote data-start=\"4788\" data-end=\"4934\">\n<p data-start=\"4790\" data-end=\"4934\">\u26a0\ufe0f <strong data-start=\"4793\" data-end=\"4804\">Athugi\u00f0:<\/strong> \u00deessi vara er eing\u00f6ngu \u00e6tlu\u00f0 fyrir <strong data-start=\"4845\" data-end=\"4880\">ranns\u00f3knir og greiningarnotkun<\/strong> \u2014 <strong data-start=\"4883\" data-end=\"4931\">ekki til manneldis e\u00f0a d\u00fdraneyslu<\/strong>.<\/p>\n<\/blockquote>\n<hr data-start=\"4936\" data-end=\"4939\" \/>\n<h3 data-start=\"4941\" data-end=\"4972\"><strong data-start=\"4945\" data-end=\"4972\">Lykilatri\u00f0i<\/strong><\/h3>\n<div class=\"_tableContainer_1rjym_1\">\n<div class=\"group _tableWrapper_1rjym_13 flex w-fit flex-col-reverse\" tabindex=\"-1\">\n<table class=\"w-fit min-w-(--thread-content-width)\" data-start=\"4974\" data-end=\"5527\">\n<thead data-start=\"4974\" data-end=\"5000\">\n<tr data-start=\"4974\" data-end=\"5000\">\n<th data-start=\"4974\" data-end=\"4984\" data-col-size=\"sm\">Eiginleiki<\/th>\n<th data-start=\"4984\" data-end=\"5000\" data-col-size=\"md\">L\u00fdsing<\/th>\n<\/tr>\n<\/thead>\n<tbody data-start=\"5029\" data-end=\"5527\">\n<tr data-start=\"5029\" data-end=\"5085\">\n<td data-start=\"5029\" data-end=\"5050\" data-col-size=\"sm\"><strong data-start=\"5031\" data-end=\"5049\">Efnaheiti<\/strong><\/td>\n<td data-start=\"5050\" data-end=\"5085\" data-col-size=\"md\">\u00cds\u00f3pr\u00f3p\u00fdlfenidat h\u00fddr\u00f3kl\u00f3r\u00ed\u00f0<\/td>\n<\/tr>\n<tr data-start=\"5086\" data-end=\"5119\">\n<td data-start=\"5086\" data-end=\"5111\" data-col-size=\"sm\"><strong data-start=\"5088\" data-end=\"5110\">Algengt heiti<\/strong><\/td>\n<td data-start=\"5111\" data-end=\"5119\" data-col-size=\"md\">IPPH<\/td>\n<\/tr>\n<tr data-start=\"5120\" data-end=\"5157\">\n<td data-start=\"5120\" data-end=\"5144\" data-col-size=\"sm\"><strong data-start=\"5122\" data-end=\"5143\">Efnaform\u00fala<\/strong><\/td>\n<td data-start=\"5144\" data-end=\"5157\" data-col-size=\"md\">C\u2081\u2085H\u2082\u2081NO\u2082<\/td>\n<\/tr>\n<tr data-start=\"5158\" data-end=\"5196\">\n<td data-start=\"5158\" data-end=\"5180\" data-col-size=\"sm\"><strong data-start=\"5160\" data-end=\"5179\">M\u00f3l\u00feungi<\/strong><\/td>\n<td data-start=\"5180\" data-end=\"5196\" data-col-size=\"md\">247,33 g\/m\u00f3l<\/td>\n<\/tr>\n<tr data-start=\"5197\" data-end=\"5231\">\n<td data-start=\"5197\" data-end=\"5212\" data-col-size=\"sm\"><strong data-start=\"5199\" data-end=\"5211\">Skammtar<\/strong><\/td>\n<td data-start=\"5212\" data-end=\"5231\" data-col-size=\"md\">25 mg \u00ed hverju k\u00falu<\/td>\n<\/tr>\n<tr data-start=\"5232\" data-end=\"5279\">\n<td data-start=\"5232\" data-end=\"5243\" data-col-size=\"sm\"><strong data-start=\"5234\" data-end=\"5242\">Ey\u00f0ubla\u00f0<\/strong><\/td>\n<td data-start=\"5243\" data-end=\"5279\" data-col-size=\"md\">Fast k\u00fala (\u00feynnupakkning)<\/td>\n<\/tr>\n<tr data-start=\"5280\" data-end=\"5331\">\n<td data-start=\"5280\" data-end=\"5297\" data-col-size=\"sm\"><strong data-start=\"5282\" data-end=\"5296\">Hreinleiki<\/strong><\/td>\n<td data-start=\"5297\" data-end=\"5331\" data-col-size=\"md\">\u2265 98% (pr\u00f3fa\u00f0 me\u00f0 HPLC og NMR)<\/td>\n<\/tr>\n<tr data-start=\"5332\" data-end=\"5397\">\n<td data-start=\"5332\" data-end=\"5355\" data-col-size=\"sm\"><strong data-start=\"5334\" data-end=\"5354\">Efnaflokkur<\/strong><\/td>\n<td data-start=\"5355\" data-end=\"5397\" data-col-size=\"md\">P\u00edperid\u00edn aflei\u00f0a \/ fen\u00eddat hli\u00f0st\u00e6\u00f0a<\/td>\n<\/tr>\n<tr data-start=\"5398\" data-end=\"5477\">\n<td data-start=\"5398\" data-end=\"5412\" data-col-size=\"sm\"><strong data-start=\"5400\" data-end=\"5411\">Notkun<\/strong><\/td>\n<td data-start=\"5412\" data-end=\"5477\" data-col-size=\"md\">A\u00f0eins fyrir greiningar-, r\u00e9ttarl\u00e6knisfr\u00e6\u00f0ilegar og taugaefnafr\u00e6\u00f0ilegar ranns\u00f3knir<\/td>\n<\/tr>\n<tr data-start=\"5478\" data-end=\"5527\">\n<td data-start=\"5478\" data-end=\"5495\" data-col-size=\"sm\"><strong data-start=\"5480\" data-end=\"5494\">Umb\u00fa\u00f0ir<\/strong><\/td>\n<td data-start=\"5495\" data-end=\"5527\" data-col-size=\"md\">\u00deynnupakkning me\u00f0 innsigli<\/td>\n<\/tr>\n<\/tbody>\n<\/table>\n<\/div>\n<\/div>\n<hr data-start=\"5529\" data-end=\"5532\" \/>\n<h3 data-start=\"5534\" data-end=\"5551\"><strong data-start=\"5538\" data-end=\"5551\">Kostir<\/strong><\/h3>\n<ul data-start=\"5553\" data-end=\"5952\">\n<li data-start=\"5553\" data-end=\"5645\">\n<p data-start=\"5555\" data-end=\"5645\"><strong data-start=\"5555\" data-end=\"5574\">Mikil hreinleiki<\/strong> \u2013 \u2265 98% ranns\u00f3knarstofug\u00e6\u00f0i fyrir \u00e1rei\u00f0anlegar ranns\u00f3knarni\u00f0urst\u00f6\u00f0ur.<\/p>\n<\/li>\n<li data-start=\"5646\" data-end=\"5719\">\n<p data-start=\"5648\" data-end=\"5719\"><strong data-start=\"5648\" data-end=\"5672\">N\u00e1kv\u00e6m skammtur<\/strong> \u2013 25 mg \u00ed hverju k\u00falu fyrir samr\u00e6mda greiningu.<\/p>\n<\/li>\n<li data-start=\"5720\" data-end=\"5794\">\n<p data-start=\"5722\" data-end=\"5794\"><strong data-start=\"5722\" data-end=\"5744\">\u00d6ruggar umb\u00fa\u00f0ir<\/strong> \u2013 Vernda\u00f0 gegn raka, lj\u00f3si og mengun.<\/p>\n<\/li>\n<li data-start=\"5795\" data-end=\"5863\">\n<p data-start=\"5797\" data-end=\"5863\"><strong data-start=\"5797\" data-end=\"5817\">V\u00ed\u00f0a vi\u00f0 h\u00e6fi<\/strong> \u2013 Hentar fyrir GC\/MS, LC-MS, FTIR og HPLC.<\/p>\n<\/li>\n<li data-start=\"5864\" data-end=\"5952\">\n<p data-start=\"5866\" data-end=\"5952\"><strong data-start=\"5866\" data-end=\"5893\">Sta\u00f0fest g\u00e6\u00f0i<\/strong> \u2013 Hver lota pr\u00f3fu\u00f0 og greiningarvottor\u00f0 fylgja.<\/p>\n<\/li>\n<\/ul>\n<hr data-start=\"5954\" data-end=\"5957\" \/>\n<h3 data-start=\"5959\" data-end=\"6011\"><strong data-start=\"5963\" data-end=\"6009\">Notkun (eing\u00f6ngu \u00ed ranns\u00f3knarskyni)<\/strong><\/h3>\n<ol data-start=\"6013\" data-end=\"6382\">\n<li data-start=\"6013\" data-end=\"6082\">\n<p data-start=\"6016\" data-end=\"6082\"><strong data-start=\"6016\" data-end=\"6031\">Me\u00f0h\u00f6ndlun:<\/strong> Noti\u00f0 hanska, \u00f6ryggisgleraugu og ranns\u00f3knarstofuslopp. ipph<\/p>\n<\/li>\n<li data-start=\"6083\" data-end=\"6180\">\n<p data-start=\"6086\" data-end=\"6180\"><strong data-start=\"6086\" data-end=\"6099\">M\u00e6lingar:<\/strong> Hvert pilla inniheldur n\u00e1kv\u00e6mlega 25 mg; breyti\u00f0 ekki utan ranns\u00f3knarstofuskilyr\u00f0a.<\/p>\n<\/li>\n<li data-start=\"6181\" data-end=\"6235\">\n<p data-start=\"6184\" data-end=\"6235\"><strong data-start=\"6184\" data-end=\"6195\">Geymsla:<\/strong> Geymi\u00f0 svalt (2\u20138\u00b0C), \u00feurrt og dimmt.<\/p>\n<\/li>\n<li data-start=\"6236\" data-end=\"6319\">\n<p data-start=\"6239\" data-end=\"6319\"><strong data-start=\"6239\" data-end=\"6251\">Greining:<\/strong> Hentar fyrir litskiljun, litr\u00f3fsgreiningu og vi\u00f0takaranns\u00f3knir.<\/p>\n<\/li>\n<li data-start=\"6320\" data-end=\"6382\">\n<p data-start=\"6323\" data-end=\"6382\"><strong data-start=\"6323\" data-end=\"6340\">Skj\u00f6lun:<\/strong> Skr\u00e1i\u00f0 lotun\u00famer og greiningara\u00f0fer\u00f0ir.<\/p>\n<\/li>\n<\/ol>\n<hr data-start=\"6384\" data-end=\"6387\" \/>\n<h3 data-start=\"6389\" data-end=\"6424\"><strong data-start=\"6393\" data-end=\"6422\">Algengar spurningar (FAQ)<\/strong><\/h3>\n<p data-start=\"6426\" data-end=\"6627\"><strong data-start=\"6426\" data-end=\"6465\">1. Hva\u00f0 er \u00eds\u00f3pr\u00f3p\u00fdlfenidat (IPPH)?<\/strong><br data-start=\"6465\" data-end=\"6468\" \/><strong data-start=\"6468\" data-end=\"6489\">\u00cds\u00f3pr\u00f3p\u00fdlfenidat<\/strong> er <strong data-start=\"6497\" data-end=\"6521\">p\u00edperid\u00edn efnasamband<\/strong> tengist met\u00fdlfenidati og er nota\u00f0 \u00ed ranns\u00f3knum \u00e1 d\u00f3pam\u00edn- og noradrenal\u00ednflutningspr\u00f3teinum.<\/p>\n<p data-start=\"6629\" data-end=\"6794\"><strong data-start=\"6629\" data-end=\"6679\">2. Til hvers eru IPPH 25 mg k\u00falur nota\u00f0ar?<\/strong><br data-start=\"6679\" data-end=\"6682\" \/>Pelleturnar eru nota\u00f0ar til <strong data-start=\"6714\" data-end=\"6752\">greiningar- og r\u00e9ttarranns\u00f3knir<\/strong>, svo sem litskiljun og litr\u00f3fsgreiningu.<\/p>\n<p data-start=\"6796\" data-end=\"6987\"><strong data-start=\"6796\" data-end=\"6834\">3. Er l\u00f6glegt a\u00f0 kaupa IPPH?<\/strong><br data-start=\"6834\" data-end=\"6837\" \/>Hinn <strong data-start=\"6840\" data-end=\"6863\">l\u00f6gm\u00e6ti IPPH<\/strong> er mismunandi eftir l\u00f6ndum. \u00cd sumum l\u00f6ndum er \u00feetta regluger\u00f0arbundi\u00f0. Athugi\u00f0 alltaf gildandi l\u00f6g \u00e1\u00f0ur en \u00fei\u00f0 noti\u00f0 \u00fea\u00f0. <strong data-start=\"6970\" data-end=\"6984\">IPPH kaupir<\/strong>.<\/p>","protected":false},"excerpt":{"rendered":"<p>Introductie Isopropylfenidaat (IPPH) 25mg Pellets bevatten 25mg hoogzuiver Isopropylfenidaat, een piperidineverbinding die structureel verwant is aan methylfenidaat en ethylfenidaat. ipph\u00a0Binnen<\/p>","protected":false},"featured_media":29358,"comment_status":"closed","ping_status":"closed","template":"","meta":[],"product_brand":[82],"product_cat":[461,462,336,324],"product_tag":[596,928,595,326],"class_list":{"0":"post-24443","1":"product","2":"type-product","3":"status-publish","4":"has-post-thumbnail","6":"product_brand-research-chemical","7":"product_cat-ipph","8":"product_cat-ipph-pellets","9":"product_cat-overig","10":"product_cat-pellets-for-pellet","11":"product_tag-ipph","12":"product_tag-ipph-kopen","13":"product_tag-isopropylphenidate","14":"product_tag-nl","16":"first","17":"instock","18":"taxable","19":"shipping-taxable","20":"purchasable","21":"product-type-variable"},"_links":{"self":[{"href":"https:\/\/onderzoekschemicals.com\/is\/wp-json\/wp\/v2\/product\/24443","targetHints":{"allow":["GET"]}}],"collection":[{"href":"https:\/\/onderzoekschemicals.com\/is\/wp-json\/wp\/v2\/product"}],"about":[{"href":"https:\/\/onderzoekschemicals.com\/is\/wp-json\/wp\/v2\/types\/product"}],"replies":[{"embeddable":true,"href":"https:\/\/onderzoekschemicals.com\/is\/wp-json\/wp\/v2\/comments?post=24443"}],"version-history":[{"count":5,"href":"https:\/\/onderzoekschemicals.com\/is\/wp-json\/wp\/v2\/product\/24443\/revisions"}],"predecessor-version":[{"id":27791,"href":"https:\/\/onderzoekschemicals.com\/is\/wp-json\/wp\/v2\/product\/24443\/revisions\/27791"}],"wp:featuredmedia":[{"embeddable":true,"href":"https:\/\/onderzoekschemicals.com\/is\/wp-json\/wp\/v2\/media\/29358"}],"wp:attachment":[{"href":"https:\/\/onderzoekschemicals.com\/is\/wp-json\/wp\/v2\/media?parent=24443"}],"wp:term":[{"taxonomy":"product_brand","embeddable":true,"href":"https:\/\/onderzoekschemicals.com\/is\/wp-json\/wp\/v2\/product_brand?post=24443"},{"taxonomy":"product_cat","embeddable":true,"href":"https:\/\/onderzoekschemicals.com\/is\/wp-json\/wp\/v2\/product_cat?post=24443"},{"taxonomy":"product_tag","embeddable":true,"href":"https:\/\/onderzoekschemicals.com\/is\/wp-json\/wp\/v2\/product_tag?post=24443"}],"curies":[{"name":"wp","href":"https:\/\/api.w.org\/{rel}","templated":true}]}}